{"id":10294,"date":"2025-12-15T15:45:37","date_gmt":"2025-12-15T15:45:37","guid":{"rendered":"https:\/\/preprod.sts-education.com\/allgemeines\/"},"modified":"2026-04-01T02:34:40","modified_gmt":"2026-04-01T02:34:40","slug":"allgemeines","status":"publish","type":"page","link":"https:\/\/www.sts-education.com\/de-at\/allgemeines\/","title":{"rendered":"Allgemeines"},"content":{"rendered":"\n<div class=\"wp-block-sts-text sts-text-editor has-max-width-md\"><div class=\"sts-text-editor__content\"><div class=\"sts-text-editor__content-inner\">\n<h1>Allgemeines<\/h1>\n<\/div><\/div><\/div>\n\n\n\n<div class=\"wp-block-sts-text sts-text-editor has-max-width-md\"><div class=\"sts-text-editor__content\"><div class=\"sts-text-editor__content-inner\">\n<p>Wir von STS m\u00f6chten, dass du dich sicher bei uns f\u00fchlst. Hier findest du weitere wichtige Informationen \u00fcber unsere AGB&#8217;s, Cookies und Integrit\u00e4tspolitik.<\/p>\n\n<ul><li><a>Allgemeine Gesch\u00e4ftsbedingungen<\/a><\/li>\n<li><a>Integrit\u00e4tspolitik<\/a><\/li>\n<li><a>Cookies<\/a><\/li><\/ul>\n<\/div><\/div><\/div>\n\n","protected":false},"excerpt":{"rendered":"","protected":false},"author":20,"featured_media":0,"parent":0,"menu_order":0,"comment_status":"closed","ping_status":"closed","template":"templates\/template-default-with-breadcrumbs.php","meta":{"_acf_changed":false,"sts_page_background_color":"","footnotes":""},"wpw_page_folders":[95],"class_list":["post-10294","page","type-page","status-publish","hentry"],"acf":[],"yoast_head":"<!-- This site is optimized with the Yoast SEO Premium plugin v27.2 (Yoast SEO v27.2) - https:\/\/yoast.com\/product\/yoast-seo-premium-wordpress\/ -->\n<title>Allgemeines<\/title>\n<meta name=\"robots\" content=\"index, follow, max-snippet:-1, max-image-preview:large, max-video-preview:-1\" \/>\n<link rel=\"canonical\" href=\"https:\/\/www.sts-education.com\/de-at\/allgemeines\/\" \/>\n<meta property=\"og:locale\" content=\"de_DE\" \/>\n<meta property=\"og:type\" content=\"article\" \/>\n<meta property=\"og:title\" content=\"Allgemeines\" \/>\n<meta property=\"og:url\" content=\"https:\/\/www.sts-education.com\/de-at\/allgemeines\/\" \/>\n<meta property=\"og:site_name\" content=\"STS Education\" \/>\n<meta property=\"article:modified_time\" content=\"2026-04-01T02:34:40+00:00\" \/>\n<meta name=\"twitter:card\" content=\"summary_large_image\" \/>\n<script type=\"application\/ld+json\" class=\"yoast-schema-graph\">{\"@context\":\"https:\/\/schema.org\",\"@graph\":[{\"@type\":\"WebPage\",\"@id\":\"https:\/\/www.sts-education.com\/de-at\/allgemeines\/\",\"url\":\"https:\/\/www.sts-education.com\/de-at\/allgemeines\/\",\"name\":\"Allgemeines\",\"isPartOf\":{\"@id\":\"https:\/\/www.sts-education.com\/de-at\/#website\"},\"datePublished\":\"2025-12-15T15:45:37+00:00\",\"dateModified\":\"2026-04-01T02:34:40+00:00\",\"breadcrumb\":{\"@id\":\"https:\/\/www.sts-education.com\/de-at\/allgemeines\/#breadcrumb\"},\"inLanguage\":\"de-AT\",\"potentialAction\":[{\"@type\":\"ReadAction\",\"target\":[\"https:\/\/www.sts-education.com\/de-at\/allgemeines\/\"]}]},{\"@type\":\"BreadcrumbList\",\"@id\":\"https:\/\/www.sts-education.com\/de-at\/allgemeines\/#breadcrumb\",\"itemListElement\":[{\"@type\":\"ListItem\",\"position\":1,\"name\":\"Home\",\"item\":\"https:\/\/www.sts-education.com\/de-at\/sample-page\/\"},{\"@type\":\"ListItem\",\"position\":2,\"name\":\"Allgemeines\"}]},{\"@type\":\"WebSite\",\"@id\":\"https:\/\/www.sts-education.com\/de-at\/#website\",\"url\":\"https:\/\/www.sts-education.com\/de-at\/\",\"name\":\"STS Education\",\"description\":\"\",\"potentialAction\":[{\"@type\":\"SearchAction\",\"target\":{\"@type\":\"EntryPoint\",\"urlTemplate\":\"https:\/\/www.sts-education.com\/de-at\/?s={search_term_string}\"},\"query-input\":{\"@type\":\"PropertyValueSpecification\",\"valueRequired\":true,\"valueName\":\"search_term_string\"}}],\"inLanguage\":\"de-AT\"}]}<\/script>\n<!-- \/ Yoast SEO Premium plugin. -->","yoast_head_json":{"title":"Allgemeines","robots":{"index":"index","follow":"follow","max-snippet":"max-snippet:-1","max-image-preview":"max-image-preview:large","max-video-preview":"max-video-preview:-1"},"canonical":"https:\/\/www.sts-education.com\/de-at\/allgemeines\/","og_locale":"de_DE","og_type":"article","og_title":"Allgemeines","og_url":"https:\/\/www.sts-education.com\/de-at\/allgemeines\/","og_site_name":"STS Education","article_modified_time":"2026-04-01T02:34:40+00:00","twitter_card":"summary_large_image","schema":{"@context":"https:\/\/schema.org","@graph":[{"@type":"WebPage","@id":"https:\/\/www.sts-education.com\/de-at\/allgemeines\/","url":"https:\/\/www.sts-education.com\/de-at\/allgemeines\/","name":"Allgemeines","isPartOf":{"@id":"https:\/\/www.sts-education.com\/de-at\/#website"},"datePublished":"2025-12-15T15:45:37+00:00","dateModified":"2026-04-01T02:34:40+00:00","breadcrumb":{"@id":"https:\/\/www.sts-education.com\/de-at\/allgemeines\/#breadcrumb"},"inLanguage":"de-AT","potentialAction":[{"@type":"ReadAction","target":["https:\/\/www.sts-education.com\/de-at\/allgemeines\/"]}]},{"@type":"BreadcrumbList","@id":"https:\/\/www.sts-education.com\/de-at\/allgemeines\/#breadcrumb","itemListElement":[{"@type":"ListItem","position":1,"name":"Home","item":"https:\/\/www.sts-education.com\/de-at\/sample-page\/"},{"@type":"ListItem","position":2,"name":"Allgemeines"}]},{"@type":"WebSite","@id":"https:\/\/www.sts-education.com\/de-at\/#website","url":"https:\/\/www.sts-education.com\/de-at\/","name":"STS Education","description":"","potentialAction":[{"@type":"SearchAction","target":{"@type":"EntryPoint","urlTemplate":"https:\/\/www.sts-education.com\/de-at\/?s={search_term_string}"},"query-input":{"@type":"PropertyValueSpecification","valueRequired":true,"valueName":"search_term_string"}}],"inLanguage":"de-AT"}]}},"_links":{"self":[{"href":"https:\/\/www.sts-education.com\/de-at\/wp-json\/wp\/v2\/pages\/10294","targetHints":{"allow":["GET"]}}],"collection":[{"href":"https:\/\/www.sts-education.com\/de-at\/wp-json\/wp\/v2\/pages"}],"about":[{"href":"https:\/\/www.sts-education.com\/de-at\/wp-json\/wp\/v2\/types\/page"}],"author":[{"embeddable":true,"href":"https:\/\/www.sts-education.com\/de-at\/wp-json\/wp\/v2\/users\/20"}],"replies":[{"embeddable":true,"href":"https:\/\/www.sts-education.com\/de-at\/wp-json\/wp\/v2\/comments?post=10294"}],"version-history":[{"count":2,"href":"https:\/\/www.sts-education.com\/de-at\/wp-json\/wp\/v2\/pages\/10294\/revisions"}],"predecessor-version":[{"id":20389,"href":"https:\/\/www.sts-education.com\/de-at\/wp-json\/wp\/v2\/pages\/10294\/revisions\/20389"}],"wp:attachment":[{"href":"https:\/\/www.sts-education.com\/de-at\/wp-json\/wp\/v2\/media?parent=10294"}],"wp:term":[{"taxonomy":"wpw_page_folders","embeddable":true,"href":"https:\/\/www.sts-education.com\/de-at\/wp-json\/wp\/v2\/wpw_page_folders?post=10294"}],"curies":[{"name":"wp","href":"https:\/\/api.w.org\/{rel}","templated":true}]}}