{"id":10295,"date":"2025-12-16T10:21:48","date_gmt":"2025-12-16T10:21:48","guid":{"rendered":"https:\/\/preprod.sts-education.com\/ueber-sts\/"},"modified":"2026-04-15T14:11:21","modified_gmt":"2026-04-15T14:11:21","slug":"ueber-sts","status":"publish","type":"page","link":"https:\/\/www.sts-education.com\/de-at\/ueber-sts\/","title":{"rendered":"Ueber Sts"},"content":{"rendered":"\n<section class=\"wp-block-sts-hero sts-block-hero sts-block-hero is-variant-full-background has-text-light has-background-media\" style=\"--sts-hero-padding-mobile:0px;--sts-hero-padding-desktop:0px;--sts-hero-text-color:var(--wp--preset--color--base-10, #fff)\" data-variant=\"full-background\"><div class=\"sts-block-hero__background\"><picture class=\"sts-responsive-image has-pos-center is-skeleton\"><img src=\"https:\/\/cdn.sts-education.com\/11482_hero_lg_xl.jpg\" alt=\"Wir sind STS Education\" loading=\"lazy\" decoding=\"async\" fetchpriority=\"low\" sizes=\"(max-width: 640px) max(100vw, calc(clamp(320px, 100vh, 720px) * 9 \/ 16)), (max-width: 840px) max(100vw, calc(clamp(320px, 100vh, 720px) * 1 \/ 1)), max(100vw, calc(clamp(320px, 100vh, 720px) * 16 \/ 9))\" style=\"object-position:center\"\/><\/picture><span class=\"sts-block-hero__overlay\" aria-hidden=\"true\"><\/span><\/div><div class=\"sts-block-hero__inner\"><div class=\"sts-block-hero__content has-align-center\"><div class=\"sts-block-hero__content-inner\"><h1 class=\"sts-block-hero__heading\">Wir sind STS Education<\/h1><\/div><\/div><\/div><\/section>\n\n\n\n<div class=\"wp-block-sts-text sts-text-editor has-max-width-md\"><div class=\"sts-text-editor__content\"><div class=\"sts-text-editor__content-inner\">\n<p>1958 organisierten wir die erste Sprachreise der Welt. Das war die Geburtsstunde einer v\u00f6llig neuen Art von Jugendreisen. Seitdem haben mehr als 1.200.000 Sch\u00fcler mit uns die Welt entdeckt, neue Sprachen gelernt, haben sich in neue Kulturen eingelebt und ihre Pers\u00f6nlichkeit entwickelt.<\/p>\n<p>STS steht f\u00fcr Student Travel Schools und ist eine weltweit f\u00fchrende Austauschorganisation f\u00fcr High School-Programme. Wir haben Niederlassungen in verschiedenen L\u00e4ndern auf drei Kontinenten und unser globales Netzwerk von erstklassigen Schulen, herzlichen Gastfamilien, fantastischen internationalen Kollegen und professionellen Partnern w\u00e4chst t\u00e4glich. Wir bleiben immer am Puls der Zeit und ber\u00fccksichtigen die W\u00fcnschen unserer Sch\u00fcler, damit eure Erfahrungen noch unvergesslicher werden.<\/p>\n<p>Deshalb entwickeln wir unsere Programme kontinuierlich weiter, machen sie flexibler und reagieren auf die Nachfrage nach neuen Programml\u00e4ndern. In einer Welt, die sich immer schneller ver\u00e4ndert, geben wir jungen Menschen die Chance, durch Bildung und kulturellen Austausch zu wachsen. Unsere Programme ermutigen Teenager dazu, ihre globale Perspektive zu erweitern, ihr Verst\u00e4ndnis f\u00fcr andere Kulturen zu st\u00e4rken und Br\u00fccken zu bauen.<\/p>\n<p>STS Education geh\u00f6rt seit 2024 zur Educatius-Gruppe.<\/p>\n<h2>Vision und Mission<\/h2>\n<p>Bei STS Education erm\u00f6glichen wir jungen Menschen, ihr volles Potential zu erreichen. Wir schaffen R\u00e4ume f\u00fcr den Austausch von Ideen und Werten, f\u00f6rdern Freundschaften \u00fcber Landesgrenzen hinweg und tragen zur pers\u00f6nlichen, sozialen und kulturellen Entwicklung bei.<\/p>\n<p><strong>STS vision:<\/strong><br \/>To empower young people to reach their full potential through international education and cultural exchange while contributing to global understanding.<\/p>\n<p><strong>STS mission:<\/strong><br \/>Through high-quality programs, personalized service, and extensive experience, STS Education aims to be the top choice for young people and their parents seeking international education and cultural exchange.<\/p>\n<\/div><\/div><\/div>\n\n\n\n<section class=\"wp-block-sts-video sts-block-video sts-block-video--landscape has-max-width-lg\"><div class=\"sts-video sts-video--landscape\"><div class=\"sts-video__handler\"><button type=\"button\" class=\"sts-video__play-button\" aria-label=\"Play video\" aria-pressed=\"false\" data-playing=\"false\"><span class=\"sts-video__play-icon\"><img decoding=\"async\" class=\"play-icon\" src=\"data:image\/svg+xml,%3csvg%20width='32'%20height='32'%20viewBox='0%200%2032%2032'%20fill='none'%20xmlns='http:\/\/www.w3.org\/2000\/svg'%3e%3cmask%20id='mask0_2459_8201'%20style='mask-type:alpha'%20maskUnits='userSpaceOnUse'%20x='0'%20y='0'%20width='32'%20height='32'%3e%3crect%20width='32'%20height='32'%20fill='%23D9D9D9'\/%3e%3c\/mask%3e%3cg%20mask='url(%23mask0_2459_8201)'%3e%3cpath%20d='M10.667%2022.8999V9.09993C10.667%208.72216%2010.8003%208.40549%2011.067%208.14993C11.3337%207.89438%2011.6448%207.7666%2012.0003%207.7666C12.1114%207.7666%2012.2281%207.78327%2012.3503%207.8166C12.4725%207.84993%2012.5892%207.89993%2012.7003%207.9666L23.567%2014.8666C23.767%2014.9999%2023.917%2015.1666%2024.017%2015.3666C24.117%2015.5666%2024.167%2015.7777%2024.167%2015.9999C24.167%2016.2222%2024.117%2016.4333%2024.017%2016.6333C23.917%2016.8333%2023.767%2016.9999%2023.567%2017.1333L12.7003%2024.0333C12.5892%2024.0999%2012.4725%2024.1499%2012.3503%2024.1833C12.2281%2024.2166%2012.1114%2024.2333%2012.0003%2024.2333C11.6448%2024.2333%2011.3337%2024.1055%2011.067%2023.8499C10.8003%2023.5944%2010.667%2023.2777%2010.667%2022.8999Z'%20fill='black'\/%3e%3c\/g%3e%3c\/svg%3e\" alt=\"\" aria-hidden=\"true\"\/><img decoding=\"async\" class=\"pause-icon\" src=\"data:image\/svg+xml,%3csvg%20width='32'%20height='32'%20viewBox='0%200%2032%2032'%20fill='none'%20xmlns='http:\/\/www.w3.org\/2000\/svg'%3e%3cmask%20id='mask0_pause'%20style='mask-type:alpha'%20maskUnits='userSpaceOnUse'%20x='0'%20y='0'%20width='32'%20height='32'%3e%3crect%20width='32'%20height='32'%20fill='%23D9D9D9'\/%3e%3c\/mask%3e%3cg%20mask='url(%23mask0_pause)'%3e%3c!--%20Left%20bar%20--%3e%3crect%20x='10'%20y='8'%20width='4'%20height='16'%20rx='1'%20fill='black'\/%3e%3c!--%20Right%20bar%20--%3e%3crect%20x='18'%20y='8'%20width='4'%20height='16'%20rx='1'%20fill='black'\/%3e%3c\/g%3e%3c\/svg%3e\" alt=\"\" aria-hidden=\"true\"\/><\/span><\/button><strong class=\"sts-video__duration\" data-duration-prefix=\"Video duration:\" data-unit-second=\"second\" data-unit-seconds=\"seconds\" data-unit-minute=\"minute\" data-unit-minutes=\"minutes\" aria-label=\"Video duration: 1 minute\">1 min<\/strong><\/div><div class=\"sts-video__media\" data-video-source=\"youtube\" data-video-url=\"\"><div class=\"sts-video__external-shell\" data-embed-url=\"https:\/\/www.youtube.com\/embed\/APzP1l6I8Bs?rel=0&amp;controls=1&amp;modestbranding=1&amp;playsinline=1&amp;enablejsapi=1&amp;autoplay=0&amp;origin=https%3A%2F%2Fwww.sts-education.com\"><iframe class=\"sts-video__iframe\" src=\"https:\/\/www.youtube.com\/embed\/APzP1l6I8Bs?rel=0&amp;controls=1&amp;modestbranding=1&amp;playsinline=1&amp;enablejsapi=1&amp;autoplay=0&amp;origin=https%3A%2F%2Fwww.sts-education.com\" title=\"Video poster\nheading\" allow=\"autoplay; fullscreen\" allowfullscreen loading=\"lazy\" data-provider=\"youtube\" data-embed-url=\"https:\/\/www.youtube.com\/embed\/APzP1l6I8Bs?rel=0&amp;controls=1&amp;modestbranding=1&amp;playsinline=1&amp;enablejsapi=1&amp;autoplay=0&amp;origin=https%3A%2F%2Fwww.sts-education.com\"><\/iframe><\/div><\/div><\/div><\/section>\n\n\n\n<div class=\"wp-block-sts-text sts-text-editor has-max-width-md\"><div class=\"sts-text-editor__content\"><div class=\"sts-text-editor__content-inner\">\n<h2>STS G\u00fctesiegel und Mitgliedschaften<\/h2>\n<p>Unsere Schulen und Programme sind von international anerkannten Organisationen zertifiziert. Diese G\u00fctesiegel garantieren die Qualit\u00e4tsstandards unserer Programme in Bezug auf Management, Ausstattung, Umfeld, Lehre, Betreuung und Wohlergehen der Sch\u00fcler. STS ist Mitglied verschiedener Reise- und Bildungsverb\u00e4nde. So greifen wir in unserer Branche auf ein verl\u00e4ssliches Partnernetzwerk zur\u00fcck.<\/p>\n<\/div><\/div><\/div>\n\n\n\n<figure class=\"wp-block-sts-image sts-block-image sts-block-image--count-1 has-max-width-md\" data-count=\"1\"><div class=\"sts-block-image__grid\"><div class=\"sts-block-image__item\"><picture class=\"sts-responsive-image has-fit-cover has-pos-top is-skeleton\"><source media=\"(max-width: 834.98px)\" srcset=\"https:\/\/powered-by.qbank.se\/educatius\/sts\/84907537aa411c5ffcc37be1d18f2a7b_1-1-thumb.webp 150w, https:\/\/powered-by.qbank.se\/educatius\/sts\/84907537aa411c5ffcc37be1d18f2a7b_1-1-xsmall.webp 500w, https:\/\/powered-by.qbank.se\/educatius\/sts\/84907537aa411c5ffcc37be1d18f2a7b_1-1-small.webp 800w, https:\/\/powered-by.qbank.se\/educatius\/sts\/84907537aa411c5ffcc37be1d18f2a7b_1-1-medium.webp 1024w, https:\/\/powered-by.qbank.se\/educatius\/sts\/84907537aa411c5ffcc37be1d18f2a7b_1-1-large.webp 1536w\" sizes=\"(max-width: 736px) 100vw, 736px\" type=\"image\/webp\"\/><source media=\"(min-width: 835px)\" srcset=\"https:\/\/powered-by.qbank.se\/educatius\/sts\/84907537aa411c5ffcc37be1d18f2a7b_1-1-thumb.webp 150w, https:\/\/powered-by.qbank.se\/educatius\/sts\/84907537aa411c5ffcc37be1d18f2a7b_1-1-xsmall.webp 500w, https:\/\/powered-by.qbank.se\/educatius\/sts\/84907537aa411c5ffcc37be1d18f2a7b_1-1-small.webp 800w, https:\/\/powered-by.qbank.se\/educatius\/sts\/84907537aa411c5ffcc37be1d18f2a7b_1-1-medium.webp 1024w, https:\/\/powered-by.qbank.se\/educatius\/sts\/84907537aa411c5ffcc37be1d18f2a7b_1-1-large.webp 1536w\" sizes=\"(max-width: 736px) 100vw, 736px\" type=\"image\/webp\"\/><img src=\"https:\/\/powered-by.qbank.se\/educatius\/sts\/84907537aa411c5ffcc37be1d18f2a7b_1-1-thumb.webp\" alt=\"Alliance\" loading=\"lazy\" decoding=\"async\" fetchpriority=\"low\" style=\"object-position:top\"\/><\/picture><\/div><\/div><\/figure>\n\n\n\n<div class=\"wp-block-sts-text sts-text-editor has-max-width-md\"><div class=\"sts-text-editor__content\"><div class=\"sts-text-editor__content-inner\">\n<h3>Alliance<\/h3>\n<p>Das B\u00fcndnis Alliance f\u00fcr internationalen Bildungs- und Kulturaustausch dient als kollektive Stimme der \u00f6ffentlichen Ordnung der internationalen Bildungs- und Kulturaustauschgemeinschaft in den USA.<br \/><a href=\"http:\/\/www.alliance-exchange.org\" target=\"_blank\" rel=\"noopener noreferrer\">www.alliance-exchange.org<\/a><\/p>\n<\/div><\/div><\/div>\n\n\n\n<figure class=\"wp-block-sts-image sts-block-image sts-block-image--count-1 has-max-width-md\" data-count=\"1\"><div class=\"sts-block-image__grid\"><div class=\"sts-block-image__item\"><picture class=\"sts-responsive-image has-fit-cover has-pos-top is-skeleton\"><source media=\"(max-width: 834.98px)\" srcset=\"https:\/\/powered-by.qbank.se\/educatius\/sts\/26c853b77628776cfc7fef95d38a7bbd_1-1-thumb.webp 150w, https:\/\/powered-by.qbank.se\/educatius\/sts\/26c853b77628776cfc7fef95d38a7bbd_1-1-xsmall.webp 500w, https:\/\/powered-by.qbank.se\/educatius\/sts\/26c853b77628776cfc7fef95d38a7bbd_1-1-small.webp 800w, https:\/\/powered-by.qbank.se\/educatius\/sts\/26c853b77628776cfc7fef95d38a7bbd_1-1-medium.webp 1024w, https:\/\/powered-by.qbank.se\/educatius\/sts\/26c853b77628776cfc7fef95d38a7bbd_1-1-large.webp 1536w\" sizes=\"(max-width: 736px) 100vw, 736px\" type=\"image\/webp\"\/><source media=\"(min-width: 835px)\" srcset=\"https:\/\/powered-by.qbank.se\/educatius\/sts\/26c853b77628776cfc7fef95d38a7bbd_1-1-thumb.webp 150w, https:\/\/powered-by.qbank.se\/educatius\/sts\/26c853b77628776cfc7fef95d38a7bbd_1-1-xsmall.webp 500w, https:\/\/powered-by.qbank.se\/educatius\/sts\/26c853b77628776cfc7fef95d38a7bbd_1-1-small.webp 800w, https:\/\/powered-by.qbank.se\/educatius\/sts\/26c853b77628776cfc7fef95d38a7bbd_1-1-medium.webp 1024w, https:\/\/powered-by.qbank.se\/educatius\/sts\/26c853b77628776cfc7fef95d38a7bbd_1-1-large.webp 1536w\" sizes=\"(max-width: 736px) 100vw, 736px\" type=\"image\/webp\"\/><img src=\"https:\/\/powered-by.qbank.se\/educatius\/sts\/26c853b77628776cfc7fef95d38a7bbd_1-1-thumb.webp\" alt=\"CSIET\" loading=\"lazy\" decoding=\"async\" fetchpriority=\"low\" style=\"object-position:top\"\/><\/picture><\/div><\/div><\/figure>\n\n\n\n<div class=\"wp-block-sts-text sts-text-editor has-max-width-md\"><div class=\"sts-text-editor__content\"><div class=\"sts-text-editor__content-inner\">\n<h3>CSIET<\/h3>\n<p>Der Council on Standards for International Educational Travel (CSIET) ist eine Nonprofit-Organisation, die die Qualit\u00e4t internationaler Bildungsreisen und von Sch\u00fcleraustauschprogrammen \u00fcberpr\u00fcft. STS ist seit vielen Jahren Mitglied.<br \/><a href=\"http:\/\/www.csiet.org\" target=\"_blank\" rel=\"noopener noreferrer\">www.csiet.org<\/a><\/p>\n<\/div><\/div><\/div>\n\n\n\n<figure class=\"wp-block-sts-image sts-block-image sts-block-image--count-1 has-max-width-md\" data-count=\"1\"><div class=\"sts-block-image__grid\"><div class=\"sts-block-image__item\"><picture class=\"sts-responsive-image has-fit-cover has-pos-top is-skeleton\"><source media=\"(max-width: 834.98px)\" srcset=\"https:\/\/powered-by.qbank.se\/educatius\/sts\/209ed5567b7de8d810127caad4f2eeb9_1-1-thumb.webp 150w, https:\/\/powered-by.qbank.se\/educatius\/sts\/209ed5567b7de8d810127caad4f2eeb9_1-1-xsmall.webp 500w, https:\/\/powered-by.qbank.se\/educatius\/sts\/209ed5567b7de8d810127caad4f2eeb9_1-1-small.webp 800w, https:\/\/powered-by.qbank.se\/educatius\/sts\/209ed5567b7de8d810127caad4f2eeb9_1-1-medium.webp 1024w, https:\/\/powered-by.qbank.se\/educatius\/sts\/209ed5567b7de8d810127caad4f2eeb9_1-1-large.webp 1536w\" sizes=\"(max-width: 736px) 100vw, 736px\" type=\"image\/webp\"\/><source media=\"(min-width: 835px)\" srcset=\"https:\/\/powered-by.qbank.se\/educatius\/sts\/209ed5567b7de8d810127caad4f2eeb9_1-1-thumb.webp 150w, https:\/\/powered-by.qbank.se\/educatius\/sts\/209ed5567b7de8d810127caad4f2eeb9_1-1-xsmall.webp 500w, https:\/\/powered-by.qbank.se\/educatius\/sts\/209ed5567b7de8d810127caad4f2eeb9_1-1-small.webp 800w, https:\/\/powered-by.qbank.se\/educatius\/sts\/209ed5567b7de8d810127caad4f2eeb9_1-1-medium.webp 1024w, https:\/\/powered-by.qbank.se\/educatius\/sts\/209ed5567b7de8d810127caad4f2eeb9_1-1-large.webp 1536w\" sizes=\"(max-width: 736px) 100vw, 736px\" type=\"image\/webp\"\/><img src=\"https:\/\/powered-by.qbank.se\/educatius\/sts\/209ed5567b7de8d810127caad4f2eeb9_1-1-thumb.webp\" alt=\"NZCIE\" loading=\"lazy\" decoding=\"async\" fetchpriority=\"low\" style=\"object-position:top\"\/><\/picture><\/div><\/div><\/figure>\n\n\n\n<div class=\"wp-block-sts-text sts-text-editor has-max-width-md\"><div class=\"sts-text-editor__content\"><div class=\"sts-text-editor__content-inner\">\n<h3>NZCIE<\/h3>\n<p>STS ist Gr\u00fcndungsmitglied des New Zealand Council for Intercultural Education. Ziel des NZCIE ist es, internationalen Frieden, Verst\u00e4ndigung und Freundschaft voranzubringen, indem Sch\u00fcler das Leben in einem anderen Land kennenlernen und dadurch wichtige F\u00e4higkeiten f\u00fcr eine global verflochtene und kulturell vielf\u00e4ltige Welt entwickeln. Als Mitglieder im NZCIE sind nur Austauschorganisationen zugelassen, die vom neuseel\u00e4ndischen Bildungsministerium gepr\u00fcft wurden und hohe Standards und eine umfassende Betreuung ihrer Sch\u00fcler gew\u00e4hrleisten. <br \/><a href=\"http:\/\/www.nzcie.org.nz\" target=\"_blank\" rel=\"noopener noreferrer\">www.nzcie.org.nz<\/a><\/p>\n<\/div><\/div><\/div>\n","protected":false},"excerpt":{"rendered":"","protected":false},"author":20,"featured_media":0,"parent":0,"menu_order":0,"comment_status":"closed","ping_status":"closed","template":"templates\/template-default-with-breadcrumbs.php","meta":{"_acf_changed":false,"sts_page_background_color":"","footnotes":""},"wpw_page_folders":[77],"class_list":["post-10295","page","type-page","status-publish","hentry"],"acf":[],"yoast_head":"<!-- This site is optimized with the Yoast SEO Premium plugin v27.2 (Yoast SEO v27.3) - https:\/\/yoast.com\/product\/yoast-seo-premium-wordpress\/ -->\n<title>\u00dcber STS | STS<\/title>\n<meta name=\"description\" content=\"Seit 1958 veranstaltet STS Sprachreisen nach England, \u00d6sterreich, Deutschland und in viele andere L\u00e4nder. Seit 1971 bieten wir Auslandsjahre an High Schools in aller Welt an.\" \/>\n<meta name=\"robots\" content=\"index, follow, max-snippet:-1, max-image-preview:large, max-video-preview:-1\" \/>\n<link rel=\"canonical\" href=\"https:\/\/www.sts-education.com\/de-at\/ueber-sts\/\" \/>\n<meta property=\"og:locale\" content=\"de_DE\" \/>\n<meta property=\"og:type\" content=\"article\" \/>\n<meta property=\"og:title\" content=\"Ueber Sts\" \/>\n<meta property=\"og:description\" content=\"Seit 1958 veranstaltet STS Sprachreisen nach England, \u00d6sterreich, Deutschland und in viele andere L\u00e4nder. Seit 1971 bieten wir Auslandsjahre an High Schools in aller Welt an.\" \/>\n<meta property=\"og:url\" content=\"https:\/\/www.sts-education.com\/de-at\/ueber-sts\/\" \/>\n<meta property=\"og:site_name\" content=\"STS Education\" \/>\n<meta property=\"article:modified_time\" content=\"2026-04-15T14:11:21+00:00\" \/>\n<meta property=\"og:image\" content=\"https:\/\/cdn.sts-education.com\/11482_hero_lg_xl.jpg\" \/>\n<meta name=\"twitter:card\" content=\"summary_large_image\" \/>\n<meta name=\"twitter:label1\" content=\"Gesch\u00e4tzte Lesezeit\" \/>\n\t<meta name=\"twitter:data1\" content=\"4 Minuten\" \/>\n<script type=\"application\/ld+json\" class=\"yoast-schema-graph\">{\"@context\":\"https:\\\/\\\/schema.org\",\"@graph\":[{\"@type\":\"WebPage\",\"@id\":\"https:\\\/\\\/www.sts-education.com\\\/de-at\\\/ueber-sts\\\/\",\"url\":\"https:\\\/\\\/www.sts-education.com\\\/de-at\\\/ueber-sts\\\/\",\"name\":\"\u00dcber STS | STS\",\"isPartOf\":{\"@id\":\"https:\\\/\\\/www.sts-education.com\\\/de-at\\\/#website\"},\"primaryImageOfPage\":{\"@id\":\"https:\\\/\\\/www.sts-education.com\\\/de-at\\\/ueber-sts\\\/#primaryimage\"},\"image\":{\"@id\":\"https:\\\/\\\/www.sts-education.com\\\/de-at\\\/ueber-sts\\\/#primaryimage\"},\"thumbnailUrl\":\"https:\\\/\\\/cdn.sts-education.com\\\/11482_hero_lg_xl.jpg\",\"datePublished\":\"2025-12-16T10:21:48+00:00\",\"dateModified\":\"2026-04-15T14:11:21+00:00\",\"description\":\"Seit 1958 veranstaltet STS Sprachreisen nach England, \u00d6sterreich, Deutschland und in viele andere L\u00e4nder. Seit 1971 bieten wir Auslandsjahre an High Schools in aller Welt an.\",\"breadcrumb\":{\"@id\":\"https:\\\/\\\/www.sts-education.com\\\/de-at\\\/ueber-sts\\\/#breadcrumb\"},\"inLanguage\":\"de-AT\",\"potentialAction\":[{\"@type\":\"ReadAction\",\"target\":[\"https:\\\/\\\/www.sts-education.com\\\/de-at\\\/ueber-sts\\\/\"]}]},{\"@type\":\"ImageObject\",\"inLanguage\":\"de-AT\",\"@id\":\"https:\\\/\\\/www.sts-education.com\\\/de-at\\\/ueber-sts\\\/#primaryimage\",\"url\":\"https:\\\/\\\/cdn.sts-education.com\\\/11482_hero_lg_xl.jpg\",\"contentUrl\":\"https:\\\/\\\/cdn.sts-education.com\\\/11482_hero_lg_xl.jpg\"},{\"@type\":\"BreadcrumbList\",\"@id\":\"https:\\\/\\\/www.sts-education.com\\\/de-at\\\/ueber-sts\\\/#breadcrumb\",\"itemListElement\":[{\"@type\":\"ListItem\",\"position\":1,\"name\":\"Home\",\"item\":\"https:\\\/\\\/www.sts-education.com\\\/de-at\\\/sample-page\\\/\"},{\"@type\":\"ListItem\",\"position\":2,\"name\":\"Ueber Sts\"}]},{\"@type\":\"WebSite\",\"@id\":\"https:\\\/\\\/www.sts-education.com\\\/de-at\\\/#website\",\"url\":\"https:\\\/\\\/www.sts-education.com\\\/de-at\\\/\",\"name\":\"STS Education\",\"description\":\"\",\"potentialAction\":[{\"@type\":\"SearchAction\",\"target\":{\"@type\":\"EntryPoint\",\"urlTemplate\":\"https:\\\/\\\/www.sts-education.com\\\/de-at\\\/?s={search_term_string}\"},\"query-input\":{\"@type\":\"PropertyValueSpecification\",\"valueRequired\":true,\"valueName\":\"search_term_string\"}}],\"inLanguage\":\"de-AT\"}]}<\/script>\n<!-- \/ Yoast SEO Premium plugin. -->","yoast_head_json":{"title":"\u00dcber STS | STS","description":"Seit 1958 veranstaltet STS Sprachreisen nach England, \u00d6sterreich, Deutschland und in viele andere L\u00e4nder. Seit 1971 bieten wir Auslandsjahre an High Schools in aller Welt an.","robots":{"index":"index","follow":"follow","max-snippet":"max-snippet:-1","max-image-preview":"max-image-preview:large","max-video-preview":"max-video-preview:-1"},"canonical":"https:\/\/www.sts-education.com\/de-at\/ueber-sts\/","og_locale":"de_DE","og_type":"article","og_title":"Ueber Sts","og_description":"Seit 1958 veranstaltet STS Sprachreisen nach England, \u00d6sterreich, Deutschland und in viele andere L\u00e4nder. Seit 1971 bieten wir Auslandsjahre an High Schools in aller Welt an.","og_url":"https:\/\/www.sts-education.com\/de-at\/ueber-sts\/","og_site_name":"STS Education","article_modified_time":"2026-04-15T14:11:21+00:00","og_image":[{"url":"https:\/\/cdn.sts-education.com\/11482_hero_lg_xl.jpg","type":"","width":"","height":""}],"twitter_card":"summary_large_image","twitter_misc":{"Gesch\u00e4tzte Lesezeit":"4 Minuten"},"schema":{"@context":"https:\/\/schema.org","@graph":[{"@type":"WebPage","@id":"https:\/\/www.sts-education.com\/de-at\/ueber-sts\/","url":"https:\/\/www.sts-education.com\/de-at\/ueber-sts\/","name":"\u00dcber STS | STS","isPartOf":{"@id":"https:\/\/www.sts-education.com\/de-at\/#website"},"primaryImageOfPage":{"@id":"https:\/\/www.sts-education.com\/de-at\/ueber-sts\/#primaryimage"},"image":{"@id":"https:\/\/www.sts-education.com\/de-at\/ueber-sts\/#primaryimage"},"thumbnailUrl":"https:\/\/cdn.sts-education.com\/11482_hero_lg_xl.jpg","datePublished":"2025-12-16T10:21:48+00:00","dateModified":"2026-04-15T14:11:21+00:00","description":"Seit 1958 veranstaltet STS Sprachreisen nach England, \u00d6sterreich, Deutschland und in viele andere L\u00e4nder. Seit 1971 bieten wir Auslandsjahre an High Schools in aller Welt an.","breadcrumb":{"@id":"https:\/\/www.sts-education.com\/de-at\/ueber-sts\/#breadcrumb"},"inLanguage":"de-AT","potentialAction":[{"@type":"ReadAction","target":["https:\/\/www.sts-education.com\/de-at\/ueber-sts\/"]}]},{"@type":"ImageObject","inLanguage":"de-AT","@id":"https:\/\/www.sts-education.com\/de-at\/ueber-sts\/#primaryimage","url":"https:\/\/cdn.sts-education.com\/11482_hero_lg_xl.jpg","contentUrl":"https:\/\/cdn.sts-education.com\/11482_hero_lg_xl.jpg"},{"@type":"BreadcrumbList","@id":"https:\/\/www.sts-education.com\/de-at\/ueber-sts\/#breadcrumb","itemListElement":[{"@type":"ListItem","position":1,"name":"Home","item":"https:\/\/www.sts-education.com\/de-at\/sample-page\/"},{"@type":"ListItem","position":2,"name":"Ueber Sts"}]},{"@type":"WebSite","@id":"https:\/\/www.sts-education.com\/de-at\/#website","url":"https:\/\/www.sts-education.com\/de-at\/","name":"STS Education","description":"","potentialAction":[{"@type":"SearchAction","target":{"@type":"EntryPoint","urlTemplate":"https:\/\/www.sts-education.com\/de-at\/?s={search_term_string}"},"query-input":{"@type":"PropertyValueSpecification","valueRequired":true,"valueName":"search_term_string"}}],"inLanguage":"de-AT"}]}},"_links":{"self":[{"href":"https:\/\/www.sts-education.com\/de-at\/wp-json\/wp\/v2\/pages\/10295","targetHints":{"allow":["GET"]}}],"collection":[{"href":"https:\/\/www.sts-education.com\/de-at\/wp-json\/wp\/v2\/pages"}],"about":[{"href":"https:\/\/www.sts-education.com\/de-at\/wp-json\/wp\/v2\/types\/page"}],"author":[{"embeddable":true,"href":"https:\/\/www.sts-education.com\/de-at\/wp-json\/wp\/v2\/users\/20"}],"replies":[{"embeddable":true,"href":"https:\/\/www.sts-education.com\/de-at\/wp-json\/wp\/v2\/comments?post=10295"}],"version-history":[{"count":5,"href":"https:\/\/www.sts-education.com\/de-at\/wp-json\/wp\/v2\/pages\/10295\/revisions"}],"predecessor-version":[{"id":37048,"href":"https:\/\/www.sts-education.com\/de-at\/wp-json\/wp\/v2\/pages\/10295\/revisions\/37048"}],"wp:attachment":[{"href":"https:\/\/www.sts-education.com\/de-at\/wp-json\/wp\/v2\/media?parent=10295"}],"wp:term":[{"taxonomy":"wpw_page_folders","embeddable":true,"href":"https:\/\/www.sts-education.com\/de-at\/wp-json\/wp\/v2\/wpw_page_folders?post=10295"}],"curies":[{"name":"wp","href":"https:\/\/api.w.org\/{rel}","templated":true}]}}