{"id":10297,"date":"2025-10-27T09:40:19","date_gmt":"2025-10-27T09:40:19","guid":{"rendered":"https:\/\/preprod.sts-education.com\/allgemeines\/datenschutz\/"},"modified":"2026-04-09T13:44:28","modified_gmt":"2026-04-09T13:44:28","slug":"datenschutz","status":"publish","type":"page","link":"https:\/\/www.sts-education.com\/de-at\/allgemeines\/datenschutz\/","title":{"rendered":"Datenschutz"},"content":{"rendered":"\n<div class=\"wp-block-sts-text sts-text-editor has-max-width-md\"><div class=\"sts-text-editor__content\"><div class=\"sts-text-editor__content-inner\">\n<h1>Datenschutz<\/h1>\n<\/div><\/div><\/div>\n\n\n\n<div class=\"wp-block-sts-text sts-text-editor has-max-width-md\"><div class=\"sts-text-editor__content\"><div class=\"sts-text-editor__content-inner\">\n<h2>Zum Schutz Ihrer Privatsph\u00e4re \u2013 Einf\u00fchrung und Zusammenfassung<\/h2>\n<p>STS h\u00e4lt sich an die Datenschutzvorgaben und sch\u00fctzt Ihre pers\u00f6nlichen Angaben und Daten. Nachfolgend informieren wir Sie, wie wir mit den pers\u00f6nlichen Daten unserer Kund\/innen umgehen und \u00fcber welche Rechte Sie verf\u00fcgen, wenn Sie sich \u00fcber unsere Webseite anmelden. Es geht um s\u00e4mtliche Angaben, die Ihre Person betreffen, beispielsweise Namen und Mailadressen.<\/p>\n<p>Wir verwenden Ihre pers\u00f6nlichen Daten haupts\u00e4chlich:<\/p>\n<ul>\n<li>um auf Ihre Anfrage hin, Ihnen Newsletter oder Brosch\u00fcren zuzusenden und unsere Dienstleistung zu vermarkten;<\/li>\n<li>um Ihre Fragen zu unseren Dienstleistungen zu beantworten;<\/li>\n<li>um Sie f\u00fcr eines unserer Meetings anzumelden;<\/li>\n<li>um deine Bewerbung f\u00fcr eine Sprachreise oder High School Programm oder als Gastfamilie oder Ambassador zu verarbeiten, und<\/li>\n<li>um eine vorl\u00e4ufige Einsch\u00e4tzung Ihrer Bewerbung f\u00fcr die Teilnahme an einer unserer Reisen vorzunehmen.<\/li>\n<\/ul>\n<p>Lesen Sie mehr \u00fcber unsere Datenschutzpolitik in dem unten stehenden Dokument.<\/p>\n<p><a href=\"https:\/\/powered-by.qbank.se\/educatius\/sts\/da092a3f605e2ec51676fd8bb4465157_pdf.pdf?v=20260409153337\" target=\"_blank\" rel=\"noopener noreferrer\">STS Privat Policy<\/a><\/p>\n<\/div><\/div><\/div>\n","protected":false},"excerpt":{"rendered":"","protected":false},"author":20,"featured_media":0,"parent":10294,"menu_order":0,"comment_status":"closed","ping_status":"open","template":"","meta":{"_acf_changed":false,"sts_page_background_color":"","footnotes":""},"wpw_page_folders":[95],"class_list":["post-10297","page","type-page","status-publish","hentry"],"acf":[],"yoast_head":"<!-- This site is optimized with the Yoast SEO Premium plugin v27.2 (Yoast SEO v27.2) - https:\/\/yoast.com\/product\/yoast-seo-premium-wordpress\/ -->\n<title>Datenschutz<\/title>\n<meta name=\"robots\" content=\"index, follow, max-snippet:-1, max-image-preview:large, max-video-preview:-1\" \/>\n<link rel=\"canonical\" href=\"https:\/\/www.sts-education.com\/de-at\/allgemeines\/datenschutz\/\" \/>\n<meta property=\"og:locale\" content=\"de_DE\" \/>\n<meta property=\"og:type\" content=\"article\" \/>\n<meta property=\"og:title\" content=\"Datenschutz\" \/>\n<meta property=\"og:url\" content=\"https:\/\/www.sts-education.com\/de-at\/allgemeines\/datenschutz\/\" \/>\n<meta property=\"og:site_name\" content=\"STS Education\" \/>\n<meta property=\"article:modified_time\" content=\"2026-04-09T13:44:28+00:00\" \/>\n<meta name=\"twitter:card\" content=\"summary_large_image\" \/>\n<meta name=\"twitter:label1\" content=\"Gesch\u00e4tzte Lesezeit\" \/>\n\t<meta name=\"twitter:data1\" content=\"1 Minute\" \/>\n<script type=\"application\/ld+json\" class=\"yoast-schema-graph\">{\"@context\":\"https:\/\/schema.org\",\"@graph\":[{\"@type\":\"WebPage\",\"@id\":\"https:\/\/www.sts-education.com\/de-at\/allgemeines\/datenschutz\/\",\"url\":\"https:\/\/www.sts-education.com\/de-at\/allgemeines\/datenschutz\/\",\"name\":\"Datenschutz\",\"isPartOf\":{\"@id\":\"https:\/\/www.sts-education.com\/de-at\/#website\"},\"datePublished\":\"2025-10-27T09:40:19+00:00\",\"dateModified\":\"2026-04-09T13:44:28+00:00\",\"breadcrumb\":{\"@id\":\"https:\/\/www.sts-education.com\/de-at\/allgemeines\/datenschutz\/#breadcrumb\"},\"inLanguage\":\"de-AT\",\"potentialAction\":[{\"@type\":\"ReadAction\",\"target\":[\"https:\/\/www.sts-education.com\/de-at\/allgemeines\/datenschutz\/\"]}]},{\"@type\":\"BreadcrumbList\",\"@id\":\"https:\/\/www.sts-education.com\/de-at\/allgemeines\/datenschutz\/#breadcrumb\",\"itemListElement\":[{\"@type\":\"ListItem\",\"position\":1,\"name\":\"Home\",\"item\":\"https:\/\/www.sts-education.com\/de-at\/sample-page\/\"},{\"@type\":\"ListItem\",\"position\":2,\"name\":\"Allgemeines\",\"item\":\"https:\/\/www.sts-education.com\/de-at\/allgemeines\/\"},{\"@type\":\"ListItem\",\"position\":3,\"name\":\"Datenschutz\"}]},{\"@type\":\"WebSite\",\"@id\":\"https:\/\/www.sts-education.com\/de-at\/#website\",\"url\":\"https:\/\/www.sts-education.com\/de-at\/\",\"name\":\"STS Education\",\"description\":\"\",\"potentialAction\":[{\"@type\":\"SearchAction\",\"target\":{\"@type\":\"EntryPoint\",\"urlTemplate\":\"https:\/\/www.sts-education.com\/de-at\/?s={search_term_string}\"},\"query-input\":{\"@type\":\"PropertyValueSpecification\",\"valueRequired\":true,\"valueName\":\"search_term_string\"}}],\"inLanguage\":\"de-AT\"}]}<\/script>\n<!-- \/ Yoast SEO Premium plugin. -->","yoast_head_json":{"title":"Datenschutz","robots":{"index":"index","follow":"follow","max-snippet":"max-snippet:-1","max-image-preview":"max-image-preview:large","max-video-preview":"max-video-preview:-1"},"canonical":"https:\/\/www.sts-education.com\/de-at\/allgemeines\/datenschutz\/","og_locale":"de_DE","og_type":"article","og_title":"Datenschutz","og_url":"https:\/\/www.sts-education.com\/de-at\/allgemeines\/datenschutz\/","og_site_name":"STS Education","article_modified_time":"2026-04-09T13:44:28+00:00","twitter_card":"summary_large_image","twitter_misc":{"Gesch\u00e4tzte Lesezeit":"1 Minute"},"schema":{"@context":"https:\/\/schema.org","@graph":[{"@type":"WebPage","@id":"https:\/\/www.sts-education.com\/de-at\/allgemeines\/datenschutz\/","url":"https:\/\/www.sts-education.com\/de-at\/allgemeines\/datenschutz\/","name":"Datenschutz","isPartOf":{"@id":"https:\/\/www.sts-education.com\/de-at\/#website"},"datePublished":"2025-10-27T09:40:19+00:00","dateModified":"2026-04-09T13:44:28+00:00","breadcrumb":{"@id":"https:\/\/www.sts-education.com\/de-at\/allgemeines\/datenschutz\/#breadcrumb"},"inLanguage":"de-AT","potentialAction":[{"@type":"ReadAction","target":["https:\/\/www.sts-education.com\/de-at\/allgemeines\/datenschutz\/"]}]},{"@type":"BreadcrumbList","@id":"https:\/\/www.sts-education.com\/de-at\/allgemeines\/datenschutz\/#breadcrumb","itemListElement":[{"@type":"ListItem","position":1,"name":"Home","item":"https:\/\/www.sts-education.com\/de-at\/sample-page\/"},{"@type":"ListItem","position":2,"name":"Allgemeines","item":"https:\/\/www.sts-education.com\/de-at\/allgemeines\/"},{"@type":"ListItem","position":3,"name":"Datenschutz"}]},{"@type":"WebSite","@id":"https:\/\/www.sts-education.com\/de-at\/#website","url":"https:\/\/www.sts-education.com\/de-at\/","name":"STS Education","description":"","potentialAction":[{"@type":"SearchAction","target":{"@type":"EntryPoint","urlTemplate":"https:\/\/www.sts-education.com\/de-at\/?s={search_term_string}"},"query-input":{"@type":"PropertyValueSpecification","valueRequired":true,"valueName":"search_term_string"}}],"inLanguage":"de-AT"}]}},"_links":{"self":[{"href":"https:\/\/www.sts-education.com\/de-at\/wp-json\/wp\/v2\/pages\/10297","targetHints":{"allow":["GET"]}}],"collection":[{"href":"https:\/\/www.sts-education.com\/de-at\/wp-json\/wp\/v2\/pages"}],"about":[{"href":"https:\/\/www.sts-education.com\/de-at\/wp-json\/wp\/v2\/types\/page"}],"author":[{"embeddable":true,"href":"https:\/\/www.sts-education.com\/de-at\/wp-json\/wp\/v2\/users\/20"}],"replies":[{"embeddable":true,"href":"https:\/\/www.sts-education.com\/de-at\/wp-json\/wp\/v2\/comments?post=10297"}],"version-history":[{"count":4,"href":"https:\/\/www.sts-education.com\/de-at\/wp-json\/wp\/v2\/pages\/10297\/revisions"}],"predecessor-version":[{"id":31743,"href":"https:\/\/www.sts-education.com\/de-at\/wp-json\/wp\/v2\/pages\/10297\/revisions\/31743"}],"up":[{"embeddable":true,"href":"https:\/\/www.sts-education.com\/de-at\/wp-json\/wp\/v2\/pages\/10294"}],"wp:attachment":[{"href":"https:\/\/www.sts-education.com\/de-at\/wp-json\/wp\/v2\/media?parent=10297"}],"wp:term":[{"taxonomy":"wpw_page_folders","embeddable":true,"href":"https:\/\/www.sts-education.com\/de-at\/wp-json\/wp\/v2\/wpw_page_folders?post=10297"}],"curies":[{"name":"wp","href":"https:\/\/api.w.org\/{rel}","templated":true}]}}