{"id":10303,"date":"2025-12-16T10:17:46","date_gmt":"2025-12-16T10:17:46","guid":{"rendered":"https:\/\/preprod.sts-education.com\/high-school\/fakten-und-preise\/"},"modified":"2026-04-15T09:34:48","modified_gmt":"2026-04-15T09:34:48","slug":"fakten-und-preise","status":"publish","type":"page","link":"https:\/\/www.sts-education.com\/de-at\/high-school\/fakten-und-preise\/","title":{"rendered":"Fakten Und Preise"},"content":{"rendered":"\n<section class=\"wp-block-sts-hero sts-block-hero is-variant-full-background has-text-light has-background-media\" style=\"--sts-hero-padding-mobile:0px;--sts-hero-padding-desktop:0px;--sts-hero-text-color:var(--wp--preset--color--base-10, #fff);\" data-variant=\"full-background\"><div class=\"sts-block-hero__background\"><picture class=\"sts-responsive-image has-fit-cover is-skeleton\"><img src=\"https:\/\/cdn.sts-education.com\/12566_hero_lg_xl.jpg\" alt=\"Fakten und Preise\" loading=\"lazy\" decoding=\"async\" fetchpriority=\"low\" sizes=\"100vw\" \/><\/picture><span class=\"sts-block-hero__overlay\" aria-hidden=\"true\"><\/span><\/div><div class=\"sts-block-hero__inner\"><div class=\"sts-block-hero__content has-align-center\"><div class=\"sts-block-hero__content-inner\"><h1 class=\"sts-block-hero__heading\">Fakten und Preise<\/h1><\/div><\/div><\/div><\/section>\n\n\n\n<div class=\"wp-block-sts-text sts-text-editor has-max-width-md\"><div class=\"sts-text-editor__content\"><div class=\"sts-text-editor__content-inner\">\n<p>Bei den Vorbereitungen f\u00fcr ein High School-Jahr gibt es nat\u00fcrlich auch finanzielle Fragen zu kl\u00e4ren. Wieviel kostet ein Austausch? Wie bezahle ich? Was ist im Preis enthalten? Welche Extras kann ich buchen? Woran sollte ich als Elternteil denken? Wir erkl\u00e4ren all dies in Ruhe und sorgen daf\u00fcr, dass du und deine Familie verstehen, wie ihr finanziell planen solltet.<\/p>\n\n<p>Du darfst uns jederzeit gerne <a href=\"https:\/\/www.sts-education.com\/de-at\/ueber-sts\/kontakt\/\">kontaktieren<\/a>. Wir freuen uns, dich zu beraten und zu helfen.<\/p>\n<\/div><\/div><\/div>\n","protected":false},"excerpt":{"rendered":"","protected":false},"author":20,"featured_media":0,"parent":16563,"menu_order":0,"comment_status":"closed","ping_status":"closed","template":"templates\/template-default-with-breadcrumbs.php","meta":{"_acf_changed":false,"sts_page_background_color":"","footnotes":""},"wpw_page_folders":[86],"class_list":["post-10303","page","type-page","status-publish","hentry"],"acf":[],"yoast_head":"<!-- This site is optimized with the Yoast SEO Premium plugin v27.2 (Yoast SEO v27.3) - https:\/\/yoast.com\/product\/yoast-seo-premium-wordpress\/ -->\n<title>Hier findest du alle Infos und Preise f\u00fcr dein Austauschjahr. | STS<\/title>\n<meta name=\"description\" content=\"Lies mehr \u00fcber unsere Preise und n\u00fctzliche Details zum Austauschjahr. Wir helfen dir gerne.\" \/>\n<meta name=\"robots\" content=\"index, follow, max-snippet:-1, max-image-preview:large, max-video-preview:-1\" \/>\n<link rel=\"canonical\" href=\"https:\/\/www.sts-education.com\/de-at\/high-school\/fakten-und-preise\/\" \/>\n<meta property=\"og:locale\" content=\"de_DE\" \/>\n<meta property=\"og:type\" content=\"article\" \/>\n<meta property=\"og:title\" content=\"Fakten Und Preise\" \/>\n<meta property=\"og:description\" content=\"Lies mehr \u00fcber unsere Preise und n\u00fctzliche Details zum Austauschjahr. Wir helfen dir gerne.\" \/>\n<meta property=\"og:url\" content=\"https:\/\/www.sts-education.com\/de-at\/high-school\/fakten-und-preise\/\" \/>\n<meta property=\"og:site_name\" content=\"STS Education\" \/>\n<meta property=\"article:modified_time\" content=\"2026-04-15T09:34:48+00:00\" \/>\n<meta property=\"og:image\" content=\"https:\/\/cdn.sts-education.com\/12566_hero_lg_xl.jpg\" \/>\n<meta name=\"twitter:card\" content=\"summary_large_image\" \/>\n<script type=\"application\/ld+json\" class=\"yoast-schema-graph\">{\"@context\":\"https:\\\/\\\/schema.org\",\"@graph\":[{\"@type\":\"WebPage\",\"@id\":\"https:\\\/\\\/www.sts-education.com\\\/de-at\\\/high-school\\\/fakten-und-preise\\\/\",\"url\":\"https:\\\/\\\/www.sts-education.com\\\/de-at\\\/high-school\\\/fakten-und-preise\\\/\",\"name\":\"Hier findest du alle Infos und Preise f\u00fcr dein Austauschjahr. | STS\",\"isPartOf\":{\"@id\":\"https:\\\/\\\/www.sts-education.com\\\/de-at\\\/#website\"},\"primaryImageOfPage\":{\"@id\":\"https:\\\/\\\/www.sts-education.com\\\/de-at\\\/high-school\\\/fakten-und-preise\\\/#primaryimage\"},\"image\":{\"@id\":\"https:\\\/\\\/www.sts-education.com\\\/de-at\\\/high-school\\\/fakten-und-preise\\\/#primaryimage\"},\"thumbnailUrl\":\"https:\\\/\\\/cdn.sts-education.com\\\/12566_hero_lg_xl.jpg\",\"datePublished\":\"2025-12-16T10:17:46+00:00\",\"dateModified\":\"2026-04-15T09:34:48+00:00\",\"description\":\"Lies mehr \u00fcber unsere Preise und n\u00fctzliche Details zum Austauschjahr. Wir helfen dir gerne.\",\"breadcrumb\":{\"@id\":\"https:\\\/\\\/www.sts-education.com\\\/de-at\\\/high-school\\\/fakten-und-preise\\\/#breadcrumb\"},\"inLanguage\":\"de-AT\",\"potentialAction\":[{\"@type\":\"ReadAction\",\"target\":[\"https:\\\/\\\/www.sts-education.com\\\/de-at\\\/high-school\\\/fakten-und-preise\\\/\"]}]},{\"@type\":\"ImageObject\",\"inLanguage\":\"de-AT\",\"@id\":\"https:\\\/\\\/www.sts-education.com\\\/de-at\\\/high-school\\\/fakten-und-preise\\\/#primaryimage\",\"url\":\"https:\\\/\\\/cdn.sts-education.com\\\/12566_hero_lg_xl.jpg\",\"contentUrl\":\"https:\\\/\\\/cdn.sts-education.com\\\/12566_hero_lg_xl.jpg\"},{\"@type\":\"BreadcrumbList\",\"@id\":\"https:\\\/\\\/www.sts-education.com\\\/de-at\\\/high-school\\\/fakten-und-preise\\\/#breadcrumb\",\"itemListElement\":[{\"@type\":\"ListItem\",\"position\":1,\"name\":\"Home\",\"item\":\"https:\\\/\\\/www.sts-education.com\\\/de-at\\\/sample-page\\\/\"},{\"@type\":\"ListItem\",\"position\":2,\"name\":\"High School\",\"item\":\"https:\\\/\\\/www.sts-education.com\\\/de-at\\\/high-school\\\/\"},{\"@type\":\"ListItem\",\"position\":3,\"name\":\"Fakten Und Preise\"}]},{\"@type\":\"WebSite\",\"@id\":\"https:\\\/\\\/www.sts-education.com\\\/de-at\\\/#website\",\"url\":\"https:\\\/\\\/www.sts-education.com\\\/de-at\\\/\",\"name\":\"STS Education\",\"description\":\"\",\"potentialAction\":[{\"@type\":\"SearchAction\",\"target\":{\"@type\":\"EntryPoint\",\"urlTemplate\":\"https:\\\/\\\/www.sts-education.com\\\/de-at\\\/?s={search_term_string}\"},\"query-input\":{\"@type\":\"PropertyValueSpecification\",\"valueRequired\":true,\"valueName\":\"search_term_string\"}}],\"inLanguage\":\"de-AT\"}]}<\/script>\n<!-- \/ Yoast SEO Premium plugin. -->","yoast_head_json":{"title":"Hier findest du alle Infos und Preise f\u00fcr dein Austauschjahr. | STS","description":"Lies mehr \u00fcber unsere Preise und n\u00fctzliche Details zum Austauschjahr. Wir helfen dir gerne.","robots":{"index":"index","follow":"follow","max-snippet":"max-snippet:-1","max-image-preview":"max-image-preview:large","max-video-preview":"max-video-preview:-1"},"canonical":"https:\/\/www.sts-education.com\/de-at\/high-school\/fakten-und-preise\/","og_locale":"de_DE","og_type":"article","og_title":"Fakten Und Preise","og_description":"Lies mehr \u00fcber unsere Preise und n\u00fctzliche Details zum Austauschjahr. Wir helfen dir gerne.","og_url":"https:\/\/www.sts-education.com\/de-at\/high-school\/fakten-und-preise\/","og_site_name":"STS Education","article_modified_time":"2026-04-15T09:34:48+00:00","og_image":[{"url":"https:\/\/cdn.sts-education.com\/12566_hero_lg_xl.jpg","type":"","width":"","height":""}],"twitter_card":"summary_large_image","schema":{"@context":"https:\/\/schema.org","@graph":[{"@type":"WebPage","@id":"https:\/\/www.sts-education.com\/de-at\/high-school\/fakten-und-preise\/","url":"https:\/\/www.sts-education.com\/de-at\/high-school\/fakten-und-preise\/","name":"Hier findest du alle Infos und Preise f\u00fcr dein Austauschjahr. | STS","isPartOf":{"@id":"https:\/\/www.sts-education.com\/de-at\/#website"},"primaryImageOfPage":{"@id":"https:\/\/www.sts-education.com\/de-at\/high-school\/fakten-und-preise\/#primaryimage"},"image":{"@id":"https:\/\/www.sts-education.com\/de-at\/high-school\/fakten-und-preise\/#primaryimage"},"thumbnailUrl":"https:\/\/cdn.sts-education.com\/12566_hero_lg_xl.jpg","datePublished":"2025-12-16T10:17:46+00:00","dateModified":"2026-04-15T09:34:48+00:00","description":"Lies mehr \u00fcber unsere Preise und n\u00fctzliche Details zum Austauschjahr. Wir helfen dir gerne.","breadcrumb":{"@id":"https:\/\/www.sts-education.com\/de-at\/high-school\/fakten-und-preise\/#breadcrumb"},"inLanguage":"de-AT","potentialAction":[{"@type":"ReadAction","target":["https:\/\/www.sts-education.com\/de-at\/high-school\/fakten-und-preise\/"]}]},{"@type":"ImageObject","inLanguage":"de-AT","@id":"https:\/\/www.sts-education.com\/de-at\/high-school\/fakten-und-preise\/#primaryimage","url":"https:\/\/cdn.sts-education.com\/12566_hero_lg_xl.jpg","contentUrl":"https:\/\/cdn.sts-education.com\/12566_hero_lg_xl.jpg"},{"@type":"BreadcrumbList","@id":"https:\/\/www.sts-education.com\/de-at\/high-school\/fakten-und-preise\/#breadcrumb","itemListElement":[{"@type":"ListItem","position":1,"name":"Home","item":"https:\/\/www.sts-education.com\/de-at\/sample-page\/"},{"@type":"ListItem","position":2,"name":"High School","item":"https:\/\/www.sts-education.com\/de-at\/high-school\/"},{"@type":"ListItem","position":3,"name":"Fakten Und Preise"}]},{"@type":"WebSite","@id":"https:\/\/www.sts-education.com\/de-at\/#website","url":"https:\/\/www.sts-education.com\/de-at\/","name":"STS Education","description":"","potentialAction":[{"@type":"SearchAction","target":{"@type":"EntryPoint","urlTemplate":"https:\/\/www.sts-education.com\/de-at\/?s={search_term_string}"},"query-input":{"@type":"PropertyValueSpecification","valueRequired":true,"valueName":"search_term_string"}}],"inLanguage":"de-AT"}]}},"_links":{"self":[{"href":"https:\/\/www.sts-education.com\/de-at\/wp-json\/wp\/v2\/pages\/10303","targetHints":{"allow":["GET"]}}],"collection":[{"href":"https:\/\/www.sts-education.com\/de-at\/wp-json\/wp\/v2\/pages"}],"about":[{"href":"https:\/\/www.sts-education.com\/de-at\/wp-json\/wp\/v2\/types\/page"}],"author":[{"embeddable":true,"href":"https:\/\/www.sts-education.com\/de-at\/wp-json\/wp\/v2\/users\/20"}],"replies":[{"embeddable":true,"href":"https:\/\/www.sts-education.com\/de-at\/wp-json\/wp\/v2\/comments?post=10303"}],"version-history":[{"count":5,"href":"https:\/\/www.sts-education.com\/de-at\/wp-json\/wp\/v2\/pages\/10303\/revisions"}],"predecessor-version":[{"id":35404,"href":"https:\/\/www.sts-education.com\/de-at\/wp-json\/wp\/v2\/pages\/10303\/revisions\/35404"}],"up":[{"embeddable":true,"href":"https:\/\/www.sts-education.com\/de-at\/wp-json\/wp\/v2\/pages\/16563"}],"wp:attachment":[{"href":"https:\/\/www.sts-education.com\/de-at\/wp-json\/wp\/v2\/media?parent=10303"}],"wp:term":[{"taxonomy":"wpw_page_folders","embeddable":true,"href":"https:\/\/www.sts-education.com\/de-at\/wp-json\/wp\/v2\/wpw_page_folders?post=10303"}],"curies":[{"name":"wp","href":"https:\/\/api.w.org\/{rel}","templated":true}]}}