{"id":10306,"date":"2025-12-16T10:05:12","date_gmt":"2025-12-16T10:05:12","guid":{"rendered":"https:\/\/preprod.sts-education.com\/high-school\/vor-deinem-auslandsjahr\/"},"modified":"2026-04-15T09:35:03","modified_gmt":"2026-04-15T09:35:03","slug":"vor-deinem-auslandsjahr","status":"publish","type":"page","link":"https:\/\/www.sts-education.com\/de-at\/high-school\/vor-deinem-auslandsjahr\/","title":{"rendered":"Vor Deinem Auslandsjahr"},"content":{"rendered":"\n<div class=\"wp-block-sts-text sts-text-editor has-max-width-md\"><div class=\"sts-text-editor__content\"><div class=\"sts-text-editor__content-inner\">\n<h1>Vor deinem Auslandsjahr<\/h1>\n<\/div><\/div><\/div>\n\n\n\n<div class=\"wp-block-sts-text sts-text-editor has-max-width-md\"><div class=\"sts-text-editor__content\"><div class=\"sts-text-editor__content-inner\">\n<p>STS organisiert seit \u00fcber 65 Jahren internationale Austauschprogramme und sorgt mit diesem Erfahrungsschatz f\u00fcr dein unvergessliches Austauscherlebnis. Viele von uns waren selbst Austauschsch\u00fcler:innen oder haben im Ausland gelebt. Deshalb wissen wir genau, was dich erwartet, wie Schule im Ausland funktioniert und wie es dir geht, wenn du ins Unbekannte aufbrichst. Wir m\u00f6chten so viele junge Menschen wie m\u00f6glich an diesem Erlebnis teilhaben lassen und unsere Begeisterung f\u00fcr internationalen Austausch an dich weitergeben. Vor dir liegt eine unglaubliche Reise und wir sind f\u00fcr dich da, damit du die Zeit deines Lebens hast!<\/p>\n\n<h2>Wir helfen dir!<\/h2>\n\n<p>Die Vorbereitung ist ein aufregender und wichtiger Teil deines Austauschjahres und wir sorgen daf\u00fcr, dass du gut informiert bist, alles hast, was du brauchst, und wir erinnern dich an alle wichtigen Termine und To Dos. Je mehr du dar\u00fcber wei\u00dft, was dich erwartet, desto besser. Also informiere dich vor deinem Austausch so gr\u00fcndlich du kannst und traue dich, Fragen zu stellen und um Hilfe zu bitten. Wir f\u00fchren dich durch alle Schritte deines Austausches, von der Entscheidung f\u00fcr dein Gastland \u00fcber Bewerbung, Vorbereitungen und Abreise bis zur Begleitung deiner Zeit im Ausland und dem Wiederankommen in \u00d6sterreich.<\/p>\n\n<h2>W\u00e4hle dein Land<\/h2>\n\n<p>Willst du den ber\u00fchmten amerikanischen High School Spirit erleben? Die USA sind unser beliebtestes Austauschziel, aber vielleicht hast du ja eine ganz andere Idee? Wir bieten 20 spannende L\u00e4nder an, in denen du dein Austauschjahr verbringen kannst. Wovon tr\u00e4umst du? Wir helfen dir, das perfekte Austauschabenteuer zu finden. <a href=\"\/de-at\/high-school\/tripfinder\/?q=\">Hier erf\u00e4hrst du mehr \u00fcber dein Traumland f\u00fcr ein High School-Jahr.<\/a><\/p>\n\n<h2>Bewerbe dich rechtzeitig!<\/h2>\n\n<p>Im Idealfall bewirbst du dich ein Jahr vor deinem geplanten Austausch \u2013 aber allersp\u00e4testens im M\u00e4rz desselben Jahres. Wenn du dich sp\u00e4ter als M\u00e4rz entscheidest, k\u00f6nnte die Auswahl an Gastl\u00e4ndern schon eingeschr\u00e4nkt sein. Bei einer sp\u00e4ten Bewerbung fallen eventuell zus\u00e4tzliche Kosten an.<\/p>\n\n<p>Ein wichtiger Teil unserer Arbeit ist es, eine Gastfamilie und Schule zu suchen, die gut zu dir passen. Da wir alle Gastfamilien sorgf\u00e4ltig pr\u00fcfen und immer versuchen, ein gutes Match zu finden, dauert dieser Prozess eine Weile. Je fr\u00fcher wir starten k\u00f6nnen, desto besser. Also reiche deine Bewerbung fr\u00fchzeitig ein! <a href=\"https:\/\/www.sts-education.com\/de-at\/ueber-sts\/kontakt\/\">Kontaktiere uns f\u00fcr mehr Infos<\/a>.<\/p>\n\n<h2>Visaantrag<\/h2>\n\n<p>In einigen L\u00e4ndern brauchst du ein Visum, um dort zu leben und zur Schule zu gehen. Du erh\u00e4ltst von uns alle Informationen, die du brauchst, um dein Visum so reibungslos wie m\u00f6glich zu beantragen. Du beantragst das Visum selbst, da es sich um ein pers\u00f6nliches Dokument handelt, aber wir helfen dir nat\u00fcrlich dabei. F\u00fcr die Visakosten bist du selbst verantwortlich.<\/p>\n\n<h2>Webinare<\/h2>\n\n<p>Wir laden dich zu einem Webinar ein, in dem wir dich Schritt f\u00fcr Schritt durch die verschiedenen Aufgaben f\u00fchren, die du vor deiner Abreise erledigen musst.<\/p>\n\n<h2>Vorbereitungstreffen<\/h2>\n\n<p>Wir veranstalten ein Vorbereitungstreffen f\u00fcr dich und alle anderen Austauschsch\u00fcler:innen, auf dem wir euch alle wichtigen Infos (und viele Inspirationen!) f\u00fcr euren Austausch mitgeben. Das Treffen ist in \u00d6sterreich, aber falls du nicht pers\u00f6nlich teilnehmen kannst, bieten wir alternativ ein Onlinemeeting an. Auf dem Meeting triffst du andere Austauschsch\u00fcler:innen, die sich wie du auf ein Jahr im Ausland freuen, viele Fragen haben und vielleicht auch schon ein bisschen aufgeregt sind. Auch deine Eltern sind herzlich willkommen und haben ihr eigenes Meeting, denn uns ist es wichtig, dass sie verstehen, was f\u00fcr eine gro\u00dfartige Erfahrung vor dir liegt.<\/p>\n<\/div><\/div><\/div>\n","protected":false},"excerpt":{"rendered":"","protected":false},"author":20,"featured_media":15036,"parent":16563,"menu_order":0,"comment_status":"closed","ping_status":"closed","template":"templates\/template-default-with-breadcrumbs.php","meta":{"_acf_changed":false,"sts_page_background_color":"","footnotes":""},"wpw_page_folders":[80],"class_list":["post-10306","page","type-page","status-publish","has-post-thumbnail","hentry"],"acf":[],"yoast_head":"<!-- This site is optimized with the Yoast SEO Premium plugin v27.2 (Yoast SEO v27.3) - https:\/\/yoast.com\/product\/yoast-seo-premium-wordpress\/ -->\n<title>Daran solltest du denken, bevor du ins Ausland gehst<\/title>\n<meta name=\"description\" content=\"Eine gute Vorbereitung ist der erste Schritt in dein Auslandsjahr. Bewerbe dich rechtzeitig und besuche unsere Infomeetings. Du hast die Wahl zwischen 20 verschiedenen Gastl\u00e4ndern.\" \/>\n<meta name=\"robots\" content=\"index, follow, max-snippet:-1, max-image-preview:large, max-video-preview:-1\" \/>\n<link rel=\"canonical\" href=\"https:\/\/www.sts-education.com\/de-at\/high-school\/vor-deinem-auslandsjahr\/\" \/>\n<meta property=\"og:locale\" content=\"de_DE\" \/>\n<meta property=\"og:type\" content=\"article\" \/>\n<meta property=\"og:title\" content=\"Vor Deinem Auslandsjahr\" \/>\n<meta property=\"og:description\" content=\"Eine gute Vorbereitung ist der erste Schritt in dein Auslandsjahr. Bewerbe dich rechtzeitig und besuche unsere Infomeetings. Du hast die Wahl zwischen 20 verschiedenen Gastl\u00e4ndern.\" \/>\n<meta property=\"og:url\" content=\"https:\/\/www.sts-education.com\/de-at\/high-school\/vor-deinem-auslandsjahr\/\" \/>\n<meta property=\"og:site_name\" content=\"STS Education\" \/>\n<meta property=\"article:modified_time\" content=\"2026-04-15T09:35:03+00:00\" \/>\n<meta property=\"og:image\" content=\"https:\/\/powered-by.qbank.se\/educatius\/sts\/\/df7e1de23b6e8c68863e49e03d05ef0e_1-1-thumb.webp\" \/>\n\t<meta property=\"og:image:width\" content=\"150\" \/>\n\t<meta property=\"og:image:height\" content=\"150\" \/>\n\t<meta property=\"og:image:type\" content=\"image\/jpeg\" \/>\n<meta name=\"twitter:card\" content=\"summary_large_image\" \/>\n<meta name=\"twitter:label1\" content=\"Gesch\u00e4tzte Lesezeit\" \/>\n\t<meta name=\"twitter:data1\" content=\"3 Minuten\" \/>\n<script type=\"application\/ld+json\" class=\"yoast-schema-graph\">{\"@context\":\"https:\\\/\\\/schema.org\",\"@graph\":[{\"@type\":\"WebPage\",\"@id\":\"https:\\\/\\\/www.sts-education.com\\\/de-at\\\/high-school\\\/vor-deinem-auslandsjahr\\\/\",\"url\":\"https:\\\/\\\/www.sts-education.com\\\/de-at\\\/high-school\\\/vor-deinem-auslandsjahr\\\/\",\"name\":\"Daran solltest du denken, bevor du ins Ausland gehst\",\"isPartOf\":{\"@id\":\"https:\\\/\\\/www.sts-education.com\\\/de-at\\\/#website\"},\"primaryImageOfPage\":{\"@id\":\"https:\\\/\\\/www.sts-education.com\\\/de-at\\\/high-school\\\/vor-deinem-auslandsjahr\\\/#primaryimage\"},\"image\":{\"@id\":\"https:\\\/\\\/www.sts-education.com\\\/de-at\\\/high-school\\\/vor-deinem-auslandsjahr\\\/#primaryimage\"},\"thumbnailUrl\":\"https:\\\/\\\/powered-by.qbank.se\\\/educatius\\\/sts\\\/\\\/df7e1de23b6e8c68863e49e03d05ef0e_1-1-thumb.webp\",\"datePublished\":\"2025-12-16T10:05:12+00:00\",\"dateModified\":\"2026-04-15T09:35:03+00:00\",\"description\":\"Eine gute Vorbereitung ist der erste Schritt in dein Auslandsjahr. Bewerbe dich rechtzeitig und besuche unsere Infomeetings. Du hast die Wahl zwischen 20 verschiedenen Gastl\u00e4ndern.\",\"breadcrumb\":{\"@id\":\"https:\\\/\\\/www.sts-education.com\\\/de-at\\\/high-school\\\/vor-deinem-auslandsjahr\\\/#breadcrumb\"},\"inLanguage\":\"de-AT\",\"potentialAction\":[{\"@type\":\"ReadAction\",\"target\":[\"https:\\\/\\\/www.sts-education.com\\\/de-at\\\/high-school\\\/vor-deinem-auslandsjahr\\\/\"]}]},{\"@type\":\"ImageObject\",\"inLanguage\":\"de-AT\",\"@id\":\"https:\\\/\\\/www.sts-education.com\\\/de-at\\\/high-school\\\/vor-deinem-auslandsjahr\\\/#primaryimage\",\"url\":\"https:\\\/\\\/powered-by.qbank.se\\\/educatius\\\/sts\\\/\\\/df7e1de23b6e8c68863e49e03d05ef0e_1-1-thumb.webp\",\"contentUrl\":\"https:\\\/\\\/powered-by.qbank.se\\\/educatius\\\/sts\\\/\\\/df7e1de23b6e8c68863e49e03d05ef0e_1-1-thumb.webp\",\"width\":150,\"height\":150},{\"@type\":\"BreadcrumbList\",\"@id\":\"https:\\\/\\\/www.sts-education.com\\\/de-at\\\/high-school\\\/vor-deinem-auslandsjahr\\\/#breadcrumb\",\"itemListElement\":[{\"@type\":\"ListItem\",\"position\":1,\"name\":\"Home\",\"item\":\"https:\\\/\\\/www.sts-education.com\\\/de-at\\\/sample-page\\\/\"},{\"@type\":\"ListItem\",\"position\":2,\"name\":\"High School\",\"item\":\"https:\\\/\\\/www.sts-education.com\\\/de-at\\\/high-school\\\/\"},{\"@type\":\"ListItem\",\"position\":3,\"name\":\"Vor Deinem Auslandsjahr\"}]},{\"@type\":\"WebSite\",\"@id\":\"https:\\\/\\\/www.sts-education.com\\\/de-at\\\/#website\",\"url\":\"https:\\\/\\\/www.sts-education.com\\\/de-at\\\/\",\"name\":\"STS Education\",\"description\":\"\",\"potentialAction\":[{\"@type\":\"SearchAction\",\"target\":{\"@type\":\"EntryPoint\",\"urlTemplate\":\"https:\\\/\\\/www.sts-education.com\\\/de-at\\\/?s={search_term_string}\"},\"query-input\":{\"@type\":\"PropertyValueSpecification\",\"valueRequired\":true,\"valueName\":\"search_term_string\"}}],\"inLanguage\":\"de-AT\"}]}<\/script>\n<!-- \/ Yoast SEO Premium plugin. -->","yoast_head_json":{"title":"Daran solltest du denken, bevor du ins Ausland gehst","description":"Eine gute Vorbereitung ist der erste Schritt in dein Auslandsjahr. Bewerbe dich rechtzeitig und besuche unsere Infomeetings. Du hast die Wahl zwischen 20 verschiedenen Gastl\u00e4ndern.","robots":{"index":"index","follow":"follow","max-snippet":"max-snippet:-1","max-image-preview":"max-image-preview:large","max-video-preview":"max-video-preview:-1"},"canonical":"https:\/\/www.sts-education.com\/de-at\/high-school\/vor-deinem-auslandsjahr\/","og_locale":"de_DE","og_type":"article","og_title":"Vor Deinem Auslandsjahr","og_description":"Eine gute Vorbereitung ist der erste Schritt in dein Auslandsjahr. Bewerbe dich rechtzeitig und besuche unsere Infomeetings. Du hast die Wahl zwischen 20 verschiedenen Gastl\u00e4ndern.","og_url":"https:\/\/www.sts-education.com\/de-at\/high-school\/vor-deinem-auslandsjahr\/","og_site_name":"STS Education","article_modified_time":"2026-04-15T09:35:03+00:00","og_image":[{"width":150,"height":150,"url":"https:\/\/powered-by.qbank.se\/educatius\/sts\/\/df7e1de23b6e8c68863e49e03d05ef0e_1-1-thumb.webp","type":"image\/jpeg"}],"twitter_card":"summary_large_image","twitter_misc":{"Gesch\u00e4tzte Lesezeit":"3 Minuten"},"schema":{"@context":"https:\/\/schema.org","@graph":[{"@type":"WebPage","@id":"https:\/\/www.sts-education.com\/de-at\/high-school\/vor-deinem-auslandsjahr\/","url":"https:\/\/www.sts-education.com\/de-at\/high-school\/vor-deinem-auslandsjahr\/","name":"Daran solltest du denken, bevor du ins Ausland gehst","isPartOf":{"@id":"https:\/\/www.sts-education.com\/de-at\/#website"},"primaryImageOfPage":{"@id":"https:\/\/www.sts-education.com\/de-at\/high-school\/vor-deinem-auslandsjahr\/#primaryimage"},"image":{"@id":"https:\/\/www.sts-education.com\/de-at\/high-school\/vor-deinem-auslandsjahr\/#primaryimage"},"thumbnailUrl":"https:\/\/powered-by.qbank.se\/educatius\/sts\/\/df7e1de23b6e8c68863e49e03d05ef0e_1-1-thumb.webp","datePublished":"2025-12-16T10:05:12+00:00","dateModified":"2026-04-15T09:35:03+00:00","description":"Eine gute Vorbereitung ist der erste Schritt in dein Auslandsjahr. Bewerbe dich rechtzeitig und besuche unsere Infomeetings. Du hast die Wahl zwischen 20 verschiedenen Gastl\u00e4ndern.","breadcrumb":{"@id":"https:\/\/www.sts-education.com\/de-at\/high-school\/vor-deinem-auslandsjahr\/#breadcrumb"},"inLanguage":"de-AT","potentialAction":[{"@type":"ReadAction","target":["https:\/\/www.sts-education.com\/de-at\/high-school\/vor-deinem-auslandsjahr\/"]}]},{"@type":"ImageObject","inLanguage":"de-AT","@id":"https:\/\/www.sts-education.com\/de-at\/high-school\/vor-deinem-auslandsjahr\/#primaryimage","url":"https:\/\/powered-by.qbank.se\/educatius\/sts\/\/df7e1de23b6e8c68863e49e03d05ef0e_1-1-thumb.webp","contentUrl":"https:\/\/powered-by.qbank.se\/educatius\/sts\/\/df7e1de23b6e8c68863e49e03d05ef0e_1-1-thumb.webp","width":150,"height":150},{"@type":"BreadcrumbList","@id":"https:\/\/www.sts-education.com\/de-at\/high-school\/vor-deinem-auslandsjahr\/#breadcrumb","itemListElement":[{"@type":"ListItem","position":1,"name":"Home","item":"https:\/\/www.sts-education.com\/de-at\/sample-page\/"},{"@type":"ListItem","position":2,"name":"High School","item":"https:\/\/www.sts-education.com\/de-at\/high-school\/"},{"@type":"ListItem","position":3,"name":"Vor Deinem Auslandsjahr"}]},{"@type":"WebSite","@id":"https:\/\/www.sts-education.com\/de-at\/#website","url":"https:\/\/www.sts-education.com\/de-at\/","name":"STS Education","description":"","potentialAction":[{"@type":"SearchAction","target":{"@type":"EntryPoint","urlTemplate":"https:\/\/www.sts-education.com\/de-at\/?s={search_term_string}"},"query-input":{"@type":"PropertyValueSpecification","valueRequired":true,"valueName":"search_term_string"}}],"inLanguage":"de-AT"}]}},"_links":{"self":[{"href":"https:\/\/www.sts-education.com\/de-at\/wp-json\/wp\/v2\/pages\/10306","targetHints":{"allow":["GET"]}}],"collection":[{"href":"https:\/\/www.sts-education.com\/de-at\/wp-json\/wp\/v2\/pages"}],"about":[{"href":"https:\/\/www.sts-education.com\/de-at\/wp-json\/wp\/v2\/types\/page"}],"author":[{"embeddable":true,"href":"https:\/\/www.sts-education.com\/de-at\/wp-json\/wp\/v2\/users\/20"}],"replies":[{"embeddable":true,"href":"https:\/\/www.sts-education.com\/de-at\/wp-json\/wp\/v2\/comments?post=10306"}],"version-history":[{"count":5,"href":"https:\/\/www.sts-education.com\/de-at\/wp-json\/wp\/v2\/pages\/10306\/revisions"}],"predecessor-version":[{"id":35414,"href":"https:\/\/www.sts-education.com\/de-at\/wp-json\/wp\/v2\/pages\/10306\/revisions\/35414"}],"up":[{"embeddable":true,"href":"https:\/\/www.sts-education.com\/de-at\/wp-json\/wp\/v2\/pages\/16563"}],"wp:featuredmedia":[{"embeddable":true,"href":"https:\/\/www.sts-education.com\/de-at\/wp-json\/wp\/v2\/media\/15036"}],"wp:attachment":[{"href":"https:\/\/www.sts-education.com\/de-at\/wp-json\/wp\/v2\/media?parent=10306"}],"wp:term":[{"taxonomy":"wpw_page_folders","embeddable":true,"href":"https:\/\/www.sts-education.com\/de-at\/wp-json\/wp\/v2\/wpw_page_folders?post=10306"}],"curies":[{"name":"wp","href":"https:\/\/api.w.org\/{rel}","templated":true}]}}