{"id":10307,"date":"2025-12-16T10:10:09","date_gmt":"2025-12-16T10:10:09","guid":{"rendered":"https:\/\/preprod.sts-education.com\/high-school\/waehrend-du-im-austausch-bist\/"},"modified":"2026-04-15T09:34:55","modified_gmt":"2026-04-15T09:34:55","slug":"waehrend-du-im-austausch-bist","status":"publish","type":"page","link":"https:\/\/www.sts-education.com\/de-at\/high-school\/waehrend-du-im-austausch-bist\/","title":{"rendered":"Waehrend Du Im Austausch Bist"},"content":{"rendered":"\n<section class=\"wp-block-sts-hero sts-block-hero is-variant-full-background has-text-light has-background-media\" style=\"--sts-hero-padding-mobile:0px;--sts-hero-padding-desktop:0px;--sts-hero-text-color:var(--wp--preset--color--base-10, #fff);\" data-variant=\"full-background\"><div class=\"sts-block-hero__background\"><picture class=\"sts-responsive-image has-fit-cover is-skeleton\"><img src=\"https:\/\/cdn.sts-education.com\/12565_hero_lg_xl.jpg\" alt=\"W\u00e4hrend du im Austausch bist\" loading=\"lazy\" decoding=\"async\" fetchpriority=\"low\" sizes=\"100vw\" \/><\/picture><span class=\"sts-block-hero__overlay\" aria-hidden=\"true\"><\/span><\/div><div class=\"sts-block-hero__inner\"><div class=\"sts-block-hero__content has-align-center\"><div class=\"sts-block-hero__content-inner\"><h1 class=\"sts-block-hero__heading\">W\u00e4hrend du im Austausch bist<\/h1><\/div><\/div><\/div><\/section>\n\n\n\n<div class=\"wp-block-sts-text sts-text-editor has-max-width-md\"><div class=\"sts-text-editor__content\"><div class=\"sts-text-editor__content-inner\">\n<p>In deinem Jahr als Austauschsch\u00fcler:in sammelst du Wissen, Eindr\u00fccke, Inspirationen und tolle Erinnerungen. Es ist deine Chance, neue und aufregende Dinge zu erleben. Das wird das beste Jahr deines Lebens!<\/p>\n<h2>Pl\u00f6tzlich flie\u00dfend in einer Fremdsprache<\/h2>\n<p>Nirgendwo lernst du eine Sprache so gut wie in dem Land, in dem sie gesprochen wird, denn du bist Tag und Nacht davon umgeben. Du h\u00f6rst die Sprache bei Tischgespr\u00e4chen mit deiner Gastfamilie, in der Schule, im Gym, im Caf\u00e9 und in Gesch\u00e4ften und bei Treffen mit Freunden. Dein Akzent wirst sich mit der Zeit immer weiter verbessern. Du lernst neue W\u00f6rter und Ausdr\u00fccke, Alltagssprache, Slang und Fachsprache. Schneller als du es f\u00fcr m\u00f6glich h\u00e4ltst, denkst und tr\u00e4umst du in einer neuen Sprache. Es passiert ganz automatisch und macht riesig Spa\u00df!<\/p>\n<h2>Teile deine Erlebnisse!<\/h2>\n<p>Hast du Lust, \u00fcber deine Erfahrungen zu berichten, w\u00e4hrend du im Austausch bist? Werde Reporter in unseren Social Media-Channels oder auf unserem Blog! Melde dich bei <a href=\"mailto:social.media@sts-education.com\">social.media@sts-education.com<\/a>.<\/p>\n<p>Lies mehr und entdecke <a href=\"https:\/\/www.sts-education.com\/de-at\/high-school-2\/schulergeschichten\/schuler-testimonials\/\">Videos und Sch\u00fcler-Stories<\/a> unserer Austauschsch\u00fcler:innen.<\/p>\n<\/div><\/div><\/div>\n","protected":false},"excerpt":{"rendered":"","protected":false},"author":20,"featured_media":0,"parent":16563,"menu_order":0,"comment_status":"closed","ping_status":"closed","template":"templates\/template-default-with-breadcrumbs.php","meta":{"_acf_changed":false,"sts_page_background_color":"","footnotes":""},"wpw_page_folders":[83],"class_list":["post-10307","page","type-page","status-publish","hentry"],"acf":[],"yoast_head":"<!-- This site is optimized with the Yoast SEO Premium plugin v27.2 (Yoast SEO v27.3) - https:\/\/yoast.com\/product\/yoast-seo-premium-wordpress\/ -->\n<title>Dein Sch\u00fcleraustausch in einem anderen Land| STS<\/title>\n<meta name=\"description\" content=\"Ein Jahr als Austauschsch\u00fcler:in verschafft dir viel neues Wissen, Eindr\u00fccke, Inspirationen und Erinnerungen. Es wird ganz einfach das beste Jahr deines Lebens!\" \/>\n<meta name=\"robots\" content=\"index, follow, max-snippet:-1, max-image-preview:large, max-video-preview:-1\" \/>\n<link rel=\"canonical\" href=\"https:\/\/www.sts-education.com\/de-at\/high-school\/waehrend-du-im-austausch-bist\/\" \/>\n<meta property=\"og:locale\" content=\"de_DE\" \/>\n<meta property=\"og:type\" content=\"article\" \/>\n<meta property=\"og:title\" content=\"Waehrend Du Im Austausch Bist\" \/>\n<meta property=\"og:description\" content=\"Ein Jahr als Austauschsch\u00fcler:in verschafft dir viel neues Wissen, Eindr\u00fccke, Inspirationen und Erinnerungen. Es wird ganz einfach das beste Jahr deines Lebens!\" \/>\n<meta property=\"og:url\" content=\"https:\/\/www.sts-education.com\/de-at\/high-school\/waehrend-du-im-austausch-bist\/\" \/>\n<meta property=\"og:site_name\" content=\"STS Education\" \/>\n<meta property=\"article:modified_time\" content=\"2026-04-15T09:34:55+00:00\" \/>\n<meta property=\"og:image\" content=\"https:\/\/cdn.sts-education.com\/12565_hero_lg_xl.jpg\" \/>\n<meta name=\"twitter:card\" content=\"summary_large_image\" \/>\n<meta name=\"twitter:label1\" content=\"Gesch\u00e4tzte Lesezeit\" \/>\n\t<meta name=\"twitter:data1\" content=\"1 Minute\" \/>\n<script type=\"application\/ld+json\" class=\"yoast-schema-graph\">{\"@context\":\"https:\\\/\\\/schema.org\",\"@graph\":[{\"@type\":\"WebPage\",\"@id\":\"https:\\\/\\\/www.sts-education.com\\\/de-at\\\/high-school\\\/waehrend-du-im-austausch-bist\\\/\",\"url\":\"https:\\\/\\\/www.sts-education.com\\\/de-at\\\/high-school\\\/waehrend-du-im-austausch-bist\\\/\",\"name\":\"Dein Sch\u00fcleraustausch in einem anderen Land| STS\",\"isPartOf\":{\"@id\":\"https:\\\/\\\/www.sts-education.com\\\/de-at\\\/#website\"},\"primaryImageOfPage\":{\"@id\":\"https:\\\/\\\/www.sts-education.com\\\/de-at\\\/high-school\\\/waehrend-du-im-austausch-bist\\\/#primaryimage\"},\"image\":{\"@id\":\"https:\\\/\\\/www.sts-education.com\\\/de-at\\\/high-school\\\/waehrend-du-im-austausch-bist\\\/#primaryimage\"},\"thumbnailUrl\":\"https:\\\/\\\/cdn.sts-education.com\\\/12565_hero_lg_xl.jpg\",\"datePublished\":\"2025-12-16T10:10:09+00:00\",\"dateModified\":\"2026-04-15T09:34:55+00:00\",\"description\":\"Ein Jahr als Austauschsch\u00fcler:in verschafft dir viel neues Wissen, Eindr\u00fccke, Inspirationen und Erinnerungen. Es wird ganz einfach das beste Jahr deines Lebens!\",\"breadcrumb\":{\"@id\":\"https:\\\/\\\/www.sts-education.com\\\/de-at\\\/high-school\\\/waehrend-du-im-austausch-bist\\\/#breadcrumb\"},\"inLanguage\":\"de-AT\",\"potentialAction\":[{\"@type\":\"ReadAction\",\"target\":[\"https:\\\/\\\/www.sts-education.com\\\/de-at\\\/high-school\\\/waehrend-du-im-austausch-bist\\\/\"]}]},{\"@type\":\"ImageObject\",\"inLanguage\":\"de-AT\",\"@id\":\"https:\\\/\\\/www.sts-education.com\\\/de-at\\\/high-school\\\/waehrend-du-im-austausch-bist\\\/#primaryimage\",\"url\":\"https:\\\/\\\/cdn.sts-education.com\\\/12565_hero_lg_xl.jpg\",\"contentUrl\":\"https:\\\/\\\/cdn.sts-education.com\\\/12565_hero_lg_xl.jpg\"},{\"@type\":\"BreadcrumbList\",\"@id\":\"https:\\\/\\\/www.sts-education.com\\\/de-at\\\/high-school\\\/waehrend-du-im-austausch-bist\\\/#breadcrumb\",\"itemListElement\":[{\"@type\":\"ListItem\",\"position\":1,\"name\":\"Home\",\"item\":\"https:\\\/\\\/www.sts-education.com\\\/de-at\\\/sample-page\\\/\"},{\"@type\":\"ListItem\",\"position\":2,\"name\":\"High School\",\"item\":\"https:\\\/\\\/www.sts-education.com\\\/de-at\\\/high-school\\\/\"},{\"@type\":\"ListItem\",\"position\":3,\"name\":\"Waehrend Du Im Austausch Bist\"}]},{\"@type\":\"WebSite\",\"@id\":\"https:\\\/\\\/www.sts-education.com\\\/de-at\\\/#website\",\"url\":\"https:\\\/\\\/www.sts-education.com\\\/de-at\\\/\",\"name\":\"STS Education\",\"description\":\"\",\"potentialAction\":[{\"@type\":\"SearchAction\",\"target\":{\"@type\":\"EntryPoint\",\"urlTemplate\":\"https:\\\/\\\/www.sts-education.com\\\/de-at\\\/?s={search_term_string}\"},\"query-input\":{\"@type\":\"PropertyValueSpecification\",\"valueRequired\":true,\"valueName\":\"search_term_string\"}}],\"inLanguage\":\"de-AT\"}]}<\/script>\n<!-- \/ Yoast SEO Premium plugin. -->","yoast_head_json":{"title":"Dein Sch\u00fcleraustausch in einem anderen Land| STS","description":"Ein Jahr als Austauschsch\u00fcler:in verschafft dir viel neues Wissen, Eindr\u00fccke, Inspirationen und Erinnerungen. Es wird ganz einfach das beste Jahr deines Lebens!","robots":{"index":"index","follow":"follow","max-snippet":"max-snippet:-1","max-image-preview":"max-image-preview:large","max-video-preview":"max-video-preview:-1"},"canonical":"https:\/\/www.sts-education.com\/de-at\/high-school\/waehrend-du-im-austausch-bist\/","og_locale":"de_DE","og_type":"article","og_title":"Waehrend Du Im Austausch Bist","og_description":"Ein Jahr als Austauschsch\u00fcler:in verschafft dir viel neues Wissen, Eindr\u00fccke, Inspirationen und Erinnerungen. Es wird ganz einfach das beste Jahr deines Lebens!","og_url":"https:\/\/www.sts-education.com\/de-at\/high-school\/waehrend-du-im-austausch-bist\/","og_site_name":"STS Education","article_modified_time":"2026-04-15T09:34:55+00:00","og_image":[{"url":"https:\/\/cdn.sts-education.com\/12565_hero_lg_xl.jpg","type":"","width":"","height":""}],"twitter_card":"summary_large_image","twitter_misc":{"Gesch\u00e4tzte Lesezeit":"1 Minute"},"schema":{"@context":"https:\/\/schema.org","@graph":[{"@type":"WebPage","@id":"https:\/\/www.sts-education.com\/de-at\/high-school\/waehrend-du-im-austausch-bist\/","url":"https:\/\/www.sts-education.com\/de-at\/high-school\/waehrend-du-im-austausch-bist\/","name":"Dein Sch\u00fcleraustausch in einem anderen Land| STS","isPartOf":{"@id":"https:\/\/www.sts-education.com\/de-at\/#website"},"primaryImageOfPage":{"@id":"https:\/\/www.sts-education.com\/de-at\/high-school\/waehrend-du-im-austausch-bist\/#primaryimage"},"image":{"@id":"https:\/\/www.sts-education.com\/de-at\/high-school\/waehrend-du-im-austausch-bist\/#primaryimage"},"thumbnailUrl":"https:\/\/cdn.sts-education.com\/12565_hero_lg_xl.jpg","datePublished":"2025-12-16T10:10:09+00:00","dateModified":"2026-04-15T09:34:55+00:00","description":"Ein Jahr als Austauschsch\u00fcler:in verschafft dir viel neues Wissen, Eindr\u00fccke, Inspirationen und Erinnerungen. Es wird ganz einfach das beste Jahr deines Lebens!","breadcrumb":{"@id":"https:\/\/www.sts-education.com\/de-at\/high-school\/waehrend-du-im-austausch-bist\/#breadcrumb"},"inLanguage":"de-AT","potentialAction":[{"@type":"ReadAction","target":["https:\/\/www.sts-education.com\/de-at\/high-school\/waehrend-du-im-austausch-bist\/"]}]},{"@type":"ImageObject","inLanguage":"de-AT","@id":"https:\/\/www.sts-education.com\/de-at\/high-school\/waehrend-du-im-austausch-bist\/#primaryimage","url":"https:\/\/cdn.sts-education.com\/12565_hero_lg_xl.jpg","contentUrl":"https:\/\/cdn.sts-education.com\/12565_hero_lg_xl.jpg"},{"@type":"BreadcrumbList","@id":"https:\/\/www.sts-education.com\/de-at\/high-school\/waehrend-du-im-austausch-bist\/#breadcrumb","itemListElement":[{"@type":"ListItem","position":1,"name":"Home","item":"https:\/\/www.sts-education.com\/de-at\/sample-page\/"},{"@type":"ListItem","position":2,"name":"High School","item":"https:\/\/www.sts-education.com\/de-at\/high-school\/"},{"@type":"ListItem","position":3,"name":"Waehrend Du Im Austausch Bist"}]},{"@type":"WebSite","@id":"https:\/\/www.sts-education.com\/de-at\/#website","url":"https:\/\/www.sts-education.com\/de-at\/","name":"STS Education","description":"","potentialAction":[{"@type":"SearchAction","target":{"@type":"EntryPoint","urlTemplate":"https:\/\/www.sts-education.com\/de-at\/?s={search_term_string}"},"query-input":{"@type":"PropertyValueSpecification","valueRequired":true,"valueName":"search_term_string"}}],"inLanguage":"de-AT"}]}},"_links":{"self":[{"href":"https:\/\/www.sts-education.com\/de-at\/wp-json\/wp\/v2\/pages\/10307","targetHints":{"allow":["GET"]}}],"collection":[{"href":"https:\/\/www.sts-education.com\/de-at\/wp-json\/wp\/v2\/pages"}],"about":[{"href":"https:\/\/www.sts-education.com\/de-at\/wp-json\/wp\/v2\/types\/page"}],"author":[{"embeddable":true,"href":"https:\/\/www.sts-education.com\/de-at\/wp-json\/wp\/v2\/users\/20"}],"replies":[{"embeddable":true,"href":"https:\/\/www.sts-education.com\/de-at\/wp-json\/wp\/v2\/comments?post=10307"}],"version-history":[{"count":5,"href":"https:\/\/www.sts-education.com\/de-at\/wp-json\/wp\/v2\/pages\/10307\/revisions"}],"predecessor-version":[{"id":35409,"href":"https:\/\/www.sts-education.com\/de-at\/wp-json\/wp\/v2\/pages\/10307\/revisions\/35409"}],"up":[{"embeddable":true,"href":"https:\/\/www.sts-education.com\/de-at\/wp-json\/wp\/v2\/pages\/16563"}],"wp:attachment":[{"href":"https:\/\/www.sts-education.com\/de-at\/wp-json\/wp\/v2\/media?parent=10307"}],"wp:term":[{"taxonomy":"wpw_page_folders","embeddable":true,"href":"https:\/\/www.sts-education.com\/de-at\/wp-json\/wp\/v2\/wpw_page_folders?post=10307"}],"curies":[{"name":"wp","href":"https:\/\/api.w.org\/{rel}","templated":true}]}}