{"id":10315,"date":"2022-05-04T09:43:40","date_gmt":"2022-05-04T09:43:40","guid":{"rendered":"https:\/\/preprod.sts-education.com\/gastfamilie\/gastfamilie-werden\/infomeeting\/"},"modified":"2026-04-14T09:36:17","modified_gmt":"2026-04-14T09:36:17","slug":"infomeeting","status":"publish","type":"page","link":"https:\/\/www.sts-education.com\/de-at\/gastfamilie\/gastfamilie-werden\/infomeeting\/","title":{"rendered":"Infomeeting"},"content":{"rendered":"\n<div class=\"wp-block-sts-text sts-text-editor has-max-width-md\"><div class=\"sts-text-editor__content\"><div class=\"sts-text-editor__content-inner\">\n<h1>Besucht unser Webinar<\/h1>\n<\/div><\/div><\/div>\n\n\n\n<div class=\"wp-block-sts-text sts-text-editor has-max-width-md\"><div class=\"sts-text-editor__content\"><div class=\"sts-text-editor__content-inner\">\n<p>\u00dcberlegt ihr, zu Hause als Gastfamilie einen Sch\u00fcler oder eine Sch\u00fclerin aus Webinare k\u00f6nnt ihr sie stellen.<\/p>\n<h2>Trefft uns pers\u00f6nlich<\/h2>\n<p>Bei Webinare ist das STS Inbound-Team f\u00fcr euch da und beantwortet all eure Fragen. Ihr erfahrt, wer Gastfamilie werden kann, welche Rolle diese hat, wie ihr als Gastfamilie profitiert, welche Unterst\u00fctzung ihr erhaltet, lernt Kandidaten kennen, die eine Gastfamilie suchen, wir informieren euch \u00fcber den Ablauf eines Austausches und ihr bekommt ausf\u00fchrliche Antworten auf all eure Fragen. Wollt ihr eure Kinder mitbringen? Das ist eine super Idee, denn es ist ideal, wenn alle Familienmitglieder in den Austausch involviert sind und Lust darauf haben. Auch andere Familienmitglieder und Freunde sind herzlich willkommen.<\/p>\n<h2>Braucht ihr sofort Infos?<\/h2>\n<p>Ihr habt schon heute viele Fragen und m\u00f6chten gleich eine Antwort? Dann sind wir Montag bis Freitag von 9 bis 18 Uhr f\u00fcr euch da und warten auf euren Anruf. Wenn ihr euch f\u00fcr das Abenteuer Gastfamilie interessiert, ruft an unter <strong>+43 (0)660 690 8989<\/strong> oder schickt uns eine Mail an <a href=\"mailto:gastfamilien.at@sts-education.com\">gastfamilien.at@sts-education.com<\/a>. Vereinbart euer ganz pers\u00f6nliches Webinar per Telefon, Teams oder bei uns vor Ort. Wom\u00f6glich beginnt damit eine unvergessliche Zeit eures Lebens!<\/p>\n<h3>N\u00e4chste Termine:<\/h3>\n<\/div><\/div><\/div>\n\n\n<div class=\"sts-block-cards sts-block-cards--listing is-empty has-max-width-md wp-block-sts-cards\"><\/div>","protected":false},"excerpt":{"rendered":"","protected":false},"author":20,"featured_media":0,"parent":27794,"menu_order":0,"comment_status":"closed","ping_status":"closed","template":"","meta":{"_acf_changed":false,"sts_page_background_color":"","footnotes":""},"wpw_page_folders":[89],"class_list":["post-10315","page","type-page","status-publish","hentry"],"acf":[],"yoast_head":"<!-- This site is optimized with the Yoast SEO Premium plugin v27.2 (Yoast SEO v27.3) - https:\/\/yoast.com\/product\/yoast-seo-premium-wordpress\/ -->\n<title>Webinare<\/title>\n<meta name=\"robots\" content=\"index, follow, max-snippet:-1, max-image-preview:large, max-video-preview:-1\" \/>\n<link rel=\"canonical\" href=\"https:\/\/www.sts-education.com\/de-at\/gastfamilie\/gastfamilie-werden\/infomeeting\/\" \/>\n<meta property=\"og:locale\" content=\"de_DE\" \/>\n<meta property=\"og:type\" content=\"article\" \/>\n<meta property=\"og:title\" content=\"Infomeeting\" \/>\n<meta property=\"og:url\" content=\"https:\/\/www.sts-education.com\/de-at\/gastfamilie\/gastfamilie-werden\/infomeeting\/\" \/>\n<meta property=\"og:site_name\" content=\"STS Education\" \/>\n<meta property=\"article:modified_time\" content=\"2026-04-14T09:36:17+00:00\" \/>\n<meta name=\"twitter:card\" content=\"summary_large_image\" \/>\n<meta name=\"twitter:label1\" content=\"Gesch\u00e4tzte Lesezeit\" \/>\n\t<meta name=\"twitter:data1\" content=\"1 Minute\" \/>\n<script type=\"application\/ld+json\" class=\"yoast-schema-graph\">{\"@context\":\"https:\\\/\\\/schema.org\",\"@graph\":[{\"@type\":\"WebPage\",\"@id\":\"https:\\\/\\\/www.sts-education.com\\\/de-at\\\/gastfamilie\\\/gastfamilie-werden\\\/infomeeting\\\/\",\"url\":\"https:\\\/\\\/www.sts-education.com\\\/de-at\\\/gastfamilie\\\/gastfamilie-werden\\\/infomeeting\\\/\",\"name\":\"Webinare\",\"isPartOf\":{\"@id\":\"https:\\\/\\\/www.sts-education.com\\\/de-at\\\/#website\"},\"datePublished\":\"2022-05-04T09:43:40+00:00\",\"dateModified\":\"2026-04-14T09:36:17+00:00\",\"breadcrumb\":{\"@id\":\"https:\\\/\\\/www.sts-education.com\\\/de-at\\\/gastfamilie\\\/gastfamilie-werden\\\/infomeeting\\\/#breadcrumb\"},\"inLanguage\":\"de-AT\",\"potentialAction\":[{\"@type\":\"ReadAction\",\"target\":[\"https:\\\/\\\/www.sts-education.com\\\/de-at\\\/gastfamilie\\\/gastfamilie-werden\\\/infomeeting\\\/\"]}]},{\"@type\":\"BreadcrumbList\",\"@id\":\"https:\\\/\\\/www.sts-education.com\\\/de-at\\\/gastfamilie\\\/gastfamilie-werden\\\/infomeeting\\\/#breadcrumb\",\"itemListElement\":[{\"@type\":\"ListItem\",\"position\":1,\"name\":\"Home\",\"item\":\"https:\\\/\\\/www.sts-education.com\\\/de-at\\\/sample-page\\\/\"},{\"@type\":\"ListItem\",\"position\":2,\"name\":\"Gastfamilie\",\"item\":\"https:\\\/\\\/www.sts-education.com\\\/de-at\\\/gastfamilie\\\/\"},{\"@type\":\"ListItem\",\"position\":3,\"name\":\"Gastfamilie Werden\",\"item\":\"https:\\\/\\\/www.sts-education.com\\\/de-at\\\/gastfamilie\\\/gastfamilie-werden\\\/\"},{\"@type\":\"ListItem\",\"position\":4,\"name\":\"Infomeeting\"}]},{\"@type\":\"WebSite\",\"@id\":\"https:\\\/\\\/www.sts-education.com\\\/de-at\\\/#website\",\"url\":\"https:\\\/\\\/www.sts-education.com\\\/de-at\\\/\",\"name\":\"STS Education\",\"description\":\"\",\"potentialAction\":[{\"@type\":\"SearchAction\",\"target\":{\"@type\":\"EntryPoint\",\"urlTemplate\":\"https:\\\/\\\/www.sts-education.com\\\/de-at\\\/?s={search_term_string}\"},\"query-input\":{\"@type\":\"PropertyValueSpecification\",\"valueRequired\":true,\"valueName\":\"search_term_string\"}}],\"inLanguage\":\"de-AT\"}]}<\/script>\n<!-- \/ Yoast SEO Premium plugin. -->","yoast_head_json":{"title":"Webinare","robots":{"index":"index","follow":"follow","max-snippet":"max-snippet:-1","max-image-preview":"max-image-preview:large","max-video-preview":"max-video-preview:-1"},"canonical":"https:\/\/www.sts-education.com\/de-at\/gastfamilie\/gastfamilie-werden\/infomeeting\/","og_locale":"de_DE","og_type":"article","og_title":"Infomeeting","og_url":"https:\/\/www.sts-education.com\/de-at\/gastfamilie\/gastfamilie-werden\/infomeeting\/","og_site_name":"STS Education","article_modified_time":"2026-04-14T09:36:17+00:00","twitter_card":"summary_large_image","twitter_misc":{"Gesch\u00e4tzte Lesezeit":"1 Minute"},"schema":{"@context":"https:\/\/schema.org","@graph":[{"@type":"WebPage","@id":"https:\/\/www.sts-education.com\/de-at\/gastfamilie\/gastfamilie-werden\/infomeeting\/","url":"https:\/\/www.sts-education.com\/de-at\/gastfamilie\/gastfamilie-werden\/infomeeting\/","name":"Webinare","isPartOf":{"@id":"https:\/\/www.sts-education.com\/de-at\/#website"},"datePublished":"2022-05-04T09:43:40+00:00","dateModified":"2026-04-14T09:36:17+00:00","breadcrumb":{"@id":"https:\/\/www.sts-education.com\/de-at\/gastfamilie\/gastfamilie-werden\/infomeeting\/#breadcrumb"},"inLanguage":"de-AT","potentialAction":[{"@type":"ReadAction","target":["https:\/\/www.sts-education.com\/de-at\/gastfamilie\/gastfamilie-werden\/infomeeting\/"]}]},{"@type":"BreadcrumbList","@id":"https:\/\/www.sts-education.com\/de-at\/gastfamilie\/gastfamilie-werden\/infomeeting\/#breadcrumb","itemListElement":[{"@type":"ListItem","position":1,"name":"Home","item":"https:\/\/www.sts-education.com\/de-at\/sample-page\/"},{"@type":"ListItem","position":2,"name":"Gastfamilie","item":"https:\/\/www.sts-education.com\/de-at\/gastfamilie\/"},{"@type":"ListItem","position":3,"name":"Gastfamilie Werden","item":"https:\/\/www.sts-education.com\/de-at\/gastfamilie\/gastfamilie-werden\/"},{"@type":"ListItem","position":4,"name":"Infomeeting"}]},{"@type":"WebSite","@id":"https:\/\/www.sts-education.com\/de-at\/#website","url":"https:\/\/www.sts-education.com\/de-at\/","name":"STS Education","description":"","potentialAction":[{"@type":"SearchAction","target":{"@type":"EntryPoint","urlTemplate":"https:\/\/www.sts-education.com\/de-at\/?s={search_term_string}"},"query-input":{"@type":"PropertyValueSpecification","valueRequired":true,"valueName":"search_term_string"}}],"inLanguage":"de-AT"}]}},"_links":{"self":[{"href":"https:\/\/www.sts-education.com\/de-at\/wp-json\/wp\/v2\/pages\/10315","targetHints":{"allow":["GET"]}}],"collection":[{"href":"https:\/\/www.sts-education.com\/de-at\/wp-json\/wp\/v2\/pages"}],"about":[{"href":"https:\/\/www.sts-education.com\/de-at\/wp-json\/wp\/v2\/types\/page"}],"author":[{"embeddable":true,"href":"https:\/\/www.sts-education.com\/de-at\/wp-json\/wp\/v2\/users\/20"}],"replies":[{"embeddable":true,"href":"https:\/\/www.sts-education.com\/de-at\/wp-json\/wp\/v2\/comments?post=10315"}],"version-history":[{"count":5,"href":"https:\/\/www.sts-education.com\/de-at\/wp-json\/wp\/v2\/pages\/10315\/revisions"}],"predecessor-version":[{"id":32879,"href":"https:\/\/www.sts-education.com\/de-at\/wp-json\/wp\/v2\/pages\/10315\/revisions\/32879"}],"up":[{"embeddable":true,"href":"https:\/\/www.sts-education.com\/de-at\/wp-json\/wp\/v2\/pages\/27794"}],"wp:attachment":[{"href":"https:\/\/www.sts-education.com\/de-at\/wp-json\/wp\/v2\/media?parent=10315"}],"wp:term":[{"taxonomy":"wpw_page_folders","embeddable":true,"href":"https:\/\/www.sts-education.com\/de-at\/wp-json\/wp\/v2\/wpw_page_folders?post=10315"}],"curies":[{"name":"wp","href":"https:\/\/api.w.org\/{rel}","templated":true}]}}