{"id":10317,"date":"2019-03-12T10:29:24","date_gmt":"2019-03-12T10:29:24","guid":{"rendered":"https:\/\/preprod.sts-education.com\/gastfamilie\/gastfamilie-werden\/step-by-step-so-werden-sie-zur-gastfamilie\/"},"modified":"2026-04-15T09:35:39","modified_gmt":"2026-04-15T09:35:39","slug":"step-by-step-so-werden-sie-zur-gastfamilie","status":"publish","type":"page","link":"https:\/\/www.sts-education.com\/de-at\/gastfamilie\/gastfamilie-werden\/step-by-step-so-werden-sie-zur-gastfamilie\/","title":{"rendered":"Step By Step So Werden Sie Zur Gastfamilie"},"content":{"rendered":"\n<section class=\"wp-block-sts-hero sts-block-hero is-variant-full-background has-text-light has-background-media\" style=\"--sts-hero-padding-mobile:0px;--sts-hero-padding-desktop:0px;--sts-hero-text-color:var(--wp--preset--color--base-10, #fff);\" data-variant=\"full-background\"><div class=\"sts-block-hero__background\"><picture class=\"sts-responsive-image has-fit-cover is-skeleton\"><img src=\"https:\/\/cdn.sts-education.com\/12665_hero_lg_xl.jpg\" alt=\"Step by Step \u2013 So werdet ihr Gastfamilie\" loading=\"lazy\" decoding=\"async\" fetchpriority=\"low\" sizes=\"100vw\" \/><\/picture><span class=\"sts-block-hero__overlay\" aria-hidden=\"true\"><\/span><\/div><div class=\"sts-block-hero__inner\"><div class=\"sts-block-hero__content has-align-center\"><div class=\"sts-block-hero__content-inner\"><h1 class=\"sts-block-hero__heading\">Step by Step \u2013 So werdet ihr Gastfamilie<\/h1><\/div><\/div><\/div><\/section>\n\n\n\n<div class=\"wp-block-sts-text sts-text-editor has-max-width-md\"><div class=\"sts-text-editor__content\"><div class=\"sts-text-editor__content-inner\">\n<ol><li><strong>Teilt uns euer Interesse mit<\/strong><br>Ruft uns an oder f\u00fcllt den unverbindlichen Interessentenbogen aus.<\/li>\n<li><strong>Wir kontaktieren euch<\/strong><br>Wir rufen so schnell wie m\u00f6glich zur\u00fcck und erz\u00e4hlen euch alles, was ihr zum Thema Gastfamilie wissen m\u00f6chtet. Au\u00dferdem machen wir ein kurzes Interview mit euch, um eure Familien- und Wohnsituation, eure Interessen und Pr\u00e4ferenzen kennenzulernen.<\/li>\n<li><strong>Das perfekte Match<\/strong><br>Anschlie\u00dfend suchen wir nach einem geeigneten Sch\u00fcler oder einer geeigneten Sch\u00fclerin. Wir schicken euch Kurzprofile von KandidatenInnen, von denen wir glauben, dass sie gut zu euch passen k\u00f6nnten. Ihr w\u00e4hlt aus, welches unserer wunderbaren Gastkinder ihr bei euch willkommen hei\u00dfen m\u00f6chtet.<\/li>\n<li><strong>Hausbesuch<\/strong><br>Sobald ihr euch f\u00fcr ein Gastkind entschieden habt, vereinbaren wir oder die zust\u00e4ndige regionale Betreuerin einen Hausbesuch. Dabei lernen wir euch pers\u00f6nlich kennen, beantworten weitere Fragen \u00fcber das Leben als Gastfamilie und erkl\u00e4ren unsere Programmregeln. Die pers\u00f6nliche STS-Betreuerin ist w\u00e4hrend des gesamten Aufenthaltes die erste Ansprechpartnerin f\u00fcr euch und das Gastkind und steht mit euch im regelm\u00e4\u00dfigen Kontakt.<\/li>\n<li><strong>Gastfamilienbewerbung<\/strong><br>Nach dem Hausbesuch startet ihr mit eurer Gastfamilienbewerbung. Wenn die Bewerbung komplett ist, lassen wir euch und dem Austauschkind eure jeweiligen Kontaktdaten zukommen, damit ihr euch schon vor Ankunft kennenlernen k\u00f6nnt.<\/li>\n<li><strong>Nun beginnt das Abenteuer<\/strong><br>Ihr beginnt mit den letzten Vorbereitungen und k\u00f6nnt euch auf die aufregende Zeit freuen, die vor euch liegt. Wir bei STS k\u00fcmmern uns um alles Weitere, wie zum Beispiel die Flugtickets, die Versicherung des Sch\u00fclers und die Schulplatzierung.<\/li><\/ol>\n\n<p>M\u00f6chte euer Kind selbst gerne ein Schuljahr im Ausland erleben? Mit unserem <a href=\"https:\/\/www.sts-education.com\/de-at\/gastfamilie-werden\/verguetung-host-and-go\/\">Host &amp; Go-Angebot<\/a> erm\u00e4\u00dfigt sich der Programmpreis f\u00fcr das Auslandsjahr um bis zu <strong>1.000 EUR<\/strong>, wenn ihr vorher, w\u00e4hrenddessen oder danach Gastfamilie werdet!<\/p>\n<\/div><\/div><\/div>\n","protected":false},"excerpt":{"rendered":"","protected":false},"author":20,"featured_media":0,"parent":27794,"menu_order":0,"comment_status":"closed","ping_status":"closed","template":"","meta":{"_acf_changed":false,"sts_page_background_color":"","footnotes":""},"wpw_page_folders":[89],"class_list":["post-10317","page","type-page","status-publish","hentry"],"acf":[],"yoast_head":"<!-- This site is optimized with the Yoast SEO Premium plugin v27.2 (Yoast SEO v27.3) - https:\/\/yoast.com\/product\/yoast-seo-premium-wordpress\/ -->\n<title>Step by Step \u2013 So werdet ihr Gastfamilie<\/title>\n<meta name=\"description\" content=\"Rufen Sie uns an oder f\u00fcllen sie den unverbindlichen Interessentenbogen aus. Wir kontaktieren Sie und erz\u00e4hlen Ihnen alles was Sie zum Thema Gastfamilie wissen m\u00f6chten.\" \/>\n<meta name=\"robots\" content=\"index, follow, max-snippet:-1, max-image-preview:large, max-video-preview:-1\" \/>\n<link rel=\"canonical\" href=\"https:\/\/www.sts-education.com\/de-at\/gastfamilie\/gastfamilie-werden\/step-by-step-so-werden-sie-zur-gastfamilie\/\" \/>\n<meta property=\"og:locale\" content=\"de_DE\" \/>\n<meta property=\"og:type\" content=\"article\" \/>\n<meta property=\"og:title\" content=\"Step By Step So Werden Sie Zur Gastfamilie\" \/>\n<meta property=\"og:description\" content=\"Rufen Sie uns an oder f\u00fcllen sie den unverbindlichen Interessentenbogen aus. Wir kontaktieren Sie und erz\u00e4hlen Ihnen alles was Sie zum Thema Gastfamilie wissen m\u00f6chten.\" \/>\n<meta property=\"og:url\" content=\"https:\/\/www.sts-education.com\/de-at\/gastfamilie\/gastfamilie-werden\/step-by-step-so-werden-sie-zur-gastfamilie\/\" \/>\n<meta property=\"og:site_name\" content=\"STS Education\" \/>\n<meta property=\"article:modified_time\" content=\"2026-04-15T09:35:39+00:00\" \/>\n<meta property=\"og:image\" content=\"https:\/\/cdn.sts-education.com\/12665_hero_lg_xl.jpg\" \/>\n<meta name=\"twitter:card\" content=\"summary_large_image\" \/>\n<meta name=\"twitter:label1\" content=\"Gesch\u00e4tzte Lesezeit\" \/>\n\t<meta name=\"twitter:data1\" content=\"1 Minute\" \/>\n<script type=\"application\/ld+json\" class=\"yoast-schema-graph\">{\"@context\":\"https:\\\/\\\/schema.org\",\"@graph\":[{\"@type\":\"WebPage\",\"@id\":\"https:\\\/\\\/www.sts-education.com\\\/de-at\\\/gastfamilie\\\/gastfamilie-werden\\\/step-by-step-so-werden-sie-zur-gastfamilie\\\/\",\"url\":\"https:\\\/\\\/www.sts-education.com\\\/de-at\\\/gastfamilie\\\/gastfamilie-werden\\\/step-by-step-so-werden-sie-zur-gastfamilie\\\/\",\"name\":\"Step by Step \u2013 So werdet ihr Gastfamilie\",\"isPartOf\":{\"@id\":\"https:\\\/\\\/www.sts-education.com\\\/de-at\\\/#website\"},\"primaryImageOfPage\":{\"@id\":\"https:\\\/\\\/www.sts-education.com\\\/de-at\\\/gastfamilie\\\/gastfamilie-werden\\\/step-by-step-so-werden-sie-zur-gastfamilie\\\/#primaryimage\"},\"image\":{\"@id\":\"https:\\\/\\\/www.sts-education.com\\\/de-at\\\/gastfamilie\\\/gastfamilie-werden\\\/step-by-step-so-werden-sie-zur-gastfamilie\\\/#primaryimage\"},\"thumbnailUrl\":\"https:\\\/\\\/cdn.sts-education.com\\\/12665_hero_lg_xl.jpg\",\"datePublished\":\"2019-03-12T10:29:24+00:00\",\"dateModified\":\"2026-04-15T09:35:39+00:00\",\"description\":\"Rufen Sie uns an oder f\u00fcllen sie den unverbindlichen Interessentenbogen aus. Wir kontaktieren Sie und erz\u00e4hlen Ihnen alles was Sie zum Thema Gastfamilie wissen m\u00f6chten.\",\"breadcrumb\":{\"@id\":\"https:\\\/\\\/www.sts-education.com\\\/de-at\\\/gastfamilie\\\/gastfamilie-werden\\\/step-by-step-so-werden-sie-zur-gastfamilie\\\/#breadcrumb\"},\"inLanguage\":\"de-AT\",\"potentialAction\":[{\"@type\":\"ReadAction\",\"target\":[\"https:\\\/\\\/www.sts-education.com\\\/de-at\\\/gastfamilie\\\/gastfamilie-werden\\\/step-by-step-so-werden-sie-zur-gastfamilie\\\/\"]}]},{\"@type\":\"ImageObject\",\"inLanguage\":\"de-AT\",\"@id\":\"https:\\\/\\\/www.sts-education.com\\\/de-at\\\/gastfamilie\\\/gastfamilie-werden\\\/step-by-step-so-werden-sie-zur-gastfamilie\\\/#primaryimage\",\"url\":\"https:\\\/\\\/cdn.sts-education.com\\\/12665_hero_lg_xl.jpg\",\"contentUrl\":\"https:\\\/\\\/cdn.sts-education.com\\\/12665_hero_lg_xl.jpg\"},{\"@type\":\"BreadcrumbList\",\"@id\":\"https:\\\/\\\/www.sts-education.com\\\/de-at\\\/gastfamilie\\\/gastfamilie-werden\\\/step-by-step-so-werden-sie-zur-gastfamilie\\\/#breadcrumb\",\"itemListElement\":[{\"@type\":\"ListItem\",\"position\":1,\"name\":\"Home\",\"item\":\"https:\\\/\\\/www.sts-education.com\\\/de-at\\\/sample-page\\\/\"},{\"@type\":\"ListItem\",\"position\":2,\"name\":\"Gastfamilie\",\"item\":\"https:\\\/\\\/www.sts-education.com\\\/de-at\\\/gastfamilie\\\/\"},{\"@type\":\"ListItem\",\"position\":3,\"name\":\"Gastfamilie Werden\",\"item\":\"https:\\\/\\\/www.sts-education.com\\\/de-at\\\/gastfamilie\\\/gastfamilie-werden\\\/\"},{\"@type\":\"ListItem\",\"position\":4,\"name\":\"Step By Step So Werden Sie Zur Gastfamilie\"}]},{\"@type\":\"WebSite\",\"@id\":\"https:\\\/\\\/www.sts-education.com\\\/de-at\\\/#website\",\"url\":\"https:\\\/\\\/www.sts-education.com\\\/de-at\\\/\",\"name\":\"STS Education\",\"description\":\"\",\"potentialAction\":[{\"@type\":\"SearchAction\",\"target\":{\"@type\":\"EntryPoint\",\"urlTemplate\":\"https:\\\/\\\/www.sts-education.com\\\/de-at\\\/?s={search_term_string}\"},\"query-input\":{\"@type\":\"PropertyValueSpecification\",\"valueRequired\":true,\"valueName\":\"search_term_string\"}}],\"inLanguage\":\"de-AT\"}]}<\/script>\n<!-- \/ Yoast SEO Premium plugin. -->","yoast_head_json":{"title":"Step by Step \u2013 So werdet ihr Gastfamilie","description":"Rufen Sie uns an oder f\u00fcllen sie den unverbindlichen Interessentenbogen aus. Wir kontaktieren Sie und erz\u00e4hlen Ihnen alles was Sie zum Thema Gastfamilie wissen m\u00f6chten.","robots":{"index":"index","follow":"follow","max-snippet":"max-snippet:-1","max-image-preview":"max-image-preview:large","max-video-preview":"max-video-preview:-1"},"canonical":"https:\/\/www.sts-education.com\/de-at\/gastfamilie\/gastfamilie-werden\/step-by-step-so-werden-sie-zur-gastfamilie\/","og_locale":"de_DE","og_type":"article","og_title":"Step By Step So Werden Sie Zur Gastfamilie","og_description":"Rufen Sie uns an oder f\u00fcllen sie den unverbindlichen Interessentenbogen aus. Wir kontaktieren Sie und erz\u00e4hlen Ihnen alles was Sie zum Thema Gastfamilie wissen m\u00f6chten.","og_url":"https:\/\/www.sts-education.com\/de-at\/gastfamilie\/gastfamilie-werden\/step-by-step-so-werden-sie-zur-gastfamilie\/","og_site_name":"STS Education","article_modified_time":"2026-04-15T09:35:39+00:00","og_image":[{"url":"https:\/\/cdn.sts-education.com\/12665_hero_lg_xl.jpg","type":"","width":"","height":""}],"twitter_card":"summary_large_image","twitter_misc":{"Gesch\u00e4tzte Lesezeit":"1 Minute"},"schema":{"@context":"https:\/\/schema.org","@graph":[{"@type":"WebPage","@id":"https:\/\/www.sts-education.com\/de-at\/gastfamilie\/gastfamilie-werden\/step-by-step-so-werden-sie-zur-gastfamilie\/","url":"https:\/\/www.sts-education.com\/de-at\/gastfamilie\/gastfamilie-werden\/step-by-step-so-werden-sie-zur-gastfamilie\/","name":"Step by Step \u2013 So werdet ihr Gastfamilie","isPartOf":{"@id":"https:\/\/www.sts-education.com\/de-at\/#website"},"primaryImageOfPage":{"@id":"https:\/\/www.sts-education.com\/de-at\/gastfamilie\/gastfamilie-werden\/step-by-step-so-werden-sie-zur-gastfamilie\/#primaryimage"},"image":{"@id":"https:\/\/www.sts-education.com\/de-at\/gastfamilie\/gastfamilie-werden\/step-by-step-so-werden-sie-zur-gastfamilie\/#primaryimage"},"thumbnailUrl":"https:\/\/cdn.sts-education.com\/12665_hero_lg_xl.jpg","datePublished":"2019-03-12T10:29:24+00:00","dateModified":"2026-04-15T09:35:39+00:00","description":"Rufen Sie uns an oder f\u00fcllen sie den unverbindlichen Interessentenbogen aus. Wir kontaktieren Sie und erz\u00e4hlen Ihnen alles was Sie zum Thema Gastfamilie wissen m\u00f6chten.","breadcrumb":{"@id":"https:\/\/www.sts-education.com\/de-at\/gastfamilie\/gastfamilie-werden\/step-by-step-so-werden-sie-zur-gastfamilie\/#breadcrumb"},"inLanguage":"de-AT","potentialAction":[{"@type":"ReadAction","target":["https:\/\/www.sts-education.com\/de-at\/gastfamilie\/gastfamilie-werden\/step-by-step-so-werden-sie-zur-gastfamilie\/"]}]},{"@type":"ImageObject","inLanguage":"de-AT","@id":"https:\/\/www.sts-education.com\/de-at\/gastfamilie\/gastfamilie-werden\/step-by-step-so-werden-sie-zur-gastfamilie\/#primaryimage","url":"https:\/\/cdn.sts-education.com\/12665_hero_lg_xl.jpg","contentUrl":"https:\/\/cdn.sts-education.com\/12665_hero_lg_xl.jpg"},{"@type":"BreadcrumbList","@id":"https:\/\/www.sts-education.com\/de-at\/gastfamilie\/gastfamilie-werden\/step-by-step-so-werden-sie-zur-gastfamilie\/#breadcrumb","itemListElement":[{"@type":"ListItem","position":1,"name":"Home","item":"https:\/\/www.sts-education.com\/de-at\/sample-page\/"},{"@type":"ListItem","position":2,"name":"Gastfamilie","item":"https:\/\/www.sts-education.com\/de-at\/gastfamilie\/"},{"@type":"ListItem","position":3,"name":"Gastfamilie Werden","item":"https:\/\/www.sts-education.com\/de-at\/gastfamilie\/gastfamilie-werden\/"},{"@type":"ListItem","position":4,"name":"Step By Step So Werden Sie Zur Gastfamilie"}]},{"@type":"WebSite","@id":"https:\/\/www.sts-education.com\/de-at\/#website","url":"https:\/\/www.sts-education.com\/de-at\/","name":"STS Education","description":"","potentialAction":[{"@type":"SearchAction","target":{"@type":"EntryPoint","urlTemplate":"https:\/\/www.sts-education.com\/de-at\/?s={search_term_string}"},"query-input":{"@type":"PropertyValueSpecification","valueRequired":true,"valueName":"search_term_string"}}],"inLanguage":"de-AT"}]}},"_links":{"self":[{"href":"https:\/\/www.sts-education.com\/de-at\/wp-json\/wp\/v2\/pages\/10317","targetHints":{"allow":["GET"]}}],"collection":[{"href":"https:\/\/www.sts-education.com\/de-at\/wp-json\/wp\/v2\/pages"}],"about":[{"href":"https:\/\/www.sts-education.com\/de-at\/wp-json\/wp\/v2\/types\/page"}],"author":[{"embeddable":true,"href":"https:\/\/www.sts-education.com\/de-at\/wp-json\/wp\/v2\/users\/20"}],"replies":[{"embeddable":true,"href":"https:\/\/www.sts-education.com\/de-at\/wp-json\/wp\/v2\/comments?post=10317"}],"version-history":[{"count":5,"href":"https:\/\/www.sts-education.com\/de-at\/wp-json\/wp\/v2\/pages\/10317\/revisions"}],"predecessor-version":[{"id":35435,"href":"https:\/\/www.sts-education.com\/de-at\/wp-json\/wp\/v2\/pages\/10317\/revisions\/35435"}],"up":[{"embeddable":true,"href":"https:\/\/www.sts-education.com\/de-at\/wp-json\/wp\/v2\/pages\/27794"}],"wp:attachment":[{"href":"https:\/\/www.sts-education.com\/de-at\/wp-json\/wp\/v2\/media?parent=10317"}],"wp:term":[{"taxonomy":"wpw_page_folders","embeddable":true,"href":"https:\/\/www.sts-education.com\/de-at\/wp-json\/wp\/v2\/wpw_page_folders?post=10317"}],"curies":[{"name":"wp","href":"https:\/\/api.w.org\/{rel}","templated":true}]}}