{"id":10323,"date":"2025-12-16T10:19:15","date_gmt":"2025-12-16T10:19:15","guid":{"rendered":"https:\/\/preprod.sts-education.com\/high-school\/fakten-und-preise\/buchung-und-zahlung\/"},"modified":"2026-04-15T15:10:40","modified_gmt":"2026-04-15T15:10:40","slug":"buchung-und-zahlung","status":"publish","type":"page","link":"https:\/\/www.sts-education.com\/de-at\/high-school\/fakten-und-preise\/buchung-und-zahlung\/","title":{"rendered":"Buchung Und Zahlung"},"content":{"rendered":"\n<section class=\"wp-block-sts-hero sts-block-hero sts-block-hero is-variant-full-background has-text-light has-background-media\" style=\"--sts-hero-padding-mobile:0px;--sts-hero-padding-desktop:0px;--sts-hero-text-color:var(--wp--preset--color--base-10, #fff)\" data-variant=\"full-background\"><div class=\"sts-block-hero__background\"><picture class=\"sts-responsive-image has-pos-center is-skeleton\"><img src=\"https:\/\/cdn.sts-education.com\/12578_hero_lg_xl.jpg\" alt=\"Buchung und Zahlung\" loading=\"lazy\" decoding=\"async\" fetchpriority=\"low\" sizes=\"(max-width: 640px) max(100vw, calc(clamp(320px, 100vh, 720px) * 9 \/ 16)), (max-width: 840px) max(100vw, calc(clamp(320px, 100vh, 720px) * 1 \/ 1)), max(100vw, calc(clamp(320px, 100vh, 720px) * 16 \/ 9))\" style=\"object-position:center\"\/><\/picture><span class=\"sts-block-hero__overlay\" aria-hidden=\"true\"><\/span><\/div><div class=\"sts-block-hero__inner\"><div class=\"sts-block-hero__content has-align-center\"><div class=\"sts-block-hero__content-inner\"><h1 class=\"sts-block-hero__heading\">Buchung und Zahlung<\/h1><\/div><\/div><\/div><\/section>\n\n\n\n<div class=\"wp-block-sts-text sts-text-editor has-max-width-md\"><div class=\"sts-text-editor__content\"><div class=\"sts-text-editor__content-inner\">\n<h2>Anmeldegeb\u00fchr<\/h2>\n<p>Wenn du dich f\u00fcr ein Austauschprogramm bei uns bewirbst und wir dich akzeptieren, wird eine Anmeldegeb\u00fchr f\u00e4llig. Damit best\u00e4tigst du, dass wir mit deiner Bewerbung arbeiten sollen. Dies wird von allen Austauschorganisationen so gehandhabt.<\/p>\n<p>Die Anmeldegeb\u00fchr nach Vertragsabschluss betr\u00e4gt EUR 1000, egal f\u00fcr welches Land du dich bewirbst und ist im Gesamtpreis deines Programms enthalten.<\/p>\n<h2>Programmgeb\u00fchr<\/h2>\n<p>Wieviel dein Austausch kostet, h\u00e4ngt von deinem Gastland, der Programml\u00e4nge und eventuellen Zusatzoptionen ab. Unter jedem Gastland siehst du die Programmgeb\u00fchr f\u00fcr ein Classic High School-Programm.<\/p>\n<p>F\u00fcr Programme mit Start im Sommer\/Herbst gilt der folgende Zahlungsplan, angegeben in Prozent der gesamten Programmkosten:<\/p>\n<p><em>Eventuelle Rabatte, Stipendien und\/oder Zusatzoptionen werden auf der Abschussrechnung berechnet, die zum 15. Juni f\u00e4llig wird. Erfahre mehr dar\u00fcber, was <a href=\"https:\/\/www.sts-education.com\/de-at\/high-school\/fakten-und-preise\/das-ist-inklusive\/\">in den Programmkosten enthalten ist<\/a> und welche zus\u00e4tzlichen Kosten anfallen k\u00f6nnen.<\/em><\/p>\n<h2>Versicherungen<\/h2>\n<p>Alle STS Sch\u00fcler: brauchen f\u00fcr die gesamte Dauer ihres Austausches eine g\u00fcltige Versicherung. Wir bieten ein ma\u00dfgeschneidertes Versicherungspaket f\u00fcr Austauschsch\u00fcler an, das Krankheit, Unf\u00e4lle, Haftpflicht und Gep\u00e4ck abdeckt und von den Beh\u00f6rden und Schulen in deinem Gastland anerkannt ist.<\/p>\n<p>Wenn du eine andere Versicherung nutzen m\u00f6chtest, muss diese von den Beh\u00f6rden und Schulen in deinem Gastland anerkannt sein. Ohne ausreichenden Versicherungsschutz k\u00f6nnen wir leider keine Platzierung garantieren und du haftest f\u00fcr eventuell entstehende Kosten. Bitte sprich uns auf deinen Versicherungswunsch an und wir stellen sicher, dass du ausreichend abgesichert in den Austausch startest.<\/p>\n<h2>Reiser\u00fccktrittsversicherung<\/h2>\n<h3>Stornierung deines Austausches<\/h3>\n<p>Wenn du dich entscheidest, mehr als f\u00fcnf Monate vor Abreise von deinem Austausch zur\u00fcckzutreten, beh\u00e4lt STS die Anmeldegeb\u00fchr ein. Hiermit entsprechen wir der Vereinbarung zum internationalen Jugendaustausch, die reguliert, welcher Anteil der Programmgeb\u00fchren erstattet wird, je nachdem, wie dicht am Abreisedatum die Stornierung eingeht. Wenn du bei der Buchung eine Reiser\u00fccktrittsversicherung abschlie\u00dft, gelten die Erstattungsbedingungen der Versicherung.<\/p>\n<h2>Reiser\u00fccktrittsversicherung<\/h2>\n<p>Wir bieten zwei verschiedene Arten des Stornierungsschutzes als Zusatzoptionen, wenn du dein Austauschjahr mit uns buchst:<\/p>\n<p><strong>Standard:<\/strong> Unsere beliebteste Reiser\u00fccktrittversicherung ist jetzt noch besser: Sie erstattet die gezahlten Programmgeb\u00fchren* komplett im Fall von Krankheit, Unfall oder einem Tod in der Familie, bei Nachweis durch ein \u00e4rztliches Zertifikat.<\/p>\n<p>Kosten:<strong> EUR 395<\/strong>.<\/p>\n<p><strong>Erweiterte Reiser\u00fccktrittsversicherung:<\/strong> Die erweiterte Reiser\u00fccktrittversicherung erstattet die gezahlten Programmgeb\u00fchren* komplett, unabh\u00e4ngig vom Grund der Stornierung, solange du nicht sp\u00e4ter als 10 Tage vor Abreise stornierst.<\/p>\n<p>Kosten: <strong>EUR 1 500<\/strong> f\u00fcr unser Classic-Programm, <strong>EUR 750<\/strong> f\u00fcr unser Select-Programm (dies umfasst nur die Geb\u00fchren, die an STS gezahlt werden).<\/p>\n<p><em>*au\u00dfer den Kosten der Reiser\u00fccktrittversicherung selbst.<\/em><\/p>\n<h2>Fragen zu deiner Zahlung<\/h2>\n<p>Wenn du Fragen zu deiner Zahlung, der Finanzierung, Versicherungen, zur Gastfamilie oder zu Zusatzoptionen hast, kontaktiere uns bitte und wir helfen dir gerne weiter. Du erreichst uns unter <a href=\"tel:+43-1-7152692\">+43-(0)1-7152692<\/a> oder per E-Mail an <a href=\"mailto:hello.at@sts-education.com\">hello.at@sts-education.com<\/a>.<\/p>\n<\/div><\/div><\/div>\n","protected":false},"excerpt":{"rendered":"","protected":false},"author":20,"featured_media":0,"parent":10303,"menu_order":0,"comment_status":"closed","ping_status":"closed","template":"templates\/template-default-with-breadcrumbs.php","meta":{"_acf_changed":false,"sts_page_background_color":"","footnotes":""},"wpw_page_folders":[86],"class_list":["post-10323","page","type-page","status-publish","hentry"],"acf":[],"yoast_head":"<!-- This site is optimized with the Yoast SEO Premium plugin v27.2 (Yoast SEO v27.3) - https:\/\/yoast.com\/product\/yoast-seo-premium-wordpress\/ -->\n<title>Buchung und sichere Zahlung f\u00fcr dein Austauschjahr | STS<\/title>\n<meta name=\"description\" content=\"Wenn du dich f\u00fcr ein Austauschprogramm bei uns bewirbst und wir dich akzeptieren, wird eine Anmeldegeb\u00fchr f\u00e4llig. Die Zahlung erfolgt dann in mehreren Raten.\" \/>\n<meta name=\"robots\" content=\"index, follow, max-snippet:-1, max-image-preview:large, max-video-preview:-1\" \/>\n<link rel=\"canonical\" href=\"https:\/\/www.sts-education.com\/de-at\/high-school\/fakten-und-preise\/buchung-und-zahlung\/\" \/>\n<meta property=\"og:locale\" content=\"de_DE\" \/>\n<meta property=\"og:type\" content=\"article\" \/>\n<meta property=\"og:title\" content=\"Buchung Und Zahlung\" \/>\n<meta property=\"og:description\" content=\"Wenn du dich f\u00fcr ein Austauschprogramm bei uns bewirbst und wir dich akzeptieren, wird eine Anmeldegeb\u00fchr f\u00e4llig. Die Zahlung erfolgt dann in mehreren Raten.\" \/>\n<meta property=\"og:url\" content=\"https:\/\/www.sts-education.com\/de-at\/high-school\/fakten-und-preise\/buchung-und-zahlung\/\" \/>\n<meta property=\"og:site_name\" content=\"STS Education\" \/>\n<meta property=\"article:modified_time\" content=\"2026-04-15T15:10:40+00:00\" \/>\n<meta property=\"og:image\" content=\"https:\/\/cdn.sts-education.com\/12578_hero_lg_xl.jpg\" \/>\n<meta name=\"twitter:card\" content=\"summary_large_image\" \/>\n<meta name=\"twitter:label1\" content=\"Gesch\u00e4tzte Lesezeit\" \/>\n\t<meta name=\"twitter:data1\" content=\"3 Minuten\" \/>\n<script type=\"application\/ld+json\" class=\"yoast-schema-graph\">{\"@context\":\"https:\\\/\\\/schema.org\",\"@graph\":[{\"@type\":\"WebPage\",\"@id\":\"https:\\\/\\\/www.sts-education.com\\\/de-at\\\/high-school\\\/fakten-und-preise\\\/buchung-und-zahlung\\\/\",\"url\":\"https:\\\/\\\/www.sts-education.com\\\/de-at\\\/high-school\\\/fakten-und-preise\\\/buchung-und-zahlung\\\/\",\"name\":\"Buchung und sichere Zahlung f\u00fcr dein Austauschjahr | STS\",\"isPartOf\":{\"@id\":\"https:\\\/\\\/www.sts-education.com\\\/de-at\\\/#website\"},\"primaryImageOfPage\":{\"@id\":\"https:\\\/\\\/www.sts-education.com\\\/de-at\\\/high-school\\\/fakten-und-preise\\\/buchung-und-zahlung\\\/#primaryimage\"},\"image\":{\"@id\":\"https:\\\/\\\/www.sts-education.com\\\/de-at\\\/high-school\\\/fakten-und-preise\\\/buchung-und-zahlung\\\/#primaryimage\"},\"thumbnailUrl\":\"https:\\\/\\\/cdn.sts-education.com\\\/12578_hero_lg_xl.jpg\",\"datePublished\":\"2025-12-16T10:19:15+00:00\",\"dateModified\":\"2026-04-15T15:10:40+00:00\",\"description\":\"Wenn du dich f\u00fcr ein Austauschprogramm bei uns bewirbst und wir dich akzeptieren, wird eine Anmeldegeb\u00fchr f\u00e4llig. Die Zahlung erfolgt dann in mehreren Raten.\",\"breadcrumb\":{\"@id\":\"https:\\\/\\\/www.sts-education.com\\\/de-at\\\/high-school\\\/fakten-und-preise\\\/buchung-und-zahlung\\\/#breadcrumb\"},\"inLanguage\":\"de-AT\",\"potentialAction\":[{\"@type\":\"ReadAction\",\"target\":[\"https:\\\/\\\/www.sts-education.com\\\/de-at\\\/high-school\\\/fakten-und-preise\\\/buchung-und-zahlung\\\/\"]}]},{\"@type\":\"ImageObject\",\"inLanguage\":\"de-AT\",\"@id\":\"https:\\\/\\\/www.sts-education.com\\\/de-at\\\/high-school\\\/fakten-und-preise\\\/buchung-und-zahlung\\\/#primaryimage\",\"url\":\"https:\\\/\\\/cdn.sts-education.com\\\/12578_hero_lg_xl.jpg\",\"contentUrl\":\"https:\\\/\\\/cdn.sts-education.com\\\/12578_hero_lg_xl.jpg\"},{\"@type\":\"BreadcrumbList\",\"@id\":\"https:\\\/\\\/www.sts-education.com\\\/de-at\\\/high-school\\\/fakten-und-preise\\\/buchung-und-zahlung\\\/#breadcrumb\",\"itemListElement\":[{\"@type\":\"ListItem\",\"position\":1,\"name\":\"Home\",\"item\":\"https:\\\/\\\/www.sts-education.com\\\/de-at\\\/sample-page\\\/\"},{\"@type\":\"ListItem\",\"position\":2,\"name\":\"High School\",\"item\":\"https:\\\/\\\/www.sts-education.com\\\/de-at\\\/high-school\\\/\"},{\"@type\":\"ListItem\",\"position\":3,\"name\":\"Fakten Und Preise\",\"item\":\"https:\\\/\\\/www.sts-education.com\\\/de-at\\\/high-school\\\/fakten-und-preise\\\/\"},{\"@type\":\"ListItem\",\"position\":4,\"name\":\"Buchung Und Zahlung\"}]},{\"@type\":\"WebSite\",\"@id\":\"https:\\\/\\\/www.sts-education.com\\\/de-at\\\/#website\",\"url\":\"https:\\\/\\\/www.sts-education.com\\\/de-at\\\/\",\"name\":\"STS Education\",\"description\":\"\",\"potentialAction\":[{\"@type\":\"SearchAction\",\"target\":{\"@type\":\"EntryPoint\",\"urlTemplate\":\"https:\\\/\\\/www.sts-education.com\\\/de-at\\\/?s={search_term_string}\"},\"query-input\":{\"@type\":\"PropertyValueSpecification\",\"valueRequired\":true,\"valueName\":\"search_term_string\"}}],\"inLanguage\":\"de-AT\"}]}<\/script>\n<!-- \/ Yoast SEO Premium plugin. -->","yoast_head_json":{"title":"Buchung und sichere Zahlung f\u00fcr dein Austauschjahr | STS","description":"Wenn du dich f\u00fcr ein Austauschprogramm bei uns bewirbst und wir dich akzeptieren, wird eine Anmeldegeb\u00fchr f\u00e4llig. Die Zahlung erfolgt dann in mehreren Raten.","robots":{"index":"index","follow":"follow","max-snippet":"max-snippet:-1","max-image-preview":"max-image-preview:large","max-video-preview":"max-video-preview:-1"},"canonical":"https:\/\/www.sts-education.com\/de-at\/high-school\/fakten-und-preise\/buchung-und-zahlung\/","og_locale":"de_DE","og_type":"article","og_title":"Buchung Und Zahlung","og_description":"Wenn du dich f\u00fcr ein Austauschprogramm bei uns bewirbst und wir dich akzeptieren, wird eine Anmeldegeb\u00fchr f\u00e4llig. Die Zahlung erfolgt dann in mehreren Raten.","og_url":"https:\/\/www.sts-education.com\/de-at\/high-school\/fakten-und-preise\/buchung-und-zahlung\/","og_site_name":"STS Education","article_modified_time":"2026-04-15T15:10:40+00:00","og_image":[{"url":"https:\/\/cdn.sts-education.com\/12578_hero_lg_xl.jpg","type":"","width":"","height":""}],"twitter_card":"summary_large_image","twitter_misc":{"Gesch\u00e4tzte Lesezeit":"3 Minuten"},"schema":{"@context":"https:\/\/schema.org","@graph":[{"@type":"WebPage","@id":"https:\/\/www.sts-education.com\/de-at\/high-school\/fakten-und-preise\/buchung-und-zahlung\/","url":"https:\/\/www.sts-education.com\/de-at\/high-school\/fakten-und-preise\/buchung-und-zahlung\/","name":"Buchung und sichere Zahlung f\u00fcr dein Austauschjahr | STS","isPartOf":{"@id":"https:\/\/www.sts-education.com\/de-at\/#website"},"primaryImageOfPage":{"@id":"https:\/\/www.sts-education.com\/de-at\/high-school\/fakten-und-preise\/buchung-und-zahlung\/#primaryimage"},"image":{"@id":"https:\/\/www.sts-education.com\/de-at\/high-school\/fakten-und-preise\/buchung-und-zahlung\/#primaryimage"},"thumbnailUrl":"https:\/\/cdn.sts-education.com\/12578_hero_lg_xl.jpg","datePublished":"2025-12-16T10:19:15+00:00","dateModified":"2026-04-15T15:10:40+00:00","description":"Wenn du dich f\u00fcr ein Austauschprogramm bei uns bewirbst und wir dich akzeptieren, wird eine Anmeldegeb\u00fchr f\u00e4llig. Die Zahlung erfolgt dann in mehreren Raten.","breadcrumb":{"@id":"https:\/\/www.sts-education.com\/de-at\/high-school\/fakten-und-preise\/buchung-und-zahlung\/#breadcrumb"},"inLanguage":"de-AT","potentialAction":[{"@type":"ReadAction","target":["https:\/\/www.sts-education.com\/de-at\/high-school\/fakten-und-preise\/buchung-und-zahlung\/"]}]},{"@type":"ImageObject","inLanguage":"de-AT","@id":"https:\/\/www.sts-education.com\/de-at\/high-school\/fakten-und-preise\/buchung-und-zahlung\/#primaryimage","url":"https:\/\/cdn.sts-education.com\/12578_hero_lg_xl.jpg","contentUrl":"https:\/\/cdn.sts-education.com\/12578_hero_lg_xl.jpg"},{"@type":"BreadcrumbList","@id":"https:\/\/www.sts-education.com\/de-at\/high-school\/fakten-und-preise\/buchung-und-zahlung\/#breadcrumb","itemListElement":[{"@type":"ListItem","position":1,"name":"Home","item":"https:\/\/www.sts-education.com\/de-at\/sample-page\/"},{"@type":"ListItem","position":2,"name":"High School","item":"https:\/\/www.sts-education.com\/de-at\/high-school\/"},{"@type":"ListItem","position":3,"name":"Fakten Und Preise","item":"https:\/\/www.sts-education.com\/de-at\/high-school\/fakten-und-preise\/"},{"@type":"ListItem","position":4,"name":"Buchung Und Zahlung"}]},{"@type":"WebSite","@id":"https:\/\/www.sts-education.com\/de-at\/#website","url":"https:\/\/www.sts-education.com\/de-at\/","name":"STS Education","description":"","potentialAction":[{"@type":"SearchAction","target":{"@type":"EntryPoint","urlTemplate":"https:\/\/www.sts-education.com\/de-at\/?s={search_term_string}"},"query-input":{"@type":"PropertyValueSpecification","valueRequired":true,"valueName":"search_term_string"}}],"inLanguage":"de-AT"}]}},"_links":{"self":[{"href":"https:\/\/www.sts-education.com\/de-at\/wp-json\/wp\/v2\/pages\/10323","targetHints":{"allow":["GET"]}}],"collection":[{"href":"https:\/\/www.sts-education.com\/de-at\/wp-json\/wp\/v2\/pages"}],"about":[{"href":"https:\/\/www.sts-education.com\/de-at\/wp-json\/wp\/v2\/types\/page"}],"author":[{"embeddable":true,"href":"https:\/\/www.sts-education.com\/de-at\/wp-json\/wp\/v2\/users\/20"}],"replies":[{"embeddable":true,"href":"https:\/\/www.sts-education.com\/de-at\/wp-json\/wp\/v2\/comments?post=10323"}],"version-history":[{"count":8,"href":"https:\/\/www.sts-education.com\/de-at\/wp-json\/wp\/v2\/pages\/10323\/revisions"}],"predecessor-version":[{"id":37106,"href":"https:\/\/www.sts-education.com\/de-at\/wp-json\/wp\/v2\/pages\/10323\/revisions\/37106"}],"up":[{"embeddable":true,"href":"https:\/\/www.sts-education.com\/de-at\/wp-json\/wp\/v2\/pages\/10303"}],"wp:attachment":[{"href":"https:\/\/www.sts-education.com\/de-at\/wp-json\/wp\/v2\/media?parent=10323"}],"wp:term":[{"taxonomy":"wpw_page_folders","embeddable":true,"href":"https:\/\/www.sts-education.com\/de-at\/wp-json\/wp\/v2\/wpw_page_folders?post=10323"}],"curies":[{"name":"wp","href":"https:\/\/api.w.org\/{rel}","templated":true}]}}