{"id":10324,"date":"2025-12-16T10:18:24","date_gmt":"2025-12-16T10:18:24","guid":{"rendered":"https:\/\/preprod.sts-education.com\/high-school\/fakten-und-preise\/das-ist-inklusive\/"},"modified":"2026-04-15T14:08:36","modified_gmt":"2026-04-15T14:08:36","slug":"das-ist-inklusive","status":"publish","type":"page","link":"https:\/\/www.sts-education.com\/de-at\/high-school\/fakten-und-preise\/das-ist-inklusive\/","title":{"rendered":"Das Ist Inklusive"},"content":{"rendered":"\n<section class=\"wp-block-sts-hero sts-block-hero is-variant-full-background has-text-light has-background-media\" style=\"--sts-hero-padding-mobile:0px;--sts-hero-padding-desktop:0px;--sts-hero-text-color:var(--wp--preset--color--base-10, #fff);\" data-variant=\"full-background\"><div class=\"sts-block-hero__background\"><picture class=\"sts-responsive-image has-fit-cover is-skeleton\"><img src=\"https:\/\/cdn.sts-education.com\/12639_hero_lg_xl.jpg\" alt=\"Das ist inklusive\" loading=\"lazy\" decoding=\"async\" fetchpriority=\"low\" sizes=\"100vw\" \/><\/picture><span class=\"sts-block-hero__overlay\" aria-hidden=\"true\"><\/span><\/div><div class=\"sts-block-hero__inner\"><div class=\"sts-block-hero__content has-align-center\"><div class=\"sts-block-hero__content-inner\"><h1 class=\"sts-block-hero__heading\">Das ist inklusive<\/h1><\/div><\/div><\/div><\/section>\n\n\n\n<div class=\"wp-block-sts-text sts-text-editor has-max-width-md\"><div class=\"sts-text-editor__content\"><div class=\"sts-text-editor__content-inner\">\n<p>Ein High School-Jahr ist voll unvergesslicher Momente. Bald wirst du sie selbst erleben und die Erinnerungen daran werden dich dein ganzes Leben lang begleiten.<\/p>\n<p>F\u00fcr deinen Austausch mit STS stehen dir langj\u00e4hrig erfahrene und kompetente High School-Expert:innen zur Seite. Wir beraten dich und statten dich mit allen n\u00f6tigen Informationen und Vorbereitungsmaterial aus. Damit dein Austausch so gro\u00dfartig wird, wie du ihn dir ertr\u00e4umst.<\/p>\n<h2>Das alles ist bei STS inklusive<\/h2>\n<ul>\n<li>Interview, Infomeetings, Webinare, Vorbereitungstreffen und Materialien, die dich und deine Eltern auf das Auslandsjahr bestens vorbereiten.<\/li>\n<li>Das STS Welcome Camp ist an fast allen Reisezielen f\u00fcr Programmstarts im Sommer\/Herbst inklusive.<\/li>\n<li>An- und Abreise ins Gastland (inklusive Flugsteuern).<\/li>\n<li>Abreisegarantie \u2013 Wenn du aufgenommen wirst und aus irgendeinem Grund nicht die Destination bekommst, die du urspr\u00fcnglich gew\u00e4hlt hast, k\u00f6nnen wir dir immer eine Alternative anbieten.<\/li>\n<li>STS Rucksack.<\/li>\n<li>Ein\/Eine STS Mitarbeiter:in oder deine Gastfamilie erwarten dich bei Ankunft am Flughafen (oder Bahnhof).<\/li>\n<li>Platzierung in einer Gastfamilie mit Vollpension.<\/li>\n<li>Lokale Betreungsperson, das STS oder Partnerb\u00fcro im Gastland, das STS B\u00fcro in \u00d6sterreich und unser Hauptquartier in Schweden sind das ganze Programm hindurch f\u00fcr dich da.<\/li>\n<li>Die Beschulung in einer High School, Schulb\u00fccher f\u00fcr Pflichtf\u00e4cher (bis zu einem Wert von 100 USD).<\/li>\n<li>24-Stunden Telefonservice. Du kannst uns jederzeit erreichen.<\/li>\n<li>Pers\u00f6nliche Treffen w\u00e4hrend deines Austausches mit lokalen Betreuer:innen und anderen Austauschsch\u00fcler:innen.<\/li>\n<li>Zertifikat nach Abschluss deines Austausches.<\/li>\n<\/ul>\n<h2>Zus\u00e4tzliche Kosten<\/h2>\n<p>Dar\u00fcber hinaus gibt es einige Posten, die du als <a href=\"https:\/\/www.sts-education.com\/de-at\/high-school\/fakten-und-preise\/extras\/\">Extras<\/a> w\u00e4hlen kannst sowie zus\u00e4tzliche Kosten, die du f\u00fcr dein Austauschjahr einplanen solltest. Zus\u00e4tzliche Kosten sind:<\/p>\n<ul>\n<li>Medizinische Untersuchungen<\/li>\n<li>Impfungen, falls verlangt<\/li>\n<li>Visum und damit verbundene Geb\u00fchren, sofern n\u00f6tig<\/li>\n<li>Reiser\u00fccktrittversicherung<\/li>\n<li>Taschengeld<\/li>\n<li>Hygieneprodukte<\/li>\n<li>Reisen und Freizeitaktivit\u00e4ten in deinem Gastland<\/li>\n<li>Schuluniform, sofern von deiner Schule vorgeschrieben<\/li>\n<li>Schulkantine<\/li>\n<li>Monatskarte\/Schulbus<\/li>\n<li>Versicherungen<\/li>\n<li>Eventuelle W\u00e4hrungszuschl\u00e4ge<\/li>\n<li>Falls du eine spezielle Ern\u00e4hrung ben\u00f6tigst, k\u00f6nnten daf\u00fcr zus\u00e4tzliche Kosten erhoben werden<\/li>\n<\/ul>\n<\/div><\/div><\/div>\n","protected":false},"excerpt":{"rendered":"","protected":false},"author":20,"featured_media":0,"parent":10303,"menu_order":0,"comment_status":"closed","ping_status":"closed","template":"templates\/template-default-with-breadcrumbs.php","meta":{"_acf_changed":false,"sts_page_background_color":"","footnotes":""},"wpw_page_folders":[86],"class_list":["post-10324","page","type-page","status-publish","hentry"],"acf":[],"yoast_head":"<!-- This site is optimized with the Yoast SEO Premium plugin v27.2 (Yoast SEO v27.3) - https:\/\/yoast.com\/product\/yoast-seo-premium-wordpress\/ -->\n<title>Was ist im Preis des Austauschjahres enthalten?<\/title>\n<meta name=\"description\" content=\"Mit den STS Programmgeb\u00fchren sind Interview, Welcome Camp, An- und Abreise, Schule, Unterbringung, ein Zertifikat und vieles mehr enthalten.\" \/>\n<meta name=\"robots\" content=\"index, follow, max-snippet:-1, max-image-preview:large, max-video-preview:-1\" \/>\n<link rel=\"canonical\" href=\"https:\/\/www.sts-education.com\/de-at\/high-school\/fakten-und-preise\/das-ist-inklusive\/\" \/>\n<meta property=\"og:locale\" content=\"de_DE\" \/>\n<meta property=\"og:type\" content=\"article\" \/>\n<meta property=\"og:title\" content=\"Das Ist Inklusive\" \/>\n<meta property=\"og:description\" content=\"Mit den STS Programmgeb\u00fchren sind Interview, Welcome Camp, An- und Abreise, Schule, Unterbringung, ein Zertifikat und vieles mehr enthalten.\" \/>\n<meta property=\"og:url\" content=\"https:\/\/www.sts-education.com\/de-at\/high-school\/fakten-und-preise\/das-ist-inklusive\/\" \/>\n<meta property=\"og:site_name\" content=\"STS Education\" \/>\n<meta property=\"article:modified_time\" content=\"2026-04-15T14:08:36+00:00\" \/>\n<meta property=\"og:image\" content=\"https:\/\/cdn.sts-education.com\/12639_hero_lg_xl.jpg\" \/>\n<meta name=\"twitter:card\" content=\"summary_large_image\" \/>\n<meta name=\"twitter:label1\" content=\"Gesch\u00e4tzte Lesezeit\" \/>\n\t<meta name=\"twitter:data1\" content=\"2 Minuten\" \/>\n<script type=\"application\/ld+json\" class=\"yoast-schema-graph\">{\"@context\":\"https:\\\/\\\/schema.org\",\"@graph\":[{\"@type\":\"WebPage\",\"@id\":\"https:\\\/\\\/www.sts-education.com\\\/de-at\\\/high-school\\\/fakten-und-preise\\\/das-ist-inklusive\\\/\",\"url\":\"https:\\\/\\\/www.sts-education.com\\\/de-at\\\/high-school\\\/fakten-und-preise\\\/das-ist-inklusive\\\/\",\"name\":\"Was ist im Preis des Austauschjahres enthalten?\",\"isPartOf\":{\"@id\":\"https:\\\/\\\/www.sts-education.com\\\/de-at\\\/#website\"},\"primaryImageOfPage\":{\"@id\":\"https:\\\/\\\/www.sts-education.com\\\/de-at\\\/high-school\\\/fakten-und-preise\\\/das-ist-inklusive\\\/#primaryimage\"},\"image\":{\"@id\":\"https:\\\/\\\/www.sts-education.com\\\/de-at\\\/high-school\\\/fakten-und-preise\\\/das-ist-inklusive\\\/#primaryimage\"},\"thumbnailUrl\":\"https:\\\/\\\/cdn.sts-education.com\\\/12639_hero_lg_xl.jpg\",\"datePublished\":\"2025-12-16T10:18:24+00:00\",\"dateModified\":\"2026-04-15T14:08:36+00:00\",\"description\":\"Mit den STS Programmgeb\u00fchren sind Interview, Welcome Camp, An- und Abreise, Schule, Unterbringung, ein Zertifikat und vieles mehr enthalten.\",\"breadcrumb\":{\"@id\":\"https:\\\/\\\/www.sts-education.com\\\/de-at\\\/high-school\\\/fakten-und-preise\\\/das-ist-inklusive\\\/#breadcrumb\"},\"inLanguage\":\"de-AT\",\"potentialAction\":[{\"@type\":\"ReadAction\",\"target\":[\"https:\\\/\\\/www.sts-education.com\\\/de-at\\\/high-school\\\/fakten-und-preise\\\/das-ist-inklusive\\\/\"]}]},{\"@type\":\"ImageObject\",\"inLanguage\":\"de-AT\",\"@id\":\"https:\\\/\\\/www.sts-education.com\\\/de-at\\\/high-school\\\/fakten-und-preise\\\/das-ist-inklusive\\\/#primaryimage\",\"url\":\"https:\\\/\\\/cdn.sts-education.com\\\/12639_hero_lg_xl.jpg\",\"contentUrl\":\"https:\\\/\\\/cdn.sts-education.com\\\/12639_hero_lg_xl.jpg\"},{\"@type\":\"BreadcrumbList\",\"@id\":\"https:\\\/\\\/www.sts-education.com\\\/de-at\\\/high-school\\\/fakten-und-preise\\\/das-ist-inklusive\\\/#breadcrumb\",\"itemListElement\":[{\"@type\":\"ListItem\",\"position\":1,\"name\":\"Home\",\"item\":\"https:\\\/\\\/www.sts-education.com\\\/de-at\\\/sample-page\\\/\"},{\"@type\":\"ListItem\",\"position\":2,\"name\":\"High School\",\"item\":\"https:\\\/\\\/www.sts-education.com\\\/de-at\\\/high-school\\\/\"},{\"@type\":\"ListItem\",\"position\":3,\"name\":\"Fakten Und Preise\",\"item\":\"https:\\\/\\\/www.sts-education.com\\\/de-at\\\/high-school\\\/fakten-und-preise\\\/\"},{\"@type\":\"ListItem\",\"position\":4,\"name\":\"Das Ist Inklusive\"}]},{\"@type\":\"WebSite\",\"@id\":\"https:\\\/\\\/www.sts-education.com\\\/de-at\\\/#website\",\"url\":\"https:\\\/\\\/www.sts-education.com\\\/de-at\\\/\",\"name\":\"STS Education\",\"description\":\"\",\"potentialAction\":[{\"@type\":\"SearchAction\",\"target\":{\"@type\":\"EntryPoint\",\"urlTemplate\":\"https:\\\/\\\/www.sts-education.com\\\/de-at\\\/?s={search_term_string}\"},\"query-input\":{\"@type\":\"PropertyValueSpecification\",\"valueRequired\":true,\"valueName\":\"search_term_string\"}}],\"inLanguage\":\"de-AT\"}]}<\/script>\n<!-- \/ Yoast SEO Premium plugin. -->","yoast_head_json":{"title":"Was ist im Preis des Austauschjahres enthalten?","description":"Mit den STS Programmgeb\u00fchren sind Interview, Welcome Camp, An- und Abreise, Schule, Unterbringung, ein Zertifikat und vieles mehr enthalten.","robots":{"index":"index","follow":"follow","max-snippet":"max-snippet:-1","max-image-preview":"max-image-preview:large","max-video-preview":"max-video-preview:-1"},"canonical":"https:\/\/www.sts-education.com\/de-at\/high-school\/fakten-und-preise\/das-ist-inklusive\/","og_locale":"de_DE","og_type":"article","og_title":"Das Ist Inklusive","og_description":"Mit den STS Programmgeb\u00fchren sind Interview, Welcome Camp, An- und Abreise, Schule, Unterbringung, ein Zertifikat und vieles mehr enthalten.","og_url":"https:\/\/www.sts-education.com\/de-at\/high-school\/fakten-und-preise\/das-ist-inklusive\/","og_site_name":"STS Education","article_modified_time":"2026-04-15T14:08:36+00:00","og_image":[{"url":"https:\/\/cdn.sts-education.com\/12639_hero_lg_xl.jpg","type":"","width":"","height":""}],"twitter_card":"summary_large_image","twitter_misc":{"Gesch\u00e4tzte Lesezeit":"2 Minuten"},"schema":{"@context":"https:\/\/schema.org","@graph":[{"@type":"WebPage","@id":"https:\/\/www.sts-education.com\/de-at\/high-school\/fakten-und-preise\/das-ist-inklusive\/","url":"https:\/\/www.sts-education.com\/de-at\/high-school\/fakten-und-preise\/das-ist-inklusive\/","name":"Was ist im Preis des Austauschjahres enthalten?","isPartOf":{"@id":"https:\/\/www.sts-education.com\/de-at\/#website"},"primaryImageOfPage":{"@id":"https:\/\/www.sts-education.com\/de-at\/high-school\/fakten-und-preise\/das-ist-inklusive\/#primaryimage"},"image":{"@id":"https:\/\/www.sts-education.com\/de-at\/high-school\/fakten-und-preise\/das-ist-inklusive\/#primaryimage"},"thumbnailUrl":"https:\/\/cdn.sts-education.com\/12639_hero_lg_xl.jpg","datePublished":"2025-12-16T10:18:24+00:00","dateModified":"2026-04-15T14:08:36+00:00","description":"Mit den STS Programmgeb\u00fchren sind Interview, Welcome Camp, An- und Abreise, Schule, Unterbringung, ein Zertifikat und vieles mehr enthalten.","breadcrumb":{"@id":"https:\/\/www.sts-education.com\/de-at\/high-school\/fakten-und-preise\/das-ist-inklusive\/#breadcrumb"},"inLanguage":"de-AT","potentialAction":[{"@type":"ReadAction","target":["https:\/\/www.sts-education.com\/de-at\/high-school\/fakten-und-preise\/das-ist-inklusive\/"]}]},{"@type":"ImageObject","inLanguage":"de-AT","@id":"https:\/\/www.sts-education.com\/de-at\/high-school\/fakten-und-preise\/das-ist-inklusive\/#primaryimage","url":"https:\/\/cdn.sts-education.com\/12639_hero_lg_xl.jpg","contentUrl":"https:\/\/cdn.sts-education.com\/12639_hero_lg_xl.jpg"},{"@type":"BreadcrumbList","@id":"https:\/\/www.sts-education.com\/de-at\/high-school\/fakten-und-preise\/das-ist-inklusive\/#breadcrumb","itemListElement":[{"@type":"ListItem","position":1,"name":"Home","item":"https:\/\/www.sts-education.com\/de-at\/sample-page\/"},{"@type":"ListItem","position":2,"name":"High School","item":"https:\/\/www.sts-education.com\/de-at\/high-school\/"},{"@type":"ListItem","position":3,"name":"Fakten Und Preise","item":"https:\/\/www.sts-education.com\/de-at\/high-school\/fakten-und-preise\/"},{"@type":"ListItem","position":4,"name":"Das Ist Inklusive"}]},{"@type":"WebSite","@id":"https:\/\/www.sts-education.com\/de-at\/#website","url":"https:\/\/www.sts-education.com\/de-at\/","name":"STS Education","description":"","potentialAction":[{"@type":"SearchAction","target":{"@type":"EntryPoint","urlTemplate":"https:\/\/www.sts-education.com\/de-at\/?s={search_term_string}"},"query-input":{"@type":"PropertyValueSpecification","valueRequired":true,"valueName":"search_term_string"}}],"inLanguage":"de-AT"}]}},"_links":{"self":[{"href":"https:\/\/www.sts-education.com\/de-at\/wp-json\/wp\/v2\/pages\/10324","targetHints":{"allow":["GET"]}}],"collection":[{"href":"https:\/\/www.sts-education.com\/de-at\/wp-json\/wp\/v2\/pages"}],"about":[{"href":"https:\/\/www.sts-education.com\/de-at\/wp-json\/wp\/v2\/types\/page"}],"author":[{"embeddable":true,"href":"https:\/\/www.sts-education.com\/de-at\/wp-json\/wp\/v2\/users\/20"}],"replies":[{"embeddable":true,"href":"https:\/\/www.sts-education.com\/de-at\/wp-json\/wp\/v2\/comments?post=10324"}],"version-history":[{"count":6,"href":"https:\/\/www.sts-education.com\/de-at\/wp-json\/wp\/v2\/pages\/10324\/revisions"}],"predecessor-version":[{"id":37036,"href":"https:\/\/www.sts-education.com\/de-at\/wp-json\/wp\/v2\/pages\/10324\/revisions\/37036"}],"up":[{"embeddable":true,"href":"https:\/\/www.sts-education.com\/de-at\/wp-json\/wp\/v2\/pages\/10303"}],"wp:attachment":[{"href":"https:\/\/www.sts-education.com\/de-at\/wp-json\/wp\/v2\/media?parent=10324"}],"wp:term":[{"taxonomy":"wpw_page_folders","embeddable":true,"href":"https:\/\/www.sts-education.com\/de-at\/wp-json\/wp\/v2\/wpw_page_folders?post=10324"}],"curies":[{"name":"wp","href":"https:\/\/api.w.org\/{rel}","templated":true}]}}