{"id":10337,"date":"2025-12-16T10:08:36","date_gmt":"2025-12-16T10:08:36","guid":{"rendered":"https:\/\/preprod.sts-education.com\/high-school\/vor-deinem-auslandsjahr\/bereite-dich-mit-unseren-sprachkursen-vor\/"},"modified":"2026-04-15T09:34:56","modified_gmt":"2026-04-15T09:34:56","slug":"bereite-dich-mit-unseren-sprachkursen-vor","status":"publish","type":"page","link":"https:\/\/www.sts-education.com\/de-at\/high-school\/vor-deinem-auslandsjahr\/bereite-dich-mit-unseren-sprachkursen-vor\/","title":{"rendered":"Bereite Dich Mit Unseren Sprachkursen Vor"},"content":{"rendered":"\n<section class=\"wp-block-sts-hero sts-block-hero is-variant-full-background has-text-light has-background-media\" style=\"--sts-hero-padding-mobile:0px;--sts-hero-padding-desktop:0px;--sts-hero-text-color:var(--wp--preset--color--base-10, #fff);\" data-variant=\"full-background\"><div class=\"sts-block-hero__background\"><picture class=\"sts-responsive-image has-fit-cover is-skeleton\"><img src=\"https:\/\/cdn.sts-education.com\/13655_hero_lg_xl.jpg\" alt=\"Starte mit einem Sprachkurs in dein Abenteuer!\" loading=\"lazy\" decoding=\"async\" fetchpriority=\"low\" sizes=\"100vw\" \/><\/picture><span class=\"sts-block-hero__overlay\" aria-hidden=\"true\"><\/span><\/div><div class=\"sts-block-hero__inner\"><div class=\"sts-block-hero__content has-align-center\"><div class=\"sts-block-hero__content-inner\"><h1 class=\"sts-block-hero__heading\">Starte mit einem Sprachkurs in dein Abenteuer!<\/h1><\/div><\/div><\/div><\/section>\n\n\n\n<div class=\"wp-block-sts-text sts-text-editor has-max-width-md\"><div class=\"sts-text-editor__content\"><div class=\"sts-text-editor__content-inner\">\n<p>Du gehst f\u00fcr ein Austauschjahr in ein englisch-, spanisch- oder italienischsprachiges Land? Dann ist unser digitaler Sprachkurs die perfekte Vorbereitung! Der Kurs hilft dir f\u00fcr einen guten Start in die Sprache vor Ort. So verstehst du von Anfang an, was deine neuen Freunde, deine Gastfamilie und deine Lehrkr\u00e4fte sagen.<\/p>\n\n<h2>In diesen Kursen lernst du<\/h2>\n\n<ul><li>In kleinen Online-Klassen. Du hast w\u00e4hrend des gesamten Kurses dieselben Klassenkameraden und denselben Lehrer.<\/li>\n<li>Funktionale Sprache f\u00fcr allt\u00e4gliche Situationen, denen du w\u00e4hrend deines Auslandsjahres begegnen wirst.<\/li>\n<li>Culture Corners \u2013 interaktive Sitzungen, in denen du die Traditionen und das t\u00e4gliche Leben des Ziellandes erkundest.<\/li><\/ul>\n\n<p>Diese Sitzungen vertiefen dein Verst\u00e4ndnis f\u00fcr das lokale Leben und machen dein Auslandsjahr sowohl sprachlich als auch kulturell bereichernd.<\/p>\n\n<p>Am Ende des Kurses erhalten Sie au\u00dferdem eine Teilnahmebescheinigung!<\/p>\n\n<h2>Startdatum und Unterrichtszeiten<\/h2>\n\n<p><strong>Englisch<\/strong> (siehe <a href=\"https:\/\/www.sts-education.com\/de-at\/high-school\/gastlaender\/nordamerika\/usa\/#zusatzangebote\">Preis<\/a>)<\/p>\n\n<p>Der Kurs wird f\u00fcr verschiedene Sprachniveaus angeboten, beinhaltet 35 Unterrichtsstunden und startet mehrmals im Jahr.<\/p>\n\n<p><strong>Spanisch, Italienisch, Franz\u00f6sisch<\/strong><\/p>\n\n<p>Die Kurse werden in verschiedenen Niveaustufen angeboten, umfassen 15 Unterrichtsstunden und beginnen in der Regel im April.<\/p>\n\n<p><a href=\"https:\/\/www.sts-education.com\/de-at\/high-school\/gastlaender\/europa\/spanien\/#zusatzangebote\">Preis f\u00fcr Spanischkurs<\/a><\/p>\n\n<p><a href=\"https:\/\/www.sts-education.com\/de-at\/high-school\/gastlaender\/europa\/italien\/#zusatzangebote\">Preis f\u00fcr Italienischkurs<\/a><\/p>\n\n<p><a href=\"https:\/\/www.sts-education.com\/de-at\/high-school\/gastlaender\/europa\/frankreich\/#zusatzangebote\">Preis f\u00fcr Franz\u00f6sischkurs<\/a><\/p>\n\n<p><a href=\"https:\/\/www.sts-education.com\/de-at\/ueber-sts\/kontakt\/\">Kontaktiere uns<\/a>, um mehr zu erfahren!<\/p>\n<\/div><\/div><\/div>\n","protected":false},"excerpt":{"rendered":"","protected":false},"author":20,"featured_media":0,"parent":10306,"menu_order":0,"comment_status":"closed","ping_status":"closed","template":"templates\/template-default-with-breadcrumbs.php","meta":{"_acf_changed":false,"sts_page_background_color":"","footnotes":""},"wpw_page_folders":[80],"class_list":["post-10337","page","type-page","status-publish","hentry"],"acf":[],"yoast_head":"<!-- This site is optimized with the Yoast SEO Premium plugin v27.2 (Yoast SEO v27.3) - https:\/\/yoast.com\/product\/yoast-seo-premium-wordpress\/ -->\n<title>Starte mit einem Sprachkurs in dein Abenteuer!<\/title>\n<meta name=\"description\" content=\"Du gehst f\u00fcr ein Austauschjahr in ein englisch-, spanisch- oder italienischsprachiges Land? Dann ist unser digitaler Sprachkurs die perfekte Vorbereitung!\" \/>\n<meta name=\"robots\" content=\"index, follow, max-snippet:-1, max-image-preview:large, max-video-preview:-1\" \/>\n<link rel=\"canonical\" href=\"https:\/\/www.sts-education.com\/de-at\/high-school\/vor-deinem-auslandsjahr\/bereite-dich-mit-unseren-sprachkursen-vor\/\" \/>\n<meta property=\"og:locale\" content=\"de_DE\" \/>\n<meta property=\"og:type\" content=\"article\" \/>\n<meta property=\"og:title\" content=\"Bereite Dich Mit Unseren Sprachkursen Vor\" \/>\n<meta property=\"og:description\" content=\"Du gehst f\u00fcr ein Austauschjahr in ein englisch-, spanisch- oder italienischsprachiges Land? Dann ist unser digitaler Sprachkurs die perfekte Vorbereitung!\" \/>\n<meta property=\"og:url\" content=\"https:\/\/www.sts-education.com\/de-at\/high-school\/vor-deinem-auslandsjahr\/bereite-dich-mit-unseren-sprachkursen-vor\/\" \/>\n<meta property=\"og:site_name\" content=\"STS Education\" \/>\n<meta property=\"article:modified_time\" content=\"2026-04-15T09:34:56+00:00\" \/>\n<meta property=\"og:image\" content=\"https:\/\/cdn.sts-education.com\/13655_hero_lg_xl.jpg\" \/>\n<meta name=\"twitter:card\" content=\"summary_large_image\" \/>\n<meta name=\"twitter:label1\" content=\"Gesch\u00e4tzte Lesezeit\" \/>\n\t<meta name=\"twitter:data1\" content=\"1 Minute\" \/>\n<script type=\"application\/ld+json\" class=\"yoast-schema-graph\">{\"@context\":\"https:\\\/\\\/schema.org\",\"@graph\":[{\"@type\":\"WebPage\",\"@id\":\"https:\\\/\\\/www.sts-education.com\\\/de-at\\\/high-school\\\/vor-deinem-auslandsjahr\\\/bereite-dich-mit-unseren-sprachkursen-vor\\\/\",\"url\":\"https:\\\/\\\/www.sts-education.com\\\/de-at\\\/high-school\\\/vor-deinem-auslandsjahr\\\/bereite-dich-mit-unseren-sprachkursen-vor\\\/\",\"name\":\"Starte mit einem Sprachkurs in dein Abenteuer!\",\"isPartOf\":{\"@id\":\"https:\\\/\\\/www.sts-education.com\\\/de-at\\\/#website\"},\"primaryImageOfPage\":{\"@id\":\"https:\\\/\\\/www.sts-education.com\\\/de-at\\\/high-school\\\/vor-deinem-auslandsjahr\\\/bereite-dich-mit-unseren-sprachkursen-vor\\\/#primaryimage\"},\"image\":{\"@id\":\"https:\\\/\\\/www.sts-education.com\\\/de-at\\\/high-school\\\/vor-deinem-auslandsjahr\\\/bereite-dich-mit-unseren-sprachkursen-vor\\\/#primaryimage\"},\"thumbnailUrl\":\"https:\\\/\\\/cdn.sts-education.com\\\/13655_hero_lg_xl.jpg\",\"datePublished\":\"2025-12-16T10:08:36+00:00\",\"dateModified\":\"2026-04-15T09:34:56+00:00\",\"description\":\"Du gehst f\u00fcr ein Austauschjahr in ein englisch-, spanisch- oder italienischsprachiges Land? Dann ist unser digitaler Sprachkurs die perfekte Vorbereitung!\",\"breadcrumb\":{\"@id\":\"https:\\\/\\\/www.sts-education.com\\\/de-at\\\/high-school\\\/vor-deinem-auslandsjahr\\\/bereite-dich-mit-unseren-sprachkursen-vor\\\/#breadcrumb\"},\"inLanguage\":\"de-AT\",\"potentialAction\":[{\"@type\":\"ReadAction\",\"target\":[\"https:\\\/\\\/www.sts-education.com\\\/de-at\\\/high-school\\\/vor-deinem-auslandsjahr\\\/bereite-dich-mit-unseren-sprachkursen-vor\\\/\"]}]},{\"@type\":\"ImageObject\",\"inLanguage\":\"de-AT\",\"@id\":\"https:\\\/\\\/www.sts-education.com\\\/de-at\\\/high-school\\\/vor-deinem-auslandsjahr\\\/bereite-dich-mit-unseren-sprachkursen-vor\\\/#primaryimage\",\"url\":\"https:\\\/\\\/cdn.sts-education.com\\\/13655_hero_lg_xl.jpg\",\"contentUrl\":\"https:\\\/\\\/cdn.sts-education.com\\\/13655_hero_lg_xl.jpg\"},{\"@type\":\"BreadcrumbList\",\"@id\":\"https:\\\/\\\/www.sts-education.com\\\/de-at\\\/high-school\\\/vor-deinem-auslandsjahr\\\/bereite-dich-mit-unseren-sprachkursen-vor\\\/#breadcrumb\",\"itemListElement\":[{\"@type\":\"ListItem\",\"position\":1,\"name\":\"Home\",\"item\":\"https:\\\/\\\/www.sts-education.com\\\/de-at\\\/sample-page\\\/\"},{\"@type\":\"ListItem\",\"position\":2,\"name\":\"High School\",\"item\":\"https:\\\/\\\/www.sts-education.com\\\/de-at\\\/high-school\\\/\"},{\"@type\":\"ListItem\",\"position\":3,\"name\":\"Vor Deinem Auslandsjahr\",\"item\":\"https:\\\/\\\/www.sts-education.com\\\/de-at\\\/high-school\\\/vor-deinem-auslandsjahr\\\/\"},{\"@type\":\"ListItem\",\"position\":4,\"name\":\"Bereite Dich Mit Unseren Sprachkursen Vor\"}]},{\"@type\":\"WebSite\",\"@id\":\"https:\\\/\\\/www.sts-education.com\\\/de-at\\\/#website\",\"url\":\"https:\\\/\\\/www.sts-education.com\\\/de-at\\\/\",\"name\":\"STS Education\",\"description\":\"\",\"potentialAction\":[{\"@type\":\"SearchAction\",\"target\":{\"@type\":\"EntryPoint\",\"urlTemplate\":\"https:\\\/\\\/www.sts-education.com\\\/de-at\\\/?s={search_term_string}\"},\"query-input\":{\"@type\":\"PropertyValueSpecification\",\"valueRequired\":true,\"valueName\":\"search_term_string\"}}],\"inLanguage\":\"de-AT\"}]}<\/script>\n<!-- \/ Yoast SEO Premium plugin. -->","yoast_head_json":{"title":"Starte mit einem Sprachkurs in dein Abenteuer!","description":"Du gehst f\u00fcr ein Austauschjahr in ein englisch-, spanisch- oder italienischsprachiges Land? Dann ist unser digitaler Sprachkurs die perfekte Vorbereitung!","robots":{"index":"index","follow":"follow","max-snippet":"max-snippet:-1","max-image-preview":"max-image-preview:large","max-video-preview":"max-video-preview:-1"},"canonical":"https:\/\/www.sts-education.com\/de-at\/high-school\/vor-deinem-auslandsjahr\/bereite-dich-mit-unseren-sprachkursen-vor\/","og_locale":"de_DE","og_type":"article","og_title":"Bereite Dich Mit Unseren Sprachkursen Vor","og_description":"Du gehst f\u00fcr ein Austauschjahr in ein englisch-, spanisch- oder italienischsprachiges Land? Dann ist unser digitaler Sprachkurs die perfekte Vorbereitung!","og_url":"https:\/\/www.sts-education.com\/de-at\/high-school\/vor-deinem-auslandsjahr\/bereite-dich-mit-unseren-sprachkursen-vor\/","og_site_name":"STS Education","article_modified_time":"2026-04-15T09:34:56+00:00","og_image":[{"url":"https:\/\/cdn.sts-education.com\/13655_hero_lg_xl.jpg","type":"","width":"","height":""}],"twitter_card":"summary_large_image","twitter_misc":{"Gesch\u00e4tzte Lesezeit":"1 Minute"},"schema":{"@context":"https:\/\/schema.org","@graph":[{"@type":"WebPage","@id":"https:\/\/www.sts-education.com\/de-at\/high-school\/vor-deinem-auslandsjahr\/bereite-dich-mit-unseren-sprachkursen-vor\/","url":"https:\/\/www.sts-education.com\/de-at\/high-school\/vor-deinem-auslandsjahr\/bereite-dich-mit-unseren-sprachkursen-vor\/","name":"Starte mit einem Sprachkurs in dein Abenteuer!","isPartOf":{"@id":"https:\/\/www.sts-education.com\/de-at\/#website"},"primaryImageOfPage":{"@id":"https:\/\/www.sts-education.com\/de-at\/high-school\/vor-deinem-auslandsjahr\/bereite-dich-mit-unseren-sprachkursen-vor\/#primaryimage"},"image":{"@id":"https:\/\/www.sts-education.com\/de-at\/high-school\/vor-deinem-auslandsjahr\/bereite-dich-mit-unseren-sprachkursen-vor\/#primaryimage"},"thumbnailUrl":"https:\/\/cdn.sts-education.com\/13655_hero_lg_xl.jpg","datePublished":"2025-12-16T10:08:36+00:00","dateModified":"2026-04-15T09:34:56+00:00","description":"Du gehst f\u00fcr ein Austauschjahr in ein englisch-, spanisch- oder italienischsprachiges Land? Dann ist unser digitaler Sprachkurs die perfekte Vorbereitung!","breadcrumb":{"@id":"https:\/\/www.sts-education.com\/de-at\/high-school\/vor-deinem-auslandsjahr\/bereite-dich-mit-unseren-sprachkursen-vor\/#breadcrumb"},"inLanguage":"de-AT","potentialAction":[{"@type":"ReadAction","target":["https:\/\/www.sts-education.com\/de-at\/high-school\/vor-deinem-auslandsjahr\/bereite-dich-mit-unseren-sprachkursen-vor\/"]}]},{"@type":"ImageObject","inLanguage":"de-AT","@id":"https:\/\/www.sts-education.com\/de-at\/high-school\/vor-deinem-auslandsjahr\/bereite-dich-mit-unseren-sprachkursen-vor\/#primaryimage","url":"https:\/\/cdn.sts-education.com\/13655_hero_lg_xl.jpg","contentUrl":"https:\/\/cdn.sts-education.com\/13655_hero_lg_xl.jpg"},{"@type":"BreadcrumbList","@id":"https:\/\/www.sts-education.com\/de-at\/high-school\/vor-deinem-auslandsjahr\/bereite-dich-mit-unseren-sprachkursen-vor\/#breadcrumb","itemListElement":[{"@type":"ListItem","position":1,"name":"Home","item":"https:\/\/www.sts-education.com\/de-at\/sample-page\/"},{"@type":"ListItem","position":2,"name":"High School","item":"https:\/\/www.sts-education.com\/de-at\/high-school\/"},{"@type":"ListItem","position":3,"name":"Vor Deinem Auslandsjahr","item":"https:\/\/www.sts-education.com\/de-at\/high-school\/vor-deinem-auslandsjahr\/"},{"@type":"ListItem","position":4,"name":"Bereite Dich Mit Unseren Sprachkursen Vor"}]},{"@type":"WebSite","@id":"https:\/\/www.sts-education.com\/de-at\/#website","url":"https:\/\/www.sts-education.com\/de-at\/","name":"STS Education","description":"","potentialAction":[{"@type":"SearchAction","target":{"@type":"EntryPoint","urlTemplate":"https:\/\/www.sts-education.com\/de-at\/?s={search_term_string}"},"query-input":{"@type":"PropertyValueSpecification","valueRequired":true,"valueName":"search_term_string"}}],"inLanguage":"de-AT"}]}},"_links":{"self":[{"href":"https:\/\/www.sts-education.com\/de-at\/wp-json\/wp\/v2\/pages\/10337","targetHints":{"allow":["GET"]}}],"collection":[{"href":"https:\/\/www.sts-education.com\/de-at\/wp-json\/wp\/v2\/pages"}],"about":[{"href":"https:\/\/www.sts-education.com\/de-at\/wp-json\/wp\/v2\/types\/page"}],"author":[{"embeddable":true,"href":"https:\/\/www.sts-education.com\/de-at\/wp-json\/wp\/v2\/users\/20"}],"replies":[{"embeddable":true,"href":"https:\/\/www.sts-education.com\/de-at\/wp-json\/wp\/v2\/comments?post=10337"}],"version-history":[{"count":5,"href":"https:\/\/www.sts-education.com\/de-at\/wp-json\/wp\/v2\/pages\/10337\/revisions"}],"predecessor-version":[{"id":35410,"href":"https:\/\/www.sts-education.com\/de-at\/wp-json\/wp\/v2\/pages\/10337\/revisions\/35410"}],"up":[{"embeddable":true,"href":"https:\/\/www.sts-education.com\/de-at\/wp-json\/wp\/v2\/pages\/10306"}],"wp:attachment":[{"href":"https:\/\/www.sts-education.com\/de-at\/wp-json\/wp\/v2\/media?parent=10337"}],"wp:term":[{"taxonomy":"wpw_page_folders","embeddable":true,"href":"https:\/\/www.sts-education.com\/de-at\/wp-json\/wp\/v2\/wpw_page_folders?post=10337"}],"curies":[{"name":"wp","href":"https:\/\/api.w.org\/{rel}","templated":true}]}}