{"id":10346,"date":"2025-12-16T10:13:17","date_gmt":"2025-12-16T10:13:17","guid":{"rendered":"https:\/\/preprod.sts-education.com\/high-school\/waehrend-du-im-austausch-bist\/welcome-camp\/"},"modified":"2026-04-15T09:34:52","modified_gmt":"2026-04-15T09:34:52","slug":"welcome-camp","status":"publish","type":"page","link":"https:\/\/www.sts-education.com\/de-at\/high-school\/waehrend-du-im-austausch-bist\/welcome-camp\/","title":{"rendered":"Welcome Camp"},"content":{"rendered":"\n<section class=\"wp-block-sts-hero sts-block-hero is-variant-full-background has-text-light has-background-media\" style=\"--sts-hero-padding-mobile:0px;--sts-hero-padding-desktop:0px;--sts-hero-text-color:var(--wp--preset--color--base-10, #fff);\" data-variant=\"full-background\"><div class=\"sts-block-hero__background\"><picture class=\"sts-responsive-image has-fit-cover is-skeleton\"><img src=\"https:\/\/cdn.sts-education.com\/12570_hero_lg_xl.jpg\" alt=\"Das Welcome Camp ist inklusive\" loading=\"lazy\" decoding=\"async\" fetchpriority=\"low\" sizes=\"100vw\" \/><\/picture><span class=\"sts-block-hero__overlay\" aria-hidden=\"true\"><\/span><\/div><div class=\"sts-block-hero__inner\"><div class=\"sts-block-hero__content has-align-center\"><div class=\"sts-block-hero__content-inner\"><h1 class=\"sts-block-hero__heading\">Das Welcome Camp ist inklusive<\/h1><\/div><\/div><\/div><\/section>\n\n\n\n<div class=\"wp-block-sts-text sts-text-editor has-max-width-md\"><div class=\"sts-text-editor__content\"><div class=\"sts-text-editor__content-inner\">\n<p>Dein Auslandsjahr beginnt an fast allen Reisezielen gleich mit einem H\u00f6hepunkt: dem STS Welcome Camp, das in den Programmgeb\u00fchren enthalten ist. Beim Welcome Camp lernst du andere STS-Sch\u00fcler:innen kennen und wirst bestens auf dein bevorstehendes Abenteuer vorbereitet.<\/p>\n\n<p>Unsere Welcome Camps finden immer in internationalen Metropolen statt und dauern mehrere Tage. In welchem Land und in welcher Stadt das Camp stattfindet, h\u00e4ngt davon ab, wo du dein Auslandsjahr verbringst. Du nimmst an vielen Aktivit\u00e4ten und spannenden Workshops teil, die die w\u00e4hrend deines Austausches helfen werden, zum Beispiel, wie du mit Heimweh umgehst, wie du dich schnell an dein neues Zuhause gew\u00f6hnst oder wie du Hilfe und Unterst\u00fctzung bekommst.<\/p>\n\n<p>Au\u00dferdem machst du jede Menge Sightseeing, findest neue internationale Freunde und beginnst dein Auslandsjahr schon mit tollen Erinnerungen. Nach dem STS Welcome Camp reist du an dein endg\u00fcltiges Ziel, lernst deine Gastfamilie kennen und bist bereit, dich in deinem neuen Zuhause einzuleben.<\/p>\n\n<p><a href=\"\/de-at\/high-school\/tripfinder\/?q=\">Lies mehr \u00fcber die Welcome Camps in jedem Gastland<\/a><\/p>\n<\/div><\/div><\/div>\n\n\n\n<figure class=\"wp-block-sts-image sts-block-image sts-block-image--count-1 has-max-width-md\" data-count=\"1\"><div class=\"sts-block-image__grid\"><div class=\"sts-block-image__item\"><picture class=\"sts-responsive-image has-fit-cover has-pos-top is-skeleton\"><img src=\"https:\/\/cdn.sts-education.com\/13063_hero_md.jpg\" alt=\"Das Welcome Camp ist inklusive\" loading=\"lazy\" decoding=\"async\" fetchpriority=\"low\" sizes=\"(max-width: 736px) 100vw, 736px\"\/><\/picture><\/div><\/div><\/figure>\n\n\n\n<div class=\"wp-block-sts-text sts-text-editor has-max-width-md\"><div class=\"sts-text-editor__content\"><div class=\"sts-text-editor__content-inner\">\n<p><em>\u201cDas Welcome Camp war eins der absoluten Highlights und ein fantastischer Start in mein Austauschjahr. Ich habe immer noch mit vielen Leuten aus dem Camp Kontakt. Die verschiedenen Aktivit\u00e4ten haben mich gut auf das Jahr eingestimmt. Wenn ich die Chance h\u00e4tte, w\u00fcrde ich diese Tage gerne noch mal erleben!\u201d<\/em><\/p>\n<p><em>Jessica aus der Schweiz, Teilnehmerin beim STS Welcome Camp in New York.<\/em><\/p>\n<\/div><\/div><\/div>\n\n","protected":false},"excerpt":{"rendered":"","protected":false},"author":20,"featured_media":15091,"parent":10307,"menu_order":0,"comment_status":"closed","ping_status":"closed","template":"templates\/template-default-with-breadcrumbs.php","meta":{"_acf_changed":false,"sts_page_background_color":"","footnotes":""},"wpw_page_folders":[83],"class_list":["post-10346","page","type-page","status-publish","has-post-thumbnail","hentry"],"acf":[],"yoast_head":"<!-- This site is optimized with the Yoast SEO Premium plugin v27.2 (Yoast SEO v27.3) - https:\/\/yoast.com\/product\/yoast-seo-premium-wordpress\/ -->\n<title>Starte dein Austauschjahr mit einem Welcome Camp| STS<\/title>\n<meta name=\"description\" content=\"Beginne dein Austauschjahr mit unserem Welcome Camp f\u00fcr einen perfekten Start! Bevor du deine Gastfamilie triffst, wirst du zusammen mit anderen Austauschsch\u00fcler:innen optimal vorbereitet und entdeckst eine coole Gro\u00dfstadt.\" \/>\n<meta name=\"robots\" content=\"index, follow, max-snippet:-1, max-image-preview:large, max-video-preview:-1\" \/>\n<link rel=\"canonical\" href=\"https:\/\/www.sts-education.com\/de-at\/high-school\/waehrend-du-im-austausch-bist\/welcome-camp\/\" \/>\n<meta property=\"og:locale\" content=\"de_DE\" \/>\n<meta property=\"og:type\" content=\"article\" \/>\n<meta property=\"og:title\" content=\"Welcome Camp\" \/>\n<meta property=\"og:description\" content=\"Beginne dein Austauschjahr mit unserem Welcome Camp f\u00fcr einen perfekten Start! Bevor du deine Gastfamilie triffst, wirst du zusammen mit anderen Austauschsch\u00fcler:innen optimal vorbereitet und entdeckst eine coole Gro\u00dfstadt.\" \/>\n<meta property=\"og:url\" content=\"https:\/\/www.sts-education.com\/de-at\/high-school\/waehrend-du-im-austausch-bist\/welcome-camp\/\" \/>\n<meta property=\"og:site_name\" content=\"STS Education\" \/>\n<meta property=\"article:modified_time\" content=\"2026-04-15T09:34:52+00:00\" \/>\n<meta property=\"og:image\" content=\"https:\/\/powered-by.qbank.se\/educatius\/sts\/\/97cdc9382a1d068b806b8d3eacbd0cae_1-1-thumb.webp\" \/>\n\t<meta property=\"og:image:width\" content=\"150\" \/>\n\t<meta property=\"og:image:height\" content=\"150\" \/>\n\t<meta property=\"og:image:type\" content=\"image\/jpeg\" \/>\n<meta name=\"twitter:card\" content=\"summary_large_image\" \/>\n<meta name=\"twitter:label1\" content=\"Gesch\u00e4tzte Lesezeit\" \/>\n\t<meta name=\"twitter:data1\" content=\"1 Minute\" \/>\n<script type=\"application\/ld+json\" class=\"yoast-schema-graph\">{\"@context\":\"https:\\\/\\\/schema.org\",\"@graph\":[{\"@type\":\"WebPage\",\"@id\":\"https:\\\/\\\/www.sts-education.com\\\/de-at\\\/high-school\\\/waehrend-du-im-austausch-bist\\\/welcome-camp\\\/\",\"url\":\"https:\\\/\\\/www.sts-education.com\\\/de-at\\\/high-school\\\/waehrend-du-im-austausch-bist\\\/welcome-camp\\\/\",\"name\":\"Starte dein Austauschjahr mit einem Welcome Camp| STS\",\"isPartOf\":{\"@id\":\"https:\\\/\\\/www.sts-education.com\\\/de-at\\\/#website\"},\"primaryImageOfPage\":{\"@id\":\"https:\\\/\\\/www.sts-education.com\\\/de-at\\\/high-school\\\/waehrend-du-im-austausch-bist\\\/welcome-camp\\\/#primaryimage\"},\"image\":{\"@id\":\"https:\\\/\\\/www.sts-education.com\\\/de-at\\\/high-school\\\/waehrend-du-im-austausch-bist\\\/welcome-camp\\\/#primaryimage\"},\"thumbnailUrl\":\"https:\\\/\\\/powered-by.qbank.se\\\/educatius\\\/sts\\\/\\\/97cdc9382a1d068b806b8d3eacbd0cae_1-1-thumb.webp\",\"datePublished\":\"2025-12-16T10:13:17+00:00\",\"dateModified\":\"2026-04-15T09:34:52+00:00\",\"description\":\"Beginne dein Austauschjahr mit unserem Welcome Camp f\u00fcr einen perfekten Start! Bevor du deine Gastfamilie triffst, wirst du zusammen mit anderen Austauschsch\u00fcler:innen optimal vorbereitet und entdeckst eine coole Gro\u00dfstadt.\",\"breadcrumb\":{\"@id\":\"https:\\\/\\\/www.sts-education.com\\\/de-at\\\/high-school\\\/waehrend-du-im-austausch-bist\\\/welcome-camp\\\/#breadcrumb\"},\"inLanguage\":\"de-AT\",\"potentialAction\":[{\"@type\":\"ReadAction\",\"target\":[\"https:\\\/\\\/www.sts-education.com\\\/de-at\\\/high-school\\\/waehrend-du-im-austausch-bist\\\/welcome-camp\\\/\"]}]},{\"@type\":\"ImageObject\",\"inLanguage\":\"de-AT\",\"@id\":\"https:\\\/\\\/www.sts-education.com\\\/de-at\\\/high-school\\\/waehrend-du-im-austausch-bist\\\/welcome-camp\\\/#primaryimage\",\"url\":\"https:\\\/\\\/powered-by.qbank.se\\\/educatius\\\/sts\\\/\\\/97cdc9382a1d068b806b8d3eacbd0cae_1-1-thumb.webp\",\"contentUrl\":\"https:\\\/\\\/powered-by.qbank.se\\\/educatius\\\/sts\\\/\\\/97cdc9382a1d068b806b8d3eacbd0cae_1-1-thumb.webp\",\"width\":150,\"height\":150},{\"@type\":\"BreadcrumbList\",\"@id\":\"https:\\\/\\\/www.sts-education.com\\\/de-at\\\/high-school\\\/waehrend-du-im-austausch-bist\\\/welcome-camp\\\/#breadcrumb\",\"itemListElement\":[{\"@type\":\"ListItem\",\"position\":1,\"name\":\"Home\",\"item\":\"https:\\\/\\\/www.sts-education.com\\\/de-at\\\/sample-page\\\/\"},{\"@type\":\"ListItem\",\"position\":2,\"name\":\"High School\",\"item\":\"https:\\\/\\\/www.sts-education.com\\\/de-at\\\/high-school\\\/\"},{\"@type\":\"ListItem\",\"position\":3,\"name\":\"Waehrend Du Im Austausch Bist\",\"item\":\"https:\\\/\\\/www.sts-education.com\\\/de-at\\\/high-school\\\/waehrend-du-im-austausch-bist\\\/\"},{\"@type\":\"ListItem\",\"position\":4,\"name\":\"Welcome Camp\"}]},{\"@type\":\"WebSite\",\"@id\":\"https:\\\/\\\/www.sts-education.com\\\/de-at\\\/#website\",\"url\":\"https:\\\/\\\/www.sts-education.com\\\/de-at\\\/\",\"name\":\"STS Education\",\"description\":\"\",\"potentialAction\":[{\"@type\":\"SearchAction\",\"target\":{\"@type\":\"EntryPoint\",\"urlTemplate\":\"https:\\\/\\\/www.sts-education.com\\\/de-at\\\/?s={search_term_string}\"},\"query-input\":{\"@type\":\"PropertyValueSpecification\",\"valueRequired\":true,\"valueName\":\"search_term_string\"}}],\"inLanguage\":\"de-AT\"}]}<\/script>\n<!-- \/ Yoast SEO Premium plugin. -->","yoast_head_json":{"title":"Starte dein Austauschjahr mit einem Welcome Camp| STS","description":"Beginne dein Austauschjahr mit unserem Welcome Camp f\u00fcr einen perfekten Start! Bevor du deine Gastfamilie triffst, wirst du zusammen mit anderen Austauschsch\u00fcler:innen optimal vorbereitet und entdeckst eine coole Gro\u00dfstadt.","robots":{"index":"index","follow":"follow","max-snippet":"max-snippet:-1","max-image-preview":"max-image-preview:large","max-video-preview":"max-video-preview:-1"},"canonical":"https:\/\/www.sts-education.com\/de-at\/high-school\/waehrend-du-im-austausch-bist\/welcome-camp\/","og_locale":"de_DE","og_type":"article","og_title":"Welcome Camp","og_description":"Beginne dein Austauschjahr mit unserem Welcome Camp f\u00fcr einen perfekten Start! Bevor du deine Gastfamilie triffst, wirst du zusammen mit anderen Austauschsch\u00fcler:innen optimal vorbereitet und entdeckst eine coole Gro\u00dfstadt.","og_url":"https:\/\/www.sts-education.com\/de-at\/high-school\/waehrend-du-im-austausch-bist\/welcome-camp\/","og_site_name":"STS Education","article_modified_time":"2026-04-15T09:34:52+00:00","og_image":[{"width":150,"height":150,"url":"https:\/\/powered-by.qbank.se\/educatius\/sts\/\/97cdc9382a1d068b806b8d3eacbd0cae_1-1-thumb.webp","type":"image\/jpeg"}],"twitter_card":"summary_large_image","twitter_misc":{"Gesch\u00e4tzte Lesezeit":"1 Minute"},"schema":{"@context":"https:\/\/schema.org","@graph":[{"@type":"WebPage","@id":"https:\/\/www.sts-education.com\/de-at\/high-school\/waehrend-du-im-austausch-bist\/welcome-camp\/","url":"https:\/\/www.sts-education.com\/de-at\/high-school\/waehrend-du-im-austausch-bist\/welcome-camp\/","name":"Starte dein Austauschjahr mit einem Welcome Camp| STS","isPartOf":{"@id":"https:\/\/www.sts-education.com\/de-at\/#website"},"primaryImageOfPage":{"@id":"https:\/\/www.sts-education.com\/de-at\/high-school\/waehrend-du-im-austausch-bist\/welcome-camp\/#primaryimage"},"image":{"@id":"https:\/\/www.sts-education.com\/de-at\/high-school\/waehrend-du-im-austausch-bist\/welcome-camp\/#primaryimage"},"thumbnailUrl":"https:\/\/powered-by.qbank.se\/educatius\/sts\/\/97cdc9382a1d068b806b8d3eacbd0cae_1-1-thumb.webp","datePublished":"2025-12-16T10:13:17+00:00","dateModified":"2026-04-15T09:34:52+00:00","description":"Beginne dein Austauschjahr mit unserem Welcome Camp f\u00fcr einen perfekten Start! Bevor du deine Gastfamilie triffst, wirst du zusammen mit anderen Austauschsch\u00fcler:innen optimal vorbereitet und entdeckst eine coole Gro\u00dfstadt.","breadcrumb":{"@id":"https:\/\/www.sts-education.com\/de-at\/high-school\/waehrend-du-im-austausch-bist\/welcome-camp\/#breadcrumb"},"inLanguage":"de-AT","potentialAction":[{"@type":"ReadAction","target":["https:\/\/www.sts-education.com\/de-at\/high-school\/waehrend-du-im-austausch-bist\/welcome-camp\/"]}]},{"@type":"ImageObject","inLanguage":"de-AT","@id":"https:\/\/www.sts-education.com\/de-at\/high-school\/waehrend-du-im-austausch-bist\/welcome-camp\/#primaryimage","url":"https:\/\/powered-by.qbank.se\/educatius\/sts\/\/97cdc9382a1d068b806b8d3eacbd0cae_1-1-thumb.webp","contentUrl":"https:\/\/powered-by.qbank.se\/educatius\/sts\/\/97cdc9382a1d068b806b8d3eacbd0cae_1-1-thumb.webp","width":150,"height":150},{"@type":"BreadcrumbList","@id":"https:\/\/www.sts-education.com\/de-at\/high-school\/waehrend-du-im-austausch-bist\/welcome-camp\/#breadcrumb","itemListElement":[{"@type":"ListItem","position":1,"name":"Home","item":"https:\/\/www.sts-education.com\/de-at\/sample-page\/"},{"@type":"ListItem","position":2,"name":"High School","item":"https:\/\/www.sts-education.com\/de-at\/high-school\/"},{"@type":"ListItem","position":3,"name":"Waehrend Du Im Austausch Bist","item":"https:\/\/www.sts-education.com\/de-at\/high-school\/waehrend-du-im-austausch-bist\/"},{"@type":"ListItem","position":4,"name":"Welcome Camp"}]},{"@type":"WebSite","@id":"https:\/\/www.sts-education.com\/de-at\/#website","url":"https:\/\/www.sts-education.com\/de-at\/","name":"STS Education","description":"","potentialAction":[{"@type":"SearchAction","target":{"@type":"EntryPoint","urlTemplate":"https:\/\/www.sts-education.com\/de-at\/?s={search_term_string}"},"query-input":{"@type":"PropertyValueSpecification","valueRequired":true,"valueName":"search_term_string"}}],"inLanguage":"de-AT"}]}},"_links":{"self":[{"href":"https:\/\/www.sts-education.com\/de-at\/wp-json\/wp\/v2\/pages\/10346","targetHints":{"allow":["GET"]}}],"collection":[{"href":"https:\/\/www.sts-education.com\/de-at\/wp-json\/wp\/v2\/pages"}],"about":[{"href":"https:\/\/www.sts-education.com\/de-at\/wp-json\/wp\/v2\/types\/page"}],"author":[{"embeddable":true,"href":"https:\/\/www.sts-education.com\/de-at\/wp-json\/wp\/v2\/users\/20"}],"replies":[{"embeddable":true,"href":"https:\/\/www.sts-education.com\/de-at\/wp-json\/wp\/v2\/comments?post=10346"}],"version-history":[{"count":3,"href":"https:\/\/www.sts-education.com\/de-at\/wp-json\/wp\/v2\/pages\/10346\/revisions"}],"predecessor-version":[{"id":35407,"href":"https:\/\/www.sts-education.com\/de-at\/wp-json\/wp\/v2\/pages\/10346\/revisions\/35407"}],"up":[{"embeddable":true,"href":"https:\/\/www.sts-education.com\/de-at\/wp-json\/wp\/v2\/pages\/10307"}],"wp:featuredmedia":[{"embeddable":true,"href":"https:\/\/www.sts-education.com\/de-at\/wp-json\/wp\/v2\/media\/15091"}],"wp:attachment":[{"href":"https:\/\/www.sts-education.com\/de-at\/wp-json\/wp\/v2\/media?parent=10346"}],"wp:term":[{"taxonomy":"wpw_page_folders","embeddable":true,"href":"https:\/\/www.sts-education.com\/de-at\/wp-json\/wp\/v2\/wpw_page_folders?post=10346"}],"curies":[{"name":"wp","href":"https:\/\/api.w.org\/{rel}","templated":true}]}}