{"id":16296,"date":"2023-06-19T12:31:28","date_gmt":"2023-06-19T12:31:28","guid":{"rendered":"https:\/\/preprod.sts-education.com\/gastfamilie\/gastfamilie-werden\/family-stories\/ehemalige-gastfamilien-berichten\/die-familie-ahlqwist\/"},"modified":"2026-04-01T02:45:18","modified_gmt":"2026-04-01T02:45:18","slug":"die-familie-ahlqwist","status":"publish","type":"page","link":"https:\/\/www.sts-education.com\/de-at\/gastfamilie\/gastfamilie-werden\/family-stories\/ehemalige-gastfamilien-berichten\/die-familie-ahlqwist\/","title":{"rendered":"Die Familie Ahlqwist"},"content":{"rendered":"\n<div class=\"wp-block-sts-text sts-text-editor has-max-width-md\"><div class=\"sts-text-editor__content\"><div class=\"sts-text-editor__content-inner\">\n<h1>Es ist inspirierend, das Vertrauen einer anderen Familie zu gewinnen<\/h1>\n<\/div><\/div><\/div>\n\n\n\n<div class=\"wp-block-sts-text sts-text-editor has-max-width-md\"><div class=\"sts-text-editor__content\"><div class=\"sts-text-editor__content-inner\">\n<p><em>Die Familie Ahlqwist aus Schweden hat schon vier Sch\u00fcler aus Italien, den USA und Japan bei sich aufgenommen.<\/em><\/p>\n<\/div><\/div><\/div>\n\n\n\n<figure class=\"wp-block-sts-image sts-block-image sts-block-image--count-1 has-max-width-md\" data-count=\"1\"><div class=\"sts-block-image__grid\"><div class=\"sts-block-image__item\"><picture class=\"sts-responsive-image has-fit-cover has-pos-top is-skeleton\"><img src=\"https:\/\/cdn.sts-education.com\/12790_hero_md.jpg\" alt=\"Es ist inspirierend, das Vertrauen einer anderen Familie zu gewinnen\" loading=\"lazy\" decoding=\"async\" fetchpriority=\"low\" sizes=\"(max-width: 736px) 100vw, 736px\"\/><\/picture><\/div><\/div><\/figure>\n\n\n\n<div class=\"wp-block-sts-text sts-text-editor has-max-width-md\"><div class=\"sts-text-editor__content\"><div class=\"sts-text-editor__content-inner\">\n<p>&quot;Gastfamilie zu sein, ist inspirierend und hinterl\u00e4sst einen bleibenden Eindruck. Es ist spannend und lehrreich f\u00fcr die ganze Familie. Jedes Familienmitglied gewinnt neue Perspektiven und einen Freund f\u00fcrs Leben. Wir waren bereits vier Mal Gastfamilie: F\u00fcr Matteo aus Italien und drei M\u00e4dchen aus den USA, Italien und Japan.<\/p>\n<p>Es war gro\u00dfartig zu erleben, wie sie sich in Sprache, im Leben, in der Schule und Gesellschaft entwickelt und unsere Kultur aufgenommen haben. Wir haben oft \u00fcber Unterschiede und Gemeinsamkeiten, Politik und soziale Strukturen diskutiert und jeder in der Familie hat davon gelernt.<\/p>\n<p>Ein neues Familienmitglied zu bekommen ist an sich schon eine gro\u00dfe Ver\u00e4nderung, deshalb haben wir nicht versucht, unsere Lebensweise zu \u00e4ndern. Es mag sich einen jungen Menschen manchmal schwierig sein, sich an eine neue Umgebung zu gew\u00f6hnen, aber das ist Teil des Charmes: sich der Herausforderung zu stellen und daran zu wachsen.<\/p>\n<p>Es ist auch unglaublich inspirierend, das Vertrauen einer anderen Familie zu gewinnen, die uns ihr Kind anvertraut hat.&quot;<\/p>\n<\/div><\/div><\/div>\n\n","protected":false},"excerpt":{"rendered":"","protected":false},"author":20,"featured_media":0,"parent":16294,"menu_order":0,"comment_status":"closed","ping_status":"closed","template":"","meta":{"_acf_changed":false,"sts_page_background_color":"","footnotes":""},"wpw_page_folders":[528],"class_list":["post-16296","page","type-page","status-publish","hentry"],"acf":[],"yoast_head":"<!-- This site is optimized with the Yoast SEO Premium plugin v27.2 (Yoast SEO v27.2) - https:\/\/yoast.com\/product\/yoast-seo-premium-wordpress\/ -->\n<title>Die Familie Ahlqwist<\/title>\n<meta name=\"robots\" content=\"index, follow, max-snippet:-1, max-image-preview:large, max-video-preview:-1\" \/>\n<link rel=\"canonical\" href=\"https:\/\/www.sts-education.com\/de-at\/gastfamilie\/gastfamilie-werden\/family-stories\/ehemalige-gastfamilien-berichten\/die-familie-ahlqwist\/\" \/>\n<meta property=\"og:locale\" content=\"de_DE\" \/>\n<meta property=\"og:type\" content=\"article\" \/>\n<meta property=\"og:title\" content=\"Die Familie Ahlqwist\" \/>\n<meta property=\"og:url\" content=\"https:\/\/www.sts-education.com\/de-at\/gastfamilie\/gastfamilie-werden\/family-stories\/ehemalige-gastfamilien-berichten\/die-familie-ahlqwist\/\" \/>\n<meta property=\"og:site_name\" content=\"STS Education\" \/>\n<meta property=\"article:modified_time\" content=\"2026-04-01T02:45:18+00:00\" \/>\n<meta property=\"og:image\" content=\"https:\/\/cdn.sts-education.com\/12790_hero_md.jpg\" \/>\n<meta name=\"twitter:card\" content=\"summary_large_image\" \/>\n<meta name=\"twitter:label1\" content=\"Gesch\u00e4tzte Lesezeit\" \/>\n\t<meta name=\"twitter:data1\" content=\"1 Minute\" \/>\n<script type=\"application\/ld+json\" class=\"yoast-schema-graph\">{\"@context\":\"https:\/\/schema.org\",\"@graph\":[{\"@type\":\"WebPage\",\"@id\":\"https:\/\/www.sts-education.com\/de-at\/gastfamilie\/gastfamilie-werden\/family-stories\/ehemalige-gastfamilien-berichten\/die-familie-ahlqwist\/\",\"url\":\"https:\/\/www.sts-education.com\/de-at\/gastfamilie\/gastfamilie-werden\/family-stories\/ehemalige-gastfamilien-berichten\/die-familie-ahlqwist\/\",\"name\":\"Die Familie Ahlqwist\",\"isPartOf\":{\"@id\":\"https:\/\/www.sts-education.com\/de-at\/#website\"},\"primaryImageOfPage\":{\"@id\":\"https:\/\/www.sts-education.com\/de-at\/gastfamilie\/gastfamilie-werden\/family-stories\/ehemalige-gastfamilien-berichten\/die-familie-ahlqwist\/#primaryimage\"},\"image\":{\"@id\":\"https:\/\/www.sts-education.com\/de-at\/gastfamilie\/gastfamilie-werden\/family-stories\/ehemalige-gastfamilien-berichten\/die-familie-ahlqwist\/#primaryimage\"},\"thumbnailUrl\":\"https:\/\/cdn.sts-education.com\/12790_hero_md.jpg\",\"datePublished\":\"2023-06-19T12:31:28+00:00\",\"dateModified\":\"2026-04-01T02:45:18+00:00\",\"breadcrumb\":{\"@id\":\"https:\/\/www.sts-education.com\/de-at\/gastfamilie\/gastfamilie-werden\/family-stories\/ehemalige-gastfamilien-berichten\/die-familie-ahlqwist\/#breadcrumb\"},\"inLanguage\":\"de-AT\",\"potentialAction\":[{\"@type\":\"ReadAction\",\"target\":[\"https:\/\/www.sts-education.com\/de-at\/gastfamilie\/gastfamilie-werden\/family-stories\/ehemalige-gastfamilien-berichten\/die-familie-ahlqwist\/\"]}]},{\"@type\":\"ImageObject\",\"inLanguage\":\"de-AT\",\"@id\":\"https:\/\/www.sts-education.com\/de-at\/gastfamilie\/gastfamilie-werden\/family-stories\/ehemalige-gastfamilien-berichten\/die-familie-ahlqwist\/#primaryimage\",\"url\":\"https:\/\/cdn.sts-education.com\/12790_hero_md.jpg\",\"contentUrl\":\"https:\/\/cdn.sts-education.com\/12790_hero_md.jpg\"},{\"@type\":\"BreadcrumbList\",\"@id\":\"https:\/\/www.sts-education.com\/de-at\/gastfamilie\/gastfamilie-werden\/family-stories\/ehemalige-gastfamilien-berichten\/die-familie-ahlqwist\/#breadcrumb\",\"itemListElement\":[{\"@type\":\"ListItem\",\"position\":1,\"name\":\"Home\",\"item\":\"https:\/\/www.sts-education.com\/de-at\/sample-page\/\"},{\"@type\":\"ListItem\",\"position\":2,\"name\":\"Gastfamilie\",\"item\":\"https:\/\/www.sts-education.com\/de-at\/gastfamilie\/\"},{\"@type\":\"ListItem\",\"position\":3,\"name\":\"Gastfamilie werden\",\"item\":\"https:\/\/www.sts-education.com\/de-at\/gastfamilie\/gastfamilie-werden\/\"},{\"@type\":\"ListItem\",\"position\":4,\"name\":\"Family Stories\",\"item\":\"https:\/\/www.sts-education.com\/de-at\/gastfamilie\/gastfamilie-werden\/family-stories\/\"},{\"@type\":\"ListItem\",\"position\":5,\"name\":\"Ehemalige Gastfamilien berichten\",\"item\":\"https:\/\/www.sts-education.com\/de-at\/gastfamilie\/gastfamilie-werden\/family-stories\/ehemalige-gastfamilien-berichten\/\"},{\"@type\":\"ListItem\",\"position\":6,\"name\":\"Die Familie Ahlqwist\"}]},{\"@type\":\"WebSite\",\"@id\":\"https:\/\/www.sts-education.com\/de-at\/#website\",\"url\":\"https:\/\/www.sts-education.com\/de-at\/\",\"name\":\"STS Education\",\"description\":\"\",\"potentialAction\":[{\"@type\":\"SearchAction\",\"target\":{\"@type\":\"EntryPoint\",\"urlTemplate\":\"https:\/\/www.sts-education.com\/de-at\/?s={search_term_string}\"},\"query-input\":{\"@type\":\"PropertyValueSpecification\",\"valueRequired\":true,\"valueName\":\"search_term_string\"}}],\"inLanguage\":\"de-AT\"}]}<\/script>\n<!-- \/ Yoast SEO Premium plugin. -->","yoast_head_json":{"title":"Die Familie Ahlqwist","robots":{"index":"index","follow":"follow","max-snippet":"max-snippet:-1","max-image-preview":"max-image-preview:large","max-video-preview":"max-video-preview:-1"},"canonical":"https:\/\/www.sts-education.com\/de-at\/gastfamilie\/gastfamilie-werden\/family-stories\/ehemalige-gastfamilien-berichten\/die-familie-ahlqwist\/","og_locale":"de_DE","og_type":"article","og_title":"Die Familie Ahlqwist","og_url":"https:\/\/www.sts-education.com\/de-at\/gastfamilie\/gastfamilie-werden\/family-stories\/ehemalige-gastfamilien-berichten\/die-familie-ahlqwist\/","og_site_name":"STS Education","article_modified_time":"2026-04-01T02:45:18+00:00","og_image":[{"url":"https:\/\/cdn.sts-education.com\/12790_hero_md.jpg","type":"","width":"","height":""}],"twitter_card":"summary_large_image","twitter_misc":{"Gesch\u00e4tzte Lesezeit":"1 Minute"},"schema":{"@context":"https:\/\/schema.org","@graph":[{"@type":"WebPage","@id":"https:\/\/www.sts-education.com\/de-at\/gastfamilie\/gastfamilie-werden\/family-stories\/ehemalige-gastfamilien-berichten\/die-familie-ahlqwist\/","url":"https:\/\/www.sts-education.com\/de-at\/gastfamilie\/gastfamilie-werden\/family-stories\/ehemalige-gastfamilien-berichten\/die-familie-ahlqwist\/","name":"Die Familie Ahlqwist","isPartOf":{"@id":"https:\/\/www.sts-education.com\/de-at\/#website"},"primaryImageOfPage":{"@id":"https:\/\/www.sts-education.com\/de-at\/gastfamilie\/gastfamilie-werden\/family-stories\/ehemalige-gastfamilien-berichten\/die-familie-ahlqwist\/#primaryimage"},"image":{"@id":"https:\/\/www.sts-education.com\/de-at\/gastfamilie\/gastfamilie-werden\/family-stories\/ehemalige-gastfamilien-berichten\/die-familie-ahlqwist\/#primaryimage"},"thumbnailUrl":"https:\/\/cdn.sts-education.com\/12790_hero_md.jpg","datePublished":"2023-06-19T12:31:28+00:00","dateModified":"2026-04-01T02:45:18+00:00","breadcrumb":{"@id":"https:\/\/www.sts-education.com\/de-at\/gastfamilie\/gastfamilie-werden\/family-stories\/ehemalige-gastfamilien-berichten\/die-familie-ahlqwist\/#breadcrumb"},"inLanguage":"de-AT","potentialAction":[{"@type":"ReadAction","target":["https:\/\/www.sts-education.com\/de-at\/gastfamilie\/gastfamilie-werden\/family-stories\/ehemalige-gastfamilien-berichten\/die-familie-ahlqwist\/"]}]},{"@type":"ImageObject","inLanguage":"de-AT","@id":"https:\/\/www.sts-education.com\/de-at\/gastfamilie\/gastfamilie-werden\/family-stories\/ehemalige-gastfamilien-berichten\/die-familie-ahlqwist\/#primaryimage","url":"https:\/\/cdn.sts-education.com\/12790_hero_md.jpg","contentUrl":"https:\/\/cdn.sts-education.com\/12790_hero_md.jpg"},{"@type":"BreadcrumbList","@id":"https:\/\/www.sts-education.com\/de-at\/gastfamilie\/gastfamilie-werden\/family-stories\/ehemalige-gastfamilien-berichten\/die-familie-ahlqwist\/#breadcrumb","itemListElement":[{"@type":"ListItem","position":1,"name":"Home","item":"https:\/\/www.sts-education.com\/de-at\/sample-page\/"},{"@type":"ListItem","position":2,"name":"Gastfamilie","item":"https:\/\/www.sts-education.com\/de-at\/gastfamilie\/"},{"@type":"ListItem","position":3,"name":"Gastfamilie werden","item":"https:\/\/www.sts-education.com\/de-at\/gastfamilie\/gastfamilie-werden\/"},{"@type":"ListItem","position":4,"name":"Family Stories","item":"https:\/\/www.sts-education.com\/de-at\/gastfamilie\/gastfamilie-werden\/family-stories\/"},{"@type":"ListItem","position":5,"name":"Ehemalige Gastfamilien berichten","item":"https:\/\/www.sts-education.com\/de-at\/gastfamilie\/gastfamilie-werden\/family-stories\/ehemalige-gastfamilien-berichten\/"},{"@type":"ListItem","position":6,"name":"Die Familie Ahlqwist"}]},{"@type":"WebSite","@id":"https:\/\/www.sts-education.com\/de-at\/#website","url":"https:\/\/www.sts-education.com\/de-at\/","name":"STS Education","description":"","potentialAction":[{"@type":"SearchAction","target":{"@type":"EntryPoint","urlTemplate":"https:\/\/www.sts-education.com\/de-at\/?s={search_term_string}"},"query-input":{"@type":"PropertyValueSpecification","valueRequired":true,"valueName":"search_term_string"}}],"inLanguage":"de-AT"}]}},"_links":{"self":[{"href":"https:\/\/www.sts-education.com\/de-at\/wp-json\/wp\/v2\/pages\/16296","targetHints":{"allow":["GET"]}}],"collection":[{"href":"https:\/\/www.sts-education.com\/de-at\/wp-json\/wp\/v2\/pages"}],"about":[{"href":"https:\/\/www.sts-education.com\/de-at\/wp-json\/wp\/v2\/types\/page"}],"author":[{"embeddable":true,"href":"https:\/\/www.sts-education.com\/de-at\/wp-json\/wp\/v2\/users\/20"}],"replies":[{"embeddable":true,"href":"https:\/\/www.sts-education.com\/de-at\/wp-json\/wp\/v2\/comments?post=16296"}],"version-history":[{"count":2,"href":"https:\/\/www.sts-education.com\/de-at\/wp-json\/wp\/v2\/pages\/16296\/revisions"}],"predecessor-version":[{"id":20680,"href":"https:\/\/www.sts-education.com\/de-at\/wp-json\/wp\/v2\/pages\/16296\/revisions\/20680"}],"up":[{"embeddable":true,"href":"https:\/\/www.sts-education.com\/de-at\/wp-json\/wp\/v2\/pages\/16294"}],"wp:attachment":[{"href":"https:\/\/www.sts-education.com\/de-at\/wp-json\/wp\/v2\/media?parent=16296"}],"wp:term":[{"taxonomy":"wpw_page_folders","embeddable":true,"href":"https:\/\/www.sts-education.com\/de-at\/wp-json\/wp\/v2\/wpw_page_folders?post=16296"}],"curies":[{"name":"wp","href":"https:\/\/api.w.org\/{rel}","templated":true}]}}