{"id":16298,"date":"2024-10-22T09:13:21","date_gmt":"2024-10-22T09:13:21","guid":{"rendered":"https:\/\/preprod.sts-education.com\/gastfamilie\/gastfamilie-werden\/family-stories\/ehemalige-gastfamilien-berichten\/familie-loffler\/"},"modified":"2026-04-01T02:45:55","modified_gmt":"2026-04-01T02:45:55","slug":"familie-loffler","status":"publish","type":"page","link":"https:\/\/www.sts-education.com\/de-at\/gastfamilie\/gastfamilie-werden\/family-stories\/ehemalige-gastfamilien-berichten\/familie-loffler\/","title":{"rendered":"Familie Loffler"},"content":{"rendered":"\n<div class=\"wp-block-sts-text sts-text-editor has-max-width-md\"><div class=\"sts-text-editor__content\"><div class=\"sts-text-editor__content-inner\">\n<h1>Wir k\u00f6nnen es nur empfehlen, Gastfamilie zu werden<\/h1>\n<\/div><\/div><\/div>\n\n\n\n<div class=\"wp-block-sts-text sts-text-editor has-max-width-md\"><div class=\"sts-text-editor__content\"><div class=\"sts-text-editor__content-inner\">\n<p><em>\u201eUnser Austauschsch\u00fcler Marco aus Mexiko hatte eine unvergessliche Art, seine Neugierde zu zeigen: Seine st\u00e4ndige Frage \u201eIst das lecker?\u201c wurde schnell zu einem Running Gag in unserem Haus. \ud83d\udc9b<\/em><\/p>\n<\/div><\/div><\/div>\n\n\n\n<figure class=\"wp-block-sts-image sts-block-image sts-block-image--count-1 has-max-width-md\" data-count=\"1\"><div class=\"sts-block-image__grid\"><div class=\"sts-block-image__item\"><picture class=\"sts-responsive-image has-fit-cover has-pos-top is-skeleton\"><img src=\"https:\/\/cdn.sts-education.com\/13347_hero_md.jpg\" alt=\"Wir k\u00f6nnen es nur empfehlen, Gastfamilie zu werden\" loading=\"lazy\" decoding=\"async\" fetchpriority=\"low\" sizes=\"(max-width: 736px) 100vw, 736px\"\/><\/picture><\/div><\/div><\/figure>\n\n\n\n<div class=\"wp-block-sts-text sts-text-editor has-max-width-md\"><div class=\"sts-text-editor__content\"><div class=\"sts-text-editor__content-inner\">\n<p>Er stellte diese Frage bei jeder Gelegenheit, was immer f\u00fcr Lacher sorgte. Ob beim gemeinsamen Abendessen, bei einem Taco-Abend mit seinen Freunden aus der Schule und Alice aus Italien, w\u00e4hrend der Hausaufgaben oder sogar w\u00e4hrend der Gartenarbeit \u2013 Marco war immer auf der Suche nach einer Best\u00e4tigung, dass alles \u201esehr lecker\u201c sei. Schon bald war \u201eIst das lecker?\u201c nicht nur Marcos Lieblingsfrage, sondern hatte sich auch unter seinen Freunden und unserer Familie verbreitet und sorgt bis heute f\u00fcr den einen oder anderen Schmunzler. Marcos einzigartiger Humor und seine F\u00e4higkeit, alles locker zu nehmen, machten jeden Tag mit ihm zu einem echten Abenteuer. \ud83d\ude05<\/p>\n<\/div><\/div><\/div>\n\n\n\n<figure class=\"wp-block-sts-image sts-block-image sts-block-image--count-1 has-max-width-md\" data-count=\"1\"><div class=\"sts-block-image__grid\"><div class=\"sts-block-image__item\"><picture class=\"sts-responsive-image has-fit-cover has-pos-top is-skeleton\"><img src=\"https:\/\/cdn.sts-education.com\/13348_hero_md.jpg\" alt=\"Wir k\u00f6nnen es nur empfehlen, Gastfamilie zu werden\" loading=\"lazy\" decoding=\"async\" fetchpriority=\"low\" sizes=\"(max-width: 736px) 100vw, 736px\"\/><\/picture><\/div><\/div><\/figure>\n\n\n\n<div class=\"wp-block-sts-text sts-text-editor has-max-width-md\"><div class=\"sts-text-editor__content\"><div class=\"sts-text-editor__content-inner\">\n<p>Wir k\u00f6nnen es nur empfehlen, Gastfamilie zu werden &#8211; es ist in so vielerlei Hinsicht eine Bereicherung f\u00fcr die ganze Familie.\u201c<\/p>\n<\/div><\/div><\/div>\n\n","protected":false},"excerpt":{"rendered":"","protected":false},"author":20,"featured_media":0,"parent":16294,"menu_order":0,"comment_status":"closed","ping_status":"closed","template":"","meta":{"_acf_changed":false,"sts_page_background_color":"","footnotes":""},"wpw_page_folders":[528],"class_list":["post-16298","page","type-page","status-publish","hentry"],"acf":[],"yoast_head":"<!-- This site is optimized with the Yoast SEO Premium plugin v27.2 (Yoast SEO v27.2) - https:\/\/yoast.com\/product\/yoast-seo-premium-wordpress\/ -->\n<title>Familie L\u00f6ffler<\/title>\n<meta name=\"description\" content=\"Wir k\u00f6nnen es nur empfehlen, Gastfamilie zu werden - es ist in so vielerlei Hinsicht eine Bereicherung f\u00fcr die ganze Familie.\" \/>\n<meta name=\"robots\" content=\"index, follow, max-snippet:-1, max-image-preview:large, max-video-preview:-1\" \/>\n<link rel=\"canonical\" href=\"https:\/\/www.sts-education.com\/de-at\/gastfamilie\/gastfamilie-werden\/family-stories\/ehemalige-gastfamilien-berichten\/familie-loffler\/\" \/>\n<meta property=\"og:locale\" content=\"de_DE\" \/>\n<meta property=\"og:type\" content=\"article\" \/>\n<meta property=\"og:title\" content=\"Familie Loffler\" \/>\n<meta property=\"og:description\" content=\"Wir k\u00f6nnen es nur empfehlen, Gastfamilie zu werden - es ist in so vielerlei Hinsicht eine Bereicherung f\u00fcr die ganze Familie.\" \/>\n<meta property=\"og:url\" content=\"https:\/\/www.sts-education.com\/de-at\/gastfamilie\/gastfamilie-werden\/family-stories\/ehemalige-gastfamilien-berichten\/familie-loffler\/\" \/>\n<meta property=\"og:site_name\" content=\"STS Education\" \/>\n<meta property=\"article:modified_time\" content=\"2026-04-01T02:45:55+00:00\" \/>\n<meta property=\"og:image\" content=\"https:\/\/cdn.sts-education.com\/13347_hero_md.jpg\" \/>\n<meta name=\"twitter:card\" content=\"summary_large_image\" \/>\n<meta name=\"twitter:label1\" content=\"Gesch\u00e4tzte Lesezeit\" \/>\n\t<meta name=\"twitter:data1\" content=\"1 Minute\" \/>\n<script type=\"application\/ld+json\" class=\"yoast-schema-graph\">{\"@context\":\"https:\/\/schema.org\",\"@graph\":[{\"@type\":\"WebPage\",\"@id\":\"https:\/\/www.sts-education.com\/de-at\/gastfamilie\/gastfamilie-werden\/family-stories\/ehemalige-gastfamilien-berichten\/familie-loffler\/\",\"url\":\"https:\/\/www.sts-education.com\/de-at\/gastfamilie\/gastfamilie-werden\/family-stories\/ehemalige-gastfamilien-berichten\/familie-loffler\/\",\"name\":\"Familie L\u00f6ffler\",\"isPartOf\":{\"@id\":\"https:\/\/www.sts-education.com\/de-at\/#website\"},\"primaryImageOfPage\":{\"@id\":\"https:\/\/www.sts-education.com\/de-at\/gastfamilie\/gastfamilie-werden\/family-stories\/ehemalige-gastfamilien-berichten\/familie-loffler\/#primaryimage\"},\"image\":{\"@id\":\"https:\/\/www.sts-education.com\/de-at\/gastfamilie\/gastfamilie-werden\/family-stories\/ehemalige-gastfamilien-berichten\/familie-loffler\/#primaryimage\"},\"thumbnailUrl\":\"https:\/\/cdn.sts-education.com\/13347_hero_md.jpg\",\"datePublished\":\"2024-10-22T09:13:21+00:00\",\"dateModified\":\"2026-04-01T02:45:55+00:00\",\"description\":\"Wir k\u00f6nnen es nur empfehlen, Gastfamilie zu werden - es ist in so vielerlei Hinsicht eine Bereicherung f\u00fcr die ganze Familie.\",\"breadcrumb\":{\"@id\":\"https:\/\/www.sts-education.com\/de-at\/gastfamilie\/gastfamilie-werden\/family-stories\/ehemalige-gastfamilien-berichten\/familie-loffler\/#breadcrumb\"},\"inLanguage\":\"de-AT\",\"potentialAction\":[{\"@type\":\"ReadAction\",\"target\":[\"https:\/\/www.sts-education.com\/de-at\/gastfamilie\/gastfamilie-werden\/family-stories\/ehemalige-gastfamilien-berichten\/familie-loffler\/\"]}]},{\"@type\":\"ImageObject\",\"inLanguage\":\"de-AT\",\"@id\":\"https:\/\/www.sts-education.com\/de-at\/gastfamilie\/gastfamilie-werden\/family-stories\/ehemalige-gastfamilien-berichten\/familie-loffler\/#primaryimage\",\"url\":\"https:\/\/cdn.sts-education.com\/13347_hero_md.jpg\",\"contentUrl\":\"https:\/\/cdn.sts-education.com\/13347_hero_md.jpg\"},{\"@type\":\"BreadcrumbList\",\"@id\":\"https:\/\/www.sts-education.com\/de-at\/gastfamilie\/gastfamilie-werden\/family-stories\/ehemalige-gastfamilien-berichten\/familie-loffler\/#breadcrumb\",\"itemListElement\":[{\"@type\":\"ListItem\",\"position\":1,\"name\":\"Home\",\"item\":\"https:\/\/www.sts-education.com\/de-at\/sample-page\/\"},{\"@type\":\"ListItem\",\"position\":2,\"name\":\"Gastfamilie\",\"item\":\"https:\/\/www.sts-education.com\/de-at\/gastfamilie\/\"},{\"@type\":\"ListItem\",\"position\":3,\"name\":\"Gastfamilie werden\",\"item\":\"https:\/\/www.sts-education.com\/de-at\/gastfamilie\/gastfamilie-werden\/\"},{\"@type\":\"ListItem\",\"position\":4,\"name\":\"Family Stories\",\"item\":\"https:\/\/www.sts-education.com\/de-at\/gastfamilie\/gastfamilie-werden\/family-stories\/\"},{\"@type\":\"ListItem\",\"position\":5,\"name\":\"Ehemalige Gastfamilien berichten\",\"item\":\"https:\/\/www.sts-education.com\/de-at\/gastfamilie\/gastfamilie-werden\/family-stories\/ehemalige-gastfamilien-berichten\/\"},{\"@type\":\"ListItem\",\"position\":6,\"name\":\"Familie Loffler\"}]},{\"@type\":\"WebSite\",\"@id\":\"https:\/\/www.sts-education.com\/de-at\/#website\",\"url\":\"https:\/\/www.sts-education.com\/de-at\/\",\"name\":\"STS Education\",\"description\":\"\",\"potentialAction\":[{\"@type\":\"SearchAction\",\"target\":{\"@type\":\"EntryPoint\",\"urlTemplate\":\"https:\/\/www.sts-education.com\/de-at\/?s={search_term_string}\"},\"query-input\":{\"@type\":\"PropertyValueSpecification\",\"valueRequired\":true,\"valueName\":\"search_term_string\"}}],\"inLanguage\":\"de-AT\"}]}<\/script>\n<!-- \/ Yoast SEO Premium plugin. -->","yoast_head_json":{"title":"Familie L\u00f6ffler","description":"Wir k\u00f6nnen es nur empfehlen, Gastfamilie zu werden - es ist in so vielerlei Hinsicht eine Bereicherung f\u00fcr die ganze Familie.","robots":{"index":"index","follow":"follow","max-snippet":"max-snippet:-1","max-image-preview":"max-image-preview:large","max-video-preview":"max-video-preview:-1"},"canonical":"https:\/\/www.sts-education.com\/de-at\/gastfamilie\/gastfamilie-werden\/family-stories\/ehemalige-gastfamilien-berichten\/familie-loffler\/","og_locale":"de_DE","og_type":"article","og_title":"Familie Loffler","og_description":"Wir k\u00f6nnen es nur empfehlen, Gastfamilie zu werden - es ist in so vielerlei Hinsicht eine Bereicherung f\u00fcr die ganze Familie.","og_url":"https:\/\/www.sts-education.com\/de-at\/gastfamilie\/gastfamilie-werden\/family-stories\/ehemalige-gastfamilien-berichten\/familie-loffler\/","og_site_name":"STS Education","article_modified_time":"2026-04-01T02:45:55+00:00","og_image":[{"url":"https:\/\/cdn.sts-education.com\/13347_hero_md.jpg","type":"","width":"","height":""}],"twitter_card":"summary_large_image","twitter_misc":{"Gesch\u00e4tzte Lesezeit":"1 Minute"},"schema":{"@context":"https:\/\/schema.org","@graph":[{"@type":"WebPage","@id":"https:\/\/www.sts-education.com\/de-at\/gastfamilie\/gastfamilie-werden\/family-stories\/ehemalige-gastfamilien-berichten\/familie-loffler\/","url":"https:\/\/www.sts-education.com\/de-at\/gastfamilie\/gastfamilie-werden\/family-stories\/ehemalige-gastfamilien-berichten\/familie-loffler\/","name":"Familie L\u00f6ffler","isPartOf":{"@id":"https:\/\/www.sts-education.com\/de-at\/#website"},"primaryImageOfPage":{"@id":"https:\/\/www.sts-education.com\/de-at\/gastfamilie\/gastfamilie-werden\/family-stories\/ehemalige-gastfamilien-berichten\/familie-loffler\/#primaryimage"},"image":{"@id":"https:\/\/www.sts-education.com\/de-at\/gastfamilie\/gastfamilie-werden\/family-stories\/ehemalige-gastfamilien-berichten\/familie-loffler\/#primaryimage"},"thumbnailUrl":"https:\/\/cdn.sts-education.com\/13347_hero_md.jpg","datePublished":"2024-10-22T09:13:21+00:00","dateModified":"2026-04-01T02:45:55+00:00","description":"Wir k\u00f6nnen es nur empfehlen, Gastfamilie zu werden - es ist in so vielerlei Hinsicht eine Bereicherung f\u00fcr die ganze Familie.","breadcrumb":{"@id":"https:\/\/www.sts-education.com\/de-at\/gastfamilie\/gastfamilie-werden\/family-stories\/ehemalige-gastfamilien-berichten\/familie-loffler\/#breadcrumb"},"inLanguage":"de-AT","potentialAction":[{"@type":"ReadAction","target":["https:\/\/www.sts-education.com\/de-at\/gastfamilie\/gastfamilie-werden\/family-stories\/ehemalige-gastfamilien-berichten\/familie-loffler\/"]}]},{"@type":"ImageObject","inLanguage":"de-AT","@id":"https:\/\/www.sts-education.com\/de-at\/gastfamilie\/gastfamilie-werden\/family-stories\/ehemalige-gastfamilien-berichten\/familie-loffler\/#primaryimage","url":"https:\/\/cdn.sts-education.com\/13347_hero_md.jpg","contentUrl":"https:\/\/cdn.sts-education.com\/13347_hero_md.jpg"},{"@type":"BreadcrumbList","@id":"https:\/\/www.sts-education.com\/de-at\/gastfamilie\/gastfamilie-werden\/family-stories\/ehemalige-gastfamilien-berichten\/familie-loffler\/#breadcrumb","itemListElement":[{"@type":"ListItem","position":1,"name":"Home","item":"https:\/\/www.sts-education.com\/de-at\/sample-page\/"},{"@type":"ListItem","position":2,"name":"Gastfamilie","item":"https:\/\/www.sts-education.com\/de-at\/gastfamilie\/"},{"@type":"ListItem","position":3,"name":"Gastfamilie werden","item":"https:\/\/www.sts-education.com\/de-at\/gastfamilie\/gastfamilie-werden\/"},{"@type":"ListItem","position":4,"name":"Family Stories","item":"https:\/\/www.sts-education.com\/de-at\/gastfamilie\/gastfamilie-werden\/family-stories\/"},{"@type":"ListItem","position":5,"name":"Ehemalige Gastfamilien berichten","item":"https:\/\/www.sts-education.com\/de-at\/gastfamilie\/gastfamilie-werden\/family-stories\/ehemalige-gastfamilien-berichten\/"},{"@type":"ListItem","position":6,"name":"Familie Loffler"}]},{"@type":"WebSite","@id":"https:\/\/www.sts-education.com\/de-at\/#website","url":"https:\/\/www.sts-education.com\/de-at\/","name":"STS Education","description":"","potentialAction":[{"@type":"SearchAction","target":{"@type":"EntryPoint","urlTemplate":"https:\/\/www.sts-education.com\/de-at\/?s={search_term_string}"},"query-input":{"@type":"PropertyValueSpecification","valueRequired":true,"valueName":"search_term_string"}}],"inLanguage":"de-AT"}]}},"_links":{"self":[{"href":"https:\/\/www.sts-education.com\/de-at\/wp-json\/wp\/v2\/pages\/16298","targetHints":{"allow":["GET"]}}],"collection":[{"href":"https:\/\/www.sts-education.com\/de-at\/wp-json\/wp\/v2\/pages"}],"about":[{"href":"https:\/\/www.sts-education.com\/de-at\/wp-json\/wp\/v2\/types\/page"}],"author":[{"embeddable":true,"href":"https:\/\/www.sts-education.com\/de-at\/wp-json\/wp\/v2\/users\/20"}],"replies":[{"embeddable":true,"href":"https:\/\/www.sts-education.com\/de-at\/wp-json\/wp\/v2\/comments?post=16298"}],"version-history":[{"count":2,"href":"https:\/\/www.sts-education.com\/de-at\/wp-json\/wp\/v2\/pages\/16298\/revisions"}],"predecessor-version":[{"id":20696,"href":"https:\/\/www.sts-education.com\/de-at\/wp-json\/wp\/v2\/pages\/16298\/revisions\/20696"}],"up":[{"embeddable":true,"href":"https:\/\/www.sts-education.com\/de-at\/wp-json\/wp\/v2\/pages\/16294"}],"wp:attachment":[{"href":"https:\/\/www.sts-education.com\/de-at\/wp-json\/wp\/v2\/media?parent=16298"}],"wp:term":[{"taxonomy":"wpw_page_folders","embeddable":true,"href":"https:\/\/www.sts-education.com\/de-at\/wp-json\/wp\/v2\/wpw_page_folders?post=16298"}],"curies":[{"name":"wp","href":"https:\/\/api.w.org\/{rel}","templated":true}]}}