{"id":16300,"date":"2023-03-29T07:44:30","date_gmt":"2023-03-29T07:44:30","guid":{"rendered":"https:\/\/preprod.sts-education.com\/gastfamilie\/gastfamilie-werden\/family-stories\/ehemalige-gastfamilien-berichten\/familie-petersson-schweden\/"},"modified":"2026-04-01T02:44:59","modified_gmt":"2026-04-01T02:44:59","slug":"familie-petersson-schweden","status":"publish","type":"page","link":"https:\/\/www.sts-education.com\/de-at\/gastfamilie\/gastfamilie-werden\/family-stories\/ehemalige-gastfamilien-berichten\/familie-petersson-schweden\/","title":{"rendered":"Familie Petersson Schweden"},"content":{"rendered":"\n<div class=\"wp-block-sts-text sts-text-editor has-max-width-md\"><div class=\"sts-text-editor__content\"><div class=\"sts-text-editor__content-inner\">\n<h1>Familie Petersson hat Philip aus Deutschland aufgenommen<\/h1>\n<\/div><\/div><\/div>\n\n\n\n<div class=\"wp-block-sts-text sts-text-editor has-max-width-md\"><div class=\"sts-text-editor__content\"><div class=\"sts-text-editor__content-inner\">\n<p>Die Gastfamilie ist der Mittelpunkt einer Austauscherfahrung. Die meisten Gastfamilien erleben den Austausch als gro\u00dfe Bereicherung und entwickeln enge und lebenslange Beziehungen zu ihrem Gastkind. Erika und Stefan Pettersson haben zusammen mit ihren Kindern Clara (13), Alice (15) und Edit (17) Philip aus Deutschland bei sich aufgenommen.<\/p>\n<\/div><\/div><\/div>\n\n\n\n<figure class=\"wp-block-sts-image sts-block-image sts-block-image--count-1 has-max-width-md\" data-count=\"1\"><div class=\"sts-block-image__grid\"><div class=\"sts-block-image__item\"><picture class=\"sts-responsive-image has-fit-cover has-pos-top is-skeleton\"><img src=\"https:\/\/cdn.sts-education.com\/12707_hero_md.jpg\" alt=\"Familie Petersson hat Philip aus Deutschland aufgenommen\" loading=\"lazy\" decoding=\"async\" fetchpriority=\"low\" sizes=\"(max-width: 736px) 100vw, 736px\"\/><\/picture><\/div><\/div><\/figure>\n\n\n\n<div class=\"wp-block-sts-text sts-text-editor has-max-width-md\"><div class=\"sts-text-editor__content\"><div class=\"sts-text-editor__content-inner\">\n<p>Als die \u00e4lteste Tochter Edit als Austauschsch\u00fclerin nach Texas ging, kamen sie auf die Idee, selbst einen Austauschsch\u00fcler einzuladen. Gastvater Stefan erinnert sich:<\/p>\n<p>&quot;Schon nach einer Woche hatten wir einen neuen Blick auf Schweden und darauf, wie wir Dinge tun. Man bekommt eine andere Perspektive und lernt eine Menge \u00fcber sich selbst. Es gibt eine neue Dynamik in der Familie. Philip f\u00fcgt sich ein und wir kochen, putzen und waschen gemeinsam W\u00e4sche. Clara, die Deutsch lernen will, findet es toll, und ich habe endlich jemanden, mit dem ich joggen gehen kann.<\/p>\n<h2>Philip &#8211; jetzt eine lokale Ber\u00fchmtheit<\/h2>\n<p>STS-Sch\u00fcler Philip aus Deutschland, der als Austauschsch\u00fcler in Vallda, Schweden, lebt, ist eine Ber\u00fchmtheit, seit die Lokalzeitung Norra Halland ein Interview mit ihm ver\u00f6ffentlicht hat. Philip erz\u00e4hlt \u00fcber seine Eindr\u00fccke: &quot;Ich habe eine wunderbare Gastfamilie mit drei Geschwistern, zwei Katzen, zwei Kaninchen und einem Aquarium. Ich mag es, dass das Familienleben ein bisschen lebhafter ist, in Deutschland bin ich Einzelkind. In der Schule sind die Lehrer mit Begeisterung dabei und die Sch\u00fcler gehen gerne zur Schule. Mir gef\u00e4llt es, dass man einen eigenen Computer bekommt. Am Anfang war ich ein bisschen nerv\u00f6s, aber jetzt ist alles gut. Ich freue mich auf den Winter und hoffe auf Schnee. Ich w\u00fcrde gerne Skifahren gehen!&quot;<\/p>\n<p>Wir w\u00fcnschen Philip viel Gl\u00fcck und einen sch\u00f6nen Rest des Austauschs!<\/p>\n<\/div><\/div><\/div>\n\n","protected":false},"excerpt":{"rendered":"","protected":false},"author":20,"featured_media":0,"parent":16294,"menu_order":0,"comment_status":"closed","ping_status":"closed","template":"","meta":{"_acf_changed":false,"sts_page_background_color":"","footnotes":""},"wpw_page_folders":[528],"class_list":["post-16300","page","type-page","status-publish","hentry"],"acf":[],"yoast_head":"<!-- This site is optimized with the Yoast SEO Premium plugin v27.2 (Yoast SEO v27.2) - https:\/\/yoast.com\/product\/yoast-seo-premium-wordpress\/ -->\n<title>Familie Petersson, Schweden<\/title>\n<meta name=\"robots\" content=\"index, follow, max-snippet:-1, max-image-preview:large, max-video-preview:-1\" \/>\n<link rel=\"canonical\" href=\"https:\/\/www.sts-education.com\/de-at\/gastfamilie\/gastfamilie-werden\/family-stories\/ehemalige-gastfamilien-berichten\/familie-petersson-schweden\/\" \/>\n<meta property=\"og:locale\" content=\"de_DE\" \/>\n<meta property=\"og:type\" content=\"article\" \/>\n<meta property=\"og:title\" content=\"Familie Petersson Schweden\" \/>\n<meta property=\"og:url\" content=\"https:\/\/www.sts-education.com\/de-at\/gastfamilie\/gastfamilie-werden\/family-stories\/ehemalige-gastfamilien-berichten\/familie-petersson-schweden\/\" \/>\n<meta property=\"og:site_name\" content=\"STS Education\" \/>\n<meta property=\"article:modified_time\" content=\"2026-04-01T02:44:59+00:00\" \/>\n<meta property=\"og:image\" content=\"https:\/\/cdn.sts-education.com\/12707_hero_md.jpg\" \/>\n<meta name=\"twitter:card\" content=\"summary_large_image\" \/>\n<meta name=\"twitter:label1\" content=\"Gesch\u00e4tzte Lesezeit\" \/>\n\t<meta name=\"twitter:data1\" content=\"1 Minute\" \/>\n<script type=\"application\/ld+json\" class=\"yoast-schema-graph\">{\"@context\":\"https:\/\/schema.org\",\"@graph\":[{\"@type\":\"WebPage\",\"@id\":\"https:\/\/www.sts-education.com\/de-at\/gastfamilie\/gastfamilie-werden\/family-stories\/ehemalige-gastfamilien-berichten\/familie-petersson-schweden\/\",\"url\":\"https:\/\/www.sts-education.com\/de-at\/gastfamilie\/gastfamilie-werden\/family-stories\/ehemalige-gastfamilien-berichten\/familie-petersson-schweden\/\",\"name\":\"Familie Petersson, Schweden\",\"isPartOf\":{\"@id\":\"https:\/\/www.sts-education.com\/de-at\/#website\"},\"primaryImageOfPage\":{\"@id\":\"https:\/\/www.sts-education.com\/de-at\/gastfamilie\/gastfamilie-werden\/family-stories\/ehemalige-gastfamilien-berichten\/familie-petersson-schweden\/#primaryimage\"},\"image\":{\"@id\":\"https:\/\/www.sts-education.com\/de-at\/gastfamilie\/gastfamilie-werden\/family-stories\/ehemalige-gastfamilien-berichten\/familie-petersson-schweden\/#primaryimage\"},\"thumbnailUrl\":\"https:\/\/cdn.sts-education.com\/12707_hero_md.jpg\",\"datePublished\":\"2023-03-29T07:44:30+00:00\",\"dateModified\":\"2026-04-01T02:44:59+00:00\",\"breadcrumb\":{\"@id\":\"https:\/\/www.sts-education.com\/de-at\/gastfamilie\/gastfamilie-werden\/family-stories\/ehemalige-gastfamilien-berichten\/familie-petersson-schweden\/#breadcrumb\"},\"inLanguage\":\"de-AT\",\"potentialAction\":[{\"@type\":\"ReadAction\",\"target\":[\"https:\/\/www.sts-education.com\/de-at\/gastfamilie\/gastfamilie-werden\/family-stories\/ehemalige-gastfamilien-berichten\/familie-petersson-schweden\/\"]}]},{\"@type\":\"ImageObject\",\"inLanguage\":\"de-AT\",\"@id\":\"https:\/\/www.sts-education.com\/de-at\/gastfamilie\/gastfamilie-werden\/family-stories\/ehemalige-gastfamilien-berichten\/familie-petersson-schweden\/#primaryimage\",\"url\":\"https:\/\/cdn.sts-education.com\/12707_hero_md.jpg\",\"contentUrl\":\"https:\/\/cdn.sts-education.com\/12707_hero_md.jpg\"},{\"@type\":\"BreadcrumbList\",\"@id\":\"https:\/\/www.sts-education.com\/de-at\/gastfamilie\/gastfamilie-werden\/family-stories\/ehemalige-gastfamilien-berichten\/familie-petersson-schweden\/#breadcrumb\",\"itemListElement\":[{\"@type\":\"ListItem\",\"position\":1,\"name\":\"Home\",\"item\":\"https:\/\/www.sts-education.com\/de-at\/sample-page\/\"},{\"@type\":\"ListItem\",\"position\":2,\"name\":\"Gastfamilie\",\"item\":\"https:\/\/www.sts-education.com\/de-at\/gastfamilie\/\"},{\"@type\":\"ListItem\",\"position\":3,\"name\":\"Gastfamilie werden\",\"item\":\"https:\/\/www.sts-education.com\/de-at\/gastfamilie\/gastfamilie-werden\/\"},{\"@type\":\"ListItem\",\"position\":4,\"name\":\"Family Stories\",\"item\":\"https:\/\/www.sts-education.com\/de-at\/gastfamilie\/gastfamilie-werden\/family-stories\/\"},{\"@type\":\"ListItem\",\"position\":5,\"name\":\"Ehemalige Gastfamilien berichten\",\"item\":\"https:\/\/www.sts-education.com\/de-at\/gastfamilie\/gastfamilie-werden\/family-stories\/ehemalige-gastfamilien-berichten\/\"},{\"@type\":\"ListItem\",\"position\":6,\"name\":\"Familie Petersson Schweden\"}]},{\"@type\":\"WebSite\",\"@id\":\"https:\/\/www.sts-education.com\/de-at\/#website\",\"url\":\"https:\/\/www.sts-education.com\/de-at\/\",\"name\":\"STS Education\",\"description\":\"\",\"potentialAction\":[{\"@type\":\"SearchAction\",\"target\":{\"@type\":\"EntryPoint\",\"urlTemplate\":\"https:\/\/www.sts-education.com\/de-at\/?s={search_term_string}\"},\"query-input\":{\"@type\":\"PropertyValueSpecification\",\"valueRequired\":true,\"valueName\":\"search_term_string\"}}],\"inLanguage\":\"de-AT\"}]}<\/script>\n<!-- \/ Yoast SEO Premium plugin. -->","yoast_head_json":{"title":"Familie Petersson, Schweden","robots":{"index":"index","follow":"follow","max-snippet":"max-snippet:-1","max-image-preview":"max-image-preview:large","max-video-preview":"max-video-preview:-1"},"canonical":"https:\/\/www.sts-education.com\/de-at\/gastfamilie\/gastfamilie-werden\/family-stories\/ehemalige-gastfamilien-berichten\/familie-petersson-schweden\/","og_locale":"de_DE","og_type":"article","og_title":"Familie Petersson Schweden","og_url":"https:\/\/www.sts-education.com\/de-at\/gastfamilie\/gastfamilie-werden\/family-stories\/ehemalige-gastfamilien-berichten\/familie-petersson-schweden\/","og_site_name":"STS Education","article_modified_time":"2026-04-01T02:44:59+00:00","og_image":[{"url":"https:\/\/cdn.sts-education.com\/12707_hero_md.jpg","type":"","width":"","height":""}],"twitter_card":"summary_large_image","twitter_misc":{"Gesch\u00e4tzte Lesezeit":"1 Minute"},"schema":{"@context":"https:\/\/schema.org","@graph":[{"@type":"WebPage","@id":"https:\/\/www.sts-education.com\/de-at\/gastfamilie\/gastfamilie-werden\/family-stories\/ehemalige-gastfamilien-berichten\/familie-petersson-schweden\/","url":"https:\/\/www.sts-education.com\/de-at\/gastfamilie\/gastfamilie-werden\/family-stories\/ehemalige-gastfamilien-berichten\/familie-petersson-schweden\/","name":"Familie Petersson, Schweden","isPartOf":{"@id":"https:\/\/www.sts-education.com\/de-at\/#website"},"primaryImageOfPage":{"@id":"https:\/\/www.sts-education.com\/de-at\/gastfamilie\/gastfamilie-werden\/family-stories\/ehemalige-gastfamilien-berichten\/familie-petersson-schweden\/#primaryimage"},"image":{"@id":"https:\/\/www.sts-education.com\/de-at\/gastfamilie\/gastfamilie-werden\/family-stories\/ehemalige-gastfamilien-berichten\/familie-petersson-schweden\/#primaryimage"},"thumbnailUrl":"https:\/\/cdn.sts-education.com\/12707_hero_md.jpg","datePublished":"2023-03-29T07:44:30+00:00","dateModified":"2026-04-01T02:44:59+00:00","breadcrumb":{"@id":"https:\/\/www.sts-education.com\/de-at\/gastfamilie\/gastfamilie-werden\/family-stories\/ehemalige-gastfamilien-berichten\/familie-petersson-schweden\/#breadcrumb"},"inLanguage":"de-AT","potentialAction":[{"@type":"ReadAction","target":["https:\/\/www.sts-education.com\/de-at\/gastfamilie\/gastfamilie-werden\/family-stories\/ehemalige-gastfamilien-berichten\/familie-petersson-schweden\/"]}]},{"@type":"ImageObject","inLanguage":"de-AT","@id":"https:\/\/www.sts-education.com\/de-at\/gastfamilie\/gastfamilie-werden\/family-stories\/ehemalige-gastfamilien-berichten\/familie-petersson-schweden\/#primaryimage","url":"https:\/\/cdn.sts-education.com\/12707_hero_md.jpg","contentUrl":"https:\/\/cdn.sts-education.com\/12707_hero_md.jpg"},{"@type":"BreadcrumbList","@id":"https:\/\/www.sts-education.com\/de-at\/gastfamilie\/gastfamilie-werden\/family-stories\/ehemalige-gastfamilien-berichten\/familie-petersson-schweden\/#breadcrumb","itemListElement":[{"@type":"ListItem","position":1,"name":"Home","item":"https:\/\/www.sts-education.com\/de-at\/sample-page\/"},{"@type":"ListItem","position":2,"name":"Gastfamilie","item":"https:\/\/www.sts-education.com\/de-at\/gastfamilie\/"},{"@type":"ListItem","position":3,"name":"Gastfamilie werden","item":"https:\/\/www.sts-education.com\/de-at\/gastfamilie\/gastfamilie-werden\/"},{"@type":"ListItem","position":4,"name":"Family Stories","item":"https:\/\/www.sts-education.com\/de-at\/gastfamilie\/gastfamilie-werden\/family-stories\/"},{"@type":"ListItem","position":5,"name":"Ehemalige Gastfamilien berichten","item":"https:\/\/www.sts-education.com\/de-at\/gastfamilie\/gastfamilie-werden\/family-stories\/ehemalige-gastfamilien-berichten\/"},{"@type":"ListItem","position":6,"name":"Familie Petersson Schweden"}]},{"@type":"WebSite","@id":"https:\/\/www.sts-education.com\/de-at\/#website","url":"https:\/\/www.sts-education.com\/de-at\/","name":"STS Education","description":"","potentialAction":[{"@type":"SearchAction","target":{"@type":"EntryPoint","urlTemplate":"https:\/\/www.sts-education.com\/de-at\/?s={search_term_string}"},"query-input":{"@type":"PropertyValueSpecification","valueRequired":true,"valueName":"search_term_string"}}],"inLanguage":"de-AT"}]}},"_links":{"self":[{"href":"https:\/\/www.sts-education.com\/de-at\/wp-json\/wp\/v2\/pages\/16300","targetHints":{"allow":["GET"]}}],"collection":[{"href":"https:\/\/www.sts-education.com\/de-at\/wp-json\/wp\/v2\/pages"}],"about":[{"href":"https:\/\/www.sts-education.com\/de-at\/wp-json\/wp\/v2\/types\/page"}],"author":[{"embeddable":true,"href":"https:\/\/www.sts-education.com\/de-at\/wp-json\/wp\/v2\/users\/20"}],"replies":[{"embeddable":true,"href":"https:\/\/www.sts-education.com\/de-at\/wp-json\/wp\/v2\/comments?post=16300"}],"version-history":[{"count":2,"href":"https:\/\/www.sts-education.com\/de-at\/wp-json\/wp\/v2\/pages\/16300\/revisions"}],"predecessor-version":[{"id":20672,"href":"https:\/\/www.sts-education.com\/de-at\/wp-json\/wp\/v2\/pages\/16300\/revisions\/20672"}],"up":[{"embeddable":true,"href":"https:\/\/www.sts-education.com\/de-at\/wp-json\/wp\/v2\/pages\/16294"}],"wp:attachment":[{"href":"https:\/\/www.sts-education.com\/de-at\/wp-json\/wp\/v2\/media?parent=16300"}],"wp:term":[{"taxonomy":"wpw_page_folders","embeddable":true,"href":"https:\/\/www.sts-education.com\/de-at\/wp-json\/wp\/v2\/wpw_page_folders?post=16300"}],"curies":[{"name":"wp","href":"https:\/\/api.w.org\/{rel}","templated":true}]}}