{"id":16302,"date":"2022-12-19T15:21:53","date_gmt":"2022-12-19T15:21:53","guid":{"rendered":"https:\/\/preprod.sts-education.com\/gastfamilie\/gastfamilie-werden\/family-stories\/ehemalige-gastfamilien-berichten\/leanne-roger\/"},"modified":"2026-03-25T14:23:43","modified_gmt":"2026-03-25T14:23:43","slug":"leanne-roger","status":"publish","type":"page","link":"https:\/\/www.sts-education.com\/de-at\/gastfamilie\/gastfamilie-werden\/family-stories\/ehemalige-gastfamilien-berichten\/leanne-roger\/","title":{"rendered":"Leanne Roger"},"content":{"rendered":"\n<div class=\"wp-block-sts-text sts-text-editor has-max-width-md\"><div class=\"sts-text-editor__content\"><div class=\"sts-text-editor__content-inner\">\n<h1>Unsere gro\u00dfe weltweite Familie<\/h1>\n<\/div><\/div><\/div>\n\n\n\n<div class=\"wp-block-sts-text sts-text-editor has-max-width-md\"><div class=\"sts-text-editor__content\"><div class=\"sts-text-editor__content-inner\">\n<p>Leanne &amp; Roger Rouse aus Neuseeland sind eine unserer Super-Gastfamilien. Insgesamt haben sie schon 12 Sch\u00fcler aus Europa und S\u00fcdamerika bei sich aufgenommen:<\/p>\n\n<p>&#8222;Als Gastfamilie sind wir wirklich zu einer gro\u00dfen, weltweiten Familie geworden. All diese jungen Leute bei uns aufzunehmen, war die beste Entscheidung, die wir je getroffen haben. Bis heute sagen unsere eigenen Kinder, die jetzt in ihren Zwanzigern und Drei\u00dfigern sind, dass ihre besten Freunde die Austauschsch\u00fcler sind, die wir bei uns zu Hause hatten.<\/p>\n<\/div><\/div><\/div>\n\n\n\n<figure class=\"wp-block-sts-image sts-block-image sts-block-image--count-1 has-max-width-md\" data-count=\"1\"><div class=\"sts-block-image__grid\"><div class=\"sts-block-image__item\"><picture class=\"sts-responsive-image has-fit-cover has-pos-top is-skeleton\"><img src=\"https:\/\/cdn.sts-education.com\/12559_hero_md.jpg\" alt=\"Unsere gro\u00dfe weltweite Familie\" loading=\"lazy\" decoding=\"async\" fetchpriority=\"low\" sizes=\"(max-width: 736px) 100vw, 736px\"\/><\/picture><\/div><\/div><\/figure>\n\n\n\n<div class=\"wp-block-sts-text sts-text-editor has-max-width-md\"><div class=\"sts-text-editor__content\"><div class=\"sts-text-editor__content-inner\">\n<p>Weihnachten ist f\u00fcr uns etwas ganz Besonderes. Nach all den Jahren, in denen wir Gastgeber waren, gibt es kein einziges Weihnachten, an dem nicht ehemalige Austauschsch\u00fcler zu Besuch kommen und unser Haus mit Spa\u00df und Lachen f\u00fcllen. Jemand hat einmal gesagt, dass es keine Kriege mehr geben w\u00fcrde, wenn alle Staatsoberh\u00e4upter der Welt dazu k\u00e4men und erlebten, wie all diese verschiedenen Kulturen miteinander lachen und scherzen.<\/p>\n<p>Um die weite Welt in unsere Familie zu bringen, haben wir schon vor vielen Jahren damit begonnen, Gastgeber zu sein. Und was f\u00fcr eine wunderbare Erfahrung das war!&quot;<\/p>\n<p><strong>Leanne &amp; Roger Rouse, Neuseeland<\/strong><\/p>\n<\/div><\/div><\/div>\n\n","protected":false},"excerpt":{"rendered":"","protected":false},"author":20,"featured_media":0,"parent":16294,"menu_order":0,"comment_status":"closed","ping_status":"closed","template":"","meta":{"_acf_changed":false,"sts_page_background_color":"","footnotes":""},"wpw_page_folders":[528],"class_list":["post-16302","page","type-page","status-publish","hentry"],"acf":[],"yoast_head":"<!-- This site is optimized with the Yoast SEO Premium plugin v27.2 (Yoast SEO v27.2) - https:\/\/yoast.com\/product\/yoast-seo-premium-wordpress\/ -->\n<title>Leanne Roger - STS Education<\/title>\n<meta name=\"robots\" content=\"index, follow, max-snippet:-1, max-image-preview:large, max-video-preview:-1\" \/>\n<link rel=\"canonical\" href=\"https:\/\/www.sts-education.com\/de-at\/gastfamilie\/gastfamilie-werden\/family-stories\/ehemalige-gastfamilien-berichten\/leanne-roger\/\" \/>\n<meta property=\"og:locale\" content=\"de_DE\" \/>\n<meta property=\"og:type\" content=\"article\" \/>\n<meta property=\"og:title\" content=\"Leanne Roger\" \/>\n<meta property=\"og:url\" content=\"https:\/\/www.sts-education.com\/de-at\/gastfamilie\/gastfamilie-werden\/family-stories\/ehemalige-gastfamilien-berichten\/leanne-roger\/\" \/>\n<meta property=\"og:site_name\" content=\"STS Education\" \/>\n<meta property=\"article:modified_time\" content=\"2026-03-25T14:23:43+00:00\" \/>\n<meta property=\"og:image\" content=\"https:\/\/cdn.sts-education.com\/12559_hero_md.jpg\" \/>\n<meta name=\"twitter:card\" content=\"summary_large_image\" \/>\n<meta name=\"twitter:label1\" content=\"Gesch\u00e4tzte Lesezeit\" \/>\n\t<meta name=\"twitter:data1\" content=\"1 Minute\" \/>\n<script type=\"application\/ld+json\" class=\"yoast-schema-graph\">{\"@context\":\"https:\/\/schema.org\",\"@graph\":[{\"@type\":\"WebPage\",\"@id\":\"https:\/\/www.sts-education.com\/de-at\/gastfamilie\/gastfamilie-werden\/family-stories\/ehemalige-gastfamilien-berichten\/leanne-roger\/\",\"url\":\"https:\/\/www.sts-education.com\/de-at\/gastfamilie\/gastfamilie-werden\/family-stories\/ehemalige-gastfamilien-berichten\/leanne-roger\/\",\"name\":\"Leanne Roger - STS Education\",\"isPartOf\":{\"@id\":\"https:\/\/www.sts-education.com\/de-at\/#website\"},\"primaryImageOfPage\":{\"@id\":\"https:\/\/www.sts-education.com\/de-at\/gastfamilie\/gastfamilie-werden\/family-stories\/ehemalige-gastfamilien-berichten\/leanne-roger\/#primaryimage\"},\"image\":{\"@id\":\"https:\/\/www.sts-education.com\/de-at\/gastfamilie\/gastfamilie-werden\/family-stories\/ehemalige-gastfamilien-berichten\/leanne-roger\/#primaryimage\"},\"thumbnailUrl\":\"https:\/\/cdn.sts-education.com\/12559_hero_md.jpg\",\"datePublished\":\"2022-12-19T15:21:53+00:00\",\"dateModified\":\"2026-03-25T14:23:43+00:00\",\"breadcrumb\":{\"@id\":\"https:\/\/www.sts-education.com\/de-at\/gastfamilie\/gastfamilie-werden\/family-stories\/ehemalige-gastfamilien-berichten\/leanne-roger\/#breadcrumb\"},\"inLanguage\":\"de-AT\",\"potentialAction\":[{\"@type\":\"ReadAction\",\"target\":[\"https:\/\/www.sts-education.com\/de-at\/gastfamilie\/gastfamilie-werden\/family-stories\/ehemalige-gastfamilien-berichten\/leanne-roger\/\"]}]},{\"@type\":\"ImageObject\",\"inLanguage\":\"de-AT\",\"@id\":\"https:\/\/www.sts-education.com\/de-at\/gastfamilie\/gastfamilie-werden\/family-stories\/ehemalige-gastfamilien-berichten\/leanne-roger\/#primaryimage\",\"url\":\"https:\/\/cdn.sts-education.com\/12559_hero_md.jpg\",\"contentUrl\":\"https:\/\/cdn.sts-education.com\/12559_hero_md.jpg\"},{\"@type\":\"BreadcrumbList\",\"@id\":\"https:\/\/www.sts-education.com\/de-at\/gastfamilie\/gastfamilie-werden\/family-stories\/ehemalige-gastfamilien-berichten\/leanne-roger\/#breadcrumb\",\"itemListElement\":[{\"@type\":\"ListItem\",\"position\":1,\"name\":\"Home\",\"item\":\"https:\/\/www.sts-education.com\/de-at\/sample-page\/\"},{\"@type\":\"ListItem\",\"position\":2,\"name\":\"Gastfamilie\",\"item\":\"https:\/\/www.sts-education.com\/de-at\/gastfamilie\/\"},{\"@type\":\"ListItem\",\"position\":3,\"name\":\"Gastfamilie werden\",\"item\":\"https:\/\/www.sts-education.com\/de-at\/gastfamilie\/gastfamilie-werden\/\"},{\"@type\":\"ListItem\",\"position\":4,\"name\":\"Family Stories\",\"item\":\"https:\/\/www.sts-education.com\/de-at\/gastfamilie\/gastfamilie-werden\/family-stories\/\"},{\"@type\":\"ListItem\",\"position\":5,\"name\":\"Ehemalige Gastfamilien berichten\",\"item\":\"https:\/\/www.sts-education.com\/de-at\/gastfamilie\/gastfamilie-werden\/family-stories\/ehemalige-gastfamilien-berichten\/\"},{\"@type\":\"ListItem\",\"position\":6,\"name\":\"Leanne Roger\"}]},{\"@type\":\"WebSite\",\"@id\":\"https:\/\/www.sts-education.com\/de-at\/#website\",\"url\":\"https:\/\/www.sts-education.com\/de-at\/\",\"name\":\"STS Education\",\"description\":\"\",\"potentialAction\":[{\"@type\":\"SearchAction\",\"target\":{\"@type\":\"EntryPoint\",\"urlTemplate\":\"https:\/\/www.sts-education.com\/de-at\/?s={search_term_string}\"},\"query-input\":{\"@type\":\"PropertyValueSpecification\",\"valueRequired\":true,\"valueName\":\"search_term_string\"}}],\"inLanguage\":\"de-AT\"}]}<\/script>\n<!-- \/ Yoast SEO Premium plugin. -->","yoast_head_json":{"title":"Leanne Roger - STS Education","robots":{"index":"index","follow":"follow","max-snippet":"max-snippet:-1","max-image-preview":"max-image-preview:large","max-video-preview":"max-video-preview:-1"},"canonical":"https:\/\/www.sts-education.com\/de-at\/gastfamilie\/gastfamilie-werden\/family-stories\/ehemalige-gastfamilien-berichten\/leanne-roger\/","og_locale":"de_DE","og_type":"article","og_title":"Leanne Roger","og_url":"https:\/\/www.sts-education.com\/de-at\/gastfamilie\/gastfamilie-werden\/family-stories\/ehemalige-gastfamilien-berichten\/leanne-roger\/","og_site_name":"STS Education","article_modified_time":"2026-03-25T14:23:43+00:00","og_image":[{"url":"https:\/\/cdn.sts-education.com\/12559_hero_md.jpg","type":"","width":"","height":""}],"twitter_card":"summary_large_image","twitter_misc":{"Gesch\u00e4tzte Lesezeit":"1 Minute"},"schema":{"@context":"https:\/\/schema.org","@graph":[{"@type":"WebPage","@id":"https:\/\/www.sts-education.com\/de-at\/gastfamilie\/gastfamilie-werden\/family-stories\/ehemalige-gastfamilien-berichten\/leanne-roger\/","url":"https:\/\/www.sts-education.com\/de-at\/gastfamilie\/gastfamilie-werden\/family-stories\/ehemalige-gastfamilien-berichten\/leanne-roger\/","name":"Leanne Roger - STS Education","isPartOf":{"@id":"https:\/\/www.sts-education.com\/de-at\/#website"},"primaryImageOfPage":{"@id":"https:\/\/www.sts-education.com\/de-at\/gastfamilie\/gastfamilie-werden\/family-stories\/ehemalige-gastfamilien-berichten\/leanne-roger\/#primaryimage"},"image":{"@id":"https:\/\/www.sts-education.com\/de-at\/gastfamilie\/gastfamilie-werden\/family-stories\/ehemalige-gastfamilien-berichten\/leanne-roger\/#primaryimage"},"thumbnailUrl":"https:\/\/cdn.sts-education.com\/12559_hero_md.jpg","datePublished":"2022-12-19T15:21:53+00:00","dateModified":"2026-03-25T14:23:43+00:00","breadcrumb":{"@id":"https:\/\/www.sts-education.com\/de-at\/gastfamilie\/gastfamilie-werden\/family-stories\/ehemalige-gastfamilien-berichten\/leanne-roger\/#breadcrumb"},"inLanguage":"de-AT","potentialAction":[{"@type":"ReadAction","target":["https:\/\/www.sts-education.com\/de-at\/gastfamilie\/gastfamilie-werden\/family-stories\/ehemalige-gastfamilien-berichten\/leanne-roger\/"]}]},{"@type":"ImageObject","inLanguage":"de-AT","@id":"https:\/\/www.sts-education.com\/de-at\/gastfamilie\/gastfamilie-werden\/family-stories\/ehemalige-gastfamilien-berichten\/leanne-roger\/#primaryimage","url":"https:\/\/cdn.sts-education.com\/12559_hero_md.jpg","contentUrl":"https:\/\/cdn.sts-education.com\/12559_hero_md.jpg"},{"@type":"BreadcrumbList","@id":"https:\/\/www.sts-education.com\/de-at\/gastfamilie\/gastfamilie-werden\/family-stories\/ehemalige-gastfamilien-berichten\/leanne-roger\/#breadcrumb","itemListElement":[{"@type":"ListItem","position":1,"name":"Home","item":"https:\/\/www.sts-education.com\/de-at\/sample-page\/"},{"@type":"ListItem","position":2,"name":"Gastfamilie","item":"https:\/\/www.sts-education.com\/de-at\/gastfamilie\/"},{"@type":"ListItem","position":3,"name":"Gastfamilie werden","item":"https:\/\/www.sts-education.com\/de-at\/gastfamilie\/gastfamilie-werden\/"},{"@type":"ListItem","position":4,"name":"Family Stories","item":"https:\/\/www.sts-education.com\/de-at\/gastfamilie\/gastfamilie-werden\/family-stories\/"},{"@type":"ListItem","position":5,"name":"Ehemalige Gastfamilien berichten","item":"https:\/\/www.sts-education.com\/de-at\/gastfamilie\/gastfamilie-werden\/family-stories\/ehemalige-gastfamilien-berichten\/"},{"@type":"ListItem","position":6,"name":"Leanne Roger"}]},{"@type":"WebSite","@id":"https:\/\/www.sts-education.com\/de-at\/#website","url":"https:\/\/www.sts-education.com\/de-at\/","name":"STS Education","description":"","potentialAction":[{"@type":"SearchAction","target":{"@type":"EntryPoint","urlTemplate":"https:\/\/www.sts-education.com\/de-at\/?s={search_term_string}"},"query-input":{"@type":"PropertyValueSpecification","valueRequired":true,"valueName":"search_term_string"}}],"inLanguage":"de-AT"}]}},"_links":{"self":[{"href":"https:\/\/www.sts-education.com\/de-at\/wp-json\/wp\/v2\/pages\/16302","targetHints":{"allow":["GET"]}}],"collection":[{"href":"https:\/\/www.sts-education.com\/de-at\/wp-json\/wp\/v2\/pages"}],"about":[{"href":"https:\/\/www.sts-education.com\/de-at\/wp-json\/wp\/v2\/types\/page"}],"author":[{"embeddable":true,"href":"https:\/\/www.sts-education.com\/de-at\/wp-json\/wp\/v2\/users\/20"}],"replies":[{"embeddable":true,"href":"https:\/\/www.sts-education.com\/de-at\/wp-json\/wp\/v2\/comments?post=16302"}],"version-history":[{"count":1,"href":"https:\/\/www.sts-education.com\/de-at\/wp-json\/wp\/v2\/pages\/16302\/revisions"}],"predecessor-version":[{"id":20664,"href":"https:\/\/www.sts-education.com\/de-at\/wp-json\/wp\/v2\/pages\/16302\/revisions\/20664"}],"up":[{"embeddable":true,"href":"https:\/\/www.sts-education.com\/de-at\/wp-json\/wp\/v2\/pages\/16294"}],"wp:attachment":[{"href":"https:\/\/www.sts-education.com\/de-at\/wp-json\/wp\/v2\/media?parent=16302"}],"wp:term":[{"taxonomy":"wpw_page_folders","embeddable":true,"href":"https:\/\/www.sts-education.com\/de-at\/wp-json\/wp\/v2\/wpw_page_folders?post=16302"}],"curies":[{"name":"wp","href":"https:\/\/api.w.org\/{rel}","templated":true}]}}