{"id":11005,"date":"2025-12-15T15:48:25","date_gmt":"2025-12-15T15:48:25","guid":{"rendered":"https:\/\/preprod.sts-education.com\/allgemeines\/cookies\/"},"modified":"2026-04-14T10:04:47","modified_gmt":"2026-04-14T10:04:47","slug":"cookies","status":"publish","type":"page","link":"https:\/\/www.sts-education.com\/de-ch\/allgemeines\/cookies\/","title":{"rendered":"Cookies"},"content":{"rendered":"\n<div class=\"wp-block-sts-text sts-text-editor has-max-width-md\"><div class=\"sts-text-editor__content\"><div class=\"sts-text-editor__content-inner\">\n<h1>Information \u00fcber cookies auf www.sts-education.com<\/h1>\n<\/div><\/div><\/div>\n\n\n\n<div class=\"wp-block-sts-text sts-text-editor has-max-width-md\"><div class=\"sts-text-editor__content\"><div class=\"sts-text-editor__content-inner\">\n<p>Beim Besuch unserer Website werden zu folgenden Zwecken Cookies in deinem Browser gespeichert:<\/p>\n\n<ul><li>Zum Abrufen deiner bevorzugten Spracheinstellungen<\/li>\n<li>F\u00fcr die Funktion der Website<\/li><\/ul>\n\n<p>Sofern du einwilligst, werden au\u00dferdem zu folgendem Zweck Cookies in deinem Browser gespeichert:<\/p>\n\n<ul><li>Zur Analyse des Nutzerverhaltens<\/li><\/ul>\n\n<p>Um dir relevante Angebote und Marketinginhalte bereitstellen zu k\u00f6nnen, wollen wir, STS Education (\u201eSTS\u201c, Organisationsnr. 559251-3112), offen und ausf\u00fchrlich kommunizieren, wie wir Cookies verwenden.<\/p>\n\n<p>Wir verwenden keine intelligenten Cookies, sondern nur gew\u00f6hnliche, so genannte http-Cookies und Script-Cookies. Auch wenn diese keine intelligenten Cookies sind, sammeln einige davon personenbezogene Daten wie z. B. deine IP-Adresse. Unter Datenschutz erf\u00e4hrst du mehr dar\u00fcber, wie wir deine personenbezogenen Daten verarbeiten, wie wir sie au\u00dferhalb der EU\/des EWR \u00fcbermitteln und welche Rechte du hinsichtlich unserer <a href=\"https:\/\/www.sts-education.com\/de-ch\/allgemeines\/datenschutz\/\">Verarbeitung deiner personenbezogenen Daten hast<\/a>.<\/p>\n\n<h2>Kontakt<\/h2>\n\n<p>Bei Fragen oder wenn du n\u00e4here Infos zu unserer Verwendung von Cookies w\u00fcnschst, dann kontaktiere uns bitte unter:<\/p>\n\n<p>Anschrift: Norra Hamngatan 36, 411 06 G\u00f6teborg, Schweden<\/p>\n\n<p>Mailadresse: dataprotection@sts.se<\/p>\n\n<p>Telefon: +46 (0)771 20 20 40<\/p>\n\n<p>Solltest du weitere Fragen zu Cookies haben, kannst du dich auch an deine Aufsichtsbeh\u00f6rde wenden.<\/p>\n\n<h2>Cookies vermeiden<\/h2>\n\n<p>Beim Besuch unserer Website setzen wir automatisch bestimmte Cookies, die nur w\u00e4hrend der Dauer deines Besuchs gespeichert werden. Zus\u00e4tzlich zu diesen Session Cookies werden auch l\u00e4nger verbleibende Cookies in deinem Browser gespeichert.<\/p>\n\n<p>Wenn du deine Einwilligung zu Cookies nicht geben m\u00f6chtest, kannst du deinen Browser so einstellen, dass er automatisch Cookies ablehnt, oder du kannst sie \u00fcber unsere Cookie-Verwaltung deaktivieren. Mithilfe des Browsers kannst du auch pr\u00fcfen, welche dauerhaften Cookies im Browser gespeichert wurden, und diese l\u00f6schen. Du kannst deine Einwilligung jederzeit widerrufen. Klicke einfach auf die Schaltfl\u00e4che \u201eEinstellungen\u201c unten links auf der Seite, dann werden die von uns verwendeten Cookies angezeigt und du kannst w\u00e4hlen, ob du sie erlaubst oder nicht. Dadurch k\u00f6nnte allerdings die Funktion unserer Website eingeschr\u00e4nkt sein.<\/p>\n\n<h2>Mit deiner Einwilligung im Browser gespeicherte Cookies<\/h2>\n\n<p>Cookies, die wir zur Analyse der Nutzung unserer Website speichern und die dazu dienen, dir relevante Angebote und Marketinginhalte bereitzustellen, sind f\u00fcr die Funktionalit\u00e4t der Website nicht essentiell. Daher platzieren wir diese Cookies nur dann in deinem Browser, wenn du uns deine Einwilligung dazu erteilst.<\/p>\n\n<p>Wenn du diese Cookies nicht zulassen m\u00f6chtest oder deinen Browser so eingestellt hast, dass er sie automatisch blockiert, erhalten wir weniger Daten f\u00fcr die Analyse der Nutzung unserer Website und k\u00f6nnen dir keine ma\u00dfgeschneiderten Angebote oder Marketinginhalte bereitstellen.<\/p>\n\n<h2>Verwendungsweise der verschiedenen Cookiearten<\/h2>\n\n<h3>Funktionalit\u00e4t unserer Website<\/h3>\n\n<p>Damit unsere Website technisch funktioniert, speichern wir Cookies in deinem Browser. Mithilfe dieser Cookies k\u00f6nnen wir z. B. die Aktionen deines Browsers identifizieren und deine Sitzung anhand einer zuf\u00e4llig erstellten ID f\u00fcr deinen Browser verfolgen.<\/p>\n\n<p>Um die bestm\u00f6gliche Funktionalit\u00e4t unserer Website sicherzustellen, z. B. beim Chat, setzen wir Cookies von Microsoft in deinem Browser, u. a. um den Datenverkehr auf mehrere Server verteilen zu k\u00f6nnen.<\/p>\n\n<h3>Abrufen deiner Pr\u00e4ferenzen<\/h3>\n\n<p>Wir ben\u00f6tigen die in deinem Browser gespeicherten essentiellen Cookies, um auf deine Anfrage hin eine Online-Dienstleistung bereitstellen zu k\u00f6nnen. Sie sind f\u00fcr die Funktionalit\u00e4t unserer Website erforderlich, und au\u00dferdem k\u00f6nnen wir damit deine Auswahl beim erstmaligen Besuch unserer Website abrufen. Dazu geh\u00f6rt z. B. deine Spracheinstellung.<br>Solltest du deinen Browser so eingestellt haben, dass er die Speicherung dieser Cookies automatisch ablehnt, wirkt sich dies auf die Funktionalit\u00e4t der Website aus. Au\u00dferdem schr\u00e4nkt es unsere F\u00e4higkeit ein, uns deine Sprachauswahl f\u00fcr die Website zu merken.<\/p>\n\n<h3>Analyse des Nutzerverhaltens<\/h3>\n\n<p>Zur Analyse, wie du unsere Website nutzt, speichern wir Cookies in deinem Browser. Sie erfassen Daten wie beispielsweise deine IP-Adresse und deinen geografischen Standort (keine genaue Adresse, nur auf Aggregatebene) sowie Informationen \u00fcber deine Nutzung unserer Website, z. B. dein Klickverhalten. Au\u00dferdem werden Daten erfasst, die \u00fcber deine Navigation auf unserer Website und \u00fcber die meistbesuchten Seiten Auskunft geben. Des Weiteren erhalten wir gesammelte Statistiken dar\u00fcber, wie viele Besucher unsere Website hat usw. S\u00e4mtliche \u00fcber diese Cookies erfassten Daten sind aggregiert, d. h. sie sind anonym. Wenn du diese Cookies ablehnst, k\u00f6nnen wir dir kein ma\u00dfgeschneidertes Erlebnis bieten.<\/p>\n\n<h3>Bereitstellung von relevanten Angeboten und Marketinginhalten<\/h3>\n\n<p>Um Informationen \u00fcber die Wirksamkeit unseres Marketings zu erhalten, setzen wir einen Cookie, der statistische Daten zu deiner Nutzung unserer Website generiert.<\/p>\n\n<p>Dieser Cookie speichert eine eindeutige ID in deinem Browser, \u00fcber die wir erfahren, welches Banner oder welche Anzeige du in den Social Media oder andernorts angeklickt hast, um auf unsere Website zu gelangen, und wie du anschlie\u00dfend mit uns interagierst.<\/p>\n\n<p>Deine eindeutige ID stellen wir daraufhin einer Drittpartei zur Verf\u00fcgung, die potenziellen gleichgesinnten Besuchern unserer Website personalisierte Marketinginhalte anzeigt, und zwar \u00fcber digitale Kan\u00e4le, Social Media und\/oder Drittpartei-Websites.<\/p>\n\n<p>Das bedeutet auch, dass dir beim Besuch anderer Websites Suchergebnisse und Banner von STS angezeigt werden, die auf deiner vorherigen Nutzung unserer Website basieren. Solltest du diese Cookies ablehnen, wird dir weniger zielgerichtete Werbung angezeigt.<\/p>\n<\/div><\/div><\/div>\n","protected":false},"excerpt":{"rendered":"","protected":false},"author":20,"featured_media":0,"parent":11002,"menu_order":0,"comment_status":"closed","ping_status":"closed","template":"templates\/template-default-with-breadcrumbs.php","meta":{"_acf_changed":false,"sts_page_background_color":"","footnotes":""},"wpw_page_folders":[95],"class_list":["post-11005","page","type-page","status-publish","hentry"],"acf":[],"yoast_head":"<!-- This site is optimized with the Yoast SEO Premium plugin v27.2 (Yoast SEO v27.2) - https:\/\/yoast.com\/product\/yoast-seo-premium-wordpress\/ -->\n<title>Cookies<\/title>\n<meta name=\"robots\" content=\"index, follow, max-snippet:-1, max-image-preview:large, max-video-preview:-1\" \/>\n<link rel=\"canonical\" href=\"https:\/\/www.sts-education.com\/de-ch\/allgemeines\/cookies\/\" \/>\n<meta property=\"og:locale\" content=\"de_DE\" \/>\n<meta property=\"og:type\" content=\"article\" \/>\n<meta property=\"og:title\" content=\"Cookies\" \/>\n<meta property=\"og:url\" content=\"https:\/\/www.sts-education.com\/de-ch\/allgemeines\/cookies\/\" \/>\n<meta property=\"og:site_name\" content=\"STS Education\" \/>\n<meta property=\"article:modified_time\" content=\"2026-04-14T10:04:47+00:00\" \/>\n<meta name=\"twitter:card\" content=\"summary_large_image\" \/>\n<meta name=\"twitter:label1\" content=\"Gesch\u00e4tzte Lesezeit\" \/>\n\t<meta name=\"twitter:data1\" content=\"4\u00a0Minuten\" \/>\n<script type=\"application\/ld+json\" class=\"yoast-schema-graph\">{\"@context\":\"https:\/\/schema.org\",\"@graph\":[{\"@type\":\"WebPage\",\"@id\":\"https:\/\/www.sts-education.com\/de-ch\/allgemeines\/cookies\/\",\"url\":\"https:\/\/www.sts-education.com\/de-ch\/allgemeines\/cookies\/\",\"name\":\"Cookies\",\"isPartOf\":{\"@id\":\"https:\/\/www.sts-education.com\/de-ch\/#website\"},\"datePublished\":\"2025-12-15T15:48:25+00:00\",\"dateModified\":\"2026-04-14T10:04:47+00:00\",\"breadcrumb\":{\"@id\":\"https:\/\/www.sts-education.com\/de-ch\/allgemeines\/cookies\/#breadcrumb\"},\"inLanguage\":\"de-CH\",\"potentialAction\":[{\"@type\":\"ReadAction\",\"target\":[\"https:\/\/www.sts-education.com\/de-ch\/allgemeines\/cookies\/\"]}]},{\"@type\":\"BreadcrumbList\",\"@id\":\"https:\/\/www.sts-education.com\/de-ch\/allgemeines\/cookies\/#breadcrumb\",\"itemListElement\":[{\"@type\":\"ListItem\",\"position\":1,\"name\":\"Home\",\"item\":\"https:\/\/www.sts-education.com\/de-ch\/\"},{\"@type\":\"ListItem\",\"position\":2,\"name\":\"Allgemeines\",\"item\":\"https:\/\/www.sts-education.com\/de-ch\/allgemeines\/\"},{\"@type\":\"ListItem\",\"position\":3,\"name\":\"Cookies\"}]},{\"@type\":\"WebSite\",\"@id\":\"https:\/\/www.sts-education.com\/de-ch\/#website\",\"url\":\"https:\/\/www.sts-education.com\/de-ch\/\",\"name\":\"STS Education\",\"description\":\"\",\"potentialAction\":[{\"@type\":\"SearchAction\",\"target\":{\"@type\":\"EntryPoint\",\"urlTemplate\":\"https:\/\/www.sts-education.com\/de-ch\/?s={search_term_string}\"},\"query-input\":{\"@type\":\"PropertyValueSpecification\",\"valueRequired\":true,\"valueName\":\"search_term_string\"}}],\"inLanguage\":\"de-CH\"}]}<\/script>\n<!-- \/ Yoast SEO Premium plugin. -->","yoast_head_json":{"title":"Cookies","robots":{"index":"index","follow":"follow","max-snippet":"max-snippet:-1","max-image-preview":"max-image-preview:large","max-video-preview":"max-video-preview:-1"},"canonical":"https:\/\/www.sts-education.com\/de-ch\/allgemeines\/cookies\/","og_locale":"de_DE","og_type":"article","og_title":"Cookies","og_url":"https:\/\/www.sts-education.com\/de-ch\/allgemeines\/cookies\/","og_site_name":"STS Education","article_modified_time":"2026-04-14T10:04:47+00:00","twitter_card":"summary_large_image","twitter_misc":{"Gesch\u00e4tzte Lesezeit":"4\u00a0Minuten"},"schema":{"@context":"https:\/\/schema.org","@graph":[{"@type":"WebPage","@id":"https:\/\/www.sts-education.com\/de-ch\/allgemeines\/cookies\/","url":"https:\/\/www.sts-education.com\/de-ch\/allgemeines\/cookies\/","name":"Cookies","isPartOf":{"@id":"https:\/\/www.sts-education.com\/de-ch\/#website"},"datePublished":"2025-12-15T15:48:25+00:00","dateModified":"2026-04-14T10:04:47+00:00","breadcrumb":{"@id":"https:\/\/www.sts-education.com\/de-ch\/allgemeines\/cookies\/#breadcrumb"},"inLanguage":"de-CH","potentialAction":[{"@type":"ReadAction","target":["https:\/\/www.sts-education.com\/de-ch\/allgemeines\/cookies\/"]}]},{"@type":"BreadcrumbList","@id":"https:\/\/www.sts-education.com\/de-ch\/allgemeines\/cookies\/#breadcrumb","itemListElement":[{"@type":"ListItem","position":1,"name":"Home","item":"https:\/\/www.sts-education.com\/de-ch\/"},{"@type":"ListItem","position":2,"name":"Allgemeines","item":"https:\/\/www.sts-education.com\/de-ch\/allgemeines\/"},{"@type":"ListItem","position":3,"name":"Cookies"}]},{"@type":"WebSite","@id":"https:\/\/www.sts-education.com\/de-ch\/#website","url":"https:\/\/www.sts-education.com\/de-ch\/","name":"STS Education","description":"","potentialAction":[{"@type":"SearchAction","target":{"@type":"EntryPoint","urlTemplate":"https:\/\/www.sts-education.com\/de-ch\/?s={search_term_string}"},"query-input":{"@type":"PropertyValueSpecification","valueRequired":true,"valueName":"search_term_string"}}],"inLanguage":"de-CH"}]}},"_links":{"self":[{"href":"https:\/\/www.sts-education.com\/de-ch\/wp-json\/wp\/v2\/pages\/11005","targetHints":{"allow":["GET"]}}],"collection":[{"href":"https:\/\/www.sts-education.com\/de-ch\/wp-json\/wp\/v2\/pages"}],"about":[{"href":"https:\/\/www.sts-education.com\/de-ch\/wp-json\/wp\/v2\/types\/page"}],"author":[{"embeddable":true,"href":"https:\/\/www.sts-education.com\/de-ch\/wp-json\/wp\/v2\/users\/20"}],"replies":[{"embeddable":true,"href":"https:\/\/www.sts-education.com\/de-ch\/wp-json\/wp\/v2\/comments?post=11005"}],"version-history":[{"count":4,"href":"https:\/\/www.sts-education.com\/de-ch\/wp-json\/wp\/v2\/pages\/11005\/revisions"}],"predecessor-version":[{"id":33654,"href":"https:\/\/www.sts-education.com\/de-ch\/wp-json\/wp\/v2\/pages\/11005\/revisions\/33654"}],"up":[{"embeddable":true,"href":"https:\/\/www.sts-education.com\/de-ch\/wp-json\/wp\/v2\/pages\/11002"}],"wp:attachment":[{"href":"https:\/\/www.sts-education.com\/de-ch\/wp-json\/wp\/v2\/media?parent=11005"}],"wp:term":[{"taxonomy":"wpw_page_folders","embeddable":true,"href":"https:\/\/www.sts-education.com\/de-ch\/wp-json\/wp\/v2\/wpw_page_folders?post=11005"}],"curies":[{"name":"wp","href":"https:\/\/api.w.org\/{rel}","templated":true}]}}