{"id":11016,"date":"2025-12-16T10:25:18","date_gmt":"2025-12-16T10:25:18","guid":{"rendered":"https:\/\/preprod.sts-education.com\/ueber-sts\/kontakt\/"},"modified":"2026-04-14T10:04:19","modified_gmt":"2026-04-14T10:04:19","slug":"kontakt","status":"publish","type":"page","link":"https:\/\/www.sts-education.com\/de-ch\/ueber-sts\/kontakt\/","title":{"rendered":"Kontakt"},"content":{"rendered":"\n<div class=\"wp-block-sts-text sts-text-editor has-max-width-md\"><div class=\"sts-text-editor__content\"><div class=\"sts-text-editor__content-inner\">\n<h1>Kontakt<\/h1>\n<\/div><\/div><\/div>\n\n\n\n<div class=\"wp-block-sts-text sts-text-editor has-max-width-md\"><div class=\"sts-text-editor__content\"><div class=\"sts-text-editor__content-inner\">\n<p>Hast du Fragen zu unseren Austauschprogrammen? Wir freuen uns, wenn du dich meldest. Du musst dich noch nicht f\u00fcr ein Land oder Programm entschieden haben. Wir beraten dich gerne, welche M\u00f6glichkeiten f\u00fcr dich in Frage kommen. W\u00e4hle selbst, wie du uns kontaktieren m\u00f6chtest:<\/p>\n<p><a href=\"https:\/\/www.sts-education.com\/de-ch\/high-school-2\/faq\/\">Hier findest du Antworten auf h\u00e4ufig gestellte Fragen.<\/a><\/p>\n<ul>\n<li><strong>Sprich mit uns<br \/><\/strong>Telefonnummer: +41 44 388 68 88<br \/>Wir sind f\u00fcr dich da: Montag\u2013Freitag, 9\u201317 Uhr<\/li>\n<li><strong>Sende uns eine E-Mail<br \/><\/strong>E-Mail: <a href=\"mailto:hello.ch@sts-education.com\">hello.ch@sts-education.com<\/a><br \/><br \/><\/li>\n<li><strong>Besuche uns<br \/><\/strong>STS Student Travel Schools<br \/>Biberlinstrasse 6, 8032 Z\u00fcrich<br \/>Wir empfehlen dir, kurz einen Termin zu vereinbaren. So bist du sicher, dass wir gen\u00fcgend Zeit f\u00fcr dich und deine Fragen haben.<br \/><br \/><\/li>\n<li><strong>Folge uns auf Social Media<br \/><\/strong>Facebook: <a href=\"https:\/\/www.facebook.com\/STSSwitzerland\" target=\"_blank\" rel=\"noopener noreferrer\">facebook.com\/STS.Switzerland<\/a><br \/>Instagram: <a href=\"https:\/\/www.instagram.com\/stsworldwide\/\" target=\"_blank\" rel=\"noopener noreferrer\">@stsworldwide<\/a> &amp; <a href=\"https:\/\/www.instagram.com\/stsswitzerland\/\" target=\"_blank\" rel=\"noopener noreferrer\">@stsswitzerland<\/a><br \/>TikTok: <a href=\"https:\/\/www.tiktok.com\/@stsworldwide\" target=\"_blank\" rel=\"noopener noreferrer\">@stsworldwide<\/a><br \/>Youtube: <a href=\"https:\/\/www.youtube.com\/@stsworldwide\" target=\"_blank\" rel=\"noopener noreferrer\">STS Education<\/a><\/li>\n<\/ul>\n<h2>Das Team<\/h2>\n<\/div><\/div><\/div>\n\n\n\n<figure class=\"wp-block-sts-image sts-block-image sts-block-image--count-2 has-max-width-md\" data-count=\"2\"><div class=\"sts-block-image__grid\"><div class=\"sts-block-image__item\"><picture class=\"sts-responsive-image has-fit-cover has-pos-top is-skeleton\"><img src=\"https:\/\/cdn.sts-education.com\/13819_hero_md.jpg\" alt=\"Kontakt\" loading=\"lazy\" decoding=\"async\" fetchpriority=\"low\" sizes=\"(max-width: 736px) 100vw, 736px\" \/><\/picture><\/div><div class=\"sts-block-image__item\"><picture class=\"sts-responsive-image has-fit-cover has-pos-top is-skeleton\"><img src=\"https:\/\/cdn.sts-education.com\/13824_hero_md.jpg\" alt=\"Kontakt\" loading=\"lazy\" decoding=\"async\" fetchpriority=\"low\" sizes=\"(max-width: 736px) 100vw, 736px\" \/><\/picture><\/div><\/div><\/figure>\n\n\n\n<div class=\"wp-block-sts-text sts-text-editor has-max-width-md\"><div class=\"sts-text-editor__content\"><div class=\"sts-text-editor__content-inner\">\n<h2>Larissa D\u00e4nzer<br \/>Gesch\u00e4ftsleiterin<\/h2>\n<p>Ich bin mit viel Herzblut verantwortlich f\u00fcr STS Schweiz und geniesse die Zusammenarbeit mit meinem Team, den Interviewern und Interviewerinnen, den Betreuungspersonen und zahlreichen Ehemaligen sehr. Ich stehe pers\u00f6nlich f\u00fcr die Sicherheit und den reibungslosen Ablauf aller Prozesse im Zusammenhang mit dem Austauschprogramm unserer jungen Teilnehmenden ein.<\/p>\n<p>Ich darf die Sch\u00fcler\/innen und Eltern bei jedem Schritt begleiten, wenn die Idee eines Austauschs zum ersten Mal besprochen wird, bis zu dem Moment, wo der Flug abhebt und das eigentliche Abenteuer beginnt. Es ist spannend zu sehen, wie der Austausch den Sch\u00fcler\/die Sch\u00fclerin zu einem selbstbewussten, aufgeschlossenen und unabh\u00e4ngigen Menschen macht. Da ich selbst die High School in den USA erleben durfte, kann ich euch die folgenden Tipps geben: Geht aus eurer Komfortzone heraus, habt keine Angst, etwas Neues auszuprobieren und geht auf andere Menschen zu.<\/p>\n<\/div><\/div><\/div>\n\n\n\n<figure class=\"wp-block-sts-image sts-block-image sts-block-image--count-1 has-max-width-md\" data-count=\"1\"><div class=\"sts-block-image__grid\"><div class=\"sts-block-image__item\"><picture class=\"sts-responsive-image has-fit-cover has-pos-top is-skeleton\"><img src=\"https:\/\/cdn.sts-education.com\/13825_hero_md.jpg\" alt=\"Kontakt\" loading=\"lazy\" decoding=\"async\" fetchpriority=\"low\" sizes=\"(max-width: 736px) 100vw, 736px\" \/><\/picture><\/div><\/div><\/figure>\n\n\n\n<div class=\"wp-block-sts-text sts-text-editor has-max-width-md\"><div class=\"sts-text-editor__content\"><div class=\"sts-text-editor__content-inner\">\n<h2>Melisa Kilaj<br \/>Programmleiterin<\/h2>\n<p>Im Jahr 2016 war ich als Austauschsch\u00fclerin in den USA \u2013 eine pr\u00e4gende und unvergessliche Zeit. F\u00fcnf Jahre sp\u00e4ter zog es mich erneut ins Ausland: Als Au-pair lebte ich ein Jahr in Mexiko. Beide Erfahrungen haben mir intensive Einblicke in andere Kulturen erm\u00f6glicht, meine Perspektive erweitert und mich pers\u00f6nlich stark weiterentwickelt. Ich habe gelernt, mich in neuen Umgebungen zurechtzufinden, Freundschaften \u00fcber L\u00e4ndergrenzen hinweg geschlossen und wertvolle Lebenserfahrungen gesammelt.<\/p>\n<p>In meiner Rolle bei STS sch\u00e4tze ich den direkten Austausch mit unseren zuk\u00fcnftigen, aktuellen und ehemaligen Austauschsch\u00fclerinnen und -sch\u00fclern sowie deren Eltern sehr. Es bereitet mir grosse Freude, junge Menschen auf ihren Auslandsaufenthalt vorzubereiten, sie w\u00e4hrenddessen zu begleiten und ihnen nach der R\u00fcckkehr zu helfen, sich wieder gut in der Schweiz einzuleben.<\/p>\n<\/div><\/div><\/div>\n\n\n\n<figure class=\"wp-block-sts-image sts-block-image sts-block-image--count-1 has-max-width-md\" data-count=\"1\"><div class=\"sts-block-image__grid\"><div class=\"sts-block-image__item\"><picture class=\"sts-responsive-image has-fit-cover has-pos-top is-skeleton\"><img src=\"https:\/\/cdn.sts-education.com\/13826_hero_md.jpg\" alt=\"Kontakt\" loading=\"lazy\" decoding=\"async\" fetchpriority=\"low\" sizes=\"(max-width: 736px) 100vw, 736px\" \/><\/picture><\/div><\/div><\/figure>\n\n\n\n<div class=\"wp-block-sts-text sts-text-editor has-max-width-md\"><div class=\"sts-text-editor__content\"><div class=\"sts-text-editor__content-inner\">\n<h2>Melis Sert<br \/>Programmbetreuerin<\/h2>\n<p>Ich arbeite mit grosser Begeisterung als Kunden- und Programmbetreuerin bei STS Schweiz und begleite Jugendliche und ihre Familien auf dem spannenden Weg ihres Austauschabenteuers. Mein Herz schl\u00e4gt f\u00fcr den pers\u00f6nlichen Kontakt: Ich liebe es, mit Menschen in den Dialog zu treten, Vertrauen aufzubauen und ihnen mit Empathie und Kompetenz zur Seite zu stehen.<\/p>\n<p>Meine internationale Erfahrung \u2013 zwei Jahre in London mit dem Cambridge Proficiency Diploma, sowie ein Aufenthalt auf La R\u00e9union, wo ich Sprachschule und soziales Engagement kombinieren durfte \u2013 haben meine Leidenschaft f\u00fcr kulturellen Austausch und interkulturelle Kommunikation nachhaltig gepr\u00e4gt. Zufriedene Kunden und gelungene Begegnungen stehen f\u00fcr mich im Zentrum \u2013 denn jeder Austausch beginnt mit einem echten Gespr\u00e4ch.<\/p>\n<\/div><\/div><\/div>\n\n\n\n<figure class=\"wp-block-sts-image sts-block-image sts-block-image--count-1 has-max-width-md\" data-count=\"1\"><div class=\"sts-block-image__grid\"><div class=\"sts-block-image__item\"><picture class=\"sts-responsive-image has-fit-cover has-pos-top is-skeleton\"><img src=\"https:\/\/cdn.sts-education.com\/13699_hero_md.jpg\" alt=\"Kontakt\" loading=\"lazy\" decoding=\"async\" fetchpriority=\"low\" sizes=\"(max-width: 736px) 100vw, 736px\" \/><\/picture><\/div><\/div><\/figure>\n\n\n\n<div class=\"wp-block-sts-text sts-text-editor has-max-width-md\"><div class=\"sts-text-editor__content\"><div class=\"sts-text-editor__content-inner\">\n<h2>Luna<br \/>B\u00fcrohund<\/h2>\n<p>Luna ist unser B\u00fcrohund \u2013 und gleichzeitig die heimliche Chefin im Team. W\u00e4hrend wir arbeiten, sorgt sie mit ihrer ruhigen Art und ihrem treuen Blick f\u00fcr entspannte Stimmung im B\u00fcro. Statt durchs Geb\u00e4ude zu toben wie Sol, liegt Luna am liebsten in ihrem Bettchen, beobachtet das Geschehen und geniesst ihre wohlverdiente Ruhe. Kuscheleinheiten sind f\u00fcr sie das Highlight des Tages \u2013 daf\u00fcr steht sie sogar mal kurz auf. Mit ihrer gem\u00fctlichen Art erinnert sie uns alle daran, zwischendurch auch mal durchzuatmen. Luna ist nicht nur unser B\u00fcrohund, sondern ein echtes Wohlf\u00fchlwesen auf vier Pfoten.<\/p>\n<\/div><\/div><\/div>\n\n\n\n<figure class=\"wp-block-sts-image sts-block-image sts-block-image--count-1 has-max-width-md\" data-count=\"1\"><div class=\"sts-block-image__grid\"><div class=\"sts-block-image__item\"><picture class=\"sts-responsive-image has-fit-cover has-pos-top is-skeleton\"><img src=\"https:\/\/cdn.sts-education.com\/13702_hero_md.jpg\" alt=\"Kontakt\" loading=\"lazy\" decoding=\"async\" fetchpriority=\"low\" sizes=\"(max-width: 736px) 100vw, 736px\" \/><\/picture><\/div><\/div><\/figure>\n\n\n\n<div class=\"wp-block-sts-text sts-text-editor has-max-width-md\"><div class=\"sts-text-editor__content\"><div class=\"sts-text-editor__content-inner\">\n<h2>Sol<br \/>B\u00fcrohund<\/h2>\n<p>Sol ist das genaue Gegenteil von B\u00fcroalltag \u2013 er ist pure Energie, Neugier und Lebensfreude auf vier Pfoten. Als zweiter B\u00fcrohund bringt er ordentlich Schwung in den Tag. Keine Ecke bleibt unerforscht, kein Ger\u00e4usch wird ignoriert \u2013 Sol ist immer bereit f\u00fcr das n\u00e4chste kleine Abenteuer, ob draussen oder mitten im B\u00fcro. Trotz seines wilden Temperaments hat Sol ein grosses Herz: Er liebt Kinder \u00fcber alles und geniesst ausgiebige Kuscheleinheiten genauso sehr wie seine Entdeckungstouren. Mit seinem verspielten Wesen sorgt er regelm\u00e4ssig f\u00fcr Lacher und gute Laune. Sol ist unser lebhafter Wirbelwind \u2013 ein echter Abenteurer mit Kuschelpotenzial.<\/p>\n<\/div><\/div><\/div>\n\n\n\n<figure class=\"wp-block-sts-image sts-block-image sts-block-image--count-1 has-max-width-md\" data-count=\"1\"><div class=\"sts-block-image__grid\"><div class=\"sts-block-image__item\"><picture class=\"sts-responsive-image has-fit-cover has-pos-top is-skeleton\"><img src=\"https:\/\/cdn.sts-education.com\/13828_hero_md.jpg\" alt=\"Kontakt\" loading=\"lazy\" decoding=\"async\" fetchpriority=\"low\" sizes=\"(max-width: 736px) 100vw, 736px\" \/><\/picture><\/div><\/div><\/figure>\n\n\n\n<div class=\"wp-block-sts-text sts-text-editor has-max-width-md\"><div class=\"sts-text-editor__content\"><div class=\"sts-text-editor__content-inner\">\n<h2>Wir freuen uns, euch auf diesem Abenteuer zu unterst\u00fctzen!<\/h2>\n<\/div><\/div><\/div>\n\n\n\n<figure class=\"wp-block-sts-image sts-block-image sts-block-image--count-2 has-max-width-md\" data-count=\"2\"><div class=\"sts-block-image__grid\"><div class=\"sts-block-image__item\"><picture class=\"sts-responsive-image has-fit-cover has-pos-top is-skeleton\"><img src=\"https:\/\/cdn.sts-education.com\/13830_hero_md.jpg\" alt=\"Kontakt\" loading=\"lazy\" decoding=\"async\" fetchpriority=\"low\" sizes=\"(max-width: 736px) 100vw, 736px\" \/><\/picture><\/div><div class=\"sts-block-image__item\"><picture class=\"sts-responsive-image has-fit-cover has-pos-top is-skeleton\"><img src=\"https:\/\/cdn.sts-education.com\/13831_hero_md.jpg\" alt=\"Kontakt\" loading=\"lazy\" decoding=\"async\" fetchpriority=\"low\" sizes=\"(max-width: 736px) 100vw, 736px\" \/><\/picture><\/div><\/div><\/figure>\n","protected":false},"excerpt":{"rendered":"","protected":false},"author":20,"featured_media":15377,"parent":11004,"menu_order":0,"comment_status":"closed","ping_status":"closed","template":"templates\/template-default-with-breadcrumbs.php","meta":{"_acf_changed":false,"sts_page_background_color":"","footnotes":""},"wpw_page_folders":[77],"class_list":["post-11016","page","type-page","status-publish","has-post-thumbnail","hentry"],"acf":[],"yoast_head":"<!-- This site is optimized with the Yoast SEO Premium plugin v27.2 (Yoast SEO v27.3) - https:\/\/yoast.com\/product\/yoast-seo-premium-wordpress\/ -->\n<title>Kontaktiere uns hier | STS<\/title>\n<meta name=\"description\" content=\"Hast du Fragen zu unseren Austauschprogrammen? Du kannst dich jederzeit an uns wenden. Wir helfen dir und deinen Eltern gerne und beantworten all eure Fragen.\" \/>\n<meta name=\"robots\" content=\"index, follow, max-snippet:-1, max-image-preview:large, max-video-preview:-1\" \/>\n<link rel=\"canonical\" href=\"https:\/\/www.sts-education.com\/de-ch\/ueber-sts\/kontakt\/\" \/>\n<meta property=\"og:locale\" content=\"de_DE\" \/>\n<meta property=\"og:type\" content=\"article\" \/>\n<meta property=\"og:title\" content=\"Kontakt\" \/>\n<meta property=\"og:description\" content=\"Hast du Fragen zu unseren Austauschprogrammen? Du kannst dich jederzeit an uns wenden. Wir helfen dir und deinen Eltern gerne und beantworten all eure Fragen.\" \/>\n<meta property=\"og:url\" content=\"https:\/\/www.sts-education.com\/de-ch\/ueber-sts\/kontakt\/\" \/>\n<meta property=\"og:site_name\" content=\"STS Education\" \/>\n<meta property=\"article:modified_time\" content=\"2026-04-14T10:04:19+00:00\" \/>\n<meta property=\"og:image\" content=\"https:\/\/powered-by.qbank.se\/educatius\/sts\/\/d892cfee412f049ca3da7ada13bcf9ff_1-1-thumb.webp\" \/>\n\t<meta property=\"og:image:width\" content=\"150\" \/>\n\t<meta property=\"og:image:height\" content=\"150\" \/>\n\t<meta property=\"og:image:type\" content=\"image\/jpeg\" \/>\n<meta name=\"twitter:card\" content=\"summary_large_image\" \/>\n<meta name=\"twitter:label1\" content=\"Gesch\u00e4tzte Lesezeit\" \/>\n\t<meta name=\"twitter:data1\" content=\"6\u00a0Minuten\" \/>\n<script type=\"application\/ld+json\" class=\"yoast-schema-graph\">{\"@context\":\"https:\\\/\\\/schema.org\",\"@graph\":[{\"@type\":\"WebPage\",\"@id\":\"https:\\\/\\\/www.sts-education.com\\\/de-ch\\\/ueber-sts\\\/kontakt\\\/\",\"url\":\"https:\\\/\\\/www.sts-education.com\\\/de-ch\\\/ueber-sts\\\/kontakt\\\/\",\"name\":\"Kontaktiere uns hier | STS\",\"isPartOf\":{\"@id\":\"https:\\\/\\\/www.sts-education.com\\\/de-ch\\\/#website\"},\"primaryImageOfPage\":{\"@id\":\"https:\\\/\\\/www.sts-education.com\\\/de-ch\\\/ueber-sts\\\/kontakt\\\/#primaryimage\"},\"image\":{\"@id\":\"https:\\\/\\\/www.sts-education.com\\\/de-ch\\\/ueber-sts\\\/kontakt\\\/#primaryimage\"},\"thumbnailUrl\":\"https:\\\/\\\/powered-by.qbank.se\\\/educatius\\\/sts\\\/\\\/d892cfee412f049ca3da7ada13bcf9ff_1-1-thumb.webp\",\"datePublished\":\"2025-12-16T10:25:18+00:00\",\"dateModified\":\"2026-04-14T10:04:19+00:00\",\"description\":\"Hast du Fragen zu unseren Austauschprogrammen? Du kannst dich jederzeit an uns wenden. Wir helfen dir und deinen Eltern gerne und beantworten all eure Fragen.\",\"breadcrumb\":{\"@id\":\"https:\\\/\\\/www.sts-education.com\\\/de-ch\\\/ueber-sts\\\/kontakt\\\/#breadcrumb\"},\"inLanguage\":\"de-CH\",\"potentialAction\":[{\"@type\":\"ReadAction\",\"target\":[\"https:\\\/\\\/www.sts-education.com\\\/de-ch\\\/ueber-sts\\\/kontakt\\\/\"]}]},{\"@type\":\"ImageObject\",\"inLanguage\":\"de-CH\",\"@id\":\"https:\\\/\\\/www.sts-education.com\\\/de-ch\\\/ueber-sts\\\/kontakt\\\/#primaryimage\",\"url\":\"https:\\\/\\\/powered-by.qbank.se\\\/educatius\\\/sts\\\/\\\/d892cfee412f049ca3da7ada13bcf9ff_1-1-thumb.webp\",\"contentUrl\":\"https:\\\/\\\/powered-by.qbank.se\\\/educatius\\\/sts\\\/\\\/d892cfee412f049ca3da7ada13bcf9ff_1-1-thumb.webp\",\"width\":150,\"height\":150},{\"@type\":\"BreadcrumbList\",\"@id\":\"https:\\\/\\\/www.sts-education.com\\\/de-ch\\\/ueber-sts\\\/kontakt\\\/#breadcrumb\",\"itemListElement\":[{\"@type\":\"ListItem\",\"position\":1,\"name\":\"Home\",\"item\":\"https:\\\/\\\/www.sts-education.com\\\/de-ch\\\/\"},{\"@type\":\"ListItem\",\"position\":2,\"name\":\"Ueber Sts\",\"item\":\"https:\\\/\\\/www.sts-education.com\\\/de-ch\\\/ueber-sts\\\/\"},{\"@type\":\"ListItem\",\"position\":3,\"name\":\"Kontakt\"}]},{\"@type\":\"WebSite\",\"@id\":\"https:\\\/\\\/www.sts-education.com\\\/de-ch\\\/#website\",\"url\":\"https:\\\/\\\/www.sts-education.com\\\/de-ch\\\/\",\"name\":\"STS Education\",\"description\":\"\",\"potentialAction\":[{\"@type\":\"SearchAction\",\"target\":{\"@type\":\"EntryPoint\",\"urlTemplate\":\"https:\\\/\\\/www.sts-education.com\\\/de-ch\\\/?s={search_term_string}\"},\"query-input\":{\"@type\":\"PropertyValueSpecification\",\"valueRequired\":true,\"valueName\":\"search_term_string\"}}],\"inLanguage\":\"de-CH\"}]}<\/script>\n<!-- \/ Yoast SEO Premium plugin. -->","yoast_head_json":{"title":"Kontaktiere uns hier | STS","description":"Hast du Fragen zu unseren Austauschprogrammen? Du kannst dich jederzeit an uns wenden. Wir helfen dir und deinen Eltern gerne und beantworten all eure Fragen.","robots":{"index":"index","follow":"follow","max-snippet":"max-snippet:-1","max-image-preview":"max-image-preview:large","max-video-preview":"max-video-preview:-1"},"canonical":"https:\/\/www.sts-education.com\/de-ch\/ueber-sts\/kontakt\/","og_locale":"de_DE","og_type":"article","og_title":"Kontakt","og_description":"Hast du Fragen zu unseren Austauschprogrammen? Du kannst dich jederzeit an uns wenden. Wir helfen dir und deinen Eltern gerne und beantworten all eure Fragen.","og_url":"https:\/\/www.sts-education.com\/de-ch\/ueber-sts\/kontakt\/","og_site_name":"STS Education","article_modified_time":"2026-04-14T10:04:19+00:00","og_image":[{"width":150,"height":150,"url":"https:\/\/powered-by.qbank.se\/educatius\/sts\/\/d892cfee412f049ca3da7ada13bcf9ff_1-1-thumb.webp","type":"image\/jpeg"}],"twitter_card":"summary_large_image","twitter_misc":{"Gesch\u00e4tzte Lesezeit":"6\u00a0Minuten"},"schema":{"@context":"https:\/\/schema.org","@graph":[{"@type":"WebPage","@id":"https:\/\/www.sts-education.com\/de-ch\/ueber-sts\/kontakt\/","url":"https:\/\/www.sts-education.com\/de-ch\/ueber-sts\/kontakt\/","name":"Kontaktiere uns hier | STS","isPartOf":{"@id":"https:\/\/www.sts-education.com\/de-ch\/#website"},"primaryImageOfPage":{"@id":"https:\/\/www.sts-education.com\/de-ch\/ueber-sts\/kontakt\/#primaryimage"},"image":{"@id":"https:\/\/www.sts-education.com\/de-ch\/ueber-sts\/kontakt\/#primaryimage"},"thumbnailUrl":"https:\/\/powered-by.qbank.se\/educatius\/sts\/\/d892cfee412f049ca3da7ada13bcf9ff_1-1-thumb.webp","datePublished":"2025-12-16T10:25:18+00:00","dateModified":"2026-04-14T10:04:19+00:00","description":"Hast du Fragen zu unseren Austauschprogrammen? Du kannst dich jederzeit an uns wenden. Wir helfen dir und deinen Eltern gerne und beantworten all eure Fragen.","breadcrumb":{"@id":"https:\/\/www.sts-education.com\/de-ch\/ueber-sts\/kontakt\/#breadcrumb"},"inLanguage":"de-CH","potentialAction":[{"@type":"ReadAction","target":["https:\/\/www.sts-education.com\/de-ch\/ueber-sts\/kontakt\/"]}]},{"@type":"ImageObject","inLanguage":"de-CH","@id":"https:\/\/www.sts-education.com\/de-ch\/ueber-sts\/kontakt\/#primaryimage","url":"https:\/\/powered-by.qbank.se\/educatius\/sts\/\/d892cfee412f049ca3da7ada13bcf9ff_1-1-thumb.webp","contentUrl":"https:\/\/powered-by.qbank.se\/educatius\/sts\/\/d892cfee412f049ca3da7ada13bcf9ff_1-1-thumb.webp","width":150,"height":150},{"@type":"BreadcrumbList","@id":"https:\/\/www.sts-education.com\/de-ch\/ueber-sts\/kontakt\/#breadcrumb","itemListElement":[{"@type":"ListItem","position":1,"name":"Home","item":"https:\/\/www.sts-education.com\/de-ch\/"},{"@type":"ListItem","position":2,"name":"Ueber Sts","item":"https:\/\/www.sts-education.com\/de-ch\/ueber-sts\/"},{"@type":"ListItem","position":3,"name":"Kontakt"}]},{"@type":"WebSite","@id":"https:\/\/www.sts-education.com\/de-ch\/#website","url":"https:\/\/www.sts-education.com\/de-ch\/","name":"STS Education","description":"","potentialAction":[{"@type":"SearchAction","target":{"@type":"EntryPoint","urlTemplate":"https:\/\/www.sts-education.com\/de-ch\/?s={search_term_string}"},"query-input":{"@type":"PropertyValueSpecification","valueRequired":true,"valueName":"search_term_string"}}],"inLanguage":"de-CH"}]}},"_links":{"self":[{"href":"https:\/\/www.sts-education.com\/de-ch\/wp-json\/wp\/v2\/pages\/11016","targetHints":{"allow":["GET"]}}],"collection":[{"href":"https:\/\/www.sts-education.com\/de-ch\/wp-json\/wp\/v2\/pages"}],"about":[{"href":"https:\/\/www.sts-education.com\/de-ch\/wp-json\/wp\/v2\/types\/page"}],"author":[{"embeddable":true,"href":"https:\/\/www.sts-education.com\/de-ch\/wp-json\/wp\/v2\/users\/20"}],"replies":[{"embeddable":true,"href":"https:\/\/www.sts-education.com\/de-ch\/wp-json\/wp\/v2\/comments?post=11016"}],"version-history":[{"count":5,"href":"https:\/\/www.sts-education.com\/de-ch\/wp-json\/wp\/v2\/pages\/11016\/revisions"}],"predecessor-version":[{"id":33635,"href":"https:\/\/www.sts-education.com\/de-ch\/wp-json\/wp\/v2\/pages\/11016\/revisions\/33635"}],"up":[{"embeddable":true,"href":"https:\/\/www.sts-education.com\/de-ch\/wp-json\/wp\/v2\/pages\/11004"}],"wp:featuredmedia":[{"embeddable":true,"href":"https:\/\/www.sts-education.com\/de-ch\/wp-json\/wp\/v2\/media\/15377"}],"wp:attachment":[{"href":"https:\/\/www.sts-education.com\/de-ch\/wp-json\/wp\/v2\/media?parent=11016"}],"wp:term":[{"taxonomy":"wpw_page_folders","embeddable":true,"href":"https:\/\/www.sts-education.com\/de-ch\/wp-json\/wp\/v2\/wpw_page_folders?post=11016"}],"curies":[{"name":"wp","href":"https:\/\/api.w.org\/{rel}","templated":true}]}}