{"id":11018,"date":"2025-12-16T10:22:10","date_gmt":"2025-12-16T10:22:10","guid":{"rendered":"https:\/\/preprod.sts-education.com\/ueber-sts\/warum-mit-sts-reisen\/"},"modified":"2026-04-14T10:04:22","modified_gmt":"2026-04-14T10:04:22","slug":"warum-mit-sts-reisen","status":"publish","type":"page","link":"https:\/\/www.sts-education.com\/de-ch\/ueber-sts\/warum-mit-sts-reisen\/","title":{"rendered":"Warum Mit Sts Reisen"},"content":{"rendered":"\n<section class=\"wp-block-sts-hero sts-block-hero is-variant-full-background has-text-light has-background-media\" style=\"--sts-hero-padding-mobile:0px;--sts-hero-padding-desktop:0px;--sts-hero-text-color:var(--wp--preset--color--base-10, #fff);\" data-variant=\"full-background\"><div class=\"sts-block-hero__background\"><picture class=\"sts-responsive-image has-fit-cover is-skeleton\"><img src=\"https:\/\/cdn.sts-education.com\/12800_hero_lg_xl.jpg\" alt=\"Warum mit STS reisen?\" loading=\"lazy\" decoding=\"async\" fetchpriority=\"low\" sizes=\"100vw\" \/><\/picture><span class=\"sts-block-hero__overlay\" aria-hidden=\"true\"><\/span><\/div><div class=\"sts-block-hero__inner\"><div class=\"sts-block-hero__content has-align-center\"><div class=\"sts-block-hero__content-inner\"><h1 class=\"sts-block-hero__heading\">Warum mit STS reisen?<\/h1><\/div><\/div><\/div><\/section>\n\n\n\n<section class=\"wp-block-sts-video sts-block-video sts-block-video--landscape has-max-width-lg\"><div class=\"sts-video sts-video--landscape\"><div class=\"sts-video__handler\"><button type=\"button\" class=\"sts-video__play-button\" aria-label=\"Play video\" aria-pressed=\"false\" data-playing=\"false\"><span class=\"sts-video__play-icon\"><img decoding=\"async\" class=\"play-icon\" src=\"data:image\/svg+xml,%3csvg%20width='32'%20height='32'%20viewBox='0%200%2032%2032'%20fill='none'%20xmlns='http:\/\/www.w3.org\/2000\/svg'%3e%3cmask%20id='mask0_2459_8201'%20style='mask-type:alpha'%20maskUnits='userSpaceOnUse'%20x='0'%20y='0'%20width='32'%20height='32'%3e%3crect%20width='32'%20height='32'%20fill='%23D9D9D9'\/%3e%3c\/mask%3e%3cg%20mask='url(%23mask0_2459_8201)'%3e%3cpath%20d='M10.667%2022.8999V9.09993C10.667%208.72216%2010.8003%208.40549%2011.067%208.14993C11.3337%207.89438%2011.6448%207.7666%2012.0003%207.7666C12.1114%207.7666%2012.2281%207.78327%2012.3503%207.8166C12.4725%207.84993%2012.5892%207.89993%2012.7003%207.9666L23.567%2014.8666C23.767%2014.9999%2023.917%2015.1666%2024.017%2015.3666C24.117%2015.5666%2024.167%2015.7777%2024.167%2015.9999C24.167%2016.2222%2024.117%2016.4333%2024.017%2016.6333C23.917%2016.8333%2023.767%2016.9999%2023.567%2017.1333L12.7003%2024.0333C12.5892%2024.0999%2012.4725%2024.1499%2012.3503%2024.1833C12.2281%2024.2166%2012.1114%2024.2333%2012.0003%2024.2333C11.6448%2024.2333%2011.3337%2024.1055%2011.067%2023.8499C10.8003%2023.5944%2010.667%2023.2777%2010.667%2022.8999Z'%20fill='black'\/%3e%3c\/g%3e%3c\/svg%3e\" alt=\"\" aria-hidden=\"true\"\/><img decoding=\"async\" class=\"pause-icon\" src=\"data:image\/svg+xml,%3csvg%20width='32'%20height='32'%20viewBox='0%200%2032%2032'%20fill='none'%20xmlns='http:\/\/www.w3.org\/2000\/svg'%3e%3cmask%20id='mask0_pause'%20style='mask-type:alpha'%20maskUnits='userSpaceOnUse'%20x='0'%20y='0'%20width='32'%20height='32'%3e%3crect%20width='32'%20height='32'%20fill='%23D9D9D9'\/%3e%3c\/mask%3e%3cg%20mask='url(%23mask0_pause)'%3e%3c!--%20Left%20bar%20--%3e%3crect%20x='10'%20y='8'%20width='4'%20height='16'%20rx='1'%20fill='black'\/%3e%3c!--%20Right%20bar%20--%3e%3crect%20x='18'%20y='8'%20width='4'%20height='16'%20rx='1'%20fill='black'\/%3e%3c\/g%3e%3c\/svg%3e\" alt=\"\" aria-hidden=\"true\"\/><\/span><\/button><strong class=\"sts-video__duration\" data-duration-prefix=\"Video duration:\" data-unit-second=\"second\" data-unit-seconds=\"seconds\" data-unit-minute=\"minute\" data-unit-minutes=\"minutes\" aria-label=\"Video duration: 40.0 seconds\">40.0 secs<\/strong><\/div><div class=\"sts-video__media\" data-video-source=\"youtube\" data-video-url=\"\"><div class=\"sts-video__external-shell\" data-embed-url=\"https:\/\/www.youtube.com\/embed\/cHILe1P3zJc?rel=0&amp;controls=1&amp;modestbranding=1&amp;playsinline=1&amp;enablejsapi=1&amp;autoplay=0&amp;origin=https%3A%2F%2Fwww.sts-education.com\"><iframe class=\"sts-video__iframe\" src=\"https:\/\/www.youtube.com\/embed\/cHILe1P3zJc?rel=0&amp;controls=1&amp;modestbranding=1&amp;playsinline=1&amp;enablejsapi=1&amp;autoplay=0&amp;origin=https%3A%2F%2Fwww.sts-education.com\" title=\"Video poster\nheading\" allow=\"autoplay; fullscreen\" allowfullscreen loading=\"lazy\" data-provider=\"youtube\" data-embed-url=\"https:\/\/www.youtube.com\/embed\/cHILe1P3zJc?rel=0&amp;controls=1&amp;modestbranding=1&amp;playsinline=1&amp;enablejsapi=1&amp;autoplay=0&amp;origin=https%3A%2F%2Fwww.sts-education.com\"><\/iframe><\/div><\/div><\/div><\/section>\n\n\n\n<div class=\"wp-block-sts-text sts-text-editor has-max-width-md\"><div class=\"sts-text-editor__content\"><div class=\"sts-text-editor__content-inner\">\n<h2>Wir sind pers\u00f6nlich<\/h2>\n\n<p>Wir kennen alle unsere Sch\u00fcler beim Namen und begleiten dich auf deiner Reise von Anfang bis Ende. Wir fiebern und freuen uns mit dir, sorgen daf\u00fcr, dass es dir gut geht, dass du eine unglaubliche Erfahrung machst und sie bestm\u00f6glich f\u00fcr deine Zukunft nutzt. Wir helfen dir, dein Potenzial voll auszusch\u00f6pfen.<\/p>\n\n<h2>Dein Austausch ist unsere Passion<\/h2>\n\n<p>Austausch ist f\u00fcr uns kein Job, sondern wir lieben und leben, was wir tun. Fast jeder hier bei STS war selbst Austauschsch\u00fcler, hat im Ausland studiert oder gearbeitet. Wir machen Austausch mit echter Begeisterung. Es freut uns zu sehen, wie unglaublich du dich in diesem Jahr entwickelst, wie dein Verst\u00e4ndnis f\u00fcr andere Menschen und Kulturen w\u00e4chst, wie Freundschaften quer durch Europa und die Welt entstehen und nat\u00fcrlich, wie viel Spass du dabei hast. Dir diese Erfahrung zu erm\u00f6glichen, ist f\u00fcr uns der sch\u00f6nste Job der Welt!<\/p>\n\n<h2>Mit uns reist du sicher<\/h2>\n\n<p>Deine Sicherheit ist unsere oberste Priorit\u00e4t und du bekommst alle Unterst\u00fctzung, die du brauchst. Zusammen mit unserem globalen Netzwerk sorgf\u00e4ltig ausgew\u00e4hlter Schulen, Gastfamilien, Partner und lokaler Mitarbeiter sorgen wir daf\u00fcr, dass es dir die ganze Reise \u00fcber gut geht. Wir k\u00fcmmern uns um die Details, damit du den Kopf frei hast.<\/p>\n\n<h2>Du darfst auf unsere langj\u00e4hrige Erfahrung vertrauen<\/h2>\n\n<p>STS gibt es seit 1958 und mehr als 1.200.000 Sch\u00fclerinnen und Sch\u00fcler haben seither mit uns die Welt entdeckt. Seit 65 Jahren lassen wir eure Tr\u00e4ume wahr werden.<\/p>\n\n<h3>Erfahrungsberichte<\/h3>\n\n<p>Wie erleben andere ihren Austausch? Lies unsere <a href=\"https:\/\/www.sts-education.com\/de-ch\/high-school-2\/unsere-austauschschueler-innen\/schuler-testimonials\/\">Erfahrungsberichte<\/a> oder folge uns auf <a href=\"https:\/\/www.instagram.com\/stsworldwide\/\" target=\"_blank\" rel=\"noopener noreferrer\">Instagram<\/a> und <a href=\"https:\/\/www.tiktok.com\/@stsworldwide\" target=\"_blank\" rel=\"noopener noreferrer\">TikTok<\/a> f\u00fcr t\u00e4gliche Updates und Stories direkt von unseren Gastsch\u00fclern.<\/p>\n<\/div><\/div><\/div>\n","protected":false},"excerpt":{"rendered":"","protected":false},"author":20,"featured_media":0,"parent":11004,"menu_order":0,"comment_status":"closed","ping_status":"closed","template":"templates\/template-default-with-breadcrumbs.php","meta":{"_acf_changed":false,"sts_page_background_color":"","footnotes":""},"wpw_page_folders":[77],"class_list":["post-11018","page","type-page","status-publish","hentry"],"acf":[],"yoast_head":"<!-- This site is optimized with the Yoast SEO Premium plugin v27.2 (Yoast SEO v27.3) - https:\/\/yoast.com\/product\/yoast-seo-premium-wordpress\/ -->\n<title>Darum solltest du STS w\u00e4hlen<\/title>\n<meta name=\"description\" content=\"Wir haben \u00fcber 60 Jahre Erfahrung mit Sprachreisen und Sch\u00fcleraustausch. W\u00e4hle aus 18 spannenden Gastl\u00e4ndern.\" \/>\n<meta name=\"robots\" content=\"index, follow, max-snippet:-1, max-image-preview:large, max-video-preview:-1\" \/>\n<link rel=\"canonical\" href=\"https:\/\/www.sts-education.com\/de-ch\/ueber-sts\/warum-mit-sts-reisen\/\" \/>\n<meta property=\"og:locale\" content=\"de_DE\" \/>\n<meta property=\"og:type\" content=\"article\" \/>\n<meta property=\"og:title\" content=\"Warum Mit Sts Reisen\" \/>\n<meta property=\"og:description\" content=\"Wir haben \u00fcber 60 Jahre Erfahrung mit Sprachreisen und Sch\u00fcleraustausch. W\u00e4hle aus 18 spannenden Gastl\u00e4ndern.\" \/>\n<meta property=\"og:url\" content=\"https:\/\/www.sts-education.com\/de-ch\/ueber-sts\/warum-mit-sts-reisen\/\" \/>\n<meta property=\"og:site_name\" content=\"STS Education\" \/>\n<meta property=\"article:modified_time\" content=\"2026-04-14T10:04:22+00:00\" \/>\n<meta property=\"og:image\" content=\"https:\/\/cdn.sts-education.com\/12800_hero_lg_xl.jpg\" \/>\n<meta name=\"twitter:card\" content=\"summary_large_image\" \/>\n<meta name=\"twitter:label1\" content=\"Gesch\u00e4tzte Lesezeit\" \/>\n\t<meta name=\"twitter:data1\" content=\"1\u00a0Minute\" \/>\n<script type=\"application\/ld+json\" class=\"yoast-schema-graph\">{\"@context\":\"https:\\\/\\\/schema.org\",\"@graph\":[{\"@type\":\"WebPage\",\"@id\":\"https:\\\/\\\/www.sts-education.com\\\/de-ch\\\/ueber-sts\\\/warum-mit-sts-reisen\\\/\",\"url\":\"https:\\\/\\\/www.sts-education.com\\\/de-ch\\\/ueber-sts\\\/warum-mit-sts-reisen\\\/\",\"name\":\"Darum solltest du STS w\u00e4hlen\",\"isPartOf\":{\"@id\":\"https:\\\/\\\/www.sts-education.com\\\/de-ch\\\/#website\"},\"primaryImageOfPage\":{\"@id\":\"https:\\\/\\\/www.sts-education.com\\\/de-ch\\\/ueber-sts\\\/warum-mit-sts-reisen\\\/#primaryimage\"},\"image\":{\"@id\":\"https:\\\/\\\/www.sts-education.com\\\/de-ch\\\/ueber-sts\\\/warum-mit-sts-reisen\\\/#primaryimage\"},\"thumbnailUrl\":\"https:\\\/\\\/cdn.sts-education.com\\\/12800_hero_lg_xl.jpg\",\"datePublished\":\"2025-12-16T10:22:10+00:00\",\"dateModified\":\"2026-04-14T10:04:22+00:00\",\"description\":\"Wir haben \u00fcber 60 Jahre Erfahrung mit Sprachreisen und Sch\u00fcleraustausch. W\u00e4hle aus 18 spannenden Gastl\u00e4ndern.\",\"breadcrumb\":{\"@id\":\"https:\\\/\\\/www.sts-education.com\\\/de-ch\\\/ueber-sts\\\/warum-mit-sts-reisen\\\/#breadcrumb\"},\"inLanguage\":\"de-CH\",\"potentialAction\":[{\"@type\":\"ReadAction\",\"target\":[\"https:\\\/\\\/www.sts-education.com\\\/de-ch\\\/ueber-sts\\\/warum-mit-sts-reisen\\\/\"]}]},{\"@type\":\"ImageObject\",\"inLanguage\":\"de-CH\",\"@id\":\"https:\\\/\\\/www.sts-education.com\\\/de-ch\\\/ueber-sts\\\/warum-mit-sts-reisen\\\/#primaryimage\",\"url\":\"https:\\\/\\\/cdn.sts-education.com\\\/12800_hero_lg_xl.jpg\",\"contentUrl\":\"https:\\\/\\\/cdn.sts-education.com\\\/12800_hero_lg_xl.jpg\"},{\"@type\":\"BreadcrumbList\",\"@id\":\"https:\\\/\\\/www.sts-education.com\\\/de-ch\\\/ueber-sts\\\/warum-mit-sts-reisen\\\/#breadcrumb\",\"itemListElement\":[{\"@type\":\"ListItem\",\"position\":1,\"name\":\"Home\",\"item\":\"https:\\\/\\\/www.sts-education.com\\\/de-ch\\\/\"},{\"@type\":\"ListItem\",\"position\":2,\"name\":\"Ueber Sts\",\"item\":\"https:\\\/\\\/www.sts-education.com\\\/de-ch\\\/ueber-sts\\\/\"},{\"@type\":\"ListItem\",\"position\":3,\"name\":\"Warum Mit Sts Reisen\"}]},{\"@type\":\"WebSite\",\"@id\":\"https:\\\/\\\/www.sts-education.com\\\/de-ch\\\/#website\",\"url\":\"https:\\\/\\\/www.sts-education.com\\\/de-ch\\\/\",\"name\":\"STS Education\",\"description\":\"\",\"potentialAction\":[{\"@type\":\"SearchAction\",\"target\":{\"@type\":\"EntryPoint\",\"urlTemplate\":\"https:\\\/\\\/www.sts-education.com\\\/de-ch\\\/?s={search_term_string}\"},\"query-input\":{\"@type\":\"PropertyValueSpecification\",\"valueRequired\":true,\"valueName\":\"search_term_string\"}}],\"inLanguage\":\"de-CH\"}]}<\/script>\n<!-- \/ Yoast SEO Premium plugin. -->","yoast_head_json":{"title":"Darum solltest du STS w\u00e4hlen","description":"Wir haben \u00fcber 60 Jahre Erfahrung mit Sprachreisen und Sch\u00fcleraustausch. W\u00e4hle aus 18 spannenden Gastl\u00e4ndern.","robots":{"index":"index","follow":"follow","max-snippet":"max-snippet:-1","max-image-preview":"max-image-preview:large","max-video-preview":"max-video-preview:-1"},"canonical":"https:\/\/www.sts-education.com\/de-ch\/ueber-sts\/warum-mit-sts-reisen\/","og_locale":"de_DE","og_type":"article","og_title":"Warum Mit Sts Reisen","og_description":"Wir haben \u00fcber 60 Jahre Erfahrung mit Sprachreisen und Sch\u00fcleraustausch. W\u00e4hle aus 18 spannenden Gastl\u00e4ndern.","og_url":"https:\/\/www.sts-education.com\/de-ch\/ueber-sts\/warum-mit-sts-reisen\/","og_site_name":"STS Education","article_modified_time":"2026-04-14T10:04:22+00:00","og_image":[{"url":"https:\/\/cdn.sts-education.com\/12800_hero_lg_xl.jpg","type":"","width":"","height":""}],"twitter_card":"summary_large_image","twitter_misc":{"Gesch\u00e4tzte Lesezeit":"1\u00a0Minute"},"schema":{"@context":"https:\/\/schema.org","@graph":[{"@type":"WebPage","@id":"https:\/\/www.sts-education.com\/de-ch\/ueber-sts\/warum-mit-sts-reisen\/","url":"https:\/\/www.sts-education.com\/de-ch\/ueber-sts\/warum-mit-sts-reisen\/","name":"Darum solltest du STS w\u00e4hlen","isPartOf":{"@id":"https:\/\/www.sts-education.com\/de-ch\/#website"},"primaryImageOfPage":{"@id":"https:\/\/www.sts-education.com\/de-ch\/ueber-sts\/warum-mit-sts-reisen\/#primaryimage"},"image":{"@id":"https:\/\/www.sts-education.com\/de-ch\/ueber-sts\/warum-mit-sts-reisen\/#primaryimage"},"thumbnailUrl":"https:\/\/cdn.sts-education.com\/12800_hero_lg_xl.jpg","datePublished":"2025-12-16T10:22:10+00:00","dateModified":"2026-04-14T10:04:22+00:00","description":"Wir haben \u00fcber 60 Jahre Erfahrung mit Sprachreisen und Sch\u00fcleraustausch. W\u00e4hle aus 18 spannenden Gastl\u00e4ndern.","breadcrumb":{"@id":"https:\/\/www.sts-education.com\/de-ch\/ueber-sts\/warum-mit-sts-reisen\/#breadcrumb"},"inLanguage":"de-CH","potentialAction":[{"@type":"ReadAction","target":["https:\/\/www.sts-education.com\/de-ch\/ueber-sts\/warum-mit-sts-reisen\/"]}]},{"@type":"ImageObject","inLanguage":"de-CH","@id":"https:\/\/www.sts-education.com\/de-ch\/ueber-sts\/warum-mit-sts-reisen\/#primaryimage","url":"https:\/\/cdn.sts-education.com\/12800_hero_lg_xl.jpg","contentUrl":"https:\/\/cdn.sts-education.com\/12800_hero_lg_xl.jpg"},{"@type":"BreadcrumbList","@id":"https:\/\/www.sts-education.com\/de-ch\/ueber-sts\/warum-mit-sts-reisen\/#breadcrumb","itemListElement":[{"@type":"ListItem","position":1,"name":"Home","item":"https:\/\/www.sts-education.com\/de-ch\/"},{"@type":"ListItem","position":2,"name":"Ueber Sts","item":"https:\/\/www.sts-education.com\/de-ch\/ueber-sts\/"},{"@type":"ListItem","position":3,"name":"Warum Mit Sts Reisen"}]},{"@type":"WebSite","@id":"https:\/\/www.sts-education.com\/de-ch\/#website","url":"https:\/\/www.sts-education.com\/de-ch\/","name":"STS Education","description":"","potentialAction":[{"@type":"SearchAction","target":{"@type":"EntryPoint","urlTemplate":"https:\/\/www.sts-education.com\/de-ch\/?s={search_term_string}"},"query-input":{"@type":"PropertyValueSpecification","valueRequired":true,"valueName":"search_term_string"}}],"inLanguage":"de-CH"}]}},"_links":{"self":[{"href":"https:\/\/www.sts-education.com\/de-ch\/wp-json\/wp\/v2\/pages\/11018","targetHints":{"allow":["GET"]}}],"collection":[{"href":"https:\/\/www.sts-education.com\/de-ch\/wp-json\/wp\/v2\/pages"}],"about":[{"href":"https:\/\/www.sts-education.com\/de-ch\/wp-json\/wp\/v2\/types\/page"}],"author":[{"embeddable":true,"href":"https:\/\/www.sts-education.com\/de-ch\/wp-json\/wp\/v2\/users\/20"}],"replies":[{"embeddable":true,"href":"https:\/\/www.sts-education.com\/de-ch\/wp-json\/wp\/v2\/comments?post=11018"}],"version-history":[{"count":5,"href":"https:\/\/www.sts-education.com\/de-ch\/wp-json\/wp\/v2\/pages\/11018\/revisions"}],"predecessor-version":[{"id":33637,"href":"https:\/\/www.sts-education.com\/de-ch\/wp-json\/wp\/v2\/pages\/11018\/revisions\/33637"}],"up":[{"embeddable":true,"href":"https:\/\/www.sts-education.com\/de-ch\/wp-json\/wp\/v2\/pages\/11004"}],"wp:attachment":[{"href":"https:\/\/www.sts-education.com\/de-ch\/wp-json\/wp\/v2\/media?parent=11018"}],"wp:term":[{"taxonomy":"wpw_page_folders","embeddable":true,"href":"https:\/\/www.sts-education.com\/de-ch\/wp-json\/wp\/v2\/wpw_page_folders?post=11018"}],"curies":[{"name":"wp","href":"https:\/\/api.w.org\/{rel}","templated":true}]}}