{"id":11032,"date":"2025-12-16T10:09:44","date_gmt":"2025-12-16T10:09:44","guid":{"rendered":"https:\/\/preprod.sts-education.com\/high-school\/vor-deinem-auslandsjahr\/10-things-to-bring-on-an-exchange-year\/"},"modified":"2026-04-02T13:54:56","modified_gmt":"2026-04-02T13:54:56","slug":"10-things-to-bring-on-an-exchange-year","status":"publish","type":"page","link":"https:\/\/www.sts-education.com\/de-ch\/high-school\/vor-deinem-auslandsjahr\/10-things-to-bring-on-an-exchange-year\/","title":{"rendered":"10 Things To Bring On An Exchange Year"},"content":{"rendered":"\n<section class=\"wp-block-sts-hero sts-block-hero is-variant-full-background has-text-light has-background-media\" style=\"--sts-hero-padding-mobile:0px;--sts-hero-padding-desktop:0px;--sts-hero-text-color:var(--wp--preset--color--base-10, #fff);\" data-variant=\"full-background\"><div class=\"sts-block-hero__background\"><picture class=\"sts-responsive-image has-fit-cover is-skeleton\"><img src=\"https:\/\/cdn.sts-education.com\/11090_hero_lg_xl.jpg\" alt=\"10 Dinge, die nicht in deinem Koffer fehlen sollten\" loading=\"lazy\" decoding=\"async\" fetchpriority=\"low\" sizes=\"100vw\" \/><\/picture><span class=\"sts-block-hero__overlay\" aria-hidden=\"true\"><\/span><\/div><div class=\"sts-block-hero__inner\"><div class=\"sts-block-hero__content has-align-center\"><div class=\"sts-block-hero__content-inner\"><h1 class=\"sts-block-hero__heading\">10 Dinge, die nicht in deinem Koffer fehlen sollten<\/h1><\/div><\/div><\/div><\/section>\n\n\n\n<div class=\"wp-block-sts-text sts-text-editor has-max-width-md\"><div class=\"sts-text-editor__content\"><div class=\"sts-text-editor__content-inner\">\n<p>Bitte packe so leicht wie m\u00f6glich. In einem ganzen Jahr im Ausland wirst du viel neue Kleidung und Souvenirs sammeln, die du bestimmt mit nach Hause nehmen willst. Aber die folgenden Sachen solltest du von Anfang an dabeihaben:<\/p>\n\n<ol><li>Reisepass und Imfungen\/Zertifikat<\/li>\n<li>Handy, Kopfh\u00f6rer und eventuell eine Kamera<\/li>\n<li>Computer<\/li>\n<li>Aufladekabel und Adapter, falls dein Gastland andere Steckerformate hat.<\/li>\n<li>Verschreibungspflichtige Medikamente<\/li>\n<li>Hygieneprodukte f\u00fcr die ersten Tage<\/li>\n<li>Tr\u00e4gst du eine Brille? Steck ein Ersatzpaar ein!<\/li>\n<li>Kleidung: Wirst du eine Schuluniform haben? Gibt es andere Dress-Codes, die du beachten musst? Nimm eher wenig mit, da du dir bestimmt viele neue Sachen kaufen willst.<\/li>\n<li>Lieblingsdinge, die du mitnehmen willst<\/li>\n<li>Ein kleines Geschenk f\u00fcr Ihre Gastfamilie. Es muss nichts Gro\u00dfes oder Pr\u00e4chtiges sein. Ihre Lieblingss\u00fc\u00dfigkeit oder ein Kochbuch mit Rezepten aus Ihrem Land sind ein tolles Geschenk!<\/li><\/ol>\n\n<p>Sobald du Kontakt mit deiner Gastfamilie aufgenommen hast, kannst du sie auch gerne um Tipps bitten!<\/p>\n<\/div><\/div><\/div>\n\n","protected":false},"excerpt":{"rendered":"","protected":false},"author":20,"featured_media":15398,"parent":11012,"menu_order":0,"comment_status":"closed","ping_status":"closed","template":"","meta":{"_acf_changed":false,"sts_page_background_color":"","footnotes":""},"wpw_page_folders":[80],"class_list":["post-11032","page","type-page","status-publish","has-post-thumbnail","hentry"],"acf":[],"yoast_head":"<!-- This site is optimized with the Yoast SEO Premium plugin v27.2 (Yoast SEO v27.3) - https:\/\/yoast.com\/product\/yoast-seo-premium-wordpress\/ -->\n<title>10 Dinge, die du ins Austauschjahr mitnehmen solltest<\/title>\n<meta name=\"description\" content=\"Vor der Abreise gibt es viel zu bedenken. Hier ist eine Liste mit 10 hilfreichen Dingen, die du einpacken solltest.\" \/>\n<meta name=\"robots\" content=\"index, follow, max-snippet:-1, max-image-preview:large, max-video-preview:-1\" \/>\n<link rel=\"canonical\" href=\"https:\/\/www.sts-education.com\/de-ch\/high-school\/vor-deinem-auslandsjahr\/10-things-to-bring-on-an-exchange-year\/\" \/>\n<meta property=\"og:locale\" content=\"de_DE\" \/>\n<meta property=\"og:type\" content=\"article\" \/>\n<meta property=\"og:title\" content=\"10 Things To Bring On An Exchange Year\" \/>\n<meta property=\"og:description\" content=\"Vor der Abreise gibt es viel zu bedenken. Hier ist eine Liste mit 10 hilfreichen Dingen, die du einpacken solltest.\" \/>\n<meta property=\"og:url\" content=\"https:\/\/www.sts-education.com\/de-ch\/high-school\/vor-deinem-auslandsjahr\/10-things-to-bring-on-an-exchange-year\/\" \/>\n<meta property=\"og:site_name\" content=\"STS Education\" \/>\n<meta property=\"article:modified_time\" content=\"2026-04-02T13:54:56+00:00\" \/>\n<meta property=\"og:image\" content=\"https:\/\/powered-by.qbank.se\/educatius\/sts\/\/85617c1aa79c47e1a5a41ee38a7b25bd_1-1-thumb.webp\" \/>\n\t<meta property=\"og:image:width\" content=\"150\" \/>\n\t<meta property=\"og:image:height\" content=\"150\" \/>\n\t<meta property=\"og:image:type\" content=\"image\/jpeg\" \/>\n<meta name=\"twitter:card\" content=\"summary_large_image\" \/>\n<meta name=\"twitter:label1\" content=\"Gesch\u00e4tzte Lesezeit\" \/>\n\t<meta name=\"twitter:data1\" content=\"1\u00a0Minute\" \/>\n<script type=\"application\/ld+json\" class=\"yoast-schema-graph\">{\"@context\":\"https:\\\/\\\/schema.org\",\"@graph\":[{\"@type\":\"WebPage\",\"@id\":\"https:\\\/\\\/www.sts-education.com\\\/de-ch\\\/high-school\\\/vor-deinem-auslandsjahr\\\/10-things-to-bring-on-an-exchange-year\\\/\",\"url\":\"https:\\\/\\\/www.sts-education.com\\\/de-ch\\\/high-school\\\/vor-deinem-auslandsjahr\\\/10-things-to-bring-on-an-exchange-year\\\/\",\"name\":\"10 Dinge, die du ins Austauschjahr mitnehmen solltest\",\"isPartOf\":{\"@id\":\"https:\\\/\\\/www.sts-education.com\\\/de-ch\\\/#website\"},\"primaryImageOfPage\":{\"@id\":\"https:\\\/\\\/www.sts-education.com\\\/de-ch\\\/high-school\\\/vor-deinem-auslandsjahr\\\/10-things-to-bring-on-an-exchange-year\\\/#primaryimage\"},\"image\":{\"@id\":\"https:\\\/\\\/www.sts-education.com\\\/de-ch\\\/high-school\\\/vor-deinem-auslandsjahr\\\/10-things-to-bring-on-an-exchange-year\\\/#primaryimage\"},\"thumbnailUrl\":\"https:\\\/\\\/powered-by.qbank.se\\\/educatius\\\/sts\\\/\\\/85617c1aa79c47e1a5a41ee38a7b25bd_1-1-thumb.webp\",\"datePublished\":\"2025-12-16T10:09:44+00:00\",\"dateModified\":\"2026-04-02T13:54:56+00:00\",\"description\":\"Vor der Abreise gibt es viel zu bedenken. Hier ist eine Liste mit 10 hilfreichen Dingen, die du einpacken solltest.\",\"breadcrumb\":{\"@id\":\"https:\\\/\\\/www.sts-education.com\\\/de-ch\\\/high-school\\\/vor-deinem-auslandsjahr\\\/10-things-to-bring-on-an-exchange-year\\\/#breadcrumb\"},\"inLanguage\":\"de-CH\",\"potentialAction\":[{\"@type\":\"ReadAction\",\"target\":[\"https:\\\/\\\/www.sts-education.com\\\/de-ch\\\/high-school\\\/vor-deinem-auslandsjahr\\\/10-things-to-bring-on-an-exchange-year\\\/\"]}]},{\"@type\":\"ImageObject\",\"inLanguage\":\"de-CH\",\"@id\":\"https:\\\/\\\/www.sts-education.com\\\/de-ch\\\/high-school\\\/vor-deinem-auslandsjahr\\\/10-things-to-bring-on-an-exchange-year\\\/#primaryimage\",\"url\":\"https:\\\/\\\/powered-by.qbank.se\\\/educatius\\\/sts\\\/\\\/85617c1aa79c47e1a5a41ee38a7b25bd_1-1-thumb.webp\",\"contentUrl\":\"https:\\\/\\\/powered-by.qbank.se\\\/educatius\\\/sts\\\/\\\/85617c1aa79c47e1a5a41ee38a7b25bd_1-1-thumb.webp\",\"width\":150,\"height\":150},{\"@type\":\"BreadcrumbList\",\"@id\":\"https:\\\/\\\/www.sts-education.com\\\/de-ch\\\/high-school\\\/vor-deinem-auslandsjahr\\\/10-things-to-bring-on-an-exchange-year\\\/#breadcrumb\",\"itemListElement\":[{\"@type\":\"ListItem\",\"position\":1,\"name\":\"Home\",\"item\":\"https:\\\/\\\/www.sts-education.com\\\/de-ch\\\/\"},{\"@type\":\"ListItem\",\"position\":2,\"name\":\"High School\",\"item\":\"https:\\\/\\\/www.sts-education.com\\\/de-ch\\\/high-school\\\/\"},{\"@type\":\"ListItem\",\"position\":3,\"name\":\"Vor Deinem Auslandsjahr\",\"item\":\"https:\\\/\\\/www.sts-education.com\\\/de-ch\\\/high-school\\\/vor-deinem-auslandsjahr\\\/\"},{\"@type\":\"ListItem\",\"position\":4,\"name\":\"10 Things To Bring On An Exchange Year\"}]},{\"@type\":\"WebSite\",\"@id\":\"https:\\\/\\\/www.sts-education.com\\\/de-ch\\\/#website\",\"url\":\"https:\\\/\\\/www.sts-education.com\\\/de-ch\\\/\",\"name\":\"STS Education\",\"description\":\"\",\"potentialAction\":[{\"@type\":\"SearchAction\",\"target\":{\"@type\":\"EntryPoint\",\"urlTemplate\":\"https:\\\/\\\/www.sts-education.com\\\/de-ch\\\/?s={search_term_string}\"},\"query-input\":{\"@type\":\"PropertyValueSpecification\",\"valueRequired\":true,\"valueName\":\"search_term_string\"}}],\"inLanguage\":\"de-CH\"}]}<\/script>\n<!-- \/ Yoast SEO Premium plugin. -->","yoast_head_json":{"title":"10 Dinge, die du ins Austauschjahr mitnehmen solltest","description":"Vor der Abreise gibt es viel zu bedenken. Hier ist eine Liste mit 10 hilfreichen Dingen, die du einpacken solltest.","robots":{"index":"index","follow":"follow","max-snippet":"max-snippet:-1","max-image-preview":"max-image-preview:large","max-video-preview":"max-video-preview:-1"},"canonical":"https:\/\/www.sts-education.com\/de-ch\/high-school\/vor-deinem-auslandsjahr\/10-things-to-bring-on-an-exchange-year\/","og_locale":"de_DE","og_type":"article","og_title":"10 Things To Bring On An Exchange Year","og_description":"Vor der Abreise gibt es viel zu bedenken. Hier ist eine Liste mit 10 hilfreichen Dingen, die du einpacken solltest.","og_url":"https:\/\/www.sts-education.com\/de-ch\/high-school\/vor-deinem-auslandsjahr\/10-things-to-bring-on-an-exchange-year\/","og_site_name":"STS Education","article_modified_time":"2026-04-02T13:54:56+00:00","og_image":[{"width":150,"height":150,"url":"https:\/\/powered-by.qbank.se\/educatius\/sts\/\/85617c1aa79c47e1a5a41ee38a7b25bd_1-1-thumb.webp","type":"image\/jpeg"}],"twitter_card":"summary_large_image","twitter_misc":{"Gesch\u00e4tzte Lesezeit":"1\u00a0Minute"},"schema":{"@context":"https:\/\/schema.org","@graph":[{"@type":"WebPage","@id":"https:\/\/www.sts-education.com\/de-ch\/high-school\/vor-deinem-auslandsjahr\/10-things-to-bring-on-an-exchange-year\/","url":"https:\/\/www.sts-education.com\/de-ch\/high-school\/vor-deinem-auslandsjahr\/10-things-to-bring-on-an-exchange-year\/","name":"10 Dinge, die du ins Austauschjahr mitnehmen solltest","isPartOf":{"@id":"https:\/\/www.sts-education.com\/de-ch\/#website"},"primaryImageOfPage":{"@id":"https:\/\/www.sts-education.com\/de-ch\/high-school\/vor-deinem-auslandsjahr\/10-things-to-bring-on-an-exchange-year\/#primaryimage"},"image":{"@id":"https:\/\/www.sts-education.com\/de-ch\/high-school\/vor-deinem-auslandsjahr\/10-things-to-bring-on-an-exchange-year\/#primaryimage"},"thumbnailUrl":"https:\/\/powered-by.qbank.se\/educatius\/sts\/\/85617c1aa79c47e1a5a41ee38a7b25bd_1-1-thumb.webp","datePublished":"2025-12-16T10:09:44+00:00","dateModified":"2026-04-02T13:54:56+00:00","description":"Vor der Abreise gibt es viel zu bedenken. Hier ist eine Liste mit 10 hilfreichen Dingen, die du einpacken solltest.","breadcrumb":{"@id":"https:\/\/www.sts-education.com\/de-ch\/high-school\/vor-deinem-auslandsjahr\/10-things-to-bring-on-an-exchange-year\/#breadcrumb"},"inLanguage":"de-CH","potentialAction":[{"@type":"ReadAction","target":["https:\/\/www.sts-education.com\/de-ch\/high-school\/vor-deinem-auslandsjahr\/10-things-to-bring-on-an-exchange-year\/"]}]},{"@type":"ImageObject","inLanguage":"de-CH","@id":"https:\/\/www.sts-education.com\/de-ch\/high-school\/vor-deinem-auslandsjahr\/10-things-to-bring-on-an-exchange-year\/#primaryimage","url":"https:\/\/powered-by.qbank.se\/educatius\/sts\/\/85617c1aa79c47e1a5a41ee38a7b25bd_1-1-thumb.webp","contentUrl":"https:\/\/powered-by.qbank.se\/educatius\/sts\/\/85617c1aa79c47e1a5a41ee38a7b25bd_1-1-thumb.webp","width":150,"height":150},{"@type":"BreadcrumbList","@id":"https:\/\/www.sts-education.com\/de-ch\/high-school\/vor-deinem-auslandsjahr\/10-things-to-bring-on-an-exchange-year\/#breadcrumb","itemListElement":[{"@type":"ListItem","position":1,"name":"Home","item":"https:\/\/www.sts-education.com\/de-ch\/"},{"@type":"ListItem","position":2,"name":"High School","item":"https:\/\/www.sts-education.com\/de-ch\/high-school\/"},{"@type":"ListItem","position":3,"name":"Vor Deinem Auslandsjahr","item":"https:\/\/www.sts-education.com\/de-ch\/high-school\/vor-deinem-auslandsjahr\/"},{"@type":"ListItem","position":4,"name":"10 Things To Bring On An Exchange Year"}]},{"@type":"WebSite","@id":"https:\/\/www.sts-education.com\/de-ch\/#website","url":"https:\/\/www.sts-education.com\/de-ch\/","name":"STS Education","description":"","potentialAction":[{"@type":"SearchAction","target":{"@type":"EntryPoint","urlTemplate":"https:\/\/www.sts-education.com\/de-ch\/?s={search_term_string}"},"query-input":{"@type":"PropertyValueSpecification","valueRequired":true,"valueName":"search_term_string"}}],"inLanguage":"de-CH"}]}},"_links":{"self":[{"href":"https:\/\/www.sts-education.com\/de-ch\/wp-json\/wp\/v2\/pages\/11032","targetHints":{"allow":["GET"]}}],"collection":[{"href":"https:\/\/www.sts-education.com\/de-ch\/wp-json\/wp\/v2\/pages"}],"about":[{"href":"https:\/\/www.sts-education.com\/de-ch\/wp-json\/wp\/v2\/types\/page"}],"author":[{"embeddable":true,"href":"https:\/\/www.sts-education.com\/de-ch\/wp-json\/wp\/v2\/users\/20"}],"replies":[{"embeddable":true,"href":"https:\/\/www.sts-education.com\/de-ch\/wp-json\/wp\/v2\/comments?post=11032"}],"version-history":[{"count":2,"href":"https:\/\/www.sts-education.com\/de-ch\/wp-json\/wp\/v2\/pages\/11032\/revisions"}],"predecessor-version":[{"id":20092,"href":"https:\/\/www.sts-education.com\/de-ch\/wp-json\/wp\/v2\/pages\/11032\/revisions\/20092"}],"up":[{"embeddable":true,"href":"https:\/\/www.sts-education.com\/de-ch\/wp-json\/wp\/v2\/pages\/11012"}],"wp:featuredmedia":[{"embeddable":true,"href":"https:\/\/www.sts-education.com\/de-ch\/wp-json\/wp\/v2\/media\/15398"}],"wp:attachment":[{"href":"https:\/\/www.sts-education.com\/de-ch\/wp-json\/wp\/v2\/media?parent=11032"}],"wp:term":[{"taxonomy":"wpw_page_folders","embeddable":true,"href":"https:\/\/www.sts-education.com\/de-ch\/wp-json\/wp\/v2\/wpw_page_folders?post=11032"}],"curies":[{"name":"wp","href":"https:\/\/api.w.org\/{rel}","templated":true}]}}