{"id":11037,"date":"2025-12-16T10:06:08","date_gmt":"2025-12-16T10:06:08","guid":{"rendered":"https:\/\/preprod.sts-education.com\/high-school\/vor-deinem-auslandsjahr\/wer-kann-sich-bewerben\/"},"modified":"2026-04-14T10:04:40","modified_gmt":"2026-04-14T10:04:40","slug":"wer-kann-sich-bewerben","status":"publish","type":"page","link":"https:\/\/www.sts-education.com\/de-ch\/high-school\/vor-deinem-auslandsjahr\/wer-kann-sich-bewerben\/","title":{"rendered":"Wer Kann Sich Bewerben"},"content":{"rendered":"\n<section class=\"wp-block-sts-hero sts-block-hero is-variant-full-background has-text-light has-background-media\" style=\"--sts-hero-padding-mobile:0px;--sts-hero-padding-desktop:0px;--sts-hero-text-color:var(--wp--preset--color--base-10, #fff);\" data-variant=\"full-background\"><div class=\"sts-block-hero__background\"><picture class=\"sts-responsive-image has-fit-cover is-skeleton\"><img src=\"https:\/\/cdn.sts-education.com\/12638_hero_lg_xl.jpg\" alt=\"Wer kann ein Austauschjahr machen?\" loading=\"lazy\" decoding=\"async\" fetchpriority=\"low\" sizes=\"100vw\" \/><\/picture><span class=\"sts-block-hero__overlay\" aria-hidden=\"true\"><\/span><\/div><div class=\"sts-block-hero__inner\"><div class=\"sts-block-hero__content has-align-center\"><div class=\"sts-block-hero__content-inner\"><h1 class=\"sts-block-hero__heading\">Wer kann ein Austauschjahr machen?<\/h1><\/div><\/div><\/div><\/section>\n\n\n\n<div class=\"wp-block-sts-text sts-text-editor has-max-width-md\"><div class=\"sts-text-editor__content\"><div class=\"sts-text-editor__content-inner\">\n<p>Ein Auslandsjahr als Gastsch\u00fcler:in bietet dir tolle M\u00f6glichkeiten. Uns ist am wichtigsten, dass du neugierig und aufgeschlossen bist. Du wirst viele unglaubliche neue Erfahrungen machen, die du so zu Hause nie erleben w\u00fcrdest.<\/p>\n\n<p>Allergien oder Krankheiten m\u00fcssen kein Hindernis sein, aber es ist wichtig, dass du uns dar\u00fcber informierst, damit wir eine Gastfamilie und Schule f\u00fcr dich finden, die deinen Bed\u00fcrfnissen entspricht. Einige L\u00e4nder verlangen Nachweise \u00fcber bestimmte Impfungen.<\/p>\n\n<h2>Was sind die Altersbeschr\u00e4nkungen f\u00fcr ein Austauschjahr?<\/h2>\n\n<p>Um ein High School-Jahr zu machen, musst du bei Beginn des Austausches zwischen 14 und 18 Jahre alt sein. Je nach Schulsystem in den verschiedenen L\u00e4ndern sind auch andere Altersbeschr\u00e4nkungen m\u00f6glich. Details findest du auf unserer Website unter den jeweiligen L\u00e4ndern. Wenn du schon 18 bist, k\u00f6nnte es zus\u00e4tzliche Geb\u00fchren geben.<\/p>\n\n<h2>Welche Sprachkenntnisse brauche ich, um ein Austauschjahr zu machen?<\/h2>\n\n<p>Gute Kenntnisse in Englisch brauchst du f\u00fcr alle Austauschl\u00e4nder. Das bedeutet, dass du in einfachem Englisch sprechen, lesen und schreiben kannst. In nicht-englischsprachigen L\u00e4ndern kann es zus\u00e4tzliche Anforderungen geben. Du findest alle Informationen hierzu auf den jeweiligen L\u00e4nderseiten auf unserer Website.<\/p>\n\n<p>Im Interview werden wir auch Englisch mit dir sprechen, um zu h\u00f6ren, auf welchem Stand du bist. Einige Gastl\u00e4nder verlangen einen zus\u00e4tzlichen Sprachtest oder ein Skype-Interview in ihrer Landessprache.<\/p>\n\n<p>Machst du dein Austauschjahr in einem englisch-, spanisch- oder italienischsprachigen Land und m\u00f6chtest deine Sprachkenntnisse vor dem Start verbessern? Bereite dich mit unserem <a href=\"https:\/\/www.sts-education.com\/de-ch\/high-school-2\/vor-deinem-auslandsjahr\/bereite-dich-mit-unseren-sprachkursen-vor\/\">Online-Sprachkurs<\/a> gut vor!<\/p>\n\n<h2>Welche Noten brauche ich f\u00fcr ein High School-Jahr?<\/h2>\n\n<p>Um in unser Programm aufgenommen zu werden, brauchst du mindestens Noten, mit denen du alle F\u00e4cher bestanden hast und du musst im Jahr vor deinem Austausch die Schule besucht haben. Wenn du in einem oder mehreren F\u00e4chern schlechtere Noten als eine 4 hast, kontaktiere uns bitte und wir pr\u00fcfen deinen Fall individuell. Wir versuchen, was wir k\u00f6nnen, um allen Interessierten ihr Auslandsjahr zu erm\u00f6glichen.<\/p>\n\n<p><a href=\"https:\/\/www.sts-education.com\/de-ch\/ueber-sts\/kontakt\/\">Hast du Fragen? Kontaktiere uns!<\/a><\/p>\n<\/div><\/div><\/div>\n","protected":false},"excerpt":{"rendered":"","protected":false},"author":20,"featured_media":15409,"parent":11012,"menu_order":0,"comment_status":"closed","ping_status":"closed","template":"templates\/template-default-with-breadcrumbs.php","meta":{"_acf_changed":false,"sts_page_background_color":"","footnotes":""},"wpw_page_folders":[80],"class_list":["post-11037","page","type-page","status-publish","has-post-thumbnail","hentry"],"acf":[],"yoast_head":"<!-- This site is optimized with the Yoast SEO Premium plugin v27.2 (Yoast SEO v27.3) - https:\/\/yoast.com\/product\/yoast-seo-premium-wordpress\/ -->\n<title>Wer kann als Austauschsch\u00fcler ein Auslandsjahr machen?<\/title>\n<meta name=\"description\" content=\"Ein Auslandsjahr ist f\u00fcr viele Sch\u00fcler m\u00f6glich. Auch wenn du Allergien oder chronische Krankheiten hast, k\u00f6nnen wir pr\u00fcfen, was f\u00fcr dich in Frage kommt. Das Wichtigste ist deine Neugier und eine offene Einstellung.\" \/>\n<meta name=\"robots\" content=\"index, follow, max-snippet:-1, max-image-preview:large, max-video-preview:-1\" \/>\n<link rel=\"canonical\" href=\"https:\/\/www.sts-education.com\/de-ch\/high-school\/vor-deinem-auslandsjahr\/wer-kann-sich-bewerben\/\" \/>\n<meta property=\"og:locale\" content=\"de_DE\" \/>\n<meta property=\"og:type\" content=\"article\" \/>\n<meta property=\"og:title\" content=\"Wer Kann Sich Bewerben\" \/>\n<meta property=\"og:description\" content=\"Ein Auslandsjahr ist f\u00fcr viele Sch\u00fcler m\u00f6glich. Auch wenn du Allergien oder chronische Krankheiten hast, k\u00f6nnen wir pr\u00fcfen, was f\u00fcr dich in Frage kommt. Das Wichtigste ist deine Neugier und eine offene Einstellung.\" \/>\n<meta property=\"og:url\" content=\"https:\/\/www.sts-education.com\/de-ch\/high-school\/vor-deinem-auslandsjahr\/wer-kann-sich-bewerben\/\" \/>\n<meta property=\"og:site_name\" content=\"STS Education\" \/>\n<meta property=\"article:modified_time\" content=\"2026-04-14T10:04:40+00:00\" \/>\n<meta property=\"og:image\" content=\"https:\/\/powered-by.qbank.se\/educatius\/sts\/\/654adcd0696a9cfff110373a8858629b_1-1-thumb.webp\" \/>\n\t<meta property=\"og:image:width\" content=\"150\" \/>\n\t<meta property=\"og:image:height\" content=\"150\" \/>\n\t<meta property=\"og:image:type\" content=\"image\/jpeg\" \/>\n<meta name=\"twitter:card\" content=\"summary_large_image\" \/>\n<meta name=\"twitter:label1\" content=\"Gesch\u00e4tzte Lesezeit\" \/>\n\t<meta name=\"twitter:data1\" content=\"2\u00a0Minuten\" \/>\n<script type=\"application\/ld+json\" class=\"yoast-schema-graph\">{\"@context\":\"https:\\\/\\\/schema.org\",\"@graph\":[{\"@type\":\"WebPage\",\"@id\":\"https:\\\/\\\/www.sts-education.com\\\/de-ch\\\/high-school\\\/vor-deinem-auslandsjahr\\\/wer-kann-sich-bewerben\\\/\",\"url\":\"https:\\\/\\\/www.sts-education.com\\\/de-ch\\\/high-school\\\/vor-deinem-auslandsjahr\\\/wer-kann-sich-bewerben\\\/\",\"name\":\"Wer kann als Austauschsch\u00fcler ein Auslandsjahr machen?\",\"isPartOf\":{\"@id\":\"https:\\\/\\\/www.sts-education.com\\\/de-ch\\\/#website\"},\"primaryImageOfPage\":{\"@id\":\"https:\\\/\\\/www.sts-education.com\\\/de-ch\\\/high-school\\\/vor-deinem-auslandsjahr\\\/wer-kann-sich-bewerben\\\/#primaryimage\"},\"image\":{\"@id\":\"https:\\\/\\\/www.sts-education.com\\\/de-ch\\\/high-school\\\/vor-deinem-auslandsjahr\\\/wer-kann-sich-bewerben\\\/#primaryimage\"},\"thumbnailUrl\":\"https:\\\/\\\/powered-by.qbank.se\\\/educatius\\\/sts\\\/\\\/654adcd0696a9cfff110373a8858629b_1-1-thumb.webp\",\"datePublished\":\"2025-12-16T10:06:08+00:00\",\"dateModified\":\"2026-04-14T10:04:40+00:00\",\"description\":\"Ein Auslandsjahr ist f\u00fcr viele Sch\u00fcler m\u00f6glich. Auch wenn du Allergien oder chronische Krankheiten hast, k\u00f6nnen wir pr\u00fcfen, was f\u00fcr dich in Frage kommt. Das Wichtigste ist deine Neugier und eine offene Einstellung.\",\"breadcrumb\":{\"@id\":\"https:\\\/\\\/www.sts-education.com\\\/de-ch\\\/high-school\\\/vor-deinem-auslandsjahr\\\/wer-kann-sich-bewerben\\\/#breadcrumb\"},\"inLanguage\":\"de-CH\",\"potentialAction\":[{\"@type\":\"ReadAction\",\"target\":[\"https:\\\/\\\/www.sts-education.com\\\/de-ch\\\/high-school\\\/vor-deinem-auslandsjahr\\\/wer-kann-sich-bewerben\\\/\"]}]},{\"@type\":\"ImageObject\",\"inLanguage\":\"de-CH\",\"@id\":\"https:\\\/\\\/www.sts-education.com\\\/de-ch\\\/high-school\\\/vor-deinem-auslandsjahr\\\/wer-kann-sich-bewerben\\\/#primaryimage\",\"url\":\"https:\\\/\\\/powered-by.qbank.se\\\/educatius\\\/sts\\\/\\\/654adcd0696a9cfff110373a8858629b_1-1-thumb.webp\",\"contentUrl\":\"https:\\\/\\\/powered-by.qbank.se\\\/educatius\\\/sts\\\/\\\/654adcd0696a9cfff110373a8858629b_1-1-thumb.webp\",\"width\":150,\"height\":150},{\"@type\":\"BreadcrumbList\",\"@id\":\"https:\\\/\\\/www.sts-education.com\\\/de-ch\\\/high-school\\\/vor-deinem-auslandsjahr\\\/wer-kann-sich-bewerben\\\/#breadcrumb\",\"itemListElement\":[{\"@type\":\"ListItem\",\"position\":1,\"name\":\"Home\",\"item\":\"https:\\\/\\\/www.sts-education.com\\\/de-ch\\\/\"},{\"@type\":\"ListItem\",\"position\":2,\"name\":\"High School\",\"item\":\"https:\\\/\\\/www.sts-education.com\\\/de-ch\\\/high-school\\\/\"},{\"@type\":\"ListItem\",\"position\":3,\"name\":\"Vor Deinem Auslandsjahr\",\"item\":\"https:\\\/\\\/www.sts-education.com\\\/de-ch\\\/high-school\\\/vor-deinem-auslandsjahr\\\/\"},{\"@type\":\"ListItem\",\"position\":4,\"name\":\"Wer Kann Sich Bewerben\"}]},{\"@type\":\"WebSite\",\"@id\":\"https:\\\/\\\/www.sts-education.com\\\/de-ch\\\/#website\",\"url\":\"https:\\\/\\\/www.sts-education.com\\\/de-ch\\\/\",\"name\":\"STS Education\",\"description\":\"\",\"potentialAction\":[{\"@type\":\"SearchAction\",\"target\":{\"@type\":\"EntryPoint\",\"urlTemplate\":\"https:\\\/\\\/www.sts-education.com\\\/de-ch\\\/?s={search_term_string}\"},\"query-input\":{\"@type\":\"PropertyValueSpecification\",\"valueRequired\":true,\"valueName\":\"search_term_string\"}}],\"inLanguage\":\"de-CH\"}]}<\/script>\n<!-- \/ Yoast SEO Premium plugin. -->","yoast_head_json":{"title":"Wer kann als Austauschsch\u00fcler ein Auslandsjahr machen?","description":"Ein Auslandsjahr ist f\u00fcr viele Sch\u00fcler m\u00f6glich. Auch wenn du Allergien oder chronische Krankheiten hast, k\u00f6nnen wir pr\u00fcfen, was f\u00fcr dich in Frage kommt. Das Wichtigste ist deine Neugier und eine offene Einstellung.","robots":{"index":"index","follow":"follow","max-snippet":"max-snippet:-1","max-image-preview":"max-image-preview:large","max-video-preview":"max-video-preview:-1"},"canonical":"https:\/\/www.sts-education.com\/de-ch\/high-school\/vor-deinem-auslandsjahr\/wer-kann-sich-bewerben\/","og_locale":"de_DE","og_type":"article","og_title":"Wer Kann Sich Bewerben","og_description":"Ein Auslandsjahr ist f\u00fcr viele Sch\u00fcler m\u00f6glich. Auch wenn du Allergien oder chronische Krankheiten hast, k\u00f6nnen wir pr\u00fcfen, was f\u00fcr dich in Frage kommt. Das Wichtigste ist deine Neugier und eine offene Einstellung.","og_url":"https:\/\/www.sts-education.com\/de-ch\/high-school\/vor-deinem-auslandsjahr\/wer-kann-sich-bewerben\/","og_site_name":"STS Education","article_modified_time":"2026-04-14T10:04:40+00:00","og_image":[{"width":150,"height":150,"url":"https:\/\/powered-by.qbank.se\/educatius\/sts\/\/654adcd0696a9cfff110373a8858629b_1-1-thumb.webp","type":"image\/jpeg"}],"twitter_card":"summary_large_image","twitter_misc":{"Gesch\u00e4tzte Lesezeit":"2\u00a0Minuten"},"schema":{"@context":"https:\/\/schema.org","@graph":[{"@type":"WebPage","@id":"https:\/\/www.sts-education.com\/de-ch\/high-school\/vor-deinem-auslandsjahr\/wer-kann-sich-bewerben\/","url":"https:\/\/www.sts-education.com\/de-ch\/high-school\/vor-deinem-auslandsjahr\/wer-kann-sich-bewerben\/","name":"Wer kann als Austauschsch\u00fcler ein Auslandsjahr machen?","isPartOf":{"@id":"https:\/\/www.sts-education.com\/de-ch\/#website"},"primaryImageOfPage":{"@id":"https:\/\/www.sts-education.com\/de-ch\/high-school\/vor-deinem-auslandsjahr\/wer-kann-sich-bewerben\/#primaryimage"},"image":{"@id":"https:\/\/www.sts-education.com\/de-ch\/high-school\/vor-deinem-auslandsjahr\/wer-kann-sich-bewerben\/#primaryimage"},"thumbnailUrl":"https:\/\/powered-by.qbank.se\/educatius\/sts\/\/654adcd0696a9cfff110373a8858629b_1-1-thumb.webp","datePublished":"2025-12-16T10:06:08+00:00","dateModified":"2026-04-14T10:04:40+00:00","description":"Ein Auslandsjahr ist f\u00fcr viele Sch\u00fcler m\u00f6glich. Auch wenn du Allergien oder chronische Krankheiten hast, k\u00f6nnen wir pr\u00fcfen, was f\u00fcr dich in Frage kommt. Das Wichtigste ist deine Neugier und eine offene Einstellung.","breadcrumb":{"@id":"https:\/\/www.sts-education.com\/de-ch\/high-school\/vor-deinem-auslandsjahr\/wer-kann-sich-bewerben\/#breadcrumb"},"inLanguage":"de-CH","potentialAction":[{"@type":"ReadAction","target":["https:\/\/www.sts-education.com\/de-ch\/high-school\/vor-deinem-auslandsjahr\/wer-kann-sich-bewerben\/"]}]},{"@type":"ImageObject","inLanguage":"de-CH","@id":"https:\/\/www.sts-education.com\/de-ch\/high-school\/vor-deinem-auslandsjahr\/wer-kann-sich-bewerben\/#primaryimage","url":"https:\/\/powered-by.qbank.se\/educatius\/sts\/\/654adcd0696a9cfff110373a8858629b_1-1-thumb.webp","contentUrl":"https:\/\/powered-by.qbank.se\/educatius\/sts\/\/654adcd0696a9cfff110373a8858629b_1-1-thumb.webp","width":150,"height":150},{"@type":"BreadcrumbList","@id":"https:\/\/www.sts-education.com\/de-ch\/high-school\/vor-deinem-auslandsjahr\/wer-kann-sich-bewerben\/#breadcrumb","itemListElement":[{"@type":"ListItem","position":1,"name":"Home","item":"https:\/\/www.sts-education.com\/de-ch\/"},{"@type":"ListItem","position":2,"name":"High School","item":"https:\/\/www.sts-education.com\/de-ch\/high-school\/"},{"@type":"ListItem","position":3,"name":"Vor Deinem Auslandsjahr","item":"https:\/\/www.sts-education.com\/de-ch\/high-school\/vor-deinem-auslandsjahr\/"},{"@type":"ListItem","position":4,"name":"Wer Kann Sich Bewerben"}]},{"@type":"WebSite","@id":"https:\/\/www.sts-education.com\/de-ch\/#website","url":"https:\/\/www.sts-education.com\/de-ch\/","name":"STS Education","description":"","potentialAction":[{"@type":"SearchAction","target":{"@type":"EntryPoint","urlTemplate":"https:\/\/www.sts-education.com\/de-ch\/?s={search_term_string}"},"query-input":{"@type":"PropertyValueSpecification","valueRequired":true,"valueName":"search_term_string"}}],"inLanguage":"de-CH"}]}},"_links":{"self":[{"href":"https:\/\/www.sts-education.com\/de-ch\/wp-json\/wp\/v2\/pages\/11037","targetHints":{"allow":["GET"]}}],"collection":[{"href":"https:\/\/www.sts-education.com\/de-ch\/wp-json\/wp\/v2\/pages"}],"about":[{"href":"https:\/\/www.sts-education.com\/de-ch\/wp-json\/wp\/v2\/types\/page"}],"author":[{"embeddable":true,"href":"https:\/\/www.sts-education.com\/de-ch\/wp-json\/wp\/v2\/users\/20"}],"replies":[{"embeddable":true,"href":"https:\/\/www.sts-education.com\/de-ch\/wp-json\/wp\/v2\/comments?post=11037"}],"version-history":[{"count":4,"href":"https:\/\/www.sts-education.com\/de-ch\/wp-json\/wp\/v2\/pages\/11037\/revisions"}],"predecessor-version":[{"id":33650,"href":"https:\/\/www.sts-education.com\/de-ch\/wp-json\/wp\/v2\/pages\/11037\/revisions\/33650"}],"up":[{"embeddable":true,"href":"https:\/\/www.sts-education.com\/de-ch\/wp-json\/wp\/v2\/pages\/11012"}],"wp:featuredmedia":[{"embeddable":true,"href":"https:\/\/www.sts-education.com\/de-ch\/wp-json\/wp\/v2\/media\/15409"}],"wp:attachment":[{"href":"https:\/\/www.sts-education.com\/de-ch\/wp-json\/wp\/v2\/media?parent=11037"}],"wp:term":[{"taxonomy":"wpw_page_folders","embeddable":true,"href":"https:\/\/www.sts-education.com\/de-ch\/wp-json\/wp\/v2\/wpw_page_folders?post=11037"}],"curies":[{"name":"wp","href":"https:\/\/api.w.org\/{rel}","templated":true}]}}