{"id":11039,"date":"2025-12-16T10:12:41","date_gmt":"2025-12-16T10:12:41","guid":{"rendered":"https:\/\/preprod.sts-education.com\/high-school\/waehrend-du-im-austausch-bist\/anreise-in-dein-gastland\/"},"modified":"2026-04-02T13:55:27","modified_gmt":"2026-04-02T13:55:27","slug":"anreise-in-dein-gastland","status":"publish","type":"page","link":"https:\/\/www.sts-education.com\/de-ch\/high-school\/waehrend-du-im-austausch-bist\/anreise-in-dein-gastland\/","title":{"rendered":"Anreise In Dein Gastland"},"content":{"rendered":"\n<section class=\"wp-block-sts-hero sts-block-hero is-variant-full-background has-text-light has-background-media\" style=\"--sts-hero-padding-mobile:0px;--sts-hero-padding-desktop:0px;--sts-hero-text-color:var(--wp--preset--color--base-10, #fff);\" data-variant=\"full-background\"><div class=\"sts-block-hero__background\"><picture class=\"sts-responsive-image has-fit-cover is-skeleton\"><img src=\"https:\/\/cdn.sts-education.com\/12568_hero_lg_xl.jpg\" alt=\"Anreise in dein Gastland\" loading=\"lazy\" decoding=\"async\" fetchpriority=\"low\" sizes=\"100vw\" \/><\/picture><span class=\"sts-block-hero__overlay\" aria-hidden=\"true\"><\/span><\/div><div class=\"sts-block-hero__inner\"><div class=\"sts-block-hero__content has-align-center\"><div class=\"sts-block-hero__content-inner\"><h1 class=\"sts-block-hero__heading\">Anreise in dein Gastland<\/h1><\/div><\/div><\/div><\/section>\n\n\n\n<div class=\"wp-block-sts-text sts-text-editor has-max-width-md\"><div class=\"sts-text-editor__content\"><div class=\"sts-text-editor__content-inner\">\n<p>Die meisten Austauschsch\u00fcler reisen alleine in ihr neues Land, da jeder unterschiedliche Start- und Zielorte hat. Aber je nachdem, wohin du f\u00e4hrst und wie viele andere STS-Sch\u00fcler es in deinem Gastland gibt, kann es auch passieren, dass du schon unterwegs andere Austauschsch\u00fcler kennenlernst.<\/p>\n\n<p>Die Anreise in dein grosses Abenteuer h\u00e4ngt von deinem Schulstart und den Daten ab, zu denen deine Gastfamilie dich empfangen kann. Bitte denke daran: Viele Schulen starten in anderen L\u00e4ndern im September. Wenn du an einem Welcome Camp teilnimmst, ist das dein Start und danach reist du an dein endg\u00fcltiges Ziel.<\/p>\n\n<p>STS bucht deine Reise und schickt dir die Tickets, wenn die Abreise bevorsteht. Deine Tickets sind digital, damit du sie auf dem Handy parat hast. Denke bitte daran, deinen Reisepass, dein Visum oder andere Reisedokumente so in deinem Handgep\u00e4ck zu verstauen, dass sie nicht verloren gehen k\u00f6nnen und du schnell herankommst. Auch die Adresse und Telefonnummer deiner Gastfamilie und deiner lokalen Betreuungsperson sollten immer griffbereit sein (und nicht nur auf deinem Handy!)<\/p>\n\n<h2>Ankunft in deinem Gastland<\/h2>\n\n<p>Wenn du an deinem Reiseziel ankommst, trifft ein STS Mitarbeiter dich am Bahnhof oder Flughafen und bringt dich zu deiner Gastfamilie. Vielleicht holt die Familie dich auch selbst ab. Wenn du die ersten Tagen bei deiner neuen Familie bist, stell ihnen viele Fragen, damit du verstehst, ob es bestimmte Regeln gibt und wie die Routinen dort sind. Zum Beispiel sollte dir klar sein, wann es Essen gibt, ob du dir jederzeit etwas aus dem K\u00fchlschrank nehmen darfst, wie du mit deiner schmutzigen W\u00e4sche umgehst, welche Aktivit\u00e4ten gemeinsam geplant werden, wer welche Aufgaben im Haushalt hat\u2026 So vermeidest du von Anfang an Missverst\u00e4ndnisse, kommst ins Gespr\u00e4ch und lernst deine neue Familie kennen.<\/p>\n\n<p>Gut zu wissen ist auch, dass wir manchmal beim Welcome Camp Fotos von unseren Sch\u00fclern machen. Diese Fotos d\u00fcrfen auf den Social Media-Kan\u00e4len von STS geteilt werden, etwa auf <a href=\"https:\/\/www.tiktok.com\/@stsworldwide\" target=\"_blank\" rel=\"noopener noreferrer\">TikTok<\/a>, <a href=\"https:\/\/www.instagram.com\/stsworldwide\/\" target=\"_blank\" rel=\"noopener noreferrer\">Instagram<\/a> und <a href=\"https:\/\/www.facebook.com\/stsworldwide\" target=\"_blank\" rel=\"noopener noreferrer\">Facebook<\/a>. Wenn du oder deine Eltern nicht m\u00f6chten, dass du auf Fotos zu sehen bist, lass es uns bitte schon vor deiner Abreise wissen.<\/p>\n<\/div><\/div><\/div>\n\n","protected":false},"excerpt":{"rendered":"","protected":false},"author":20,"featured_media":0,"parent":11013,"menu_order":0,"comment_status":"closed","ping_status":"closed","template":"templates\/template-default-with-breadcrumbs.php","meta":{"_acf_changed":false,"sts_page_background_color":"","footnotes":""},"wpw_page_folders":[83],"class_list":["post-11039","page","type-page","status-publish","hentry"],"acf":[],"yoast_head":"<!-- This site is optimized with the Yoast SEO Premium plugin v27.2 (Yoast SEO v27.3) - https:\/\/yoast.com\/product\/yoast-seo-premium-wordpress\/ -->\n<title>Wie du in dein Austauschjahr reist | STS<\/title>\n<meta name=\"description\" content=\"Die meisten Austauschsch\u00fcler:innen fliegen oder fahren alleine an ihr Reiseziel. Das Abreisedatum h\u00e4ngt von deinem Schulstart ab.\" \/>\n<meta name=\"robots\" content=\"index, follow, max-snippet:-1, max-image-preview:large, max-video-preview:-1\" \/>\n<link rel=\"canonical\" href=\"https:\/\/www.sts-education.com\/de-ch\/high-school\/waehrend-du-im-austausch-bist\/anreise-in-dein-gastland\/\" \/>\n<meta property=\"og:locale\" content=\"de_DE\" \/>\n<meta property=\"og:type\" content=\"article\" \/>\n<meta property=\"og:title\" content=\"Anreise In Dein Gastland\" \/>\n<meta property=\"og:description\" content=\"Die meisten Austauschsch\u00fcler:innen fliegen oder fahren alleine an ihr Reiseziel. Das Abreisedatum h\u00e4ngt von deinem Schulstart ab.\" \/>\n<meta property=\"og:url\" content=\"https:\/\/www.sts-education.com\/de-ch\/high-school\/waehrend-du-im-austausch-bist\/anreise-in-dein-gastland\/\" \/>\n<meta property=\"og:site_name\" content=\"STS Education\" \/>\n<meta property=\"article:modified_time\" content=\"2026-04-02T13:55:27+00:00\" \/>\n<meta property=\"og:image\" content=\"https:\/\/cdn.sts-education.com\/12568_hero_lg_xl.jpg\" \/>\n<meta name=\"twitter:card\" content=\"summary_large_image\" \/>\n<meta name=\"twitter:label1\" content=\"Gesch\u00e4tzte Lesezeit\" \/>\n\t<meta name=\"twitter:data1\" content=\"2\u00a0Minuten\" \/>\n<script type=\"application\/ld+json\" class=\"yoast-schema-graph\">{\"@context\":\"https:\\\/\\\/schema.org\",\"@graph\":[{\"@type\":\"WebPage\",\"@id\":\"https:\\\/\\\/www.sts-education.com\\\/de-ch\\\/high-school\\\/waehrend-du-im-austausch-bist\\\/anreise-in-dein-gastland\\\/\",\"url\":\"https:\\\/\\\/www.sts-education.com\\\/de-ch\\\/high-school\\\/waehrend-du-im-austausch-bist\\\/anreise-in-dein-gastland\\\/\",\"name\":\"Wie du in dein Austauschjahr reist | STS\",\"isPartOf\":{\"@id\":\"https:\\\/\\\/www.sts-education.com\\\/de-ch\\\/#website\"},\"primaryImageOfPage\":{\"@id\":\"https:\\\/\\\/www.sts-education.com\\\/de-ch\\\/high-school\\\/waehrend-du-im-austausch-bist\\\/anreise-in-dein-gastland\\\/#primaryimage\"},\"image\":{\"@id\":\"https:\\\/\\\/www.sts-education.com\\\/de-ch\\\/high-school\\\/waehrend-du-im-austausch-bist\\\/anreise-in-dein-gastland\\\/#primaryimage\"},\"thumbnailUrl\":\"https:\\\/\\\/cdn.sts-education.com\\\/12568_hero_lg_xl.jpg\",\"datePublished\":\"2025-12-16T10:12:41+00:00\",\"dateModified\":\"2026-04-02T13:55:27+00:00\",\"description\":\"Die meisten Austauschsch\u00fcler:innen fliegen oder fahren alleine an ihr Reiseziel. Das Abreisedatum h\u00e4ngt von deinem Schulstart ab.\",\"breadcrumb\":{\"@id\":\"https:\\\/\\\/www.sts-education.com\\\/de-ch\\\/high-school\\\/waehrend-du-im-austausch-bist\\\/anreise-in-dein-gastland\\\/#breadcrumb\"},\"inLanguage\":\"de-CH\",\"potentialAction\":[{\"@type\":\"ReadAction\",\"target\":[\"https:\\\/\\\/www.sts-education.com\\\/de-ch\\\/high-school\\\/waehrend-du-im-austausch-bist\\\/anreise-in-dein-gastland\\\/\"]}]},{\"@type\":\"ImageObject\",\"inLanguage\":\"de-CH\",\"@id\":\"https:\\\/\\\/www.sts-education.com\\\/de-ch\\\/high-school\\\/waehrend-du-im-austausch-bist\\\/anreise-in-dein-gastland\\\/#primaryimage\",\"url\":\"https:\\\/\\\/cdn.sts-education.com\\\/12568_hero_lg_xl.jpg\",\"contentUrl\":\"https:\\\/\\\/cdn.sts-education.com\\\/12568_hero_lg_xl.jpg\"},{\"@type\":\"BreadcrumbList\",\"@id\":\"https:\\\/\\\/www.sts-education.com\\\/de-ch\\\/high-school\\\/waehrend-du-im-austausch-bist\\\/anreise-in-dein-gastland\\\/#breadcrumb\",\"itemListElement\":[{\"@type\":\"ListItem\",\"position\":1,\"name\":\"Home\",\"item\":\"https:\\\/\\\/www.sts-education.com\\\/de-ch\\\/\"},{\"@type\":\"ListItem\",\"position\":2,\"name\":\"High School\",\"item\":\"https:\\\/\\\/www.sts-education.com\\\/de-ch\\\/high-school\\\/\"},{\"@type\":\"ListItem\",\"position\":3,\"name\":\"Waehrend Du Im Austausch Bist\",\"item\":\"https:\\\/\\\/www.sts-education.com\\\/de-ch\\\/high-school\\\/waehrend-du-im-austausch-bist\\\/\"},{\"@type\":\"ListItem\",\"position\":4,\"name\":\"Anreise In Dein Gastland\"}]},{\"@type\":\"WebSite\",\"@id\":\"https:\\\/\\\/www.sts-education.com\\\/de-ch\\\/#website\",\"url\":\"https:\\\/\\\/www.sts-education.com\\\/de-ch\\\/\",\"name\":\"STS Education\",\"description\":\"\",\"potentialAction\":[{\"@type\":\"SearchAction\",\"target\":{\"@type\":\"EntryPoint\",\"urlTemplate\":\"https:\\\/\\\/www.sts-education.com\\\/de-ch\\\/?s={search_term_string}\"},\"query-input\":{\"@type\":\"PropertyValueSpecification\",\"valueRequired\":true,\"valueName\":\"search_term_string\"}}],\"inLanguage\":\"de-CH\"}]}<\/script>\n<!-- \/ Yoast SEO Premium plugin. -->","yoast_head_json":{"title":"Wie du in dein Austauschjahr reist | STS","description":"Die meisten Austauschsch\u00fcler:innen fliegen oder fahren alleine an ihr Reiseziel. Das Abreisedatum h\u00e4ngt von deinem Schulstart ab.","robots":{"index":"index","follow":"follow","max-snippet":"max-snippet:-1","max-image-preview":"max-image-preview:large","max-video-preview":"max-video-preview:-1"},"canonical":"https:\/\/www.sts-education.com\/de-ch\/high-school\/waehrend-du-im-austausch-bist\/anreise-in-dein-gastland\/","og_locale":"de_DE","og_type":"article","og_title":"Anreise In Dein Gastland","og_description":"Die meisten Austauschsch\u00fcler:innen fliegen oder fahren alleine an ihr Reiseziel. Das Abreisedatum h\u00e4ngt von deinem Schulstart ab.","og_url":"https:\/\/www.sts-education.com\/de-ch\/high-school\/waehrend-du-im-austausch-bist\/anreise-in-dein-gastland\/","og_site_name":"STS Education","article_modified_time":"2026-04-02T13:55:27+00:00","og_image":[{"url":"https:\/\/cdn.sts-education.com\/12568_hero_lg_xl.jpg","type":"","width":"","height":""}],"twitter_card":"summary_large_image","twitter_misc":{"Gesch\u00e4tzte Lesezeit":"2\u00a0Minuten"},"schema":{"@context":"https:\/\/schema.org","@graph":[{"@type":"WebPage","@id":"https:\/\/www.sts-education.com\/de-ch\/high-school\/waehrend-du-im-austausch-bist\/anreise-in-dein-gastland\/","url":"https:\/\/www.sts-education.com\/de-ch\/high-school\/waehrend-du-im-austausch-bist\/anreise-in-dein-gastland\/","name":"Wie du in dein Austauschjahr reist | STS","isPartOf":{"@id":"https:\/\/www.sts-education.com\/de-ch\/#website"},"primaryImageOfPage":{"@id":"https:\/\/www.sts-education.com\/de-ch\/high-school\/waehrend-du-im-austausch-bist\/anreise-in-dein-gastland\/#primaryimage"},"image":{"@id":"https:\/\/www.sts-education.com\/de-ch\/high-school\/waehrend-du-im-austausch-bist\/anreise-in-dein-gastland\/#primaryimage"},"thumbnailUrl":"https:\/\/cdn.sts-education.com\/12568_hero_lg_xl.jpg","datePublished":"2025-12-16T10:12:41+00:00","dateModified":"2026-04-02T13:55:27+00:00","description":"Die meisten Austauschsch\u00fcler:innen fliegen oder fahren alleine an ihr Reiseziel. Das Abreisedatum h\u00e4ngt von deinem Schulstart ab.","breadcrumb":{"@id":"https:\/\/www.sts-education.com\/de-ch\/high-school\/waehrend-du-im-austausch-bist\/anreise-in-dein-gastland\/#breadcrumb"},"inLanguage":"de-CH","potentialAction":[{"@type":"ReadAction","target":["https:\/\/www.sts-education.com\/de-ch\/high-school\/waehrend-du-im-austausch-bist\/anreise-in-dein-gastland\/"]}]},{"@type":"ImageObject","inLanguage":"de-CH","@id":"https:\/\/www.sts-education.com\/de-ch\/high-school\/waehrend-du-im-austausch-bist\/anreise-in-dein-gastland\/#primaryimage","url":"https:\/\/cdn.sts-education.com\/12568_hero_lg_xl.jpg","contentUrl":"https:\/\/cdn.sts-education.com\/12568_hero_lg_xl.jpg"},{"@type":"BreadcrumbList","@id":"https:\/\/www.sts-education.com\/de-ch\/high-school\/waehrend-du-im-austausch-bist\/anreise-in-dein-gastland\/#breadcrumb","itemListElement":[{"@type":"ListItem","position":1,"name":"Home","item":"https:\/\/www.sts-education.com\/de-ch\/"},{"@type":"ListItem","position":2,"name":"High School","item":"https:\/\/www.sts-education.com\/de-ch\/high-school\/"},{"@type":"ListItem","position":3,"name":"Waehrend Du Im Austausch Bist","item":"https:\/\/www.sts-education.com\/de-ch\/high-school\/waehrend-du-im-austausch-bist\/"},{"@type":"ListItem","position":4,"name":"Anreise In Dein Gastland"}]},{"@type":"WebSite","@id":"https:\/\/www.sts-education.com\/de-ch\/#website","url":"https:\/\/www.sts-education.com\/de-ch\/","name":"STS Education","description":"","potentialAction":[{"@type":"SearchAction","target":{"@type":"EntryPoint","urlTemplate":"https:\/\/www.sts-education.com\/de-ch\/?s={search_term_string}"},"query-input":{"@type":"PropertyValueSpecification","valueRequired":true,"valueName":"search_term_string"}}],"inLanguage":"de-CH"}]}},"_links":{"self":[{"href":"https:\/\/www.sts-education.com\/de-ch\/wp-json\/wp\/v2\/pages\/11039","targetHints":{"allow":["GET"]}}],"collection":[{"href":"https:\/\/www.sts-education.com\/de-ch\/wp-json\/wp\/v2\/pages"}],"about":[{"href":"https:\/\/www.sts-education.com\/de-ch\/wp-json\/wp\/v2\/types\/page"}],"author":[{"embeddable":true,"href":"https:\/\/www.sts-education.com\/de-ch\/wp-json\/wp\/v2\/users\/20"}],"replies":[{"embeddable":true,"href":"https:\/\/www.sts-education.com\/de-ch\/wp-json\/wp\/v2\/comments?post=11039"}],"version-history":[{"count":2,"href":"https:\/\/www.sts-education.com\/de-ch\/wp-json\/wp\/v2\/pages\/11039\/revisions"}],"predecessor-version":[{"id":20128,"href":"https:\/\/www.sts-education.com\/de-ch\/wp-json\/wp\/v2\/pages\/11039\/revisions\/20128"}],"up":[{"embeddable":true,"href":"https:\/\/www.sts-education.com\/de-ch\/wp-json\/wp\/v2\/pages\/11013"}],"wp:attachment":[{"href":"https:\/\/www.sts-education.com\/de-ch\/wp-json\/wp\/v2\/media?parent=11039"}],"wp:term":[{"taxonomy":"wpw_page_folders","embeddable":true,"href":"https:\/\/www.sts-education.com\/de-ch\/wp-json\/wp\/v2\/wpw_page_folders?post=11039"}],"curies":[{"name":"wp","href":"https:\/\/api.w.org\/{rel}","templated":true}]}}