{"id":11040,"date":"2025-12-16T10:14:43","date_gmt":"2025-12-16T10:14:43","guid":{"rendered":"https:\/\/preprod.sts-education.com\/high-school\/waehrend-du-im-austausch-bist\/leben-in-einem-anderen-land\/"},"modified":"2026-04-02T13:55:28","modified_gmt":"2026-04-02T13:55:28","slug":"leben-in-einem-anderen-land","status":"publish","type":"page","link":"https:\/\/www.sts-education.com\/de-ch\/high-school\/waehrend-du-im-austausch-bist\/leben-in-einem-anderen-land\/","title":{"rendered":"Leben In Einem Anderen Land"},"content":{"rendered":"\n<section class=\"wp-block-sts-hero sts-block-hero is-variant-full-background has-text-light has-background-media\" style=\"--sts-hero-padding-mobile:0px;--sts-hero-padding-desktop:0px;--sts-hero-text-color:var(--wp--preset--color--base-10, #fff);\" data-variant=\"full-background\"><div class=\"sts-block-hero__background\"><picture class=\"sts-responsive-image has-fit-cover is-skeleton\"><img src=\"https:\/\/cdn.sts-education.com\/12613_hero_lg_xl.jpg\" alt=\"Leben in einem anderen Land\" loading=\"lazy\" decoding=\"async\" fetchpriority=\"low\" sizes=\"100vw\" \/><\/picture><span class=\"sts-block-hero__overlay\" aria-hidden=\"true\"><\/span><\/div><div class=\"sts-block-hero__inner\"><div class=\"sts-block-hero__content has-align-center\"><div class=\"sts-block-hero__content-inner\"><h1 class=\"sts-block-hero__heading\">Leben in einem anderen Land<\/h1><\/div><\/div><\/div><\/section>\n\n\n\n<div class=\"wp-block-sts-text sts-text-editor has-max-width-md\"><div class=\"sts-text-editor__content\"><div class=\"sts-text-editor__content-inner\">\n<p>Du profitierst sehr, wenn du eine Weile im Ausland lebst. Dich erwarten viele grossartige Erlebnisse, du machst spannende neue Erfahrungen und lernst eine neue Sprache fliessend zu sprechen. Und nat\u00fcrlich lernst du viele tolle neue Menschen kennen und f\u00fchlst dich zu Hause in einer zweiten Kultur.<\/p>\n\n<p>Nat\u00fcrlich wird vieles ungewohnt sein. Vielleicht hilfst du in deiner Gastfamilie mehr im Haushalt als deinen Eltern oder sollst abends fr\u00fcher zu Hause sein. Das Essen ist wahrscheinlich anders und vielleicht f\u00e4ngst du ein neues Hobby an, weil du dein gewohntes im Austausch nicht aus\u00fcben kannst. Und genau das macht es so spannend. Jedes Land hat seine eigene Kultur und Regeln, in denen du dich mit der Zeit ganz zu Hause f\u00fchlst.<\/p>\n\n<p>In vielen interessanten Gespr\u00e4che mit deiner Gastfamilie lernst du sie gut kennen, verstehst, wie man sich in der neuen Kultur verh\u00e4lt und was von dir erwartet wird. Deine Gastfamilie \u00fcbernimmt f\u00fcr dich die Verantwortung, w\u00e4hrend du bei ihr lebst, daher ist es wichtig, dass du zuverl\u00e4ssig bist und dich immer gut absprichst, wenn du dich verabredest.<\/p>\n\n<h2>Leben mit der Gastfamilie<\/h2>\n\n<p>Egal wo in der Welt du deinen Austausch machst, dein Lebensmittelpunkt ist in einer lokalen Gastfamilie. Bestimmt bist du ein bisschen aufgeregt, wie es wohl wird, mit Menschen zu leben, die du noch gar nicht kennst? Aber sei beruhigt, die Gastfamilie ist f\u00fcr die meisten unserer Sch\u00fcler das Wichtigste und Sch\u00f6nste an ihrem Austausch. Wir w\u00e4hlen unsere Gastfamilien sorgf\u00e4ltig aus und versuchen immer, genau die Richtige f\u00fcr dich zu finden, zusammen mit unseren Mitarbeitern und Partnern vor Ort.<\/p>\n\n<p>Alle Gastfamilien sind unterschiedlich, genau wie keine Familie bei uns wie die andere ist. Es gibt sportliche Familien, solche, die viel Zeit in ihrem Haus und Garten verbringen. Manche Familien engagieren sich ehrenamtlich oder in ihrer Kirche, es gibt Gastfamilien mit und ohne Kinder. Aber alle haben ein gemeinsames Interesse am Kulturaustausch und m\u00f6chten einem jungen Menschen diese Erfahrung erm\u00f6glichen. Eure Zeit miteinander entwickelt sich wahrscheinlich zu einer lebenslangen Freundschaft.<\/p>\n\n<p>F\u00fchl dich wie zu Hause. Erz\u00e4hle und frage viel. Bring dich in die Familie ein. Im Gegenzug erh\u00e4ltst du einmalige Einblicke in eine andere Lebensweise und Kultur, wie du sie als Tourist nie bekommen w\u00fcrdest. Vielleicht wirst du Thanksgiving in den USA oder Kanada erleben, Afternoon Tea in England trinken oder in Italien ein Fussballspiel sehen? Jedes Land hat seinen eigenen Charme und mit deiner Gastfamilie hast du die Chance alles wie die Einheimischen zu erleben.<\/p>\n\n<p>Deine Gastfamilie k\u00fcmmert sich w\u00e4hrend deines Austausches um dich und sorgt f\u00fcr Kost und Logis. Alle weiteren Kosten wie Hygieneprodukte, Fahrkarten, Freizeitaktivit\u00e4ten, Reisen oder Kleidung zahlst du von deinem Taschengeld. Die Gastfamilie entscheidet, wann du abends zu Hause sein sollst oder was deine Aufgaben im Haushalt sind. Sie freut sich, wenn du an Familienaktivit\u00e4ten and Festen teilnimmst, aber du wirst auf jeden Fall auch Zeit f\u00fcr deine eigenen Hobbys und Freunde haben.<\/p>\n\n<p><a href=\"\/de-ch\/gastfamilie\/gastfamilie-werden\/family-stories\/erfahrungen-ehemaliger-schueler-innen\/\">Das erz\u00e4hlen ehemalige Austauschsch\u00fcler \u00fcber ihre Gastfamilien!<\/a><\/p>\n<\/div><\/div><\/div>\n\n","protected":false},"excerpt":{"rendered":"","protected":false},"author":20,"featured_media":0,"parent":11013,"menu_order":0,"comment_status":"closed","ping_status":"closed","template":"templates\/template-default-with-breadcrumbs.php","meta":{"_acf_changed":false,"sts_page_background_color":"","footnotes":""},"wpw_page_folders":[83],"class_list":["post-11040","page","type-page","status-publish","hentry"],"acf":[],"yoast_head":"<!-- This site is optimized with the Yoast SEO Premium plugin v27.2 (Yoast SEO v27.3) - https:\/\/yoast.com\/product\/yoast-seo-premium-wordpress\/ -->\n<title>Wie ist es, als Gastsch\u00fcler ein Jahr im Ausland zu leben?<\/title>\n<meta name=\"description\" content=\"Das Leben in einem anderen Land wird ganz anders als alles, was du von zu Hause kennst \u2013 und das ist der gro\u00dfe Spass dabei! Die Erfahrung im Ausland bringt dir viele Vorteile.\" \/>\n<meta name=\"robots\" content=\"index, follow, max-snippet:-1, max-image-preview:large, max-video-preview:-1\" \/>\n<link rel=\"canonical\" href=\"https:\/\/www.sts-education.com\/de-ch\/high-school\/waehrend-du-im-austausch-bist\/leben-in-einem-anderen-land\/\" \/>\n<meta property=\"og:locale\" content=\"de_DE\" \/>\n<meta property=\"og:type\" content=\"article\" \/>\n<meta property=\"og:title\" content=\"Leben In Einem Anderen Land\" \/>\n<meta property=\"og:description\" content=\"Das Leben in einem anderen Land wird ganz anders als alles, was du von zu Hause kennst \u2013 und das ist der gro\u00dfe Spass dabei! Die Erfahrung im Ausland bringt dir viele Vorteile.\" \/>\n<meta property=\"og:url\" content=\"https:\/\/www.sts-education.com\/de-ch\/high-school\/waehrend-du-im-austausch-bist\/leben-in-einem-anderen-land\/\" \/>\n<meta property=\"og:site_name\" content=\"STS Education\" \/>\n<meta property=\"article:modified_time\" content=\"2026-04-02T13:55:28+00:00\" \/>\n<meta property=\"og:image\" content=\"https:\/\/cdn.sts-education.com\/12613_hero_lg_xl.jpg\" \/>\n<meta name=\"twitter:card\" content=\"summary_large_image\" \/>\n<meta name=\"twitter:label1\" content=\"Gesch\u00e4tzte Lesezeit\" \/>\n\t<meta name=\"twitter:data1\" content=\"3\u00a0Minuten\" \/>\n<script type=\"application\/ld+json\" class=\"yoast-schema-graph\">{\"@context\":\"https:\\\/\\\/schema.org\",\"@graph\":[{\"@type\":\"WebPage\",\"@id\":\"https:\\\/\\\/www.sts-education.com\\\/de-ch\\\/high-school\\\/waehrend-du-im-austausch-bist\\\/leben-in-einem-anderen-land\\\/\",\"url\":\"https:\\\/\\\/www.sts-education.com\\\/de-ch\\\/high-school\\\/waehrend-du-im-austausch-bist\\\/leben-in-einem-anderen-land\\\/\",\"name\":\"Wie ist es, als Gastsch\u00fcler ein Jahr im Ausland zu leben?\",\"isPartOf\":{\"@id\":\"https:\\\/\\\/www.sts-education.com\\\/de-ch\\\/#website\"},\"primaryImageOfPage\":{\"@id\":\"https:\\\/\\\/www.sts-education.com\\\/de-ch\\\/high-school\\\/waehrend-du-im-austausch-bist\\\/leben-in-einem-anderen-land\\\/#primaryimage\"},\"image\":{\"@id\":\"https:\\\/\\\/www.sts-education.com\\\/de-ch\\\/high-school\\\/waehrend-du-im-austausch-bist\\\/leben-in-einem-anderen-land\\\/#primaryimage\"},\"thumbnailUrl\":\"https:\\\/\\\/cdn.sts-education.com\\\/12613_hero_lg_xl.jpg\",\"datePublished\":\"2025-12-16T10:14:43+00:00\",\"dateModified\":\"2026-04-02T13:55:28+00:00\",\"description\":\"Das Leben in einem anderen Land wird ganz anders als alles, was du von zu Hause kennst \u2013 und das ist der gro\u00dfe Spass dabei! Die Erfahrung im Ausland bringt dir viele Vorteile.\",\"breadcrumb\":{\"@id\":\"https:\\\/\\\/www.sts-education.com\\\/de-ch\\\/high-school\\\/waehrend-du-im-austausch-bist\\\/leben-in-einem-anderen-land\\\/#breadcrumb\"},\"inLanguage\":\"de-CH\",\"potentialAction\":[{\"@type\":\"ReadAction\",\"target\":[\"https:\\\/\\\/www.sts-education.com\\\/de-ch\\\/high-school\\\/waehrend-du-im-austausch-bist\\\/leben-in-einem-anderen-land\\\/\"]}]},{\"@type\":\"ImageObject\",\"inLanguage\":\"de-CH\",\"@id\":\"https:\\\/\\\/www.sts-education.com\\\/de-ch\\\/high-school\\\/waehrend-du-im-austausch-bist\\\/leben-in-einem-anderen-land\\\/#primaryimage\",\"url\":\"https:\\\/\\\/cdn.sts-education.com\\\/12613_hero_lg_xl.jpg\",\"contentUrl\":\"https:\\\/\\\/cdn.sts-education.com\\\/12613_hero_lg_xl.jpg\"},{\"@type\":\"BreadcrumbList\",\"@id\":\"https:\\\/\\\/www.sts-education.com\\\/de-ch\\\/high-school\\\/waehrend-du-im-austausch-bist\\\/leben-in-einem-anderen-land\\\/#breadcrumb\",\"itemListElement\":[{\"@type\":\"ListItem\",\"position\":1,\"name\":\"Home\",\"item\":\"https:\\\/\\\/www.sts-education.com\\\/de-ch\\\/\"},{\"@type\":\"ListItem\",\"position\":2,\"name\":\"High School\",\"item\":\"https:\\\/\\\/www.sts-education.com\\\/de-ch\\\/high-school\\\/\"},{\"@type\":\"ListItem\",\"position\":3,\"name\":\"Waehrend Du Im Austausch Bist\",\"item\":\"https:\\\/\\\/www.sts-education.com\\\/de-ch\\\/high-school\\\/waehrend-du-im-austausch-bist\\\/\"},{\"@type\":\"ListItem\",\"position\":4,\"name\":\"Leben In Einem Anderen Land\"}]},{\"@type\":\"WebSite\",\"@id\":\"https:\\\/\\\/www.sts-education.com\\\/de-ch\\\/#website\",\"url\":\"https:\\\/\\\/www.sts-education.com\\\/de-ch\\\/\",\"name\":\"STS Education\",\"description\":\"\",\"potentialAction\":[{\"@type\":\"SearchAction\",\"target\":{\"@type\":\"EntryPoint\",\"urlTemplate\":\"https:\\\/\\\/www.sts-education.com\\\/de-ch\\\/?s={search_term_string}\"},\"query-input\":{\"@type\":\"PropertyValueSpecification\",\"valueRequired\":true,\"valueName\":\"search_term_string\"}}],\"inLanguage\":\"de-CH\"}]}<\/script>\n<!-- \/ Yoast SEO Premium plugin. -->","yoast_head_json":{"title":"Wie ist es, als Gastsch\u00fcler ein Jahr im Ausland zu leben?","description":"Das Leben in einem anderen Land wird ganz anders als alles, was du von zu Hause kennst \u2013 und das ist der gro\u00dfe Spass dabei! Die Erfahrung im Ausland bringt dir viele Vorteile.","robots":{"index":"index","follow":"follow","max-snippet":"max-snippet:-1","max-image-preview":"max-image-preview:large","max-video-preview":"max-video-preview:-1"},"canonical":"https:\/\/www.sts-education.com\/de-ch\/high-school\/waehrend-du-im-austausch-bist\/leben-in-einem-anderen-land\/","og_locale":"de_DE","og_type":"article","og_title":"Leben In Einem Anderen Land","og_description":"Das Leben in einem anderen Land wird ganz anders als alles, was du von zu Hause kennst \u2013 und das ist der gro\u00dfe Spass dabei! Die Erfahrung im Ausland bringt dir viele Vorteile.","og_url":"https:\/\/www.sts-education.com\/de-ch\/high-school\/waehrend-du-im-austausch-bist\/leben-in-einem-anderen-land\/","og_site_name":"STS Education","article_modified_time":"2026-04-02T13:55:28+00:00","og_image":[{"url":"https:\/\/cdn.sts-education.com\/12613_hero_lg_xl.jpg","type":"","width":"","height":""}],"twitter_card":"summary_large_image","twitter_misc":{"Gesch\u00e4tzte Lesezeit":"3\u00a0Minuten"},"schema":{"@context":"https:\/\/schema.org","@graph":[{"@type":"WebPage","@id":"https:\/\/www.sts-education.com\/de-ch\/high-school\/waehrend-du-im-austausch-bist\/leben-in-einem-anderen-land\/","url":"https:\/\/www.sts-education.com\/de-ch\/high-school\/waehrend-du-im-austausch-bist\/leben-in-einem-anderen-land\/","name":"Wie ist es, als Gastsch\u00fcler ein Jahr im Ausland zu leben?","isPartOf":{"@id":"https:\/\/www.sts-education.com\/de-ch\/#website"},"primaryImageOfPage":{"@id":"https:\/\/www.sts-education.com\/de-ch\/high-school\/waehrend-du-im-austausch-bist\/leben-in-einem-anderen-land\/#primaryimage"},"image":{"@id":"https:\/\/www.sts-education.com\/de-ch\/high-school\/waehrend-du-im-austausch-bist\/leben-in-einem-anderen-land\/#primaryimage"},"thumbnailUrl":"https:\/\/cdn.sts-education.com\/12613_hero_lg_xl.jpg","datePublished":"2025-12-16T10:14:43+00:00","dateModified":"2026-04-02T13:55:28+00:00","description":"Das Leben in einem anderen Land wird ganz anders als alles, was du von zu Hause kennst \u2013 und das ist der gro\u00dfe Spass dabei! Die Erfahrung im Ausland bringt dir viele Vorteile.","breadcrumb":{"@id":"https:\/\/www.sts-education.com\/de-ch\/high-school\/waehrend-du-im-austausch-bist\/leben-in-einem-anderen-land\/#breadcrumb"},"inLanguage":"de-CH","potentialAction":[{"@type":"ReadAction","target":["https:\/\/www.sts-education.com\/de-ch\/high-school\/waehrend-du-im-austausch-bist\/leben-in-einem-anderen-land\/"]}]},{"@type":"ImageObject","inLanguage":"de-CH","@id":"https:\/\/www.sts-education.com\/de-ch\/high-school\/waehrend-du-im-austausch-bist\/leben-in-einem-anderen-land\/#primaryimage","url":"https:\/\/cdn.sts-education.com\/12613_hero_lg_xl.jpg","contentUrl":"https:\/\/cdn.sts-education.com\/12613_hero_lg_xl.jpg"},{"@type":"BreadcrumbList","@id":"https:\/\/www.sts-education.com\/de-ch\/high-school\/waehrend-du-im-austausch-bist\/leben-in-einem-anderen-land\/#breadcrumb","itemListElement":[{"@type":"ListItem","position":1,"name":"Home","item":"https:\/\/www.sts-education.com\/de-ch\/"},{"@type":"ListItem","position":2,"name":"High School","item":"https:\/\/www.sts-education.com\/de-ch\/high-school\/"},{"@type":"ListItem","position":3,"name":"Waehrend Du Im Austausch Bist","item":"https:\/\/www.sts-education.com\/de-ch\/high-school\/waehrend-du-im-austausch-bist\/"},{"@type":"ListItem","position":4,"name":"Leben In Einem Anderen Land"}]},{"@type":"WebSite","@id":"https:\/\/www.sts-education.com\/de-ch\/#website","url":"https:\/\/www.sts-education.com\/de-ch\/","name":"STS Education","description":"","potentialAction":[{"@type":"SearchAction","target":{"@type":"EntryPoint","urlTemplate":"https:\/\/www.sts-education.com\/de-ch\/?s={search_term_string}"},"query-input":{"@type":"PropertyValueSpecification","valueRequired":true,"valueName":"search_term_string"}}],"inLanguage":"de-CH"}]}},"_links":{"self":[{"href":"https:\/\/www.sts-education.com\/de-ch\/wp-json\/wp\/v2\/pages\/11040","targetHints":{"allow":["GET"]}}],"collection":[{"href":"https:\/\/www.sts-education.com\/de-ch\/wp-json\/wp\/v2\/pages"}],"about":[{"href":"https:\/\/www.sts-education.com\/de-ch\/wp-json\/wp\/v2\/types\/page"}],"author":[{"embeddable":true,"href":"https:\/\/www.sts-education.com\/de-ch\/wp-json\/wp\/v2\/users\/20"}],"replies":[{"embeddable":true,"href":"https:\/\/www.sts-education.com\/de-ch\/wp-json\/wp\/v2\/comments?post=11040"}],"version-history":[{"count":2,"href":"https:\/\/www.sts-education.com\/de-ch\/wp-json\/wp\/v2\/pages\/11040\/revisions"}],"predecessor-version":[{"id":20152,"href":"https:\/\/www.sts-education.com\/de-ch\/wp-json\/wp\/v2\/pages\/11040\/revisions\/20152"}],"up":[{"embeddable":true,"href":"https:\/\/www.sts-education.com\/de-ch\/wp-json\/wp\/v2\/pages\/11013"}],"wp:attachment":[{"href":"https:\/\/www.sts-education.com\/de-ch\/wp-json\/wp\/v2\/media?parent=11040"}],"wp:term":[{"taxonomy":"wpw_page_folders","embeddable":true,"href":"https:\/\/www.sts-education.com\/de-ch\/wp-json\/wp\/v2\/wpw_page_folders?post=11040"}],"curies":[{"name":"wp","href":"https:\/\/api.w.org\/{rel}","templated":true}]}}