{"id":11043,"date":"2025-12-16T10:16:36","date_gmt":"2025-12-16T10:16:36","guid":{"rendered":"https:\/\/preprod.sts-education.com\/high-school\/waehrend-du-im-austausch-bist\/wieder-zu-hause\/"},"modified":"2026-04-14T10:04:30","modified_gmt":"2026-04-14T10:04:30","slug":"wieder-zu-hause","status":"publish","type":"page","link":"https:\/\/www.sts-education.com\/de-ch\/high-school\/waehrend-du-im-austausch-bist\/wieder-zu-hause\/","title":{"rendered":"Wieder Zu Hause"},"content":{"rendered":"\n<section class=\"wp-block-sts-hero sts-block-hero is-variant-full-background has-text-light has-background-media\" style=\"--sts-hero-padding-mobile:0px;--sts-hero-padding-desktop:0px;--sts-hero-text-color:var(--wp--preset--color--base-10, #fff);\" data-variant=\"full-background\"><div class=\"sts-block-hero__background\"><picture class=\"sts-responsive-image has-fit-cover is-skeleton\"><img src=\"https:\/\/cdn.sts-education.com\/12573_hero_lg_xl.jpg\" alt=\"Wieder zu Hause\" loading=\"lazy\" decoding=\"async\" fetchpriority=\"low\" sizes=\"100vw\" \/><\/picture><span class=\"sts-block-hero__overlay\" aria-hidden=\"true\"><\/span><\/div><div class=\"sts-block-hero__inner\"><div class=\"sts-block-hero__content has-align-center\"><div class=\"sts-block-hero__content-inner\"><h1 class=\"sts-block-hero__heading\">Wieder zu Hause<\/h1><\/div><\/div><\/div><\/section>\n\n\n\n<div class=\"wp-block-sts-text sts-text-editor has-max-width-md\"><div class=\"sts-text-editor__content\"><div class=\"sts-text-editor__content-inner\">\n<p>Du kehrst innerhalb von 10 Tagen nach deinem letzten Schultag nach Hause zur\u00fcck. Wahrscheinlich erleben deine Freunde und Familie dich als ganz andere Person, als du vor deinem Austausch warst. Du hast dich in der Zeit im Ausland sehr ver\u00e4ndert, hast neue Perspektiven, vielleicht auch Vorlieben gewonnen und dich st\u00e4rker entwickelt als die, die zur\u00fcckgeblieben sind. Deine Eltern finden dich viel erwachsener und deine Freunde wollen alles h\u00f6ren, was du in diesem Jahr erlebt hast.<\/p>\n<p>Manche Austauschsch\u00fcler erleben einen umgekehrten Kulturschock, wenn sie nach Hause kommen und vermissen ihre Gastfamilie und die Kultur ihres Gastlandes. Unser Tipp ist, mit deinem Gastland und deinen neuen Freunden in Kontakt zu bleiben. Ausserdem hast du nun die Chance, als <a href=\"https:\/\/www.sts-education.com\/de-ch\/ueber-sts\/karriere\/\">STS Ambassador<\/a> an unseren Infomeetings und Veranstaltungen f\u00fcr neue Sch\u00fcler teilzunehmen, dort von deinen Erfahrungen zu berichten und andere zu inspirieren.<\/p>\n<p>Du k\u00f6nntest auch als <a href=\"https:\/\/www.sts-education.com\/de-ch\/ueber-sts\/karriere\/\">Lokale Betreuung<\/a> oder sogar direkt im STS B\u00fcro arbeiten und neue Austauschsch\u00fcler auf die Reise ihres Lebens begleiten. Hier findest du unsere <a href=\"https:\/\/www.sts-education.com\/de-ch\/ueber-sts\/karriere\/\">Stellenausschreibungen<\/a> und die Chance auf ein Praktikum bei uns.<\/p>\n<p>Denk immer daran: \u201cWeine nicht, weil es vorbei ist \u2013 L\u00e4chle, weil es so sch\u00f6n war!\u201d<\/p>\n<h2>Dein Feedback ist wichtig<\/h2>\n<p>Wir lieben eure Erfahrungsberichte und freuen uns immer \u00fcber eure Geschichten und Meinungen. Wenn du wieder zu Hause angekommen bist, schicken wir dir eine E-Mail mit ein paar Fragen zu deiner Austauscherfahrung. Deine Kommentare sind sehr wertvoll f\u00fcr unsere Arbeit, denn wir versuchen immer, eure Anregungen umzusetzen, um zuk\u00fcnftigen Austauschsch\u00fclern ein tolles Erlebnis zu bieten.<\/p>\n<\/div><\/div><\/div>\n","protected":false},"excerpt":{"rendered":"","protected":false},"author":20,"featured_media":15414,"parent":11013,"menu_order":0,"comment_status":"closed","ping_status":"closed","template":"templates\/template-default-with-breadcrumbs.php","meta":{"_acf_changed":false,"sts_page_background_color":"","footnotes":""},"wpw_page_folders":[83],"class_list":["post-11043","page","type-page","status-publish","has-post-thumbnail","hentry"],"acf":[],"yoast_head":"<!-- This site is optimized with the Yoast SEO Premium plugin v27.2 (Yoast SEO v27.3) - https:\/\/yoast.com\/product\/yoast-seo-premium-wordpress\/ -->\n<title>Wenn du von deinem Austauschjahr zur\u00fcckkehrst | STS<\/title>\n<meta name=\"description\" content=\"Manche Austauschsch\u00fcler:innen erleben nach der R\u00fcckkehr einen umgekehrten Kulturschock. Sie vermissen ihre Gastfamilie und die Kultur ihres Gastlandes.\" \/>\n<meta name=\"robots\" content=\"index, follow, max-snippet:-1, max-image-preview:large, max-video-preview:-1\" \/>\n<link rel=\"canonical\" href=\"https:\/\/www.sts-education.com\/de-ch\/high-school\/waehrend-du-im-austausch-bist\/wieder-zu-hause\/\" \/>\n<meta property=\"og:locale\" content=\"de_DE\" \/>\n<meta property=\"og:type\" content=\"article\" \/>\n<meta property=\"og:title\" content=\"Wieder Zu Hause\" \/>\n<meta property=\"og:description\" content=\"Manche Austauschsch\u00fcler:innen erleben nach der R\u00fcckkehr einen umgekehrten Kulturschock. Sie vermissen ihre Gastfamilie und die Kultur ihres Gastlandes.\" \/>\n<meta property=\"og:url\" content=\"https:\/\/www.sts-education.com\/de-ch\/high-school\/waehrend-du-im-austausch-bist\/wieder-zu-hause\/\" \/>\n<meta property=\"og:site_name\" content=\"STS Education\" \/>\n<meta property=\"article:modified_time\" content=\"2026-04-14T10:04:30+00:00\" \/>\n<meta property=\"og:image\" content=\"https:\/\/powered-by.qbank.se\/educatius\/sts\/\/282984b385d80166ba0d4f32a7843f53_1-1-thumb.webp\" \/>\n\t<meta property=\"og:image:width\" content=\"150\" \/>\n\t<meta property=\"og:image:height\" content=\"150\" \/>\n\t<meta property=\"og:image:type\" content=\"image\/jpeg\" \/>\n<meta name=\"twitter:card\" content=\"summary_large_image\" \/>\n<meta name=\"twitter:label1\" content=\"Gesch\u00e4tzte Lesezeit\" \/>\n\t<meta name=\"twitter:data1\" content=\"1\u00a0Minute\" \/>\n<script type=\"application\/ld+json\" class=\"yoast-schema-graph\">{\"@context\":\"https:\\\/\\\/schema.org\",\"@graph\":[{\"@type\":\"WebPage\",\"@id\":\"https:\\\/\\\/www.sts-education.com\\\/de-ch\\\/high-school\\\/waehrend-du-im-austausch-bist\\\/wieder-zu-hause\\\/\",\"url\":\"https:\\\/\\\/www.sts-education.com\\\/de-ch\\\/high-school\\\/waehrend-du-im-austausch-bist\\\/wieder-zu-hause\\\/\",\"name\":\"Wenn du von deinem Austauschjahr zur\u00fcckkehrst | STS\",\"isPartOf\":{\"@id\":\"https:\\\/\\\/www.sts-education.com\\\/de-ch\\\/#website\"},\"primaryImageOfPage\":{\"@id\":\"https:\\\/\\\/www.sts-education.com\\\/de-ch\\\/high-school\\\/waehrend-du-im-austausch-bist\\\/wieder-zu-hause\\\/#primaryimage\"},\"image\":{\"@id\":\"https:\\\/\\\/www.sts-education.com\\\/de-ch\\\/high-school\\\/waehrend-du-im-austausch-bist\\\/wieder-zu-hause\\\/#primaryimage\"},\"thumbnailUrl\":\"https:\\\/\\\/powered-by.qbank.se\\\/educatius\\\/sts\\\/\\\/282984b385d80166ba0d4f32a7843f53_1-1-thumb.webp\",\"datePublished\":\"2025-12-16T10:16:36+00:00\",\"dateModified\":\"2026-04-14T10:04:30+00:00\",\"description\":\"Manche Austauschsch\u00fcler:innen erleben nach der R\u00fcckkehr einen umgekehrten Kulturschock. Sie vermissen ihre Gastfamilie und die Kultur ihres Gastlandes.\",\"breadcrumb\":{\"@id\":\"https:\\\/\\\/www.sts-education.com\\\/de-ch\\\/high-school\\\/waehrend-du-im-austausch-bist\\\/wieder-zu-hause\\\/#breadcrumb\"},\"inLanguage\":\"de-CH\",\"potentialAction\":[{\"@type\":\"ReadAction\",\"target\":[\"https:\\\/\\\/www.sts-education.com\\\/de-ch\\\/high-school\\\/waehrend-du-im-austausch-bist\\\/wieder-zu-hause\\\/\"]}]},{\"@type\":\"ImageObject\",\"inLanguage\":\"de-CH\",\"@id\":\"https:\\\/\\\/www.sts-education.com\\\/de-ch\\\/high-school\\\/waehrend-du-im-austausch-bist\\\/wieder-zu-hause\\\/#primaryimage\",\"url\":\"https:\\\/\\\/powered-by.qbank.se\\\/educatius\\\/sts\\\/\\\/282984b385d80166ba0d4f32a7843f53_1-1-thumb.webp\",\"contentUrl\":\"https:\\\/\\\/powered-by.qbank.se\\\/educatius\\\/sts\\\/\\\/282984b385d80166ba0d4f32a7843f53_1-1-thumb.webp\",\"width\":150,\"height\":150},{\"@type\":\"BreadcrumbList\",\"@id\":\"https:\\\/\\\/www.sts-education.com\\\/de-ch\\\/high-school\\\/waehrend-du-im-austausch-bist\\\/wieder-zu-hause\\\/#breadcrumb\",\"itemListElement\":[{\"@type\":\"ListItem\",\"position\":1,\"name\":\"Home\",\"item\":\"https:\\\/\\\/www.sts-education.com\\\/de-ch\\\/\"},{\"@type\":\"ListItem\",\"position\":2,\"name\":\"High School\",\"item\":\"https:\\\/\\\/www.sts-education.com\\\/de-ch\\\/high-school\\\/\"},{\"@type\":\"ListItem\",\"position\":3,\"name\":\"Waehrend Du Im Austausch Bist\",\"item\":\"https:\\\/\\\/www.sts-education.com\\\/de-ch\\\/high-school\\\/waehrend-du-im-austausch-bist\\\/\"},{\"@type\":\"ListItem\",\"position\":4,\"name\":\"Wieder Zu Hause\"}]},{\"@type\":\"WebSite\",\"@id\":\"https:\\\/\\\/www.sts-education.com\\\/de-ch\\\/#website\",\"url\":\"https:\\\/\\\/www.sts-education.com\\\/de-ch\\\/\",\"name\":\"STS Education\",\"description\":\"\",\"potentialAction\":[{\"@type\":\"SearchAction\",\"target\":{\"@type\":\"EntryPoint\",\"urlTemplate\":\"https:\\\/\\\/www.sts-education.com\\\/de-ch\\\/?s={search_term_string}\"},\"query-input\":{\"@type\":\"PropertyValueSpecification\",\"valueRequired\":true,\"valueName\":\"search_term_string\"}}],\"inLanguage\":\"de-CH\"}]}<\/script>\n<!-- \/ Yoast SEO Premium plugin. -->","yoast_head_json":{"title":"Wenn du von deinem Austauschjahr zur\u00fcckkehrst | STS","description":"Manche Austauschsch\u00fcler:innen erleben nach der R\u00fcckkehr einen umgekehrten Kulturschock. Sie vermissen ihre Gastfamilie und die Kultur ihres Gastlandes.","robots":{"index":"index","follow":"follow","max-snippet":"max-snippet:-1","max-image-preview":"max-image-preview:large","max-video-preview":"max-video-preview:-1"},"canonical":"https:\/\/www.sts-education.com\/de-ch\/high-school\/waehrend-du-im-austausch-bist\/wieder-zu-hause\/","og_locale":"de_DE","og_type":"article","og_title":"Wieder Zu Hause","og_description":"Manche Austauschsch\u00fcler:innen erleben nach der R\u00fcckkehr einen umgekehrten Kulturschock. Sie vermissen ihre Gastfamilie und die Kultur ihres Gastlandes.","og_url":"https:\/\/www.sts-education.com\/de-ch\/high-school\/waehrend-du-im-austausch-bist\/wieder-zu-hause\/","og_site_name":"STS Education","article_modified_time":"2026-04-14T10:04:30+00:00","og_image":[{"width":150,"height":150,"url":"https:\/\/powered-by.qbank.se\/educatius\/sts\/\/282984b385d80166ba0d4f32a7843f53_1-1-thumb.webp","type":"image\/jpeg"}],"twitter_card":"summary_large_image","twitter_misc":{"Gesch\u00e4tzte Lesezeit":"1\u00a0Minute"},"schema":{"@context":"https:\/\/schema.org","@graph":[{"@type":"WebPage","@id":"https:\/\/www.sts-education.com\/de-ch\/high-school\/waehrend-du-im-austausch-bist\/wieder-zu-hause\/","url":"https:\/\/www.sts-education.com\/de-ch\/high-school\/waehrend-du-im-austausch-bist\/wieder-zu-hause\/","name":"Wenn du von deinem Austauschjahr zur\u00fcckkehrst | STS","isPartOf":{"@id":"https:\/\/www.sts-education.com\/de-ch\/#website"},"primaryImageOfPage":{"@id":"https:\/\/www.sts-education.com\/de-ch\/high-school\/waehrend-du-im-austausch-bist\/wieder-zu-hause\/#primaryimage"},"image":{"@id":"https:\/\/www.sts-education.com\/de-ch\/high-school\/waehrend-du-im-austausch-bist\/wieder-zu-hause\/#primaryimage"},"thumbnailUrl":"https:\/\/powered-by.qbank.se\/educatius\/sts\/\/282984b385d80166ba0d4f32a7843f53_1-1-thumb.webp","datePublished":"2025-12-16T10:16:36+00:00","dateModified":"2026-04-14T10:04:30+00:00","description":"Manche Austauschsch\u00fcler:innen erleben nach der R\u00fcckkehr einen umgekehrten Kulturschock. Sie vermissen ihre Gastfamilie und die Kultur ihres Gastlandes.","breadcrumb":{"@id":"https:\/\/www.sts-education.com\/de-ch\/high-school\/waehrend-du-im-austausch-bist\/wieder-zu-hause\/#breadcrumb"},"inLanguage":"de-CH","potentialAction":[{"@type":"ReadAction","target":["https:\/\/www.sts-education.com\/de-ch\/high-school\/waehrend-du-im-austausch-bist\/wieder-zu-hause\/"]}]},{"@type":"ImageObject","inLanguage":"de-CH","@id":"https:\/\/www.sts-education.com\/de-ch\/high-school\/waehrend-du-im-austausch-bist\/wieder-zu-hause\/#primaryimage","url":"https:\/\/powered-by.qbank.se\/educatius\/sts\/\/282984b385d80166ba0d4f32a7843f53_1-1-thumb.webp","contentUrl":"https:\/\/powered-by.qbank.se\/educatius\/sts\/\/282984b385d80166ba0d4f32a7843f53_1-1-thumb.webp","width":150,"height":150},{"@type":"BreadcrumbList","@id":"https:\/\/www.sts-education.com\/de-ch\/high-school\/waehrend-du-im-austausch-bist\/wieder-zu-hause\/#breadcrumb","itemListElement":[{"@type":"ListItem","position":1,"name":"Home","item":"https:\/\/www.sts-education.com\/de-ch\/"},{"@type":"ListItem","position":2,"name":"High School","item":"https:\/\/www.sts-education.com\/de-ch\/high-school\/"},{"@type":"ListItem","position":3,"name":"Waehrend Du Im Austausch Bist","item":"https:\/\/www.sts-education.com\/de-ch\/high-school\/waehrend-du-im-austausch-bist\/"},{"@type":"ListItem","position":4,"name":"Wieder Zu Hause"}]},{"@type":"WebSite","@id":"https:\/\/www.sts-education.com\/de-ch\/#website","url":"https:\/\/www.sts-education.com\/de-ch\/","name":"STS Education","description":"","potentialAction":[{"@type":"SearchAction","target":{"@type":"EntryPoint","urlTemplate":"https:\/\/www.sts-education.com\/de-ch\/?s={search_term_string}"},"query-input":{"@type":"PropertyValueSpecification","valueRequired":true,"valueName":"search_term_string"}}],"inLanguage":"de-CH"}]}},"_links":{"self":[{"href":"https:\/\/www.sts-education.com\/de-ch\/wp-json\/wp\/v2\/pages\/11043","targetHints":{"allow":["GET"]}}],"collection":[{"href":"https:\/\/www.sts-education.com\/de-ch\/wp-json\/wp\/v2\/pages"}],"about":[{"href":"https:\/\/www.sts-education.com\/de-ch\/wp-json\/wp\/v2\/types\/page"}],"author":[{"embeddable":true,"href":"https:\/\/www.sts-education.com\/de-ch\/wp-json\/wp\/v2\/users\/20"}],"replies":[{"embeddable":true,"href":"https:\/\/www.sts-education.com\/de-ch\/wp-json\/wp\/v2\/comments?post=11043"}],"version-history":[{"count":4,"href":"https:\/\/www.sts-education.com\/de-ch\/wp-json\/wp\/v2\/pages\/11043\/revisions"}],"predecessor-version":[{"id":33643,"href":"https:\/\/www.sts-education.com\/de-ch\/wp-json\/wp\/v2\/pages\/11043\/revisions\/33643"}],"up":[{"embeddable":true,"href":"https:\/\/www.sts-education.com\/de-ch\/wp-json\/wp\/v2\/pages\/11013"}],"wp:featuredmedia":[{"embeddable":true,"href":"https:\/\/www.sts-education.com\/de-ch\/wp-json\/wp\/v2\/media\/15414"}],"wp:attachment":[{"href":"https:\/\/www.sts-education.com\/de-ch\/wp-json\/wp\/v2\/media?parent=11043"}],"wp:term":[{"taxonomy":"wpw_page_folders","embeddable":true,"href":"https:\/\/www.sts-education.com\/de-ch\/wp-json\/wp\/v2\/wpw_page_folders?post=11043"}],"curies":[{"name":"wp","href":"https:\/\/api.w.org\/{rel}","templated":true}]}}