{"id":10554,"date":"2025-12-16T10:37:52","date_gmt":"2025-12-16T10:37:52","guid":{"rendered":"https:\/\/preprod.sts-education.com\/high-school\/unsere-austauschschueler\/"},"modified":"2026-04-15T09:36:05","modified_gmt":"2026-04-15T09:36:05","slug":"unsere-austauschschueler","status":"publish","type":"page","link":"https:\/\/www.sts-education.com\/de-de\/high-school\/unsere-austauschschueler\/","title":{"rendered":"Unsere Austauschschueler"},"content":{"rendered":"\n<section class=\"wp-block-sts-hero sts-block-hero is-variant-full-background has-text-light has-background-media\" style=\"--sts-hero-padding-mobile:0px;--sts-hero-padding-desktop:0px;--sts-hero-text-color:var(--wp--preset--color--base-10, #fff);\" data-variant=\"full-background\"><div class=\"sts-block-hero__background\"><picture class=\"sts-responsive-image has-fit-cover is-skeleton\"><img src=\"https:\/\/cdn.sts-education.com\/11075_hero_lg_xl.jpg\" alt=\"Sch\u00fclergeschichten\" loading=\"lazy\" decoding=\"async\" fetchpriority=\"low\" sizes=\"100vw\" \/><\/picture><span class=\"sts-block-hero__overlay\" aria-hidden=\"true\"><\/span><\/div><div class=\"sts-block-hero__inner\"><div class=\"sts-block-hero__content has-align-center\"><div class=\"sts-block-hero__content-inner\"><h1 class=\"sts-block-hero__heading\">Sch\u00fclergeschichten<\/h1><\/div><\/div><\/div><\/section>\n\n\n\n<div class=\"wp-block-sts-text sts-text-editor has-max-width-md\"><div class=\"sts-text-editor__content\"><div class=\"sts-text-editor__content-inner\">\n<p>Wie ist es jetzt wirklich im Austausch? Keiner kann das besser beschreiben als die Jungs und M\u00e4dchen, die ein solches Abenteuer selbst machen. Deswegen \u00fcberlassen wir regelm\u00e4\u00dfig den Gastsch\u00fclern unsere Social Media-Kan\u00e4le wie <a href=\"https:\/\/www.instagram.com\/stsworldwide\/\" target=\"_blank\" rel=\"noopener noreferrer\">Instagram<\/a> und <a href=\"https:\/\/www.tiktok.com\/@stsworldwide\" target=\"_blank\" rel=\"noopener noreferrer\">TikTok<\/a>, wo sie erz\u00e4hlen, was sie im Austauschjahr erleben oder erlebt haben. Sie berichten \u00fcber ihre Vorbereitungen, Gedanken und Gef\u00fchle vor der Abreise, geben dir Tipps f\u00fcrs Kofferpacken, lassen dich an ihrem Austausch live teilhaben oder teilen ihre sch\u00f6nsten Momente am Ende der Reise. Sei dabei und folge uns unter den Hashtags #stseducation und #stsgermany.<\/p>\n\n<h2>M\u00f6chtest du deine Austauscherlebnisse teilen?<\/h2>\n\n<p>Hast auch du Lust, deine Erlebnisse auf unseren Channels zu teilen? Schick eine E-Mail an <a href=\"mailto:social.media@sts-education.com\">social.media@sts-education.com<\/a> und schreib uns, ob du auf Instagram, TikTok oder auf dem Blog aktiv werden m\u00f6chtest. Vielleicht wirst du unser n\u00e4chster Social Media Star \ud83d\ude0a.<\/p>\n<\/div><\/div><\/div>\n\n\n\n<figure class=\"wp-block-sts-image sts-block-image sts-block-image--count-1 has-max-width-md\" data-count=\"1\"><div class=\"sts-block-image__grid\"><div class=\"sts-block-image__item\"><picture class=\"sts-responsive-image has-fit-cover has-pos-top is-skeleton\"><img src=\"https:\/\/cdn.sts-education.com\/11186_hero_md.jpg\" alt=\"Sch\u00fclergeschichten\" loading=\"lazy\" decoding=\"async\" fetchpriority=\"low\" sizes=\"(max-width: 736px) 100vw, 736px\"\/><\/picture><\/div><\/div><\/figure>\n\n\n\n<div class=\"wp-block-sts-text sts-text-editor has-max-width-md\"><div class=\"sts-text-editor__content\"><div class=\"sts-text-editor__content-inner\">\n<p><br\/>&quot;Meine Freunde, meine Gastfamilie, die Natur und alles was dazugeh\u00f6rt hat mich abgelenkt und vergessen lassen, dass es noch etwas anderes gibt. Es war mein neues Zuhause. Ich hatte nicht einen Tag Heimweh! Dieses Erlebnis war unbeschreiblich und ich w\u00fcrde es sofort wiederholen. STS hat mir sehr geholfen und war bei der Vorbereitung unterst\u00fctzend und hat mir viel Last abgenommen.Ich kann es wirklich nur empfehlen, du wirst es nicht bereuen!&quot;<\/em><\/p>\n<p>Juliette, Austauschsch\u00fclerin in Kanada<\/p>\n<\/div><\/div><\/div>\n\n\n\n<figure class=\"wp-block-sts-image sts-block-image sts-block-image--count-1 has-max-width-md\" data-count=\"1\"><div class=\"sts-block-image__grid\"><div class=\"sts-block-image__item\"><picture class=\"sts-responsive-image has-fit-cover has-pos-top is-skeleton\"><img src=\"https:\/\/cdn.sts-education.com\/11187_hero_md.jpg\" alt=\"Sch\u00fclergeschichten\" loading=\"lazy\" decoding=\"async\" fetchpriority=\"low\" sizes=\"(max-width: 736px) 100vw, 736px\"\/><\/picture><\/div><\/div><\/figure>\n\n\n\n<div class=\"wp-block-sts-text sts-text-editor has-max-width-md\"><div class=\"sts-text-editor__content\"><div class=\"sts-text-editor__content-inner\">\n<p><br\/>&quot;Ich bin schon \u00fcber 6 Monate in der USA und die Zeit geht unglaublich schnell vorbei. Ich kann mir immer noch nicht vorstellen in 4 Monaten wieder nach Hause zu fliegen, da ich mich hier sehr wohl f\u00fchle. Es wurde mein zweites Zuhause, ich verstehe mich mit meiner Familie super und ich habe auch gute Freunde gefunden.&quot;<\/em><\/p>\n<p>Linda, Austauschsch\u00fclerin in den USA<\/p>\n<p><a href=\"https:\/\/www.sts-education.com\/de-de\/high-school\/unsere-austauschschueler\/schuler-testimonials\/\"><strong>Erfahrungsberichte<\/strong><\/a><\/p>\n<\/div><\/div><\/div>\n\n\n\n<section class=\"wp-block-sts-video sts-block-video sts-block-video--landscape has-max-width-lg\"><div class=\"sts-video sts-video--landscape\"><div class=\"sts-video__handler\"><button type=\"button\" class=\"sts-video__play-button\" aria-label=\"Play video\" aria-pressed=\"false\" data-playing=\"false\"><span class=\"sts-video__play-icon\"><img decoding=\"async\" class=\"play-icon\" src=\"data:image\/svg+xml,%3csvg%20width='32'%20height='32'%20viewBox='0%200%2032%2032'%20fill='none'%20xmlns='http:\/\/www.w3.org\/2000\/svg'%3e%3cmask%20id='mask0_2459_8201'%20style='mask-type:alpha'%20maskUnits='userSpaceOnUse'%20x='0'%20y='0'%20width='32'%20height='32'%3e%3crect%20width='32'%20height='32'%20fill='%23D9D9D9'\/%3e%3c\/mask%3e%3cg%20mask='url(%23mask0_2459_8201)'%3e%3cpath%20d='M10.667%2022.8999V9.09993C10.667%208.72216%2010.8003%208.40549%2011.067%208.14993C11.3337%207.89438%2011.6448%207.7666%2012.0003%207.7666C12.1114%207.7666%2012.2281%207.78327%2012.3503%207.8166C12.4725%207.84993%2012.5892%207.89993%2012.7003%207.9666L23.567%2014.8666C23.767%2014.9999%2023.917%2015.1666%2024.017%2015.3666C24.117%2015.5666%2024.167%2015.7777%2024.167%2015.9999C24.167%2016.2222%2024.117%2016.4333%2024.017%2016.6333C23.917%2016.8333%2023.767%2016.9999%2023.567%2017.1333L12.7003%2024.0333C12.5892%2024.0999%2012.4725%2024.1499%2012.3503%2024.1833C12.2281%2024.2166%2012.1114%2024.2333%2012.0003%2024.2333C11.6448%2024.2333%2011.3337%2024.1055%2011.067%2023.8499C10.8003%2023.5944%2010.667%2023.2777%2010.667%2022.8999Z'%20fill='black'\/%3e%3c\/g%3e%3c\/svg%3e\" alt=\"\" aria-hidden=\"true\"\/><img decoding=\"async\" class=\"pause-icon\" src=\"data:image\/svg+xml,%3csvg%20width='32'%20height='32'%20viewBox='0%200%2032%2032'%20fill='none'%20xmlns='http:\/\/www.w3.org\/2000\/svg'%3e%3cmask%20id='mask0_pause'%20style='mask-type:alpha'%20maskUnits='userSpaceOnUse'%20x='0'%20y='0'%20width='32'%20height='32'%3e%3crect%20width='32'%20height='32'%20fill='%23D9D9D9'\/%3e%3c\/mask%3e%3cg%20mask='url(%23mask0_pause)'%3e%3c!--%20Left%20bar%20--%3e%3crect%20x='10'%20y='8'%20width='4'%20height='16'%20rx='1'%20fill='black'\/%3e%3c!--%20Right%20bar%20--%3e%3crect%20x='18'%20y='8'%20width='4'%20height='16'%20rx='1'%20fill='black'\/%3e%3c\/g%3e%3c\/svg%3e\" alt=\"\" aria-hidden=\"true\"\/><\/span><\/button><strong class=\"sts-video__duration\" data-duration-prefix=\"Video duration:\" data-unit-second=\"second\" data-unit-seconds=\"seconds\" data-unit-minute=\"minute\" data-unit-minutes=\"minutes\" aria-label=\"Video duration: 2.0 minutes\">2.0 mins<\/strong><\/div><div class=\"sts-video__media\" data-video-source=\"youtube\" data-video-url=\"\"><div class=\"sts-video__external-shell\" data-embed-url=\"https:\/\/www.youtube.com\/embed\/QGl7FbUH1bQ?rel=0&amp;controls=1&amp;modestbranding=1&amp;playsinline=1&amp;enablejsapi=1&amp;autoplay=0&amp;origin=https%3A%2F%2Fwww.sts-education.com\"><iframe class=\"sts-video__iframe\" src=\"https:\/\/www.youtube.com\/embed\/QGl7FbUH1bQ?rel=0&amp;controls=1&amp;modestbranding=1&amp;playsinline=1&amp;enablejsapi=1&amp;autoplay=0&amp;origin=https%3A%2F%2Fwww.sts-education.com\" title=\"Video poster\nheading\" allow=\"autoplay; fullscreen\" allowfullscreen loading=\"lazy\" data-provider=\"youtube\" data-embed-url=\"https:\/\/www.youtube.com\/embed\/QGl7FbUH1bQ?rel=0&amp;controls=1&amp;modestbranding=1&amp;playsinline=1&amp;enablejsapi=1&amp;autoplay=0&amp;origin=https%3A%2F%2Fwww.sts-education.com\"><\/iframe><\/div><\/div><\/div><\/section>\n\n\n\n<div class=\"wp-block-sts-text sts-text-editor has-max-width-md\"><div class=\"sts-text-editor__content\"><div class=\"sts-text-editor__content-inner\">\n<p><a href=\"https:\/\/www.sts-education.com\/de-de\/high-school\/unsere-austauschschueler\/videos\/\"><strong>Videos<\/strong><\/a><\/p>\n<\/div><\/div><\/div>\n","protected":false},"excerpt":{"rendered":"","protected":false},"author":20,"featured_media":0,"parent":5373,"menu_order":0,"comment_status":"closed","ping_status":"closed","template":"templates\/template-default-with-breadcrumbs.php","meta":{"_acf_changed":false,"sts_page_background_color":"","footnotes":""},"wpw_page_folders":[89],"class_list":["post-10554","page","type-page","status-publish","hentry"],"acf":[],"yoast_head":"<!-- This site is optimized with the Yoast SEO Premium plugin v27.2 (Yoast SEO v27.3) - https:\/\/yoast.com\/product\/yoast-seo-premium-wordpress\/ -->\n<title>Unsere Austauschsch\u00fcler:innen in der High School | STS<\/title>\n<meta name=\"description\" content=\"Entdecke die Storys ehemaliger Austauschsch\u00fcler:innen f\u00fcr einen authentischen Einblick ins High School-Jahr.\" \/>\n<meta name=\"robots\" content=\"index, follow, max-snippet:-1, max-image-preview:large, max-video-preview:-1\" \/>\n<link rel=\"canonical\" href=\"https:\/\/www.sts-education.com\/de-de\/high-school\/unsere-austauschschueler\/\" \/>\n<meta property=\"og:locale\" content=\"de_DE\" \/>\n<meta property=\"og:type\" content=\"article\" \/>\n<meta property=\"og:title\" content=\"Unsere Austauschschueler\" \/>\n<meta property=\"og:description\" content=\"Entdecke die Storys ehemaliger Austauschsch\u00fcler:innen f\u00fcr einen authentischen Einblick ins High School-Jahr.\" \/>\n<meta property=\"og:url\" content=\"https:\/\/www.sts-education.com\/de-de\/high-school\/unsere-austauschschueler\/\" \/>\n<meta property=\"og:site_name\" content=\"STS Education\" \/>\n<meta property=\"article:modified_time\" content=\"2026-04-15T09:36:05+00:00\" \/>\n<meta property=\"og:image\" content=\"https:\/\/cdn.sts-education.com\/11075_hero_lg_xl.jpg\" \/>\n<meta name=\"twitter:card\" content=\"summary_large_image\" \/>\n<meta name=\"twitter:label1\" content=\"Gesch\u00e4tzte Lesezeit\" \/>\n\t<meta name=\"twitter:data1\" content=\"1\u00a0Minute\" \/>\n<script type=\"application\/ld+json\" class=\"yoast-schema-graph\">{\"@context\":\"https:\\\/\\\/schema.org\",\"@graph\":[{\"@type\":\"WebPage\",\"@id\":\"https:\\\/\\\/www.sts-education.com\\\/de-de\\\/high-school\\\/unsere-austauschschueler\\\/\",\"url\":\"https:\\\/\\\/www.sts-education.com\\\/de-de\\\/high-school\\\/unsere-austauschschueler\\\/\",\"name\":\"Unsere Austauschsch\u00fcler:innen in der High School | STS\",\"isPartOf\":{\"@id\":\"https:\\\/\\\/www.sts-education.com\\\/de-de\\\/#website\"},\"primaryImageOfPage\":{\"@id\":\"https:\\\/\\\/www.sts-education.com\\\/de-de\\\/high-school\\\/unsere-austauschschueler\\\/#primaryimage\"},\"image\":{\"@id\":\"https:\\\/\\\/www.sts-education.com\\\/de-de\\\/high-school\\\/unsere-austauschschueler\\\/#primaryimage\"},\"thumbnailUrl\":\"https:\\\/\\\/cdn.sts-education.com\\\/11075_hero_lg_xl.jpg\",\"datePublished\":\"2025-12-16T10:37:52+00:00\",\"dateModified\":\"2026-04-15T09:36:05+00:00\",\"description\":\"Entdecke die Storys ehemaliger Austauschsch\u00fcler:innen f\u00fcr einen authentischen Einblick ins High School-Jahr.\",\"breadcrumb\":{\"@id\":\"https:\\\/\\\/www.sts-education.com\\\/de-de\\\/high-school\\\/unsere-austauschschueler\\\/#breadcrumb\"},\"inLanguage\":\"de\",\"potentialAction\":[{\"@type\":\"ReadAction\",\"target\":[\"https:\\\/\\\/www.sts-education.com\\\/de-de\\\/high-school\\\/unsere-austauschschueler\\\/\"]}]},{\"@type\":\"ImageObject\",\"inLanguage\":\"de\",\"@id\":\"https:\\\/\\\/www.sts-education.com\\\/de-de\\\/high-school\\\/unsere-austauschschueler\\\/#primaryimage\",\"url\":\"https:\\\/\\\/cdn.sts-education.com\\\/11075_hero_lg_xl.jpg\",\"contentUrl\":\"https:\\\/\\\/cdn.sts-education.com\\\/11075_hero_lg_xl.jpg\"},{\"@type\":\"BreadcrumbList\",\"@id\":\"https:\\\/\\\/www.sts-education.com\\\/de-de\\\/high-school\\\/unsere-austauschschueler\\\/#breadcrumb\",\"itemListElement\":[{\"@type\":\"ListItem\",\"position\":1,\"name\":\"Home\",\"item\":\"https:\\\/\\\/www.sts-education.com\\\/de-de\\\/sample-page\\\/\"},{\"@type\":\"ListItem\",\"position\":2,\"name\":\"High School\",\"item\":\"https:\\\/\\\/www.sts-education.com\\\/de-de\\\/high-school\\\/\"},{\"@type\":\"ListItem\",\"position\":3,\"name\":\"Unsere Austauschschueler\"}]},{\"@type\":\"WebSite\",\"@id\":\"https:\\\/\\\/www.sts-education.com\\\/de-de\\\/#website\",\"url\":\"https:\\\/\\\/www.sts-education.com\\\/de-de\\\/\",\"name\":\"STS Education\",\"description\":\"\",\"potentialAction\":[{\"@type\":\"SearchAction\",\"target\":{\"@type\":\"EntryPoint\",\"urlTemplate\":\"https:\\\/\\\/www.sts-education.com\\\/de-de\\\/?s={search_term_string}\"},\"query-input\":{\"@type\":\"PropertyValueSpecification\",\"valueRequired\":true,\"valueName\":\"search_term_string\"}}],\"inLanguage\":\"de\"}]}<\/script>\n<!-- \/ Yoast SEO Premium plugin. -->","yoast_head_json":{"title":"Unsere Austauschsch\u00fcler:innen in der High School | STS","description":"Entdecke die Storys ehemaliger Austauschsch\u00fcler:innen f\u00fcr einen authentischen Einblick ins High School-Jahr.","robots":{"index":"index","follow":"follow","max-snippet":"max-snippet:-1","max-image-preview":"max-image-preview:large","max-video-preview":"max-video-preview:-1"},"canonical":"https:\/\/www.sts-education.com\/de-de\/high-school\/unsere-austauschschueler\/","og_locale":"de_DE","og_type":"article","og_title":"Unsere Austauschschueler","og_description":"Entdecke die Storys ehemaliger Austauschsch\u00fcler:innen f\u00fcr einen authentischen Einblick ins High School-Jahr.","og_url":"https:\/\/www.sts-education.com\/de-de\/high-school\/unsere-austauschschueler\/","og_site_name":"STS Education","article_modified_time":"2026-04-15T09:36:05+00:00","og_image":[{"url":"https:\/\/cdn.sts-education.com\/11075_hero_lg_xl.jpg","type":"","width":"","height":""}],"twitter_card":"summary_large_image","twitter_misc":{"Gesch\u00e4tzte Lesezeit":"1\u00a0Minute"},"schema":{"@context":"https:\/\/schema.org","@graph":[{"@type":"WebPage","@id":"https:\/\/www.sts-education.com\/de-de\/high-school\/unsere-austauschschueler\/","url":"https:\/\/www.sts-education.com\/de-de\/high-school\/unsere-austauschschueler\/","name":"Unsere Austauschsch\u00fcler:innen in der High School | STS","isPartOf":{"@id":"https:\/\/www.sts-education.com\/de-de\/#website"},"primaryImageOfPage":{"@id":"https:\/\/www.sts-education.com\/de-de\/high-school\/unsere-austauschschueler\/#primaryimage"},"image":{"@id":"https:\/\/www.sts-education.com\/de-de\/high-school\/unsere-austauschschueler\/#primaryimage"},"thumbnailUrl":"https:\/\/cdn.sts-education.com\/11075_hero_lg_xl.jpg","datePublished":"2025-12-16T10:37:52+00:00","dateModified":"2026-04-15T09:36:05+00:00","description":"Entdecke die Storys ehemaliger Austauschsch\u00fcler:innen f\u00fcr einen authentischen Einblick ins High School-Jahr.","breadcrumb":{"@id":"https:\/\/www.sts-education.com\/de-de\/high-school\/unsere-austauschschueler\/#breadcrumb"},"inLanguage":"de","potentialAction":[{"@type":"ReadAction","target":["https:\/\/www.sts-education.com\/de-de\/high-school\/unsere-austauschschueler\/"]}]},{"@type":"ImageObject","inLanguage":"de","@id":"https:\/\/www.sts-education.com\/de-de\/high-school\/unsere-austauschschueler\/#primaryimage","url":"https:\/\/cdn.sts-education.com\/11075_hero_lg_xl.jpg","contentUrl":"https:\/\/cdn.sts-education.com\/11075_hero_lg_xl.jpg"},{"@type":"BreadcrumbList","@id":"https:\/\/www.sts-education.com\/de-de\/high-school\/unsere-austauschschueler\/#breadcrumb","itemListElement":[{"@type":"ListItem","position":1,"name":"Home","item":"https:\/\/www.sts-education.com\/de-de\/sample-page\/"},{"@type":"ListItem","position":2,"name":"High School","item":"https:\/\/www.sts-education.com\/de-de\/high-school\/"},{"@type":"ListItem","position":3,"name":"Unsere Austauschschueler"}]},{"@type":"WebSite","@id":"https:\/\/www.sts-education.com\/de-de\/#website","url":"https:\/\/www.sts-education.com\/de-de\/","name":"STS Education","description":"","potentialAction":[{"@type":"SearchAction","target":{"@type":"EntryPoint","urlTemplate":"https:\/\/www.sts-education.com\/de-de\/?s={search_term_string}"},"query-input":{"@type":"PropertyValueSpecification","valueRequired":true,"valueName":"search_term_string"}}],"inLanguage":"de"}]}},"_links":{"self":[{"href":"https:\/\/www.sts-education.com\/de-de\/wp-json\/wp\/v2\/pages\/10554","targetHints":{"allow":["GET"]}}],"collection":[{"href":"https:\/\/www.sts-education.com\/de-de\/wp-json\/wp\/v2\/pages"}],"about":[{"href":"https:\/\/www.sts-education.com\/de-de\/wp-json\/wp\/v2\/types\/page"}],"author":[{"embeddable":true,"href":"https:\/\/www.sts-education.com\/de-de\/wp-json\/wp\/v2\/users\/20"}],"replies":[{"embeddable":true,"href":"https:\/\/www.sts-education.com\/de-de\/wp-json\/wp\/v2\/comments?post=10554"}],"version-history":[{"count":6,"href":"https:\/\/www.sts-education.com\/de-de\/wp-json\/wp\/v2\/pages\/10554\/revisions"}],"predecessor-version":[{"id":35453,"href":"https:\/\/www.sts-education.com\/de-de\/wp-json\/wp\/v2\/pages\/10554\/revisions\/35453"}],"up":[{"embeddable":true,"href":"https:\/\/www.sts-education.com\/de-de\/wp-json\/wp\/v2\/pages\/5373"}],"wp:attachment":[{"href":"https:\/\/www.sts-education.com\/de-de\/wp-json\/wp\/v2\/media?parent=10554"}],"wp:term":[{"taxonomy":"wpw_page_folders","embeddable":true,"href":"https:\/\/www.sts-education.com\/de-de\/wp-json\/wp\/v2\/wpw_page_folders?post=10554"}],"curies":[{"name":"wp","href":"https:\/\/api.w.org\/{rel}","templated":true}]}}