{"id":10559,"date":"2025-12-16T10:23:03","date_gmt":"2025-12-16T10:23:03","guid":{"rendered":"https:\/\/preprod.sts-education.com\/ueber-sts\/karriere\/"},"modified":"2026-04-15T09:36:08","modified_gmt":"2026-04-15T09:36:08","slug":"karriere","status":"publish","type":"page","link":"https:\/\/www.sts-education.com\/de-de\/ueber-sts\/karriere\/","title":{"rendered":"Karriere"},"content":{"rendered":"\n<section class=\"wp-block-sts-hero sts-block-hero is-variant-full-background has-text-light has-background-media\" style=\"--sts-hero-padding-mobile:0px;--sts-hero-padding-desktop:0px;--sts-hero-text-color:var(--wp--preset--color--base-10, #fff);\" data-variant=\"full-background\"><div class=\"sts-block-hero__background\"><picture class=\"sts-responsive-image has-fit-cover is-skeleton\"><img src=\"https:\/\/cdn.sts-education.com\/3544_hero_lg_xl.jpg\" alt=\"Wir erm\u00f6glichen jungen Menschen pers\u00f6nliche Entwicklung\" loading=\"lazy\" decoding=\"async\" fetchpriority=\"low\" sizes=\"100vw\" \/><\/picture><span class=\"sts-block-hero__overlay\" aria-hidden=\"true\"><\/span><\/div><div class=\"sts-block-hero__inner\"><div class=\"sts-block-hero__content has-align-center\"><div class=\"sts-block-hero__content-inner\"><h1 class=\"sts-block-hero__heading\">Wir erm\u00f6glichen jungen Menschen pers\u00f6nliche Entwicklung<\/h1><\/div><\/div><\/div><\/section>\n\n\n\n<div class=\"wp-block-sts-text sts-text-editor has-max-width-md\"><div class=\"sts-text-editor__content\"><div class=\"sts-text-editor__content-inner\">\n<p>In der STS Education Group arbeiten wir mit erfahrungsbasiertem Lernen durch Sprachreisen und High School-Austausch. Unsere Zentrale befindet sich in G\u00f6teborg, Schweden und unser Deutschlandb\u00fcro liegt im Zentrum von Hamburg. Weitere B\u00fcros haben wir unter anderem in \u00d6sterreich, der Schweiz, den Niederlanden, Polen, USA und Neuseeland.<\/p>\n\n<p>Wir suchen immer neue Mitarbeiter, die Lust auf eine Branche am Puls der Zeit haben und mit uns die Zukunft gestalten m\u00f6chten.<\/p>\n\n<p><a href=\"https:\/\/sts.teamtailor.com\/\" target=\"_blank\" rel=\"noopener noreferrer\">Offene Stellen weltweit bei STS<\/a><\/p>\n\n<h2>STS Education Germany<\/h2>\n\n<p>Mit Sitz in der Hafenstadt Hamburg ist STS Deutschland im wahrsten Sinne des Wortes ein Tor zur Welt. Unser Sales, Marketing und Programm-Team besteht aus acht \u00fcberzeugten Globetrottern, die selbst Kulturaustausch in den unterschiedlichsten L\u00e4ndern erlebt haben. Mit viel Enthusiasmus helfen wir unseren Inbound- und Outbound-Sch\u00fclern, das Jahr ihres Lebens zu haben. Unsere Sales- und Programmabteilung ber\u00e4t und betreut Sch\u00fcler und ihre Eltern in unseren Programmen f\u00fcr High School-Aufenthalte und Gastfamilien und kooperiert mit lokalen Schulen und Betreuern. Das Marketing-Team verantwortet unsere Social Media-Kan\u00e4le und Werbekampagnen, organisiert Events und Austauschmessen und koordiniert unser Ambassador-Programm. Aus den B\u00fcrofenstern direkt an der Au\u00dfenalster schauen wir auf Segelboote und M\u00f6wen und lassen uns zu neuen Reisen inspirieren.<\/p>\n\n<h3>Praktikum bei STS Hamburg<\/h3>\n\n<p>STS Education Germany in Hamburg ist Teil eines schwedischen Familienunternehmens, das weltweit vertreten ist und Austauschprogramme f\u00fcr Sch\u00fclerinnen und Sch\u00fcler anbietet.<\/p>\n\n<p>Wir suchen Praktikanten (m\/w\/d) f\u00fcr unser B\u00fcro in Hamburg.<\/p>\n\n<p>Du\u2026<\/p>\n\n<ul><li>bist mindestens 18 Jahre alt<\/li>\n<li>hast sehr gute Deutsch- und Englischkenntnisse<\/li>\n<li>interessierst dich f\u00fcr andere L\u00e4nder und den kulturellen Austausch<\/li>\n<li>konntest bestenfalls auch schon eigene Auslandserfahrungen sammeln<\/li>\n<li>bist kontaktfreudig, teamf\u00e4hig und aufgeschlossen<\/li>\n<li>hast mindestens 3 Monate Zeit?<\/li><\/ul>\n\n<p>Dann freuen wir uns \u00fcber deine Unterst\u00fctzung in unserem Hamburger B\u00fcro direkt an der Alster! Erlebe die Welt des Sch\u00fcleraustauschs hautnah, werde Teil eines tollen Teams und sammle wertvolle Erfahrungen, die dir in deinem Studium oder sp\u00e4teren Berufsleben weiterhelfen. Sende uns gerne deine aussagekr\u00e4ftige Bewerbung und m\u00f6gliche Startdaten.<\/p>\n\n<h3>Regionale Betreuung (deutschlandweit)<\/h3>\n\n<p>Wir suchen deutschlandweit regionale Betreuer (m\/w\/d) f\u00fcr unsere internationalen Austauschsch\u00fcler und ihre Gastfamilien! Hast du Erfahrung mit Jugendlichen oder selbst einen Austausch gemacht? Bist du selbstsicher, zuverl\u00e4ssig, kommunikativ und kannst auch Konflikte humorvoll und kreativ l\u00f6sen? Sprichst du flie\u00dfend Englisch? Hast du idealerweise ein Auto? Dann bewirb dich f\u00fcr einen spannenden und bereichernden Nebenjob! Du begleitest unsere Sch\u00fcler w\u00e4hrend ihres Austausches, schreibst monatliche Kurzberichte und machst Hausbesuche. Diese nebenberufliche T\u00e4tigkeit ist zeitlich begrenzt auf die Programmdauer deiner Sch\u00fcler vor Ort und erfolgt auf Honorarbasis. Freie Zeiteinteilung, angemessene Verg\u00fctung und gute Vereinbarkeit mit Freiberuflichkeit, Studium oder Elternzeit!<\/p>\n\n<p>Lies unsere Interviews mit <a href=\"https:\/\/www.sts-education.com\/de-de\/ueber-sts\/karriere\/interview-luisa\/\"><strong>Luisa<\/strong><\/a>, <a href=\"https:\/\/www.sts-education.com\/de-de\/ueber-sts\/karriere\/interview-finja\/\"><strong>Finja<\/strong><\/a> und <a href=\"https:\/\/www.sts-education.com\/de-de\/blog\/high-school\/our-exchange-students\/student-stories\/interview-verena\/\"><strong>Verena<\/strong><\/a>, die bereits verschiedene Gastfamilien und Sch\u00fcler f\u00fcr STS betreut haben.<\/p>\n\n<p><a href=\"https:\/\/sts.teamtailor.com\/\" target=\"_blank\" rel=\"noopener noreferrer\">Bewirb dich hier als regionale Betreuung<\/a><\/p>\n\n<h2>Werde STS Ambassador<\/h2>\n\n<p>Die besten Botschafter f\u00fcr unsere Programme sind die Menschen, die mit uns im Ausland waren und eine gro\u00dfartige Erfahrung hatten. Deshalb laden wir unsere Austauschsch\u00fcler nach ihrer R\u00fcckkehr ein, als Interviewer f\u00fcr uns zu arbeiten, an unseren Infomeetings und Veranstaltungen f\u00fcr neue Sch\u00fcler teilzunehmen, dort von ihren Erfahrungen zu berichten und andere zu inspirieren.<\/p>\n\n<p>Manche Ambassadors organisieren auch eigene Events an ihren Schulen, verteilen Flyer, vermitteln uns Gastfamilien oder werden mit ihren Familien selbst Gastfamilie f\u00fcr internationale Sch\u00fcler in Deutschland.<\/p>\n\n<p>Wenn du STS Austauschsch\u00fcler bist oder warst, erm\u00f6glichst dir das STS Ambassador Programm, deine Erlebnisse mit anderen zu teilen. So hilfst du neuen Austauschsch\u00fclern auf den Weg in ihr Abenteuer, sammelst Arbeitserfahrung und besserst dein Taschengeld auf. K\u00f6nnte es einen besseren Job geben?<\/p>\n\n<p>Du entscheidest selbst, wie aktiv du sein m\u00f6chtest. Als STS Ambassador st\u00e4rkst du deine Social Skills, lernst vor anderen zu sprechen und zu pr\u00e4sentieren und du entwickelst dein Organisationstalent. Und vor allem hast du Spa\u00df, w\u00e4hrend du wertvolle Referenzen f\u00fcr deine Zukunft sammelst.<\/p>\n\n<p>Interessiert am STS Ambassador Programm? Dann schick eine E-Mail an <a href=\"mailto:highschool@sts-germany.de\">highschool@sts-germany.de<\/a><\/p>\n<\/div><\/div><\/div>\n","protected":false},"excerpt":{"rendered":"","protected":false},"author":20,"featured_media":0,"parent":10544,"menu_order":0,"comment_status":"closed","ping_status":"closed","template":"templates\/template-default-with-breadcrumbs.php","meta":{"_acf_changed":false,"sts_page_background_color":"","footnotes":""},"wpw_page_folders":[77],"class_list":["post-10559","page","type-page","status-publish","hentry"],"acf":[],"yoast_head":"<!-- This site is optimized with the Yoast SEO Premium plugin v27.2 (Yoast SEO v27.3) - https:\/\/yoast.com\/product\/yoast-seo-premium-wordpress\/ -->\n<title>Offene Stellen bei STS<\/title>\n<meta name=\"description\" content=\"Erlebe die Welt des Sch\u00fcleraustauschs hautnah, werde Teil eines tollen Teams und sammle wertvolle Erfahrungen, die dir in deinem Studium oder sp\u00e4teren Berufsleben weiterhelfen.\" \/>\n<meta name=\"robots\" content=\"index, follow, max-snippet:-1, max-image-preview:large, max-video-preview:-1\" \/>\n<link rel=\"canonical\" href=\"https:\/\/www.sts-education.com\/de-de\/ueber-sts\/karriere\/\" \/>\n<meta property=\"og:locale\" content=\"de_DE\" \/>\n<meta property=\"og:type\" content=\"article\" \/>\n<meta property=\"og:title\" content=\"Karriere\" \/>\n<meta property=\"og:description\" content=\"Erlebe die Welt des Sch\u00fcleraustauschs hautnah, werde Teil eines tollen Teams und sammle wertvolle Erfahrungen, die dir in deinem Studium oder sp\u00e4teren Berufsleben weiterhelfen.\" \/>\n<meta property=\"og:url\" content=\"https:\/\/www.sts-education.com\/de-de\/ueber-sts\/karriere\/\" \/>\n<meta property=\"og:site_name\" content=\"STS Education\" \/>\n<meta property=\"article:modified_time\" content=\"2026-04-15T09:36:08+00:00\" \/>\n<meta property=\"og:image\" content=\"https:\/\/cdn.sts-education.com\/3544_hero_lg_xl.jpg\" \/>\n<meta name=\"twitter:card\" content=\"summary_large_image\" \/>\n<meta name=\"twitter:label1\" content=\"Gesch\u00e4tzte Lesezeit\" \/>\n\t<meta name=\"twitter:data1\" content=\"3\u00a0Minuten\" \/>\n<script type=\"application\/ld+json\" class=\"yoast-schema-graph\">{\"@context\":\"https:\\\/\\\/schema.org\",\"@graph\":[{\"@type\":\"WebPage\",\"@id\":\"https:\\\/\\\/www.sts-education.com\\\/de-de\\\/ueber-sts\\\/karriere\\\/\",\"url\":\"https:\\\/\\\/www.sts-education.com\\\/de-de\\\/ueber-sts\\\/karriere\\\/\",\"name\":\"Offene Stellen bei STS\",\"isPartOf\":{\"@id\":\"https:\\\/\\\/www.sts-education.com\\\/de-de\\\/#website\"},\"primaryImageOfPage\":{\"@id\":\"https:\\\/\\\/www.sts-education.com\\\/de-de\\\/ueber-sts\\\/karriere\\\/#primaryimage\"},\"image\":{\"@id\":\"https:\\\/\\\/www.sts-education.com\\\/de-de\\\/ueber-sts\\\/karriere\\\/#primaryimage\"},\"thumbnailUrl\":\"https:\\\/\\\/cdn.sts-education.com\\\/3544_hero_lg_xl.jpg\",\"datePublished\":\"2025-12-16T10:23:03+00:00\",\"dateModified\":\"2026-04-15T09:36:08+00:00\",\"description\":\"Erlebe die Welt des Sch\u00fcleraustauschs hautnah, werde Teil eines tollen Teams und sammle wertvolle Erfahrungen, die dir in deinem Studium oder sp\u00e4teren Berufsleben weiterhelfen.\",\"breadcrumb\":{\"@id\":\"https:\\\/\\\/www.sts-education.com\\\/de-de\\\/ueber-sts\\\/karriere\\\/#breadcrumb\"},\"inLanguage\":\"de\",\"potentialAction\":[{\"@type\":\"ReadAction\",\"target\":[\"https:\\\/\\\/www.sts-education.com\\\/de-de\\\/ueber-sts\\\/karriere\\\/\"]}]},{\"@type\":\"ImageObject\",\"inLanguage\":\"de\",\"@id\":\"https:\\\/\\\/www.sts-education.com\\\/de-de\\\/ueber-sts\\\/karriere\\\/#primaryimage\",\"url\":\"https:\\\/\\\/cdn.sts-education.com\\\/3544_hero_lg_xl.jpg\",\"contentUrl\":\"https:\\\/\\\/cdn.sts-education.com\\\/3544_hero_lg_xl.jpg\"},{\"@type\":\"BreadcrumbList\",\"@id\":\"https:\\\/\\\/www.sts-education.com\\\/de-de\\\/ueber-sts\\\/karriere\\\/#breadcrumb\",\"itemListElement\":[{\"@type\":\"ListItem\",\"position\":1,\"name\":\"Home\",\"item\":\"https:\\\/\\\/www.sts-education.com\\\/de-de\\\/sample-page\\\/\"},{\"@type\":\"ListItem\",\"position\":2,\"name\":\"Ueber Sts\",\"item\":\"https:\\\/\\\/www.sts-education.com\\\/de-de\\\/ueber-sts\\\/\"},{\"@type\":\"ListItem\",\"position\":3,\"name\":\"Karriere\"}]},{\"@type\":\"WebSite\",\"@id\":\"https:\\\/\\\/www.sts-education.com\\\/de-de\\\/#website\",\"url\":\"https:\\\/\\\/www.sts-education.com\\\/de-de\\\/\",\"name\":\"STS Education\",\"description\":\"\",\"potentialAction\":[{\"@type\":\"SearchAction\",\"target\":{\"@type\":\"EntryPoint\",\"urlTemplate\":\"https:\\\/\\\/www.sts-education.com\\\/de-de\\\/?s={search_term_string}\"},\"query-input\":{\"@type\":\"PropertyValueSpecification\",\"valueRequired\":true,\"valueName\":\"search_term_string\"}}],\"inLanguage\":\"de\"}]}<\/script>\n<!-- \/ Yoast SEO Premium plugin. -->","yoast_head_json":{"title":"Offene Stellen bei STS","description":"Erlebe die Welt des Sch\u00fcleraustauschs hautnah, werde Teil eines tollen Teams und sammle wertvolle Erfahrungen, die dir in deinem Studium oder sp\u00e4teren Berufsleben weiterhelfen.","robots":{"index":"index","follow":"follow","max-snippet":"max-snippet:-1","max-image-preview":"max-image-preview:large","max-video-preview":"max-video-preview:-1"},"canonical":"https:\/\/www.sts-education.com\/de-de\/ueber-sts\/karriere\/","og_locale":"de_DE","og_type":"article","og_title":"Karriere","og_description":"Erlebe die Welt des Sch\u00fcleraustauschs hautnah, werde Teil eines tollen Teams und sammle wertvolle Erfahrungen, die dir in deinem Studium oder sp\u00e4teren Berufsleben weiterhelfen.","og_url":"https:\/\/www.sts-education.com\/de-de\/ueber-sts\/karriere\/","og_site_name":"STS Education","article_modified_time":"2026-04-15T09:36:08+00:00","og_image":[{"url":"https:\/\/cdn.sts-education.com\/3544_hero_lg_xl.jpg","type":"","width":"","height":""}],"twitter_card":"summary_large_image","twitter_misc":{"Gesch\u00e4tzte Lesezeit":"3\u00a0Minuten"},"schema":{"@context":"https:\/\/schema.org","@graph":[{"@type":"WebPage","@id":"https:\/\/www.sts-education.com\/de-de\/ueber-sts\/karriere\/","url":"https:\/\/www.sts-education.com\/de-de\/ueber-sts\/karriere\/","name":"Offene Stellen bei STS","isPartOf":{"@id":"https:\/\/www.sts-education.com\/de-de\/#website"},"primaryImageOfPage":{"@id":"https:\/\/www.sts-education.com\/de-de\/ueber-sts\/karriere\/#primaryimage"},"image":{"@id":"https:\/\/www.sts-education.com\/de-de\/ueber-sts\/karriere\/#primaryimage"},"thumbnailUrl":"https:\/\/cdn.sts-education.com\/3544_hero_lg_xl.jpg","datePublished":"2025-12-16T10:23:03+00:00","dateModified":"2026-04-15T09:36:08+00:00","description":"Erlebe die Welt des Sch\u00fcleraustauschs hautnah, werde Teil eines tollen Teams und sammle wertvolle Erfahrungen, die dir in deinem Studium oder sp\u00e4teren Berufsleben weiterhelfen.","breadcrumb":{"@id":"https:\/\/www.sts-education.com\/de-de\/ueber-sts\/karriere\/#breadcrumb"},"inLanguage":"de","potentialAction":[{"@type":"ReadAction","target":["https:\/\/www.sts-education.com\/de-de\/ueber-sts\/karriere\/"]}]},{"@type":"ImageObject","inLanguage":"de","@id":"https:\/\/www.sts-education.com\/de-de\/ueber-sts\/karriere\/#primaryimage","url":"https:\/\/cdn.sts-education.com\/3544_hero_lg_xl.jpg","contentUrl":"https:\/\/cdn.sts-education.com\/3544_hero_lg_xl.jpg"},{"@type":"BreadcrumbList","@id":"https:\/\/www.sts-education.com\/de-de\/ueber-sts\/karriere\/#breadcrumb","itemListElement":[{"@type":"ListItem","position":1,"name":"Home","item":"https:\/\/www.sts-education.com\/de-de\/sample-page\/"},{"@type":"ListItem","position":2,"name":"Ueber Sts","item":"https:\/\/www.sts-education.com\/de-de\/ueber-sts\/"},{"@type":"ListItem","position":3,"name":"Karriere"}]},{"@type":"WebSite","@id":"https:\/\/www.sts-education.com\/de-de\/#website","url":"https:\/\/www.sts-education.com\/de-de\/","name":"STS Education","description":"","potentialAction":[{"@type":"SearchAction","target":{"@type":"EntryPoint","urlTemplate":"https:\/\/www.sts-education.com\/de-de\/?s={search_term_string}"},"query-input":{"@type":"PropertyValueSpecification","valueRequired":true,"valueName":"search_term_string"}}],"inLanguage":"de"}]}},"_links":{"self":[{"href":"https:\/\/www.sts-education.com\/de-de\/wp-json\/wp\/v2\/pages\/10559","targetHints":{"allow":["GET"]}}],"collection":[{"href":"https:\/\/www.sts-education.com\/de-de\/wp-json\/wp\/v2\/pages"}],"about":[{"href":"https:\/\/www.sts-education.com\/de-de\/wp-json\/wp\/v2\/types\/page"}],"author":[{"embeddable":true,"href":"https:\/\/www.sts-education.com\/de-de\/wp-json\/wp\/v2\/users\/20"}],"replies":[{"embeddable":true,"href":"https:\/\/www.sts-education.com\/de-de\/wp-json\/wp\/v2\/comments?post=10559"}],"version-history":[{"count":5,"href":"https:\/\/www.sts-education.com\/de-de\/wp-json\/wp\/v2\/pages\/10559\/revisions"}],"predecessor-version":[{"id":35455,"href":"https:\/\/www.sts-education.com\/de-de\/wp-json\/wp\/v2\/pages\/10559\/revisions\/35455"}],"up":[{"embeddable":true,"href":"https:\/\/www.sts-education.com\/de-de\/wp-json\/wp\/v2\/pages\/10544"}],"wp:attachment":[{"href":"https:\/\/www.sts-education.com\/de-de\/wp-json\/wp\/v2\/media?parent=10559"}],"wp:term":[{"taxonomy":"wpw_page_folders","embeddable":true,"href":"https:\/\/www.sts-education.com\/de-de\/wp-json\/wp\/v2\/wpw_page_folders?post=10559"}],"curies":[{"name":"wp","href":"https:\/\/api.w.org\/{rel}","templated":true}]}}