{"id":10561,"date":"2025-12-16T10:22:28","date_gmt":"2025-12-16T10:22:28","guid":{"rendered":"https:\/\/preprod.sts-education.com\/ueber-sts\/nachhaltigkeit\/"},"modified":"2026-04-01T01:35:13","modified_gmt":"2026-04-01T01:35:13","slug":"nachhaltigkeit","status":"publish","type":"page","link":"https:\/\/www.sts-education.com\/de-de\/ueber-sts\/nachhaltigkeit\/","title":{"rendered":"Nachhaltigkeit"},"content":{"rendered":"\n<section class=\"wp-block-sts-hero sts-block-hero is-variant-full-background has-text-light has-background-media\" style=\"--sts-hero-padding-mobile:0px;--sts-hero-padding-desktop:0px;--sts-hero-text-color:var(--wp--preset--color--base-10, #fff);\" data-variant=\"full-background\"><div class=\"sts-block-hero__background\"><picture class=\"sts-responsive-image has-fit-cover is-skeleton\"><img src=\"https:\/\/cdn.sts-education.com\/13746_hero_lg_xl.jpg\" alt=\"Globale Wirkung\" loading=\"lazy\" decoding=\"async\" fetchpriority=\"low\" sizes=\"100vw\" \/><\/picture><span class=\"sts-block-hero__overlay\" aria-hidden=\"true\"><\/span><\/div><div class=\"sts-block-hero__inner\"><div class=\"sts-block-hero__content has-align-center\"><div class=\"sts-block-hero__content-inner\"><h1 class=\"sts-block-hero__heading\">Globale Wirkung<\/h1><\/div><\/div><\/div><\/section>\n\n\n\n<div class=\"wp-block-sts-text sts-text-editor has-max-width-md\"><div class=\"sts-text-editor__content\"><div class=\"sts-text-editor__content-inner\">\n<h2>STS &amp; Aiducatius<\/h2>\n\n<p>Deine Austauscherfahrung kann einen Unterschied machen! Mit STS reist du nicht einfach nur ins Ausland \u2013 du wirst Teil eines Engagements, das Kindern Bildung erm\u00f6glicht, lokale Gemeinschaften st\u00e4rkt und sich f\u00fcr den Schutz der Umwelt einsetzt. Als Teil der Educatius Group unterst\u00fctzt STS die gemeinn\u00fctzige Initiative Aiducatius, die wichtige Projekte in Gambia und Tansania finanziert. Jeder einzelne STS-Austauschsch\u00fcler tr\u00e4gt dazu bei. Ob du es bewusst wahrnimmst oder nicht \u2013 du bist Teil von etwas Gro\u00dfem: etwas das Hoffnung schenkt und echte Zukunftschancen er\u00f6ffnet.<\/p>\n\n<h2>St. Martin\u2019s School, Gambia<\/h2>\n\n<p>In dem l\u00e4ndlichen K\u00fcstendorf Kartong unterrichtet die St. Martin\u2019s School mehr als 1.500 Sch\u00fcler aus der Umgebung. Der Unterricht ist kostenlos, aber viele Familien haben dennoch Schwierigkeiten, die Grundkosten f\u00fcr B\u00fccher, Uniformen, Schulmaterial und sogar Schuhe aufzubringen. Aiducatius hilft dabei, finanzielle Hindernisse zu beseitigen. Jedes Jahr erhalten Hunderte von Sch\u00fclern die Materialien, die sie ben\u00f6tigen, um die Schule weiter besuchen zu k\u00f6nnen. Das kann bedeuten, dass ein Kind seine Ausbildung fortsetzen kann, anstatt zu Hause zu bleiben. Oder dass ein Elternteil f\u00fcr die Universit\u00e4t sparen kann, anstatt sich um das Hier und Jetzt sorgen zu m\u00fcssen.<\/p>\n\n<h2>Gabriella Children Rehabilitation Centre, Tansania<\/h2>\n\n<p>Am Fu\u00dfe des Kilimandscharo bietet das Gabriella Children Rehabilitation Centre Kindern mit Behinderungen die M\u00f6glichkeit zu lernen, sich einzubringen und Unabh\u00e4ngigkeit zu erlangen. Ohne diese Schule w\u00fcrden viele von ihnen vollst\u00e4ndig aus der Gesellschaft ausgeschlossen sein und Gefahr laufen, missbraucht und vernachl\u00e4ssigt zu werden. Die Sch\u00fcler werden auf individuell zugeschnittenen Wegen begleitet \u2013 einige akademisch, andere beruflich. Sie lernen backen, g\u00e4rtnern, bauen, Tiere aufziehen und sogar Waren herstellen, die zur Finanzierung des Zentrums beitragen. Aiducatius unterst\u00fctzt die Geh\u00e4lter der Lehrer und hilft bei der Erweiterung von Programmen, die derzeit von staatlichen P\u00e4dagogen in ganz Tansania untersucht und geteilt werden.<\/p>\n\n<h2>Baumpflanzung und Naturschutz, Tansania<\/h2>\n\n<p>Ein Auslandsstudium bedeutet Reisen, und Reisen hinterlassen einen CO2-Fu\u00dfabdruck. Seit 2009 unterst\u00fctzt Aiducatius lokale Naturschutzgruppen in Biharamulo im Nordwesten Tansanias dabei, Hunderttausende von B\u00e4umen zu pflanzen. Dadurch werden W\u00e4lder wiederhergestellt, Wasserquellen gesch\u00fctzt und junge Menschen darin geschult, sich einen Lebensunterhalt in der nachhaltigen Forstwirtschaft aufzubauen. Diese Initiativen verbessern auch die Gesundheit und reduzieren die Entwaldung durch die Einf\u00fchrung von brennstoffsparenden Kochherden, die heute in Haushalten und Schulen in der gesamten Region verwendet werden. Diese Initiative sch\u00fctzt \u00d6kosysteme und schafft wirtschaftliche M\u00f6glichkeiten f\u00fcr die lokalen Gemeinden.<\/p>\n\n<h2>The Aiducatius Creativity Internship<\/h2>\n\n<p>Jedes Jahr veranstaltet Educatius einen weltweiten Wettbewerb f\u00fcr Sch\u00fcler, Alumni, Gastfamilien, Lehrer und Mitarbeiter, bei dem sie sich f\u00fcr ein zweiw\u00f6chiges Kreativpraktikum an der St. Martin&#8217;s School in Gambia bewerben k\u00f6nnen. Die Gewinner entwerfen und leiten Workshops in Kunst, Geschichtenerz\u00e4hlen oder Musik und arbeiten gemeinsam mit lokalen Lehrern an Projekten, die diesen einzigartigen Lernaustausch unterst\u00fctzen. Au\u00dferdem helfen sie dabei, Spenden wie B\u00fccher, Hygieneartikel und Schulmaterialien zu sammeln.<\/p>\n<\/div><\/div><\/div>\n\n","protected":false},"excerpt":{"rendered":"","protected":false},"author":20,"featured_media":15269,"parent":10544,"menu_order":0,"comment_status":"closed","ping_status":"closed","template":"templates\/template-default-with-breadcrumbs.php","meta":{"_acf_changed":false,"sts_page_background_color":"","footnotes":""},"wpw_page_folders":[77],"class_list":["post-10561","page","type-page","status-publish","has-post-thumbnail","hentry"],"acf":[],"yoast_head":"<!-- This site is optimized with the Yoast SEO Premium plugin v27.2 (Yoast SEO v27.3) - https:\/\/yoast.com\/product\/yoast-seo-premium-wordpress\/ -->\n<title>Globale Wirkung<\/title>\n<meta name=\"description\" content=\"Mit STS reist du nicht einfach nur ins Ausland \u2013 du wirst Teil eines Engagements, das Kindern Bildung erm\u00f6glicht, lokale Gemeinschaften st\u00e4rkt und sich f\u00fcr den Schutz der Umwelt einsetzt.\" \/>\n<meta name=\"robots\" content=\"index, follow, max-snippet:-1, max-image-preview:large, max-video-preview:-1\" \/>\n<link rel=\"canonical\" href=\"https:\/\/www.sts-education.com\/de-de\/ueber-sts\/nachhaltigkeit\/\" \/>\n<meta property=\"og:locale\" content=\"de_DE\" \/>\n<meta property=\"og:type\" content=\"article\" \/>\n<meta property=\"og:title\" content=\"Nachhaltigkeit\" \/>\n<meta property=\"og:description\" content=\"Mit STS reist du nicht einfach nur ins Ausland \u2013 du wirst Teil eines Engagements, das Kindern Bildung erm\u00f6glicht, lokale Gemeinschaften st\u00e4rkt und sich f\u00fcr den Schutz der Umwelt einsetzt.\" \/>\n<meta property=\"og:url\" content=\"https:\/\/www.sts-education.com\/de-de\/ueber-sts\/nachhaltigkeit\/\" \/>\n<meta property=\"og:site_name\" content=\"STS Education\" \/>\n<meta property=\"article:modified_time\" content=\"2026-04-01T01:35:13+00:00\" \/>\n<meta property=\"og:image\" content=\"https:\/\/powered-by.qbank.se\/educatius\/sts\/\/3d1ea4feabe1e0e42df6e0c9e599fe93_1-1-thumb.webp\" \/>\n\t<meta property=\"og:image:width\" content=\"150\" \/>\n\t<meta property=\"og:image:height\" content=\"150\" \/>\n\t<meta property=\"og:image:type\" content=\"image\/jpeg\" \/>\n<meta name=\"twitter:card\" content=\"summary_large_image\" \/>\n<meta name=\"twitter:label1\" content=\"Gesch\u00e4tzte Lesezeit\" \/>\n\t<meta name=\"twitter:data1\" content=\"2\u00a0Minuten\" \/>\n<script type=\"application\/ld+json\" class=\"yoast-schema-graph\">{\"@context\":\"https:\\\/\\\/schema.org\",\"@graph\":[{\"@type\":\"WebPage\",\"@id\":\"https:\\\/\\\/www.sts-education.com\\\/de-de\\\/ueber-sts\\\/nachhaltigkeit\\\/\",\"url\":\"https:\\\/\\\/www.sts-education.com\\\/de-de\\\/ueber-sts\\\/nachhaltigkeit\\\/\",\"name\":\"Globale Wirkung\",\"isPartOf\":{\"@id\":\"https:\\\/\\\/www.sts-education.com\\\/de-de\\\/#website\"},\"primaryImageOfPage\":{\"@id\":\"https:\\\/\\\/www.sts-education.com\\\/de-de\\\/ueber-sts\\\/nachhaltigkeit\\\/#primaryimage\"},\"image\":{\"@id\":\"https:\\\/\\\/www.sts-education.com\\\/de-de\\\/ueber-sts\\\/nachhaltigkeit\\\/#primaryimage\"},\"thumbnailUrl\":\"https:\\\/\\\/powered-by.qbank.se\\\/educatius\\\/sts\\\/\\\/3d1ea4feabe1e0e42df6e0c9e599fe93_1-1-thumb.webp\",\"datePublished\":\"2025-12-16T10:22:28+00:00\",\"dateModified\":\"2026-04-01T01:35:13+00:00\",\"description\":\"Mit STS reist du nicht einfach nur ins Ausland \u2013 du wirst Teil eines Engagements, das Kindern Bildung erm\u00f6glicht, lokale Gemeinschaften st\u00e4rkt und sich f\u00fcr den Schutz der Umwelt einsetzt.\",\"breadcrumb\":{\"@id\":\"https:\\\/\\\/www.sts-education.com\\\/de-de\\\/ueber-sts\\\/nachhaltigkeit\\\/#breadcrumb\"},\"inLanguage\":\"de\",\"potentialAction\":[{\"@type\":\"ReadAction\",\"target\":[\"https:\\\/\\\/www.sts-education.com\\\/de-de\\\/ueber-sts\\\/nachhaltigkeit\\\/\"]}]},{\"@type\":\"ImageObject\",\"inLanguage\":\"de\",\"@id\":\"https:\\\/\\\/www.sts-education.com\\\/de-de\\\/ueber-sts\\\/nachhaltigkeit\\\/#primaryimage\",\"url\":\"https:\\\/\\\/powered-by.qbank.se\\\/educatius\\\/sts\\\/\\\/3d1ea4feabe1e0e42df6e0c9e599fe93_1-1-thumb.webp\",\"contentUrl\":\"https:\\\/\\\/powered-by.qbank.se\\\/educatius\\\/sts\\\/\\\/3d1ea4feabe1e0e42df6e0c9e599fe93_1-1-thumb.webp\",\"width\":150,\"height\":150},{\"@type\":\"BreadcrumbList\",\"@id\":\"https:\\\/\\\/www.sts-education.com\\\/de-de\\\/ueber-sts\\\/nachhaltigkeit\\\/#breadcrumb\",\"itemListElement\":[{\"@type\":\"ListItem\",\"position\":1,\"name\":\"Home\",\"item\":\"https:\\\/\\\/www.sts-education.com\\\/de-de\\\/sample-page\\\/\"},{\"@type\":\"ListItem\",\"position\":2,\"name\":\"Ueber Sts\",\"item\":\"https:\\\/\\\/www.sts-education.com\\\/de-de\\\/ueber-sts\\\/\"},{\"@type\":\"ListItem\",\"position\":3,\"name\":\"Nachhaltigkeit\"}]},{\"@type\":\"WebSite\",\"@id\":\"https:\\\/\\\/www.sts-education.com\\\/de-de\\\/#website\",\"url\":\"https:\\\/\\\/www.sts-education.com\\\/de-de\\\/\",\"name\":\"STS Education\",\"description\":\"\",\"potentialAction\":[{\"@type\":\"SearchAction\",\"target\":{\"@type\":\"EntryPoint\",\"urlTemplate\":\"https:\\\/\\\/www.sts-education.com\\\/de-de\\\/?s={search_term_string}\"},\"query-input\":{\"@type\":\"PropertyValueSpecification\",\"valueRequired\":true,\"valueName\":\"search_term_string\"}}],\"inLanguage\":\"de\"}]}<\/script>\n<!-- \/ Yoast SEO Premium plugin. -->","yoast_head_json":{"title":"Globale Wirkung","description":"Mit STS reist du nicht einfach nur ins Ausland \u2013 du wirst Teil eines Engagements, das Kindern Bildung erm\u00f6glicht, lokale Gemeinschaften st\u00e4rkt und sich f\u00fcr den Schutz der Umwelt einsetzt.","robots":{"index":"index","follow":"follow","max-snippet":"max-snippet:-1","max-image-preview":"max-image-preview:large","max-video-preview":"max-video-preview:-1"},"canonical":"https:\/\/www.sts-education.com\/de-de\/ueber-sts\/nachhaltigkeit\/","og_locale":"de_DE","og_type":"article","og_title":"Nachhaltigkeit","og_description":"Mit STS reist du nicht einfach nur ins Ausland \u2013 du wirst Teil eines Engagements, das Kindern Bildung erm\u00f6glicht, lokale Gemeinschaften st\u00e4rkt und sich f\u00fcr den Schutz der Umwelt einsetzt.","og_url":"https:\/\/www.sts-education.com\/de-de\/ueber-sts\/nachhaltigkeit\/","og_site_name":"STS Education","article_modified_time":"2026-04-01T01:35:13+00:00","og_image":[{"width":150,"height":150,"url":"https:\/\/powered-by.qbank.se\/educatius\/sts\/\/3d1ea4feabe1e0e42df6e0c9e599fe93_1-1-thumb.webp","type":"image\/jpeg"}],"twitter_card":"summary_large_image","twitter_misc":{"Gesch\u00e4tzte Lesezeit":"2\u00a0Minuten"},"schema":{"@context":"https:\/\/schema.org","@graph":[{"@type":"WebPage","@id":"https:\/\/www.sts-education.com\/de-de\/ueber-sts\/nachhaltigkeit\/","url":"https:\/\/www.sts-education.com\/de-de\/ueber-sts\/nachhaltigkeit\/","name":"Globale Wirkung","isPartOf":{"@id":"https:\/\/www.sts-education.com\/de-de\/#website"},"primaryImageOfPage":{"@id":"https:\/\/www.sts-education.com\/de-de\/ueber-sts\/nachhaltigkeit\/#primaryimage"},"image":{"@id":"https:\/\/www.sts-education.com\/de-de\/ueber-sts\/nachhaltigkeit\/#primaryimage"},"thumbnailUrl":"https:\/\/powered-by.qbank.se\/educatius\/sts\/\/3d1ea4feabe1e0e42df6e0c9e599fe93_1-1-thumb.webp","datePublished":"2025-12-16T10:22:28+00:00","dateModified":"2026-04-01T01:35:13+00:00","description":"Mit STS reist du nicht einfach nur ins Ausland \u2013 du wirst Teil eines Engagements, das Kindern Bildung erm\u00f6glicht, lokale Gemeinschaften st\u00e4rkt und sich f\u00fcr den Schutz der Umwelt einsetzt.","breadcrumb":{"@id":"https:\/\/www.sts-education.com\/de-de\/ueber-sts\/nachhaltigkeit\/#breadcrumb"},"inLanguage":"de","potentialAction":[{"@type":"ReadAction","target":["https:\/\/www.sts-education.com\/de-de\/ueber-sts\/nachhaltigkeit\/"]}]},{"@type":"ImageObject","inLanguage":"de","@id":"https:\/\/www.sts-education.com\/de-de\/ueber-sts\/nachhaltigkeit\/#primaryimage","url":"https:\/\/powered-by.qbank.se\/educatius\/sts\/\/3d1ea4feabe1e0e42df6e0c9e599fe93_1-1-thumb.webp","contentUrl":"https:\/\/powered-by.qbank.se\/educatius\/sts\/\/3d1ea4feabe1e0e42df6e0c9e599fe93_1-1-thumb.webp","width":150,"height":150},{"@type":"BreadcrumbList","@id":"https:\/\/www.sts-education.com\/de-de\/ueber-sts\/nachhaltigkeit\/#breadcrumb","itemListElement":[{"@type":"ListItem","position":1,"name":"Home","item":"https:\/\/www.sts-education.com\/de-de\/sample-page\/"},{"@type":"ListItem","position":2,"name":"Ueber Sts","item":"https:\/\/www.sts-education.com\/de-de\/ueber-sts\/"},{"@type":"ListItem","position":3,"name":"Nachhaltigkeit"}]},{"@type":"WebSite","@id":"https:\/\/www.sts-education.com\/de-de\/#website","url":"https:\/\/www.sts-education.com\/de-de\/","name":"STS Education","description":"","potentialAction":[{"@type":"SearchAction","target":{"@type":"EntryPoint","urlTemplate":"https:\/\/www.sts-education.com\/de-de\/?s={search_term_string}"},"query-input":{"@type":"PropertyValueSpecification","valueRequired":true,"valueName":"search_term_string"}}],"inLanguage":"de"}]}},"_links":{"self":[{"href":"https:\/\/www.sts-education.com\/de-de\/wp-json\/wp\/v2\/pages\/10561","targetHints":{"allow":["GET"]}}],"collection":[{"href":"https:\/\/www.sts-education.com\/de-de\/wp-json\/wp\/v2\/pages"}],"about":[{"href":"https:\/\/www.sts-education.com\/de-de\/wp-json\/wp\/v2\/types\/page"}],"author":[{"embeddable":true,"href":"https:\/\/www.sts-education.com\/de-de\/wp-json\/wp\/v2\/users\/20"}],"replies":[{"embeddable":true,"href":"https:\/\/www.sts-education.com\/de-de\/wp-json\/wp\/v2\/comments?post=10561"}],"version-history":[{"count":2,"href":"https:\/\/www.sts-education.com\/de-de\/wp-json\/wp\/v2\/pages\/10561\/revisions"}],"predecessor-version":[{"id":20280,"href":"https:\/\/www.sts-education.com\/de-de\/wp-json\/wp\/v2\/pages\/10561\/revisions\/20280"}],"up":[{"embeddable":true,"href":"https:\/\/www.sts-education.com\/de-de\/wp-json\/wp\/v2\/pages\/10544"}],"wp:featuredmedia":[{"embeddable":true,"href":"https:\/\/www.sts-education.com\/de-de\/wp-json\/wp\/v2\/media\/15269"}],"wp:attachment":[{"href":"https:\/\/www.sts-education.com\/de-de\/wp-json\/wp\/v2\/media?parent=10561"}],"wp:term":[{"taxonomy":"wpw_page_folders","embeddable":true,"href":"https:\/\/www.sts-education.com\/de-de\/wp-json\/wp\/v2\/wpw_page_folders?post=10561"}],"curies":[{"name":"wp","href":"https:\/\/api.w.org\/{rel}","templated":true}]}}