{"id":10567,"date":"2022-05-04T09:43:40","date_gmt":"2022-05-04T09:43:40","guid":{"rendered":"https:\/\/preprod.sts-education.com\/gastfamilie\/gastfamilie-werden\/infomeeting-fur-neue-gastfamilien\/"},"modified":"2026-04-15T09:37:34","modified_gmt":"2026-04-15T09:37:34","slug":"infomeeting-fur-neue-gastfamilien","status":"publish","type":"page","link":"https:\/\/www.sts-education.com\/de-de\/gastfamilie\/gastfamilie-werden\/infomeeting-fur-neue-gastfamilien\/","title":{"rendered":"Infomeeting Fur Neue Gastfamilien"},"content":{"rendered":"\n<div class=\"wp-block-sts-text sts-text-editor has-max-width-md\"><div class=\"sts-text-editor__content\"><div class=\"sts-text-editor__content-inner\">\n<h1>Besucht unser Webinar<\/h1>\n<\/div><\/div><\/div>\n\n\n\n<div class=\"wp-block-sts-text sts-text-editor has-max-width-md\"><div class=\"sts-text-editor__content\"><div class=\"sts-text-editor__content-inner\">\n<p>\u00dcberlegt ihr, zu Hause als Gastfamilie einen Sch\u00fcler oder eine Sch\u00fclerin aus dem Ausland aufzunehmen? Und habt jede Menge Fragen dazu? Bei unseren Webinaren k\u00f6nnt ihr sie stellen.<\/p>\n<h2>Trefft uns pers\u00f6nlich<\/h2>\n<p>Bei unseren Webinaren steht euch das STS-Inbound Team zur Seite und beantwortet alle eure Fragen rund um das Thema Gastfamilie. Ihr erfahrt, wer Gastfamilie werden kann, welche Aufgaben damit verbunden sind und welche Vorteile euch erwarten. Wir erkl\u00e4ren, wie wir euch w\u00e4hrend des gesamten Austauschs unterst\u00fctzen und was genau auf euch zukommt. Au\u00dferdem lernt ihr Austauschsch\u00fcler kennen, die aktuell eine Gastfamilie suchen. Wir geben euch einen \u00dcberblick \u00fcber den Ablauf des Programms und nehmen uns Zeit, um auf eure individuellen Fragen einzugehen. Wollt ihr eure Kinder mitbringen? Das ist eine super Idee, denn es ist ideal, wenn alle Familienmitglieder in den Austausch involviert sind und Lust darauf haben. Auch andere Familienmitglieder und Freunde sind herzlich willkommen.<\/p>\n<h2>Braucht ihr sofort Infos?<\/h2>\n<p>Ihr habt schon heute viele Fragen und m\u00f6chten gleich eine Antwort? Dann sind wir Montag bis Freitag von 9 bis 18 Uhr f\u00fcr euch da und warten auf euren Anruf. Besucht uns in unserem B\u00fcro An der Alster 62a in Hamburg, ruft an unter 040 &#8211; 303 999 23 oder schickt uns eine Mail an <a href=\"mailto:inbound.de@sts-education.com\">inbound.de@sts-education.com<\/a>. Vereinbart euer ganz pers\u00f6nliches Webinar per Telefon, Teams oder bei uns vor Ort. Wom\u00f6glich beginnt damit eine unvergessliche Zeit eures Lebens!<\/p>\n<p><a href=\"https:\/\/www.sts-education.com\/de-de\/gastfamilie-werden\/interesse\/\">Jetzt als Gastfamilie bewerben<\/a><\/p>\n<h3>N\u00e4chste Termine:<\/h3>\n<\/div><\/div><\/div>\n\n\n<div class=\"sts-block-cards sts-block-cards--listing is-empty has-max-width-md wp-block-sts-cards\"><\/div>","protected":false},"excerpt":{"rendered":"","protected":false},"author":20,"featured_media":0,"parent":27798,"menu_order":0,"comment_status":"closed","ping_status":"closed","template":"","meta":{"_acf_changed":false,"sts_page_background_color":"","footnotes":""},"wpw_page_folders":[89],"class_list":["post-10567","page","type-page","status-publish","hentry"],"acf":[],"yoast_head":"<!-- This site is optimized with the Yoast SEO Premium plugin v27.2 (Yoast SEO v27.3) - https:\/\/yoast.com\/product\/yoast-seo-premium-wordpress\/ -->\n<title>Webinare<\/title>\n<meta name=\"robots\" content=\"index, follow, max-snippet:-1, max-image-preview:large, max-video-preview:-1\" \/>\n<link rel=\"canonical\" href=\"https:\/\/www.sts-education.com\/de-de\/gastfamilie\/gastfamilie-werden\/infomeeting-fur-neue-gastfamilien\/\" \/>\n<meta property=\"og:locale\" content=\"de_DE\" \/>\n<meta property=\"og:type\" content=\"article\" \/>\n<meta property=\"og:title\" content=\"Infomeeting Fur Neue Gastfamilien\" \/>\n<meta property=\"og:url\" content=\"https:\/\/www.sts-education.com\/de-de\/gastfamilie\/gastfamilie-werden\/infomeeting-fur-neue-gastfamilien\/\" \/>\n<meta property=\"og:site_name\" content=\"STS Education\" \/>\n<meta property=\"article:modified_time\" content=\"2026-04-15T09:37:34+00:00\" \/>\n<meta name=\"twitter:card\" content=\"summary_large_image\" \/>\n<meta name=\"twitter:label1\" content=\"Gesch\u00e4tzte Lesezeit\" \/>\n\t<meta name=\"twitter:data1\" content=\"2\u00a0Minuten\" \/>\n<script type=\"application\/ld+json\" class=\"yoast-schema-graph\">{\"@context\":\"https:\\\/\\\/schema.org\",\"@graph\":[{\"@type\":\"WebPage\",\"@id\":\"https:\\\/\\\/www.sts-education.com\\\/de-de\\\/gastfamilie\\\/gastfamilie-werden\\\/infomeeting-fur-neue-gastfamilien\\\/\",\"url\":\"https:\\\/\\\/www.sts-education.com\\\/de-de\\\/gastfamilie\\\/gastfamilie-werden\\\/infomeeting-fur-neue-gastfamilien\\\/\",\"name\":\"Webinare\",\"isPartOf\":{\"@id\":\"https:\\\/\\\/www.sts-education.com\\\/de-de\\\/#website\"},\"datePublished\":\"2022-05-04T09:43:40+00:00\",\"dateModified\":\"2026-04-15T09:37:34+00:00\",\"breadcrumb\":{\"@id\":\"https:\\\/\\\/www.sts-education.com\\\/de-de\\\/gastfamilie\\\/gastfamilie-werden\\\/infomeeting-fur-neue-gastfamilien\\\/#breadcrumb\"},\"inLanguage\":\"de\",\"potentialAction\":[{\"@type\":\"ReadAction\",\"target\":[\"https:\\\/\\\/www.sts-education.com\\\/de-de\\\/gastfamilie\\\/gastfamilie-werden\\\/infomeeting-fur-neue-gastfamilien\\\/\"]}]},{\"@type\":\"BreadcrumbList\",\"@id\":\"https:\\\/\\\/www.sts-education.com\\\/de-de\\\/gastfamilie\\\/gastfamilie-werden\\\/infomeeting-fur-neue-gastfamilien\\\/#breadcrumb\",\"itemListElement\":[{\"@type\":\"ListItem\",\"position\":1,\"name\":\"Home\",\"item\":\"https:\\\/\\\/www.sts-education.com\\\/de-de\\\/sample-page\\\/\"},{\"@type\":\"ListItem\",\"position\":2,\"name\":\"Gastfamilie\",\"item\":\"https:\\\/\\\/www.sts-education.com\\\/de-de\\\/gastfamilie\\\/\"},{\"@type\":\"ListItem\",\"position\":3,\"name\":\"Gastfamilie Werden\",\"item\":\"https:\\\/\\\/www.sts-education.com\\\/de-de\\\/gastfamilie\\\/gastfamilie-werden\\\/\"},{\"@type\":\"ListItem\",\"position\":4,\"name\":\"Infomeeting Fur Neue Gastfamilien\"}]},{\"@type\":\"WebSite\",\"@id\":\"https:\\\/\\\/www.sts-education.com\\\/de-de\\\/#website\",\"url\":\"https:\\\/\\\/www.sts-education.com\\\/de-de\\\/\",\"name\":\"STS Education\",\"description\":\"\",\"potentialAction\":[{\"@type\":\"SearchAction\",\"target\":{\"@type\":\"EntryPoint\",\"urlTemplate\":\"https:\\\/\\\/www.sts-education.com\\\/de-de\\\/?s={search_term_string}\"},\"query-input\":{\"@type\":\"PropertyValueSpecification\",\"valueRequired\":true,\"valueName\":\"search_term_string\"}}],\"inLanguage\":\"de\"}]}<\/script>\n<!-- \/ Yoast SEO Premium plugin. -->","yoast_head_json":{"title":"Webinare","robots":{"index":"index","follow":"follow","max-snippet":"max-snippet:-1","max-image-preview":"max-image-preview:large","max-video-preview":"max-video-preview:-1"},"canonical":"https:\/\/www.sts-education.com\/de-de\/gastfamilie\/gastfamilie-werden\/infomeeting-fur-neue-gastfamilien\/","og_locale":"de_DE","og_type":"article","og_title":"Infomeeting Fur Neue Gastfamilien","og_url":"https:\/\/www.sts-education.com\/de-de\/gastfamilie\/gastfamilie-werden\/infomeeting-fur-neue-gastfamilien\/","og_site_name":"STS Education","article_modified_time":"2026-04-15T09:37:34+00:00","twitter_card":"summary_large_image","twitter_misc":{"Gesch\u00e4tzte Lesezeit":"2\u00a0Minuten"},"schema":{"@context":"https:\/\/schema.org","@graph":[{"@type":"WebPage","@id":"https:\/\/www.sts-education.com\/de-de\/gastfamilie\/gastfamilie-werden\/infomeeting-fur-neue-gastfamilien\/","url":"https:\/\/www.sts-education.com\/de-de\/gastfamilie\/gastfamilie-werden\/infomeeting-fur-neue-gastfamilien\/","name":"Webinare","isPartOf":{"@id":"https:\/\/www.sts-education.com\/de-de\/#website"},"datePublished":"2022-05-04T09:43:40+00:00","dateModified":"2026-04-15T09:37:34+00:00","breadcrumb":{"@id":"https:\/\/www.sts-education.com\/de-de\/gastfamilie\/gastfamilie-werden\/infomeeting-fur-neue-gastfamilien\/#breadcrumb"},"inLanguage":"de","potentialAction":[{"@type":"ReadAction","target":["https:\/\/www.sts-education.com\/de-de\/gastfamilie\/gastfamilie-werden\/infomeeting-fur-neue-gastfamilien\/"]}]},{"@type":"BreadcrumbList","@id":"https:\/\/www.sts-education.com\/de-de\/gastfamilie\/gastfamilie-werden\/infomeeting-fur-neue-gastfamilien\/#breadcrumb","itemListElement":[{"@type":"ListItem","position":1,"name":"Home","item":"https:\/\/www.sts-education.com\/de-de\/sample-page\/"},{"@type":"ListItem","position":2,"name":"Gastfamilie","item":"https:\/\/www.sts-education.com\/de-de\/gastfamilie\/"},{"@type":"ListItem","position":3,"name":"Gastfamilie Werden","item":"https:\/\/www.sts-education.com\/de-de\/gastfamilie\/gastfamilie-werden\/"},{"@type":"ListItem","position":4,"name":"Infomeeting Fur Neue Gastfamilien"}]},{"@type":"WebSite","@id":"https:\/\/www.sts-education.com\/de-de\/#website","url":"https:\/\/www.sts-education.com\/de-de\/","name":"STS Education","description":"","potentialAction":[{"@type":"SearchAction","target":{"@type":"EntryPoint","urlTemplate":"https:\/\/www.sts-education.com\/de-de\/?s={search_term_string}"},"query-input":{"@type":"PropertyValueSpecification","valueRequired":true,"valueName":"search_term_string"}}],"inLanguage":"de"}]}},"_links":{"self":[{"href":"https:\/\/www.sts-education.com\/de-de\/wp-json\/wp\/v2\/pages\/10567","targetHints":{"allow":["GET"]}}],"collection":[{"href":"https:\/\/www.sts-education.com\/de-de\/wp-json\/wp\/v2\/pages"}],"about":[{"href":"https:\/\/www.sts-education.com\/de-de\/wp-json\/wp\/v2\/types\/page"}],"author":[{"embeddable":true,"href":"https:\/\/www.sts-education.com\/de-de\/wp-json\/wp\/v2\/users\/20"}],"replies":[{"embeddable":true,"href":"https:\/\/www.sts-education.com\/de-de\/wp-json\/wp\/v2\/comments?post=10567"}],"version-history":[{"count":6,"href":"https:\/\/www.sts-education.com\/de-de\/wp-json\/wp\/v2\/pages\/10567\/revisions"}],"predecessor-version":[{"id":35508,"href":"https:\/\/www.sts-education.com\/de-de\/wp-json\/wp\/v2\/pages\/10567\/revisions\/35508"}],"up":[{"embeddable":true,"href":"https:\/\/www.sts-education.com\/de-de\/wp-json\/wp\/v2\/pages\/27798"}],"wp:attachment":[{"href":"https:\/\/www.sts-education.com\/de-de\/wp-json\/wp\/v2\/media?parent=10567"}],"wp:term":[{"taxonomy":"wpw_page_folders","embeddable":true,"href":"https:\/\/www.sts-education.com\/de-de\/wp-json\/wp\/v2\/wpw_page_folders?post=10567"}],"curies":[{"name":"wp","href":"https:\/\/api.w.org\/{rel}","templated":true}]}}