{"id":10570,"date":"2019-03-12T10:34:46","date_gmt":"2019-03-12T10:34:46","guid":{"rendered":"https:\/\/preprod.sts-education.com\/gastfamilie\/gastfamilie-werden\/verguetung-host-and-go\/"},"modified":"2026-04-07T09:38:34","modified_gmt":"2026-04-07T09:38:34","slug":"verguetung-host-and-go","status":"publish","type":"page","link":"https:\/\/www.sts-education.com\/de-de\/gastfamilie\/gastfamilie-werden\/verguetung-host-and-go\/","title":{"rendered":"Verguetung Host And Go"},"content":{"rendered":"\n<section class=\"wp-block-sts-hero sts-block-hero sts-block-hero is-variant-full-background has-text-light has-background-media\" style=\"--sts-hero-padding-mobile:0px;--sts-hero-padding-desktop:0px;--sts-hero-text-color:var(--wp--preset--color--base-10, #fff)\" data-variant=\"full-background\"><div class=\"sts-block-hero__background\"><picture class=\"sts-responsive-image has-pos-center is-skeleton\"><img src=\"https:\/\/cdn.sts-education.com\/12231_hero_lg_xl.jpg\" alt=\"Aufwandsentsch\u00e4digung f\u00fcr Gastfamilien\" loading=\"lazy\" decoding=\"async\" fetchpriority=\"low\" sizes=\"(max-width: 640px) max(100vw, calc(clamp(320px, 100vh, 720px) * 9 \/ 16)), (max-width: 840px) max(100vw, calc(clamp(320px, 100vh, 720px) * 1 \/ 1)), max(100vw, calc(clamp(320px, 100vh, 720px) * 16 \/ 9))\" style=\"object-position:center\" \/><\/picture><span class=\"sts-block-hero__overlay\" aria-hidden=\"true\"><\/span><\/div><div class=\"sts-block-hero__inner\"><div class=\"sts-block-hero__content has-align-center\"><div class=\"sts-block-hero__content-inner\"><h1 class=\"sts-block-hero__heading\">Aufwands-entsch\u00e4digung f\u00fcr Gastfamilien<\/h1><\/div><\/div><\/div><\/section>\n\n\n\n<div class=\"wp-block-sts-text sts-text-editor has-max-width-md\"><div class=\"sts-text-editor__content\"><div class=\"sts-text-editor__content-inner\">\n<p>Als Dankesch\u00f6n f\u00fcr deine Gastfreundschaft erh\u00e4ltst du einen monatlichen Zuschuss, w\u00e4hrend dein Gastkind bei dir wohnt. F\u00fcr Familien von STS-Sch\u00fclern bieten wir zus\u00e4tzlich den Host &amp; Go-Rabatt an. Wenn ihr w\u00e4hrend eures eigenen Austauschjahres einen Gastsch\u00fcler bei euch aufnehmt, zahlen wir je nach Dauer bis zu <strong>\u20ac500,-<\/strong> des Programmpreises zur\u00fcck.<\/p>\n<p>Kulturaustausch als Gastfamilie hei\u00dft: Ihr habt die Chance, ein neues Familienmitglied, lebenslange Freundschaften und eine erweiterte Familie im Ausland zu gewinnen. Ihr erlebt mit, wie euer Gastkind sich entwickelt und eure Sprache lernt. Ihr erlebt kulturellen Austausch als ganze Familie, gewinnt neue Einblicke, Perspektiven und lernt euch selbst und euer Heimatland noch einmal anders kennen.<\/p>\n<p>Ihr m\u00f6chtet schon Gastfamilie werden, bevor euer Kind ins Ausland geht, vielleicht um eure eigenen Kinder zu inspirieren, vorzubereiten und besser zu verstehen, was ein Austausch bedeutet? Den Host &amp; Go-Rabatt k\u00f6nnt ihr auch f\u00fcr den zuk\u00fcnftigen Sch\u00fcleraustausch eures Kindes in Anspruch nehmen. Genauso erstatten wir auch nach dem Austauschjahr eures Kindes einen Teil des Programmpreises zur\u00fcck, wenn ihr euch erst sp\u00e4ter entscheidet, ein Gastkind aufzunehmen. Und zwar bis zu drei Jahre nach der R\u00fcckkehr eures Teenagers.<\/p>\n<p>Das Gastkind tr\u00e4gt selbst die Kosten f\u00fcr Busfahrkarten, Schulmaterial und Schulkantine, Hygieneartikel, Kleidung und Freizeitaktivit\u00e4ten. Ihr stellt lediglich Kost und Logis.<\/p>\n<p>Wir informieren euch gerne ausf\u00fchrlich \u00fcber Host &amp; Go. Ihr erreicht uns telefonisch unter +49 40 303 999 23, per Mail an <a href=\"mailto:inbound.de@sts-education.com\">inbound.de@sts-education.com<\/a> oder \u00fcber unser Kontaktformular.<\/p>\n<\/div><\/div><\/div>\n","protected":false},"excerpt":{"rendered":"","protected":false},"author":20,"featured_media":0,"parent":27798,"menu_order":0,"comment_status":"closed","ping_status":"closed","template":"","meta":{"_acf_changed":false,"sts_page_background_color":"","footnotes":""},"wpw_page_folders":[89],"class_list":["post-10570","page","type-page","status-publish","hentry"],"acf":[],"yoast_head":"<!-- This site is optimized with the Yoast SEO Premium plugin v27.2 (Yoast SEO v27.3) - https:\/\/yoast.com\/product\/yoast-seo-premium-wordpress\/ -->\n<title>Host &amp; Go - Werdet Gastfamilie und bekommt einen Rabatt auf euer eigenes Austauschjahr<\/title>\n<meta name=\"description\" content=\"Ihr erhaltet bis zu 1.000 Euro \u201eHost &amp; Go\u201c-Rabatt, wenn ihr selbst Gastfamilie f\u00fcr einen Austauschsch\u00fcler werdet, w\u00e4hrend euer Kind im Austausch ist.\" \/>\n<meta name=\"robots\" content=\"index, follow, max-snippet:-1, max-image-preview:large, max-video-preview:-1\" \/>\n<link rel=\"canonical\" href=\"https:\/\/www.sts-education.com\/de-de\/gastfamilie\/gastfamilie-werden\/verguetung-host-and-go\/\" \/>\n<meta property=\"og:locale\" content=\"de_DE\" \/>\n<meta property=\"og:type\" content=\"article\" \/>\n<meta property=\"og:title\" content=\"Verguetung Host And Go\" \/>\n<meta property=\"og:description\" content=\"Ihr erhaltet bis zu 1.000 Euro \u201eHost &amp; Go\u201c-Rabatt, wenn ihr selbst Gastfamilie f\u00fcr einen Austauschsch\u00fcler werdet, w\u00e4hrend euer Kind im Austausch ist.\" \/>\n<meta property=\"og:url\" content=\"https:\/\/www.sts-education.com\/de-de\/gastfamilie\/gastfamilie-werden\/verguetung-host-and-go\/\" \/>\n<meta property=\"og:site_name\" content=\"STS Education\" \/>\n<meta property=\"article:modified_time\" content=\"2026-04-07T09:38:34+00:00\" \/>\n<meta property=\"og:image\" content=\"https:\/\/cdn.sts-education.com\/12231_hero_lg_xl.jpg\" \/>\n<meta name=\"twitter:card\" content=\"summary_large_image\" \/>\n<meta name=\"twitter:label1\" content=\"Gesch\u00e4tzte Lesezeit\" \/>\n\t<meta name=\"twitter:data1\" content=\"2\u00a0Minuten\" \/>\n<script type=\"application\/ld+json\" class=\"yoast-schema-graph\">{\"@context\":\"https:\\\/\\\/schema.org\",\"@graph\":[{\"@type\":\"WebPage\",\"@id\":\"https:\\\/\\\/www.sts-education.com\\\/de-de\\\/gastfamilie\\\/gastfamilie-werden\\\/verguetung-host-and-go\\\/\",\"url\":\"https:\\\/\\\/www.sts-education.com\\\/de-de\\\/gastfamilie\\\/gastfamilie-werden\\\/verguetung-host-and-go\\\/\",\"name\":\"Host & Go - Werdet Gastfamilie und bekommt einen Rabatt auf euer eigenes Austauschjahr\",\"isPartOf\":{\"@id\":\"https:\\\/\\\/www.sts-education.com\\\/de-de\\\/#website\"},\"primaryImageOfPage\":{\"@id\":\"https:\\\/\\\/www.sts-education.com\\\/de-de\\\/gastfamilie\\\/gastfamilie-werden\\\/verguetung-host-and-go\\\/#primaryimage\"},\"image\":{\"@id\":\"https:\\\/\\\/www.sts-education.com\\\/de-de\\\/gastfamilie\\\/gastfamilie-werden\\\/verguetung-host-and-go\\\/#primaryimage\"},\"thumbnailUrl\":\"https:\\\/\\\/cdn.sts-education.com\\\/12231_hero_lg_xl.jpg\",\"datePublished\":\"2019-03-12T10:34:46+00:00\",\"dateModified\":\"2026-04-07T09:38:34+00:00\",\"description\":\"Ihr erhaltet bis zu 1.000 Euro \u201eHost & Go\u201c-Rabatt, wenn ihr selbst Gastfamilie f\u00fcr einen Austauschsch\u00fcler werdet, w\u00e4hrend euer Kind im Austausch ist.\",\"breadcrumb\":{\"@id\":\"https:\\\/\\\/www.sts-education.com\\\/de-de\\\/gastfamilie\\\/gastfamilie-werden\\\/verguetung-host-and-go\\\/#breadcrumb\"},\"inLanguage\":\"de\",\"potentialAction\":[{\"@type\":\"ReadAction\",\"target\":[\"https:\\\/\\\/www.sts-education.com\\\/de-de\\\/gastfamilie\\\/gastfamilie-werden\\\/verguetung-host-and-go\\\/\"]}]},{\"@type\":\"ImageObject\",\"inLanguage\":\"de\",\"@id\":\"https:\\\/\\\/www.sts-education.com\\\/de-de\\\/gastfamilie\\\/gastfamilie-werden\\\/verguetung-host-and-go\\\/#primaryimage\",\"url\":\"https:\\\/\\\/cdn.sts-education.com\\\/12231_hero_lg_xl.jpg\",\"contentUrl\":\"https:\\\/\\\/cdn.sts-education.com\\\/12231_hero_lg_xl.jpg\"},{\"@type\":\"BreadcrumbList\",\"@id\":\"https:\\\/\\\/www.sts-education.com\\\/de-de\\\/gastfamilie\\\/gastfamilie-werden\\\/verguetung-host-and-go\\\/#breadcrumb\",\"itemListElement\":[{\"@type\":\"ListItem\",\"position\":1,\"name\":\"Home\",\"item\":\"https:\\\/\\\/www.sts-education.com\\\/de-de\\\/sample-page\\\/\"},{\"@type\":\"ListItem\",\"position\":2,\"name\":\"Gastfamilie\",\"item\":\"https:\\\/\\\/www.sts-education.com\\\/de-de\\\/gastfamilie\\\/\"},{\"@type\":\"ListItem\",\"position\":3,\"name\":\"Gastfamilie Werden\",\"item\":\"https:\\\/\\\/www.sts-education.com\\\/de-de\\\/gastfamilie\\\/gastfamilie-werden\\\/\"},{\"@type\":\"ListItem\",\"position\":4,\"name\":\"Verguetung Host And Go\"}]},{\"@type\":\"WebSite\",\"@id\":\"https:\\\/\\\/www.sts-education.com\\\/de-de\\\/#website\",\"url\":\"https:\\\/\\\/www.sts-education.com\\\/de-de\\\/\",\"name\":\"STS Education\",\"description\":\"\",\"potentialAction\":[{\"@type\":\"SearchAction\",\"target\":{\"@type\":\"EntryPoint\",\"urlTemplate\":\"https:\\\/\\\/www.sts-education.com\\\/de-de\\\/?s={search_term_string}\"},\"query-input\":{\"@type\":\"PropertyValueSpecification\",\"valueRequired\":true,\"valueName\":\"search_term_string\"}}],\"inLanguage\":\"de\"}]}<\/script>\n<!-- \/ Yoast SEO Premium plugin. -->","yoast_head_json":{"title":"Host & Go - Werdet Gastfamilie und bekommt einen Rabatt auf euer eigenes Austauschjahr","description":"Ihr erhaltet bis zu 1.000 Euro \u201eHost & Go\u201c-Rabatt, wenn ihr selbst Gastfamilie f\u00fcr einen Austauschsch\u00fcler werdet, w\u00e4hrend euer Kind im Austausch ist.","robots":{"index":"index","follow":"follow","max-snippet":"max-snippet:-1","max-image-preview":"max-image-preview:large","max-video-preview":"max-video-preview:-1"},"canonical":"https:\/\/www.sts-education.com\/de-de\/gastfamilie\/gastfamilie-werden\/verguetung-host-and-go\/","og_locale":"de_DE","og_type":"article","og_title":"Verguetung Host And Go","og_description":"Ihr erhaltet bis zu 1.000 Euro \u201eHost & Go\u201c-Rabatt, wenn ihr selbst Gastfamilie f\u00fcr einen Austauschsch\u00fcler werdet, w\u00e4hrend euer Kind im Austausch ist.","og_url":"https:\/\/www.sts-education.com\/de-de\/gastfamilie\/gastfamilie-werden\/verguetung-host-and-go\/","og_site_name":"STS Education","article_modified_time":"2026-04-07T09:38:34+00:00","og_image":[{"url":"https:\/\/cdn.sts-education.com\/12231_hero_lg_xl.jpg","type":"","width":"","height":""}],"twitter_card":"summary_large_image","twitter_misc":{"Gesch\u00e4tzte Lesezeit":"2\u00a0Minuten"},"schema":{"@context":"https:\/\/schema.org","@graph":[{"@type":"WebPage","@id":"https:\/\/www.sts-education.com\/de-de\/gastfamilie\/gastfamilie-werden\/verguetung-host-and-go\/","url":"https:\/\/www.sts-education.com\/de-de\/gastfamilie\/gastfamilie-werden\/verguetung-host-and-go\/","name":"Host & Go - Werdet Gastfamilie und bekommt einen Rabatt auf euer eigenes Austauschjahr","isPartOf":{"@id":"https:\/\/www.sts-education.com\/de-de\/#website"},"primaryImageOfPage":{"@id":"https:\/\/www.sts-education.com\/de-de\/gastfamilie\/gastfamilie-werden\/verguetung-host-and-go\/#primaryimage"},"image":{"@id":"https:\/\/www.sts-education.com\/de-de\/gastfamilie\/gastfamilie-werden\/verguetung-host-and-go\/#primaryimage"},"thumbnailUrl":"https:\/\/cdn.sts-education.com\/12231_hero_lg_xl.jpg","datePublished":"2019-03-12T10:34:46+00:00","dateModified":"2026-04-07T09:38:34+00:00","description":"Ihr erhaltet bis zu 1.000 Euro \u201eHost & Go\u201c-Rabatt, wenn ihr selbst Gastfamilie f\u00fcr einen Austauschsch\u00fcler werdet, w\u00e4hrend euer Kind im Austausch ist.","breadcrumb":{"@id":"https:\/\/www.sts-education.com\/de-de\/gastfamilie\/gastfamilie-werden\/verguetung-host-and-go\/#breadcrumb"},"inLanguage":"de","potentialAction":[{"@type":"ReadAction","target":["https:\/\/www.sts-education.com\/de-de\/gastfamilie\/gastfamilie-werden\/verguetung-host-and-go\/"]}]},{"@type":"ImageObject","inLanguage":"de","@id":"https:\/\/www.sts-education.com\/de-de\/gastfamilie\/gastfamilie-werden\/verguetung-host-and-go\/#primaryimage","url":"https:\/\/cdn.sts-education.com\/12231_hero_lg_xl.jpg","contentUrl":"https:\/\/cdn.sts-education.com\/12231_hero_lg_xl.jpg"},{"@type":"BreadcrumbList","@id":"https:\/\/www.sts-education.com\/de-de\/gastfamilie\/gastfamilie-werden\/verguetung-host-and-go\/#breadcrumb","itemListElement":[{"@type":"ListItem","position":1,"name":"Home","item":"https:\/\/www.sts-education.com\/de-de\/sample-page\/"},{"@type":"ListItem","position":2,"name":"Gastfamilie","item":"https:\/\/www.sts-education.com\/de-de\/gastfamilie\/"},{"@type":"ListItem","position":3,"name":"Gastfamilie Werden","item":"https:\/\/www.sts-education.com\/de-de\/gastfamilie\/gastfamilie-werden\/"},{"@type":"ListItem","position":4,"name":"Verguetung Host And Go"}]},{"@type":"WebSite","@id":"https:\/\/www.sts-education.com\/de-de\/#website","url":"https:\/\/www.sts-education.com\/de-de\/","name":"STS Education","description":"","potentialAction":[{"@type":"SearchAction","target":{"@type":"EntryPoint","urlTemplate":"https:\/\/www.sts-education.com\/de-de\/?s={search_term_string}"},"query-input":{"@type":"PropertyValueSpecification","valueRequired":true,"valueName":"search_term_string"}}],"inLanguage":"de"}]}},"_links":{"self":[{"href":"https:\/\/www.sts-education.com\/de-de\/wp-json\/wp\/v2\/pages\/10570","targetHints":{"allow":["GET"]}}],"collection":[{"href":"https:\/\/www.sts-education.com\/de-de\/wp-json\/wp\/v2\/pages"}],"about":[{"href":"https:\/\/www.sts-education.com\/de-de\/wp-json\/wp\/v2\/types\/page"}],"author":[{"embeddable":true,"href":"https:\/\/www.sts-education.com\/de-de\/wp-json\/wp\/v2\/users\/20"}],"replies":[{"embeddable":true,"href":"https:\/\/www.sts-education.com\/de-de\/wp-json\/wp\/v2\/comments?post=10570"}],"version-history":[{"count":4,"href":"https:\/\/www.sts-education.com\/de-de\/wp-json\/wp\/v2\/pages\/10570\/revisions"}],"predecessor-version":[{"id":28418,"href":"https:\/\/www.sts-education.com\/de-de\/wp-json\/wp\/v2\/pages\/10570\/revisions\/28418"}],"up":[{"embeddable":true,"href":"https:\/\/www.sts-education.com\/de-de\/wp-json\/wp\/v2\/pages\/27798"}],"wp:attachment":[{"href":"https:\/\/www.sts-education.com\/de-de\/wp-json\/wp\/v2\/media?parent=10570"}],"wp:term":[{"taxonomy":"wpw_page_folders","embeddable":true,"href":"https:\/\/www.sts-education.com\/de-de\/wp-json\/wp\/v2\/wpw_page_folders?post=10570"}],"curies":[{"name":"wp","href":"https:\/\/api.w.org\/{rel}","templated":true}]}}