{"id":10571,"date":"2019-03-12T10:36:13","date_gmt":"2019-03-12T10:36:13","guid":{"rendered":"https:\/\/preprod.sts-education.com\/gastfamilie\/gastfamilie-werden\/willkommensfamilie\/"},"modified":"2026-04-15T09:37:38","modified_gmt":"2026-04-15T09:37:38","slug":"willkommensfamilie","status":"publish","type":"page","link":"https:\/\/www.sts-education.com\/de-de\/gastfamilie\/gastfamilie-werden\/willkommensfamilie\/","title":{"rendered":"Willkommensfamilie"},"content":{"rendered":"\n<section class=\"wp-block-sts-hero sts-block-hero sts-block-hero is-variant-full-background has-text-light has-background-media\" style=\"--sts-hero-padding-mobile:0px;--sts-hero-padding-desktop:0px;--sts-hero-text-color:var(--wp--preset--color--base-10, #fff)\" data-variant=\"full-background\"><div class=\"sts-block-hero__background\"><picture class=\"sts-responsive-image has-pos-center is-skeleton\"><img src=\"https:\/\/cdn.sts-education.com\/13126_hero_lg_xl.jpg\" alt=\"Willkommensfamilie\" loading=\"lazy\" decoding=\"async\" fetchpriority=\"low\" sizes=\"(max-width: 640px) max(100vw, calc(clamp(320px, 100vh, 720px) * 9 \/ 16)), (max-width: 840px) max(100vw, calc(clamp(320px, 100vh, 720px) * 1 \/ 1)), max(100vw, calc(clamp(320px, 100vh, 720px) * 16 \/ 9))\" style=\"object-position:center\" \/><\/picture><span class=\"sts-block-hero__overlay\" aria-hidden=\"true\"><\/span><\/div><div class=\"sts-block-hero__inner\"><div class=\"sts-block-hero__content has-align-center\"><div class=\"sts-block-hero__content-inner\"><h1 class=\"sts-block-hero__heading\">Willkommens-familie<\/h1><\/div><\/div><\/div><\/section>\n\n\n\n<div class=\"wp-block-sts-text sts-text-editor has-max-width-md\"><div class=\"sts-text-editor__content\"><div class=\"sts-text-editor__content-inner\">\n<p>M\u00f6chtest du erst einmal Gastfamilie auf Probe sein? Dann bewirb dich als Willkommensfamilie! Dabei nimmst du ein Gastkind f\u00fcr die ersten 3 Monate seiner Austauschzeit auf und erm\u00f6glichst ihm so den Start in Deutschland. Danach zieht der Sch\u00fcler oder die Sch\u00fclerin weiter in eine andere Gastfamilie. Wenn ihr euch ans Herz gewachsen seid und die M\u00f6glichkeit besteht, den gemeinsamen Austausch zu verl\u00e4ngern, geht das nat\u00fcrlich auch. F\u00fclle einfach das <a href=\"https:\/\/www.sts-education.com\/de-de\/gastfamilie-werden\/interesse\/\">Kontaktformular<\/a> aus und wir kontaktieren dich f\u00fcr weitere Informationen. Selbstverst\u00e4ndlich ist die Kontaktaufnahme unverbindlich.<\/p>\n<p>Wenn du gerne den Austausch unserer Sch\u00fcler in anderer Form begleiten w\u00fcrdest, kannst du dich als regionale Betreuung f\u00fcr Gastsch\u00fcler und Gastfamilien bewerben. Sie l\u00e4sst sich gut neben dem Studium oder der Arbeit aus\u00fcben. Lies mehr und bewirb dich hier als <a href=\"https:\/\/www.sts-education.com\/de-de\/ueber-sts\/karriere\/\">lokaler Koordinator<\/a>.<\/p>\n<\/div><\/div><\/div>\n","protected":false},"excerpt":{"rendered":"","protected":false},"author":20,"featured_media":0,"parent":27798,"menu_order":0,"comment_status":"closed","ping_status":"closed","template":"","meta":{"_acf_changed":false,"sts_page_background_color":"","footnotes":""},"wpw_page_folders":[89],"class_list":["post-10571","page","type-page","status-publish","hentry"],"acf":[],"yoast_head":"<!-- This site is optimized with the Yoast SEO Premium plugin v27.2 (Yoast SEO v27.3) - https:\/\/yoast.com\/product\/yoast-seo-premium-wordpress\/ -->\n<title>Welcome Family<\/title>\n<meta name=\"description\" content=\"Bei STS suchen wir auch immer nach sogenannten \u201eWelcome Families\u201c. Dabei handelt es sich um Familien, die Austauschsch\u00fcler zu Beginn ihres Auslandsaufenthaltes f\u00fcr mindestens drei Monate aufnehmen. F\u00fcr viele Familien ist dies ein guter Start um das Leben als Gastfamilie kennenzulernen.\" \/>\n<meta name=\"robots\" content=\"index, follow, max-snippet:-1, max-image-preview:large, max-video-preview:-1\" \/>\n<link rel=\"canonical\" href=\"https:\/\/www.sts-education.com\/de-de\/gastfamilie\/gastfamilie-werden\/willkommensfamilie\/\" \/>\n<meta property=\"og:locale\" content=\"de_DE\" \/>\n<meta property=\"og:type\" content=\"article\" \/>\n<meta property=\"og:title\" content=\"Willkommensfamilie\" \/>\n<meta property=\"og:description\" content=\"Bei STS suchen wir auch immer nach sogenannten \u201eWelcome Families\u201c. Dabei handelt es sich um Familien, die Austauschsch\u00fcler zu Beginn ihres Auslandsaufenthaltes f\u00fcr mindestens drei Monate aufnehmen. F\u00fcr viele Familien ist dies ein guter Start um das Leben als Gastfamilie kennenzulernen.\" \/>\n<meta property=\"og:url\" content=\"https:\/\/www.sts-education.com\/de-de\/gastfamilie\/gastfamilie-werden\/willkommensfamilie\/\" \/>\n<meta property=\"og:site_name\" content=\"STS Education\" \/>\n<meta property=\"article:modified_time\" content=\"2026-04-15T09:37:38+00:00\" \/>\n<meta property=\"og:image\" content=\"https:\/\/cdn.sts-education.com\/13126_hero_lg_xl.jpg\" \/>\n<meta name=\"twitter:card\" content=\"summary_large_image\" \/>\n<meta name=\"twitter:label1\" content=\"Gesch\u00e4tzte Lesezeit\" \/>\n\t<meta name=\"twitter:data1\" content=\"1\u00a0Minute\" \/>\n<script type=\"application\/ld+json\" class=\"yoast-schema-graph\">{\"@context\":\"https:\\\/\\\/schema.org\",\"@graph\":[{\"@type\":\"WebPage\",\"@id\":\"https:\\\/\\\/www.sts-education.com\\\/de-de\\\/gastfamilie\\\/gastfamilie-werden\\\/willkommensfamilie\\\/\",\"url\":\"https:\\\/\\\/www.sts-education.com\\\/de-de\\\/gastfamilie\\\/gastfamilie-werden\\\/willkommensfamilie\\\/\",\"name\":\"Welcome Family\",\"isPartOf\":{\"@id\":\"https:\\\/\\\/www.sts-education.com\\\/de-de\\\/#website\"},\"primaryImageOfPage\":{\"@id\":\"https:\\\/\\\/www.sts-education.com\\\/de-de\\\/gastfamilie\\\/gastfamilie-werden\\\/willkommensfamilie\\\/#primaryimage\"},\"image\":{\"@id\":\"https:\\\/\\\/www.sts-education.com\\\/de-de\\\/gastfamilie\\\/gastfamilie-werden\\\/willkommensfamilie\\\/#primaryimage\"},\"thumbnailUrl\":\"https:\\\/\\\/cdn.sts-education.com\\\/13126_hero_lg_xl.jpg\",\"datePublished\":\"2019-03-12T10:36:13+00:00\",\"dateModified\":\"2026-04-15T09:37:38+00:00\",\"description\":\"Bei STS suchen wir auch immer nach sogenannten \u201eWelcome Families\u201c. Dabei handelt es sich um Familien, die Austauschsch\u00fcler zu Beginn ihres Auslandsaufenthaltes f\u00fcr mindestens drei Monate aufnehmen. F\u00fcr viele Familien ist dies ein guter Start um das Leben als Gastfamilie kennenzulernen.\",\"breadcrumb\":{\"@id\":\"https:\\\/\\\/www.sts-education.com\\\/de-de\\\/gastfamilie\\\/gastfamilie-werden\\\/willkommensfamilie\\\/#breadcrumb\"},\"inLanguage\":\"de\",\"potentialAction\":[{\"@type\":\"ReadAction\",\"target\":[\"https:\\\/\\\/www.sts-education.com\\\/de-de\\\/gastfamilie\\\/gastfamilie-werden\\\/willkommensfamilie\\\/\"]}]},{\"@type\":\"ImageObject\",\"inLanguage\":\"de\",\"@id\":\"https:\\\/\\\/www.sts-education.com\\\/de-de\\\/gastfamilie\\\/gastfamilie-werden\\\/willkommensfamilie\\\/#primaryimage\",\"url\":\"https:\\\/\\\/cdn.sts-education.com\\\/13126_hero_lg_xl.jpg\",\"contentUrl\":\"https:\\\/\\\/cdn.sts-education.com\\\/13126_hero_lg_xl.jpg\"},{\"@type\":\"BreadcrumbList\",\"@id\":\"https:\\\/\\\/www.sts-education.com\\\/de-de\\\/gastfamilie\\\/gastfamilie-werden\\\/willkommensfamilie\\\/#breadcrumb\",\"itemListElement\":[{\"@type\":\"ListItem\",\"position\":1,\"name\":\"Home\",\"item\":\"https:\\\/\\\/www.sts-education.com\\\/de-de\\\/sample-page\\\/\"},{\"@type\":\"ListItem\",\"position\":2,\"name\":\"Gastfamilie\",\"item\":\"https:\\\/\\\/www.sts-education.com\\\/de-de\\\/gastfamilie\\\/\"},{\"@type\":\"ListItem\",\"position\":3,\"name\":\"Gastfamilie Werden\",\"item\":\"https:\\\/\\\/www.sts-education.com\\\/de-de\\\/gastfamilie\\\/gastfamilie-werden\\\/\"},{\"@type\":\"ListItem\",\"position\":4,\"name\":\"Willkommensfamilie\"}]},{\"@type\":\"WebSite\",\"@id\":\"https:\\\/\\\/www.sts-education.com\\\/de-de\\\/#website\",\"url\":\"https:\\\/\\\/www.sts-education.com\\\/de-de\\\/\",\"name\":\"STS Education\",\"description\":\"\",\"potentialAction\":[{\"@type\":\"SearchAction\",\"target\":{\"@type\":\"EntryPoint\",\"urlTemplate\":\"https:\\\/\\\/www.sts-education.com\\\/de-de\\\/?s={search_term_string}\"},\"query-input\":{\"@type\":\"PropertyValueSpecification\",\"valueRequired\":true,\"valueName\":\"search_term_string\"}}],\"inLanguage\":\"de\"}]}<\/script>\n<!-- \/ Yoast SEO Premium plugin. -->","yoast_head_json":{"title":"Welcome Family","description":"Bei STS suchen wir auch immer nach sogenannten \u201eWelcome Families\u201c. Dabei handelt es sich um Familien, die Austauschsch\u00fcler zu Beginn ihres Auslandsaufenthaltes f\u00fcr mindestens drei Monate aufnehmen. F\u00fcr viele Familien ist dies ein guter Start um das Leben als Gastfamilie kennenzulernen.","robots":{"index":"index","follow":"follow","max-snippet":"max-snippet:-1","max-image-preview":"max-image-preview:large","max-video-preview":"max-video-preview:-1"},"canonical":"https:\/\/www.sts-education.com\/de-de\/gastfamilie\/gastfamilie-werden\/willkommensfamilie\/","og_locale":"de_DE","og_type":"article","og_title":"Willkommensfamilie","og_description":"Bei STS suchen wir auch immer nach sogenannten \u201eWelcome Families\u201c. Dabei handelt es sich um Familien, die Austauschsch\u00fcler zu Beginn ihres Auslandsaufenthaltes f\u00fcr mindestens drei Monate aufnehmen. F\u00fcr viele Familien ist dies ein guter Start um das Leben als Gastfamilie kennenzulernen.","og_url":"https:\/\/www.sts-education.com\/de-de\/gastfamilie\/gastfamilie-werden\/willkommensfamilie\/","og_site_name":"STS Education","article_modified_time":"2026-04-15T09:37:38+00:00","og_image":[{"url":"https:\/\/cdn.sts-education.com\/13126_hero_lg_xl.jpg","type":"","width":"","height":""}],"twitter_card":"summary_large_image","twitter_misc":{"Gesch\u00e4tzte Lesezeit":"1\u00a0Minute"},"schema":{"@context":"https:\/\/schema.org","@graph":[{"@type":"WebPage","@id":"https:\/\/www.sts-education.com\/de-de\/gastfamilie\/gastfamilie-werden\/willkommensfamilie\/","url":"https:\/\/www.sts-education.com\/de-de\/gastfamilie\/gastfamilie-werden\/willkommensfamilie\/","name":"Welcome Family","isPartOf":{"@id":"https:\/\/www.sts-education.com\/de-de\/#website"},"primaryImageOfPage":{"@id":"https:\/\/www.sts-education.com\/de-de\/gastfamilie\/gastfamilie-werden\/willkommensfamilie\/#primaryimage"},"image":{"@id":"https:\/\/www.sts-education.com\/de-de\/gastfamilie\/gastfamilie-werden\/willkommensfamilie\/#primaryimage"},"thumbnailUrl":"https:\/\/cdn.sts-education.com\/13126_hero_lg_xl.jpg","datePublished":"2019-03-12T10:36:13+00:00","dateModified":"2026-04-15T09:37:38+00:00","description":"Bei STS suchen wir auch immer nach sogenannten \u201eWelcome Families\u201c. Dabei handelt es sich um Familien, die Austauschsch\u00fcler zu Beginn ihres Auslandsaufenthaltes f\u00fcr mindestens drei Monate aufnehmen. F\u00fcr viele Familien ist dies ein guter Start um das Leben als Gastfamilie kennenzulernen.","breadcrumb":{"@id":"https:\/\/www.sts-education.com\/de-de\/gastfamilie\/gastfamilie-werden\/willkommensfamilie\/#breadcrumb"},"inLanguage":"de","potentialAction":[{"@type":"ReadAction","target":["https:\/\/www.sts-education.com\/de-de\/gastfamilie\/gastfamilie-werden\/willkommensfamilie\/"]}]},{"@type":"ImageObject","inLanguage":"de","@id":"https:\/\/www.sts-education.com\/de-de\/gastfamilie\/gastfamilie-werden\/willkommensfamilie\/#primaryimage","url":"https:\/\/cdn.sts-education.com\/13126_hero_lg_xl.jpg","contentUrl":"https:\/\/cdn.sts-education.com\/13126_hero_lg_xl.jpg"},{"@type":"BreadcrumbList","@id":"https:\/\/www.sts-education.com\/de-de\/gastfamilie\/gastfamilie-werden\/willkommensfamilie\/#breadcrumb","itemListElement":[{"@type":"ListItem","position":1,"name":"Home","item":"https:\/\/www.sts-education.com\/de-de\/sample-page\/"},{"@type":"ListItem","position":2,"name":"Gastfamilie","item":"https:\/\/www.sts-education.com\/de-de\/gastfamilie\/"},{"@type":"ListItem","position":3,"name":"Gastfamilie Werden","item":"https:\/\/www.sts-education.com\/de-de\/gastfamilie\/gastfamilie-werden\/"},{"@type":"ListItem","position":4,"name":"Willkommensfamilie"}]},{"@type":"WebSite","@id":"https:\/\/www.sts-education.com\/de-de\/#website","url":"https:\/\/www.sts-education.com\/de-de\/","name":"STS Education","description":"","potentialAction":[{"@type":"SearchAction","target":{"@type":"EntryPoint","urlTemplate":"https:\/\/www.sts-education.com\/de-de\/?s={search_term_string}"},"query-input":{"@type":"PropertyValueSpecification","valueRequired":true,"valueName":"search_term_string"}}],"inLanguage":"de"}]}},"_links":{"self":[{"href":"https:\/\/www.sts-education.com\/de-de\/wp-json\/wp\/v2\/pages\/10571","targetHints":{"allow":["GET"]}}],"collection":[{"href":"https:\/\/www.sts-education.com\/de-de\/wp-json\/wp\/v2\/pages"}],"about":[{"href":"https:\/\/www.sts-education.com\/de-de\/wp-json\/wp\/v2\/types\/page"}],"author":[{"embeddable":true,"href":"https:\/\/www.sts-education.com\/de-de\/wp-json\/wp\/v2\/users\/20"}],"replies":[{"embeddable":true,"href":"https:\/\/www.sts-education.com\/de-de\/wp-json\/wp\/v2\/comments?post=10571"}],"version-history":[{"count":6,"href":"https:\/\/www.sts-education.com\/de-de\/wp-json\/wp\/v2\/pages\/10571\/revisions"}],"predecessor-version":[{"id":35511,"href":"https:\/\/www.sts-education.com\/de-de\/wp-json\/wp\/v2\/pages\/10571\/revisions\/35511"}],"up":[{"embeddable":true,"href":"https:\/\/www.sts-education.com\/de-de\/wp-json\/wp\/v2\/pages\/27798"}],"wp:attachment":[{"href":"https:\/\/www.sts-education.com\/de-de\/wp-json\/wp\/v2\/media?parent=10571"}],"wp:term":[{"taxonomy":"wpw_page_folders","embeddable":true,"href":"https:\/\/www.sts-education.com\/de-de\/wp-json\/wp\/v2\/wpw_page_folders?post=10571"}],"curies":[{"name":"wp","href":"https:\/\/api.w.org\/{rel}","templated":true}]}}