{"id":10574,"date":"2023-06-01T12:32:11","date_gmt":"2023-06-01T12:32:11","guid":{"rendered":"https:\/\/preprod.sts-education.com\/high-school\/fakten-und-preise\/angebote-und-rabatte\/"},"modified":"2026-04-15T09:37:33","modified_gmt":"2026-04-15T09:37:33","slug":"angebote-und-rabatte","status":"publish","type":"page","link":"https:\/\/www.sts-education.com\/de-de\/high-school\/fakten-und-preise\/angebote-und-rabatte\/","title":{"rendered":"Angebote Und Rabatte"},"content":{"rendered":"\n<section class=\"wp-block-sts-hero sts-block-hero is-variant-full-background has-text-light has-background-media\" style=\"--sts-hero-padding-mobile:0px;--sts-hero-padding-desktop:0px;--sts-hero-text-color:var(--wp--preset--color--base-10, #fff);\" data-variant=\"full-background\"><div class=\"sts-block-hero__background\"><picture class=\"sts-responsive-image has-fit-cover is-skeleton\"><img src=\"https:\/\/cdn.sts-education.com\/12640_hero_lg_xl.jpg\" alt=\"Angebote und Rabatte\" loading=\"lazy\" decoding=\"async\" fetchpriority=\"low\" sizes=\"100vw\" \/><\/picture><span class=\"sts-block-hero__overlay\" aria-hidden=\"true\"><\/span><\/div><div class=\"sts-block-hero__inner\"><div class=\"sts-block-hero__content has-align-center\"><div class=\"sts-block-hero__content-inner\"><h1 class=\"sts-block-hero__heading\">Angebote und Rabatte<\/h1><\/div><\/div><\/div><\/section>\n\n\n\n<div class=\"wp-block-sts-text sts-text-editor has-max-width-md\"><div class=\"sts-text-editor__content\"><div class=\"sts-text-editor__content-inner\">\n<p>Planst du einen Austausch mit STS High School? Dann informiere dich \u00fcber unsere Angebote. Vielleicht k\u00f6nnen wir dir einen Rabatt anbieten. Kontaktiere uns f\u00fcr weitere Infos.<\/p>\n\n<h2>Erf\u00fclle dir deinen Traum<\/h2>\n\n<p>Jetzt ist der perfekte Zeitpunkt, um deinen High-School-Austausch zu planen. Alle Programme f\u00fcr 2027 sind ge\u00f6ffnet \u2013 so hast du die Freiheit, genau das Ziel zu w\u00e4hlen, von dem du tr\u00e4umst: die USA, Australien, Gro\u00dfbritannien, Irland oder ein ganz anderes Land. Bewirb dich bis zum <strong>30. April<\/strong>, um unser <a href=\"\/de-de\/high-school\/first-choice-2026\/\">First-Choice-Angebot<\/a> zu erhalten.<\/p>\n\n<p>\u2714 Jetzt bis 30. April buchen \u2013 2026 Preise sichern<br>\u2714 \u20ac500 extra Rabatt<br>\u2714 Sichere dir dein Traum Reiseziel<br>\u2714 Kostenfreie Stornierung bis 15. Oktober<br>\u2714 Welcome Camp inkludiert<\/p>\n\n<h2>Geschwisterrabatt<\/h2>\n\n<p>War schon dein Bruder oder deine Schwester mit uns im Austausch? Super! Dann bekommst du einen Discount von EUR500, wenn du dein eigenes High School-Abenteuer mit uns buchst.<\/p>\n\n<p>Um dieses Angebot zu nutzen, gib einfach den Code <strong>STSSIBLINGS<\/strong> ein, wenn du buchst. Dieses Angebot kann nicht mit anderen Rabatten kombiniert werden.<\/p>\n\n<p><a href=\"\/de-de\/high-school\/tripfinder\/?q=\">Finde dein Gastland<\/a><\/p>\n\n<h2>Host &amp; Go<\/h2>\n\n<p>Nehmt ihr ein internationales Gastkind bei euch auf, w\u00e4hrend euer eigenes Kind mit STS im Ausland ist? Dann bekommt ihr unseren Host &amp; Go-Rabatt. Eure Programmgeb\u00fchr reduziert sich um bis zu <strong>EUR500<\/strong>, wenn ihr f\u00fcr das ganze Schuljahr Gastfamilie werdet, und bis zu <strong>EUR300<\/strong>, wenn ihr f\u00fcr ein Semester Gastfamilie werdet. Habt ihr Fragen dazu, wie ein Austausch als Gastfamilie funktioniert? Lest mehr \u00fcber <a href=\"https:\/\/www.sts-education.com\/de-de\/gastfamilie-werden\/verguetung-host-and-go\/\">Host &amp;Go<\/a>! und unsere Austauschsch\u00fcler und f\u00fcllt unser Kontaktformular aus.<\/p>\n<\/div><\/div><\/div>\n","protected":false},"excerpt":{"rendered":"","protected":false},"author":20,"featured_media":0,"parent":10552,"menu_order":0,"comment_status":"closed","ping_status":"closed","template":"","meta":{"_acf_changed":false,"sts_page_background_color":"","footnotes":""},"wpw_page_folders":[86],"class_list":["post-10574","page","type-page","status-publish","hentry"],"acf":[],"yoast_head":"<!-- This site is optimized with the Yoast SEO Premium plugin v27.2 (Yoast SEO v27.3) - https:\/\/yoast.com\/product\/yoast-seo-premium-wordpress\/ -->\n<title>Angebote und Rabatte bei STS<\/title>\n<meta name=\"description\" content=\"Wir bieten verschiedene Rabatte f\u00fcr dein Austauschjahr mit STS. Bist du oder jemand anders in deiner Familie schon mit STS gereist?\" \/>\n<meta name=\"robots\" content=\"index, follow, max-snippet:-1, max-image-preview:large, max-video-preview:-1\" \/>\n<link rel=\"canonical\" href=\"https:\/\/www.sts-education.com\/de-de\/high-school\/fakten-und-preise\/angebote-und-rabatte\/\" \/>\n<meta property=\"og:locale\" content=\"de_DE\" \/>\n<meta property=\"og:type\" content=\"article\" \/>\n<meta property=\"og:title\" content=\"Angebote Und Rabatte\" \/>\n<meta property=\"og:description\" content=\"Wir bieten verschiedene Rabatte f\u00fcr dein Austauschjahr mit STS. Bist du oder jemand anders in deiner Familie schon mit STS gereist?\" \/>\n<meta property=\"og:url\" content=\"https:\/\/www.sts-education.com\/de-de\/high-school\/fakten-und-preise\/angebote-und-rabatte\/\" \/>\n<meta property=\"og:site_name\" content=\"STS Education\" \/>\n<meta property=\"article:modified_time\" content=\"2026-04-15T09:37:33+00:00\" \/>\n<meta property=\"og:image\" content=\"https:\/\/cdn.sts-education.com\/12640_hero_lg_xl.jpg\" \/>\n<meta name=\"twitter:card\" content=\"summary_large_image\" \/>\n<meta name=\"twitter:label1\" content=\"Gesch\u00e4tzte Lesezeit\" \/>\n\t<meta name=\"twitter:data1\" content=\"1\u00a0Minute\" \/>\n<script type=\"application\/ld+json\" class=\"yoast-schema-graph\">{\"@context\":\"https:\\\/\\\/schema.org\",\"@graph\":[{\"@type\":\"WebPage\",\"@id\":\"https:\\\/\\\/www.sts-education.com\\\/de-de\\\/high-school\\\/fakten-und-preise\\\/angebote-und-rabatte\\\/\",\"url\":\"https:\\\/\\\/www.sts-education.com\\\/de-de\\\/high-school\\\/fakten-und-preise\\\/angebote-und-rabatte\\\/\",\"name\":\"Angebote und Rabatte bei STS\",\"isPartOf\":{\"@id\":\"https:\\\/\\\/www.sts-education.com\\\/de-de\\\/#website\"},\"primaryImageOfPage\":{\"@id\":\"https:\\\/\\\/www.sts-education.com\\\/de-de\\\/high-school\\\/fakten-und-preise\\\/angebote-und-rabatte\\\/#primaryimage\"},\"image\":{\"@id\":\"https:\\\/\\\/www.sts-education.com\\\/de-de\\\/high-school\\\/fakten-und-preise\\\/angebote-und-rabatte\\\/#primaryimage\"},\"thumbnailUrl\":\"https:\\\/\\\/cdn.sts-education.com\\\/12640_hero_lg_xl.jpg\",\"datePublished\":\"2023-06-01T12:32:11+00:00\",\"dateModified\":\"2026-04-15T09:37:33+00:00\",\"description\":\"Wir bieten verschiedene Rabatte f\u00fcr dein Austauschjahr mit STS. Bist du oder jemand anders in deiner Familie schon mit STS gereist?\",\"breadcrumb\":{\"@id\":\"https:\\\/\\\/www.sts-education.com\\\/de-de\\\/high-school\\\/fakten-und-preise\\\/angebote-und-rabatte\\\/#breadcrumb\"},\"inLanguage\":\"de\",\"potentialAction\":[{\"@type\":\"ReadAction\",\"target\":[\"https:\\\/\\\/www.sts-education.com\\\/de-de\\\/high-school\\\/fakten-und-preise\\\/angebote-und-rabatte\\\/\"]}]},{\"@type\":\"ImageObject\",\"inLanguage\":\"de\",\"@id\":\"https:\\\/\\\/www.sts-education.com\\\/de-de\\\/high-school\\\/fakten-und-preise\\\/angebote-und-rabatte\\\/#primaryimage\",\"url\":\"https:\\\/\\\/cdn.sts-education.com\\\/12640_hero_lg_xl.jpg\",\"contentUrl\":\"https:\\\/\\\/cdn.sts-education.com\\\/12640_hero_lg_xl.jpg\"},{\"@type\":\"BreadcrumbList\",\"@id\":\"https:\\\/\\\/www.sts-education.com\\\/de-de\\\/high-school\\\/fakten-und-preise\\\/angebote-und-rabatte\\\/#breadcrumb\",\"itemListElement\":[{\"@type\":\"ListItem\",\"position\":1,\"name\":\"Home\",\"item\":\"https:\\\/\\\/www.sts-education.com\\\/de-de\\\/sample-page\\\/\"},{\"@type\":\"ListItem\",\"position\":2,\"name\":\"High School\",\"item\":\"https:\\\/\\\/www.sts-education.com\\\/de-de\\\/high-school\\\/\"},{\"@type\":\"ListItem\",\"position\":3,\"name\":\"Fakten und Preise\",\"item\":\"https:\\\/\\\/www.sts-education.com\\\/de-de\\\/high-school\\\/fakten-und-preise\\\/\"},{\"@type\":\"ListItem\",\"position\":4,\"name\":\"Angebote Und Rabatte\"}]},{\"@type\":\"WebSite\",\"@id\":\"https:\\\/\\\/www.sts-education.com\\\/de-de\\\/#website\",\"url\":\"https:\\\/\\\/www.sts-education.com\\\/de-de\\\/\",\"name\":\"STS Education\",\"description\":\"\",\"potentialAction\":[{\"@type\":\"SearchAction\",\"target\":{\"@type\":\"EntryPoint\",\"urlTemplate\":\"https:\\\/\\\/www.sts-education.com\\\/de-de\\\/?s={search_term_string}\"},\"query-input\":{\"@type\":\"PropertyValueSpecification\",\"valueRequired\":true,\"valueName\":\"search_term_string\"}}],\"inLanguage\":\"de\"}]}<\/script>\n<!-- \/ Yoast SEO Premium plugin. -->","yoast_head_json":{"title":"Angebote und Rabatte bei STS","description":"Wir bieten verschiedene Rabatte f\u00fcr dein Austauschjahr mit STS. Bist du oder jemand anders in deiner Familie schon mit STS gereist?","robots":{"index":"index","follow":"follow","max-snippet":"max-snippet:-1","max-image-preview":"max-image-preview:large","max-video-preview":"max-video-preview:-1"},"canonical":"https:\/\/www.sts-education.com\/de-de\/high-school\/fakten-und-preise\/angebote-und-rabatte\/","og_locale":"de_DE","og_type":"article","og_title":"Angebote Und Rabatte","og_description":"Wir bieten verschiedene Rabatte f\u00fcr dein Austauschjahr mit STS. Bist du oder jemand anders in deiner Familie schon mit STS gereist?","og_url":"https:\/\/www.sts-education.com\/de-de\/high-school\/fakten-und-preise\/angebote-und-rabatte\/","og_site_name":"STS Education","article_modified_time":"2026-04-15T09:37:33+00:00","og_image":[{"url":"https:\/\/cdn.sts-education.com\/12640_hero_lg_xl.jpg","type":"","width":"","height":""}],"twitter_card":"summary_large_image","twitter_misc":{"Gesch\u00e4tzte Lesezeit":"1\u00a0Minute"},"schema":{"@context":"https:\/\/schema.org","@graph":[{"@type":"WebPage","@id":"https:\/\/www.sts-education.com\/de-de\/high-school\/fakten-und-preise\/angebote-und-rabatte\/","url":"https:\/\/www.sts-education.com\/de-de\/high-school\/fakten-und-preise\/angebote-und-rabatte\/","name":"Angebote und Rabatte bei STS","isPartOf":{"@id":"https:\/\/www.sts-education.com\/de-de\/#website"},"primaryImageOfPage":{"@id":"https:\/\/www.sts-education.com\/de-de\/high-school\/fakten-und-preise\/angebote-und-rabatte\/#primaryimage"},"image":{"@id":"https:\/\/www.sts-education.com\/de-de\/high-school\/fakten-und-preise\/angebote-und-rabatte\/#primaryimage"},"thumbnailUrl":"https:\/\/cdn.sts-education.com\/12640_hero_lg_xl.jpg","datePublished":"2023-06-01T12:32:11+00:00","dateModified":"2026-04-15T09:37:33+00:00","description":"Wir bieten verschiedene Rabatte f\u00fcr dein Austauschjahr mit STS. Bist du oder jemand anders in deiner Familie schon mit STS gereist?","breadcrumb":{"@id":"https:\/\/www.sts-education.com\/de-de\/high-school\/fakten-und-preise\/angebote-und-rabatte\/#breadcrumb"},"inLanguage":"de","potentialAction":[{"@type":"ReadAction","target":["https:\/\/www.sts-education.com\/de-de\/high-school\/fakten-und-preise\/angebote-und-rabatte\/"]}]},{"@type":"ImageObject","inLanguage":"de","@id":"https:\/\/www.sts-education.com\/de-de\/high-school\/fakten-und-preise\/angebote-und-rabatte\/#primaryimage","url":"https:\/\/cdn.sts-education.com\/12640_hero_lg_xl.jpg","contentUrl":"https:\/\/cdn.sts-education.com\/12640_hero_lg_xl.jpg"},{"@type":"BreadcrumbList","@id":"https:\/\/www.sts-education.com\/de-de\/high-school\/fakten-und-preise\/angebote-und-rabatte\/#breadcrumb","itemListElement":[{"@type":"ListItem","position":1,"name":"Home","item":"https:\/\/www.sts-education.com\/de-de\/sample-page\/"},{"@type":"ListItem","position":2,"name":"High School","item":"https:\/\/www.sts-education.com\/de-de\/high-school\/"},{"@type":"ListItem","position":3,"name":"Fakten und Preise","item":"https:\/\/www.sts-education.com\/de-de\/high-school\/fakten-und-preise\/"},{"@type":"ListItem","position":4,"name":"Angebote Und Rabatte"}]},{"@type":"WebSite","@id":"https:\/\/www.sts-education.com\/de-de\/#website","url":"https:\/\/www.sts-education.com\/de-de\/","name":"STS Education","description":"","potentialAction":[{"@type":"SearchAction","target":{"@type":"EntryPoint","urlTemplate":"https:\/\/www.sts-education.com\/de-de\/?s={search_term_string}"},"query-input":{"@type":"PropertyValueSpecification","valueRequired":true,"valueName":"search_term_string"}}],"inLanguage":"de"}]}},"_links":{"self":[{"href":"https:\/\/www.sts-education.com\/de-de\/wp-json\/wp\/v2\/pages\/10574","targetHints":{"allow":["GET"]}}],"collection":[{"href":"https:\/\/www.sts-education.com\/de-de\/wp-json\/wp\/v2\/pages"}],"about":[{"href":"https:\/\/www.sts-education.com\/de-de\/wp-json\/wp\/v2\/types\/page"}],"author":[{"embeddable":true,"href":"https:\/\/www.sts-education.com\/de-de\/wp-json\/wp\/v2\/users\/20"}],"replies":[{"embeddable":true,"href":"https:\/\/www.sts-education.com\/de-de\/wp-json\/wp\/v2\/comments?post=10574"}],"version-history":[{"count":7,"href":"https:\/\/www.sts-education.com\/de-de\/wp-json\/wp\/v2\/pages\/10574\/revisions"}],"predecessor-version":[{"id":35507,"href":"https:\/\/www.sts-education.com\/de-de\/wp-json\/wp\/v2\/pages\/10574\/revisions\/35507"}],"up":[{"embeddable":true,"href":"https:\/\/www.sts-education.com\/de-de\/wp-json\/wp\/v2\/pages\/10552"}],"wp:attachment":[{"href":"https:\/\/www.sts-education.com\/de-de\/wp-json\/wp\/v2\/media?parent=10574"}],"wp:term":[{"taxonomy":"wpw_page_folders","embeddable":true,"href":"https:\/\/www.sts-education.com\/de-de\/wp-json\/wp\/v2\/wpw_page_folders?post=10574"}],"curies":[{"name":"wp","href":"https:\/\/api.w.org\/{rel}","templated":true}]}}