{"id":10577,"date":"2025-12-16T10:18:50","date_gmt":"2025-12-16T10:18:50","guid":{"rendered":"https:\/\/preprod.sts-education.com\/high-school\/fakten-und-preise\/extras\/"},"modified":"2026-04-15T09:36:15","modified_gmt":"2026-04-15T09:36:15","slug":"extras","status":"publish","type":"page","link":"https:\/\/www.sts-education.com\/de-de\/high-school\/fakten-und-preise\/extras\/","title":{"rendered":"Extras"},"content":{"rendered":"\n<section class=\"wp-block-sts-hero sts-block-hero is-variant-full-background has-text-light has-background-media\" style=\"--sts-hero-padding-mobile:0px;--sts-hero-padding-desktop:0px;--sts-hero-text-color:var(--wp--preset--color--base-10, #fff);\" data-variant=\"full-background\"><div class=\"sts-block-hero__background\"><picture class=\"sts-responsive-image has-fit-cover is-skeleton\"><img src=\"https:\/\/cdn.sts-education.com\/12838_hero_lg_xl.jpg\" alt=\"Extras\" loading=\"lazy\" decoding=\"async\" fetchpriority=\"low\" sizes=\"100vw\" \/><\/picture><span class=\"sts-block-hero__overlay\" aria-hidden=\"true\"><\/span><\/div><div class=\"sts-block-hero__inner\"><div class=\"sts-block-hero__content has-align-center\"><div class=\"sts-block-hero__content-inner\"><h1 class=\"sts-block-hero__heading\">Extras<\/h1><\/div><\/div><\/div><\/section>\n\n\n\n<div class=\"wp-block-sts-text sts-text-editor has-max-width-md\"><div class=\"sts-text-editor__content\"><div class=\"sts-text-editor__content-inner\">\n<p>Hast du besondere W\u00fcnsche, Vorstellungen oder Bed\u00fcrfnisse? Sprich uns darauf an und wir schauen, was wir f\u00fcr dich tun k\u00f6nnen. Nach 65 Jahren Kulturaustausch haben wir Antworten und L\u00f6sungen f\u00fcr fast alles.<\/p>\n\n<h2>W\u00e4hle deine Region<\/h2>\n\n<p>Hast du schon genaue Vorstellungen dar\u00fcber, wo in deinem Traumland du leben m\u00f6chtest? In einigen Gastl\u00e4ndern kannst du einen Staat, eine Region oder sogar bestimmte Stadt ausw\u00e4hlen. Ob wir deinen Wunsch erf\u00fcllen k\u00f6nnen, h\u00e4ngt davon ab, in welches Land du gehen m\u00f6chtest und wie fr\u00fchzeitig du dich bewirbst. Die Pl\u00e4tze sind begrenzt und h\u00e4ngen von verf\u00fcgbaren Schulen und Gastfamilien in deiner Wunschgegend ab.<\/p>\n\n<p>Wenn du dich f\u00fcr eine Staaten-, Regionen- oder St\u00e4dtewahl entscheidest, gibst du deine Pr\u00e4ferenz in deiner Bewerbung an. Wir tun dann, was wir k\u00f6nnen, um deinen Wunsch zu erf\u00fcllen. Nur wenn wir erfolgreich sind, zahlst du die Zusatzgeb\u00fchr f\u00fcr deinen Platzierungswunsch. <a href=\"\/de-de\/high-school\/tripfinder\/?q=\">Lies mehr \u00fcber die Wahlm\u00f6glichkeiten f\u00fcr jedes Gastland.<\/a><\/p>\n\n<h2>W\u00e4hle eine bestimmte Schule<\/h2>\n\n<p>Ist es dir wichtig, ein bestimmtes Fach zu belegen oder einen besonderen Sport zu trainieren? M\u00f6chtest du sichergehen, dass du in einer ganz bestimmten Stadt dein Austauschjahr verbringst? Dann k\u00f6nnte unser Programm STS High School Select das richtige f\u00fcr dich sein. STS Select funktioniert ganz anders als unser Classic Austauschprogramm. Du stellst dir deinen Wunschaustausch selbst zusammen und besuchst eine Privatschule, die Schulgeb\u00fchren nimmt. Dadurch entstehen andere Programmkosten als in unserem Classic High School-Programm. Bist du interessiert? <a href=\"https:\/\/www.sts-education.com\/de-de\/high-school\/vor-deinem-auslandsjahr\/waehle-zwischen-classic-und-select\/\">Dann lies mehr \u00fcber High School Select hier.<\/a><\/p>\n\n<h2>Zus\u00e4tzliche Reisen w\u00e4hrend deines Austausches<\/h2>\n\n<p>In allen Gastl\u00e4ndern werden zus\u00e4tzliche Reisen f\u00fcr unsere Austauschsch\u00fcler organisiert. Welche Reisen und Ausfl\u00fcge geplant sind, erf\u00e4hrst du, wenn du vor Ort bist. Es ist eine tolle Gelegenheit, mehr von deinem neuen Land zu sehen und die Highlights und coolsten St\u00e4dte des Landes zu erleben. Au\u00dferdem triffst du dabei andere Austauschsch\u00fcler aus deinem Gastland, vielleicht deinen neuen besten Freunde? Du kannst dich f\u00fcr diese Reisen anmelden und bezahlen, wenn du im Gastland angekommen bist.<\/p>\n<\/div><\/div><\/div>\n","protected":false},"excerpt":{"rendered":"","protected":false},"author":20,"featured_media":0,"parent":10552,"menu_order":0,"comment_status":"closed","ping_status":"closed","template":"templates\/template-default-with-breadcrumbs.php","meta":{"_acf_changed":false,"sts_page_background_color":"","footnotes":""},"wpw_page_folders":[86],"class_list":["post-10577","page","type-page","status-publish","hentry"],"acf":[],"yoast_head":"<!-- This site is optimized with the Yoast SEO Premium plugin v27.2 (Yoast SEO v27.3) - https:\/\/yoast.com\/product\/yoast-seo-premium-wordpress\/ -->\n<title>Besondere W\u00fcnsche und Optionen f\u00fcr dein Austauschjahr| STS<\/title>\n<meta name=\"description\" content=\"Ein Austauschjahr kann ganz unterschiedlich aussehen. Wenn du bestimmte Vorstellungen hast oder mitentscheiden m\u00f6chtest, kontaktiere uns gerne.\" \/>\n<meta name=\"robots\" content=\"index, follow, max-snippet:-1, max-image-preview:large, max-video-preview:-1\" \/>\n<link rel=\"canonical\" href=\"https:\/\/www.sts-education.com\/de-de\/high-school\/fakten-und-preise\/extras\/\" \/>\n<meta property=\"og:locale\" content=\"de_DE\" \/>\n<meta property=\"og:type\" content=\"article\" \/>\n<meta property=\"og:title\" content=\"Extras\" \/>\n<meta property=\"og:description\" content=\"Ein Austauschjahr kann ganz unterschiedlich aussehen. Wenn du bestimmte Vorstellungen hast oder mitentscheiden m\u00f6chtest, kontaktiere uns gerne.\" \/>\n<meta property=\"og:url\" content=\"https:\/\/www.sts-education.com\/de-de\/high-school\/fakten-und-preise\/extras\/\" \/>\n<meta property=\"og:site_name\" content=\"STS Education\" \/>\n<meta property=\"article:modified_time\" content=\"2026-04-15T09:36:15+00:00\" \/>\n<meta property=\"og:image\" content=\"https:\/\/cdn.sts-education.com\/12838_hero_lg_xl.jpg\" \/>\n<meta name=\"twitter:card\" content=\"summary_large_image\" \/>\n<meta name=\"twitter:label1\" content=\"Gesch\u00e4tzte Lesezeit\" \/>\n\t<meta name=\"twitter:data1\" content=\"2\u00a0Minuten\" \/>\n<script type=\"application\/ld+json\" class=\"yoast-schema-graph\">{\"@context\":\"https:\\\/\\\/schema.org\",\"@graph\":[{\"@type\":\"WebPage\",\"@id\":\"https:\\\/\\\/www.sts-education.com\\\/de-de\\\/high-school\\\/fakten-und-preise\\\/extras\\\/\",\"url\":\"https:\\\/\\\/www.sts-education.com\\\/de-de\\\/high-school\\\/fakten-und-preise\\\/extras\\\/\",\"name\":\"Besondere W\u00fcnsche und Optionen f\u00fcr dein Austauschjahr| STS\",\"isPartOf\":{\"@id\":\"https:\\\/\\\/www.sts-education.com\\\/de-de\\\/#website\"},\"primaryImageOfPage\":{\"@id\":\"https:\\\/\\\/www.sts-education.com\\\/de-de\\\/high-school\\\/fakten-und-preise\\\/extras\\\/#primaryimage\"},\"image\":{\"@id\":\"https:\\\/\\\/www.sts-education.com\\\/de-de\\\/high-school\\\/fakten-und-preise\\\/extras\\\/#primaryimage\"},\"thumbnailUrl\":\"https:\\\/\\\/cdn.sts-education.com\\\/12838_hero_lg_xl.jpg\",\"datePublished\":\"2025-12-16T10:18:50+00:00\",\"dateModified\":\"2026-04-15T09:36:15+00:00\",\"description\":\"Ein Austauschjahr kann ganz unterschiedlich aussehen. Wenn du bestimmte Vorstellungen hast oder mitentscheiden m\u00f6chtest, kontaktiere uns gerne.\",\"breadcrumb\":{\"@id\":\"https:\\\/\\\/www.sts-education.com\\\/de-de\\\/high-school\\\/fakten-und-preise\\\/extras\\\/#breadcrumb\"},\"inLanguage\":\"de\",\"potentialAction\":[{\"@type\":\"ReadAction\",\"target\":[\"https:\\\/\\\/www.sts-education.com\\\/de-de\\\/high-school\\\/fakten-und-preise\\\/extras\\\/\"]}]},{\"@type\":\"ImageObject\",\"inLanguage\":\"de\",\"@id\":\"https:\\\/\\\/www.sts-education.com\\\/de-de\\\/high-school\\\/fakten-und-preise\\\/extras\\\/#primaryimage\",\"url\":\"https:\\\/\\\/cdn.sts-education.com\\\/12838_hero_lg_xl.jpg\",\"contentUrl\":\"https:\\\/\\\/cdn.sts-education.com\\\/12838_hero_lg_xl.jpg\"},{\"@type\":\"BreadcrumbList\",\"@id\":\"https:\\\/\\\/www.sts-education.com\\\/de-de\\\/high-school\\\/fakten-und-preise\\\/extras\\\/#breadcrumb\",\"itemListElement\":[{\"@type\":\"ListItem\",\"position\":1,\"name\":\"Home\",\"item\":\"https:\\\/\\\/www.sts-education.com\\\/de-de\\\/sample-page\\\/\"},{\"@type\":\"ListItem\",\"position\":2,\"name\":\"High School\",\"item\":\"https:\\\/\\\/www.sts-education.com\\\/de-de\\\/high-school\\\/\"},{\"@type\":\"ListItem\",\"position\":3,\"name\":\"Fakten und Preise\",\"item\":\"https:\\\/\\\/www.sts-education.com\\\/de-de\\\/high-school\\\/fakten-und-preise\\\/\"},{\"@type\":\"ListItem\",\"position\":4,\"name\":\"Extras\"}]},{\"@type\":\"WebSite\",\"@id\":\"https:\\\/\\\/www.sts-education.com\\\/de-de\\\/#website\",\"url\":\"https:\\\/\\\/www.sts-education.com\\\/de-de\\\/\",\"name\":\"STS Education\",\"description\":\"\",\"potentialAction\":[{\"@type\":\"SearchAction\",\"target\":{\"@type\":\"EntryPoint\",\"urlTemplate\":\"https:\\\/\\\/www.sts-education.com\\\/de-de\\\/?s={search_term_string}\"},\"query-input\":{\"@type\":\"PropertyValueSpecification\",\"valueRequired\":true,\"valueName\":\"search_term_string\"}}],\"inLanguage\":\"de\"}]}<\/script>\n<!-- \/ Yoast SEO Premium plugin. -->","yoast_head_json":{"title":"Besondere W\u00fcnsche und Optionen f\u00fcr dein Austauschjahr| STS","description":"Ein Austauschjahr kann ganz unterschiedlich aussehen. Wenn du bestimmte Vorstellungen hast oder mitentscheiden m\u00f6chtest, kontaktiere uns gerne.","robots":{"index":"index","follow":"follow","max-snippet":"max-snippet:-1","max-image-preview":"max-image-preview:large","max-video-preview":"max-video-preview:-1"},"canonical":"https:\/\/www.sts-education.com\/de-de\/high-school\/fakten-und-preise\/extras\/","og_locale":"de_DE","og_type":"article","og_title":"Extras","og_description":"Ein Austauschjahr kann ganz unterschiedlich aussehen. Wenn du bestimmte Vorstellungen hast oder mitentscheiden m\u00f6chtest, kontaktiere uns gerne.","og_url":"https:\/\/www.sts-education.com\/de-de\/high-school\/fakten-und-preise\/extras\/","og_site_name":"STS Education","article_modified_time":"2026-04-15T09:36:15+00:00","og_image":[{"url":"https:\/\/cdn.sts-education.com\/12838_hero_lg_xl.jpg","type":"","width":"","height":""}],"twitter_card":"summary_large_image","twitter_misc":{"Gesch\u00e4tzte Lesezeit":"2\u00a0Minuten"},"schema":{"@context":"https:\/\/schema.org","@graph":[{"@type":"WebPage","@id":"https:\/\/www.sts-education.com\/de-de\/high-school\/fakten-und-preise\/extras\/","url":"https:\/\/www.sts-education.com\/de-de\/high-school\/fakten-und-preise\/extras\/","name":"Besondere W\u00fcnsche und Optionen f\u00fcr dein Austauschjahr| STS","isPartOf":{"@id":"https:\/\/www.sts-education.com\/de-de\/#website"},"primaryImageOfPage":{"@id":"https:\/\/www.sts-education.com\/de-de\/high-school\/fakten-und-preise\/extras\/#primaryimage"},"image":{"@id":"https:\/\/www.sts-education.com\/de-de\/high-school\/fakten-und-preise\/extras\/#primaryimage"},"thumbnailUrl":"https:\/\/cdn.sts-education.com\/12838_hero_lg_xl.jpg","datePublished":"2025-12-16T10:18:50+00:00","dateModified":"2026-04-15T09:36:15+00:00","description":"Ein Austauschjahr kann ganz unterschiedlich aussehen. Wenn du bestimmte Vorstellungen hast oder mitentscheiden m\u00f6chtest, kontaktiere uns gerne.","breadcrumb":{"@id":"https:\/\/www.sts-education.com\/de-de\/high-school\/fakten-und-preise\/extras\/#breadcrumb"},"inLanguage":"de","potentialAction":[{"@type":"ReadAction","target":["https:\/\/www.sts-education.com\/de-de\/high-school\/fakten-und-preise\/extras\/"]}]},{"@type":"ImageObject","inLanguage":"de","@id":"https:\/\/www.sts-education.com\/de-de\/high-school\/fakten-und-preise\/extras\/#primaryimage","url":"https:\/\/cdn.sts-education.com\/12838_hero_lg_xl.jpg","contentUrl":"https:\/\/cdn.sts-education.com\/12838_hero_lg_xl.jpg"},{"@type":"BreadcrumbList","@id":"https:\/\/www.sts-education.com\/de-de\/high-school\/fakten-und-preise\/extras\/#breadcrumb","itemListElement":[{"@type":"ListItem","position":1,"name":"Home","item":"https:\/\/www.sts-education.com\/de-de\/sample-page\/"},{"@type":"ListItem","position":2,"name":"High School","item":"https:\/\/www.sts-education.com\/de-de\/high-school\/"},{"@type":"ListItem","position":3,"name":"Fakten und Preise","item":"https:\/\/www.sts-education.com\/de-de\/high-school\/fakten-und-preise\/"},{"@type":"ListItem","position":4,"name":"Extras"}]},{"@type":"WebSite","@id":"https:\/\/www.sts-education.com\/de-de\/#website","url":"https:\/\/www.sts-education.com\/de-de\/","name":"STS Education","description":"","potentialAction":[{"@type":"SearchAction","target":{"@type":"EntryPoint","urlTemplate":"https:\/\/www.sts-education.com\/de-de\/?s={search_term_string}"},"query-input":{"@type":"PropertyValueSpecification","valueRequired":true,"valueName":"search_term_string"}}],"inLanguage":"de"}]}},"_links":{"self":[{"href":"https:\/\/www.sts-education.com\/de-de\/wp-json\/wp\/v2\/pages\/10577","targetHints":{"allow":["GET"]}}],"collection":[{"href":"https:\/\/www.sts-education.com\/de-de\/wp-json\/wp\/v2\/pages"}],"about":[{"href":"https:\/\/www.sts-education.com\/de-de\/wp-json\/wp\/v2\/types\/page"}],"author":[{"embeddable":true,"href":"https:\/\/www.sts-education.com\/de-de\/wp-json\/wp\/v2\/users\/20"}],"replies":[{"embeddable":true,"href":"https:\/\/www.sts-education.com\/de-de\/wp-json\/wp\/v2\/comments?post=10577"}],"version-history":[{"count":5,"href":"https:\/\/www.sts-education.com\/de-de\/wp-json\/wp\/v2\/pages\/10577\/revisions"}],"predecessor-version":[{"id":35460,"href":"https:\/\/www.sts-education.com\/de-de\/wp-json\/wp\/v2\/pages\/10577\/revisions\/35460"}],"up":[{"embeddable":true,"href":"https:\/\/www.sts-education.com\/de-de\/wp-json\/wp\/v2\/pages\/10552"}],"wp:attachment":[{"href":"https:\/\/www.sts-education.com\/de-de\/wp-json\/wp\/v2\/media?parent=10577"}],"wp:term":[{"taxonomy":"wpw_page_folders","embeddable":true,"href":"https:\/\/www.sts-education.com\/de-de\/wp-json\/wp\/v2\/wpw_page_folders?post=10577"}],"curies":[{"name":"wp","href":"https:\/\/api.w.org\/{rel}","templated":true}]}}