{"id":10590,"date":"2025-12-16T10:07:29","date_gmt":"2025-12-16T10:07:29","guid":{"rendered":"https:\/\/preprod.sts-education.com\/high-school\/vor-deinem-auslandsjahr\/triff-uns\/"},"modified":"2026-04-15T09:36:27","modified_gmt":"2026-04-15T09:36:27","slug":"triff-uns","status":"publish","type":"page","link":"https:\/\/www.sts-education.com\/de-de\/high-school\/vor-deinem-auslandsjahr\/triff-uns\/","title":{"rendered":"Triff Uns"},"content":{"rendered":"\n<section class=\"wp-block-sts-hero sts-block-hero sts-block-hero is-variant-full-background has-text-light has-background-media\" style=\"--sts-hero-padding-mobile:0px;--sts-hero-padding-desktop:0px;--sts-hero-text-color:var(--wp--preset--color--base-10, #fff)\" data-variant=\"full-background\"><div class=\"sts-block-hero__background\"><picture class=\"sts-responsive-image has-pos-center is-skeleton\"><img src=\"https:\/\/cdn.sts-education.com\/13768_hero_lg_xl.jpg\" alt=\"Alles, was du wissen musst\" loading=\"lazy\" decoding=\"async\" fetchpriority=\"low\" sizes=\"(max-width: 640px) max(100vw, calc(clamp(320px, 100vh, 720px) * 9 \/ 16)), (max-width: 840px) max(100vw, calc(clamp(320px, 100vh, 720px) * 1 \/ 1)), max(100vw, calc(clamp(320px, 100vh, 720px) * 16 \/ 9))\" style=\"object-position:center\"\/><\/picture><span class=\"sts-block-hero__overlay\" aria-hidden=\"true\"><\/span><\/div><div class=\"sts-block-hero__inner\"><div class=\"sts-block-hero__content has-align-center\"><div class=\"sts-block-hero__content-inner\"><h1 class=\"sts-block-hero__heading\">Alles, was du wissen musst<\/h1><\/div><\/div><\/div><\/section>\n\n\n\n<div class=\"wp-block-sts-text sts-text-editor has-max-width-md\"><div class=\"sts-text-editor__content\"><div class=\"sts-text-editor__content-inner\">\n<p>\u00dcberlegst du, als Austauschsch\u00fcler ein Jahr ins Ausland zu gehen? Dann ist ein Webinar ein guter erster Schritt. Im Webinar erz\u00e4hlen dir unsere Experten alles \u00fcber ein Auslandsjahr, \u00fcber STS, was es bedeutet, in einer Gastfamilie zu leben, zwischen welchen L\u00e4ndern du w\u00e4hlen kannst und warum ein Jahr im Ausland wahrscheinlich das Beste sein wird, was du je erlebt hast!<\/p>\n<h2>Lerne uns kennen<\/h2>\n<p>In unseren Webinaren lernst du STS Mitarbeiter kennen und meist sind auch ehemalige Gastsch\u00fcler dabei. An einigen Webinaren nehmen Schulen aus unseren Gastl\u00e4ndern teil. Und nat\u00fcrlich erz\u00e4hlen wir dir alles \u00fcber den Bewerbungsprozess und beantworten deine Fragen.<\/p>\n<p>Deine Eltern k\u00f6nnen gerne teilnehmen, denn oft haben sie selbst viele Fragen. Auch andere Familienmitglieder und Freunde sind herzlich willkommen. Das Webinar ist unverbindlich und kostenlos.<\/p>\n<h2>Brauchst du sofort Infos?<\/h2>\n<p>Du hast schon heute viele Fragen und m\u00f6chtest gleich eine Antwort? Dann sind wir Montag bis Freitag von 9 bis 18 Uhr f\u00fcr dich da und warten auf deinen Anruf. Besuch uns in unserem B\u00fcro An der Alster 62a in Hamburg, ruf an unter <a href=\"tel:040%20-%20303%20999%2023\">(040) 303 999 23<\/a> oder schick uns eine Mail an <a href=\"mailto:info@sts-education.de\">info@sts-education.de<\/a>.<\/p>\n<p>Wom\u00f6glich beginnt damit eine unvergessliche Zeit deines Lebens!<\/p>\n<h3>N\u00e4chste Termine:<\/h3>\n<\/div><\/div><\/div>\n\n\n<div class=\"sts-block-cards sts-block-cards--listing is-empty has-max-width-md wp-block-sts-cards\"><\/div>","protected":false},"excerpt":{"rendered":"","protected":false},"author":20,"featured_media":15299,"parent":10555,"menu_order":0,"comment_status":"closed","ping_status":"closed","template":"templates\/template-default-with-breadcrumbs.php","meta":{"_acf_changed":false,"sts_page_background_color":"","footnotes":""},"wpw_page_folders":[80],"class_list":["post-10590","page","type-page","status-publish","has-post-thumbnail","hentry"],"acf":[],"yoast_head":"<!-- This site is optimized with the Yoast SEO Premium plugin v27.2 (Yoast SEO v27.3) - https:\/\/yoast.com\/product\/yoast-seo-premium-wordpress\/ -->\n<title>Webinare zum Austauschjahr<\/title>\n<meta name=\"description\" content=\"Lerne uns online kennen und stelle alle deine Fragen \u00fcber High School im Ausland.\" \/>\n<meta name=\"robots\" content=\"index, follow, max-snippet:-1, max-image-preview:large, max-video-preview:-1\" \/>\n<link rel=\"canonical\" href=\"https:\/\/www.sts-education.com\/de-de\/high-school\/vor-deinem-auslandsjahr\/triff-uns\/\" \/>\n<meta property=\"og:locale\" content=\"de_DE\" \/>\n<meta property=\"og:type\" content=\"article\" \/>\n<meta property=\"og:title\" content=\"Triff Uns\" \/>\n<meta property=\"og:description\" content=\"Lerne uns online kennen und stelle alle deine Fragen \u00fcber High School im Ausland.\" \/>\n<meta property=\"og:url\" content=\"https:\/\/www.sts-education.com\/de-de\/high-school\/vor-deinem-auslandsjahr\/triff-uns\/\" \/>\n<meta property=\"og:site_name\" content=\"STS Education\" \/>\n<meta property=\"article:modified_time\" content=\"2026-04-15T09:36:27+00:00\" \/>\n<meta property=\"og:image\" content=\"https:\/\/powered-by.qbank.se\/educatius\/sts\/\/ea90a4812ed10cb09ee7c1ba94498d70_1-1-thumb.webp\" \/>\n\t<meta property=\"og:image:width\" content=\"150\" \/>\n\t<meta property=\"og:image:height\" content=\"150\" \/>\n\t<meta property=\"og:image:type\" content=\"image\/jpeg\" \/>\n<meta name=\"twitter:card\" content=\"summary_large_image\" \/>\n<meta name=\"twitter:label1\" content=\"Gesch\u00e4tzte Lesezeit\" \/>\n\t<meta name=\"twitter:data1\" content=\"2\u00a0Minuten\" \/>\n<script type=\"application\/ld+json\" class=\"yoast-schema-graph\">{\"@context\":\"https:\\\/\\\/schema.org\",\"@graph\":[{\"@type\":\"WebPage\",\"@id\":\"https:\\\/\\\/www.sts-education.com\\\/de-de\\\/high-school\\\/vor-deinem-auslandsjahr\\\/triff-uns\\\/\",\"url\":\"https:\\\/\\\/www.sts-education.com\\\/de-de\\\/high-school\\\/vor-deinem-auslandsjahr\\\/triff-uns\\\/\",\"name\":\"Webinare zum Austauschjahr\",\"isPartOf\":{\"@id\":\"https:\\\/\\\/www.sts-education.com\\\/de-de\\\/#website\"},\"primaryImageOfPage\":{\"@id\":\"https:\\\/\\\/www.sts-education.com\\\/de-de\\\/high-school\\\/vor-deinem-auslandsjahr\\\/triff-uns\\\/#primaryimage\"},\"image\":{\"@id\":\"https:\\\/\\\/www.sts-education.com\\\/de-de\\\/high-school\\\/vor-deinem-auslandsjahr\\\/triff-uns\\\/#primaryimage\"},\"thumbnailUrl\":\"https:\\\/\\\/powered-by.qbank.se\\\/educatius\\\/sts\\\/\\\/ea90a4812ed10cb09ee7c1ba94498d70_1-1-thumb.webp\",\"datePublished\":\"2025-12-16T10:07:29+00:00\",\"dateModified\":\"2026-04-15T09:36:27+00:00\",\"description\":\"Lerne uns online kennen und stelle alle deine Fragen \u00fcber High School im Ausland.\",\"breadcrumb\":{\"@id\":\"https:\\\/\\\/www.sts-education.com\\\/de-de\\\/high-school\\\/vor-deinem-auslandsjahr\\\/triff-uns\\\/#breadcrumb\"},\"inLanguage\":\"de\",\"potentialAction\":[{\"@type\":\"ReadAction\",\"target\":[\"https:\\\/\\\/www.sts-education.com\\\/de-de\\\/high-school\\\/vor-deinem-auslandsjahr\\\/triff-uns\\\/\"]}]},{\"@type\":\"ImageObject\",\"inLanguage\":\"de\",\"@id\":\"https:\\\/\\\/www.sts-education.com\\\/de-de\\\/high-school\\\/vor-deinem-auslandsjahr\\\/triff-uns\\\/#primaryimage\",\"url\":\"https:\\\/\\\/powered-by.qbank.se\\\/educatius\\\/sts\\\/\\\/ea90a4812ed10cb09ee7c1ba94498d70_1-1-thumb.webp\",\"contentUrl\":\"https:\\\/\\\/powered-by.qbank.se\\\/educatius\\\/sts\\\/\\\/ea90a4812ed10cb09ee7c1ba94498d70_1-1-thumb.webp\",\"width\":150,\"height\":150},{\"@type\":\"BreadcrumbList\",\"@id\":\"https:\\\/\\\/www.sts-education.com\\\/de-de\\\/high-school\\\/vor-deinem-auslandsjahr\\\/triff-uns\\\/#breadcrumb\",\"itemListElement\":[{\"@type\":\"ListItem\",\"position\":1,\"name\":\"Home\",\"item\":\"https:\\\/\\\/www.sts-education.com\\\/de-de\\\/sample-page\\\/\"},{\"@type\":\"ListItem\",\"position\":2,\"name\":\"High School\",\"item\":\"https:\\\/\\\/www.sts-education.com\\\/de-de\\\/high-school\\\/\"},{\"@type\":\"ListItem\",\"position\":3,\"name\":\"Vor Deinem Auslandsjahr\",\"item\":\"https:\\\/\\\/www.sts-education.com\\\/de-de\\\/high-school\\\/vor-deinem-auslandsjahr\\\/\"},{\"@type\":\"ListItem\",\"position\":4,\"name\":\"Triff Uns\"}]},{\"@type\":\"WebSite\",\"@id\":\"https:\\\/\\\/www.sts-education.com\\\/de-de\\\/#website\",\"url\":\"https:\\\/\\\/www.sts-education.com\\\/de-de\\\/\",\"name\":\"STS Education\",\"description\":\"\",\"potentialAction\":[{\"@type\":\"SearchAction\",\"target\":{\"@type\":\"EntryPoint\",\"urlTemplate\":\"https:\\\/\\\/www.sts-education.com\\\/de-de\\\/?s={search_term_string}\"},\"query-input\":{\"@type\":\"PropertyValueSpecification\",\"valueRequired\":true,\"valueName\":\"search_term_string\"}}],\"inLanguage\":\"de\"}]}<\/script>\n<!-- \/ Yoast SEO Premium plugin. -->","yoast_head_json":{"title":"Webinare zum Austauschjahr","description":"Lerne uns online kennen und stelle alle deine Fragen \u00fcber High School im Ausland.","robots":{"index":"index","follow":"follow","max-snippet":"max-snippet:-1","max-image-preview":"max-image-preview:large","max-video-preview":"max-video-preview:-1"},"canonical":"https:\/\/www.sts-education.com\/de-de\/high-school\/vor-deinem-auslandsjahr\/triff-uns\/","og_locale":"de_DE","og_type":"article","og_title":"Triff Uns","og_description":"Lerne uns online kennen und stelle alle deine Fragen \u00fcber High School im Ausland.","og_url":"https:\/\/www.sts-education.com\/de-de\/high-school\/vor-deinem-auslandsjahr\/triff-uns\/","og_site_name":"STS Education","article_modified_time":"2026-04-15T09:36:27+00:00","og_image":[{"width":150,"height":150,"url":"https:\/\/powered-by.qbank.se\/educatius\/sts\/\/ea90a4812ed10cb09ee7c1ba94498d70_1-1-thumb.webp","type":"image\/jpeg"}],"twitter_card":"summary_large_image","twitter_misc":{"Gesch\u00e4tzte Lesezeit":"2\u00a0Minuten"},"schema":{"@context":"https:\/\/schema.org","@graph":[{"@type":"WebPage","@id":"https:\/\/www.sts-education.com\/de-de\/high-school\/vor-deinem-auslandsjahr\/triff-uns\/","url":"https:\/\/www.sts-education.com\/de-de\/high-school\/vor-deinem-auslandsjahr\/triff-uns\/","name":"Webinare zum Austauschjahr","isPartOf":{"@id":"https:\/\/www.sts-education.com\/de-de\/#website"},"primaryImageOfPage":{"@id":"https:\/\/www.sts-education.com\/de-de\/high-school\/vor-deinem-auslandsjahr\/triff-uns\/#primaryimage"},"image":{"@id":"https:\/\/www.sts-education.com\/de-de\/high-school\/vor-deinem-auslandsjahr\/triff-uns\/#primaryimage"},"thumbnailUrl":"https:\/\/powered-by.qbank.se\/educatius\/sts\/\/ea90a4812ed10cb09ee7c1ba94498d70_1-1-thumb.webp","datePublished":"2025-12-16T10:07:29+00:00","dateModified":"2026-04-15T09:36:27+00:00","description":"Lerne uns online kennen und stelle alle deine Fragen \u00fcber High School im Ausland.","breadcrumb":{"@id":"https:\/\/www.sts-education.com\/de-de\/high-school\/vor-deinem-auslandsjahr\/triff-uns\/#breadcrumb"},"inLanguage":"de","potentialAction":[{"@type":"ReadAction","target":["https:\/\/www.sts-education.com\/de-de\/high-school\/vor-deinem-auslandsjahr\/triff-uns\/"]}]},{"@type":"ImageObject","inLanguage":"de","@id":"https:\/\/www.sts-education.com\/de-de\/high-school\/vor-deinem-auslandsjahr\/triff-uns\/#primaryimage","url":"https:\/\/powered-by.qbank.se\/educatius\/sts\/\/ea90a4812ed10cb09ee7c1ba94498d70_1-1-thumb.webp","contentUrl":"https:\/\/powered-by.qbank.se\/educatius\/sts\/\/ea90a4812ed10cb09ee7c1ba94498d70_1-1-thumb.webp","width":150,"height":150},{"@type":"BreadcrumbList","@id":"https:\/\/www.sts-education.com\/de-de\/high-school\/vor-deinem-auslandsjahr\/triff-uns\/#breadcrumb","itemListElement":[{"@type":"ListItem","position":1,"name":"Home","item":"https:\/\/www.sts-education.com\/de-de\/sample-page\/"},{"@type":"ListItem","position":2,"name":"High School","item":"https:\/\/www.sts-education.com\/de-de\/high-school\/"},{"@type":"ListItem","position":3,"name":"Vor Deinem Auslandsjahr","item":"https:\/\/www.sts-education.com\/de-de\/high-school\/vor-deinem-auslandsjahr\/"},{"@type":"ListItem","position":4,"name":"Triff Uns"}]},{"@type":"WebSite","@id":"https:\/\/www.sts-education.com\/de-de\/#website","url":"https:\/\/www.sts-education.com\/de-de\/","name":"STS Education","description":"","potentialAction":[{"@type":"SearchAction","target":{"@type":"EntryPoint","urlTemplate":"https:\/\/www.sts-education.com\/de-de\/?s={search_term_string}"},"query-input":{"@type":"PropertyValueSpecification","valueRequired":true,"valueName":"search_term_string"}}],"inLanguage":"de"}]}},"_links":{"self":[{"href":"https:\/\/www.sts-education.com\/de-de\/wp-json\/wp\/v2\/pages\/10590","targetHints":{"allow":["GET"]}}],"collection":[{"href":"https:\/\/www.sts-education.com\/de-de\/wp-json\/wp\/v2\/pages"}],"about":[{"href":"https:\/\/www.sts-education.com\/de-de\/wp-json\/wp\/v2\/types\/page"}],"author":[{"embeddable":true,"href":"https:\/\/www.sts-education.com\/de-de\/wp-json\/wp\/v2\/users\/20"}],"replies":[{"embeddable":true,"href":"https:\/\/www.sts-education.com\/de-de\/wp-json\/wp\/v2\/comments?post=10590"}],"version-history":[{"count":6,"href":"https:\/\/www.sts-education.com\/de-de\/wp-json\/wp\/v2\/pages\/10590\/revisions"}],"predecessor-version":[{"id":35469,"href":"https:\/\/www.sts-education.com\/de-de\/wp-json\/wp\/v2\/pages\/10590\/revisions\/35469"}],"up":[{"embeddable":true,"href":"https:\/\/www.sts-education.com\/de-de\/wp-json\/wp\/v2\/pages\/10555"}],"wp:featuredmedia":[{"embeddable":true,"href":"https:\/\/www.sts-education.com\/de-de\/wp-json\/wp\/v2\/media\/15299"}],"wp:attachment":[{"href":"https:\/\/www.sts-education.com\/de-de\/wp-json\/wp\/v2\/media?parent=10590"}],"wp:term":[{"taxonomy":"wpw_page_folders","embeddable":true,"href":"https:\/\/www.sts-education.com\/de-de\/wp-json\/wp\/v2\/wpw_page_folders?post=10590"}],"curies":[{"name":"wp","href":"https:\/\/api.w.org\/{rel}","templated":true}]}}