{"id":10591,"date":"2025-12-16T10:09:09","date_gmt":"2025-12-16T10:09:09","guid":{"rendered":"https:\/\/preprod.sts-education.com\/high-school\/vor-deinem-auslandsjahr\/vorteile-eines-austauschjahres\/"},"modified":"2026-04-14T09:50:59","modified_gmt":"2026-04-14T09:50:59","slug":"vorteile-eines-austauschjahres","status":"publish","type":"page","link":"https:\/\/www.sts-education.com\/de-de\/high-school\/vor-deinem-auslandsjahr\/vorteile-eines-austauschjahres\/","title":{"rendered":"Vorteile Eines Austauschjahres"},"content":{"rendered":"\n<section class=\"wp-block-sts-hero sts-block-hero sts-block-hero is-variant-full-background has-text-light has-background-media\" style=\"--sts-hero-padding-mobile:0px;--sts-hero-padding-desktop:0px;--sts-hero-text-color:var(--wp--preset--color--base-10, #fff)\" data-variant=\"full-background\"><div class=\"sts-block-hero__background\"><picture class=\"sts-responsive-image has-pos-center is-skeleton\"><img src=\"https:\/\/cdn.sts-education.com\/13427_hero_lg_xl.jpg\" alt=\"Was habe ich von einem Auslandsjahr?\" loading=\"lazy\" decoding=\"async\" fetchpriority=\"low\" sizes=\"(max-width: 640px) max(100vw, calc(clamp(320px, 100vh, 720px) * 9 \/ 16)), (max-width: 840px) max(100vw, calc(clamp(320px, 100vh, 720px) * 1 \/ 1)), max(100vw, calc(clamp(320px, 100vh, 720px) * 16 \/ 9))\" style=\"object-position:center\" \/><\/picture><span class=\"sts-block-hero__overlay\" aria-hidden=\"true\"><\/span><\/div><div class=\"sts-block-hero__inner\"><div class=\"sts-block-hero__content has-align-center\"><div class=\"sts-block-hero__content-inner\"><h1 class=\"sts-block-hero__heading\">Was bringt mir ein Auslandsjahr?<\/h1><\/div><\/div><\/div><\/section>\n\n\n\n<div class=\"wp-block-sts-text sts-text-editor has-max-width-md\"><div class=\"sts-text-editor__content\"><div class=\"sts-text-editor__content-inner\">\n<p>Wenn du von deinem High School-Austausch zur\u00fcckkommst, merkst du, wieviel das Leben in einem anderen Land dir gegeben hat: neue Freunde, neue Sprachkenntnisse, die Erfahrung unterschiedlicher Kulturen, ein st\u00e4rkeres Selbstvertrauen, unendlich viele tolle Erlebnisse und sch\u00f6ne Erinnerungen. Und nat\u00fcrlich kannst du in deinem Lebenslauf mit einer gro\u00dfartigen internationalen Erfahrung gl\u00e4nzen \u2013 ein Riesenvorteil f\u00fcr deine berufliche Zukunft.<\/p>\n<h2>Darum ist ein Austauschjahr eine Investition in deine Zukunft:<\/h2>\n<ul>\n<li><strong>Vorsprung.<\/strong> Wer die Erfahrung macht, im Ausland zu leben, zur Schule zu gehen und eine andere Sprache flie\u00dfend zu sprechen, hat viele Vorteile. Wenn du dich sp\u00e4ter f\u00fcr eine Ausbildung, ein Studium oder einen Job bewirbst, stichst du aus der Masse der Bewerber heraus.<\/li>\n<li><strong>Pers\u00f6nliche Entwicklung.<\/strong> Wenn du neugierig bist und dich selbst herausforderst, bereicherst du dein Leben. Du entwickelst viele F\u00e4higkeiten, die sp\u00e4ter im Arbeitsleben wichtig sind, wie Selbst\u00e4ndigkeit, soziale Kompetenzen und Initiative.<\/li>\n<li><strong>Internationales Netzwerk an Freunden.<\/strong> Du bekommst eine zweite Familie und neue beste Freunde in einem anderen Land. Bleibe unbedingt mit ihnen in Kontakt, denn es gibt nichts besseres, als Freunde auf der ganzen Welt zu haben. Ein internationales Netzwerk ist wertvoll f\u00fcr dein Privatleben und deine berufliche Zukunft.<\/li>\n<li><strong>Neue Perspektive auf deine eigene Kultur.<\/strong> In einem anderen Land zur Schule zu gehen, erweitert deinen Blick auf die Welt. Du siehst deine eigne Kultur mit frischen Augen und lernst unglaublich viel \u00fcber dich selbst. Was gef\u00e4llt dir an deinem neuen Land? Was ist anders? Es macht Spa\u00df, die Traditionen und Werte deines eigenen Landes zu teilen, wenn du weit weg bist.<\/li>\n<\/ul>\n<\/div><\/div><\/div>\n\n\n\n<section class=\"wp-block-sts-video sts-block-video sts-block-video--landscape has-max-width-lg\"><div class=\"sts-video sts-video--landscape\"><div class=\"sts-video__handler\"><button type=\"button\" class=\"sts-video__play-button\" aria-label=\"Play video\" aria-pressed=\"false\" data-playing=\"false\"><span class=\"sts-video__play-icon\"><img decoding=\"async\" class=\"play-icon\" src=\"data:image\/svg+xml,%3csvg%20width='32'%20height='32'%20viewBox='0%200%2032%2032'%20fill='none'%20xmlns='http:\/\/www.w3.org\/2000\/svg'%3e%3cmask%20id='mask0_2459_8201'%20style='mask-type:alpha'%20maskUnits='userSpaceOnUse'%20x='0'%20y='0'%20width='32'%20height='32'%3e%3crect%20width='32'%20height='32'%20fill='%23D9D9D9'\/%3e%3c\/mask%3e%3cg%20mask='url(%23mask0_2459_8201)'%3e%3cpath%20d='M10.667%2022.8999V9.09993C10.667%208.72216%2010.8003%208.40549%2011.067%208.14993C11.3337%207.89438%2011.6448%207.7666%2012.0003%207.7666C12.1114%207.7666%2012.2281%207.78327%2012.3503%207.8166C12.4725%207.84993%2012.5892%207.89993%2012.7003%207.9666L23.567%2014.8666C23.767%2014.9999%2023.917%2015.1666%2024.017%2015.3666C24.117%2015.5666%2024.167%2015.7777%2024.167%2015.9999C24.167%2016.2222%2024.117%2016.4333%2024.017%2016.6333C23.917%2016.8333%2023.767%2016.9999%2023.567%2017.1333L12.7003%2024.0333C12.5892%2024.0999%2012.4725%2024.1499%2012.3503%2024.1833C12.2281%2024.2166%2012.1114%2024.2333%2012.0003%2024.2333C11.6448%2024.2333%2011.3337%2024.1055%2011.067%2023.8499C10.8003%2023.5944%2010.667%2023.2777%2010.667%2022.8999Z'%20fill='black'\/%3e%3c\/g%3e%3c\/svg%3e\" alt=\"\" aria-hidden=\"true\" \/><img decoding=\"async\" class=\"pause-icon\" src=\"data:image\/svg+xml,%3csvg%20width='32'%20height='32'%20viewBox='0%200%2032%2032'%20fill='none'%20xmlns='http:\/\/www.w3.org\/2000\/svg'%3e%3cmask%20id='mask0_pause'%20style='mask-type:alpha'%20maskUnits='userSpaceOnUse'%20x='0'%20y='0'%20width='32'%20height='32'%3e%3crect%20width='32'%20height='32'%20fill='%23D9D9D9'\/%3e%3c\/mask%3e%3cg%20mask='url(%23mask0_pause)'%3e%3c!--%20Left%20bar%20--%3e%3crect%20x='10'%20y='8'%20width='4'%20height='16'%20rx='1'%20fill='black'\/%3e%3c!--%20Right%20bar%20--%3e%3crect%20x='18'%20y='8'%20width='4'%20height='16'%20rx='1'%20fill='black'\/%3e%3c\/g%3e%3c\/svg%3e\" alt=\"\" aria-hidden=\"true\" \/><\/span><\/button><strong class=\"sts-video__duration\" data-duration-prefix=\"Video duration:\" data-unit-second=\"second\" data-unit-seconds=\"seconds\" data-unit-minute=\"minute\" data-unit-minutes=\"minutes\" aria-label=\"Video duration: 20.0 seconds\">20.0 secs<\/strong><\/div><div class=\"sts-video__media\" data-video-source=\"youtube\" data-video-url=\"\"><div class=\"sts-video__external-shell\" data-embed-url=\"https:\/\/www.youtube.com\/embed\/b68zyYpjatk?rel=0&amp;controls=1&amp;modestbranding=1&amp;playsinline=1&amp;enablejsapi=1&amp;autoplay=0&amp;origin=https%3A%2F%2Fwww.sts-education.com\"><iframe class=\"sts-video__iframe\" src=\"https:\/\/www.youtube.com\/embed\/b68zyYpjatk?rel=0&amp;controls=1&amp;modestbranding=1&amp;playsinline=1&amp;enablejsapi=1&amp;autoplay=0&amp;origin=https%3A%2F%2Fwww.sts-education.com\" title=\"Video poster\nheading\" allow=\"autoplay; fullscreen\" allowfullscreen loading=\"lazy\" data-provider=\"youtube\" data-embed-url=\"https:\/\/www.youtube.com\/embed\/b68zyYpjatk?rel=0&amp;controls=1&amp;modestbranding=1&amp;playsinline=1&amp;enablejsapi=1&amp;autoplay=0&amp;origin=https%3A%2F%2Fwww.sts-education.com\"><\/iframe><\/div><\/div><\/div><\/section>\n","protected":false},"excerpt":{"rendered":"","protected":false},"author":20,"featured_media":15305,"parent":10555,"menu_order":0,"comment_status":"closed","ping_status":"closed","template":"templates\/template-default-with-breadcrumbs.php","meta":{"_acf_changed":false,"sts_page_background_color":"","footnotes":""},"wpw_page_folders":[80],"class_list":["post-10591","page","type-page","status-publish","has-post-thumbnail","hentry"],"acf":[],"yoast_head":"<!-- This site is optimized with the Yoast SEO Premium plugin v27.2 (Yoast SEO v27.3) - https:\/\/yoast.com\/product\/yoast-seo-premium-wordpress\/ -->\n<title>Das sind deine Benefits, wenn du ein Austauschjahr machst<\/title>\n<meta name=\"description\" content=\"Mach das meiste aus deinem Jahr im Ausland. Lerne eine Fremdsprache, entdecke eine andere Kultur und finde neue Freunde. Du wirst dich enorm weiterentwickeln und ein internationales Netzwerk bilden.\" \/>\n<meta name=\"robots\" content=\"index, follow, max-snippet:-1, max-image-preview:large, max-video-preview:-1\" \/>\n<link rel=\"canonical\" href=\"https:\/\/www.sts-education.com\/de-de\/high-school\/vor-deinem-auslandsjahr\/vorteile-eines-austauschjahres\/\" \/>\n<meta property=\"og:locale\" content=\"de_DE\" \/>\n<meta property=\"og:type\" content=\"article\" \/>\n<meta property=\"og:title\" content=\"Vorteile Eines Austauschjahres\" \/>\n<meta property=\"og:description\" content=\"Mach das meiste aus deinem Jahr im Ausland. Lerne eine Fremdsprache, entdecke eine andere Kultur und finde neue Freunde. Du wirst dich enorm weiterentwickeln und ein internationales Netzwerk bilden.\" \/>\n<meta property=\"og:url\" content=\"https:\/\/www.sts-education.com\/de-de\/high-school\/vor-deinem-auslandsjahr\/vorteile-eines-austauschjahres\/\" \/>\n<meta property=\"og:site_name\" content=\"STS Education\" \/>\n<meta property=\"article:modified_time\" content=\"2026-04-14T09:50:59+00:00\" \/>\n<meta property=\"og:image\" content=\"https:\/\/powered-by.qbank.se\/educatius\/sts\/\/afc0e6e9172f867413f78160008e6f92_1-1-xsmall.webp\" \/>\n\t<meta property=\"og:image:width\" content=\"500\" \/>\n\t<meta property=\"og:image:height\" content=\"500\" \/>\n\t<meta property=\"og:image:type\" content=\"image\/jpeg\" \/>\n<meta name=\"twitter:card\" content=\"summary_large_image\" \/>\n<meta name=\"twitter:label1\" content=\"Gesch\u00e4tzte Lesezeit\" \/>\n\t<meta name=\"twitter:data1\" content=\"2\u00a0Minuten\" \/>\n<script type=\"application\/ld+json\" class=\"yoast-schema-graph\">{\"@context\":\"https:\\\/\\\/schema.org\",\"@graph\":[{\"@type\":\"WebPage\",\"@id\":\"https:\\\/\\\/www.sts-education.com\\\/de-de\\\/high-school\\\/vor-deinem-auslandsjahr\\\/vorteile-eines-austauschjahres\\\/\",\"url\":\"https:\\\/\\\/www.sts-education.com\\\/de-de\\\/high-school\\\/vor-deinem-auslandsjahr\\\/vorteile-eines-austauschjahres\\\/\",\"name\":\"Das sind deine Benefits, wenn du ein Austauschjahr machst\",\"isPartOf\":{\"@id\":\"https:\\\/\\\/www.sts-education.com\\\/de-de\\\/#website\"},\"primaryImageOfPage\":{\"@id\":\"https:\\\/\\\/www.sts-education.com\\\/de-de\\\/high-school\\\/vor-deinem-auslandsjahr\\\/vorteile-eines-austauschjahres\\\/#primaryimage\"},\"image\":{\"@id\":\"https:\\\/\\\/www.sts-education.com\\\/de-de\\\/high-school\\\/vor-deinem-auslandsjahr\\\/vorteile-eines-austauschjahres\\\/#primaryimage\"},\"thumbnailUrl\":\"https:\\\/\\\/powered-by.qbank.se\\\/educatius\\\/sts\\\/\\\/afc0e6e9172f867413f78160008e6f92_1-1-xsmall.webp\",\"datePublished\":\"2025-12-16T10:09:09+00:00\",\"dateModified\":\"2026-04-14T09:50:59+00:00\",\"description\":\"Mach das meiste aus deinem Jahr im Ausland. Lerne eine Fremdsprache, entdecke eine andere Kultur und finde neue Freunde. Du wirst dich enorm weiterentwickeln und ein internationales Netzwerk bilden.\",\"breadcrumb\":{\"@id\":\"https:\\\/\\\/www.sts-education.com\\\/de-de\\\/high-school\\\/vor-deinem-auslandsjahr\\\/vorteile-eines-austauschjahres\\\/#breadcrumb\"},\"inLanguage\":\"de\",\"potentialAction\":[{\"@type\":\"ReadAction\",\"target\":[\"https:\\\/\\\/www.sts-education.com\\\/de-de\\\/high-school\\\/vor-deinem-auslandsjahr\\\/vorteile-eines-austauschjahres\\\/\"]}]},{\"@type\":\"ImageObject\",\"inLanguage\":\"de\",\"@id\":\"https:\\\/\\\/www.sts-education.com\\\/de-de\\\/high-school\\\/vor-deinem-auslandsjahr\\\/vorteile-eines-austauschjahres\\\/#primaryimage\",\"url\":\"https:\\\/\\\/powered-by.qbank.se\\\/educatius\\\/sts\\\/\\\/afc0e6e9172f867413f78160008e6f92_1-1-xsmall.webp\",\"contentUrl\":\"https:\\\/\\\/powered-by.qbank.se\\\/educatius\\\/sts\\\/\\\/afc0e6e9172f867413f78160008e6f92_1-1-xsmall.webp\",\"width\":500,\"height\":500},{\"@type\":\"BreadcrumbList\",\"@id\":\"https:\\\/\\\/www.sts-education.com\\\/de-de\\\/high-school\\\/vor-deinem-auslandsjahr\\\/vorteile-eines-austauschjahres\\\/#breadcrumb\",\"itemListElement\":[{\"@type\":\"ListItem\",\"position\":1,\"name\":\"Home\",\"item\":\"https:\\\/\\\/www.sts-education.com\\\/de-de\\\/sample-page\\\/\"},{\"@type\":\"ListItem\",\"position\":2,\"name\":\"High School\",\"item\":\"https:\\\/\\\/www.sts-education.com\\\/de-de\\\/high-school\\\/\"},{\"@type\":\"ListItem\",\"position\":3,\"name\":\"Vor Deinem Auslandsjahr\",\"item\":\"https:\\\/\\\/www.sts-education.com\\\/de-de\\\/high-school\\\/vor-deinem-auslandsjahr\\\/\"},{\"@type\":\"ListItem\",\"position\":4,\"name\":\"Vorteile Eines Austauschjahres\"}]},{\"@type\":\"WebSite\",\"@id\":\"https:\\\/\\\/www.sts-education.com\\\/de-de\\\/#website\",\"url\":\"https:\\\/\\\/www.sts-education.com\\\/de-de\\\/\",\"name\":\"STS Education\",\"description\":\"\",\"potentialAction\":[{\"@type\":\"SearchAction\",\"target\":{\"@type\":\"EntryPoint\",\"urlTemplate\":\"https:\\\/\\\/www.sts-education.com\\\/de-de\\\/?s={search_term_string}\"},\"query-input\":{\"@type\":\"PropertyValueSpecification\",\"valueRequired\":true,\"valueName\":\"search_term_string\"}}],\"inLanguage\":\"de\"}]}<\/script>\n<!-- \/ Yoast SEO Premium plugin. -->","yoast_head_json":{"title":"Das sind deine Benefits, wenn du ein Austauschjahr machst","description":"Mach das meiste aus deinem Jahr im Ausland. Lerne eine Fremdsprache, entdecke eine andere Kultur und finde neue Freunde. Du wirst dich enorm weiterentwickeln und ein internationales Netzwerk bilden.","robots":{"index":"index","follow":"follow","max-snippet":"max-snippet:-1","max-image-preview":"max-image-preview:large","max-video-preview":"max-video-preview:-1"},"canonical":"https:\/\/www.sts-education.com\/de-de\/high-school\/vor-deinem-auslandsjahr\/vorteile-eines-austauschjahres\/","og_locale":"de_DE","og_type":"article","og_title":"Vorteile Eines Austauschjahres","og_description":"Mach das meiste aus deinem Jahr im Ausland. Lerne eine Fremdsprache, entdecke eine andere Kultur und finde neue Freunde. Du wirst dich enorm weiterentwickeln und ein internationales Netzwerk bilden.","og_url":"https:\/\/www.sts-education.com\/de-de\/high-school\/vor-deinem-auslandsjahr\/vorteile-eines-austauschjahres\/","og_site_name":"STS Education","article_modified_time":"2026-04-14T09:50:59+00:00","og_image":[{"width":500,"height":500,"url":"https:\/\/powered-by.qbank.se\/educatius\/sts\/\/afc0e6e9172f867413f78160008e6f92_1-1-xsmall.webp","type":"image\/jpeg"}],"twitter_card":"summary_large_image","twitter_misc":{"Gesch\u00e4tzte Lesezeit":"2\u00a0Minuten"},"schema":{"@context":"https:\/\/schema.org","@graph":[{"@type":"WebPage","@id":"https:\/\/www.sts-education.com\/de-de\/high-school\/vor-deinem-auslandsjahr\/vorteile-eines-austauschjahres\/","url":"https:\/\/www.sts-education.com\/de-de\/high-school\/vor-deinem-auslandsjahr\/vorteile-eines-austauschjahres\/","name":"Das sind deine Benefits, wenn du ein Austauschjahr machst","isPartOf":{"@id":"https:\/\/www.sts-education.com\/de-de\/#website"},"primaryImageOfPage":{"@id":"https:\/\/www.sts-education.com\/de-de\/high-school\/vor-deinem-auslandsjahr\/vorteile-eines-austauschjahres\/#primaryimage"},"image":{"@id":"https:\/\/www.sts-education.com\/de-de\/high-school\/vor-deinem-auslandsjahr\/vorteile-eines-austauschjahres\/#primaryimage"},"thumbnailUrl":"https:\/\/powered-by.qbank.se\/educatius\/sts\/\/afc0e6e9172f867413f78160008e6f92_1-1-xsmall.webp","datePublished":"2025-12-16T10:09:09+00:00","dateModified":"2026-04-14T09:50:59+00:00","description":"Mach das meiste aus deinem Jahr im Ausland. Lerne eine Fremdsprache, entdecke eine andere Kultur und finde neue Freunde. Du wirst dich enorm weiterentwickeln und ein internationales Netzwerk bilden.","breadcrumb":{"@id":"https:\/\/www.sts-education.com\/de-de\/high-school\/vor-deinem-auslandsjahr\/vorteile-eines-austauschjahres\/#breadcrumb"},"inLanguage":"de","potentialAction":[{"@type":"ReadAction","target":["https:\/\/www.sts-education.com\/de-de\/high-school\/vor-deinem-auslandsjahr\/vorteile-eines-austauschjahres\/"]}]},{"@type":"ImageObject","inLanguage":"de","@id":"https:\/\/www.sts-education.com\/de-de\/high-school\/vor-deinem-auslandsjahr\/vorteile-eines-austauschjahres\/#primaryimage","url":"https:\/\/powered-by.qbank.se\/educatius\/sts\/\/afc0e6e9172f867413f78160008e6f92_1-1-xsmall.webp","contentUrl":"https:\/\/powered-by.qbank.se\/educatius\/sts\/\/afc0e6e9172f867413f78160008e6f92_1-1-xsmall.webp","width":500,"height":500},{"@type":"BreadcrumbList","@id":"https:\/\/www.sts-education.com\/de-de\/high-school\/vor-deinem-auslandsjahr\/vorteile-eines-austauschjahres\/#breadcrumb","itemListElement":[{"@type":"ListItem","position":1,"name":"Home","item":"https:\/\/www.sts-education.com\/de-de\/sample-page\/"},{"@type":"ListItem","position":2,"name":"High School","item":"https:\/\/www.sts-education.com\/de-de\/high-school\/"},{"@type":"ListItem","position":3,"name":"Vor Deinem Auslandsjahr","item":"https:\/\/www.sts-education.com\/de-de\/high-school\/vor-deinem-auslandsjahr\/"},{"@type":"ListItem","position":4,"name":"Vorteile Eines Austauschjahres"}]},{"@type":"WebSite","@id":"https:\/\/www.sts-education.com\/de-de\/#website","url":"https:\/\/www.sts-education.com\/de-de\/","name":"STS Education","description":"","potentialAction":[{"@type":"SearchAction","target":{"@type":"EntryPoint","urlTemplate":"https:\/\/www.sts-education.com\/de-de\/?s={search_term_string}"},"query-input":{"@type":"PropertyValueSpecification","valueRequired":true,"valueName":"search_term_string"}}],"inLanguage":"de"}]}},"_links":{"self":[{"href":"https:\/\/www.sts-education.com\/de-de\/wp-json\/wp\/v2\/pages\/10591","targetHints":{"allow":["GET"]}}],"collection":[{"href":"https:\/\/www.sts-education.com\/de-de\/wp-json\/wp\/v2\/pages"}],"about":[{"href":"https:\/\/www.sts-education.com\/de-de\/wp-json\/wp\/v2\/types\/page"}],"author":[{"embeddable":true,"href":"https:\/\/www.sts-education.com\/de-de\/wp-json\/wp\/v2\/users\/20"}],"replies":[{"embeddable":true,"href":"https:\/\/www.sts-education.com\/de-de\/wp-json\/wp\/v2\/comments?post=10591"}],"version-history":[{"count":5,"href":"https:\/\/www.sts-education.com\/de-de\/wp-json\/wp\/v2\/pages\/10591\/revisions"}],"predecessor-version":[{"id":33196,"href":"https:\/\/www.sts-education.com\/de-de\/wp-json\/wp\/v2\/pages\/10591\/revisions\/33196"}],"up":[{"embeddable":true,"href":"https:\/\/www.sts-education.com\/de-de\/wp-json\/wp\/v2\/pages\/10555"}],"wp:featuredmedia":[{"embeddable":true,"href":"https:\/\/www.sts-education.com\/de-de\/wp-json\/wp\/v2\/media\/15305"}],"wp:attachment":[{"href":"https:\/\/www.sts-education.com\/de-de\/wp-json\/wp\/v2\/media?parent=10591"}],"wp:term":[{"taxonomy":"wpw_page_folders","embeddable":true,"href":"https:\/\/www.sts-education.com\/de-de\/wp-json\/wp\/v2\/wpw_page_folders?post=10591"}],"curies":[{"name":"wp","href":"https:\/\/api.w.org\/{rel}","templated":true}]}}