{"id":10592,"date":"2025-12-16T10:07:58","date_gmt":"2025-12-16T10:07:58","guid":{"rendered":"https:\/\/preprod.sts-education.com\/high-school\/vor-deinem-auslandsjahr\/waehle-zwischen-classic-und-select\/"},"modified":"2026-04-15T09:36:25","modified_gmt":"2026-04-15T09:36:25","slug":"waehle-zwischen-classic-und-select","status":"publish","type":"page","link":"https:\/\/www.sts-education.com\/de-de\/high-school\/vor-deinem-auslandsjahr\/waehle-zwischen-classic-und-select\/","title":{"rendered":"Waehle Zwischen Classic Und Select"},"content":{"rendered":"\n<section class=\"wp-block-sts-hero sts-block-hero is-variant-full-background has-text-light has-background-media\" style=\"--sts-hero-padding-mobile:0px;--sts-hero-padding-desktop:0px;--sts-hero-text-color:var(--wp--preset--color--base-10, #fff);\" data-variant=\"full-background\"><div class=\"sts-block-hero__background\"><picture class=\"sts-responsive-image has-fit-cover is-skeleton\"><img src=\"https:\/\/cdn.sts-education.com\/12561_hero_lg_xl.jpg\" alt=\"W\u00e4hle zwischen Classic und Select\" loading=\"lazy\" decoding=\"async\" fetchpriority=\"low\" sizes=\"100vw\" \/><\/picture><span class=\"sts-block-hero__overlay\" aria-hidden=\"true\"><\/span><\/div><div class=\"sts-block-hero__inner\"><div class=\"sts-block-hero__content has-align-center\"><div class=\"sts-block-hero__content-inner\"><h1 class=\"sts-block-hero__heading\">W\u00e4hle zwischen Classic und Select<\/h1><\/div><\/div><\/div><\/section>\n\n\n\n<div class=\"wp-block-sts-text sts-text-editor has-max-width-md\"><div class=\"sts-text-editor__content\"><div class=\"sts-text-editor__content-inner\">\n<p><strong>STS High School Classic<\/strong> ist das klassische Austausch-Programm, f\u00fcr das sich die meisten unserer Sch\u00fcler entscheiden. Es ist perfekt f\u00fcr dich, wenn du eine authentische High School-Erfahrung im Ausland machen m\u00f6chtest. Du wohnst bei einer Gastfamilie im Land deiner Wahl und wirst sofort ein Teil der Familie. Du besuchst eine lokale High School, wo du neue Freunde aus der Nachbarschaft findest. Bestimmt wirst du dich an deiner Schule schnell zu Hause f\u00fchlen. In einigen Gastl\u00e4ndern kannst du gegen eine Extrageb\u00fchr eine bestimmte Region w\u00e4hlen. Lies mehr dar\u00fcber, was f\u00fcr dein jeweilige Gastland gilt.<\/p>\n\n<p>Manchmal kann es f\u00fcr Austauschsch\u00fcler wichtig sein, ein bestimmtes Fach zu belegen, Instrumentenunterricht zu bekommen oder eine bestimmte Sportart zu trainieren. F\u00fcr diesen Fall bieten wir unser Programm<strong> STS High School Select<\/strong> an. Das hei\u00dft, du besuchst eine Privatschule, f\u00fcr die neben unserer Programmgeb\u00fchr ein Schulgeld f\u00e4llig wird. Du entscheidest selbst, in welcher Stadt du leben m\u00f6chtest, und in den meisten F\u00e4llen kannst du auch genau bestimmen, welche Schule du besuchst. High School Select bieten wir in den <a href=\"https:\/\/www.sts-education.com\/de-de\/nordamerika\/usa\/\">USA<\/a>, <a href=\"https:\/\/www.sts-education.com\/nordamerika\/kanada\/\">Kanada<\/a>, <a href=\"https:\/\/www.sts-education.com\/de-de\/ozeanien\/australien\/\">Australien<\/a>, <a href=\"https:\/\/www.sts-education.com\/de-de\/ozeanien\/neuseeland\/\">Neuseeland<\/a> und <a href=\"https:\/\/www.sts-education.com\/de-de\/europa\/grossbritannien\/\">Gro\u00dfbritannien<\/a>. Lies mehr \u00fcber unser Select-Programm unter dem jeweiligen Gastland und kontaktiere uns f\u00fcr weitere Informationen.<\/p>\n\n<p>Wir beraten dich gerne, um gemeinsam die Stadt und Schule f\u00fcr dich zu finden, die deinen W\u00fcnschen entspricht. Und vergiss nicht: Egal, wof\u00fcr du dich entscheidest &#8211; das wird die beste Zeit deines Lebens!<\/p>\n<\/div><\/div><\/div>\n","protected":false},"excerpt":{"rendered":"","protected":false},"author":20,"featured_media":15300,"parent":10555,"menu_order":0,"comment_status":"closed","ping_status":"closed","template":"templates\/template-default-with-breadcrumbs.php","meta":{"_acf_changed":false,"sts_page_background_color":"","footnotes":""},"wpw_page_folders":[80],"class_list":["post-10592","page","type-page","status-publish","has-post-thumbnail","hentry"],"acf":[],"yoast_head":"<!-- This site is optimized with the Yoast SEO Premium plugin v27.2 (Yoast SEO v27.3) - https:\/\/yoast.com\/product\/yoast-seo-premium-wordpress\/ -->\n<title>So findest du das Austauschjahr deiner Tr\u00e4ume<\/title>\n<meta name=\"description\" content=\"Die meisten Gastsch\u00fcler entscheiden sich f\u00fcr unser klassisches Austauschprogramm. Aber wenn dir ein bestimmtes Schulfach oder ein spezieller Sport wichtig sind, bieten wir unser Select-Programm an.\" \/>\n<meta name=\"robots\" content=\"index, follow, max-snippet:-1, max-image-preview:large, max-video-preview:-1\" \/>\n<link rel=\"canonical\" href=\"https:\/\/www.sts-education.com\/de-de\/high-school\/vor-deinem-auslandsjahr\/waehle-zwischen-classic-und-select\/\" \/>\n<meta property=\"og:locale\" content=\"de_DE\" \/>\n<meta property=\"og:type\" content=\"article\" \/>\n<meta property=\"og:title\" content=\"Waehle Zwischen Classic Und Select\" \/>\n<meta property=\"og:description\" content=\"Die meisten Gastsch\u00fcler entscheiden sich f\u00fcr unser klassisches Austauschprogramm. Aber wenn dir ein bestimmtes Schulfach oder ein spezieller Sport wichtig sind, bieten wir unser Select-Programm an.\" \/>\n<meta property=\"og:url\" content=\"https:\/\/www.sts-education.com\/de-de\/high-school\/vor-deinem-auslandsjahr\/waehle-zwischen-classic-und-select\/\" \/>\n<meta property=\"og:site_name\" content=\"STS Education\" \/>\n<meta property=\"article:modified_time\" content=\"2026-04-15T09:36:25+00:00\" \/>\n<meta property=\"og:image\" content=\"https:\/\/powered-by.qbank.se\/educatius\/sts\/\/1f2700e23e28608434f21942f3298107_1-1-thumb.webp\" \/>\n\t<meta property=\"og:image:width\" content=\"150\" \/>\n\t<meta property=\"og:image:height\" content=\"150\" \/>\n\t<meta property=\"og:image:type\" content=\"image\/jpeg\" \/>\n<meta name=\"twitter:card\" content=\"summary_large_image\" \/>\n<meta name=\"twitter:label1\" content=\"Gesch\u00e4tzte Lesezeit\" \/>\n\t<meta name=\"twitter:data1\" content=\"1\u00a0Minute\" \/>\n<script type=\"application\/ld+json\" class=\"yoast-schema-graph\">{\"@context\":\"https:\\\/\\\/schema.org\",\"@graph\":[{\"@type\":\"WebPage\",\"@id\":\"https:\\\/\\\/www.sts-education.com\\\/de-de\\\/high-school\\\/vor-deinem-auslandsjahr\\\/waehle-zwischen-classic-und-select\\\/\",\"url\":\"https:\\\/\\\/www.sts-education.com\\\/de-de\\\/high-school\\\/vor-deinem-auslandsjahr\\\/waehle-zwischen-classic-und-select\\\/\",\"name\":\"So findest du das Austauschjahr deiner Tr\u00e4ume\",\"isPartOf\":{\"@id\":\"https:\\\/\\\/www.sts-education.com\\\/de-de\\\/#website\"},\"primaryImageOfPage\":{\"@id\":\"https:\\\/\\\/www.sts-education.com\\\/de-de\\\/high-school\\\/vor-deinem-auslandsjahr\\\/waehle-zwischen-classic-und-select\\\/#primaryimage\"},\"image\":{\"@id\":\"https:\\\/\\\/www.sts-education.com\\\/de-de\\\/high-school\\\/vor-deinem-auslandsjahr\\\/waehle-zwischen-classic-und-select\\\/#primaryimage\"},\"thumbnailUrl\":\"https:\\\/\\\/powered-by.qbank.se\\\/educatius\\\/sts\\\/\\\/1f2700e23e28608434f21942f3298107_1-1-thumb.webp\",\"datePublished\":\"2025-12-16T10:07:58+00:00\",\"dateModified\":\"2026-04-15T09:36:25+00:00\",\"description\":\"Die meisten Gastsch\u00fcler entscheiden sich f\u00fcr unser klassisches Austauschprogramm. Aber wenn dir ein bestimmtes Schulfach oder ein spezieller Sport wichtig sind, bieten wir unser Select-Programm an.\",\"breadcrumb\":{\"@id\":\"https:\\\/\\\/www.sts-education.com\\\/de-de\\\/high-school\\\/vor-deinem-auslandsjahr\\\/waehle-zwischen-classic-und-select\\\/#breadcrumb\"},\"inLanguage\":\"de\",\"potentialAction\":[{\"@type\":\"ReadAction\",\"target\":[\"https:\\\/\\\/www.sts-education.com\\\/de-de\\\/high-school\\\/vor-deinem-auslandsjahr\\\/waehle-zwischen-classic-und-select\\\/\"]}]},{\"@type\":\"ImageObject\",\"inLanguage\":\"de\",\"@id\":\"https:\\\/\\\/www.sts-education.com\\\/de-de\\\/high-school\\\/vor-deinem-auslandsjahr\\\/waehle-zwischen-classic-und-select\\\/#primaryimage\",\"url\":\"https:\\\/\\\/powered-by.qbank.se\\\/educatius\\\/sts\\\/\\\/1f2700e23e28608434f21942f3298107_1-1-thumb.webp\",\"contentUrl\":\"https:\\\/\\\/powered-by.qbank.se\\\/educatius\\\/sts\\\/\\\/1f2700e23e28608434f21942f3298107_1-1-thumb.webp\",\"width\":150,\"height\":150},{\"@type\":\"BreadcrumbList\",\"@id\":\"https:\\\/\\\/www.sts-education.com\\\/de-de\\\/high-school\\\/vor-deinem-auslandsjahr\\\/waehle-zwischen-classic-und-select\\\/#breadcrumb\",\"itemListElement\":[{\"@type\":\"ListItem\",\"position\":1,\"name\":\"Home\",\"item\":\"https:\\\/\\\/www.sts-education.com\\\/de-de\\\/sample-page\\\/\"},{\"@type\":\"ListItem\",\"position\":2,\"name\":\"High School\",\"item\":\"https:\\\/\\\/www.sts-education.com\\\/de-de\\\/high-school\\\/\"},{\"@type\":\"ListItem\",\"position\":3,\"name\":\"Vor Deinem Auslandsjahr\",\"item\":\"https:\\\/\\\/www.sts-education.com\\\/de-de\\\/high-school\\\/vor-deinem-auslandsjahr\\\/\"},{\"@type\":\"ListItem\",\"position\":4,\"name\":\"Waehle Zwischen Classic Und Select\"}]},{\"@type\":\"WebSite\",\"@id\":\"https:\\\/\\\/www.sts-education.com\\\/de-de\\\/#website\",\"url\":\"https:\\\/\\\/www.sts-education.com\\\/de-de\\\/\",\"name\":\"STS Education\",\"description\":\"\",\"potentialAction\":[{\"@type\":\"SearchAction\",\"target\":{\"@type\":\"EntryPoint\",\"urlTemplate\":\"https:\\\/\\\/www.sts-education.com\\\/de-de\\\/?s={search_term_string}\"},\"query-input\":{\"@type\":\"PropertyValueSpecification\",\"valueRequired\":true,\"valueName\":\"search_term_string\"}}],\"inLanguage\":\"de\"}]}<\/script>\n<!-- \/ Yoast SEO Premium plugin. -->","yoast_head_json":{"title":"So findest du das Austauschjahr deiner Tr\u00e4ume","description":"Die meisten Gastsch\u00fcler entscheiden sich f\u00fcr unser klassisches Austauschprogramm. Aber wenn dir ein bestimmtes Schulfach oder ein spezieller Sport wichtig sind, bieten wir unser Select-Programm an.","robots":{"index":"index","follow":"follow","max-snippet":"max-snippet:-1","max-image-preview":"max-image-preview:large","max-video-preview":"max-video-preview:-1"},"canonical":"https:\/\/www.sts-education.com\/de-de\/high-school\/vor-deinem-auslandsjahr\/waehle-zwischen-classic-und-select\/","og_locale":"de_DE","og_type":"article","og_title":"Waehle Zwischen Classic Und Select","og_description":"Die meisten Gastsch\u00fcler entscheiden sich f\u00fcr unser klassisches Austauschprogramm. Aber wenn dir ein bestimmtes Schulfach oder ein spezieller Sport wichtig sind, bieten wir unser Select-Programm an.","og_url":"https:\/\/www.sts-education.com\/de-de\/high-school\/vor-deinem-auslandsjahr\/waehle-zwischen-classic-und-select\/","og_site_name":"STS Education","article_modified_time":"2026-04-15T09:36:25+00:00","og_image":[{"width":150,"height":150,"url":"https:\/\/powered-by.qbank.se\/educatius\/sts\/\/1f2700e23e28608434f21942f3298107_1-1-thumb.webp","type":"image\/jpeg"}],"twitter_card":"summary_large_image","twitter_misc":{"Gesch\u00e4tzte Lesezeit":"1\u00a0Minute"},"schema":{"@context":"https:\/\/schema.org","@graph":[{"@type":"WebPage","@id":"https:\/\/www.sts-education.com\/de-de\/high-school\/vor-deinem-auslandsjahr\/waehle-zwischen-classic-und-select\/","url":"https:\/\/www.sts-education.com\/de-de\/high-school\/vor-deinem-auslandsjahr\/waehle-zwischen-classic-und-select\/","name":"So findest du das Austauschjahr deiner Tr\u00e4ume","isPartOf":{"@id":"https:\/\/www.sts-education.com\/de-de\/#website"},"primaryImageOfPage":{"@id":"https:\/\/www.sts-education.com\/de-de\/high-school\/vor-deinem-auslandsjahr\/waehle-zwischen-classic-und-select\/#primaryimage"},"image":{"@id":"https:\/\/www.sts-education.com\/de-de\/high-school\/vor-deinem-auslandsjahr\/waehle-zwischen-classic-und-select\/#primaryimage"},"thumbnailUrl":"https:\/\/powered-by.qbank.se\/educatius\/sts\/\/1f2700e23e28608434f21942f3298107_1-1-thumb.webp","datePublished":"2025-12-16T10:07:58+00:00","dateModified":"2026-04-15T09:36:25+00:00","description":"Die meisten Gastsch\u00fcler entscheiden sich f\u00fcr unser klassisches Austauschprogramm. Aber wenn dir ein bestimmtes Schulfach oder ein spezieller Sport wichtig sind, bieten wir unser Select-Programm an.","breadcrumb":{"@id":"https:\/\/www.sts-education.com\/de-de\/high-school\/vor-deinem-auslandsjahr\/waehle-zwischen-classic-und-select\/#breadcrumb"},"inLanguage":"de","potentialAction":[{"@type":"ReadAction","target":["https:\/\/www.sts-education.com\/de-de\/high-school\/vor-deinem-auslandsjahr\/waehle-zwischen-classic-und-select\/"]}]},{"@type":"ImageObject","inLanguage":"de","@id":"https:\/\/www.sts-education.com\/de-de\/high-school\/vor-deinem-auslandsjahr\/waehle-zwischen-classic-und-select\/#primaryimage","url":"https:\/\/powered-by.qbank.se\/educatius\/sts\/\/1f2700e23e28608434f21942f3298107_1-1-thumb.webp","contentUrl":"https:\/\/powered-by.qbank.se\/educatius\/sts\/\/1f2700e23e28608434f21942f3298107_1-1-thumb.webp","width":150,"height":150},{"@type":"BreadcrumbList","@id":"https:\/\/www.sts-education.com\/de-de\/high-school\/vor-deinem-auslandsjahr\/waehle-zwischen-classic-und-select\/#breadcrumb","itemListElement":[{"@type":"ListItem","position":1,"name":"Home","item":"https:\/\/www.sts-education.com\/de-de\/sample-page\/"},{"@type":"ListItem","position":2,"name":"High School","item":"https:\/\/www.sts-education.com\/de-de\/high-school\/"},{"@type":"ListItem","position":3,"name":"Vor Deinem Auslandsjahr","item":"https:\/\/www.sts-education.com\/de-de\/high-school\/vor-deinem-auslandsjahr\/"},{"@type":"ListItem","position":4,"name":"Waehle Zwischen Classic Und Select"}]},{"@type":"WebSite","@id":"https:\/\/www.sts-education.com\/de-de\/#website","url":"https:\/\/www.sts-education.com\/de-de\/","name":"STS Education","description":"","potentialAction":[{"@type":"SearchAction","target":{"@type":"EntryPoint","urlTemplate":"https:\/\/www.sts-education.com\/de-de\/?s={search_term_string}"},"query-input":{"@type":"PropertyValueSpecification","valueRequired":true,"valueName":"search_term_string"}}],"inLanguage":"de"}]}},"_links":{"self":[{"href":"https:\/\/www.sts-education.com\/de-de\/wp-json\/wp\/v2\/pages\/10592","targetHints":{"allow":["GET"]}}],"collection":[{"href":"https:\/\/www.sts-education.com\/de-de\/wp-json\/wp\/v2\/pages"}],"about":[{"href":"https:\/\/www.sts-education.com\/de-de\/wp-json\/wp\/v2\/types\/page"}],"author":[{"embeddable":true,"href":"https:\/\/www.sts-education.com\/de-de\/wp-json\/wp\/v2\/users\/20"}],"replies":[{"embeddable":true,"href":"https:\/\/www.sts-education.com\/de-de\/wp-json\/wp\/v2\/comments?post=10592"}],"version-history":[{"count":5,"href":"https:\/\/www.sts-education.com\/de-de\/wp-json\/wp\/v2\/pages\/10592\/revisions"}],"predecessor-version":[{"id":35468,"href":"https:\/\/www.sts-education.com\/de-de\/wp-json\/wp\/v2\/pages\/10592\/revisions\/35468"}],"up":[{"embeddable":true,"href":"https:\/\/www.sts-education.com\/de-de\/wp-json\/wp\/v2\/pages\/10555"}],"wp:featuredmedia":[{"embeddable":true,"href":"https:\/\/www.sts-education.com\/de-de\/wp-json\/wp\/v2\/media\/15300"}],"wp:attachment":[{"href":"https:\/\/www.sts-education.com\/de-de\/wp-json\/wp\/v2\/media?parent=10592"}],"wp:term":[{"taxonomy":"wpw_page_folders","embeddable":true,"href":"https:\/\/www.sts-education.com\/de-de\/wp-json\/wp\/v2\/wpw_page_folders?post=10592"}],"curies":[{"name":"wp","href":"https:\/\/api.w.org\/{rel}","templated":true}]}}