{"id":10597,"date":"2025-12-16T10:15:33","date_gmt":"2025-12-16T10:15:33","guid":{"rendered":"https:\/\/preprod.sts-education.com\/high-school\/waehrend-du-im-austausch-bist\/schule-und-freizeit\/"},"modified":"2026-04-01T01:29:43","modified_gmt":"2026-04-01T01:29:43","slug":"schule-und-freizeit","status":"publish","type":"page","link":"https:\/\/www.sts-education.com\/de-de\/high-school\/waehrend-du-im-austausch-bist\/schule-und-freizeit\/","title":{"rendered":"Schule Und Freizeit"},"content":{"rendered":"\n<section class=\"wp-block-sts-hero sts-block-hero is-variant-full-background has-text-light has-background-media\" style=\"--sts-hero-padding-mobile:0px;--sts-hero-padding-desktop:0px;--sts-hero-text-color:var(--wp--preset--color--base-10, #fff);\" data-variant=\"full-background\"><div class=\"sts-block-hero__background\"><picture class=\"sts-responsive-image has-fit-cover is-skeleton\"><img src=\"https:\/\/cdn.sts-education.com\/12572_hero_lg_xl.jpg\" alt=\"Schule und Freizeit\" loading=\"lazy\" decoding=\"async\" fetchpriority=\"low\" sizes=\"100vw\" \/><\/picture><span class=\"sts-block-hero__overlay\" aria-hidden=\"true\"><\/span><\/div><div class=\"sts-block-hero__inner\"><div class=\"sts-block-hero__content has-align-center\"><div class=\"sts-block-hero__content-inner\"><h1 class=\"sts-block-hero__heading\">Schule und Freizeit<\/h1><\/div><\/div><\/div><\/section>\n\n\n\n<div class=\"wp-block-sts-text sts-text-editor has-max-width-md\"><div class=\"sts-text-editor__content\"><div class=\"sts-text-editor__content-inner\">\n<h2>Deine neue Schule<\/h2>\n\n<p>Erlebe den Unterschied! In deiner neuen Schule ist bestimmt vieles anders. Und es macht Spa\u00df, ein neues Schulsystem in einem anderen Land kennenzulernen. Schnell gew\u00f6hnst du dich an die neuen Routinen, findest dich im Geb\u00e4ude zurecht oder hast gelernt, wie man die Lehrer begr\u00fc\u00dft. Wichtig ist nur, dass du die Schulregeln kennst und beachtest und dass du p\u00fcnktlich zum Unterricht erscheinst. In den meisten Schulen kannst du deine gewohnte Kleidung tragen. In einigen F\u00e4llen gibt es eine Schuluniform. Deine Lehrer und Klassenkameraden sind neugierig, viel \u00fcber dein Heimatland zu erfahren!<\/p>\n\n<p>Es ist aufregend eine neue Sprache in der Schule zu sprechen und am Ende deines Austausches beherrschst du sie wahrscheinlich flie\u00dfend. Diese F\u00e4higkeit wird dir dein ganzes Leben lang nutzen.<\/p>\n\n<p>Aber im Leben geht es nat\u00fcrlich um mehr als nur Schule. Du wirst viel Zeit f\u00fcr Freizeitaktivit\u00e4ten, Sport und Ausfl\u00fcge haben, wodurch du noch mehr lernst und neue Erfahrungen machen kannst. Dein High School-Jahr \u00f6ffnet dir viele T\u00fcren!<\/p>\n\n<h2>Deine Freizeit<\/h2>\n\n<p>In deiner freien Zeit hast du die Chance dein Gastland zu entdecken. Du kannst Ausfl\u00fcge und Spazierg\u00e4nge machen und deine neuen Freunde treffen. Probiere einen neuen Sport aus, spiel ein Instrument in einer Band, mach in einer Tanzgruppe mit, engagiere dich in der Gemeinde oder entdecke die L\u00e4den und Caf\u00e9s in deinem Ort. Hauptsache, du verbringst eine sch\u00f6ne Zeit mit anderen Menschen, bleibst neugierig und machst das meiste aus deiner Zeit im Ausland.<\/p>\n\n<p>In vielen L\u00e4ndern werden Sport und andere Aktivit\u00e4ten durch die Schulen angeboten und du hast einen einfachen Zugang zu spannenden neuen Hobbys. Doch auch deine Gastfamilie, dein lokaler Betreuer oder Klassenkameraden k\u00f6nnen dir helfen, tolle Freizeitm\u00f6glichkeiten in deinem Ort zu finden.<\/p>\n\n<p>In vielen Gastl\u00e4ndern werden Reisen, Tages- und Kurztrips speziell f\u00fcr Austauschsch\u00fcler organisiert. Deine lokale Betreuungsperson kann dir mehr dar\u00fcber erz\u00e4hlen.<\/p>\n\n<h3>Taschengeld im Austauschjahr<\/h3>\n\n<p>Wir empfehlen 400 USD\/300 EUR Taschengeld pro Monat f\u00fcr deinen Austausch. Bitte denke daran, dass du am Anfang deines Austausches bestimmt etwas h\u00f6here Kosten hast, weil du Schulb\u00fccher, vielleicht eine Monatskarte, Mitgliedsgeb\u00fchren und weitere Ausstattung bezahlen musst. (In den USA kostet der Schulbus nichts.) Deine Gastfamilie ist nicht daf\u00fcr zust\u00e4ndig, deine Freizeitvergn\u00fcgen, Reisen, Kleidung oder Hygieneprodukte zu bezahlen!<\/p>\n\n<p>Bitte leihe oder verleihe nie Geld w\u00e4hrend deines Austausches, das gilt f\u00fcr Freunde und deine Gastfamilie. Dies k\u00f6nnte leicht zu Missverst\u00e4ndnissen f\u00fchren.<\/p>\n<\/div><\/div><\/div>\n\n","protected":false},"excerpt":{"rendered":"","protected":false},"author":20,"featured_media":0,"parent":10556,"menu_order":0,"comment_status":"closed","ping_status":"closed","template":"","meta":{"_acf_changed":false,"sts_page_background_color":"","footnotes":""},"wpw_page_folders":[83],"class_list":["post-10597","page","type-page","status-publish","hentry"],"acf":[],"yoast_head":"<!-- This site is optimized with the Yoast SEO Premium plugin v27.2 (Yoast SEO v27.3) - https:\/\/yoast.com\/product\/yoast-seo-premium-wordpress\/ -->\n<title>Ein spannendes Austauschjahr mit Fokus auf Schule und Freizeit | STS<\/title>\n<meta name=\"description\" content=\"Du hast viel Zeit f\u00fcr Aktivit\u00e4ten, Hobbys und Ausfl\u00fcge, so dass du dich in deinem Austauschjahr entscheidend weiterentwickelst.\" \/>\n<meta name=\"robots\" content=\"index, follow, max-snippet:-1, max-image-preview:large, max-video-preview:-1\" \/>\n<link rel=\"canonical\" href=\"https:\/\/www.sts-education.com\/de-de\/high-school\/waehrend-du-im-austausch-bist\/schule-und-freizeit\/\" \/>\n<meta property=\"og:locale\" content=\"de_DE\" \/>\n<meta property=\"og:type\" content=\"article\" \/>\n<meta property=\"og:title\" content=\"Schule Und Freizeit\" \/>\n<meta property=\"og:description\" content=\"Du hast viel Zeit f\u00fcr Aktivit\u00e4ten, Hobbys und Ausfl\u00fcge, so dass du dich in deinem Austauschjahr entscheidend weiterentwickelst.\" \/>\n<meta property=\"og:url\" content=\"https:\/\/www.sts-education.com\/de-de\/high-school\/waehrend-du-im-austausch-bist\/schule-und-freizeit\/\" \/>\n<meta property=\"og:site_name\" content=\"STS Education\" \/>\n<meta property=\"article:modified_time\" content=\"2026-04-01T01:29:43+00:00\" \/>\n<meta property=\"og:image\" content=\"https:\/\/cdn.sts-education.com\/12572_hero_lg_xl.jpg\" \/>\n<meta name=\"twitter:card\" content=\"summary_large_image\" \/>\n<meta name=\"twitter:label1\" content=\"Gesch\u00e4tzte Lesezeit\" \/>\n\t<meta name=\"twitter:data1\" content=\"2\u00a0Minuten\" \/>\n<script type=\"application\/ld+json\" class=\"yoast-schema-graph\">{\"@context\":\"https:\\\/\\\/schema.org\",\"@graph\":[{\"@type\":\"WebPage\",\"@id\":\"https:\\\/\\\/www.sts-education.com\\\/de-de\\\/high-school\\\/waehrend-du-im-austausch-bist\\\/schule-und-freizeit\\\/\",\"url\":\"https:\\\/\\\/www.sts-education.com\\\/de-de\\\/high-school\\\/waehrend-du-im-austausch-bist\\\/schule-und-freizeit\\\/\",\"name\":\"Ein spannendes Austauschjahr mit Fokus auf Schule und Freizeit | STS\",\"isPartOf\":{\"@id\":\"https:\\\/\\\/www.sts-education.com\\\/de-de\\\/#website\"},\"primaryImageOfPage\":{\"@id\":\"https:\\\/\\\/www.sts-education.com\\\/de-de\\\/high-school\\\/waehrend-du-im-austausch-bist\\\/schule-und-freizeit\\\/#primaryimage\"},\"image\":{\"@id\":\"https:\\\/\\\/www.sts-education.com\\\/de-de\\\/high-school\\\/waehrend-du-im-austausch-bist\\\/schule-und-freizeit\\\/#primaryimage\"},\"thumbnailUrl\":\"https:\\\/\\\/cdn.sts-education.com\\\/12572_hero_lg_xl.jpg\",\"datePublished\":\"2025-12-16T10:15:33+00:00\",\"dateModified\":\"2026-04-01T01:29:43+00:00\",\"description\":\"Du hast viel Zeit f\u00fcr Aktivit\u00e4ten, Hobbys und Ausfl\u00fcge, so dass du dich in deinem Austauschjahr entscheidend weiterentwickelst.\",\"breadcrumb\":{\"@id\":\"https:\\\/\\\/www.sts-education.com\\\/de-de\\\/high-school\\\/waehrend-du-im-austausch-bist\\\/schule-und-freizeit\\\/#breadcrumb\"},\"inLanguage\":\"de\",\"potentialAction\":[{\"@type\":\"ReadAction\",\"target\":[\"https:\\\/\\\/www.sts-education.com\\\/de-de\\\/high-school\\\/waehrend-du-im-austausch-bist\\\/schule-und-freizeit\\\/\"]}]},{\"@type\":\"ImageObject\",\"inLanguage\":\"de\",\"@id\":\"https:\\\/\\\/www.sts-education.com\\\/de-de\\\/high-school\\\/waehrend-du-im-austausch-bist\\\/schule-und-freizeit\\\/#primaryimage\",\"url\":\"https:\\\/\\\/cdn.sts-education.com\\\/12572_hero_lg_xl.jpg\",\"contentUrl\":\"https:\\\/\\\/cdn.sts-education.com\\\/12572_hero_lg_xl.jpg\"},{\"@type\":\"BreadcrumbList\",\"@id\":\"https:\\\/\\\/www.sts-education.com\\\/de-de\\\/high-school\\\/waehrend-du-im-austausch-bist\\\/schule-und-freizeit\\\/#breadcrumb\",\"itemListElement\":[{\"@type\":\"ListItem\",\"position\":1,\"name\":\"Home\",\"item\":\"https:\\\/\\\/www.sts-education.com\\\/de-de\\\/sample-page\\\/\"},{\"@type\":\"ListItem\",\"position\":2,\"name\":\"High School\",\"item\":\"https:\\\/\\\/www.sts-education.com\\\/de-de\\\/high-school\\\/\"},{\"@type\":\"ListItem\",\"position\":3,\"name\":\"Waehrend Du Im Austausch Bist\",\"item\":\"https:\\\/\\\/www.sts-education.com\\\/de-de\\\/high-school\\\/waehrend-du-im-austausch-bist\\\/\"},{\"@type\":\"ListItem\",\"position\":4,\"name\":\"Schule Und Freizeit\"}]},{\"@type\":\"WebSite\",\"@id\":\"https:\\\/\\\/www.sts-education.com\\\/de-de\\\/#website\",\"url\":\"https:\\\/\\\/www.sts-education.com\\\/de-de\\\/\",\"name\":\"STS Education\",\"description\":\"\",\"potentialAction\":[{\"@type\":\"SearchAction\",\"target\":{\"@type\":\"EntryPoint\",\"urlTemplate\":\"https:\\\/\\\/www.sts-education.com\\\/de-de\\\/?s={search_term_string}\"},\"query-input\":{\"@type\":\"PropertyValueSpecification\",\"valueRequired\":true,\"valueName\":\"search_term_string\"}}],\"inLanguage\":\"de\"}]}<\/script>\n<!-- \/ Yoast SEO Premium plugin. -->","yoast_head_json":{"title":"Ein spannendes Austauschjahr mit Fokus auf Schule und Freizeit | STS","description":"Du hast viel Zeit f\u00fcr Aktivit\u00e4ten, Hobbys und Ausfl\u00fcge, so dass du dich in deinem Austauschjahr entscheidend weiterentwickelst.","robots":{"index":"index","follow":"follow","max-snippet":"max-snippet:-1","max-image-preview":"max-image-preview:large","max-video-preview":"max-video-preview:-1"},"canonical":"https:\/\/www.sts-education.com\/de-de\/high-school\/waehrend-du-im-austausch-bist\/schule-und-freizeit\/","og_locale":"de_DE","og_type":"article","og_title":"Schule Und Freizeit","og_description":"Du hast viel Zeit f\u00fcr Aktivit\u00e4ten, Hobbys und Ausfl\u00fcge, so dass du dich in deinem Austauschjahr entscheidend weiterentwickelst.","og_url":"https:\/\/www.sts-education.com\/de-de\/high-school\/waehrend-du-im-austausch-bist\/schule-und-freizeit\/","og_site_name":"STS Education","article_modified_time":"2026-04-01T01:29:43+00:00","og_image":[{"url":"https:\/\/cdn.sts-education.com\/12572_hero_lg_xl.jpg","type":"","width":"","height":""}],"twitter_card":"summary_large_image","twitter_misc":{"Gesch\u00e4tzte Lesezeit":"2\u00a0Minuten"},"schema":{"@context":"https:\/\/schema.org","@graph":[{"@type":"WebPage","@id":"https:\/\/www.sts-education.com\/de-de\/high-school\/waehrend-du-im-austausch-bist\/schule-und-freizeit\/","url":"https:\/\/www.sts-education.com\/de-de\/high-school\/waehrend-du-im-austausch-bist\/schule-und-freizeit\/","name":"Ein spannendes Austauschjahr mit Fokus auf Schule und Freizeit | STS","isPartOf":{"@id":"https:\/\/www.sts-education.com\/de-de\/#website"},"primaryImageOfPage":{"@id":"https:\/\/www.sts-education.com\/de-de\/high-school\/waehrend-du-im-austausch-bist\/schule-und-freizeit\/#primaryimage"},"image":{"@id":"https:\/\/www.sts-education.com\/de-de\/high-school\/waehrend-du-im-austausch-bist\/schule-und-freizeit\/#primaryimage"},"thumbnailUrl":"https:\/\/cdn.sts-education.com\/12572_hero_lg_xl.jpg","datePublished":"2025-12-16T10:15:33+00:00","dateModified":"2026-04-01T01:29:43+00:00","description":"Du hast viel Zeit f\u00fcr Aktivit\u00e4ten, Hobbys und Ausfl\u00fcge, so dass du dich in deinem Austauschjahr entscheidend weiterentwickelst.","breadcrumb":{"@id":"https:\/\/www.sts-education.com\/de-de\/high-school\/waehrend-du-im-austausch-bist\/schule-und-freizeit\/#breadcrumb"},"inLanguage":"de","potentialAction":[{"@type":"ReadAction","target":["https:\/\/www.sts-education.com\/de-de\/high-school\/waehrend-du-im-austausch-bist\/schule-und-freizeit\/"]}]},{"@type":"ImageObject","inLanguage":"de","@id":"https:\/\/www.sts-education.com\/de-de\/high-school\/waehrend-du-im-austausch-bist\/schule-und-freizeit\/#primaryimage","url":"https:\/\/cdn.sts-education.com\/12572_hero_lg_xl.jpg","contentUrl":"https:\/\/cdn.sts-education.com\/12572_hero_lg_xl.jpg"},{"@type":"BreadcrumbList","@id":"https:\/\/www.sts-education.com\/de-de\/high-school\/waehrend-du-im-austausch-bist\/schule-und-freizeit\/#breadcrumb","itemListElement":[{"@type":"ListItem","position":1,"name":"Home","item":"https:\/\/www.sts-education.com\/de-de\/sample-page\/"},{"@type":"ListItem","position":2,"name":"High School","item":"https:\/\/www.sts-education.com\/de-de\/high-school\/"},{"@type":"ListItem","position":3,"name":"Waehrend Du Im Austausch Bist","item":"https:\/\/www.sts-education.com\/de-de\/high-school\/waehrend-du-im-austausch-bist\/"},{"@type":"ListItem","position":4,"name":"Schule Und Freizeit"}]},{"@type":"WebSite","@id":"https:\/\/www.sts-education.com\/de-de\/#website","url":"https:\/\/www.sts-education.com\/de-de\/","name":"STS Education","description":"","potentialAction":[{"@type":"SearchAction","target":{"@type":"EntryPoint","urlTemplate":"https:\/\/www.sts-education.com\/de-de\/?s={search_term_string}"},"query-input":{"@type":"PropertyValueSpecification","valueRequired":true,"valueName":"search_term_string"}}],"inLanguage":"de"}]}},"_links":{"self":[{"href":"https:\/\/www.sts-education.com\/de-de\/wp-json\/wp\/v2\/pages\/10597","targetHints":{"allow":["GET"]}}],"collection":[{"href":"https:\/\/www.sts-education.com\/de-de\/wp-json\/wp\/v2\/pages"}],"about":[{"href":"https:\/\/www.sts-education.com\/de-de\/wp-json\/wp\/v2\/types\/page"}],"author":[{"embeddable":true,"href":"https:\/\/www.sts-education.com\/de-de\/wp-json\/wp\/v2\/users\/20"}],"replies":[{"embeddable":true,"href":"https:\/\/www.sts-education.com\/de-de\/wp-json\/wp\/v2\/comments?post=10597"}],"version-history":[{"count":2,"href":"https:\/\/www.sts-education.com\/de-de\/wp-json\/wp\/v2\/pages\/10597\/revisions"}],"predecessor-version":[{"id":20158,"href":"https:\/\/www.sts-education.com\/de-de\/wp-json\/wp\/v2\/pages\/10597\/revisions\/20158"}],"up":[{"embeddable":true,"href":"https:\/\/www.sts-education.com\/de-de\/wp-json\/wp\/v2\/pages\/10556"}],"wp:attachment":[{"href":"https:\/\/www.sts-education.com\/de-de\/wp-json\/wp\/v2\/media?parent=10597"}],"wp:term":[{"taxonomy":"wpw_page_folders","embeddable":true,"href":"https:\/\/www.sts-education.com\/de-de\/wp-json\/wp\/v2\/wpw_page_folders?post=10597"}],"curies":[{"name":"wp","href":"https:\/\/api.w.org\/{rel}","templated":true}]}}