{"id":10600,"date":"2025-12-16T10:12:07","date_gmt":"2025-12-16T10:12:07","guid":{"rendered":"https:\/\/preprod.sts-education.com\/high-school\/waehrend-du-im-austausch-bist\/wir-sind-fuer-dich-da\/"},"modified":"2026-04-15T09:36:21","modified_gmt":"2026-04-15T09:36:21","slug":"wir-sind-fuer-dich-da","status":"publish","type":"page","link":"https:\/\/www.sts-education.com\/de-de\/high-school\/waehrend-du-im-austausch-bist\/wir-sind-fuer-dich-da\/","title":{"rendered":"Wir Sind Fuer Dich Da"},"content":{"rendered":"\n<section class=\"wp-block-sts-hero sts-block-hero sts-block-hero is-variant-full-background has-text-light has-background-media\" style=\"--sts-hero-padding-mobile:0px;--sts-hero-padding-desktop:0px;--sts-hero-text-color:var(--wp--preset--color--base-10, #fff)\" data-variant=\"full-background\"><div class=\"sts-block-hero__background\"><picture class=\"sts-responsive-image has-pos-center is-skeleton\"><img src=\"https:\/\/cdn.sts-education.com\/12567_hero_lg_xl.jpg\" alt=\"Wir sind f\u00fcr dich da\" loading=\"lazy\" decoding=\"async\" fetchpriority=\"low\" sizes=\"(max-width: 640px) max(100vw, calc(clamp(320px, 100vh, 720px) * 9 \/ 16)), (max-width: 840px) max(100vw, calc(clamp(320px, 100vh, 720px) * 1 \/ 1)), max(100vw, calc(clamp(320px, 100vh, 720px) * 16 \/ 9))\" style=\"object-position:center\"\/><\/picture><span class=\"sts-block-hero__overlay\" aria-hidden=\"true\"><\/span><\/div><div class=\"sts-block-hero__inner\"><div class=\"sts-block-hero__content has-align-center\"><div class=\"sts-block-hero__content-inner\"><h1 class=\"sts-block-hero__heading\">Wir sind f\u00fcr dich da<\/h1><\/div><\/div><\/div><\/section>\n\n\n\n<div class=\"wp-block-sts-text sts-text-editor has-max-width-md\"><div class=\"sts-text-editor__content\"><div class=\"sts-text-editor__content-inner\">\n<p>Egal wohin du reist, wir begleiten dich deinen gesamten Austausch \u00fcber. Wir k\u00fcmmern uns um deine Reiseplanungen und bereiten dich gr\u00fcndlich auf deinen Start im Gastland vor. Vor Ort bist du rund um die Uhr gut betreut, durch deine Gastfamilie, unsere lokalen Betreuer und nat\u00fcrlich per E-Mail und Telefon.<\/p>\n<h2>Lokale Betreuer<\/h2>\n<p>Sobald du in deinem Gastland ankommst, hast du einen \u201cArea Representative\u201c oder lokalen Betreuer als Ansprechperson. Diese Person wohnt in deiner N\u00e4he, kennt sich in der Gegend gut aus und ist immer f\u00fcr dich da, wenn du Unterst\u00fctzung brauchst. Ihr seid den ganzen Austausch \u00fcber in regelm\u00e4\u00dfigem pers\u00f6nlichen Kontakt und sie hilft dir auch, mit anderen Austauschsch\u00fclern in Kontakt zu kommen.<\/p>\n<p>Deine Gastfamilie hilft dir bei der Anmeldung in der Schule und zeigt dir, wie du dorthin kommst. Wenn deine Eltern Fragen haben, w\u00e4hrend du im Ausland bist, k\u00f6nnen sie das deutsche STS B\u00fcro anrufen oder uns eine E-Mail schreiben.<\/p>\n<h2>24\/7 Telefon<\/h2>\n<p>Uns ist sehr wichtig, dass du dich immer gut aufgehoben und sicher f\u00fchlst. Du darfst uns jederzeit anrufen, bei dringenden Fragen oder Notf\u00e4llen auch au\u00dferhalb unserer B\u00fcrozeiten. Vor deiner Abreise bekommst du eine Kontaktnummer, unter der du uns rund um die Uhr erreichst.<\/p>\n<h2>Noch mehr erleben \u2013 unsere Reisen<\/h2>\n<p>Jeder braucht mal eine Pause von Schule und Hausaufgaben. Deshalb organisieren wir in den meisten unserer Gastl\u00e4nder kleine Auszeiten, auf denen du mehr von deiner neuen Heimat entdeckst. Details und Anmeldeinfos bekommst du von deiner lokalen Betreuerin. Diese Reisen sind nicht in der Programmgeb\u00fchr enthalten und variieren von Land zu Land.<\/p>\n<p><a href=\"https:\/\/www.sts-education.com\/de-de\/high-school\/gastlaender\/\">Lies mehr \u00fcber die verschiedenen Austauschl\u00e4nder<\/a>.<\/p>\n<\/div><\/div><\/div>\n","protected":false},"excerpt":{"rendered":"","protected":false},"author":20,"featured_media":0,"parent":10556,"menu_order":0,"comment_status":"closed","ping_status":"closed","template":"templates\/template-default-with-breadcrumbs.php","meta":{"_acf_changed":false,"sts_page_background_color":"","footnotes":""},"wpw_page_folders":[83],"class_list":["post-10600","page","type-page","status-publish","hentry"],"acf":[],"yoast_head":"<!-- This site is optimized with the Yoast SEO Premium plugin v27.2 (Yoast SEO v27.3) - https:\/\/yoast.com\/product\/yoast-seo-premium-wordpress\/ -->\n<title>Wir begleiten dich durch dein Austauschjahr| STS<\/title>\n<meta name=\"description\" content=\"Wenn du dein Austauschjahr mit uns machst, helfen wir dir 24\/7. Sicher und bequem unterwegs mit STS.\" \/>\n<meta name=\"robots\" content=\"index, follow, max-snippet:-1, max-image-preview:large, max-video-preview:-1\" \/>\n<link rel=\"canonical\" href=\"https:\/\/www.sts-education.com\/de-de\/high-school\/waehrend-du-im-austausch-bist\/wir-sind-fuer-dich-da\/\" \/>\n<meta property=\"og:locale\" content=\"de_DE\" \/>\n<meta property=\"og:type\" content=\"article\" \/>\n<meta property=\"og:title\" content=\"Wir Sind Fuer Dich Da\" \/>\n<meta property=\"og:description\" content=\"Wenn du dein Austauschjahr mit uns machst, helfen wir dir 24\/7. Sicher und bequem unterwegs mit STS.\" \/>\n<meta property=\"og:url\" content=\"https:\/\/www.sts-education.com\/de-de\/high-school\/waehrend-du-im-austausch-bist\/wir-sind-fuer-dich-da\/\" \/>\n<meta property=\"og:site_name\" content=\"STS Education\" \/>\n<meta property=\"article:modified_time\" content=\"2026-04-15T09:36:21+00:00\" \/>\n<meta property=\"og:image\" content=\"https:\/\/cdn.sts-education.com\/12567_hero_lg_xl.jpg\" \/>\n<meta name=\"twitter:card\" content=\"summary_large_image\" \/>\n<meta name=\"twitter:label1\" content=\"Gesch\u00e4tzte Lesezeit\" \/>\n\t<meta name=\"twitter:data1\" content=\"2\u00a0Minuten\" \/>\n<script type=\"application\/ld+json\" class=\"yoast-schema-graph\">{\"@context\":\"https:\\\/\\\/schema.org\",\"@graph\":[{\"@type\":\"WebPage\",\"@id\":\"https:\\\/\\\/www.sts-education.com\\\/de-de\\\/high-school\\\/waehrend-du-im-austausch-bist\\\/wir-sind-fuer-dich-da\\\/\",\"url\":\"https:\\\/\\\/www.sts-education.com\\\/de-de\\\/high-school\\\/waehrend-du-im-austausch-bist\\\/wir-sind-fuer-dich-da\\\/\",\"name\":\"Wir begleiten dich durch dein Austauschjahr| STS\",\"isPartOf\":{\"@id\":\"https:\\\/\\\/www.sts-education.com\\\/de-de\\\/#website\"},\"primaryImageOfPage\":{\"@id\":\"https:\\\/\\\/www.sts-education.com\\\/de-de\\\/high-school\\\/waehrend-du-im-austausch-bist\\\/wir-sind-fuer-dich-da\\\/#primaryimage\"},\"image\":{\"@id\":\"https:\\\/\\\/www.sts-education.com\\\/de-de\\\/high-school\\\/waehrend-du-im-austausch-bist\\\/wir-sind-fuer-dich-da\\\/#primaryimage\"},\"thumbnailUrl\":\"https:\\\/\\\/cdn.sts-education.com\\\/12567_hero_lg_xl.jpg\",\"datePublished\":\"2025-12-16T10:12:07+00:00\",\"dateModified\":\"2026-04-15T09:36:21+00:00\",\"description\":\"Wenn du dein Austauschjahr mit uns machst, helfen wir dir 24\\\/7. Sicher und bequem unterwegs mit STS.\",\"breadcrumb\":{\"@id\":\"https:\\\/\\\/www.sts-education.com\\\/de-de\\\/high-school\\\/waehrend-du-im-austausch-bist\\\/wir-sind-fuer-dich-da\\\/#breadcrumb\"},\"inLanguage\":\"de\",\"potentialAction\":[{\"@type\":\"ReadAction\",\"target\":[\"https:\\\/\\\/www.sts-education.com\\\/de-de\\\/high-school\\\/waehrend-du-im-austausch-bist\\\/wir-sind-fuer-dich-da\\\/\"]}]},{\"@type\":\"ImageObject\",\"inLanguage\":\"de\",\"@id\":\"https:\\\/\\\/www.sts-education.com\\\/de-de\\\/high-school\\\/waehrend-du-im-austausch-bist\\\/wir-sind-fuer-dich-da\\\/#primaryimage\",\"url\":\"https:\\\/\\\/cdn.sts-education.com\\\/12567_hero_lg_xl.jpg\",\"contentUrl\":\"https:\\\/\\\/cdn.sts-education.com\\\/12567_hero_lg_xl.jpg\"},{\"@type\":\"BreadcrumbList\",\"@id\":\"https:\\\/\\\/www.sts-education.com\\\/de-de\\\/high-school\\\/waehrend-du-im-austausch-bist\\\/wir-sind-fuer-dich-da\\\/#breadcrumb\",\"itemListElement\":[{\"@type\":\"ListItem\",\"position\":1,\"name\":\"Home\",\"item\":\"https:\\\/\\\/www.sts-education.com\\\/de-de\\\/sample-page\\\/\"},{\"@type\":\"ListItem\",\"position\":2,\"name\":\"High School\",\"item\":\"https:\\\/\\\/www.sts-education.com\\\/de-de\\\/high-school\\\/\"},{\"@type\":\"ListItem\",\"position\":3,\"name\":\"Waehrend Du Im Austausch Bist\",\"item\":\"https:\\\/\\\/www.sts-education.com\\\/de-de\\\/high-school\\\/waehrend-du-im-austausch-bist\\\/\"},{\"@type\":\"ListItem\",\"position\":4,\"name\":\"Wir Sind Fuer Dich Da\"}]},{\"@type\":\"WebSite\",\"@id\":\"https:\\\/\\\/www.sts-education.com\\\/de-de\\\/#website\",\"url\":\"https:\\\/\\\/www.sts-education.com\\\/de-de\\\/\",\"name\":\"STS Education\",\"description\":\"\",\"potentialAction\":[{\"@type\":\"SearchAction\",\"target\":{\"@type\":\"EntryPoint\",\"urlTemplate\":\"https:\\\/\\\/www.sts-education.com\\\/de-de\\\/?s={search_term_string}\"},\"query-input\":{\"@type\":\"PropertyValueSpecification\",\"valueRequired\":true,\"valueName\":\"search_term_string\"}}],\"inLanguage\":\"de\"}]}<\/script>\n<!-- \/ Yoast SEO Premium plugin. -->","yoast_head_json":{"title":"Wir begleiten dich durch dein Austauschjahr| STS","description":"Wenn du dein Austauschjahr mit uns machst, helfen wir dir 24\/7. Sicher und bequem unterwegs mit STS.","robots":{"index":"index","follow":"follow","max-snippet":"max-snippet:-1","max-image-preview":"max-image-preview:large","max-video-preview":"max-video-preview:-1"},"canonical":"https:\/\/www.sts-education.com\/de-de\/high-school\/waehrend-du-im-austausch-bist\/wir-sind-fuer-dich-da\/","og_locale":"de_DE","og_type":"article","og_title":"Wir Sind Fuer Dich Da","og_description":"Wenn du dein Austauschjahr mit uns machst, helfen wir dir 24\/7. Sicher und bequem unterwegs mit STS.","og_url":"https:\/\/www.sts-education.com\/de-de\/high-school\/waehrend-du-im-austausch-bist\/wir-sind-fuer-dich-da\/","og_site_name":"STS Education","article_modified_time":"2026-04-15T09:36:21+00:00","og_image":[{"url":"https:\/\/cdn.sts-education.com\/12567_hero_lg_xl.jpg","type":"","width":"","height":""}],"twitter_card":"summary_large_image","twitter_misc":{"Gesch\u00e4tzte Lesezeit":"2\u00a0Minuten"},"schema":{"@context":"https:\/\/schema.org","@graph":[{"@type":"WebPage","@id":"https:\/\/www.sts-education.com\/de-de\/high-school\/waehrend-du-im-austausch-bist\/wir-sind-fuer-dich-da\/","url":"https:\/\/www.sts-education.com\/de-de\/high-school\/waehrend-du-im-austausch-bist\/wir-sind-fuer-dich-da\/","name":"Wir begleiten dich durch dein Austauschjahr| STS","isPartOf":{"@id":"https:\/\/www.sts-education.com\/de-de\/#website"},"primaryImageOfPage":{"@id":"https:\/\/www.sts-education.com\/de-de\/high-school\/waehrend-du-im-austausch-bist\/wir-sind-fuer-dich-da\/#primaryimage"},"image":{"@id":"https:\/\/www.sts-education.com\/de-de\/high-school\/waehrend-du-im-austausch-bist\/wir-sind-fuer-dich-da\/#primaryimage"},"thumbnailUrl":"https:\/\/cdn.sts-education.com\/12567_hero_lg_xl.jpg","datePublished":"2025-12-16T10:12:07+00:00","dateModified":"2026-04-15T09:36:21+00:00","description":"Wenn du dein Austauschjahr mit uns machst, helfen wir dir 24\/7. Sicher und bequem unterwegs mit STS.","breadcrumb":{"@id":"https:\/\/www.sts-education.com\/de-de\/high-school\/waehrend-du-im-austausch-bist\/wir-sind-fuer-dich-da\/#breadcrumb"},"inLanguage":"de","potentialAction":[{"@type":"ReadAction","target":["https:\/\/www.sts-education.com\/de-de\/high-school\/waehrend-du-im-austausch-bist\/wir-sind-fuer-dich-da\/"]}]},{"@type":"ImageObject","inLanguage":"de","@id":"https:\/\/www.sts-education.com\/de-de\/high-school\/waehrend-du-im-austausch-bist\/wir-sind-fuer-dich-da\/#primaryimage","url":"https:\/\/cdn.sts-education.com\/12567_hero_lg_xl.jpg","contentUrl":"https:\/\/cdn.sts-education.com\/12567_hero_lg_xl.jpg"},{"@type":"BreadcrumbList","@id":"https:\/\/www.sts-education.com\/de-de\/high-school\/waehrend-du-im-austausch-bist\/wir-sind-fuer-dich-da\/#breadcrumb","itemListElement":[{"@type":"ListItem","position":1,"name":"Home","item":"https:\/\/www.sts-education.com\/de-de\/sample-page\/"},{"@type":"ListItem","position":2,"name":"High School","item":"https:\/\/www.sts-education.com\/de-de\/high-school\/"},{"@type":"ListItem","position":3,"name":"Waehrend Du Im Austausch Bist","item":"https:\/\/www.sts-education.com\/de-de\/high-school\/waehrend-du-im-austausch-bist\/"},{"@type":"ListItem","position":4,"name":"Wir Sind Fuer Dich Da"}]},{"@type":"WebSite","@id":"https:\/\/www.sts-education.com\/de-de\/#website","url":"https:\/\/www.sts-education.com\/de-de\/","name":"STS Education","description":"","potentialAction":[{"@type":"SearchAction","target":{"@type":"EntryPoint","urlTemplate":"https:\/\/www.sts-education.com\/de-de\/?s={search_term_string}"},"query-input":{"@type":"PropertyValueSpecification","valueRequired":true,"valueName":"search_term_string"}}],"inLanguage":"de"}]}},"_links":{"self":[{"href":"https:\/\/www.sts-education.com\/de-de\/wp-json\/wp\/v2\/pages\/10600","targetHints":{"allow":["GET"]}}],"collection":[{"href":"https:\/\/www.sts-education.com\/de-de\/wp-json\/wp\/v2\/pages"}],"about":[{"href":"https:\/\/www.sts-education.com\/de-de\/wp-json\/wp\/v2\/types\/page"}],"author":[{"embeddable":true,"href":"https:\/\/www.sts-education.com\/de-de\/wp-json\/wp\/v2\/users\/20"}],"replies":[{"embeddable":true,"href":"https:\/\/www.sts-education.com\/de-de\/wp-json\/wp\/v2\/comments?post=10600"}],"version-history":[{"count":7,"href":"https:\/\/www.sts-education.com\/de-de\/wp-json\/wp\/v2\/pages\/10600\/revisions"}],"predecessor-version":[{"id":35465,"href":"https:\/\/www.sts-education.com\/de-de\/wp-json\/wp\/v2\/pages\/10600\/revisions\/35465"}],"up":[{"embeddable":true,"href":"https:\/\/www.sts-education.com\/de-de\/wp-json\/wp\/v2\/pages\/10556"}],"wp:attachment":[{"href":"https:\/\/www.sts-education.com\/de-de\/wp-json\/wp\/v2\/media?parent=10600"}],"wp:term":[{"taxonomy":"wpw_page_folders","embeddable":true,"href":"https:\/\/www.sts-education.com\/de-de\/wp-json\/wp\/v2\/wpw_page_folders?post=10600"}],"curies":[{"name":"wp","href":"https:\/\/api.w.org\/{rel}","templated":true}]}}