{"id":10601,"date":"2025-12-16T10:23:31","date_gmt":"2025-12-16T10:23:31","guid":{"rendered":"https:\/\/preprod.sts-education.com\/ueber-sts\/karriere\/interview-finja\/"},"modified":"2026-04-01T02:40:42","modified_gmt":"2026-04-01T02:40:42","slug":"interview-finja","status":"publish","type":"page","link":"https:\/\/www.sts-education.com\/de-de\/ueber-sts\/karriere\/interview-finja\/","title":{"rendered":"Interview Finja"},"content":{"rendered":"\n<div class=\"wp-block-sts-text sts-text-editor has-max-width-md\"><div class=\"sts-text-editor__content\"><div class=\"sts-text-editor__content-inner\">\n<h1>Finja Waasner ist eine Regionale Betreuung<\/h1>\n<\/div><\/div><\/div>\n\n\n\n<div class=\"wp-block-sts-text sts-text-editor has-max-width-md\"><div class=\"sts-text-editor__content\"><div class=\"sts-text-editor__content-inner\">\n<p><em>Die Deutsche Finja Waasner ist STS Local Coordinator. Hier erz\u00e4hlt sie uns von ihrem Job.<\/em><\/p>\n<\/div><\/div><\/div>\n\n\n\n<figure class=\"wp-block-sts-image sts-block-image sts-block-image--count-1 has-max-width-md\" data-count=\"1\"><div class=\"sts-block-image__grid\"><div class=\"sts-block-image__item\"><picture class=\"sts-responsive-image has-fit-cover has-pos-top is-skeleton\"><img src=\"https:\/\/cdn.sts-education.com\/13361_hero_md.jpg\" alt=\"Finja Waasner ist eine Regionale Betreuung\" loading=\"lazy\" decoding=\"async\" fetchpriority=\"low\" sizes=\"(max-width: 736px) 100vw, 736px\"\/><\/picture><\/div><\/div><\/figure>\n\n\n\n<div class=\"wp-block-sts-text sts-text-editor has-max-width-md\"><div class=\"sts-text-editor__content\"><div class=\"sts-text-editor__content-inner\">\n<p><strong>1. Wie bist du Lokale Koordinatorin geworden?<\/strong><\/p>\n<p>Eine gute Freundin hat mich gefragt, ob ich Interesse h\u00e4tte, Lokale Koordinatorin zu werden, und ich fand die Idee super. Ich habe seit meinem 16. Lebensjahr f\u00fcnf Jahre im Ausland gelebt. Ich habe wunderbare Jahre in England verbracht und m\u00f6chte Kinder und junge Erwachsene ermutigen, ebenfalls andere L\u00e4nder kennenzulernen.<\/p>\n<p><strong>2. Wie viele Gastsch\u00fcler hast du schon f\u00fcr STS betreut?<\/strong><\/p>\n<p>10.<\/p>\n<p><strong>3. Was gef\u00e4llt dir an der T\u00e4tigkeit?<\/strong><\/p>\n<p>Lokale Koordinatorin zu sein, ist eine gro\u00dfe Freude und sehr bereichernd. Ich genie\u00dfe es, verschiedene Kulturen kennenzulernen und zu verstehen, wie individuell jeder Austausch ist. Jede Gastfamilie ist anders und jedes Gastkind auch. Die Betreuungen haben meine Perspektive auf verschiedene Kulturen erweitert und mir geholfen, die Besonderheiten und Routinen verschiedener Familien in Deutschland zu verstehen.<\/p>\n<p><strong>4. Bleibst du auch nach dem Austausch mit deinen Sch\u00fclern in Kontakt?<\/strong><\/p>\n<p>Ja, ich freue mich immer, auch danach noch von meinen Sch\u00fclern zu h\u00f6ren. Allerdings ist das eine gro\u00dfe Herausforderung, denn jeder hat seine Alltagsroutinen. Es gibt nie genug Zeit, um mit allen in Kontakt zu bleiben.<\/p>\n<p><strong>5. Hast du Tipps f\u00fcr neue Koordinatoren?<\/strong><\/p>\n<p>Jeder Austausch ist anders. Gut ist, wenn man im Vorfeld alles genau erkl\u00e4rt, damit die Sch\u00fcler und Familien wissen, was sie erwartet. Auch sollte man offen \u00fcber m\u00f6gliche Herausforderungen sprechen. Ich kann es nur empfehlen, Gastsch\u00fcler zu betreuen. Es ist sch\u00f6n, junge Menschen aus der ganzen Welt zu treffen und \u00fcber viele verschiedene Kulturen zu lernen. Es ist sehr interessant zu sehen, wie die Sch\u00fcler und Familien kommunizieren, wie sie es schaffen, mit Herausforderungen umzugehen und als Familie zusammenwachsen.<\/p>\n<\/div><\/div><\/div>\n\n","protected":false},"excerpt":{"rendered":"","protected":false},"author":20,"featured_media":15313,"parent":10559,"menu_order":0,"comment_status":"closed","ping_status":"closed","template":"","meta":{"_acf_changed":false,"sts_page_background_color":"","footnotes":""},"wpw_page_folders":[77],"class_list":["post-10601","page","type-page","status-publish","has-post-thumbnail","hentry"],"acf":[],"yoast_head":"<!-- This site is optimized with the Yoast SEO Premium plugin v27.2 (Yoast SEO v27.3) - https:\/\/yoast.com\/product\/yoast-seo-premium-wordpress\/ -->\n<title>Interview Finja<\/title>\n<meta name=\"robots\" content=\"index, follow, max-snippet:-1, max-image-preview:large, max-video-preview:-1\" \/>\n<link rel=\"canonical\" href=\"https:\/\/www.sts-education.com\/de-de\/ueber-sts\/karriere\/interview-finja\/\" \/>\n<meta property=\"og:locale\" content=\"de_DE\" \/>\n<meta property=\"og:type\" content=\"article\" \/>\n<meta property=\"og:title\" content=\"Interview Finja\" \/>\n<meta property=\"og:url\" content=\"https:\/\/www.sts-education.com\/de-de\/ueber-sts\/karriere\/interview-finja\/\" \/>\n<meta property=\"og:site_name\" content=\"STS Education\" \/>\n<meta property=\"article:modified_time\" content=\"2026-04-01T02:40:42+00:00\" \/>\n<meta property=\"og:image\" content=\"https:\/\/powered-by.qbank.se\/educatius\/sts\/\/4687c1cb9e32a2d1d0a636a849b46c07_1-1-thumb.webp\" \/>\n\t<meta property=\"og:image:width\" content=\"150\" \/>\n\t<meta property=\"og:image:height\" content=\"150\" \/>\n\t<meta property=\"og:image:type\" content=\"image\/png\" \/>\n<meta name=\"twitter:card\" content=\"summary_large_image\" \/>\n<meta name=\"twitter:label1\" content=\"Gesch\u00e4tzte Lesezeit\" \/>\n\t<meta name=\"twitter:data1\" content=\"1\u00a0Minute\" \/>\n<script type=\"application\/ld+json\" class=\"yoast-schema-graph\">{\"@context\":\"https:\\\/\\\/schema.org\",\"@graph\":[{\"@type\":\"WebPage\",\"@id\":\"https:\\\/\\\/www.sts-education.com\\\/de-de\\\/ueber-sts\\\/karriere\\\/interview-finja\\\/\",\"url\":\"https:\\\/\\\/www.sts-education.com\\\/de-de\\\/ueber-sts\\\/karriere\\\/interview-finja\\\/\",\"name\":\"Interview Finja\",\"isPartOf\":{\"@id\":\"https:\\\/\\\/www.sts-education.com\\\/de-de\\\/#website\"},\"primaryImageOfPage\":{\"@id\":\"https:\\\/\\\/www.sts-education.com\\\/de-de\\\/ueber-sts\\\/karriere\\\/interview-finja\\\/#primaryimage\"},\"image\":{\"@id\":\"https:\\\/\\\/www.sts-education.com\\\/de-de\\\/ueber-sts\\\/karriere\\\/interview-finja\\\/#primaryimage\"},\"thumbnailUrl\":\"https:\\\/\\\/powered-by.qbank.se\\\/educatius\\\/sts\\\/\\\/4687c1cb9e32a2d1d0a636a849b46c07_1-1-thumb.webp\",\"datePublished\":\"2025-12-16T10:23:31+00:00\",\"dateModified\":\"2026-04-01T02:40:42+00:00\",\"breadcrumb\":{\"@id\":\"https:\\\/\\\/www.sts-education.com\\\/de-de\\\/ueber-sts\\\/karriere\\\/interview-finja\\\/#breadcrumb\"},\"inLanguage\":\"de\",\"potentialAction\":[{\"@type\":\"ReadAction\",\"target\":[\"https:\\\/\\\/www.sts-education.com\\\/de-de\\\/ueber-sts\\\/karriere\\\/interview-finja\\\/\"]}]},{\"@type\":\"ImageObject\",\"inLanguage\":\"de\",\"@id\":\"https:\\\/\\\/www.sts-education.com\\\/de-de\\\/ueber-sts\\\/karriere\\\/interview-finja\\\/#primaryimage\",\"url\":\"https:\\\/\\\/powered-by.qbank.se\\\/educatius\\\/sts\\\/\\\/4687c1cb9e32a2d1d0a636a849b46c07_1-1-thumb.webp\",\"contentUrl\":\"https:\\\/\\\/powered-by.qbank.se\\\/educatius\\\/sts\\\/\\\/4687c1cb9e32a2d1d0a636a849b46c07_1-1-thumb.webp\",\"width\":150,\"height\":150},{\"@type\":\"BreadcrumbList\",\"@id\":\"https:\\\/\\\/www.sts-education.com\\\/de-de\\\/ueber-sts\\\/karriere\\\/interview-finja\\\/#breadcrumb\",\"itemListElement\":[{\"@type\":\"ListItem\",\"position\":1,\"name\":\"Home\",\"item\":\"https:\\\/\\\/www.sts-education.com\\\/de-de\\\/sample-page\\\/\"},{\"@type\":\"ListItem\",\"position\":2,\"name\":\"Ueber Sts\",\"item\":\"https:\\\/\\\/www.sts-education.com\\\/de-de\\\/ueber-sts\\\/\"},{\"@type\":\"ListItem\",\"position\":3,\"name\":\"Karriere\",\"item\":\"https:\\\/\\\/www.sts-education.com\\\/de-de\\\/ueber-sts\\\/karriere\\\/\"},{\"@type\":\"ListItem\",\"position\":4,\"name\":\"Interview Finja\"}]},{\"@type\":\"WebSite\",\"@id\":\"https:\\\/\\\/www.sts-education.com\\\/de-de\\\/#website\",\"url\":\"https:\\\/\\\/www.sts-education.com\\\/de-de\\\/\",\"name\":\"STS Education\",\"description\":\"\",\"potentialAction\":[{\"@type\":\"SearchAction\",\"target\":{\"@type\":\"EntryPoint\",\"urlTemplate\":\"https:\\\/\\\/www.sts-education.com\\\/de-de\\\/?s={search_term_string}\"},\"query-input\":{\"@type\":\"PropertyValueSpecification\",\"valueRequired\":true,\"valueName\":\"search_term_string\"}}],\"inLanguage\":\"de\"}]}<\/script>\n<!-- \/ Yoast SEO Premium plugin. -->","yoast_head_json":{"title":"Interview Finja","robots":{"index":"index","follow":"follow","max-snippet":"max-snippet:-1","max-image-preview":"max-image-preview:large","max-video-preview":"max-video-preview:-1"},"canonical":"https:\/\/www.sts-education.com\/de-de\/ueber-sts\/karriere\/interview-finja\/","og_locale":"de_DE","og_type":"article","og_title":"Interview Finja","og_url":"https:\/\/www.sts-education.com\/de-de\/ueber-sts\/karriere\/interview-finja\/","og_site_name":"STS Education","article_modified_time":"2026-04-01T02:40:42+00:00","og_image":[{"width":150,"height":150,"url":"https:\/\/powered-by.qbank.se\/educatius\/sts\/\/4687c1cb9e32a2d1d0a636a849b46c07_1-1-thumb.webp","type":"image\/png"}],"twitter_card":"summary_large_image","twitter_misc":{"Gesch\u00e4tzte Lesezeit":"1\u00a0Minute"},"schema":{"@context":"https:\/\/schema.org","@graph":[{"@type":"WebPage","@id":"https:\/\/www.sts-education.com\/de-de\/ueber-sts\/karriere\/interview-finja\/","url":"https:\/\/www.sts-education.com\/de-de\/ueber-sts\/karriere\/interview-finja\/","name":"Interview Finja","isPartOf":{"@id":"https:\/\/www.sts-education.com\/de-de\/#website"},"primaryImageOfPage":{"@id":"https:\/\/www.sts-education.com\/de-de\/ueber-sts\/karriere\/interview-finja\/#primaryimage"},"image":{"@id":"https:\/\/www.sts-education.com\/de-de\/ueber-sts\/karriere\/interview-finja\/#primaryimage"},"thumbnailUrl":"https:\/\/powered-by.qbank.se\/educatius\/sts\/\/4687c1cb9e32a2d1d0a636a849b46c07_1-1-thumb.webp","datePublished":"2025-12-16T10:23:31+00:00","dateModified":"2026-04-01T02:40:42+00:00","breadcrumb":{"@id":"https:\/\/www.sts-education.com\/de-de\/ueber-sts\/karriere\/interview-finja\/#breadcrumb"},"inLanguage":"de","potentialAction":[{"@type":"ReadAction","target":["https:\/\/www.sts-education.com\/de-de\/ueber-sts\/karriere\/interview-finja\/"]}]},{"@type":"ImageObject","inLanguage":"de","@id":"https:\/\/www.sts-education.com\/de-de\/ueber-sts\/karriere\/interview-finja\/#primaryimage","url":"https:\/\/powered-by.qbank.se\/educatius\/sts\/\/4687c1cb9e32a2d1d0a636a849b46c07_1-1-thumb.webp","contentUrl":"https:\/\/powered-by.qbank.se\/educatius\/sts\/\/4687c1cb9e32a2d1d0a636a849b46c07_1-1-thumb.webp","width":150,"height":150},{"@type":"BreadcrumbList","@id":"https:\/\/www.sts-education.com\/de-de\/ueber-sts\/karriere\/interview-finja\/#breadcrumb","itemListElement":[{"@type":"ListItem","position":1,"name":"Home","item":"https:\/\/www.sts-education.com\/de-de\/sample-page\/"},{"@type":"ListItem","position":2,"name":"Ueber Sts","item":"https:\/\/www.sts-education.com\/de-de\/ueber-sts\/"},{"@type":"ListItem","position":3,"name":"Karriere","item":"https:\/\/www.sts-education.com\/de-de\/ueber-sts\/karriere\/"},{"@type":"ListItem","position":4,"name":"Interview Finja"}]},{"@type":"WebSite","@id":"https:\/\/www.sts-education.com\/de-de\/#website","url":"https:\/\/www.sts-education.com\/de-de\/","name":"STS Education","description":"","potentialAction":[{"@type":"SearchAction","target":{"@type":"EntryPoint","urlTemplate":"https:\/\/www.sts-education.com\/de-de\/?s={search_term_string}"},"query-input":{"@type":"PropertyValueSpecification","valueRequired":true,"valueName":"search_term_string"}}],"inLanguage":"de"}]}},"_links":{"self":[{"href":"https:\/\/www.sts-education.com\/de-de\/wp-json\/wp\/v2\/pages\/10601","targetHints":{"allow":["GET"]}}],"collection":[{"href":"https:\/\/www.sts-education.com\/de-de\/wp-json\/wp\/v2\/pages"}],"about":[{"href":"https:\/\/www.sts-education.com\/de-de\/wp-json\/wp\/v2\/types\/page"}],"author":[{"embeddable":true,"href":"https:\/\/www.sts-education.com\/de-de\/wp-json\/wp\/v2\/users\/20"}],"replies":[{"embeddable":true,"href":"https:\/\/www.sts-education.com\/de-de\/wp-json\/wp\/v2\/comments?post=10601"}],"version-history":[{"count":2,"href":"https:\/\/www.sts-education.com\/de-de\/wp-json\/wp\/v2\/pages\/10601\/revisions"}],"predecessor-version":[{"id":20555,"href":"https:\/\/www.sts-education.com\/de-de\/wp-json\/wp\/v2\/pages\/10601\/revisions\/20555"}],"up":[{"embeddable":true,"href":"https:\/\/www.sts-education.com\/de-de\/wp-json\/wp\/v2\/pages\/10559"}],"wp:featuredmedia":[{"embeddable":true,"href":"https:\/\/www.sts-education.com\/de-de\/wp-json\/wp\/v2\/media\/15313"}],"wp:attachment":[{"href":"https:\/\/www.sts-education.com\/de-de\/wp-json\/wp\/v2\/media?parent=10601"}],"wp:term":[{"taxonomy":"wpw_page_folders","embeddable":true,"href":"https:\/\/www.sts-education.com\/de-de\/wp-json\/wp\/v2\/wpw_page_folders?post=10601"}],"curies":[{"name":"wp","href":"https:\/\/api.w.org\/{rel}","templated":true}]}}