{"id":10602,"date":"2025-12-16T10:23:55","date_gmt":"2025-12-16T10:23:55","guid":{"rendered":"https:\/\/preprod.sts-education.com\/ueber-sts\/karriere\/interview-luisa\/"},"modified":"2026-04-01T02:40:56","modified_gmt":"2026-04-01T02:40:56","slug":"interview-luisa","status":"publish","type":"page","link":"https:\/\/www.sts-education.com\/de-de\/ueber-sts\/karriere\/interview-luisa\/","title":{"rendered":"Interview Luisa"},"content":{"rendered":"\n<div class=\"wp-block-sts-text sts-text-editor has-max-width-md\"><div class=\"sts-text-editor__content\"><div class=\"sts-text-editor__content-inner\">\n<h1>Luisa Ferrero Heinz ist regionale Betreuerin<\/h1>\n<\/div><\/div><\/div>\n\n\n\n<div class=\"wp-block-sts-text sts-text-editor has-max-width-md\"><div class=\"sts-text-editor__content\"><div class=\"sts-text-editor__content-inner\">\n<p><em>Luisa Ferrero Heinz ist Italienerin und lebt seit vielen Jahren in Deutschland. Daher kann sie sich gut in ihre internationalen Sch\u00fcler hineinversetzen. Seit 2016 ist Luisa STS Local Coordinator im Raum M\u00fcnchen. Hier erz\u00e4hlt sie uns von ihrem Job.<\/em><\/p>\n<\/div><\/div><\/div>\n\n\n\n<figure class=\"wp-block-sts-image sts-block-image sts-block-image--count-1 has-max-width-md\" data-count=\"1\"><div class=\"sts-block-image__grid\"><div class=\"sts-block-image__item\"><picture class=\"sts-responsive-image has-fit-cover has-pos-top is-skeleton\"><img src=\"https:\/\/cdn.sts-education.com\/13362_hero_md.jpg\" alt=\"Luisa Ferrero Heinz ist regionale Betreuerin\" loading=\"lazy\" decoding=\"async\" fetchpriority=\"low\" sizes=\"(max-width: 736px) 100vw, 736px\"\/><\/picture><\/div><\/div><\/figure>\n\n\n\n<div class=\"wp-block-sts-text sts-text-editor has-max-width-md\"><div class=\"sts-text-editor__content\"><div class=\"sts-text-editor__content-inner\">\n<p><strong>1. Wie bist du Lokale Koordinatorin geworden?<\/strong><\/p>\n<p>Einer meiner Sch\u00fcler schlug vor, dass ich diese Rolle bei STS \u00fcbernehme. Ich spreche verschiedene Fremdsprachen und lerne gerne andere Kulturen kennen.<\/p>\n<p><strong>2. Wie viele Gastsch\u00fcler hast du schon f\u00fcr STS betreut?<\/strong><\/p>\n<p>Ich habe mich um 18 Sch\u00fcler aus der ganzen Welt gek\u00fcmmert.<\/p>\n<p><strong>3. Was gef\u00e4llt dir an der T\u00e4tigkeit?<\/strong><\/p>\n<p>Ich mag diese Aufgabe, weil sie interessant ist und ich jungen Menschen gerne helfe, w\u00e4hrend sie im Ausland sind. Manchmal ist es auch ziemlich lustig! Es macht mir wirklich Spa\u00df zu sehen, wie sie w\u00e4hrend ihres Austauschjahres immer besser Deutsch sprechen, aber vor allem liebe ich den Austausch zwischen den verschiedenen Kulturen.<\/p>\n<p><strong>4. Bleibst du auch nach dem Austausch mit deinen Sch\u00fclern in Kontakt?<\/strong><\/p>\n<p>Ja, mit einigen der Sch\u00fcler stehe ich immer noch in Kontakt.<\/p>\n<p><strong>5. Hast du Tipps f\u00fcr neue Koordinatoren?<\/strong><\/p>\n<p>Ich rate allen neuen Koordinatoren, in den ersten zwei oder drei Monaten Geduld zu haben, da es sowohl f\u00fcr die Sch\u00fcler als auch f\u00fcr die Gastfamilie eine v\u00f6llig neue Erfahrung ist.<\/p>\n<p><strong>6. Kannst du die T\u00e4tigkeit empfehlen?<\/strong><\/p>\n<p>Ja, Lokale Koordinatorin zu sein ist sehr aufregend! Viel Gl\u00fcck!<\/p>\n<\/div><\/div><\/div>\n\n","protected":false},"excerpt":{"rendered":"","protected":false},"author":20,"featured_media":15316,"parent":10559,"menu_order":0,"comment_status":"closed","ping_status":"closed","template":"","meta":{"_acf_changed":false,"sts_page_background_color":"","footnotes":""},"wpw_page_folders":[77],"class_list":["post-10602","page","type-page","status-publish","has-post-thumbnail","hentry"],"acf":[],"yoast_head":"<!-- This site is optimized with the Yoast SEO Premium plugin v27.2 (Yoast SEO v27.3) - https:\/\/yoast.com\/product\/yoast-seo-premium-wordpress\/ -->\n<title>Interview Luisa<\/title>\n<meta name=\"robots\" content=\"index, follow, max-snippet:-1, max-image-preview:large, max-video-preview:-1\" \/>\n<link rel=\"canonical\" href=\"https:\/\/www.sts-education.com\/de-de\/ueber-sts\/karriere\/interview-luisa\/\" \/>\n<meta property=\"og:locale\" content=\"de_DE\" \/>\n<meta property=\"og:type\" content=\"article\" \/>\n<meta property=\"og:title\" content=\"Interview Luisa\" \/>\n<meta property=\"og:url\" content=\"https:\/\/www.sts-education.com\/de-de\/ueber-sts\/karriere\/interview-luisa\/\" \/>\n<meta property=\"og:site_name\" content=\"STS Education\" \/>\n<meta property=\"article:modified_time\" content=\"2026-04-01T02:40:56+00:00\" \/>\n<meta property=\"og:image\" content=\"https:\/\/powered-by.qbank.se\/educatius\/sts\/\/a676ef8776553397803dfba191c9da9e_1-1-thumb.webp\" \/>\n\t<meta property=\"og:image:width\" content=\"150\" \/>\n\t<meta property=\"og:image:height\" content=\"150\" \/>\n\t<meta property=\"og:image:type\" content=\"image\/png\" \/>\n<meta name=\"twitter:card\" content=\"summary_large_image\" \/>\n<meta name=\"twitter:label1\" content=\"Gesch\u00e4tzte Lesezeit\" \/>\n\t<meta name=\"twitter:data1\" content=\"1\u00a0Minute\" \/>\n<script type=\"application\/ld+json\" class=\"yoast-schema-graph\">{\"@context\":\"https:\\\/\\\/schema.org\",\"@graph\":[{\"@type\":\"WebPage\",\"@id\":\"https:\\\/\\\/www.sts-education.com\\\/de-de\\\/ueber-sts\\\/karriere\\\/interview-luisa\\\/\",\"url\":\"https:\\\/\\\/www.sts-education.com\\\/de-de\\\/ueber-sts\\\/karriere\\\/interview-luisa\\\/\",\"name\":\"Interview Luisa\",\"isPartOf\":{\"@id\":\"https:\\\/\\\/www.sts-education.com\\\/de-de\\\/#website\"},\"primaryImageOfPage\":{\"@id\":\"https:\\\/\\\/www.sts-education.com\\\/de-de\\\/ueber-sts\\\/karriere\\\/interview-luisa\\\/#primaryimage\"},\"image\":{\"@id\":\"https:\\\/\\\/www.sts-education.com\\\/de-de\\\/ueber-sts\\\/karriere\\\/interview-luisa\\\/#primaryimage\"},\"thumbnailUrl\":\"https:\\\/\\\/powered-by.qbank.se\\\/educatius\\\/sts\\\/\\\/a676ef8776553397803dfba191c9da9e_1-1-thumb.webp\",\"datePublished\":\"2025-12-16T10:23:55+00:00\",\"dateModified\":\"2026-04-01T02:40:56+00:00\",\"breadcrumb\":{\"@id\":\"https:\\\/\\\/www.sts-education.com\\\/de-de\\\/ueber-sts\\\/karriere\\\/interview-luisa\\\/#breadcrumb\"},\"inLanguage\":\"de\",\"potentialAction\":[{\"@type\":\"ReadAction\",\"target\":[\"https:\\\/\\\/www.sts-education.com\\\/de-de\\\/ueber-sts\\\/karriere\\\/interview-luisa\\\/\"]}]},{\"@type\":\"ImageObject\",\"inLanguage\":\"de\",\"@id\":\"https:\\\/\\\/www.sts-education.com\\\/de-de\\\/ueber-sts\\\/karriere\\\/interview-luisa\\\/#primaryimage\",\"url\":\"https:\\\/\\\/powered-by.qbank.se\\\/educatius\\\/sts\\\/\\\/a676ef8776553397803dfba191c9da9e_1-1-thumb.webp\",\"contentUrl\":\"https:\\\/\\\/powered-by.qbank.se\\\/educatius\\\/sts\\\/\\\/a676ef8776553397803dfba191c9da9e_1-1-thumb.webp\",\"width\":150,\"height\":150},{\"@type\":\"BreadcrumbList\",\"@id\":\"https:\\\/\\\/www.sts-education.com\\\/de-de\\\/ueber-sts\\\/karriere\\\/interview-luisa\\\/#breadcrumb\",\"itemListElement\":[{\"@type\":\"ListItem\",\"position\":1,\"name\":\"Home\",\"item\":\"https:\\\/\\\/www.sts-education.com\\\/de-de\\\/sample-page\\\/\"},{\"@type\":\"ListItem\",\"position\":2,\"name\":\"Ueber Sts\",\"item\":\"https:\\\/\\\/www.sts-education.com\\\/de-de\\\/ueber-sts\\\/\"},{\"@type\":\"ListItem\",\"position\":3,\"name\":\"Karriere\",\"item\":\"https:\\\/\\\/www.sts-education.com\\\/de-de\\\/ueber-sts\\\/karriere\\\/\"},{\"@type\":\"ListItem\",\"position\":4,\"name\":\"Interview Luisa\"}]},{\"@type\":\"WebSite\",\"@id\":\"https:\\\/\\\/www.sts-education.com\\\/de-de\\\/#website\",\"url\":\"https:\\\/\\\/www.sts-education.com\\\/de-de\\\/\",\"name\":\"STS Education\",\"description\":\"\",\"potentialAction\":[{\"@type\":\"SearchAction\",\"target\":{\"@type\":\"EntryPoint\",\"urlTemplate\":\"https:\\\/\\\/www.sts-education.com\\\/de-de\\\/?s={search_term_string}\"},\"query-input\":{\"@type\":\"PropertyValueSpecification\",\"valueRequired\":true,\"valueName\":\"search_term_string\"}}],\"inLanguage\":\"de\"}]}<\/script>\n<!-- \/ Yoast SEO Premium plugin. -->","yoast_head_json":{"title":"Interview Luisa","robots":{"index":"index","follow":"follow","max-snippet":"max-snippet:-1","max-image-preview":"max-image-preview:large","max-video-preview":"max-video-preview:-1"},"canonical":"https:\/\/www.sts-education.com\/de-de\/ueber-sts\/karriere\/interview-luisa\/","og_locale":"de_DE","og_type":"article","og_title":"Interview Luisa","og_url":"https:\/\/www.sts-education.com\/de-de\/ueber-sts\/karriere\/interview-luisa\/","og_site_name":"STS Education","article_modified_time":"2026-04-01T02:40:56+00:00","og_image":[{"width":150,"height":150,"url":"https:\/\/powered-by.qbank.se\/educatius\/sts\/\/a676ef8776553397803dfba191c9da9e_1-1-thumb.webp","type":"image\/png"}],"twitter_card":"summary_large_image","twitter_misc":{"Gesch\u00e4tzte Lesezeit":"1\u00a0Minute"},"schema":{"@context":"https:\/\/schema.org","@graph":[{"@type":"WebPage","@id":"https:\/\/www.sts-education.com\/de-de\/ueber-sts\/karriere\/interview-luisa\/","url":"https:\/\/www.sts-education.com\/de-de\/ueber-sts\/karriere\/interview-luisa\/","name":"Interview Luisa","isPartOf":{"@id":"https:\/\/www.sts-education.com\/de-de\/#website"},"primaryImageOfPage":{"@id":"https:\/\/www.sts-education.com\/de-de\/ueber-sts\/karriere\/interview-luisa\/#primaryimage"},"image":{"@id":"https:\/\/www.sts-education.com\/de-de\/ueber-sts\/karriere\/interview-luisa\/#primaryimage"},"thumbnailUrl":"https:\/\/powered-by.qbank.se\/educatius\/sts\/\/a676ef8776553397803dfba191c9da9e_1-1-thumb.webp","datePublished":"2025-12-16T10:23:55+00:00","dateModified":"2026-04-01T02:40:56+00:00","breadcrumb":{"@id":"https:\/\/www.sts-education.com\/de-de\/ueber-sts\/karriere\/interview-luisa\/#breadcrumb"},"inLanguage":"de","potentialAction":[{"@type":"ReadAction","target":["https:\/\/www.sts-education.com\/de-de\/ueber-sts\/karriere\/interview-luisa\/"]}]},{"@type":"ImageObject","inLanguage":"de","@id":"https:\/\/www.sts-education.com\/de-de\/ueber-sts\/karriere\/interview-luisa\/#primaryimage","url":"https:\/\/powered-by.qbank.se\/educatius\/sts\/\/a676ef8776553397803dfba191c9da9e_1-1-thumb.webp","contentUrl":"https:\/\/powered-by.qbank.se\/educatius\/sts\/\/a676ef8776553397803dfba191c9da9e_1-1-thumb.webp","width":150,"height":150},{"@type":"BreadcrumbList","@id":"https:\/\/www.sts-education.com\/de-de\/ueber-sts\/karriere\/interview-luisa\/#breadcrumb","itemListElement":[{"@type":"ListItem","position":1,"name":"Home","item":"https:\/\/www.sts-education.com\/de-de\/sample-page\/"},{"@type":"ListItem","position":2,"name":"Ueber Sts","item":"https:\/\/www.sts-education.com\/de-de\/ueber-sts\/"},{"@type":"ListItem","position":3,"name":"Karriere","item":"https:\/\/www.sts-education.com\/de-de\/ueber-sts\/karriere\/"},{"@type":"ListItem","position":4,"name":"Interview Luisa"}]},{"@type":"WebSite","@id":"https:\/\/www.sts-education.com\/de-de\/#website","url":"https:\/\/www.sts-education.com\/de-de\/","name":"STS Education","description":"","potentialAction":[{"@type":"SearchAction","target":{"@type":"EntryPoint","urlTemplate":"https:\/\/www.sts-education.com\/de-de\/?s={search_term_string}"},"query-input":{"@type":"PropertyValueSpecification","valueRequired":true,"valueName":"search_term_string"}}],"inLanguage":"de"}]}},"_links":{"self":[{"href":"https:\/\/www.sts-education.com\/de-de\/wp-json\/wp\/v2\/pages\/10602","targetHints":{"allow":["GET"]}}],"collection":[{"href":"https:\/\/www.sts-education.com\/de-de\/wp-json\/wp\/v2\/pages"}],"about":[{"href":"https:\/\/www.sts-education.com\/de-de\/wp-json\/wp\/v2\/types\/page"}],"author":[{"embeddable":true,"href":"https:\/\/www.sts-education.com\/de-de\/wp-json\/wp\/v2\/users\/20"}],"replies":[{"embeddable":true,"href":"https:\/\/www.sts-education.com\/de-de\/wp-json\/wp\/v2\/comments?post=10602"}],"version-history":[{"count":2,"href":"https:\/\/www.sts-education.com\/de-de\/wp-json\/wp\/v2\/pages\/10602\/revisions"}],"predecessor-version":[{"id":20561,"href":"https:\/\/www.sts-education.com\/de-de\/wp-json\/wp\/v2\/pages\/10602\/revisions\/20561"}],"up":[{"embeddable":true,"href":"https:\/\/www.sts-education.com\/de-de\/wp-json\/wp\/v2\/pages\/10559"}],"wp:featuredmedia":[{"embeddable":true,"href":"https:\/\/www.sts-education.com\/de-de\/wp-json\/wp\/v2\/media\/15316"}],"wp:attachment":[{"href":"https:\/\/www.sts-education.com\/de-de\/wp-json\/wp\/v2\/media?parent=10602"}],"wp:term":[{"taxonomy":"wpw_page_folders","embeddable":true,"href":"https:\/\/www.sts-education.com\/de-de\/wp-json\/wp\/v2\/wpw_page_folders?post=10602"}],"curies":[{"name":"wp","href":"https:\/\/api.w.org\/{rel}","templated":true}]}}