{"id":16331,"date":"2021-02-11T11:57:12","date_gmt":"2021-02-11T09:57:12","guid":{"rendered":"https:\/\/preprod.sts-education.com\/gastfamilie\/gastfamilie-werden\/austauschgeschichten\/gastfamiliengeschichten\/"},"modified":"2026-04-27T08:46:36","modified_gmt":"2026-04-27T08:46:36","slug":"gastfamiliengeschichten","status":"publish","type":"page","link":"https:\/\/www.sts-education.com\/de-de\/gastfamilie\/gastfamilie-werden\/austauschgeschichten\/gastfamiliengeschichten\/","title":{"rendered":"Gastfamiliengeschichten"},"content":{"rendered":"\n<div class=\"wp-block-sts-text sts-text-editor has-max-width-md\"><div class=\"sts-text-editor__content\"><div class=\"sts-text-editor__content-inner\">\n<h1>Gastfamiliengeschichten<\/h1>\n<\/div><\/div><\/div>\n\n\n\n<div class=\"wp-block-sts-text sts-text-editor has-max-width-md\"><div class=\"sts-text-editor__content\"><div class=\"sts-text-editor__content-inner\">\n<p>Die sch\u00f6nsten Momente, witzigsten Missverst\u00e4ndnisse, spannendsten Insights und besten Erlebnisse: Die Highlights unserer Gastfamilien mit ihren Austauschsch\u00fclern aus aller Welt.<\/p>\n<p>M\u00f6chtest du den Austausch unserer Sch\u00fcler live miterleben? Folge uns auf <a href=\"https:\/\/www.tiktok.com\/@stsworldwide\" target=\"_blank\" rel=\"noopener noreferrer\">Tik Tok<\/a>, <a href=\"https:\/\/www.instagram.com\/stsgermany\" target=\"_blank\" rel=\"noopener noreferrer\">Instagram<\/a> oder <a href=\"https:\/\/www.facebook.com\/stsworldwide\" target=\"_blank\" rel=\"noopener noreferrer\">Facebook<\/a>, wo wir und unsere Sch\u00fcler selbst berichten. Folge auch dem Hashtag #stseducation.<\/p>\n<h3>Mit Cowboystiefeln in die Alpen<\/h3>\n<p>Rodrigos Sichtweise auf unser Leben zu sehen, hat uns viel Selbstverst\u00e4ndliches neu hinterfragen lassen und uns im Miteinander gest\u00e4rkt. Die Geschichten aus Mexiko waren sehr kurzweilig und unser gemeinsamer Alltag auf eine sch\u00f6ne Weise bunt. Am\u00fcsiert hat uns eine Wanderung am Lago Maggiore, bei der Rodrigo \u201efeste Schuhe\u201c mitnehmen sollte. Wir waren von seinen Winterschuhen ausgegangen, aber er hatte seine Cowboystiefel dabei. Und hat versichert, gerade der kleine Absatz g\u00e4be ihm bei der Wanderung am Berg besonders guten Halt!<\/p>\n<p><strong>Gastfamilie aus Bayern<\/strong><\/p>\n<h3>\u201eSean war wie ein dritter Sohn f\u00fcr uns.\u201c<\/h3>\n<p>Unsere Jungs haben sich gut verstanden und viel voneinander gelernt. Unser sch\u00f6nstes gemeinsames Erlebnis war der Skiurlaub, bei dem der Neuseel\u00e4nder Sean zum ersten Mal Schnee sah und wie ein Kind getobt und sich gefreut hat. Auch die Fahrgesch\u00e4fte auf dem Weihnachtsmarkt waren neu f\u00fcr ihn, allerdings gew\u00f6hnungsbed\u00fcrftig f\u00fcr seinen Magen! Wir freuen uns auf Sean, falls er in Deutschland ein Studiensemester einlegt und hoffen, dass wir auch einmal seine Familie bei uns begr\u00fc\u00dfen k\u00f6nnen.<br \/><strong>Gastfamilie aus Brandenburg<\/strong><\/p>\n<h3><strong>\u201e<\/strong>Vanessa trug mit ihrer ruhigen, aber humorvollen Art einen wesentlichen Teil zum harmonischen Familienleben bei.\u201c<\/h3>\n<p>Sie gab Einblick in andere Traditionen und Lebensansichten, die unsere Familie bereicherten. Zum Thema interkulturelle Kommunikation hatten wir gleich am Anfang des Austausches ein lustiges Erlebnis im Kletterpark. Nach zwei Stunden fragte ich (die Gastmutter), ob Vanessa denn langsam \u201edie Nase voll habe\u201c. Vanessa fasste sich daraufhin ganz versch\u00e4mt an die Nase, sagte nur \u201eJa, ja\u201c und suchte nach einem Taschentuch. Danach \u00fcberlegte ich mir immer vorher, ob ich eine Redewendung benutze oder nicht.<br \/><strong>Gastfamilie aus Th\u00fcringen<\/strong><\/p>\n<\/div><\/div><\/div>\n\n\n\n<section class=\"wp-block-sts-video sts-block-video sts-block-video--landscape has-max-width-lg\"><div class=\"sts-video sts-video--landscape\"><div class=\"sts-video__handler\"><button type=\"button\" class=\"sts-video__play-button\" aria-label=\"Play video\" aria-pressed=\"false\" data-playing=\"false\"><span class=\"sts-video__play-icon\"><img decoding=\"async\" class=\"play-icon\" src=\"data:image\/svg+xml,%3csvg%20width='32'%20height='32'%20viewBox='0%200%2032%2032'%20fill='none'%20xmlns='http:\/\/www.w3.org\/2000\/svg'%3e%3cmask%20id='mask0_2459_8201'%20style='mask-type:alpha'%20maskUnits='userSpaceOnUse'%20x='0'%20y='0'%20width='32'%20height='32'%3e%3crect%20width='32'%20height='32'%20fill='%23D9D9D9'\/%3e%3c\/mask%3e%3cg%20mask='url(%23mask0_2459_8201)'%3e%3cpath%20d='M10.667%2022.8999V9.09993C10.667%208.72216%2010.8003%208.40549%2011.067%208.14993C11.3337%207.89438%2011.6448%207.7666%2012.0003%207.7666C12.1114%207.7666%2012.2281%207.78327%2012.3503%207.8166C12.4725%207.84993%2012.5892%207.89993%2012.7003%207.9666L23.567%2014.8666C23.767%2014.9999%2023.917%2015.1666%2024.017%2015.3666C24.117%2015.5666%2024.167%2015.7777%2024.167%2015.9999C24.167%2016.2222%2024.117%2016.4333%2024.017%2016.6333C23.917%2016.8333%2023.767%2016.9999%2023.567%2017.1333L12.7003%2024.0333C12.5892%2024.0999%2012.4725%2024.1499%2012.3503%2024.1833C12.2281%2024.2166%2012.1114%2024.2333%2012.0003%2024.2333C11.6448%2024.2333%2011.3337%2024.1055%2011.067%2023.8499C10.8003%2023.5944%2010.667%2023.2777%2010.667%2022.8999Z'%20fill='black'\/%3e%3c\/g%3e%3c\/svg%3e\" alt=\"\" aria-hidden=\"true\" \/><img decoding=\"async\" class=\"pause-icon\" src=\"data:image\/svg+xml,%3csvg%20width='32'%20height='32'%20viewBox='0%200%2032%2032'%20fill='none'%20xmlns='http:\/\/www.w3.org\/2000\/svg'%3e%3cmask%20id='mask0_pause'%20style='mask-type:alpha'%20maskUnits='userSpaceOnUse'%20x='0'%20y='0'%20width='32'%20height='32'%3e%3crect%20width='32'%20height='32'%20fill='%23D9D9D9'\/%3e%3c\/mask%3e%3cg%20mask='url(%23mask0_pause)'%3e%3c!--%20Left%20bar%20--%3e%3crect%20x='10'%20y='8'%20width='4'%20height='16'%20rx='1'%20fill='black'\/%3e%3c!--%20Right%20bar%20--%3e%3crect%20x='18'%20y='8'%20width='4'%20height='16'%20rx='1'%20fill='black'\/%3e%3c\/g%3e%3c\/svg%3e\" alt=\"\" aria-hidden=\"true\" \/><\/span><\/button><strong class=\"sts-video__duration\" data-duration-prefix=\"Video duration:\" data-unit-second=\"second\" data-unit-seconds=\"seconds\" data-unit-minute=\"minute\" data-unit-minutes=\"minutes\" aria-label=\"Video duration: 1.3 minutes\">1.3 mins<\/strong><\/div><div class=\"sts-video__media\" data-video-source=\"youtube\" data-video-url=\"\"><div class=\"sts-video__external-shell\" data-embed-url=\"https:\/\/www.youtube.com\/embed\/tIrfCgNn8wQ?rel=0&amp;controls=1&amp;modestbranding=1&amp;playsinline=1&amp;enablejsapi=1&amp;autoplay=0&amp;origin=https%3A%2F%2Fwww.sts-education.com\"><iframe class=\"sts-video__iframe\" src=\"https:\/\/www.youtube.com\/embed\/tIrfCgNn8wQ?rel=0&amp;controls=1&amp;modestbranding=1&amp;playsinline=1&amp;enablejsapi=1&amp;autoplay=0&amp;origin=https%3A%2F%2Fwww.sts-education.com\" title=\"Video poster\nheading\" allow=\"autoplay; fullscreen\" allowfullscreen loading=\"lazy\" data-provider=\"youtube\" data-embed-url=\"https:\/\/www.youtube.com\/embed\/tIrfCgNn8wQ?rel=0&amp;controls=1&amp;modestbranding=1&amp;playsinline=1&amp;enablejsapi=1&amp;autoplay=0&amp;origin=https%3A%2F%2Fwww.sts-education.com\"><\/iframe><\/div><\/div><\/div><\/section>\n\n\n\n<section class=\"wp-block-sts-video sts-block-video sts-block-video--landscape has-max-width-lg\"><div class=\"sts-video sts-video--landscape\"><div class=\"sts-video__handler\"><button type=\"button\" class=\"sts-video__play-button\" aria-label=\"Play video\" aria-pressed=\"false\" data-playing=\"false\"><span class=\"sts-video__play-icon\"><img decoding=\"async\" class=\"play-icon\" src=\"data:image\/svg+xml,%3csvg%20width='32'%20height='32'%20viewBox='0%200%2032%2032'%20fill='none'%20xmlns='http:\/\/www.w3.org\/2000\/svg'%3e%3cmask%20id='mask0_2459_8201'%20style='mask-type:alpha'%20maskUnits='userSpaceOnUse'%20x='0'%20y='0'%20width='32'%20height='32'%3e%3crect%20width='32'%20height='32'%20fill='%23D9D9D9'\/%3e%3c\/mask%3e%3cg%20mask='url(%23mask0_2459_8201)'%3e%3cpath%20d='M10.667%2022.8999V9.09993C10.667%208.72216%2010.8003%208.40549%2011.067%208.14993C11.3337%207.89438%2011.6448%207.7666%2012.0003%207.7666C12.1114%207.7666%2012.2281%207.78327%2012.3503%207.8166C12.4725%207.84993%2012.5892%207.89993%2012.7003%207.9666L23.567%2014.8666C23.767%2014.9999%2023.917%2015.1666%2024.017%2015.3666C24.117%2015.5666%2024.167%2015.7777%2024.167%2015.9999C24.167%2016.2222%2024.117%2016.4333%2024.017%2016.6333C23.917%2016.8333%2023.767%2016.9999%2023.567%2017.1333L12.7003%2024.0333C12.5892%2024.0999%2012.4725%2024.1499%2012.3503%2024.1833C12.2281%2024.2166%2012.1114%2024.2333%2012.0003%2024.2333C11.6448%2024.2333%2011.3337%2024.1055%2011.067%2023.8499C10.8003%2023.5944%2010.667%2023.2777%2010.667%2022.8999Z'%20fill='black'\/%3e%3c\/g%3e%3c\/svg%3e\" alt=\"\" aria-hidden=\"true\" \/><img decoding=\"async\" class=\"pause-icon\" src=\"data:image\/svg+xml,%3csvg%20width='32'%20height='32'%20viewBox='0%200%2032%2032'%20fill='none'%20xmlns='http:\/\/www.w3.org\/2000\/svg'%3e%3cmask%20id='mask0_pause'%20style='mask-type:alpha'%20maskUnits='userSpaceOnUse'%20x='0'%20y='0'%20width='32'%20height='32'%3e%3crect%20width='32'%20height='32'%20fill='%23D9D9D9'\/%3e%3c\/mask%3e%3cg%20mask='url(%23mask0_pause)'%3e%3c!--%20Left%20bar%20--%3e%3crect%20x='10'%20y='8'%20width='4'%20height='16'%20rx='1'%20fill='black'\/%3e%3c!--%20Right%20bar%20--%3e%3crect%20x='18'%20y='8'%20width='4'%20height='16'%20rx='1'%20fill='black'\/%3e%3c\/g%3e%3c\/svg%3e\" alt=\"\" aria-hidden=\"true\" \/><\/span><\/button><strong class=\"sts-video__duration\" data-duration-prefix=\"Video duration:\" data-unit-second=\"second\" data-unit-seconds=\"seconds\" data-unit-minute=\"minute\" data-unit-minutes=\"minutes\" aria-label=\"Video duration: 2.3 minutes\">2.3 mins<\/strong><\/div><div class=\"sts-video__media\" data-video-source=\"youtube\" data-video-url=\"\"><div class=\"sts-video__external-shell\" data-embed-url=\"https:\/\/www.youtube.com\/embed\/LZ2U7I8eSCU?rel=0&amp;controls=1&amp;modestbranding=1&amp;playsinline=1&amp;enablejsapi=1&amp;autoplay=0&amp;origin=https%3A%2F%2Fwww.sts-education.com\"><iframe class=\"sts-video__iframe\" src=\"https:\/\/www.youtube.com\/embed\/LZ2U7I8eSCU?rel=0&amp;controls=1&amp;modestbranding=1&amp;playsinline=1&amp;enablejsapi=1&amp;autoplay=0&amp;origin=https%3A%2F%2Fwww.sts-education.com\" title=\"Video poster\nheading\" allow=\"autoplay; fullscreen\" allowfullscreen loading=\"lazy\" data-provider=\"youtube\" data-embed-url=\"https:\/\/www.youtube.com\/embed\/LZ2U7I8eSCU?rel=0&amp;controls=1&amp;modestbranding=1&amp;playsinline=1&amp;enablejsapi=1&amp;autoplay=0&amp;origin=https%3A%2F%2Fwww.sts-education.com\"><\/iframe><\/div><\/div><\/div><\/section>\n\n\n\n<section class=\"wp-block-sts-video sts-block-video sts-block-video--landscape has-max-width-lg\"><div class=\"sts-video sts-video--landscape\"><div class=\"sts-video__handler\"><button type=\"button\" class=\"sts-video__play-button\" aria-label=\"Play video\" aria-pressed=\"false\" data-playing=\"false\"><span class=\"sts-video__play-icon\"><img decoding=\"async\" class=\"play-icon\" src=\"data:image\/svg+xml,%3csvg%20width='32'%20height='32'%20viewBox='0%200%2032%2032'%20fill='none'%20xmlns='http:\/\/www.w3.org\/2000\/svg'%3e%3cmask%20id='mask0_2459_8201'%20style='mask-type:alpha'%20maskUnits='userSpaceOnUse'%20x='0'%20y='0'%20width='32'%20height='32'%3e%3crect%20width='32'%20height='32'%20fill='%23D9D9D9'\/%3e%3c\/mask%3e%3cg%20mask='url(%23mask0_2459_8201)'%3e%3cpath%20d='M10.667%2022.8999V9.09993C10.667%208.72216%2010.8003%208.40549%2011.067%208.14993C11.3337%207.89438%2011.6448%207.7666%2012.0003%207.7666C12.1114%207.7666%2012.2281%207.78327%2012.3503%207.8166C12.4725%207.84993%2012.5892%207.89993%2012.7003%207.9666L23.567%2014.8666C23.767%2014.9999%2023.917%2015.1666%2024.017%2015.3666C24.117%2015.5666%2024.167%2015.7777%2024.167%2015.9999C24.167%2016.2222%2024.117%2016.4333%2024.017%2016.6333C23.917%2016.8333%2023.767%2016.9999%2023.567%2017.1333L12.7003%2024.0333C12.5892%2024.0999%2012.4725%2024.1499%2012.3503%2024.1833C12.2281%2024.2166%2012.1114%2024.2333%2012.0003%2024.2333C11.6448%2024.2333%2011.3337%2024.1055%2011.067%2023.8499C10.8003%2023.5944%2010.667%2023.2777%2010.667%2022.8999Z'%20fill='black'\/%3e%3c\/g%3e%3c\/svg%3e\" alt=\"\" aria-hidden=\"true\" \/><img decoding=\"async\" class=\"pause-icon\" src=\"data:image\/svg+xml,%3csvg%20width='32'%20height='32'%20viewBox='0%200%2032%2032'%20fill='none'%20xmlns='http:\/\/www.w3.org\/2000\/svg'%3e%3cmask%20id='mask0_pause'%20style='mask-type:alpha'%20maskUnits='userSpaceOnUse'%20x='0'%20y='0'%20width='32'%20height='32'%3e%3crect%20width='32'%20height='32'%20fill='%23D9D9D9'\/%3e%3c\/mask%3e%3cg%20mask='url(%23mask0_pause)'%3e%3c!--%20Left%20bar%20--%3e%3crect%20x='10'%20y='8'%20width='4'%20height='16'%20rx='1'%20fill='black'\/%3e%3c!--%20Right%20bar%20--%3e%3crect%20x='18'%20y='8'%20width='4'%20height='16'%20rx='1'%20fill='black'\/%3e%3c\/g%3e%3c\/svg%3e\" alt=\"\" aria-hidden=\"true\" \/><\/span><\/button><strong class=\"sts-video__duration\" data-duration-prefix=\"Video duration:\" data-unit-second=\"second\" data-unit-seconds=\"seconds\" data-unit-minute=\"minute\" data-unit-minutes=\"minutes\" aria-label=\"Video duration: 1.3 minutes\">1.3 mins<\/strong><\/div><div class=\"sts-video__media\" data-video-source=\"youtube\" data-video-url=\"\"><div class=\"sts-video__external-shell\" data-embed-url=\"https:\/\/www.youtube.com\/embed\/JYL_VB09o-g?rel=0&amp;controls=1&amp;modestbranding=1&amp;playsinline=1&amp;enablejsapi=1&amp;autoplay=0&amp;origin=https%3A%2F%2Fwww.sts-education.com\"><iframe class=\"sts-video__iframe\" src=\"https:\/\/www.youtube.com\/embed\/JYL_VB09o-g?rel=0&amp;controls=1&amp;modestbranding=1&amp;playsinline=1&amp;enablejsapi=1&amp;autoplay=0&amp;origin=https%3A%2F%2Fwww.sts-education.com\" title=\"Video poster\nheading\" allow=\"autoplay; fullscreen\" allowfullscreen loading=\"lazy\" data-provider=\"youtube\" data-embed-url=\"https:\/\/www.youtube.com\/embed\/JYL_VB09o-g?rel=0&amp;controls=1&amp;modestbranding=1&amp;playsinline=1&amp;enablejsapi=1&amp;autoplay=0&amp;origin=https%3A%2F%2Fwww.sts-education.com\"><\/iframe><\/div><\/div><\/div><\/section>\n\n\n\n<div class=\"wp-block-sts-campaign-banner sts-block-campaign-banner sts-block-campaign-banner has-cta\" style=\"--sts-campaign-banner-background:var(--wp--preset--color--accent-10, #FFF8BF);--sts-campaign-banner-highlight:var(--wp--preset--color--accent-10, #FFF04F);--sts-campaign-banner-text-color:var(--wp--preset--color--base-90, #000000)\" data-campaign-banner=\"true\" data-dismiss-hours=\"24\" data-dismiss-key=\"32d1d9a7-2332-49e4-a486-3d8f4720c0c3\" role=\"region\" aria-label=\"Campaign banner\"><div class=\"sts-block-campaign-banner__inner\"><p class=\"sts-block-campaign-banner__text\" aria-live=\"polite\"><span class=\"sts-block-campaign-banner__text-visual\">EU-Stipendiaten aus der italienischen Region Bozen suchen Gastfamilien f\u00fcr 3 Monate!<\/span><\/p><div class=\"sts-block-campaign-banner__cta\"><a class=\"sts-cta sts-cta--filled sts-cta--size-medium sts-cta--mobile-size-small sts-block-campaign-banner__cta-link\" href=\"https:\/\/www.sts-education.com\/de-de\/gastfamilie\/schueler\/aktuelle-gastschueler-bewerbungen\/\" target=\"_self\" rel=\"noopener\" style=\"--sts-cta-color:var(--wp--preset--color--base-90, #000000);--sts-cta-color-hover:var(--wp--preset--color--base-70, #383838);--sts-cta-text-color:var(--wp--preset--color--base-10, #FFFFFF);--sts-cta-outline-color:var(--wp--preset--color--base-90, #000000);--sts-cta-link-color:var(--wp--preset--color--accent-10, #FFF04F);--sts-cta-link-hover:var(--wp--preset--color--base-90, #000000)\"><span class=\"sts-cta__label\">Mehr erfahren<\/span><\/a><\/div><button type=\"button\" class=\"sts-block-campaign-banner__dismiss\" aria-label=\"Dismiss campaign banner\" data-dismiss-button=\"true\"><svg xmlns=\"http:\/\/www.w3.org\/2000\/svg\" width=\"14\" height=\"14\" viewBox=\"0 0 14 14\" fill=\"none\" aria-hidden=\"true\"><path d=\"M6.575 7.975L1.675 12.875C1.49167 13.0583 1.25833 13.15 0.975 13.15C0.691667 13.15 0.458333 13.0583 0.275 12.875C0.0916667 12.6917 0 12.4583 0 12.175C0 11.8917 0.0916667 11.6583 0.275 11.475L5.175 6.575L0.275 1.675C0.0916667 1.49167 0 1.25833 0 0.975C0 0.691667 0.0916667 0.458333 0.275 0.275C0.458333 0.0916667 0.691667 0 0.975 0C1.25833 0 1.49167 0.0916667 1.675 0.275L6.575 5.175L11.475 0.275C11.6583 0.0916667 11.8917 0 12.175 0C12.4583 0 12.6917 0.0916667 12.875 0.275C13.0583 0.458333 13.15 0.691667 13.15 0.975C13.15 1.25833 13.0583 1.49167 12.875 1.675L7.975 6.575L12.875 11.475C13.0583 11.6583 13.15 11.8917 13.15 12.175C13.15 12.4583 13.0583 12.6917 12.875 12.875C12.6917 13.0583 12.4583 13.15 12.175 13.15C11.8917 13.15 11.6583 13.0583 11.475 12.875L6.575 7.975Z\" fill=\"black\"><\/path><\/svg><\/button><\/div><\/div>\n","protected":false},"excerpt":{"rendered":"","protected":false},"author":20,"featured_media":0,"parent":16319,"menu_order":0,"comment_status":"closed","ping_status":"closed","template":"templates\/template-default-with-breadcrumbs.php","meta":{"_acf_changed":false,"sts_page_background_color":"","footnotes":""},"wpw_page_folders":[528],"class_list":["post-16331","page","type-page","status-publish","hentry"],"acf":[],"yoast_head":"<!-- This site is optimized with the Yoast SEO Premium plugin v27.2 (Yoast SEO v27.2) - https:\/\/yoast.com\/product\/yoast-seo-premium-wordpress\/ -->\n<title>Gastfamiliengeschichten<\/title>\n<meta name=\"robots\" content=\"index, follow, max-snippet:-1, max-image-preview:large, max-video-preview:-1\" \/>\n<link rel=\"canonical\" href=\"https:\/\/www.sts-education.com\/de-de\/gastfamilie\/gastfamilie-werden\/austauschgeschichten\/gastfamiliengeschichten\/\" \/>\n<meta property=\"og:locale\" content=\"de_DE\" \/>\n<meta property=\"og:type\" content=\"article\" \/>\n<meta property=\"og:title\" content=\"Gastfamiliengeschichten\" \/>\n<meta property=\"og:url\" content=\"https:\/\/www.sts-education.com\/de-de\/gastfamilie\/gastfamilie-werden\/austauschgeschichten\/gastfamiliengeschichten\/\" \/>\n<meta property=\"og:site_name\" content=\"STS Education\" \/>\n<meta property=\"article:modified_time\" content=\"2026-04-27T08:46:36+00:00\" \/>\n<meta name=\"twitter:card\" content=\"summary_large_image\" \/>\n<meta name=\"twitter:label1\" content=\"Gesch\u00e4tzte Lesezeit\" \/>\n\t<meta name=\"twitter:data1\" content=\"6\u00a0Minuten\" \/>\n<script type=\"application\/ld+json\" class=\"yoast-schema-graph\">{\"@context\":\"https:\/\/schema.org\",\"@graph\":[{\"@type\":\"WebPage\",\"@id\":\"https:\/\/www.sts-education.com\/de-de\/gastfamilie\/gastfamilie-werden\/austauschgeschichten\/gastfamiliengeschichten\/\",\"url\":\"https:\/\/www.sts-education.com\/de-de\/gastfamilie\/gastfamilie-werden\/austauschgeschichten\/gastfamiliengeschichten\/\",\"name\":\"Gastfamiliengeschichten\",\"isPartOf\":{\"@id\":\"https:\/\/www.sts-education.com\/de-de\/#website\"},\"datePublished\":\"2021-02-11T09:57:12+00:00\",\"dateModified\":\"2026-04-27T08:46:36+00:00\",\"breadcrumb\":{\"@id\":\"https:\/\/www.sts-education.com\/de-de\/gastfamilie\/gastfamilie-werden\/austauschgeschichten\/gastfamiliengeschichten\/#breadcrumb\"},\"inLanguage\":\"de\",\"potentialAction\":[{\"@type\":\"ReadAction\",\"target\":[\"https:\/\/www.sts-education.com\/de-de\/gastfamilie\/gastfamilie-werden\/austauschgeschichten\/gastfamiliengeschichten\/\"]}]},{\"@type\":\"BreadcrumbList\",\"@id\":\"https:\/\/www.sts-education.com\/de-de\/gastfamilie\/gastfamilie-werden\/austauschgeschichten\/gastfamiliengeschichten\/#breadcrumb\",\"itemListElement\":[{\"@type\":\"ListItem\",\"position\":1,\"name\":\"Home\",\"item\":\"https:\/\/www.sts-education.com\/de-de\/sample-page\/\"},{\"@type\":\"ListItem\",\"position\":2,\"name\":\"Gastfamilie\",\"item\":\"https:\/\/www.sts-education.com\/de-de\/gastfamilie\/\"},{\"@type\":\"ListItem\",\"position\":3,\"name\":\"Gastfamilie Werden\",\"item\":\"https:\/\/www.sts-education.com\/de-de\/gastfamilie\/gastfamilie-werden\/\"},{\"@type\":\"ListItem\",\"position\":4,\"name\":\"Austauschgeschichten\",\"item\":\"https:\/\/www.sts-education.com\/de-de\/gastfamilie\/gastfamilie-werden\/austauschgeschichten\/\"},{\"@type\":\"ListItem\",\"position\":5,\"name\":\"Gastfamiliengeschichten\"}]},{\"@type\":\"WebSite\",\"@id\":\"https:\/\/www.sts-education.com\/de-de\/#website\",\"url\":\"https:\/\/www.sts-education.com\/de-de\/\",\"name\":\"STS Education\",\"description\":\"\",\"potentialAction\":[{\"@type\":\"SearchAction\",\"target\":{\"@type\":\"EntryPoint\",\"urlTemplate\":\"https:\/\/www.sts-education.com\/de-de\/?s={search_term_string}\"},\"query-input\":{\"@type\":\"PropertyValueSpecification\",\"valueRequired\":true,\"valueName\":\"search_term_string\"}}],\"inLanguage\":\"de\"}]}<\/script>\n<!-- \/ Yoast SEO Premium plugin. -->","yoast_head_json":{"title":"Gastfamiliengeschichten","robots":{"index":"index","follow":"follow","max-snippet":"max-snippet:-1","max-image-preview":"max-image-preview:large","max-video-preview":"max-video-preview:-1"},"canonical":"https:\/\/www.sts-education.com\/de-de\/gastfamilie\/gastfamilie-werden\/austauschgeschichten\/gastfamiliengeschichten\/","og_locale":"de_DE","og_type":"article","og_title":"Gastfamiliengeschichten","og_url":"https:\/\/www.sts-education.com\/de-de\/gastfamilie\/gastfamilie-werden\/austauschgeschichten\/gastfamiliengeschichten\/","og_site_name":"STS Education","article_modified_time":"2026-04-27T08:46:36+00:00","twitter_card":"summary_large_image","twitter_misc":{"Gesch\u00e4tzte Lesezeit":"6\u00a0Minuten"},"schema":{"@context":"https:\/\/schema.org","@graph":[{"@type":"WebPage","@id":"https:\/\/www.sts-education.com\/de-de\/gastfamilie\/gastfamilie-werden\/austauschgeschichten\/gastfamiliengeschichten\/","url":"https:\/\/www.sts-education.com\/de-de\/gastfamilie\/gastfamilie-werden\/austauschgeschichten\/gastfamiliengeschichten\/","name":"Gastfamiliengeschichten","isPartOf":{"@id":"https:\/\/www.sts-education.com\/de-de\/#website"},"datePublished":"2021-02-11T09:57:12+00:00","dateModified":"2026-04-27T08:46:36+00:00","breadcrumb":{"@id":"https:\/\/www.sts-education.com\/de-de\/gastfamilie\/gastfamilie-werden\/austauschgeschichten\/gastfamiliengeschichten\/#breadcrumb"},"inLanguage":"de","potentialAction":[{"@type":"ReadAction","target":["https:\/\/www.sts-education.com\/de-de\/gastfamilie\/gastfamilie-werden\/austauschgeschichten\/gastfamiliengeschichten\/"]}]},{"@type":"BreadcrumbList","@id":"https:\/\/www.sts-education.com\/de-de\/gastfamilie\/gastfamilie-werden\/austauschgeschichten\/gastfamiliengeschichten\/#breadcrumb","itemListElement":[{"@type":"ListItem","position":1,"name":"Home","item":"https:\/\/www.sts-education.com\/de-de\/sample-page\/"},{"@type":"ListItem","position":2,"name":"Gastfamilie","item":"https:\/\/www.sts-education.com\/de-de\/gastfamilie\/"},{"@type":"ListItem","position":3,"name":"Gastfamilie Werden","item":"https:\/\/www.sts-education.com\/de-de\/gastfamilie\/gastfamilie-werden\/"},{"@type":"ListItem","position":4,"name":"Austauschgeschichten","item":"https:\/\/www.sts-education.com\/de-de\/gastfamilie\/gastfamilie-werden\/austauschgeschichten\/"},{"@type":"ListItem","position":5,"name":"Gastfamiliengeschichten"}]},{"@type":"WebSite","@id":"https:\/\/www.sts-education.com\/de-de\/#website","url":"https:\/\/www.sts-education.com\/de-de\/","name":"STS Education","description":"","potentialAction":[{"@type":"SearchAction","target":{"@type":"EntryPoint","urlTemplate":"https:\/\/www.sts-education.com\/de-de\/?s={search_term_string}"},"query-input":{"@type":"PropertyValueSpecification","valueRequired":true,"valueName":"search_term_string"}}],"inLanguage":"de"}]}},"_links":{"self":[{"href":"https:\/\/www.sts-education.com\/de-de\/wp-json\/wp\/v2\/pages\/16331","targetHints":{"allow":["GET"]}}],"collection":[{"href":"https:\/\/www.sts-education.com\/de-de\/wp-json\/wp\/v2\/pages"}],"about":[{"href":"https:\/\/www.sts-education.com\/de-de\/wp-json\/wp\/v2\/types\/page"}],"author":[{"embeddable":true,"href":"https:\/\/www.sts-education.com\/de-de\/wp-json\/wp\/v2\/users\/20"}],"replies":[{"embeddable":true,"href":"https:\/\/www.sts-education.com\/de-de\/wp-json\/wp\/v2\/comments?post=16331"}],"version-history":[{"count":6,"href":"https:\/\/www.sts-education.com\/de-de\/wp-json\/wp\/v2\/pages\/16331\/revisions"}],"predecessor-version":[{"id":41808,"href":"https:\/\/www.sts-education.com\/de-de\/wp-json\/wp\/v2\/pages\/16331\/revisions\/41808"}],"up":[{"embeddable":true,"href":"https:\/\/www.sts-education.com\/de-de\/wp-json\/wp\/v2\/pages\/16319"}],"wp:attachment":[{"href":"https:\/\/www.sts-education.com\/de-de\/wp-json\/wp\/v2\/media?parent=16331"}],"wp:term":[{"taxonomy":"wpw_page_folders","embeddable":true,"href":"https:\/\/www.sts-education.com\/de-de\/wp-json\/wp\/v2\/wpw_page_folders?post=16331"}],"curies":[{"name":"wp","href":"https:\/\/api.w.org\/{rel}","templated":true}]}}