{"id":16349,"date":"2024-02-14T15:08:11","date_gmt":"2024-02-14T15:08:11","guid":{"rendered":"https:\/\/preprod.sts-education.com\/gastfamilie\/gastfamilie-werden\/austauschgeschichten\/gastfamiliengeschichten\/familie-metzger\/"},"modified":"2026-04-01T02:45:42","modified_gmt":"2026-04-01T02:45:42","slug":"familie-metzger","status":"publish","type":"page","link":"https:\/\/www.sts-education.com\/de-de\/gastfamilie\/gastfamilie-werden\/austauschgeschichten\/gastfamiliengeschichten\/familie-metzger\/","title":{"rendered":"Familie Metzger"},"content":{"rendered":"\n<div class=\"wp-block-sts-text sts-text-editor has-max-width-md\"><div class=\"sts-text-editor__content\"><div class=\"sts-text-editor__content-inner\">\n<h1>\u201eMirja ist wie eine Schwester f\u00fcr mich geworden\u201d<\/h1>\n<\/div><\/div><\/div>\n\n\n\n<div class=\"wp-block-sts-text sts-text-editor has-max-width-md\"><div class=\"sts-text-editor__content\"><div class=\"sts-text-editor__content-inner\">\n<p><em>Familie Metzger verbrachte ein Jahr mit Mirja aus Montenegro.<\/em><\/p>\n<\/div><\/div><\/div>\n\n\n\n<figure class=\"wp-block-sts-image sts-block-image sts-block-image--count-1 has-max-width-md\" data-count=\"1\"><div class=\"sts-block-image__grid\"><div class=\"sts-block-image__item\"><picture class=\"sts-responsive-image has-fit-cover has-pos-top is-skeleton\"><img src=\"https:\/\/cdn.sts-education.com\/12916_hero_md.jpg\" alt=\"\u201eMirja ist wie eine Schwester f\u00fcr mich geworden\u201d\" loading=\"lazy\" decoding=\"async\" fetchpriority=\"low\" sizes=\"(max-width: 736px) 100vw, 736px\"\/><\/picture><\/div><\/div><\/figure>\n\n\n\n<div class=\"wp-block-sts-text sts-text-editor has-max-width-md\"><div class=\"sts-text-editor__content\"><div class=\"sts-text-editor__content-inner\">\n<p>Wir kamen durch Freunde auf die Idee Gastfamilie zu werden. Wir haben den Platz, wir sind neugierig auf andere Leute und haben Freude daran, mehr \u00fcber andere L\u00e4nder zu erfahren. Zuerst war es eine Umstellung. Man ist nicht mehr unter sich und hat einen neuen Menschen in seiner Familie, den man erstmal kennenlernen muss und der seine eigenen Routinen hat. Aber das hat sich relativ schnell eingespielt. Nach zwei bis drei Monaten hat Mirja sprachlich einen Schalter umgelegt und dann ging das fast alles nur noch auf Deutsch.<\/p>\n<p>Wir haben sehr viel Spannendes \u00fcber Montenegro gelernt, denn Mirja wei\u00df viel \u00fcber ihr Land zu erz\u00e4hlen. Auch \u00fcber sehr Pers\u00f6nliches hat Mirja mit uns geredet und das ist einfach ein tolles Erlebnis. Mirja ist ein sehr kommunikativer, empathischer und liebenswerter Mensch. Sie hat uns auch gesagt, wenn ihr etwas mal nicht gefiel, und genauso durften wir es bei ihr machen. Das war uns sehr wichtig, denn es ist normal, dass man auch mal Meinungsverschiedenheiten hat, wenn man ein ganzes Jahr zusammenlebt. Wir hatten gro\u00dfes Gl\u00fcck, dass Mirja auch gerne spielt, denn wir sind gro\u00dfe Gesellschaftsspieler und wir hatten bei der Pantomime von Activity sehr viele lustige Situationen.<\/p>\n<p>Wir waren zusammen Skifahren, auf dem Weihnachtsmarkt, aber es sind vor allem die vielen kleinen Momente. Das Gef\u00fchl, Mirja ist ein zus\u00e4tzliches Familienmitglied, es ist sch\u00f6n, dass sie da ist, und wir freuen uns, wenn sie nach Hause kommt und wenn wir zusammen sind. Das ist es, was das Erlebnis f\u00fcr uns so sch\u00f6n macht. F\u00fcr unsere Tochter Leonie ist Mirja wie eine Schwester geworden. Sie haben \u00fcber alles miteinander geredet, waren zusammen shoppen, gingen ins Restaurant und lagen abends mit Bauchschmerzen im Bett, weil sie so viel gelacht haben.<\/p>\n<\/div><\/div><\/div>\n\n\n\n<figure class=\"wp-block-sts-image sts-block-image sts-block-image--count-1 has-max-width-md\" data-count=\"1\"><div class=\"sts-block-image__grid\"><div class=\"sts-block-image__item\"><picture class=\"sts-responsive-image has-fit-cover has-pos-top is-skeleton\"><img src=\"https:\/\/cdn.sts-education.com\/12917_hero_md.jpg\" alt=\"\u201eMirja ist wie eine Schwester f\u00fcr mich geworden\u201d\" loading=\"lazy\" decoding=\"async\" fetchpriority=\"low\" sizes=\"(max-width: 736px) 100vw, 736px\"\/><\/picture><\/div><\/div><\/figure>\n\n\n\n<div class=\"wp-block-sts-text sts-text-editor has-max-width-md\"><div class=\"sts-text-editor__content\"><div class=\"sts-text-editor__content-inner\">\n<p>Auch unsere Freunde haben sich gut mit Mirja verstanden. Sie haben gesehen, wie sch\u00f6n und bereichernd es ist, Gastfamilie zu sein. Dadurch sind einige von ihnen neugierig auf Austausch geworden. Hoffentlich haben wir ein paar Menschen dazu angeregt, dass sie auch Gastsch\u00fcler aufnehmen. Wir selbst k\u00f6nnen uns durchaus vorstellen, diese Erfahrung zu wiederholen!<\/p>\n<p>Aber erstmal m\u00f6chten wir Mirja besuchen und Montenegro kennenlernen.<\/p>\n<\/div><\/div><\/div>\n\n","protected":false},"excerpt":{"rendered":"","protected":false},"author":20,"featured_media":0,"parent":16331,"menu_order":0,"comment_status":"closed","ping_status":"closed","template":"","meta":{"_acf_changed":false,"sts_page_background_color":"","footnotes":""},"wpw_page_folders":[528],"class_list":["post-16349","page","type-page","status-publish","hentry"],"acf":[],"yoast_head":"<!-- This site is optimized with the Yoast SEO Premium plugin v27.2 (Yoast SEO v27.2) - https:\/\/yoast.com\/product\/yoast-seo-premium-wordpress\/ -->\n<title>Familie Metzger<\/title>\n<meta name=\"robots\" content=\"index, follow, max-snippet:-1, max-image-preview:large, max-video-preview:-1\" \/>\n<link rel=\"canonical\" href=\"https:\/\/www.sts-education.com\/de-de\/gastfamilie\/gastfamilie-werden\/austauschgeschichten\/gastfamiliengeschichten\/familie-metzger\/\" \/>\n<meta property=\"og:locale\" content=\"de_DE\" \/>\n<meta property=\"og:type\" content=\"article\" \/>\n<meta property=\"og:title\" content=\"Familie Metzger\" \/>\n<meta property=\"og:url\" content=\"https:\/\/www.sts-education.com\/de-de\/gastfamilie\/gastfamilie-werden\/austauschgeschichten\/gastfamiliengeschichten\/familie-metzger\/\" \/>\n<meta property=\"og:site_name\" content=\"STS Education\" \/>\n<meta property=\"article:modified_time\" content=\"2026-04-01T02:45:42+00:00\" \/>\n<meta property=\"og:image\" content=\"https:\/\/cdn.sts-education.com\/12916_hero_md.jpg\" \/>\n<meta name=\"twitter:card\" content=\"summary_large_image\" \/>\n<meta name=\"twitter:label1\" content=\"Gesch\u00e4tzte Lesezeit\" \/>\n\t<meta name=\"twitter:data1\" content=\"2\u00a0Minuten\" \/>\n<script type=\"application\/ld+json\" class=\"yoast-schema-graph\">{\"@context\":\"https:\/\/schema.org\",\"@graph\":[{\"@type\":\"WebPage\",\"@id\":\"https:\/\/www.sts-education.com\/de-de\/gastfamilie\/gastfamilie-werden\/austauschgeschichten\/gastfamiliengeschichten\/familie-metzger\/\",\"url\":\"https:\/\/www.sts-education.com\/de-de\/gastfamilie\/gastfamilie-werden\/austauschgeschichten\/gastfamiliengeschichten\/familie-metzger\/\",\"name\":\"Familie Metzger\",\"isPartOf\":{\"@id\":\"https:\/\/www.sts-education.com\/de-de\/#website\"},\"primaryImageOfPage\":{\"@id\":\"https:\/\/www.sts-education.com\/de-de\/gastfamilie\/gastfamilie-werden\/austauschgeschichten\/gastfamiliengeschichten\/familie-metzger\/#primaryimage\"},\"image\":{\"@id\":\"https:\/\/www.sts-education.com\/de-de\/gastfamilie\/gastfamilie-werden\/austauschgeschichten\/gastfamiliengeschichten\/familie-metzger\/#primaryimage\"},\"thumbnailUrl\":\"https:\/\/cdn.sts-education.com\/12916_hero_md.jpg\",\"datePublished\":\"2024-02-14T15:08:11+00:00\",\"dateModified\":\"2026-04-01T02:45:42+00:00\",\"breadcrumb\":{\"@id\":\"https:\/\/www.sts-education.com\/de-de\/gastfamilie\/gastfamilie-werden\/austauschgeschichten\/gastfamiliengeschichten\/familie-metzger\/#breadcrumb\"},\"inLanguage\":\"de\",\"potentialAction\":[{\"@type\":\"ReadAction\",\"target\":[\"https:\/\/www.sts-education.com\/de-de\/gastfamilie\/gastfamilie-werden\/austauschgeschichten\/gastfamiliengeschichten\/familie-metzger\/\"]}]},{\"@type\":\"ImageObject\",\"inLanguage\":\"de\",\"@id\":\"https:\/\/www.sts-education.com\/de-de\/gastfamilie\/gastfamilie-werden\/austauschgeschichten\/gastfamiliengeschichten\/familie-metzger\/#primaryimage\",\"url\":\"https:\/\/cdn.sts-education.com\/12916_hero_md.jpg\",\"contentUrl\":\"https:\/\/cdn.sts-education.com\/12916_hero_md.jpg\"},{\"@type\":\"BreadcrumbList\",\"@id\":\"https:\/\/www.sts-education.com\/de-de\/gastfamilie\/gastfamilie-werden\/austauschgeschichten\/gastfamiliengeschichten\/familie-metzger\/#breadcrumb\",\"itemListElement\":[{\"@type\":\"ListItem\",\"position\":1,\"name\":\"Home\",\"item\":\"https:\/\/www.sts-education.com\/de-de\/sample-page\/\"},{\"@type\":\"ListItem\",\"position\":2,\"name\":\"Gastfamilie\",\"item\":\"https:\/\/www.sts-education.com\/de-de\/gastfamilie\/\"},{\"@type\":\"ListItem\",\"position\":3,\"name\":\"Gastfamilie Werden\",\"item\":\"https:\/\/www.sts-education.com\/de-de\/gastfamilie\/gastfamilie-werden\/\"},{\"@type\":\"ListItem\",\"position\":4,\"name\":\"Austauschgeschichten\",\"item\":\"https:\/\/www.sts-education.com\/de-de\/gastfamilie\/gastfamilie-werden\/austauschgeschichten\/\"},{\"@type\":\"ListItem\",\"position\":5,\"name\":\"Gastfamiliengeschichten\",\"item\":\"https:\/\/www.sts-education.com\/de-de\/gastfamilie\/gastfamilie-werden\/austauschgeschichten\/gastfamiliengeschichten\/\"},{\"@type\":\"ListItem\",\"position\":6,\"name\":\"Familie Metzger\"}]},{\"@type\":\"WebSite\",\"@id\":\"https:\/\/www.sts-education.com\/de-de\/#website\",\"url\":\"https:\/\/www.sts-education.com\/de-de\/\",\"name\":\"STS Education\",\"description\":\"\",\"potentialAction\":[{\"@type\":\"SearchAction\",\"target\":{\"@type\":\"EntryPoint\",\"urlTemplate\":\"https:\/\/www.sts-education.com\/de-de\/?s={search_term_string}\"},\"query-input\":{\"@type\":\"PropertyValueSpecification\",\"valueRequired\":true,\"valueName\":\"search_term_string\"}}],\"inLanguage\":\"de\"}]}<\/script>\n<!-- \/ Yoast SEO Premium plugin. -->","yoast_head_json":{"title":"Familie Metzger","robots":{"index":"index","follow":"follow","max-snippet":"max-snippet:-1","max-image-preview":"max-image-preview:large","max-video-preview":"max-video-preview:-1"},"canonical":"https:\/\/www.sts-education.com\/de-de\/gastfamilie\/gastfamilie-werden\/austauschgeschichten\/gastfamiliengeschichten\/familie-metzger\/","og_locale":"de_DE","og_type":"article","og_title":"Familie Metzger","og_url":"https:\/\/www.sts-education.com\/de-de\/gastfamilie\/gastfamilie-werden\/austauschgeschichten\/gastfamiliengeschichten\/familie-metzger\/","og_site_name":"STS Education","article_modified_time":"2026-04-01T02:45:42+00:00","og_image":[{"url":"https:\/\/cdn.sts-education.com\/12916_hero_md.jpg","type":"","width":"","height":""}],"twitter_card":"summary_large_image","twitter_misc":{"Gesch\u00e4tzte Lesezeit":"2\u00a0Minuten"},"schema":{"@context":"https:\/\/schema.org","@graph":[{"@type":"WebPage","@id":"https:\/\/www.sts-education.com\/de-de\/gastfamilie\/gastfamilie-werden\/austauschgeschichten\/gastfamiliengeschichten\/familie-metzger\/","url":"https:\/\/www.sts-education.com\/de-de\/gastfamilie\/gastfamilie-werden\/austauschgeschichten\/gastfamiliengeschichten\/familie-metzger\/","name":"Familie Metzger","isPartOf":{"@id":"https:\/\/www.sts-education.com\/de-de\/#website"},"primaryImageOfPage":{"@id":"https:\/\/www.sts-education.com\/de-de\/gastfamilie\/gastfamilie-werden\/austauschgeschichten\/gastfamiliengeschichten\/familie-metzger\/#primaryimage"},"image":{"@id":"https:\/\/www.sts-education.com\/de-de\/gastfamilie\/gastfamilie-werden\/austauschgeschichten\/gastfamiliengeschichten\/familie-metzger\/#primaryimage"},"thumbnailUrl":"https:\/\/cdn.sts-education.com\/12916_hero_md.jpg","datePublished":"2024-02-14T15:08:11+00:00","dateModified":"2026-04-01T02:45:42+00:00","breadcrumb":{"@id":"https:\/\/www.sts-education.com\/de-de\/gastfamilie\/gastfamilie-werden\/austauschgeschichten\/gastfamiliengeschichten\/familie-metzger\/#breadcrumb"},"inLanguage":"de","potentialAction":[{"@type":"ReadAction","target":["https:\/\/www.sts-education.com\/de-de\/gastfamilie\/gastfamilie-werden\/austauschgeschichten\/gastfamiliengeschichten\/familie-metzger\/"]}]},{"@type":"ImageObject","inLanguage":"de","@id":"https:\/\/www.sts-education.com\/de-de\/gastfamilie\/gastfamilie-werden\/austauschgeschichten\/gastfamiliengeschichten\/familie-metzger\/#primaryimage","url":"https:\/\/cdn.sts-education.com\/12916_hero_md.jpg","contentUrl":"https:\/\/cdn.sts-education.com\/12916_hero_md.jpg"},{"@type":"BreadcrumbList","@id":"https:\/\/www.sts-education.com\/de-de\/gastfamilie\/gastfamilie-werden\/austauschgeschichten\/gastfamiliengeschichten\/familie-metzger\/#breadcrumb","itemListElement":[{"@type":"ListItem","position":1,"name":"Home","item":"https:\/\/www.sts-education.com\/de-de\/sample-page\/"},{"@type":"ListItem","position":2,"name":"Gastfamilie","item":"https:\/\/www.sts-education.com\/de-de\/gastfamilie\/"},{"@type":"ListItem","position":3,"name":"Gastfamilie Werden","item":"https:\/\/www.sts-education.com\/de-de\/gastfamilie\/gastfamilie-werden\/"},{"@type":"ListItem","position":4,"name":"Austauschgeschichten","item":"https:\/\/www.sts-education.com\/de-de\/gastfamilie\/gastfamilie-werden\/austauschgeschichten\/"},{"@type":"ListItem","position":5,"name":"Gastfamiliengeschichten","item":"https:\/\/www.sts-education.com\/de-de\/gastfamilie\/gastfamilie-werden\/austauschgeschichten\/gastfamiliengeschichten\/"},{"@type":"ListItem","position":6,"name":"Familie Metzger"}]},{"@type":"WebSite","@id":"https:\/\/www.sts-education.com\/de-de\/#website","url":"https:\/\/www.sts-education.com\/de-de\/","name":"STS Education","description":"","potentialAction":[{"@type":"SearchAction","target":{"@type":"EntryPoint","urlTemplate":"https:\/\/www.sts-education.com\/de-de\/?s={search_term_string}"},"query-input":{"@type":"PropertyValueSpecification","valueRequired":true,"valueName":"search_term_string"}}],"inLanguage":"de"}]}},"_links":{"self":[{"href":"https:\/\/www.sts-education.com\/de-de\/wp-json\/wp\/v2\/pages\/16349","targetHints":{"allow":["GET"]}}],"collection":[{"href":"https:\/\/www.sts-education.com\/de-de\/wp-json\/wp\/v2\/pages"}],"about":[{"href":"https:\/\/www.sts-education.com\/de-de\/wp-json\/wp\/v2\/types\/page"}],"author":[{"embeddable":true,"href":"https:\/\/www.sts-education.com\/de-de\/wp-json\/wp\/v2\/users\/20"}],"replies":[{"embeddable":true,"href":"https:\/\/www.sts-education.com\/de-de\/wp-json\/wp\/v2\/comments?post=16349"}],"version-history":[{"count":2,"href":"https:\/\/www.sts-education.com\/de-de\/wp-json\/wp\/v2\/pages\/16349\/revisions"}],"predecessor-version":[{"id":20691,"href":"https:\/\/www.sts-education.com\/de-de\/wp-json\/wp\/v2\/pages\/16349\/revisions\/20691"}],"up":[{"embeddable":true,"href":"https:\/\/www.sts-education.com\/de-de\/wp-json\/wp\/v2\/pages\/16331"}],"wp:attachment":[{"href":"https:\/\/www.sts-education.com\/de-de\/wp-json\/wp\/v2\/media?parent=16349"}],"wp:term":[{"taxonomy":"wpw_page_folders","embeddable":true,"href":"https:\/\/www.sts-education.com\/de-de\/wp-json\/wp\/v2\/wpw_page_folders?post=16349"}],"curies":[{"name":"wp","href":"https:\/\/api.w.org\/{rel}","templated":true}]}}