{"id":10374,"date":"2025-12-16T10:21:48","date_gmt":"2025-12-16T10:21:48","guid":{"rendered":"https:\/\/preprod.sts-education.com\/om-sts\/"},"modified":"2026-04-15T14:15:56","modified_gmt":"2026-04-15T14:15:56","slug":"om-sts","status":"publish","type":"page","link":"https:\/\/www.sts-education.com\/dk\/om-sts\/","title":{"rendered":"Om Sts"},"content":{"rendered":"\n<section class=\"wp-block-sts-hero sts-block-hero sts-block-hero is-variant-full-background has-text-light has-background-media\" style=\"--sts-hero-padding-mobile:0px;--sts-hero-padding-desktop:0px;--sts-hero-text-color:var(--wp--preset--color--base-10, #fff)\" data-variant=\"full-background\"><div class=\"sts-block-hero__background\"><picture class=\"sts-responsive-image has-pos-center is-skeleton\"><img src=\"https:\/\/cdn.sts-education.com\/11482_hero_lg_xl.jpg\" alt=\"STS Education\" loading=\"lazy\" decoding=\"async\" fetchpriority=\"low\" sizes=\"(max-width: 640px) max(100vw, calc(clamp(320px, 100vh, 720px) * 9 \/ 16)), (max-width: 840px) max(100vw, calc(clamp(320px, 100vh, 720px) * 1 \/ 1)), max(100vw, calc(clamp(320px, 100vh, 720px) * 16 \/ 9))\" style=\"object-position:center\"\/><\/picture><span class=\"sts-block-hero__overlay\" aria-hidden=\"true\"><\/span><\/div><div class=\"sts-block-hero__inner\"><div class=\"sts-block-hero__content has-align-center\"><div class=\"sts-block-hero__content-inner\"><h1 class=\"sts-block-hero__heading\">STS Education<\/h1><\/div><\/div><\/div><\/section>\n\n\n\n<div class=\"wp-block-sts-text sts-text-editor has-max-width-md\"><div class=\"sts-text-editor__content\"><div class=\"sts-text-editor__content-inner\">\n<p>I 1958 arrangerede vi verdens f\u00f8rste sprogrejse, og en helt ny m\u00e5de at rejse p\u00e5 for unge mennesker blev f\u00f8dt. Siden dengang har over 1.200.000 sprogelever oplevet verden sammen med os og har opn\u00e5et den personlige udvikling, der f\u00f8lger med det at l\u00e6re en ny kultur at kende. STS Educations brede udvalg af tjenester og uddannelsesprogrammer hj\u00e6lper unge mennesker med at opdage verden p\u00e5 egen h\u00e5nd med vores st\u00f8tte og vejledning.<\/p>\n<p>STS st\u00e5r for Student Travel Schools og er en f\u00f8rende global uddannelsesvirksomhed, der tilbyder udvekslingsprogrammer. Vi har kontorer i flere forskellige lande verden over, og vores globale netv\u00e6rk af fantastiske skoler, v\u00e6rtsfamilier, internationale kolleger og partnere vokser dagligt. Vi udforsker konstant nye m\u00e5der, hvorp\u00e5 vi kan g\u00f8re vores elevers oplevelser endnu mere mindev\u00e6rdige.<\/p>\n<p>Vi str\u00e6ber konstant efter at udvikle vores programmer for at holde os p\u00e5 forkant i en dynamisk verden, s\u00e5 vi kan give unge mennesker mulighed for at udvikle sig gennem uddannelse og kulturudveksling. Vores programmer opmuntrer unge mennesker til at udvide deres horisont og styrke deres forst\u00e5else af andre kulturer.<\/p>\n<p>STS Education er siden 2024 ejet af Educatius Group.<\/p>\n<h2>Vision og Mission<\/h2>\n<p>Hos STS Education giver vi unge mennesker mulighed for at n\u00e5 deres fulde potentiale. Vi skaber rum for udveksling af ideer og v\u00e6rdier, opbygger relationer p\u00e5 tv\u00e6rs af gr\u00e6nser og bidrager til personlig, social og kulturel udvikling.<\/p>\n<p><strong>STS vision:<\/strong><\/p>\n<p>To empower young people to reach their full potential through international education and cultural exchange while contributing to global understanding.<\/p>\n<p><strong>STS mission:<\/strong><\/p>\n<p>Through high-quality programs, personalized service, and extensive experience, STS Education aims to be the top choice for young people and their parents seeking international education and cultural exchange.<\/p>\n<\/div><\/div><\/div>\n\n\n\n<section class=\"wp-block-sts-video sts-block-video sts-block-video--landscape has-max-width-lg\"><div class=\"sts-video sts-video--landscape\"><div class=\"sts-video__handler\"><button type=\"button\" class=\"sts-video__play-button\" aria-label=\"Play video\" aria-pressed=\"false\" data-playing=\"false\"><span class=\"sts-video__play-icon\"><img decoding=\"async\" class=\"play-icon\" src=\"data:image\/svg+xml,%3csvg%20width='32'%20height='32'%20viewBox='0%200%2032%2032'%20fill='none'%20xmlns='http:\/\/www.w3.org\/2000\/svg'%3e%3cmask%20id='mask0_2459_8201'%20style='mask-type:alpha'%20maskUnits='userSpaceOnUse'%20x='0'%20y='0'%20width='32'%20height='32'%3e%3crect%20width='32'%20height='32'%20fill='%23D9D9D9'\/%3e%3c\/mask%3e%3cg%20mask='url(%23mask0_2459_8201)'%3e%3cpath%20d='M10.667%2022.8999V9.09993C10.667%208.72216%2010.8003%208.40549%2011.067%208.14993C11.3337%207.89438%2011.6448%207.7666%2012.0003%207.7666C12.1114%207.7666%2012.2281%207.78327%2012.3503%207.8166C12.4725%207.84993%2012.5892%207.89993%2012.7003%207.9666L23.567%2014.8666C23.767%2014.9999%2023.917%2015.1666%2024.017%2015.3666C24.117%2015.5666%2024.167%2015.7777%2024.167%2015.9999C24.167%2016.2222%2024.117%2016.4333%2024.017%2016.6333C23.917%2016.8333%2023.767%2016.9999%2023.567%2017.1333L12.7003%2024.0333C12.5892%2024.0999%2012.4725%2024.1499%2012.3503%2024.1833C12.2281%2024.2166%2012.1114%2024.2333%2012.0003%2024.2333C11.6448%2024.2333%2011.3337%2024.1055%2011.067%2023.8499C10.8003%2023.5944%2010.667%2023.2777%2010.667%2022.8999Z'%20fill='black'\/%3e%3c\/g%3e%3c\/svg%3e\" alt=\"\" aria-hidden=\"true\"\/><img decoding=\"async\" class=\"pause-icon\" src=\"data:image\/svg+xml,%3csvg%20width='32'%20height='32'%20viewBox='0%200%2032%2032'%20fill='none'%20xmlns='http:\/\/www.w3.org\/2000\/svg'%3e%3cmask%20id='mask0_pause'%20style='mask-type:alpha'%20maskUnits='userSpaceOnUse'%20x='0'%20y='0'%20width='32'%20height='32'%3e%3crect%20width='32'%20height='32'%20fill='%23D9D9D9'\/%3e%3c\/mask%3e%3cg%20mask='url(%23mask0_pause)'%3e%3c!--%20Left%20bar%20--%3e%3crect%20x='10'%20y='8'%20width='4'%20height='16'%20rx='1'%20fill='black'\/%3e%3c!--%20Right%20bar%20--%3e%3crect%20x='18'%20y='8'%20width='4'%20height='16'%20rx='1'%20fill='black'\/%3e%3c\/g%3e%3c\/svg%3e\" alt=\"\" aria-hidden=\"true\"\/><\/span><\/button><strong class=\"sts-video__duration\" data-duration-prefix=\"Video duration:\" data-unit-second=\"second\" data-unit-seconds=\"seconds\" data-unit-minute=\"minute\" data-unit-minutes=\"minutes\" aria-label=\"Video duration: 1 minute\">1 min<\/strong><\/div><div class=\"sts-video__media\" data-video-source=\"youtube\" data-video-url=\"\"><div class=\"sts-video__external-shell\" data-embed-url=\"https:\/\/www.youtube.com\/embed\/APzP1l6I8Bs?rel=0&amp;controls=1&amp;modestbranding=1&amp;playsinline=1&amp;enablejsapi=1&amp;autoplay=0&amp;origin=https%3A%2F%2Fwww.sts-education.com\"><iframe class=\"sts-video__iframe\" src=\"https:\/\/www.youtube.com\/embed\/APzP1l6I8Bs?rel=0&amp;controls=1&amp;modestbranding=1&amp;playsinline=1&amp;enablejsapi=1&amp;autoplay=0&amp;origin=https%3A%2F%2Fwww.sts-education.com\" title=\"Video poster\nheading\" allow=\"autoplay; fullscreen\" allowfullscreen loading=\"lazy\" data-provider=\"youtube\" data-embed-url=\"https:\/\/www.youtube.com\/embed\/APzP1l6I8Bs?rel=0&amp;controls=1&amp;modestbranding=1&amp;playsinline=1&amp;enablejsapi=1&amp;autoplay=0&amp;origin=https%3A%2F%2Fwww.sts-education.com\"><\/iframe><\/div><\/div><\/div><\/section>\n\n\n\n<div class=\"wp-block-sts-text sts-text-editor has-max-width-md\"><div class=\"sts-text-editor__content\"><div class=\"sts-text-editor__content-inner\">\n<h2>STS\u2019 akkrediteringer og samarbejdspartnere<\/h2>\n<p>Vores skoler og programmer er akkrediteret af flere internationalt anerkendte organisationer. Disse akkrediteringer fungerer som garanti for, at vores programmer opfylder kvalitetsstandarderne for ledelse, ressourcer, milj\u00f8, undervisning, trivsel og omsorg. STS er desuden medlem af flere rejse- og udvekslingssammenslutninger, og det betyder, at vi st\u00f8ttes af et st\u00e6rkt netv\u00e6rk af branchepartnere.<\/p>\n<\/div><\/div><\/div>\n\n\n\n<figure class=\"wp-block-sts-image sts-block-image sts-block-image--count-1 has-max-width-md\" data-count=\"1\"><div class=\"sts-block-image__grid\"><div class=\"sts-block-image__item\"><picture class=\"sts-responsive-image has-fit-cover has-pos-top is-skeleton\"><source media=\"(max-width: 834.98px)\" srcset=\"https:\/\/powered-by.qbank.se\/educatius\/sts\/84907537aa411c5ffcc37be1d18f2a7b_1-1-thumb.webp 150w, https:\/\/powered-by.qbank.se\/educatius\/sts\/84907537aa411c5ffcc37be1d18f2a7b_1-1-xsmall.webp 500w, https:\/\/powered-by.qbank.se\/educatius\/sts\/84907537aa411c5ffcc37be1d18f2a7b_1-1-small.webp 800w, https:\/\/powered-by.qbank.se\/educatius\/sts\/84907537aa411c5ffcc37be1d18f2a7b_1-1-medium.webp 1024w, https:\/\/powered-by.qbank.se\/educatius\/sts\/84907537aa411c5ffcc37be1d18f2a7b_1-1-large.webp 1536w\" sizes=\"(max-width: 736px) 100vw, 736px\" type=\"image\/webp\"\/><source media=\"(min-width: 835px)\" srcset=\"https:\/\/powered-by.qbank.se\/educatius\/sts\/84907537aa411c5ffcc37be1d18f2a7b_1-1-thumb.webp 150w, https:\/\/powered-by.qbank.se\/educatius\/sts\/84907537aa411c5ffcc37be1d18f2a7b_1-1-xsmall.webp 500w, https:\/\/powered-by.qbank.se\/educatius\/sts\/84907537aa411c5ffcc37be1d18f2a7b_1-1-small.webp 800w, https:\/\/powered-by.qbank.se\/educatius\/sts\/84907537aa411c5ffcc37be1d18f2a7b_1-1-medium.webp 1024w, https:\/\/powered-by.qbank.se\/educatius\/sts\/84907537aa411c5ffcc37be1d18f2a7b_1-1-large.webp 1536w\" sizes=\"(max-width: 736px) 100vw, 736px\" type=\"image\/webp\"\/><img src=\"https:\/\/powered-by.qbank.se\/educatius\/sts\/84907537aa411c5ffcc37be1d18f2a7b_1-1-thumb.webp\" alt=\"Alliance\" loading=\"lazy\" decoding=\"async\" fetchpriority=\"low\" style=\"object-position:top\"\/><\/picture><\/div><\/div><\/figure>\n\n\n\n<div class=\"wp-block-sts-text sts-text-editor has-max-width-md\"><div class=\"sts-text-editor__content\"><div class=\"sts-text-editor__content-inner\">\n<h3>Alliance<\/h3>\n<p>The Alliance fungerer som en kollektiv offentlig stemme for det internationale uddannelses- og kulturudvekslingsf\u00e6llesskab i USA.<br \/><a href=\"http:\/\/www.alliance-exchange.org\" target=\"_blank\" rel=\"noopener noreferrer\">www.alliance-exchange.org<\/a><\/p>\n<\/div><\/div><\/div>\n\n\n\n<figure class=\"wp-block-sts-image sts-block-image sts-block-image--count-1 has-max-width-md\" data-count=\"1\"><div class=\"sts-block-image__grid\"><div class=\"sts-block-image__item\"><picture class=\"sts-responsive-image has-fit-cover has-pos-top is-skeleton\"><source media=\"(max-width: 834.98px)\" srcset=\"https:\/\/powered-by.qbank.se\/educatius\/sts\/26c853b77628776cfc7fef95d38a7bbd_1-1-thumb.webp 150w, https:\/\/powered-by.qbank.se\/educatius\/sts\/26c853b77628776cfc7fef95d38a7bbd_1-1-xsmall.webp 500w, https:\/\/powered-by.qbank.se\/educatius\/sts\/26c853b77628776cfc7fef95d38a7bbd_1-1-small.webp 800w, https:\/\/powered-by.qbank.se\/educatius\/sts\/26c853b77628776cfc7fef95d38a7bbd_1-1-medium.webp 1024w, https:\/\/powered-by.qbank.se\/educatius\/sts\/26c853b77628776cfc7fef95d38a7bbd_1-1-large.webp 1536w\" sizes=\"(max-width: 736px) 100vw, 736px\" type=\"image\/webp\"\/><source media=\"(min-width: 835px)\" srcset=\"https:\/\/powered-by.qbank.se\/educatius\/sts\/26c853b77628776cfc7fef95d38a7bbd_1-1-thumb.webp 150w, https:\/\/powered-by.qbank.se\/educatius\/sts\/26c853b77628776cfc7fef95d38a7bbd_1-1-xsmall.webp 500w, https:\/\/powered-by.qbank.se\/educatius\/sts\/26c853b77628776cfc7fef95d38a7bbd_1-1-small.webp 800w, https:\/\/powered-by.qbank.se\/educatius\/sts\/26c853b77628776cfc7fef95d38a7bbd_1-1-medium.webp 1024w, https:\/\/powered-by.qbank.se\/educatius\/sts\/26c853b77628776cfc7fef95d38a7bbd_1-1-large.webp 1536w\" sizes=\"(max-width: 736px) 100vw, 736px\" type=\"image\/webp\"\/><img src=\"https:\/\/powered-by.qbank.se\/educatius\/sts\/26c853b77628776cfc7fef95d38a7bbd_1-1-thumb.webp\" alt=\"CSIET\" loading=\"lazy\" decoding=\"async\" fetchpriority=\"low\" style=\"object-position:top\"\/><\/picture><\/div><\/div><\/figure>\n\n\n\n<div class=\"wp-block-sts-text sts-text-editor has-max-width-md\"><div class=\"sts-text-editor__content\"><div class=\"sts-text-editor__content-inner\">\n<h3>CSIET<\/h3>\n<p>Council on Standards for International Educational Travel (CSIET) er en non profit organisation, der arbejder for at sikre kvaliteten af international uddannelse og udveksling p\u00e5 gymnasieniveau. STS har v\u00e6ret medlem i mange \u00e5r.<br \/><a href=\"http:\/\/www.csiet.org\" target=\"_blank\" rel=\"noopener noreferrer\">www.csiet.org<\/a><\/p>\n<\/div><\/div><\/div>\n\n\n\n<figure class=\"wp-block-sts-image sts-block-image sts-block-image--count-1 has-max-width-md\" data-count=\"1\"><div class=\"sts-block-image__grid\"><div class=\"sts-block-image__item\"><picture class=\"sts-responsive-image has-fit-cover has-pos-top is-skeleton\"><source media=\"(max-width: 834.98px)\" srcset=\"https:\/\/powered-by.qbank.se\/educatius\/sts\/209ed5567b7de8d810127caad4f2eeb9_1-1-thumb.webp 150w, https:\/\/powered-by.qbank.se\/educatius\/sts\/209ed5567b7de8d810127caad4f2eeb9_1-1-xsmall.webp 500w, https:\/\/powered-by.qbank.se\/educatius\/sts\/209ed5567b7de8d810127caad4f2eeb9_1-1-small.webp 800w, https:\/\/powered-by.qbank.se\/educatius\/sts\/209ed5567b7de8d810127caad4f2eeb9_1-1-medium.webp 1024w, https:\/\/powered-by.qbank.se\/educatius\/sts\/209ed5567b7de8d810127caad4f2eeb9_1-1-large.webp 1536w\" sizes=\"(max-width: 736px) 100vw, 736px\" type=\"image\/webp\"\/><source media=\"(min-width: 835px)\" srcset=\"https:\/\/powered-by.qbank.se\/educatius\/sts\/209ed5567b7de8d810127caad4f2eeb9_1-1-thumb.webp 150w, https:\/\/powered-by.qbank.se\/educatius\/sts\/209ed5567b7de8d810127caad4f2eeb9_1-1-xsmall.webp 500w, https:\/\/powered-by.qbank.se\/educatius\/sts\/209ed5567b7de8d810127caad4f2eeb9_1-1-small.webp 800w, https:\/\/powered-by.qbank.se\/educatius\/sts\/209ed5567b7de8d810127caad4f2eeb9_1-1-medium.webp 1024w, https:\/\/powered-by.qbank.se\/educatius\/sts\/209ed5567b7de8d810127caad4f2eeb9_1-1-large.webp 1536w\" sizes=\"(max-width: 736px) 100vw, 736px\" type=\"image\/webp\"\/><img src=\"https:\/\/powered-by.qbank.se\/educatius\/sts\/209ed5567b7de8d810127caad4f2eeb9_1-1-thumb.webp\" alt=\"NZCIE\" loading=\"lazy\" decoding=\"async\" fetchpriority=\"low\" style=\"object-position:top\"\/><\/picture><\/div><\/div><\/figure>\n\n\n\n<div class=\"wp-block-sts-text sts-text-editor has-max-width-md\"><div class=\"sts-text-editor__content\"><div class=\"sts-text-editor__content-inner\">\n<h3>NZCIE<\/h3>\n<p>STS er medlem af New Zealand Council for Intercultural Education, der sigter mod at fremme international fred, forst\u00e5else og velvilje ved at hj\u00e6lpe mennesker med at udvikle de f\u00e6rdigheder, der er n\u00f8dvendige for at leve i en global verden. Fokus p\u00e5 indbyrdes afh\u00e6ngig og kulturelle forskellige livet i et andet land og samfund. Medlemskabet af NZCIE er afh\u00e6ngigt af at v\u00e6re en godkendt EPO, som har underskrevet det New Zealand Ministerium for Uddannelseskodeks for pastrol af internationale studerende og acceptere NZCIE Principper for god praksis for interkulturel uddannelse. <br \/><a href=\"http:\/\/www.nzcie.org.nz\" target=\"_blank\" rel=\"noopener noreferrer\">www.nzcie.org.nz<\/a><\/p>\n<\/div><\/div><\/div>\n","protected":false},"excerpt":{"rendered":"","protected":false},"author":20,"featured_media":0,"parent":0,"menu_order":0,"comment_status":"closed","ping_status":"closed","template":"templates\/template-default-with-breadcrumbs.php","meta":{"_acf_changed":false,"sts_page_background_color":"","footnotes":""},"wpw_page_folders":[77],"class_list":["post-10374","page","type-page","status-publish","hentry"],"acf":[],"yoast_head":"<!-- This site is optimized with the Yoast SEO Premium plugin v27.2 (Yoast SEO v27.3) - https:\/\/yoast.com\/product\/yoast-seo-premium-wordpress\/ -->\n<title>Om os STS | STS<\/title>\n<meta name=\"description\" content=\"STS har siden 1958 arrangeret sprogrejser til England, \u00d8strig, Tyskland og flere. Siden 1971 har vi ogs\u00e5 tilbudt muligheden for at tage p\u00e5 et udvekslings\u00e5r igennem High School Exchange.\" \/>\n<meta name=\"robots\" content=\"index, follow, max-snippet:-1, max-image-preview:large, max-video-preview:-1\" \/>\n<link rel=\"canonical\" href=\"https:\/\/www.sts-education.com\/dk\/om-sts\/\" \/>\n<meta property=\"og:locale\" content=\"da_DK\" \/>\n<meta property=\"og:type\" content=\"article\" \/>\n<meta property=\"og:title\" content=\"Om Sts\" \/>\n<meta property=\"og:description\" content=\"STS har siden 1958 arrangeret sprogrejser til England, \u00d8strig, Tyskland og flere. Siden 1971 har vi ogs\u00e5 tilbudt muligheden for at tage p\u00e5 et udvekslings\u00e5r igennem High School Exchange.\" \/>\n<meta property=\"og:url\" content=\"https:\/\/www.sts-education.com\/dk\/om-sts\/\" \/>\n<meta property=\"og:site_name\" content=\"STS Education\" \/>\n<meta property=\"article:modified_time\" content=\"2026-04-15T14:15:56+00:00\" \/>\n<meta property=\"og:image\" content=\"https:\/\/cdn.sts-education.com\/11482_hero_lg_xl.jpg\" \/>\n<meta name=\"twitter:card\" content=\"summary_large_image\" \/>\n<meta name=\"twitter:label1\" content=\"Estimeret l\u00e6setid\" \/>\n\t<meta name=\"twitter:data1\" content=\"4 minutter\" \/>\n<script type=\"application\/ld+json\" class=\"yoast-schema-graph\">{\"@context\":\"https:\\\/\\\/schema.org\",\"@graph\":[{\"@type\":\"WebPage\",\"@id\":\"https:\\\/\\\/www.sts-education.com\\\/dk\\\/om-sts\\\/\",\"url\":\"https:\\\/\\\/www.sts-education.com\\\/dk\\\/om-sts\\\/\",\"name\":\"Om os STS | STS\",\"isPartOf\":{\"@id\":\"https:\\\/\\\/www.sts-education.com\\\/dk\\\/#website\"},\"primaryImageOfPage\":{\"@id\":\"https:\\\/\\\/www.sts-education.com\\\/dk\\\/om-sts\\\/#primaryimage\"},\"image\":{\"@id\":\"https:\\\/\\\/www.sts-education.com\\\/dk\\\/om-sts\\\/#primaryimage\"},\"thumbnailUrl\":\"https:\\\/\\\/cdn.sts-education.com\\\/11482_hero_lg_xl.jpg\",\"datePublished\":\"2025-12-16T10:21:48+00:00\",\"dateModified\":\"2026-04-15T14:15:56+00:00\",\"description\":\"STS har siden 1958 arrangeret sprogrejser til England, \u00d8strig, Tyskland og flere. Siden 1971 har vi ogs\u00e5 tilbudt muligheden for at tage p\u00e5 et udvekslings\u00e5r igennem High School Exchange.\",\"breadcrumb\":{\"@id\":\"https:\\\/\\\/www.sts-education.com\\\/dk\\\/om-sts\\\/#breadcrumb\"},\"inLanguage\":\"da-DK\",\"potentialAction\":[{\"@type\":\"ReadAction\",\"target\":[\"https:\\\/\\\/www.sts-education.com\\\/dk\\\/om-sts\\\/\"]}]},{\"@type\":\"ImageObject\",\"inLanguage\":\"da-DK\",\"@id\":\"https:\\\/\\\/www.sts-education.com\\\/dk\\\/om-sts\\\/#primaryimage\",\"url\":\"https:\\\/\\\/cdn.sts-education.com\\\/11482_hero_lg_xl.jpg\",\"contentUrl\":\"https:\\\/\\\/cdn.sts-education.com\\\/11482_hero_lg_xl.jpg\"},{\"@type\":\"BreadcrumbList\",\"@id\":\"https:\\\/\\\/www.sts-education.com\\\/dk\\\/om-sts\\\/#breadcrumb\",\"itemListElement\":[{\"@type\":\"ListItem\",\"position\":1,\"name\":\"Home\",\"item\":\"https:\\\/\\\/www.sts-education.com\\\/dk\\\/sample-page\\\/\"},{\"@type\":\"ListItem\",\"position\":2,\"name\":\"Om Sts\"}]},{\"@type\":\"WebSite\",\"@id\":\"https:\\\/\\\/www.sts-education.com\\\/dk\\\/#website\",\"url\":\"https:\\\/\\\/www.sts-education.com\\\/dk\\\/\",\"name\":\"STS Education\",\"description\":\"\",\"potentialAction\":[{\"@type\":\"SearchAction\",\"target\":{\"@type\":\"EntryPoint\",\"urlTemplate\":\"https:\\\/\\\/www.sts-education.com\\\/dk\\\/?s={search_term_string}\"},\"query-input\":{\"@type\":\"PropertyValueSpecification\",\"valueRequired\":true,\"valueName\":\"search_term_string\"}}],\"inLanguage\":\"da-DK\"}]}<\/script>\n<!-- \/ Yoast SEO Premium plugin. -->","yoast_head_json":{"title":"Om os STS | STS","description":"STS har siden 1958 arrangeret sprogrejser til England, \u00d8strig, Tyskland og flere. Siden 1971 har vi ogs\u00e5 tilbudt muligheden for at tage p\u00e5 et udvekslings\u00e5r igennem High School Exchange.","robots":{"index":"index","follow":"follow","max-snippet":"max-snippet:-1","max-image-preview":"max-image-preview:large","max-video-preview":"max-video-preview:-1"},"canonical":"https:\/\/www.sts-education.com\/dk\/om-sts\/","og_locale":"da_DK","og_type":"article","og_title":"Om Sts","og_description":"STS har siden 1958 arrangeret sprogrejser til England, \u00d8strig, Tyskland og flere. Siden 1971 har vi ogs\u00e5 tilbudt muligheden for at tage p\u00e5 et udvekslings\u00e5r igennem High School Exchange.","og_url":"https:\/\/www.sts-education.com\/dk\/om-sts\/","og_site_name":"STS Education","article_modified_time":"2026-04-15T14:15:56+00:00","og_image":[{"url":"https:\/\/cdn.sts-education.com\/11482_hero_lg_xl.jpg","type":"","width":"","height":""}],"twitter_card":"summary_large_image","twitter_misc":{"Estimeret l\u00e6setid":"4 minutter"},"schema":{"@context":"https:\/\/schema.org","@graph":[{"@type":"WebPage","@id":"https:\/\/www.sts-education.com\/dk\/om-sts\/","url":"https:\/\/www.sts-education.com\/dk\/om-sts\/","name":"Om os STS | STS","isPartOf":{"@id":"https:\/\/www.sts-education.com\/dk\/#website"},"primaryImageOfPage":{"@id":"https:\/\/www.sts-education.com\/dk\/om-sts\/#primaryimage"},"image":{"@id":"https:\/\/www.sts-education.com\/dk\/om-sts\/#primaryimage"},"thumbnailUrl":"https:\/\/cdn.sts-education.com\/11482_hero_lg_xl.jpg","datePublished":"2025-12-16T10:21:48+00:00","dateModified":"2026-04-15T14:15:56+00:00","description":"STS har siden 1958 arrangeret sprogrejser til England, \u00d8strig, Tyskland og flere. Siden 1971 har vi ogs\u00e5 tilbudt muligheden for at tage p\u00e5 et udvekslings\u00e5r igennem High School Exchange.","breadcrumb":{"@id":"https:\/\/www.sts-education.com\/dk\/om-sts\/#breadcrumb"},"inLanguage":"da-DK","potentialAction":[{"@type":"ReadAction","target":["https:\/\/www.sts-education.com\/dk\/om-sts\/"]}]},{"@type":"ImageObject","inLanguage":"da-DK","@id":"https:\/\/www.sts-education.com\/dk\/om-sts\/#primaryimage","url":"https:\/\/cdn.sts-education.com\/11482_hero_lg_xl.jpg","contentUrl":"https:\/\/cdn.sts-education.com\/11482_hero_lg_xl.jpg"},{"@type":"BreadcrumbList","@id":"https:\/\/www.sts-education.com\/dk\/om-sts\/#breadcrumb","itemListElement":[{"@type":"ListItem","position":1,"name":"Home","item":"https:\/\/www.sts-education.com\/dk\/sample-page\/"},{"@type":"ListItem","position":2,"name":"Om Sts"}]},{"@type":"WebSite","@id":"https:\/\/www.sts-education.com\/dk\/#website","url":"https:\/\/www.sts-education.com\/dk\/","name":"STS Education","description":"","potentialAction":[{"@type":"SearchAction","target":{"@type":"EntryPoint","urlTemplate":"https:\/\/www.sts-education.com\/dk\/?s={search_term_string}"},"query-input":{"@type":"PropertyValueSpecification","valueRequired":true,"valueName":"search_term_string"}}],"inLanguage":"da-DK"}]}},"_links":{"self":[{"href":"https:\/\/www.sts-education.com\/dk\/wp-json\/wp\/v2\/pages\/10374","targetHints":{"allow":["GET"]}}],"collection":[{"href":"https:\/\/www.sts-education.com\/dk\/wp-json\/wp\/v2\/pages"}],"about":[{"href":"https:\/\/www.sts-education.com\/dk\/wp-json\/wp\/v2\/types\/page"}],"author":[{"embeddable":true,"href":"https:\/\/www.sts-education.com\/dk\/wp-json\/wp\/v2\/users\/20"}],"replies":[{"embeddable":true,"href":"https:\/\/www.sts-education.com\/dk\/wp-json\/wp\/v2\/comments?post=10374"}],"version-history":[{"count":5,"href":"https:\/\/www.sts-education.com\/dk\/wp-json\/wp\/v2\/pages\/10374\/revisions"}],"predecessor-version":[{"id":37066,"href":"https:\/\/www.sts-education.com\/dk\/wp-json\/wp\/v2\/pages\/10374\/revisions\/37066"}],"wp:attachment":[{"href":"https:\/\/www.sts-education.com\/dk\/wp-json\/wp\/v2\/media?parent=10374"}],"wp:term":[{"taxonomy":"wpw_page_folders","embeddable":true,"href":"https:\/\/www.sts-education.com\/dk\/wp-json\/wp\/v2\/wpw_page_folders?post=10374"}],"curies":[{"name":"wp","href":"https:\/\/api.w.org\/{rel}","templated":true}]}}