{"id":10375,"date":"2025-12-15T15:48:25","date_gmt":"2025-12-15T15:48:25","guid":{"rendered":"https:\/\/preprod.sts-education.com\/almene-betingelser\/cookies\/"},"modified":"2026-04-15T09:38:41","modified_gmt":"2026-04-15T09:38:41","slug":"cookies","status":"publish","type":"page","link":"https:\/\/www.sts-education.com\/dk\/almene-betingelser\/cookies\/","title":{"rendered":"Cookies"},"content":{"rendered":"\n<div class=\"wp-block-sts-text sts-text-editor has-max-width-md\"><div class=\"sts-text-editor__content\"><div class=\"sts-text-editor__content-inner\">\n<h1>Information om cookies p\u00e5 www.sts.dk<\/h1>\n<\/div><\/div><\/div>\n\n\n\n<div class=\"wp-block-sts-text sts-text-editor has-max-width-md\"><div class=\"sts-text-editor__content\"><div class=\"sts-text-editor__content-inner\">\n<p>N\u00e5r du bes\u00f8ger vores hjemmeside, placeres der cookies p\u00e5 din browser med f\u00f8lgende form\u00e5l:<\/p>\n\n<ul><li>For at huske, hvilket sprog du foretr\u00e6kker<\/li>\n<li>S\u00e5 hjemmesiden kan fungere<\/li><\/ul>\n\n<p>Hvis du samtykker, placeres der desuden cookies p\u00e5 din browser med f\u00f8lgende form\u00e5l:<\/p>\n\n<ul><li>For at analysere, hvordan du bruger hjemmesiden<\/li><\/ul>\n\n<p>For at vise relevante tilbud og marketing til dig \u00f8nsker vi, STS Education Group AB, firmaregistreringsnummer 559251-3112 (herefter omtalt som STS), gennemsigtighed mht., hvordan vi bruger cookies. Derfor giver vi en detaljeret beskrivelse af vores brug af cookies.<\/p>\n\n<p>Vi bruger ingen avancerede cookies, men bruger i stedet kun almindelige, ikke-avancerede cookies, s\u00e5kaldte \u201chttp-cookies\u201d og \u201dscript-cookies\u201d. Selvom disse cookies ikke er avancerede, vil nogle af dem indsamle personlig data, s\u00e5som din IP-adresse. Information om, hvordan vi behandler dine persondata, herunder hvordan vi bruger dine persondata uden for EU\/E\u00d8S, og hvilke rettigheder du har i forbindelse med vores behandling af dine personlige data, kan findes i vores <a href=\"https:\/\/www.sts-education.com\/dk\/almene-betingelser\/sts-privacy-policy\/\">privatlivspolitik<\/a>.<\/p>\n\n<h2>Hvem skal jeg kontakte?<\/h2>\n\n<p>Har du sp\u00f8rgsm\u00e5l eller \u00f8nsker mere information om vores brug af cookies, er du velkommen til at kontakte os p\u00e5:<\/p>\n\n<p>Adresse: Norra Hamngatan 36, 411 06 G\u00f6teborg, Sverige<\/p>\n\n<p>E-mailadresse: dataprotection@sts.se<\/p>\n\n<p>Tlf.: +46 771-20 20 40<\/p>\n\n<p>Du kan ogs\u00e5 kontakte den lokale tilsynsmyndighed, hvis du har sp\u00f8rgsm\u00e5l om cookies.<\/p>\n\n<h2>S\u00e5dan undg\u00e5r du cookies<\/h2>\n\n<p>N\u00e5r du bes\u00f8ger vores hjemmeside, vil vi automatisk placere visse cookies, som kun gemmes under dit bes\u00f8g p\u00e5 vores hjemmeside (\u201dsession cookies\u201d). Udover session cookies placerer vi ogs\u00e5 mere vedvarende cookies, som gemmes p\u00e5 din browser i l\u00e6ngere tid.<\/p>\n\n<p>Hvis du ikke vil acceptere cookies, kan din browser ops\u00e6ttes p\u00e5 en m\u00e5de, s\u00e5 du automatisk undg\u00e5r cookies, eller du kan sl\u00e5 cookies fra via vores cookies-funktion. Via din browser kan du ogs\u00e5 tjekke, hvilke vedvarende cookies der er blevet placeret p\u00e5 din browser samt slette dem. Du kan til hver en tid tr\u00e6kke din godkendelse tilbage. Du klikker bare p\u00e5 \u201d\u00c6ndre indstillinger\u201d nederst til venstre p\u00e5 siden \u2013 s\u00e5 kan du se pr\u00e6cis, hvilke cookies vi bruger, og om du vil tillade dem eller ej. Dette kan dog betyde, at vores hjemmeside ikke fungerer optimalt.<\/p>\n\n<h2>Cookies placeret p\u00e5 din browser baseret p\u00e5 dit samtykke<\/h2>\n\n<p>De cookies, vi anvender for at analysere brugen af vores hjemmeside og vise dig relevante tilbud og marketing, er ikke n\u00f8dvendige for hjemmesiden og dens funktionalitet. Derfor placerer vi kun disse cookies p\u00e5 din browser, hvis du samtykker til det.<\/p>\n\n<p>Hvis du v\u00e6lger ikke at tillade cookies, eller hvis du har sat din browser til automatisk at n\u00e6gte placeringen af disse cookies, vil vi modtage f\u00e6rre informationer til at analysere brugen af vores hjemmeside, og vi vil ikke kunne vise dig tilbud og marketing, der er tilpasset til dig.<\/p>\n\n<h2>Beskrivelse af, hvordan vi bruger forskellige slags cookies<\/h2>\n\n<h3>For at hjemmesiden skal kunne fungere<\/h3>\n\n<p>For at f\u00e5 vores hjemmeside til at fungere rent teknisk placerer vi cookies p\u00e5 din browser. Disse cookies g\u00f8r det fx muligt for os at identificere de handlinger, du foretager dig, samt registrere din session ved at lave et tilf\u00e6ldigt ID til din browser.<\/p>\n\n<p>For at v\u00e6re sikker p\u00e5 at vores hjemmeside virker s\u00e5 godt som muligt, placerer vi cookies fra Microsoft p\u00e5 din browser, fx for at g\u00f8re det muligt for os at distribuere trafikken over flere servere.<\/p>\n\n<h3>For at huske dine valg<\/h3>\n\n<p>De n\u00f8dvendige cookies, der placeres p\u00e5 din browser, er n\u00f8dvendige for at kunne give dig en online service p\u00e5 din foresp\u00f8rgsel. De er n\u00f8dvendige for at vores hjemmeside kan fungere, og for at vi kan huske de valg, du foretog, da du bes\u00f8gte vores hjemmeside f\u00f8rste gang, fx dine sprogindstillinger.<br>Hvis du har sat din browser til automatisk at n\u00e6gte placeringen af disse cookies, vil hjemmesiden ikke fungerer optimalt. Det begr\u00e6nser ogs\u00e5 vores mulighed for at huske dit foretrukne sprog p\u00e5 hjemmesiden.<\/p>\n\n<h3>For at analysere, hvordan du bruger vores hjemmeside<\/h3>\n\n<p>For at analysere, hvordan du bruger vores hjemmeside, placerer vi cookies, der indsamler informationer, som fx din IP-adresse og geografiske placering (kun tiln\u00e6rmelsesvist, ikke den pr\u00e6cise adresse), samt information om, hvordan du bruger vores hjemmeside, fx hvad du klikker p\u00e5. De indsamler ogs\u00e5 information om dine bev\u00e6gelser p\u00e5 hjemmesiden, og hvilke sider der oftest bes\u00f8ges. Derudover kan vi se en samlet statistik over, fx hvor mange bes\u00f8gende vi har p\u00e5 vores hjemmeside. Al information, der indsamles ved hj\u00e6lp af disse cookies, anonymiseres. Hvis du ikke tillader disse cookies, kan vi ikke give dig en skr\u00e6ddersyet oplevelse.<\/p>\n\n<h3>For at vise dig relevante tilbud og marketing<\/h3>\n\n<p>For at modtage information om, hvor effektiv vores marketing er, placerer vi en cookie, der genererer statistisk information om, hvordan du bruger vores hjemmeside.<\/p>\n\n<p>Disse cookies placerer et unikt ID p\u00e5 din browser, som giver os mulighed for at vide, hvilket banner eller reklame p\u00e5 de sociale medier du klikker p\u00e5 for at komme ind p\u00e5 vores hjemmeside, og hvordan du herefter interagerer med os.<\/p>\n\n<p>Derefter giver vi dit unikke ID til en tredjepart, der viser skr\u00e6ddersyet marketing til potentielle bes\u00f8gende p\u00e5 vores hjemmeside, som minder om dig, via digitale kanaler, sociale medier og\/eller tredjepartshjemmesider.<\/p>\n\n<p>Det betyder ogs\u00e5, at du vil se s\u00f8geresultater og bannere fra STS, n\u00e5r du bruger andre hjemmesider, baseret p\u00e5 din tidligere brug af vores hjemmeside. Hvis du ikke tillader disse cookies, vil du se mindre skr\u00e6ddersyet reklame.<\/p>\n<\/div><\/div><\/div>\n","protected":false},"excerpt":{"rendered":"","protected":false},"author":20,"featured_media":0,"parent":10372,"menu_order":0,"comment_status":"closed","ping_status":"closed","template":"templates\/template-default-with-breadcrumbs.php","meta":{"_acf_changed":false,"sts_page_background_color":"","footnotes":""},"wpw_page_folders":[95],"class_list":["post-10375","page","type-page","status-publish","hentry"],"acf":[],"yoast_head":"<!-- This site is optimized with the Yoast SEO Premium plugin v27.2 (Yoast SEO v27.3) - https:\/\/yoast.com\/product\/yoast-seo-premium-wordpress\/ -->\n<title>STS Cookies<\/title>\n<meta name=\"description\" content=\"P\u00e5 STS&#039; hjemmeside sts.dk bruger vi cookies. Cookies er sm\u00e5 tekst ler, der gemmes p\u00e5 den bes\u00f8gendes computer og som er mulige at anvende for at f\u00f8lge de bes\u00f8gendes adf\u00e6rd p\u00e5 hjemmesiden.\" \/>\n<meta name=\"robots\" content=\"index, follow, max-snippet:-1, max-image-preview:large, max-video-preview:-1\" \/>\n<link rel=\"canonical\" href=\"https:\/\/www.sts-education.com\/dk\/almene-betingelser\/cookies\/\" \/>\n<meta property=\"og:locale\" content=\"da_DK\" \/>\n<meta property=\"og:type\" content=\"article\" \/>\n<meta property=\"og:title\" content=\"Cookies\" \/>\n<meta property=\"og:description\" content=\"P\u00e5 STS&#039; hjemmeside sts.dk bruger vi cookies. Cookies er sm\u00e5 tekst ler, der gemmes p\u00e5 den bes\u00f8gendes computer og som er mulige at anvende for at f\u00f8lge de bes\u00f8gendes adf\u00e6rd p\u00e5 hjemmesiden.\" \/>\n<meta property=\"og:url\" content=\"https:\/\/www.sts-education.com\/dk\/almene-betingelser\/cookies\/\" \/>\n<meta property=\"og:site_name\" content=\"STS Education\" \/>\n<meta property=\"article:modified_time\" content=\"2026-04-15T09:38:41+00:00\" \/>\n<meta name=\"twitter:card\" content=\"summary_large_image\" \/>\n<meta name=\"twitter:label1\" content=\"Estimeret l\u00e6setid\" \/>\n\t<meta name=\"twitter:data1\" content=\"5 minutter\" \/>\n<script type=\"application\/ld+json\" class=\"yoast-schema-graph\">{\"@context\":\"https:\\\/\\\/schema.org\",\"@graph\":[{\"@type\":\"WebPage\",\"@id\":\"https:\\\/\\\/www.sts-education.com\\\/dk\\\/almene-betingelser\\\/cookies\\\/\",\"url\":\"https:\\\/\\\/www.sts-education.com\\\/dk\\\/almene-betingelser\\\/cookies\\\/\",\"name\":\"STS Cookies\",\"isPartOf\":{\"@id\":\"https:\\\/\\\/www.sts-education.com\\\/dk\\\/#website\"},\"datePublished\":\"2025-12-15T15:48:25+00:00\",\"dateModified\":\"2026-04-15T09:38:41+00:00\",\"description\":\"P\u00e5 STS' hjemmeside sts.dk bruger vi cookies. Cookies er sm\u00e5 tekst ler, der gemmes p\u00e5 den bes\u00f8gendes computer og som er mulige at anvende for at f\u00f8lge de bes\u00f8gendes adf\u00e6rd p\u00e5 hjemmesiden.\",\"breadcrumb\":{\"@id\":\"https:\\\/\\\/www.sts-education.com\\\/dk\\\/almene-betingelser\\\/cookies\\\/#breadcrumb\"},\"inLanguage\":\"da-DK\",\"potentialAction\":[{\"@type\":\"ReadAction\",\"target\":[\"https:\\\/\\\/www.sts-education.com\\\/dk\\\/almene-betingelser\\\/cookies\\\/\"]}]},{\"@type\":\"BreadcrumbList\",\"@id\":\"https:\\\/\\\/www.sts-education.com\\\/dk\\\/almene-betingelser\\\/cookies\\\/#breadcrumb\",\"itemListElement\":[{\"@type\":\"ListItem\",\"position\":1,\"name\":\"Home\",\"item\":\"https:\\\/\\\/www.sts-education.com\\\/dk\\\/sample-page\\\/\"},{\"@type\":\"ListItem\",\"position\":2,\"name\":\"Almene Betingelser\",\"item\":\"https:\\\/\\\/www.sts-education.com\\\/dk\\\/almene-betingelser\\\/\"},{\"@type\":\"ListItem\",\"position\":3,\"name\":\"Cookies\"}]},{\"@type\":\"WebSite\",\"@id\":\"https:\\\/\\\/www.sts-education.com\\\/dk\\\/#website\",\"url\":\"https:\\\/\\\/www.sts-education.com\\\/dk\\\/\",\"name\":\"STS Education\",\"description\":\"\",\"potentialAction\":[{\"@type\":\"SearchAction\",\"target\":{\"@type\":\"EntryPoint\",\"urlTemplate\":\"https:\\\/\\\/www.sts-education.com\\\/dk\\\/?s={search_term_string}\"},\"query-input\":{\"@type\":\"PropertyValueSpecification\",\"valueRequired\":true,\"valueName\":\"search_term_string\"}}],\"inLanguage\":\"da-DK\"}]}<\/script>\n<!-- \/ Yoast SEO Premium plugin. -->","yoast_head_json":{"title":"STS Cookies","description":"P\u00e5 STS' hjemmeside sts.dk bruger vi cookies. Cookies er sm\u00e5 tekst ler, der gemmes p\u00e5 den bes\u00f8gendes computer og som er mulige at anvende for at f\u00f8lge de bes\u00f8gendes adf\u00e6rd p\u00e5 hjemmesiden.","robots":{"index":"index","follow":"follow","max-snippet":"max-snippet:-1","max-image-preview":"max-image-preview:large","max-video-preview":"max-video-preview:-1"},"canonical":"https:\/\/www.sts-education.com\/dk\/almene-betingelser\/cookies\/","og_locale":"da_DK","og_type":"article","og_title":"Cookies","og_description":"P\u00e5 STS' hjemmeside sts.dk bruger vi cookies. Cookies er sm\u00e5 tekst ler, der gemmes p\u00e5 den bes\u00f8gendes computer og som er mulige at anvende for at f\u00f8lge de bes\u00f8gendes adf\u00e6rd p\u00e5 hjemmesiden.","og_url":"https:\/\/www.sts-education.com\/dk\/almene-betingelser\/cookies\/","og_site_name":"STS Education","article_modified_time":"2026-04-15T09:38:41+00:00","twitter_card":"summary_large_image","twitter_misc":{"Estimeret l\u00e6setid":"5 minutter"},"schema":{"@context":"https:\/\/schema.org","@graph":[{"@type":"WebPage","@id":"https:\/\/www.sts-education.com\/dk\/almene-betingelser\/cookies\/","url":"https:\/\/www.sts-education.com\/dk\/almene-betingelser\/cookies\/","name":"STS Cookies","isPartOf":{"@id":"https:\/\/www.sts-education.com\/dk\/#website"},"datePublished":"2025-12-15T15:48:25+00:00","dateModified":"2026-04-15T09:38:41+00:00","description":"P\u00e5 STS' hjemmeside sts.dk bruger vi cookies. Cookies er sm\u00e5 tekst ler, der gemmes p\u00e5 den bes\u00f8gendes computer og som er mulige at anvende for at f\u00f8lge de bes\u00f8gendes adf\u00e6rd p\u00e5 hjemmesiden.","breadcrumb":{"@id":"https:\/\/www.sts-education.com\/dk\/almene-betingelser\/cookies\/#breadcrumb"},"inLanguage":"da-DK","potentialAction":[{"@type":"ReadAction","target":["https:\/\/www.sts-education.com\/dk\/almene-betingelser\/cookies\/"]}]},{"@type":"BreadcrumbList","@id":"https:\/\/www.sts-education.com\/dk\/almene-betingelser\/cookies\/#breadcrumb","itemListElement":[{"@type":"ListItem","position":1,"name":"Home","item":"https:\/\/www.sts-education.com\/dk\/sample-page\/"},{"@type":"ListItem","position":2,"name":"Almene Betingelser","item":"https:\/\/www.sts-education.com\/dk\/almene-betingelser\/"},{"@type":"ListItem","position":3,"name":"Cookies"}]},{"@type":"WebSite","@id":"https:\/\/www.sts-education.com\/dk\/#website","url":"https:\/\/www.sts-education.com\/dk\/","name":"STS Education","description":"","potentialAction":[{"@type":"SearchAction","target":{"@type":"EntryPoint","urlTemplate":"https:\/\/www.sts-education.com\/dk\/?s={search_term_string}"},"query-input":{"@type":"PropertyValueSpecification","valueRequired":true,"valueName":"search_term_string"}}],"inLanguage":"da-DK"}]}},"_links":{"self":[{"href":"https:\/\/www.sts-education.com\/dk\/wp-json\/wp\/v2\/pages\/10375","targetHints":{"allow":["GET"]}}],"collection":[{"href":"https:\/\/www.sts-education.com\/dk\/wp-json\/wp\/v2\/pages"}],"about":[{"href":"https:\/\/www.sts-education.com\/dk\/wp-json\/wp\/v2\/types\/page"}],"author":[{"embeddable":true,"href":"https:\/\/www.sts-education.com\/dk\/wp-json\/wp\/v2\/users\/20"}],"replies":[{"embeddable":true,"href":"https:\/\/www.sts-education.com\/dk\/wp-json\/wp\/v2\/comments?post=10375"}],"version-history":[{"count":5,"href":"https:\/\/www.sts-education.com\/dk\/wp-json\/wp\/v2\/pages\/10375\/revisions"}],"predecessor-version":[{"id":35547,"href":"https:\/\/www.sts-education.com\/dk\/wp-json\/wp\/v2\/pages\/10375\/revisions\/35547"}],"up":[{"embeddable":true,"href":"https:\/\/www.sts-education.com\/dk\/wp-json\/wp\/v2\/pages\/10372"}],"wp:attachment":[{"href":"https:\/\/www.sts-education.com\/dk\/wp-json\/wp\/v2\/media?parent=10375"}],"wp:term":[{"taxonomy":"wpw_page_folders","embeddable":true,"href":"https:\/\/www.sts-education.com\/dk\/wp-json\/wp\/v2\/wpw_page_folders?post=10375"}],"curies":[{"name":"wp","href":"https:\/\/api.w.org\/{rel}","templated":true}]}}