{"id":10376,"date":"2019-03-28T07:48:58","date_gmt":"2019-03-28T07:48:58","guid":{"rendered":"https:\/\/preprod.sts-education.com\/almene-betingelser\/information-til-skoler\/"},"modified":"2026-04-15T09:39:14","modified_gmt":"2026-04-15T09:39:14","slug":"information-til-skoler","status":"publish","type":"page","link":"https:\/\/www.sts-education.com\/dk\/almene-betingelser\/information-til-skoler\/","title":{"rendered":"Information Til Skoler"},"content":{"rendered":"\n<section class=\"wp-block-sts-hero sts-block-hero is-variant-full-background has-text-light has-background-media\" style=\"--sts-hero-padding-mobile:0px;--sts-hero-padding-desktop:0px;--sts-hero-text-color:var(--wp--preset--color--base-10, #fff);\" data-variant=\"full-background\"><div class=\"sts-block-hero__background\"><picture class=\"sts-responsive-image has-fit-cover is-skeleton\"><img src=\"https:\/\/cdn.sts-education.com\/12645_hero_lg_xl.jpg\" alt=\"Information til skoler\" loading=\"lazy\" decoding=\"async\" fetchpriority=\"low\" sizes=\"100vw\" \/><\/picture><span class=\"sts-block-hero__overlay\" aria-hidden=\"true\"><\/span><\/div><div class=\"sts-block-hero__inner\"><div class=\"sts-block-hero__content has-align-center\"><div class=\"sts-block-hero__content-inner\"><h1 class=\"sts-block-hero__heading\">Information til skoler<\/h1><\/div><\/div><\/div><\/section>\n\n\n\n<div class=\"wp-block-sts-text sts-text-editor has-max-width-md\"><div class=\"sts-text-editor__content\"><div class=\"sts-text-editor__content-inner\">\n<p>Vil du inspirere dine elever til at tage p\u00e5 udveksling i udlandet? Hos STS har vi al den information, I beh\u00f8ver, og vi kommer gerne ud p\u00e5 din skole og fort\u00e6ller om hvad det vil sige at tage p\u00e5 udveksling.<\/p>\n\n<p>Vi tager ogs\u00e5 gerne en tidligere elev med, som kan fort\u00e6lle om sin sp\u00e6ndende oplevelse i udlandet.<\/p>\n\n<p><a href=\"https:\/\/www.sts-education.com\/dk\/om-sts\/kontakt-os\/\">Kontakt os endelig<\/a>, s\u00e5 vi kan finde den l\u00f8sning der passer jer. \u00d8nsker I en pr\u00e6sentation for hele skolen, afholder I temadag eller skal vi komme og fort\u00e6lle n\u00e6rmere i en sproglektion?<\/p>\n<\/div><\/div><\/div>\n","protected":false},"excerpt":{"rendered":"","protected":false},"author":20,"featured_media":0,"parent":10372,"menu_order":0,"comment_status":"closed","ping_status":"closed","template":"","meta":{"_acf_changed":false,"sts_page_background_color":"","footnotes":""},"wpw_page_folders":[95],"class_list":["post-10376","page","type-page","status-publish","hentry"],"acf":[],"yoast_head":"<!-- This site is optimized with the Yoast SEO Premium plugin v27.2 (Yoast SEO v27.2) - https:\/\/yoast.com\/product\/yoast-seo-premium-wordpress\/ -->\n<title>Information til skoler<\/title>\n<meta name=\"description\" content=\"Vil du inspirere din elever til at tage p\u00e5 udveksling i udlandet? Hos STS har vi al den information, I beh\u00f8ber, og vi kommer gerne ud p\u00e5 din skole og fort\u00e6ller om hvad det vil sige at tage p\u00e5 udveksling.\" \/>\n<meta name=\"robots\" content=\"index, follow, max-snippet:-1, max-image-preview:large, max-video-preview:-1\" \/>\n<link rel=\"canonical\" href=\"https:\/\/www.sts-education.com\/dk\/almene-betingelser\/information-til-skoler\/\" \/>\n<meta property=\"og:locale\" content=\"da_DK\" \/>\n<meta property=\"og:type\" content=\"article\" \/>\n<meta property=\"og:title\" content=\"Information Til Skoler\" \/>\n<meta property=\"og:description\" content=\"Vil du inspirere din elever til at tage p\u00e5 udveksling i udlandet? Hos STS har vi al den information, I beh\u00f8ber, og vi kommer gerne ud p\u00e5 din skole og fort\u00e6ller om hvad det vil sige at tage p\u00e5 udveksling.\" \/>\n<meta property=\"og:url\" content=\"https:\/\/www.sts-education.com\/dk\/almene-betingelser\/information-til-skoler\/\" \/>\n<meta property=\"og:site_name\" content=\"STS Education\" \/>\n<meta property=\"article:modified_time\" content=\"2026-04-15T09:39:14+00:00\" \/>\n<meta property=\"og:image\" content=\"https:\/\/cdn.sts-education.com\/12645_hero_lg_xl.jpg\" \/>\n<meta name=\"twitter:card\" content=\"summary_large_image\" \/>\n<meta name=\"twitter:label1\" content=\"Estimeret l\u00e6setid\" \/>\n\t<meta name=\"twitter:data1\" content=\"1 minut\" \/>\n<script type=\"application\/ld+json\" class=\"yoast-schema-graph\">{\"@context\":\"https:\/\/schema.org\",\"@graph\":[{\"@type\":\"WebPage\",\"@id\":\"https:\/\/www.sts-education.com\/dk\/almene-betingelser\/information-til-skoler\/\",\"url\":\"https:\/\/www.sts-education.com\/dk\/almene-betingelser\/information-til-skoler\/\",\"name\":\"Information til skoler\",\"isPartOf\":{\"@id\":\"https:\/\/www.sts-education.com\/dk\/#website\"},\"primaryImageOfPage\":{\"@id\":\"https:\/\/www.sts-education.com\/dk\/almene-betingelser\/information-til-skoler\/#primaryimage\"},\"image\":{\"@id\":\"https:\/\/www.sts-education.com\/dk\/almene-betingelser\/information-til-skoler\/#primaryimage\"},\"thumbnailUrl\":\"https:\/\/cdn.sts-education.com\/12645_hero_lg_xl.jpg\",\"datePublished\":\"2019-03-28T07:48:58+00:00\",\"dateModified\":\"2026-04-15T09:39:14+00:00\",\"description\":\"Vil du inspirere din elever til at tage p\u00e5 udveksling i udlandet? Hos STS har vi al den information, I beh\u00f8ber, og vi kommer gerne ud p\u00e5 din skole og fort\u00e6ller om hvad det vil sige at tage p\u00e5 udveksling.\",\"breadcrumb\":{\"@id\":\"https:\/\/www.sts-education.com\/dk\/almene-betingelser\/information-til-skoler\/#breadcrumb\"},\"inLanguage\":\"da-DK\",\"potentialAction\":[{\"@type\":\"ReadAction\",\"target\":[\"https:\/\/www.sts-education.com\/dk\/almene-betingelser\/information-til-skoler\/\"]}]},{\"@type\":\"ImageObject\",\"inLanguage\":\"da-DK\",\"@id\":\"https:\/\/www.sts-education.com\/dk\/almene-betingelser\/information-til-skoler\/#primaryimage\",\"url\":\"https:\/\/cdn.sts-education.com\/12645_hero_lg_xl.jpg\",\"contentUrl\":\"https:\/\/cdn.sts-education.com\/12645_hero_lg_xl.jpg\"},{\"@type\":\"BreadcrumbList\",\"@id\":\"https:\/\/www.sts-education.com\/dk\/almene-betingelser\/information-til-skoler\/#breadcrumb\",\"itemListElement\":[{\"@type\":\"ListItem\",\"position\":1,\"name\":\"Home\",\"item\":\"https:\/\/www.sts-education.com\/dk\/sample-page\/\"},{\"@type\":\"ListItem\",\"position\":2,\"name\":\"Almene Betingelser\",\"item\":\"https:\/\/www.sts-education.com\/dk\/almene-betingelser\/\"},{\"@type\":\"ListItem\",\"position\":3,\"name\":\"Information Til Skoler\"}]},{\"@type\":\"WebSite\",\"@id\":\"https:\/\/www.sts-education.com\/dk\/#website\",\"url\":\"https:\/\/www.sts-education.com\/dk\/\",\"name\":\"STS Education\",\"description\":\"\",\"potentialAction\":[{\"@type\":\"SearchAction\",\"target\":{\"@type\":\"EntryPoint\",\"urlTemplate\":\"https:\/\/www.sts-education.com\/dk\/?s={search_term_string}\"},\"query-input\":{\"@type\":\"PropertyValueSpecification\",\"valueRequired\":true,\"valueName\":\"search_term_string\"}}],\"inLanguage\":\"da-DK\"}]}<\/script>\n<!-- \/ Yoast SEO Premium plugin. -->","yoast_head_json":{"title":"Information til skoler","description":"Vil du inspirere din elever til at tage p\u00e5 udveksling i udlandet? Hos STS har vi al den information, I beh\u00f8ber, og vi kommer gerne ud p\u00e5 din skole og fort\u00e6ller om hvad det vil sige at tage p\u00e5 udveksling.","robots":{"index":"index","follow":"follow","max-snippet":"max-snippet:-1","max-image-preview":"max-image-preview:large","max-video-preview":"max-video-preview:-1"},"canonical":"https:\/\/www.sts-education.com\/dk\/almene-betingelser\/information-til-skoler\/","og_locale":"da_DK","og_type":"article","og_title":"Information Til Skoler","og_description":"Vil du inspirere din elever til at tage p\u00e5 udveksling i udlandet? Hos STS har vi al den information, I beh\u00f8ber, og vi kommer gerne ud p\u00e5 din skole og fort\u00e6ller om hvad det vil sige at tage p\u00e5 udveksling.","og_url":"https:\/\/www.sts-education.com\/dk\/almene-betingelser\/information-til-skoler\/","og_site_name":"STS Education","article_modified_time":"2026-04-15T09:39:14+00:00","og_image":[{"url":"https:\/\/cdn.sts-education.com\/12645_hero_lg_xl.jpg","type":"","width":"","height":""}],"twitter_card":"summary_large_image","twitter_misc":{"Estimeret l\u00e6setid":"1 minut"},"schema":{"@context":"https:\/\/schema.org","@graph":[{"@type":"WebPage","@id":"https:\/\/www.sts-education.com\/dk\/almene-betingelser\/information-til-skoler\/","url":"https:\/\/www.sts-education.com\/dk\/almene-betingelser\/information-til-skoler\/","name":"Information til skoler","isPartOf":{"@id":"https:\/\/www.sts-education.com\/dk\/#website"},"primaryImageOfPage":{"@id":"https:\/\/www.sts-education.com\/dk\/almene-betingelser\/information-til-skoler\/#primaryimage"},"image":{"@id":"https:\/\/www.sts-education.com\/dk\/almene-betingelser\/information-til-skoler\/#primaryimage"},"thumbnailUrl":"https:\/\/cdn.sts-education.com\/12645_hero_lg_xl.jpg","datePublished":"2019-03-28T07:48:58+00:00","dateModified":"2026-04-15T09:39:14+00:00","description":"Vil du inspirere din elever til at tage p\u00e5 udveksling i udlandet? Hos STS har vi al den information, I beh\u00f8ber, og vi kommer gerne ud p\u00e5 din skole og fort\u00e6ller om hvad det vil sige at tage p\u00e5 udveksling.","breadcrumb":{"@id":"https:\/\/www.sts-education.com\/dk\/almene-betingelser\/information-til-skoler\/#breadcrumb"},"inLanguage":"da-DK","potentialAction":[{"@type":"ReadAction","target":["https:\/\/www.sts-education.com\/dk\/almene-betingelser\/information-til-skoler\/"]}]},{"@type":"ImageObject","inLanguage":"da-DK","@id":"https:\/\/www.sts-education.com\/dk\/almene-betingelser\/information-til-skoler\/#primaryimage","url":"https:\/\/cdn.sts-education.com\/12645_hero_lg_xl.jpg","contentUrl":"https:\/\/cdn.sts-education.com\/12645_hero_lg_xl.jpg"},{"@type":"BreadcrumbList","@id":"https:\/\/www.sts-education.com\/dk\/almene-betingelser\/information-til-skoler\/#breadcrumb","itemListElement":[{"@type":"ListItem","position":1,"name":"Home","item":"https:\/\/www.sts-education.com\/dk\/sample-page\/"},{"@type":"ListItem","position":2,"name":"Almene Betingelser","item":"https:\/\/www.sts-education.com\/dk\/almene-betingelser\/"},{"@type":"ListItem","position":3,"name":"Information Til Skoler"}]},{"@type":"WebSite","@id":"https:\/\/www.sts-education.com\/dk\/#website","url":"https:\/\/www.sts-education.com\/dk\/","name":"STS Education","description":"","potentialAction":[{"@type":"SearchAction","target":{"@type":"EntryPoint","urlTemplate":"https:\/\/www.sts-education.com\/dk\/?s={search_term_string}"},"query-input":{"@type":"PropertyValueSpecification","valueRequired":true,"valueName":"search_term_string"}}],"inLanguage":"da-DK"}]}},"_links":{"self":[{"href":"https:\/\/www.sts-education.com\/dk\/wp-json\/wp\/v2\/pages\/10376","targetHints":{"allow":["GET"]}}],"collection":[{"href":"https:\/\/www.sts-education.com\/dk\/wp-json\/wp\/v2\/pages"}],"about":[{"href":"https:\/\/www.sts-education.com\/dk\/wp-json\/wp\/v2\/types\/page"}],"author":[{"embeddable":true,"href":"https:\/\/www.sts-education.com\/dk\/wp-json\/wp\/v2\/users\/20"}],"replies":[{"embeddable":true,"href":"https:\/\/www.sts-education.com\/dk\/wp-json\/wp\/v2\/comments?post=10376"}],"version-history":[{"count":5,"href":"https:\/\/www.sts-education.com\/dk\/wp-json\/wp\/v2\/pages\/10376\/revisions"}],"predecessor-version":[{"id":35566,"href":"https:\/\/www.sts-education.com\/dk\/wp-json\/wp\/v2\/pages\/10376\/revisions\/35566"}],"up":[{"embeddable":true,"href":"https:\/\/www.sts-education.com\/dk\/wp-json\/wp\/v2\/pages\/10372"}],"wp:attachment":[{"href":"https:\/\/www.sts-education.com\/dk\/wp-json\/wp\/v2\/media?parent=10376"}],"wp:term":[{"taxonomy":"wpw_page_folders","embeddable":true,"href":"https:\/\/www.sts-education.com\/dk\/wp-json\/wp\/v2\/wpw_page_folders?post=10376"}],"curies":[{"name":"wp","href":"https:\/\/api.w.org\/{rel}","templated":true}]}}