{"id":10377,"date":"2025-10-27T09:40:19","date_gmt":"2025-10-27T09:40:19","guid":{"rendered":"https:\/\/preprod.sts-education.com\/almene-betingelser\/sts-privacy-policy\/"},"modified":"2026-04-09T13:45:14","modified_gmt":"2026-04-09T13:45:14","slug":"sts-privacy-policy","status":"publish","type":"page","link":"https:\/\/www.sts-education.com\/dk\/almene-betingelser\/sts-privacy-policy\/","title":{"rendered":"Sts Privacy Policy"},"content":{"rendered":"\n<div class=\"wp-block-sts-text sts-text-editor has-max-width-md\"><div class=\"sts-text-editor__content\"><div class=\"sts-text-editor__content-inner\">\n<h1>STS Privacy Policy<\/h1>\n<\/div><\/div><\/div>\n\n\n\n<div class=\"wp-block-sts-text sts-text-editor has-max-width-md\"><div class=\"sts-text-editor__content\"><div class=\"sts-text-editor__content-inner\">\n<h2>En politik omhandlende dit privatliv \u2013 intro &amp; resum\u00e9<\/h2>\n<p>Hos STS er beskyttelse af dine data og dit privatliv vigtigt for os. Form\u00e5let med denne privatlivspolitik er at informere dig om, hvordan vi behandler dine personlige data og hvilke rettigheder du har n\u00e5r du bruger vores hjemmeside. Personlige data er alle oplysninger, der vedr\u00f8rer dig, f.eks. navn og e-mailadresse.<\/p>\n<p>Vi behandler hovedsagelig dine personlige data med f\u00f8lgende form\u00e5l:<\/p>\n<ul>\n<li>at markedsf\u00f8re vores produkter og sende nyhedsbreve eller brochurer til dig p\u00e5 din anmodning<\/li>\n<li>at besvare dine sp\u00f8rgsm\u00e5l om vores produkter<\/li>\n<li>at modtage din tilmelding til et STS m\u00f8de<\/li>\n<li>for at administrere din interesse ans\u00f8gning for High School, at blive en STS v\u00e6rtsfamilie eller for at blive STS ambassad\u00f8r, og<\/li>\n<li>at foretage en forel\u00f8big vurdering af din ans\u00f8gning, med henblik p\u00e5 deltagelse p\u00e5 en af vores rejser.<\/li>\n<\/ul>\n<p>Du har flere rettigheder i henhold til databeskyttelsesloven. For eksempel har du altid ret til at g\u00f8re indsigelse mod markedsf\u00f8ring. Du kan ogs\u00e5 l\u00e6se om, hvordan du p\u00e5virker vores behandling af dine personlige data og <em>hvilke rettigheder du har.<\/em><\/p>\n<p>Vil du vide mere? L\u00e6s vores privatlivspolitik i dokumentet nedenfor.<\/p>\n<p><a href=\"https:\/\/powered-by.qbank.se\/educatius\/sts\/84144093d2939b96d46233fa01d18085_pdf.pdf?v=20260409153337\" target=\"_blank\" rel=\"noopener noreferrer\">STS Privat Policy<\/a><\/p>\n<\/div><\/div><\/div>\n","protected":false},"excerpt":{"rendered":"","protected":false},"author":20,"featured_media":0,"parent":10372,"menu_order":0,"comment_status":"closed","ping_status":"open","template":"","meta":{"_acf_changed":false,"sts_page_background_color":"","footnotes":""},"wpw_page_folders":[95],"class_list":["post-10377","page","type-page","status-publish","hentry"],"acf":[],"yoast_head":"<!-- This site is optimized with the Yoast SEO Premium plugin v27.2 (Yoast SEO v27.3) - https:\/\/yoast.com\/product\/yoast-seo-premium-wordpress\/ -->\n<title>STS integritetspolitik<\/title>\n<meta name=\"description\" content=\"STS Education respekterer dit privatliv. Vi bestr\u00e6ber os p\u00e5 altid at beskytte dine personlige informatio- ner p\u00e5 bedst mulig vis og f\u00f8lger alle g\u00e6ldende love og regulativer p\u00e5 dette omr\u00e5de.\" \/>\n<meta name=\"robots\" content=\"index, follow, max-snippet:-1, max-image-preview:large, max-video-preview:-1\" \/>\n<link rel=\"canonical\" href=\"https:\/\/www.sts-education.com\/dk\/almene-betingelser\/sts-privacy-policy\/\" \/>\n<meta property=\"og:locale\" content=\"da_DK\" \/>\n<meta property=\"og:type\" content=\"article\" \/>\n<meta property=\"og:title\" content=\"Sts Privacy Policy\" \/>\n<meta property=\"og:description\" content=\"STS Education respekterer dit privatliv. Vi bestr\u00e6ber os p\u00e5 altid at beskytte dine personlige informatio- ner p\u00e5 bedst mulig vis og f\u00f8lger alle g\u00e6ldende love og regulativer p\u00e5 dette omr\u00e5de.\" \/>\n<meta property=\"og:url\" content=\"https:\/\/www.sts-education.com\/dk\/almene-betingelser\/sts-privacy-policy\/\" \/>\n<meta property=\"og:site_name\" content=\"STS Education\" \/>\n<meta property=\"article:modified_time\" content=\"2026-04-09T13:45:14+00:00\" \/>\n<meta name=\"twitter:card\" content=\"summary_large_image\" \/>\n<meta name=\"twitter:label1\" content=\"Estimeret l\u00e6setid\" \/>\n\t<meta name=\"twitter:data1\" content=\"1 minut\" \/>\n<script type=\"application\/ld+json\" class=\"yoast-schema-graph\">{\"@context\":\"https:\\\/\\\/schema.org\",\"@graph\":[{\"@type\":\"WebPage\",\"@id\":\"https:\\\/\\\/www.sts-education.com\\\/dk\\\/almene-betingelser\\\/sts-privacy-policy\\\/\",\"url\":\"https:\\\/\\\/www.sts-education.com\\\/dk\\\/almene-betingelser\\\/sts-privacy-policy\\\/\",\"name\":\"STS integritetspolitik\",\"isPartOf\":{\"@id\":\"https:\\\/\\\/www.sts-education.com\\\/dk\\\/#website\"},\"datePublished\":\"2025-10-27T09:40:19+00:00\",\"dateModified\":\"2026-04-09T13:45:14+00:00\",\"description\":\"STS Education respekterer dit privatliv. Vi bestr\u00e6ber os p\u00e5 altid at beskytte dine personlige informatio- ner p\u00e5 bedst mulig vis og f\u00f8lger alle g\u00e6ldende love og regulativer p\u00e5 dette omr\u00e5de.\",\"breadcrumb\":{\"@id\":\"https:\\\/\\\/www.sts-education.com\\\/dk\\\/almene-betingelser\\\/sts-privacy-policy\\\/#breadcrumb\"},\"inLanguage\":\"da-DK\",\"potentialAction\":[{\"@type\":\"ReadAction\",\"target\":[\"https:\\\/\\\/www.sts-education.com\\\/dk\\\/almene-betingelser\\\/sts-privacy-policy\\\/\"]}]},{\"@type\":\"BreadcrumbList\",\"@id\":\"https:\\\/\\\/www.sts-education.com\\\/dk\\\/almene-betingelser\\\/sts-privacy-policy\\\/#breadcrumb\",\"itemListElement\":[{\"@type\":\"ListItem\",\"position\":1,\"name\":\"Home\",\"item\":\"https:\\\/\\\/www.sts-education.com\\\/dk\\\/sample-page\\\/\"},{\"@type\":\"ListItem\",\"position\":2,\"name\":\"Almene Betingelser\",\"item\":\"https:\\\/\\\/www.sts-education.com\\\/dk\\\/almene-betingelser\\\/\"},{\"@type\":\"ListItem\",\"position\":3,\"name\":\"Sts Privacy Policy\"}]},{\"@type\":\"WebSite\",\"@id\":\"https:\\\/\\\/www.sts-education.com\\\/dk\\\/#website\",\"url\":\"https:\\\/\\\/www.sts-education.com\\\/dk\\\/\",\"name\":\"STS Education\",\"description\":\"\",\"potentialAction\":[{\"@type\":\"SearchAction\",\"target\":{\"@type\":\"EntryPoint\",\"urlTemplate\":\"https:\\\/\\\/www.sts-education.com\\\/dk\\\/?s={search_term_string}\"},\"query-input\":{\"@type\":\"PropertyValueSpecification\",\"valueRequired\":true,\"valueName\":\"search_term_string\"}}],\"inLanguage\":\"da-DK\"}]}<\/script>\n<!-- \/ Yoast SEO Premium plugin. -->","yoast_head_json":{"title":"STS integritetspolitik","description":"STS Education respekterer dit privatliv. Vi bestr\u00e6ber os p\u00e5 altid at beskytte dine personlige informatio- ner p\u00e5 bedst mulig vis og f\u00f8lger alle g\u00e6ldende love og regulativer p\u00e5 dette omr\u00e5de.","robots":{"index":"index","follow":"follow","max-snippet":"max-snippet:-1","max-image-preview":"max-image-preview:large","max-video-preview":"max-video-preview:-1"},"canonical":"https:\/\/www.sts-education.com\/dk\/almene-betingelser\/sts-privacy-policy\/","og_locale":"da_DK","og_type":"article","og_title":"Sts Privacy Policy","og_description":"STS Education respekterer dit privatliv. Vi bestr\u00e6ber os p\u00e5 altid at beskytte dine personlige informatio- ner p\u00e5 bedst mulig vis og f\u00f8lger alle g\u00e6ldende love og regulativer p\u00e5 dette omr\u00e5de.","og_url":"https:\/\/www.sts-education.com\/dk\/almene-betingelser\/sts-privacy-policy\/","og_site_name":"STS Education","article_modified_time":"2026-04-09T13:45:14+00:00","twitter_card":"summary_large_image","twitter_misc":{"Estimeret l\u00e6setid":"1 minut"},"schema":{"@context":"https:\/\/schema.org","@graph":[{"@type":"WebPage","@id":"https:\/\/www.sts-education.com\/dk\/almene-betingelser\/sts-privacy-policy\/","url":"https:\/\/www.sts-education.com\/dk\/almene-betingelser\/sts-privacy-policy\/","name":"STS integritetspolitik","isPartOf":{"@id":"https:\/\/www.sts-education.com\/dk\/#website"},"datePublished":"2025-10-27T09:40:19+00:00","dateModified":"2026-04-09T13:45:14+00:00","description":"STS Education respekterer dit privatliv. Vi bestr\u00e6ber os p\u00e5 altid at beskytte dine personlige informatio- ner p\u00e5 bedst mulig vis og f\u00f8lger alle g\u00e6ldende love og regulativer p\u00e5 dette omr\u00e5de.","breadcrumb":{"@id":"https:\/\/www.sts-education.com\/dk\/almene-betingelser\/sts-privacy-policy\/#breadcrumb"},"inLanguage":"da-DK","potentialAction":[{"@type":"ReadAction","target":["https:\/\/www.sts-education.com\/dk\/almene-betingelser\/sts-privacy-policy\/"]}]},{"@type":"BreadcrumbList","@id":"https:\/\/www.sts-education.com\/dk\/almene-betingelser\/sts-privacy-policy\/#breadcrumb","itemListElement":[{"@type":"ListItem","position":1,"name":"Home","item":"https:\/\/www.sts-education.com\/dk\/sample-page\/"},{"@type":"ListItem","position":2,"name":"Almene Betingelser","item":"https:\/\/www.sts-education.com\/dk\/almene-betingelser\/"},{"@type":"ListItem","position":3,"name":"Sts Privacy Policy"}]},{"@type":"WebSite","@id":"https:\/\/www.sts-education.com\/dk\/#website","url":"https:\/\/www.sts-education.com\/dk\/","name":"STS Education","description":"","potentialAction":[{"@type":"SearchAction","target":{"@type":"EntryPoint","urlTemplate":"https:\/\/www.sts-education.com\/dk\/?s={search_term_string}"},"query-input":{"@type":"PropertyValueSpecification","valueRequired":true,"valueName":"search_term_string"}}],"inLanguage":"da-DK"}]}},"_links":{"self":[{"href":"https:\/\/www.sts-education.com\/dk\/wp-json\/wp\/v2\/pages\/10377","targetHints":{"allow":["GET"]}}],"collection":[{"href":"https:\/\/www.sts-education.com\/dk\/wp-json\/wp\/v2\/pages"}],"about":[{"href":"https:\/\/www.sts-education.com\/dk\/wp-json\/wp\/v2\/types\/page"}],"author":[{"embeddable":true,"href":"https:\/\/www.sts-education.com\/dk\/wp-json\/wp\/v2\/users\/20"}],"replies":[{"embeddable":true,"href":"https:\/\/www.sts-education.com\/dk\/wp-json\/wp\/v2\/comments?post=10377"}],"version-history":[{"count":4,"href":"https:\/\/www.sts-education.com\/dk\/wp-json\/wp\/v2\/pages\/10377\/revisions"}],"predecessor-version":[{"id":31744,"href":"https:\/\/www.sts-education.com\/dk\/wp-json\/wp\/v2\/pages\/10377\/revisions\/31744"}],"up":[{"embeddable":true,"href":"https:\/\/www.sts-education.com\/dk\/wp-json\/wp\/v2\/pages\/10372"}],"wp:attachment":[{"href":"https:\/\/www.sts-education.com\/dk\/wp-json\/wp\/v2\/media?parent=10377"}],"wp:term":[{"taxonomy":"wpw_page_folders","embeddable":true,"href":"https:\/\/www.sts-education.com\/dk\/wp-json\/wp\/v2\/wpw_page_folders?post=10377"}],"curies":[{"name":"wp","href":"https:\/\/api.w.org\/{rel}","templated":true}]}}