{"id":10378,"date":"2025-12-16T10:37:52","date_gmt":"2025-12-16T10:37:52","guid":{"rendered":"https:\/\/preprod.sts-education.com\/high-school\/beretninger-fra-eleverne\/"},"modified":"2026-04-15T09:38:10","modified_gmt":"2026-04-15T09:38:10","slug":"beretninger-fra-eleverne","status":"publish","type":"page","link":"https:\/\/www.sts-education.com\/dk\/high-school\/beretninger-fra-eleverne\/","title":{"rendered":"Beretninger Fra Eleverne"},"content":{"rendered":"\n<section class=\"wp-block-sts-hero sts-block-hero is-variant-full-background has-text-light has-background-media\" style=\"--sts-hero-padding-mobile:0px;--sts-hero-padding-desktop:0px;--sts-hero-text-color:var(--wp--preset--color--base-10, #fff);\" data-variant=\"full-background\"><div class=\"sts-block-hero__background\"><picture class=\"sts-responsive-image has-fit-cover is-skeleton\"><img src=\"https:\/\/cdn.sts-education.com\/11075_hero_lg_xl.jpg\" alt=\"Beretninger fra eleverne\" loading=\"lazy\" decoding=\"async\" fetchpriority=\"low\" sizes=\"100vw\" \/><\/picture><span class=\"sts-block-hero__overlay\" aria-hidden=\"true\"><\/span><\/div><div class=\"sts-block-hero__inner\"><div class=\"sts-block-hero__content has-align-center\"><div class=\"sts-block-hero__content-inner\"><h1 class=\"sts-block-hero__heading\">Beretninger fra eleverne<\/h1><\/div><\/div><\/div><\/section>\n\n\n\n<div class=\"wp-block-sts-text sts-text-editor has-max-width-md\"><div class=\"sts-text-editor__content\"><div class=\"sts-text-editor__content-inner\">\n<p>Hvordan er det at v\u00e6re p\u00e5 high school et \u00e5r i udlandet? De allerbedste til at fort\u00e6lle om det er selvf\u00f8lgelig de personer, der selv har v\u00e6ret p\u00e5 dette eventyr. Derfor lader vi flere af vores elever overtage vores sociale medier, som fx <a href=\"https:\/\/www.instagram.com\/stsworldwide\/\" target=\"_blank\" rel=\"noopener noreferrer\">Instagram<\/a> og <a href=\"https:\/\/www.tiktok.com\/@stsworldwide\" target=\"_blank\" rel=\"noopener noreferrer\">TikTok<\/a>, hvor de vil fort\u00e6lle om, hvordan deres udvekslings\u00e5r har v\u00e6ret. De fort\u00e6ller om, hvad de t\u00e6nkte, f\u00f8r de skulle af sted, kommer med forslag til, hvad der er smart at pakke, deler deres oplevelser under deres udvekslings\u00e5r og meget mere. Og husk at f\u00f8lge hashtagget <strong>#stseducation.<\/strong><\/p>\n\n<p>Vi har ogs\u00e5 en r\u00e6kke elever, der blogger for os, s\u00e5 kig forbi bloggen og vores feed p\u00e5 de sociale medier \u2013 her kan du ogs\u00e5 stille sp\u00f8rgsm\u00e5l direkte til eleverne selv!<\/p>\n\n<h2>Vil du dele din udvekslingshistorie med andre?<\/h2>\n\n<p>Vil du ogs\u00e5 gerne dele dine oplevelser p\u00e5 vores digitale kanaler? Send en mail til <a href=\"mailto:social.media@sts-education.com\">social.media@sts-education.com<\/a> \u2013 uanset om du gerne vil dele dine oplevelser p\u00e5 Instagram, TikTok eller bloggen \u2013 m\u00e5ske kan du se dig selv p\u00e5 en af vores kanaler n\u00e6ste gang?<\/p>\n<\/div><\/div><\/div>\n\n\n\n<figure class=\"wp-block-sts-image sts-block-image sts-block-image--count-1 has-max-width-md\" data-count=\"1\"><div class=\"sts-block-image__grid\"><div class=\"sts-block-image__item\"><picture class=\"sts-responsive-image has-fit-cover has-pos-top is-skeleton\"><img src=\"https:\/\/cdn.sts-education.com\/11175_hero_md.jpg\" alt=\"Beretninger fra eleverne\" loading=\"lazy\" decoding=\"async\" fetchpriority=\"low\" sizes=\"(max-width: 736px) 100vw, 736px\"\/><\/picture><\/div><\/div><\/figure>\n\n\n\n<div class=\"wp-block-sts-text sts-text-editor has-max-width-md\"><div class=\"sts-text-editor__content\"><div class=\"sts-text-editor__content-inner\">\n<p><em>&quot;Udvekslings\u00e5ret l\u00e6rte mig uendelige livslektier, som har gjort mig klogere p\u00e5 min kultur, deres kultur og ikke mindst mine egne v\u00e6rdier. Jeg har l\u00e6rt at m\u00f8de alle med \u00e5bent sind, ligesom min v\u00e6rtsfamilie gjorde. Den forst\u00e5else af verden man f\u00e5r som udvekslingsstudent, er livsbekr\u00e6ftende da man indser at der er mange m\u00e5der at leve p\u00e5 &#8211; og ikke \u00e9n er forkert.&quot;<\/em><\/p>\n<p>Frida Burchardt, udvekslingselev USA, Michigan<\/p>\n<\/div><\/div><\/div>\n\n\n\n<figure class=\"wp-block-sts-image sts-block-image sts-block-image--count-1 has-max-width-md\" data-count=\"1\"><div class=\"sts-block-image__grid\"><div class=\"sts-block-image__item\"><picture class=\"sts-responsive-image has-fit-cover has-pos-top is-skeleton\"><img src=\"https:\/\/cdn.sts-education.com\/11176_hero_md.jpg\" alt=\"Beretninger fra eleverne\" loading=\"lazy\" decoding=\"async\" fetchpriority=\"low\" sizes=\"(max-width: 736px) 100vw, 736px\"\/><\/picture><\/div><\/div><\/figure>\n\n\n\n<div class=\"wp-block-sts-text sts-text-editor has-max-width-md\"><div class=\"sts-text-editor__content\"><div class=\"sts-text-editor__content-inner\">\n<p><em>&quot;Et udvekslingss\u00e5r er noget helt specielt, som skal opleves p\u00e5 egen krop, og som man aldrig kommer til at fortryde. Der er noget privilegeret over at f\u00e5 en ny familie i et andet land. Den k\u00e6rlighed og det b\u00e5nd der bliver knyttet, burde alle f\u00e5 lov til at f\u00f8le. Et \u00e5r ikke lyder af meget, men man n\u00e5r at skabe sig et helt nyt liv, og jeg savner den texanske kultur hver dag.&quot;<\/em><\/p>\n<p>Celina Christensen, udvekslingselev USA, Texas<\/p>\n<p><a href=\"https:\/\/www.sts-education.com\/dk\/high-school\/beretninger-fra-eleverne\/elevhistorier\/\"><strong>Elevhistorier<\/strong><\/a><\/p>\n<\/div><\/div><\/div>\n\n\n\n<section class=\"wp-block-sts-video sts-block-video sts-block-video--landscape has-max-width-lg\"><div class=\"sts-video sts-video--landscape\"><div class=\"sts-video__handler\"><button type=\"button\" class=\"sts-video__play-button\" aria-label=\"Play video\" aria-pressed=\"false\" data-playing=\"false\"><span class=\"sts-video__play-icon\"><img decoding=\"async\" class=\"play-icon\" src=\"data:image\/svg+xml,%3csvg%20width='32'%20height='32'%20viewBox='0%200%2032%2032'%20fill='none'%20xmlns='http:\/\/www.w3.org\/2000\/svg'%3e%3cmask%20id='mask0_2459_8201'%20style='mask-type:alpha'%20maskUnits='userSpaceOnUse'%20x='0'%20y='0'%20width='32'%20height='32'%3e%3crect%20width='32'%20height='32'%20fill='%23D9D9D9'\/%3e%3c\/mask%3e%3cg%20mask='url(%23mask0_2459_8201)'%3e%3cpath%20d='M10.667%2022.8999V9.09993C10.667%208.72216%2010.8003%208.40549%2011.067%208.14993C11.3337%207.89438%2011.6448%207.7666%2012.0003%207.7666C12.1114%207.7666%2012.2281%207.78327%2012.3503%207.8166C12.4725%207.84993%2012.5892%207.89993%2012.7003%207.9666L23.567%2014.8666C23.767%2014.9999%2023.917%2015.1666%2024.017%2015.3666C24.117%2015.5666%2024.167%2015.7777%2024.167%2015.9999C24.167%2016.2222%2024.117%2016.4333%2024.017%2016.6333C23.917%2016.8333%2023.767%2016.9999%2023.567%2017.1333L12.7003%2024.0333C12.5892%2024.0999%2012.4725%2024.1499%2012.3503%2024.1833C12.2281%2024.2166%2012.1114%2024.2333%2012.0003%2024.2333C11.6448%2024.2333%2011.3337%2024.1055%2011.067%2023.8499C10.8003%2023.5944%2010.667%2023.2777%2010.667%2022.8999Z'%20fill='black'\/%3e%3c\/g%3e%3c\/svg%3e\" alt=\"\" aria-hidden=\"true\"\/><img decoding=\"async\" class=\"pause-icon\" src=\"data:image\/svg+xml,%3csvg%20width='32'%20height='32'%20viewBox='0%200%2032%2032'%20fill='none'%20xmlns='http:\/\/www.w3.org\/2000\/svg'%3e%3cmask%20id='mask0_pause'%20style='mask-type:alpha'%20maskUnits='userSpaceOnUse'%20x='0'%20y='0'%20width='32'%20height='32'%3e%3crect%20width='32'%20height='32'%20fill='%23D9D9D9'\/%3e%3c\/mask%3e%3cg%20mask='url(%23mask0_pause)'%3e%3c!--%20Left%20bar%20--%3e%3crect%20x='10'%20y='8'%20width='4'%20height='16'%20rx='1'%20fill='black'\/%3e%3c!--%20Right%20bar%20--%3e%3crect%20x='18'%20y='8'%20width='4'%20height='16'%20rx='1'%20fill='black'\/%3e%3c\/g%3e%3c\/svg%3e\" alt=\"\" aria-hidden=\"true\"\/><\/span><\/button><strong class=\"sts-video__duration\" data-duration-prefix=\"Video duration:\" data-unit-second=\"second\" data-unit-seconds=\"seconds\" data-unit-minute=\"minute\" data-unit-minutes=\"minutes\" aria-label=\"Video duration: 2.0 minutes\">2.0 mins<\/strong><\/div><div class=\"sts-video__media\" data-video-source=\"youtube\" data-video-url=\"\"><div class=\"sts-video__external-shell\" data-embed-url=\"https:\/\/www.youtube.com\/embed\/3BLFmrXqcik?rel=0&amp;controls=1&amp;modestbranding=1&amp;playsinline=1&amp;enablejsapi=1&amp;autoplay=0&amp;origin=https%3A%2F%2Fwww.sts-education.com\"><iframe class=\"sts-video__iframe\" src=\"https:\/\/www.youtube.com\/embed\/3BLFmrXqcik?rel=0&amp;controls=1&amp;modestbranding=1&amp;playsinline=1&amp;enablejsapi=1&amp;autoplay=0&amp;origin=https%3A%2F%2Fwww.sts-education.com\" title=\"Video poster\nheading\" allow=\"autoplay; fullscreen\" allowfullscreen loading=\"lazy\" data-provider=\"youtube\" data-embed-url=\"https:\/\/www.youtube.com\/embed\/3BLFmrXqcik?rel=0&amp;controls=1&amp;modestbranding=1&amp;playsinline=1&amp;enablejsapi=1&amp;autoplay=0&amp;origin=https%3A%2F%2Fwww.sts-education.com\"><\/iframe><\/div><\/div><\/div><\/section>\n\n\n\n<div class=\"wp-block-sts-text sts-text-editor has-max-width-md\"><div class=\"sts-text-editor__content\"><div class=\"sts-text-editor__content-inner\">\n<p><a href=\"https:\/\/www.sts-education.com\/dk\/high-school\/beretninger-fra-eleverne\/videoer\/\"><strong>Videoer<\/strong><\/a><\/p>\n<\/div><\/div><\/div>\n","protected":false},"excerpt":{"rendered":"","protected":false},"author":20,"featured_media":0,"parent":8456,"menu_order":0,"comment_status":"closed","ping_status":"closed","template":"templates\/template-default-with-breadcrumbs.php","meta":{"_acf_changed":false,"sts_page_background_color":"","footnotes":""},"wpw_page_folders":[93],"class_list":["post-10378","page","type-page","status-publish","hentry"],"acf":[],"yoast_head":"<!-- This site is optimized with the Yoast SEO Premium plugin v27.2 (Yoast SEO v27.3) - https:\/\/yoast.com\/product\/yoast-seo-premium-wordpress\/ -->\n<title>Vores udvekslingselever fort\u00e6ller | STS<\/title>\n<meta name=\"description\" content=\"L\u00e6s og se vores tidligere udvekslingselevers fort\u00e6llinger, s\u00e5 f\u00e5r du et \u00e6gte billede af hvordan livet p\u00e5 high school kan se ud.\" \/>\n<meta name=\"robots\" content=\"index, follow, max-snippet:-1, max-image-preview:large, max-video-preview:-1\" \/>\n<link rel=\"canonical\" href=\"https:\/\/www.sts-education.com\/dk\/high-school\/beretninger-fra-eleverne\/\" \/>\n<meta property=\"og:locale\" content=\"da_DK\" \/>\n<meta property=\"og:type\" content=\"article\" \/>\n<meta property=\"og:title\" content=\"Beretninger Fra Eleverne\" \/>\n<meta property=\"og:description\" content=\"L\u00e6s og se vores tidligere udvekslingselevers fort\u00e6llinger, s\u00e5 f\u00e5r du et \u00e6gte billede af hvordan livet p\u00e5 high school kan se ud.\" \/>\n<meta property=\"og:url\" content=\"https:\/\/www.sts-education.com\/dk\/high-school\/beretninger-fra-eleverne\/\" \/>\n<meta property=\"og:site_name\" content=\"STS Education\" \/>\n<meta property=\"article:modified_time\" content=\"2026-04-15T09:38:10+00:00\" \/>\n<meta property=\"og:image\" content=\"https:\/\/cdn.sts-education.com\/11075_hero_lg_xl.jpg\" \/>\n<meta name=\"twitter:card\" content=\"summary_large_image\" \/>\n<meta name=\"twitter:label1\" content=\"Estimeret l\u00e6setid\" \/>\n\t<meta name=\"twitter:data1\" content=\"2 minutter\" \/>\n<script type=\"application\/ld+json\" class=\"yoast-schema-graph\">{\"@context\":\"https:\\\/\\\/schema.org\",\"@graph\":[{\"@type\":\"WebPage\",\"@id\":\"https:\\\/\\\/www.sts-education.com\\\/dk\\\/high-school\\\/beretninger-fra-eleverne\\\/\",\"url\":\"https:\\\/\\\/www.sts-education.com\\\/dk\\\/high-school\\\/beretninger-fra-eleverne\\\/\",\"name\":\"Vores udvekslingselever fort\u00e6ller | STS\",\"isPartOf\":{\"@id\":\"https:\\\/\\\/www.sts-education.com\\\/dk\\\/#website\"},\"primaryImageOfPage\":{\"@id\":\"https:\\\/\\\/www.sts-education.com\\\/dk\\\/high-school\\\/beretninger-fra-eleverne\\\/#primaryimage\"},\"image\":{\"@id\":\"https:\\\/\\\/www.sts-education.com\\\/dk\\\/high-school\\\/beretninger-fra-eleverne\\\/#primaryimage\"},\"thumbnailUrl\":\"https:\\\/\\\/cdn.sts-education.com\\\/11075_hero_lg_xl.jpg\",\"datePublished\":\"2025-12-16T10:37:52+00:00\",\"dateModified\":\"2026-04-15T09:38:10+00:00\",\"description\":\"L\u00e6s og se vores tidligere udvekslingselevers fort\u00e6llinger, s\u00e5 f\u00e5r du et \u00e6gte billede af hvordan livet p\u00e5 high school kan se ud.\",\"breadcrumb\":{\"@id\":\"https:\\\/\\\/www.sts-education.com\\\/dk\\\/high-school\\\/beretninger-fra-eleverne\\\/#breadcrumb\"},\"inLanguage\":\"da-DK\",\"potentialAction\":[{\"@type\":\"ReadAction\",\"target\":[\"https:\\\/\\\/www.sts-education.com\\\/dk\\\/high-school\\\/beretninger-fra-eleverne\\\/\"]}]},{\"@type\":\"ImageObject\",\"inLanguage\":\"da-DK\",\"@id\":\"https:\\\/\\\/www.sts-education.com\\\/dk\\\/high-school\\\/beretninger-fra-eleverne\\\/#primaryimage\",\"url\":\"https:\\\/\\\/cdn.sts-education.com\\\/11075_hero_lg_xl.jpg\",\"contentUrl\":\"https:\\\/\\\/cdn.sts-education.com\\\/11075_hero_lg_xl.jpg\"},{\"@type\":\"BreadcrumbList\",\"@id\":\"https:\\\/\\\/www.sts-education.com\\\/dk\\\/high-school\\\/beretninger-fra-eleverne\\\/#breadcrumb\",\"itemListElement\":[{\"@type\":\"ListItem\",\"position\":1,\"name\":\"Home\",\"item\":\"https:\\\/\\\/www.sts-education.com\\\/dk\\\/sample-page\\\/\"},{\"@type\":\"ListItem\",\"position\":2,\"name\":\"High school udveksling\",\"item\":\"https:\\\/\\\/www.sts-education.com\\\/dk\\\/high-school\\\/\"},{\"@type\":\"ListItem\",\"position\":3,\"name\":\"Beretninger Fra Eleverne\"}]},{\"@type\":\"WebSite\",\"@id\":\"https:\\\/\\\/www.sts-education.com\\\/dk\\\/#website\",\"url\":\"https:\\\/\\\/www.sts-education.com\\\/dk\\\/\",\"name\":\"STS Education\",\"description\":\"\",\"potentialAction\":[{\"@type\":\"SearchAction\",\"target\":{\"@type\":\"EntryPoint\",\"urlTemplate\":\"https:\\\/\\\/www.sts-education.com\\\/dk\\\/?s={search_term_string}\"},\"query-input\":{\"@type\":\"PropertyValueSpecification\",\"valueRequired\":true,\"valueName\":\"search_term_string\"}}],\"inLanguage\":\"da-DK\"}]}<\/script>\n<!-- \/ Yoast SEO Premium plugin. -->","yoast_head_json":{"title":"Vores udvekslingselever fort\u00e6ller | STS","description":"L\u00e6s og se vores tidligere udvekslingselevers fort\u00e6llinger, s\u00e5 f\u00e5r du et \u00e6gte billede af hvordan livet p\u00e5 high school kan se ud.","robots":{"index":"index","follow":"follow","max-snippet":"max-snippet:-1","max-image-preview":"max-image-preview:large","max-video-preview":"max-video-preview:-1"},"canonical":"https:\/\/www.sts-education.com\/dk\/high-school\/beretninger-fra-eleverne\/","og_locale":"da_DK","og_type":"article","og_title":"Beretninger Fra Eleverne","og_description":"L\u00e6s og se vores tidligere udvekslingselevers fort\u00e6llinger, s\u00e5 f\u00e5r du et \u00e6gte billede af hvordan livet p\u00e5 high school kan se ud.","og_url":"https:\/\/www.sts-education.com\/dk\/high-school\/beretninger-fra-eleverne\/","og_site_name":"STS Education","article_modified_time":"2026-04-15T09:38:10+00:00","og_image":[{"url":"https:\/\/cdn.sts-education.com\/11075_hero_lg_xl.jpg","type":"","width":"","height":""}],"twitter_card":"summary_large_image","twitter_misc":{"Estimeret l\u00e6setid":"2 minutter"},"schema":{"@context":"https:\/\/schema.org","@graph":[{"@type":"WebPage","@id":"https:\/\/www.sts-education.com\/dk\/high-school\/beretninger-fra-eleverne\/","url":"https:\/\/www.sts-education.com\/dk\/high-school\/beretninger-fra-eleverne\/","name":"Vores udvekslingselever fort\u00e6ller | STS","isPartOf":{"@id":"https:\/\/www.sts-education.com\/dk\/#website"},"primaryImageOfPage":{"@id":"https:\/\/www.sts-education.com\/dk\/high-school\/beretninger-fra-eleverne\/#primaryimage"},"image":{"@id":"https:\/\/www.sts-education.com\/dk\/high-school\/beretninger-fra-eleverne\/#primaryimage"},"thumbnailUrl":"https:\/\/cdn.sts-education.com\/11075_hero_lg_xl.jpg","datePublished":"2025-12-16T10:37:52+00:00","dateModified":"2026-04-15T09:38:10+00:00","description":"L\u00e6s og se vores tidligere udvekslingselevers fort\u00e6llinger, s\u00e5 f\u00e5r du et \u00e6gte billede af hvordan livet p\u00e5 high school kan se ud.","breadcrumb":{"@id":"https:\/\/www.sts-education.com\/dk\/high-school\/beretninger-fra-eleverne\/#breadcrumb"},"inLanguage":"da-DK","potentialAction":[{"@type":"ReadAction","target":["https:\/\/www.sts-education.com\/dk\/high-school\/beretninger-fra-eleverne\/"]}]},{"@type":"ImageObject","inLanguage":"da-DK","@id":"https:\/\/www.sts-education.com\/dk\/high-school\/beretninger-fra-eleverne\/#primaryimage","url":"https:\/\/cdn.sts-education.com\/11075_hero_lg_xl.jpg","contentUrl":"https:\/\/cdn.sts-education.com\/11075_hero_lg_xl.jpg"},{"@type":"BreadcrumbList","@id":"https:\/\/www.sts-education.com\/dk\/high-school\/beretninger-fra-eleverne\/#breadcrumb","itemListElement":[{"@type":"ListItem","position":1,"name":"Home","item":"https:\/\/www.sts-education.com\/dk\/sample-page\/"},{"@type":"ListItem","position":2,"name":"High school udveksling","item":"https:\/\/www.sts-education.com\/dk\/high-school\/"},{"@type":"ListItem","position":3,"name":"Beretninger Fra Eleverne"}]},{"@type":"WebSite","@id":"https:\/\/www.sts-education.com\/dk\/#website","url":"https:\/\/www.sts-education.com\/dk\/","name":"STS Education","description":"","potentialAction":[{"@type":"SearchAction","target":{"@type":"EntryPoint","urlTemplate":"https:\/\/www.sts-education.com\/dk\/?s={search_term_string}"},"query-input":{"@type":"PropertyValueSpecification","valueRequired":true,"valueName":"search_term_string"}}],"inLanguage":"da-DK"}]}},"_links":{"self":[{"href":"https:\/\/www.sts-education.com\/dk\/wp-json\/wp\/v2\/pages\/10378","targetHints":{"allow":["GET"]}}],"collection":[{"href":"https:\/\/www.sts-education.com\/dk\/wp-json\/wp\/v2\/pages"}],"about":[{"href":"https:\/\/www.sts-education.com\/dk\/wp-json\/wp\/v2\/types\/page"}],"author":[{"embeddable":true,"href":"https:\/\/www.sts-education.com\/dk\/wp-json\/wp\/v2\/users\/20"}],"replies":[{"embeddable":true,"href":"https:\/\/www.sts-education.com\/dk\/wp-json\/wp\/v2\/comments?post=10378"}],"version-history":[{"count":6,"href":"https:\/\/www.sts-education.com\/dk\/wp-json\/wp\/v2\/pages\/10378\/revisions"}],"predecessor-version":[{"id":35525,"href":"https:\/\/www.sts-education.com\/dk\/wp-json\/wp\/v2\/pages\/10378\/revisions\/35525"}],"up":[{"embeddable":true,"href":"https:\/\/www.sts-education.com\/dk\/wp-json\/wp\/v2\/pages\/8456"}],"wp:attachment":[{"href":"https:\/\/www.sts-education.com\/dk\/wp-json\/wp\/v2\/media?parent=10378"}],"wp:term":[{"taxonomy":"wpw_page_folders","embeddable":true,"href":"https:\/\/www.sts-education.com\/dk\/wp-json\/wp\/v2\/wpw_page_folders?post=10378"}],"curies":[{"name":"wp","href":"https:\/\/api.w.org\/{rel}","templated":true}]}}