{"id":10380,"date":"2025-12-16T10:17:46","date_gmt":"2025-12-16T10:17:46","guid":{"rendered":"https:\/\/preprod.sts-education.com\/high-school\/fakta-og-priser\/"},"modified":"2026-04-15T09:38:22","modified_gmt":"2026-04-15T09:38:22","slug":"fakta-og-priser","status":"publish","type":"page","link":"https:\/\/www.sts-education.com\/dk\/high-school\/fakta-og-priser\/","title":{"rendered":"Fakta Og Priser"},"content":{"rendered":"\n<section class=\"wp-block-sts-hero sts-block-hero is-variant-full-background has-text-light has-background-media\" style=\"--sts-hero-padding-mobile:0px;--sts-hero-padding-desktop:0px;--sts-hero-text-color:var(--wp--preset--color--base-10, #fff);\" data-variant=\"full-background\"><div class=\"sts-block-hero__background\"><picture class=\"sts-responsive-image has-fit-cover is-skeleton\"><img src=\"https:\/\/cdn.sts-education.com\/12566_hero_lg_xl.jpg\" alt=\"Fakta og priser\" loading=\"lazy\" decoding=\"async\" fetchpriority=\"low\" sizes=\"100vw\" \/><\/picture><span class=\"sts-block-hero__overlay\" aria-hidden=\"true\"><\/span><\/div><div class=\"sts-block-hero__inner\"><div class=\"sts-block-hero__content has-align-center\"><div class=\"sts-block-hero__content-inner\"><h1 class=\"sts-block-hero__heading\">Fakta og priser<\/h1><\/div><\/div><\/div><\/section>\n\n\n\n<div class=\"wp-block-sts-text sts-text-editor has-max-width-md\"><div class=\"sts-text-editor__content\"><div class=\"sts-text-editor__content-inner\">\n<p>Et udvekslings\u00e5r kr\u00e6ver forberedelse, og det betyder ofte ogs\u00e5 sp\u00f8rgsm\u00e5l om \u00f8konomi. Hvor meget koster et udvekslings\u00e5r? Hvordan betaler jeg? Hvad er inkluderet? Er der ekstra valgmuligheder, og hvad skal jeg v\u00e6re opm\u00e6rksom p\u00e5 som for\u00e6lder? Fortvivl ikke! Vi er her for at hj\u00e6lpe dig! Vi forklarer det hele og sikrer os, at du forst\u00e5r, hvordan det fungerer.<\/p>\n\n<p>Alle sp\u00f8rgsm\u00e5l er velkomne. Du er altid velkommen til at <a href=\"https:\/\/www.sts-education.com\/dk\/om-sts\/kontakt-os\/\">kontakte os,<\/a> og vi vil med gl\u00e6de hj\u00e6lpe dig.<\/p>\n<\/div><\/div><\/div>\n","protected":false},"excerpt":{"rendered":"","protected":false},"author":20,"featured_media":0,"parent":8456,"menu_order":0,"comment_status":"closed","ping_status":"closed","template":"templates\/template-default-with-breadcrumbs.php","meta":{"_acf_changed":false,"sts_page_background_color":"","footnotes":""},"wpw_page_folders":[86],"class_list":["post-10380","page","type-page","status-publish","hentry"],"acf":[],"yoast_head":"<!-- This site is optimized with the Yoast SEO Premium plugin v27.2 (Yoast SEO v27.3) - https:\/\/yoast.com\/product\/yoast-seo-premium-wordpress\/ -->\n<title>Fakta og prisinformation for et udvekslings\u00e5r finder du her. | STS<\/title>\n<meta name=\"description\" content=\"Her kan du l\u00e6se mere om vores prisinformation og fakta for et udvekslings\u00e5r. Vi er her for at hj\u00e6lpe dig.\" \/>\n<meta name=\"robots\" content=\"index, follow, max-snippet:-1, max-image-preview:large, max-video-preview:-1\" \/>\n<link rel=\"canonical\" href=\"https:\/\/www.sts-education.com\/dk\/high-school\/fakta-og-priser\/\" \/>\n<meta property=\"og:locale\" content=\"da_DK\" \/>\n<meta property=\"og:type\" content=\"article\" \/>\n<meta property=\"og:title\" content=\"Fakta Og Priser\" \/>\n<meta property=\"og:description\" content=\"Her kan du l\u00e6se mere om vores prisinformation og fakta for et udvekslings\u00e5r. Vi er her for at hj\u00e6lpe dig.\" \/>\n<meta property=\"og:url\" content=\"https:\/\/www.sts-education.com\/dk\/high-school\/fakta-og-priser\/\" \/>\n<meta property=\"og:site_name\" content=\"STS Education\" \/>\n<meta property=\"article:modified_time\" content=\"2026-04-15T09:38:22+00:00\" \/>\n<meta property=\"og:image\" content=\"https:\/\/cdn.sts-education.com\/12566_hero_lg_xl.jpg\" \/>\n<meta name=\"twitter:card\" content=\"summary_large_image\" \/>\n<script type=\"application\/ld+json\" class=\"yoast-schema-graph\">{\"@context\":\"https:\\\/\\\/schema.org\",\"@graph\":[{\"@type\":\"WebPage\",\"@id\":\"https:\\\/\\\/www.sts-education.com\\\/dk\\\/high-school\\\/fakta-og-priser\\\/\",\"url\":\"https:\\\/\\\/www.sts-education.com\\\/dk\\\/high-school\\\/fakta-og-priser\\\/\",\"name\":\"Fakta og prisinformation for et udvekslings\u00e5r finder du her. | STS\",\"isPartOf\":{\"@id\":\"https:\\\/\\\/www.sts-education.com\\\/dk\\\/#website\"},\"primaryImageOfPage\":{\"@id\":\"https:\\\/\\\/www.sts-education.com\\\/dk\\\/high-school\\\/fakta-og-priser\\\/#primaryimage\"},\"image\":{\"@id\":\"https:\\\/\\\/www.sts-education.com\\\/dk\\\/high-school\\\/fakta-og-priser\\\/#primaryimage\"},\"thumbnailUrl\":\"https:\\\/\\\/cdn.sts-education.com\\\/12566_hero_lg_xl.jpg\",\"datePublished\":\"2025-12-16T10:17:46+00:00\",\"dateModified\":\"2026-04-15T09:38:22+00:00\",\"description\":\"Her kan du l\u00e6se mere om vores prisinformation og fakta for et udvekslings\u00e5r. Vi er her for at hj\u00e6lpe dig.\",\"breadcrumb\":{\"@id\":\"https:\\\/\\\/www.sts-education.com\\\/dk\\\/high-school\\\/fakta-og-priser\\\/#breadcrumb\"},\"inLanguage\":\"da-DK\",\"potentialAction\":[{\"@type\":\"ReadAction\",\"target\":[\"https:\\\/\\\/www.sts-education.com\\\/dk\\\/high-school\\\/fakta-og-priser\\\/\"]}]},{\"@type\":\"ImageObject\",\"inLanguage\":\"da-DK\",\"@id\":\"https:\\\/\\\/www.sts-education.com\\\/dk\\\/high-school\\\/fakta-og-priser\\\/#primaryimage\",\"url\":\"https:\\\/\\\/cdn.sts-education.com\\\/12566_hero_lg_xl.jpg\",\"contentUrl\":\"https:\\\/\\\/cdn.sts-education.com\\\/12566_hero_lg_xl.jpg\"},{\"@type\":\"BreadcrumbList\",\"@id\":\"https:\\\/\\\/www.sts-education.com\\\/dk\\\/high-school\\\/fakta-og-priser\\\/#breadcrumb\",\"itemListElement\":[{\"@type\":\"ListItem\",\"position\":1,\"name\":\"Home\",\"item\":\"https:\\\/\\\/www.sts-education.com\\\/dk\\\/sample-page\\\/\"},{\"@type\":\"ListItem\",\"position\":2,\"name\":\"High school udveksling\",\"item\":\"https:\\\/\\\/www.sts-education.com\\\/dk\\\/high-school\\\/\"},{\"@type\":\"ListItem\",\"position\":3,\"name\":\"Fakta Og Priser\"}]},{\"@type\":\"WebSite\",\"@id\":\"https:\\\/\\\/www.sts-education.com\\\/dk\\\/#website\",\"url\":\"https:\\\/\\\/www.sts-education.com\\\/dk\\\/\",\"name\":\"STS Education\",\"description\":\"\",\"potentialAction\":[{\"@type\":\"SearchAction\",\"target\":{\"@type\":\"EntryPoint\",\"urlTemplate\":\"https:\\\/\\\/www.sts-education.com\\\/dk\\\/?s={search_term_string}\"},\"query-input\":{\"@type\":\"PropertyValueSpecification\",\"valueRequired\":true,\"valueName\":\"search_term_string\"}}],\"inLanguage\":\"da-DK\"}]}<\/script>\n<!-- \/ Yoast SEO Premium plugin. -->","yoast_head_json":{"title":"Fakta og prisinformation for et udvekslings\u00e5r finder du her. | STS","description":"Her kan du l\u00e6se mere om vores prisinformation og fakta for et udvekslings\u00e5r. Vi er her for at hj\u00e6lpe dig.","robots":{"index":"index","follow":"follow","max-snippet":"max-snippet:-1","max-image-preview":"max-image-preview:large","max-video-preview":"max-video-preview:-1"},"canonical":"https:\/\/www.sts-education.com\/dk\/high-school\/fakta-og-priser\/","og_locale":"da_DK","og_type":"article","og_title":"Fakta Og Priser","og_description":"Her kan du l\u00e6se mere om vores prisinformation og fakta for et udvekslings\u00e5r. Vi er her for at hj\u00e6lpe dig.","og_url":"https:\/\/www.sts-education.com\/dk\/high-school\/fakta-og-priser\/","og_site_name":"STS Education","article_modified_time":"2026-04-15T09:38:22+00:00","og_image":[{"url":"https:\/\/cdn.sts-education.com\/12566_hero_lg_xl.jpg","type":"","width":"","height":""}],"twitter_card":"summary_large_image","schema":{"@context":"https:\/\/schema.org","@graph":[{"@type":"WebPage","@id":"https:\/\/www.sts-education.com\/dk\/high-school\/fakta-og-priser\/","url":"https:\/\/www.sts-education.com\/dk\/high-school\/fakta-og-priser\/","name":"Fakta og prisinformation for et udvekslings\u00e5r finder du her. | STS","isPartOf":{"@id":"https:\/\/www.sts-education.com\/dk\/#website"},"primaryImageOfPage":{"@id":"https:\/\/www.sts-education.com\/dk\/high-school\/fakta-og-priser\/#primaryimage"},"image":{"@id":"https:\/\/www.sts-education.com\/dk\/high-school\/fakta-og-priser\/#primaryimage"},"thumbnailUrl":"https:\/\/cdn.sts-education.com\/12566_hero_lg_xl.jpg","datePublished":"2025-12-16T10:17:46+00:00","dateModified":"2026-04-15T09:38:22+00:00","description":"Her kan du l\u00e6se mere om vores prisinformation og fakta for et udvekslings\u00e5r. Vi er her for at hj\u00e6lpe dig.","breadcrumb":{"@id":"https:\/\/www.sts-education.com\/dk\/high-school\/fakta-og-priser\/#breadcrumb"},"inLanguage":"da-DK","potentialAction":[{"@type":"ReadAction","target":["https:\/\/www.sts-education.com\/dk\/high-school\/fakta-og-priser\/"]}]},{"@type":"ImageObject","inLanguage":"da-DK","@id":"https:\/\/www.sts-education.com\/dk\/high-school\/fakta-og-priser\/#primaryimage","url":"https:\/\/cdn.sts-education.com\/12566_hero_lg_xl.jpg","contentUrl":"https:\/\/cdn.sts-education.com\/12566_hero_lg_xl.jpg"},{"@type":"BreadcrumbList","@id":"https:\/\/www.sts-education.com\/dk\/high-school\/fakta-og-priser\/#breadcrumb","itemListElement":[{"@type":"ListItem","position":1,"name":"Home","item":"https:\/\/www.sts-education.com\/dk\/sample-page\/"},{"@type":"ListItem","position":2,"name":"High school udveksling","item":"https:\/\/www.sts-education.com\/dk\/high-school\/"},{"@type":"ListItem","position":3,"name":"Fakta Og Priser"}]},{"@type":"WebSite","@id":"https:\/\/www.sts-education.com\/dk\/#website","url":"https:\/\/www.sts-education.com\/dk\/","name":"STS Education","description":"","potentialAction":[{"@type":"SearchAction","target":{"@type":"EntryPoint","urlTemplate":"https:\/\/www.sts-education.com\/dk\/?s={search_term_string}"},"query-input":{"@type":"PropertyValueSpecification","valueRequired":true,"valueName":"search_term_string"}}],"inLanguage":"da-DK"}]}},"_links":{"self":[{"href":"https:\/\/www.sts-education.com\/dk\/wp-json\/wp\/v2\/pages\/10380","targetHints":{"allow":["GET"]}}],"collection":[{"href":"https:\/\/www.sts-education.com\/dk\/wp-json\/wp\/v2\/pages"}],"about":[{"href":"https:\/\/www.sts-education.com\/dk\/wp-json\/wp\/v2\/types\/page"}],"author":[{"embeddable":true,"href":"https:\/\/www.sts-education.com\/dk\/wp-json\/wp\/v2\/users\/20"}],"replies":[{"embeddable":true,"href":"https:\/\/www.sts-education.com\/dk\/wp-json\/wp\/v2\/comments?post=10380"}],"version-history":[{"count":5,"href":"https:\/\/www.sts-education.com\/dk\/wp-json\/wp\/v2\/pages\/10380\/revisions"}],"predecessor-version":[{"id":35533,"href":"https:\/\/www.sts-education.com\/dk\/wp-json\/wp\/v2\/pages\/10380\/revisions\/35533"}],"up":[{"embeddable":true,"href":"https:\/\/www.sts-education.com\/dk\/wp-json\/wp\/v2\/pages\/8456"}],"wp:attachment":[{"href":"https:\/\/www.sts-education.com\/dk\/wp-json\/wp\/v2\/media?parent=10380"}],"wp:term":[{"taxonomy":"wpw_page_folders","embeddable":true,"href":"https:\/\/www.sts-education.com\/dk\/wp-json\/wp\/v2\/wpw_page_folders?post=10380"}],"curies":[{"name":"wp","href":"https:\/\/api.w.org\/{rel}","templated":true}]}}