{"id":10382,"date":"2025-12-16T10:05:12","date_gmt":"2025-12-16T10:05:12","guid":{"rendered":"https:\/\/preprod.sts-education.com\/high-school\/for-du-tager-pa-udveksling\/"},"modified":"2026-04-15T09:38:36","modified_gmt":"2026-04-15T09:38:36","slug":"for-du-tager-pa-udveksling","status":"publish","type":"page","link":"https:\/\/www.sts-education.com\/dk\/high-school\/for-du-tager-pa-udveksling\/","title":{"rendered":"For Du Tager Pa Udveksling"},"content":{"rendered":"\n<div class=\"wp-block-sts-text sts-text-editor has-max-width-md\"><div class=\"sts-text-editor__content\"><div class=\"sts-text-editor__content-inner\">\n<h1>F\u00f8r du tager p\u00e5 udveksling<\/h1>\n<\/div><\/div><\/div>\n\n\n\n<div class=\"wp-block-sts-text sts-text-editor has-max-width-md\"><div class=\"sts-text-editor__content\"><div class=\"sts-text-editor__content-inner\">\n<p>Vi har arbejdet med international udveksling i over 65 \u00e5r, og vi har al den viden og erfaring, der skal til for at kunne tilbyde en ekstraordin\u00e6r oplevelse. Mange af os hos STS har selv v\u00e6ret udvekslingselever, s\u00e5 vi ved pr\u00e6cis, hvordan et udvekslings\u00e5r fungerer. Vi ved, hvad der venter, og vi ved, hvordan du har det. Vores passion er at hj\u00e6lpe s\u00e5 mange mennesker som muligt med at opleve alt det, et udvekslings\u00e5r indeholder, og vi gl\u00e6der os til at dele vores begejstring for international udveksling med dig. Du har en fantastisk rejse foran dig, og vi vil sikre, at du f\u00e5r dit livs oplevelse!<\/p>\n\n<h2>Vi er her for at hj\u00e6lpe dig!<\/h2>\n\n<p>Forberedelser er en sp\u00e6ndende og vigtig del af dit udvekslings\u00e5r i udlandet, og ingen kan forberede dig bedre, end vi kan. Jo mere du ved om, hvad der venter, desto bedre. S\u00e5 s\u00f8rg for at l\u00e6re s\u00e5 meget, du kan, f\u00f8r din rejse, og v\u00e6r ikke bange for at sp\u00f8rge om hj\u00e6lp. Vi guider dig igennem de forskellige trin \u2013 lige fra ans\u00f8gning og forberedelse til afrejse.<\/p>\n\n<h2>V\u00e6lg land<\/h2>\n\n<p>Har du lyst til at g\u00e5 p\u00e5 en amerikansk high school? Det har de fleste af vores udvekslingselever, men hos STS kan du faktisk v\u00e6lge mellem hele 20 forskellige lande.<\/p>\n\n<p><a href=\"\/dk\/high-school\/tripfinder\/\">Se de forskellige mulige destinationer her.<\/a><\/p>\n\n<h2>Send din ans\u00f8gning i god tid!<\/h2>\n\n<p>Send gerne din ans\u00f8gning et \u00e5r, f\u00f8r du planl\u00e6gger at tage af sted \u2013 og allersenest i marts samme \u00e5r, som du skal af sted. En sen ans\u00f8gning kan b\u00e5de betyde, at antallet af lande, du kan rejse til, er begr\u00e6nset, og at en sen ans\u00f8gning kan medf\u00f8re ekstra omkostninger.<\/p>\n\n<p>Processen med at finde den helt rigtige v\u00e6rtsfamilie og skole til dig er vigtig, s\u00e5 jo tidligere, vi kan begynde at lede efter en familie og en skole til dig, desto bedre! S\u00e5 husk: Send din ans\u00f8gning i god tid, s\u00e5 du f\u00e5r et godt forspring.<\/p>\n\n<p><a href=\"https:\/\/www.sts-education.com\/dk\/om-sts\/kontakt-os\/\">Kontakt os for at f\u00e5 mere information.<\/a><\/p>\n\n<h2>Visumans\u00f8gning<\/h2>\n\n<p>Du skal bruge et visum for at bo og studere i nogle lande. Hvis det g\u00e6lder for det land, du gerne vil til, giver vi dig al den information, du har brug for, s\u00e5 processen med at s\u00f8ge visum bliver s\u00e5 smidig som mulig. Du s\u00f8ger selv om visum, fordi det er et personligt dokument, men vi hj\u00e6lper dig igennem processen. Hvis der kr\u00e6ves visum, st\u00e5r du selv for udgiften til det.<\/p>\n\n<h2>Webinar<\/h2>\n\n<p>Vi inviterer dig til et webinar, hvor vi guider dig igennem de forskellige ting, der skal g\u00f8res f\u00f8r din afrejse.<\/p>\n\n<h2>Forberedelsesm\u00f8der<\/h2>\n\n<p>Vi inviterer dig og alle de andre udvekslingselever til et forberedelsesm\u00f8de med information og inspiration. Vi afholder m\u00f8derne i flere forskellige byer, og hvis du ikke selv kan deltage, er det fint at deltage i et af vores onlinem\u00f8der. Du f\u00e5r mulighed for at m\u00f8de andre, der gl\u00e6der sig lige s\u00e5 meget som dig til at skulle p\u00e5 high school i udlandet. For\u00e6ldre er ogs\u00e5 velkomne. Vi ved nemlig, at det er vigtigt, at de forst\u00e5r alle de vigtige ting, der venter dig.<\/p>\n<\/div><\/div><\/div>\n","protected":false},"excerpt":{"rendered":"","protected":false},"author":20,"featured_media":15143,"parent":8456,"menu_order":0,"comment_status":"closed","ping_status":"closed","template":"templates\/template-default-with-breadcrumbs.php","meta":{"_acf_changed":false,"sts_page_background_color":"","footnotes":""},"wpw_page_folders":[80],"class_list":["post-10382","page","type-page","status-publish","has-post-thumbnail","hentry"],"acf":[],"yoast_head":"<!-- This site is optimized with the Yoast SEO Premium plugin v27.2 (Yoast SEO v27.3) - https:\/\/yoast.com\/product\/yoast-seo-premium-wordpress\/ -->\n<title>Ting, der er gode at overveje, f\u00f8r du tager p\u00e5 udveksling<\/title>\n<meta name=\"description\" content=\"Forberedelse er en vigtig del af dit udvekslings\u00e5r i udlandet. Send din ans\u00f8gning i god tid, og deltag i vores informationsm\u00f8der. Vi har 20 forskellige lande at v\u00e6lge imellem.\" \/>\n<meta name=\"robots\" content=\"index, follow, max-snippet:-1, max-image-preview:large, max-video-preview:-1\" \/>\n<link rel=\"canonical\" href=\"https:\/\/www.sts-education.com\/dk\/high-school\/for-du-tager-pa-udveksling\/\" \/>\n<meta property=\"og:locale\" content=\"da_DK\" \/>\n<meta property=\"og:type\" content=\"article\" \/>\n<meta property=\"og:title\" content=\"For Du Tager Pa Udveksling\" \/>\n<meta property=\"og:description\" content=\"Forberedelse er en vigtig del af dit udvekslings\u00e5r i udlandet. Send din ans\u00f8gning i god tid, og deltag i vores informationsm\u00f8der. Vi har 20 forskellige lande at v\u00e6lge imellem.\" \/>\n<meta property=\"og:url\" content=\"https:\/\/www.sts-education.com\/dk\/high-school\/for-du-tager-pa-udveksling\/\" \/>\n<meta property=\"og:site_name\" content=\"STS Education\" \/>\n<meta property=\"article:modified_time\" content=\"2026-04-15T09:38:36+00:00\" \/>\n<meta property=\"og:image\" content=\"https:\/\/powered-by.qbank.se\/educatius\/sts\/\/df7e1de23b6e8c68863e49e03d05ef0e_1-1-thumb.webp\" \/>\n\t<meta property=\"og:image:width\" content=\"150\" \/>\n\t<meta property=\"og:image:height\" content=\"150\" \/>\n\t<meta property=\"og:image:type\" content=\"image\/jpeg\" \/>\n<meta name=\"twitter:card\" content=\"summary_large_image\" \/>\n<meta name=\"twitter:label1\" content=\"Estimeret l\u00e6setid\" \/>\n\t<meta name=\"twitter:data1\" content=\"3 minutter\" \/>\n<script type=\"application\/ld+json\" class=\"yoast-schema-graph\">{\"@context\":\"https:\\\/\\\/schema.org\",\"@graph\":[{\"@type\":\"WebPage\",\"@id\":\"https:\\\/\\\/www.sts-education.com\\\/dk\\\/high-school\\\/for-du-tager-pa-udveksling\\\/\",\"url\":\"https:\\\/\\\/www.sts-education.com\\\/dk\\\/high-school\\\/for-du-tager-pa-udveksling\\\/\",\"name\":\"Ting, der er gode at overveje, f\u00f8r du tager p\u00e5 udveksling\",\"isPartOf\":{\"@id\":\"https:\\\/\\\/www.sts-education.com\\\/dk\\\/#website\"},\"primaryImageOfPage\":{\"@id\":\"https:\\\/\\\/www.sts-education.com\\\/dk\\\/high-school\\\/for-du-tager-pa-udveksling\\\/#primaryimage\"},\"image\":{\"@id\":\"https:\\\/\\\/www.sts-education.com\\\/dk\\\/high-school\\\/for-du-tager-pa-udveksling\\\/#primaryimage\"},\"thumbnailUrl\":\"https:\\\/\\\/powered-by.qbank.se\\\/educatius\\\/sts\\\/\\\/df7e1de23b6e8c68863e49e03d05ef0e_1-1-thumb.webp\",\"datePublished\":\"2025-12-16T10:05:12+00:00\",\"dateModified\":\"2026-04-15T09:38:36+00:00\",\"description\":\"Forberedelse er en vigtig del af dit udvekslings\u00e5r i udlandet. Send din ans\u00f8gning i god tid, og deltag i vores informationsm\u00f8der. Vi har 20 forskellige lande at v\u00e6lge imellem.\",\"breadcrumb\":{\"@id\":\"https:\\\/\\\/www.sts-education.com\\\/dk\\\/high-school\\\/for-du-tager-pa-udveksling\\\/#breadcrumb\"},\"inLanguage\":\"da-DK\",\"potentialAction\":[{\"@type\":\"ReadAction\",\"target\":[\"https:\\\/\\\/www.sts-education.com\\\/dk\\\/high-school\\\/for-du-tager-pa-udveksling\\\/\"]}]},{\"@type\":\"ImageObject\",\"inLanguage\":\"da-DK\",\"@id\":\"https:\\\/\\\/www.sts-education.com\\\/dk\\\/high-school\\\/for-du-tager-pa-udveksling\\\/#primaryimage\",\"url\":\"https:\\\/\\\/powered-by.qbank.se\\\/educatius\\\/sts\\\/\\\/df7e1de23b6e8c68863e49e03d05ef0e_1-1-thumb.webp\",\"contentUrl\":\"https:\\\/\\\/powered-by.qbank.se\\\/educatius\\\/sts\\\/\\\/df7e1de23b6e8c68863e49e03d05ef0e_1-1-thumb.webp\",\"width\":150,\"height\":150},{\"@type\":\"BreadcrumbList\",\"@id\":\"https:\\\/\\\/www.sts-education.com\\\/dk\\\/high-school\\\/for-du-tager-pa-udveksling\\\/#breadcrumb\",\"itemListElement\":[{\"@type\":\"ListItem\",\"position\":1,\"name\":\"Home\",\"item\":\"https:\\\/\\\/www.sts-education.com\\\/dk\\\/sample-page\\\/\"},{\"@type\":\"ListItem\",\"position\":2,\"name\":\"High school udveksling\",\"item\":\"https:\\\/\\\/www.sts-education.com\\\/dk\\\/high-school\\\/\"},{\"@type\":\"ListItem\",\"position\":3,\"name\":\"For Du Tager Pa Udveksling\"}]},{\"@type\":\"WebSite\",\"@id\":\"https:\\\/\\\/www.sts-education.com\\\/dk\\\/#website\",\"url\":\"https:\\\/\\\/www.sts-education.com\\\/dk\\\/\",\"name\":\"STS Education\",\"description\":\"\",\"potentialAction\":[{\"@type\":\"SearchAction\",\"target\":{\"@type\":\"EntryPoint\",\"urlTemplate\":\"https:\\\/\\\/www.sts-education.com\\\/dk\\\/?s={search_term_string}\"},\"query-input\":{\"@type\":\"PropertyValueSpecification\",\"valueRequired\":true,\"valueName\":\"search_term_string\"}}],\"inLanguage\":\"da-DK\"}]}<\/script>\n<!-- \/ Yoast SEO Premium plugin. -->","yoast_head_json":{"title":"Ting, der er gode at overveje, f\u00f8r du tager p\u00e5 udveksling","description":"Forberedelse er en vigtig del af dit udvekslings\u00e5r i udlandet. Send din ans\u00f8gning i god tid, og deltag i vores informationsm\u00f8der. Vi har 20 forskellige lande at v\u00e6lge imellem.","robots":{"index":"index","follow":"follow","max-snippet":"max-snippet:-1","max-image-preview":"max-image-preview:large","max-video-preview":"max-video-preview:-1"},"canonical":"https:\/\/www.sts-education.com\/dk\/high-school\/for-du-tager-pa-udveksling\/","og_locale":"da_DK","og_type":"article","og_title":"For Du Tager Pa Udveksling","og_description":"Forberedelse er en vigtig del af dit udvekslings\u00e5r i udlandet. Send din ans\u00f8gning i god tid, og deltag i vores informationsm\u00f8der. Vi har 20 forskellige lande at v\u00e6lge imellem.","og_url":"https:\/\/www.sts-education.com\/dk\/high-school\/for-du-tager-pa-udveksling\/","og_site_name":"STS Education","article_modified_time":"2026-04-15T09:38:36+00:00","og_image":[{"width":150,"height":150,"url":"https:\/\/powered-by.qbank.se\/educatius\/sts\/\/df7e1de23b6e8c68863e49e03d05ef0e_1-1-thumb.webp","type":"image\/jpeg"}],"twitter_card":"summary_large_image","twitter_misc":{"Estimeret l\u00e6setid":"3 minutter"},"schema":{"@context":"https:\/\/schema.org","@graph":[{"@type":"WebPage","@id":"https:\/\/www.sts-education.com\/dk\/high-school\/for-du-tager-pa-udveksling\/","url":"https:\/\/www.sts-education.com\/dk\/high-school\/for-du-tager-pa-udveksling\/","name":"Ting, der er gode at overveje, f\u00f8r du tager p\u00e5 udveksling","isPartOf":{"@id":"https:\/\/www.sts-education.com\/dk\/#website"},"primaryImageOfPage":{"@id":"https:\/\/www.sts-education.com\/dk\/high-school\/for-du-tager-pa-udveksling\/#primaryimage"},"image":{"@id":"https:\/\/www.sts-education.com\/dk\/high-school\/for-du-tager-pa-udveksling\/#primaryimage"},"thumbnailUrl":"https:\/\/powered-by.qbank.se\/educatius\/sts\/\/df7e1de23b6e8c68863e49e03d05ef0e_1-1-thumb.webp","datePublished":"2025-12-16T10:05:12+00:00","dateModified":"2026-04-15T09:38:36+00:00","description":"Forberedelse er en vigtig del af dit udvekslings\u00e5r i udlandet. Send din ans\u00f8gning i god tid, og deltag i vores informationsm\u00f8der. Vi har 20 forskellige lande at v\u00e6lge imellem.","breadcrumb":{"@id":"https:\/\/www.sts-education.com\/dk\/high-school\/for-du-tager-pa-udveksling\/#breadcrumb"},"inLanguage":"da-DK","potentialAction":[{"@type":"ReadAction","target":["https:\/\/www.sts-education.com\/dk\/high-school\/for-du-tager-pa-udveksling\/"]}]},{"@type":"ImageObject","inLanguage":"da-DK","@id":"https:\/\/www.sts-education.com\/dk\/high-school\/for-du-tager-pa-udveksling\/#primaryimage","url":"https:\/\/powered-by.qbank.se\/educatius\/sts\/\/df7e1de23b6e8c68863e49e03d05ef0e_1-1-thumb.webp","contentUrl":"https:\/\/powered-by.qbank.se\/educatius\/sts\/\/df7e1de23b6e8c68863e49e03d05ef0e_1-1-thumb.webp","width":150,"height":150},{"@type":"BreadcrumbList","@id":"https:\/\/www.sts-education.com\/dk\/high-school\/for-du-tager-pa-udveksling\/#breadcrumb","itemListElement":[{"@type":"ListItem","position":1,"name":"Home","item":"https:\/\/www.sts-education.com\/dk\/sample-page\/"},{"@type":"ListItem","position":2,"name":"High school udveksling","item":"https:\/\/www.sts-education.com\/dk\/high-school\/"},{"@type":"ListItem","position":3,"name":"For Du Tager Pa Udveksling"}]},{"@type":"WebSite","@id":"https:\/\/www.sts-education.com\/dk\/#website","url":"https:\/\/www.sts-education.com\/dk\/","name":"STS Education","description":"","potentialAction":[{"@type":"SearchAction","target":{"@type":"EntryPoint","urlTemplate":"https:\/\/www.sts-education.com\/dk\/?s={search_term_string}"},"query-input":{"@type":"PropertyValueSpecification","valueRequired":true,"valueName":"search_term_string"}}],"inLanguage":"da-DK"}]}},"_links":{"self":[{"href":"https:\/\/www.sts-education.com\/dk\/wp-json\/wp\/v2\/pages\/10382","targetHints":{"allow":["GET"]}}],"collection":[{"href":"https:\/\/www.sts-education.com\/dk\/wp-json\/wp\/v2\/pages"}],"about":[{"href":"https:\/\/www.sts-education.com\/dk\/wp-json\/wp\/v2\/types\/page"}],"author":[{"embeddable":true,"href":"https:\/\/www.sts-education.com\/dk\/wp-json\/wp\/v2\/users\/20"}],"replies":[{"embeddable":true,"href":"https:\/\/www.sts-education.com\/dk\/wp-json\/wp\/v2\/comments?post=10382"}],"version-history":[{"count":5,"href":"https:\/\/www.sts-education.com\/dk\/wp-json\/wp\/v2\/pages\/10382\/revisions"}],"predecessor-version":[{"id":35544,"href":"https:\/\/www.sts-education.com\/dk\/wp-json\/wp\/v2\/pages\/10382\/revisions\/35544"}],"up":[{"embeddable":true,"href":"https:\/\/www.sts-education.com\/dk\/wp-json\/wp\/v2\/pages\/8456"}],"wp:featuredmedia":[{"embeddable":true,"href":"https:\/\/www.sts-education.com\/dk\/wp-json\/wp\/v2\/media\/15143"}],"wp:attachment":[{"href":"https:\/\/www.sts-education.com\/dk\/wp-json\/wp\/v2\/media?parent=10382"}],"wp:term":[{"taxonomy":"wpw_page_folders","embeddable":true,"href":"https:\/\/www.sts-education.com\/dk\/wp-json\/wp\/v2\/wpw_page_folders?post=10382"}],"curies":[{"name":"wp","href":"https:\/\/api.w.org\/{rel}","templated":true}]}}