{"id":10383,"date":"2025-12-16T10:10:09","date_gmt":"2025-12-16T10:10:09","guid":{"rendered":"https:\/\/preprod.sts-education.com\/high-school\/mens-du-er-pa-udveksling-i-udlandet\/"},"modified":"2026-04-15T09:38:28","modified_gmt":"2026-04-15T09:38:28","slug":"mens-du-er-pa-udveksling-i-udlandet","status":"publish","type":"page","link":"https:\/\/www.sts-education.com\/dk\/high-school\/mens-du-er-pa-udveksling-i-udlandet\/","title":{"rendered":"Mens Du Er Pa Udveksling I Udlandet"},"content":{"rendered":"\n<section class=\"wp-block-sts-hero sts-block-hero is-variant-full-background has-text-light has-background-media\" style=\"--sts-hero-padding-mobile:0px;--sts-hero-padding-desktop:0px;--sts-hero-text-color:var(--wp--preset--color--base-10, #fff);\" data-variant=\"full-background\"><div class=\"sts-block-hero__background\"><picture class=\"sts-responsive-image has-fit-cover is-skeleton\"><img src=\"https:\/\/cdn.sts-education.com\/12565_hero_lg_xl.jpg\" alt=\"Mens du er p\u00e5 udveksling i udlandet\" loading=\"lazy\" decoding=\"async\" fetchpriority=\"low\" sizes=\"100vw\" \/><\/picture><span class=\"sts-block-hero__overlay\" aria-hidden=\"true\"><\/span><\/div><div class=\"sts-block-hero__inner\"><div class=\"sts-block-hero__content has-align-center\"><div class=\"sts-block-hero__content-inner\"><h1 class=\"sts-block-hero__heading\">Mens du er p\u00e5 udveksling i udlandet<\/h1><\/div><\/div><\/div><\/section>\n\n\n\n<div class=\"wp-block-sts-text sts-text-editor has-max-width-md\"><div class=\"sts-text-editor__content\"><div class=\"sts-text-editor__content-inner\">\n<p>Et \u00e5r som udvekslingselev vil give dig viden, indtryk, inspiration og minder for livet. Det er din chance for at opleve noget nyt og sp\u00e6ndende. Kort sagt: Det bliver det bedste \u00e5r i dit liv!<\/p>\n\n<h2>Pludselig taler du sproget flydende<\/h2>\n\n<p>Den helt store fordel ved at l\u00e6re et sprog i det land, hvor sproget bliver talt, er, at du h\u00f8rer det hele tiden. Du h\u00f8rer det ved middagsbordet, n\u00e5r du snakker med din v\u00e6rtsfamilie, i skolen, i tr\u00e6ningscenteret, p\u00e5 cafeer og i butikker. Din accent bliver hele tiden bedre. Du l\u00e6rer nye ord og udtryk. F\u00f8r du ved af det, har du v\u00e6nnet dig til alle disse nye ting, og samtidig har du udviklet dig som person. Det sker n\u00e6sten automatisk, og det er sjovt!<\/p>\n\n<h2>Del dine oplevelser!<\/h2>\n\n<p>Vil du gerne skrive og fort\u00e6lle om dine oplevelser, mens du er af sted? S\u00e5 del dem med os, og f\u00e5 chancen for at blive set p\u00e5 vores sociale kanaler og vores blog! Kontakt os p\u00e5 <a href=\"mailto:social.media@sts-education.com\">social.media@sts-education.com<\/a>.<\/p>\n\n<p>L\u00e6s mere, og se <a href=\"\/dk\/high-school\/at-rejse-med-sts\/beretninger-fra-eleverne\/\">videoer og elevberetninger<\/a> fra vores tidligere elever.<\/p>\n<\/div><\/div><\/div>\n\n","protected":false},"excerpt":{"rendered":"","protected":false},"author":20,"featured_media":0,"parent":8456,"menu_order":0,"comment_status":"closed","ping_status":"closed","template":"templates\/template-default-with-breadcrumbs.php","meta":{"_acf_changed":false,"sts_page_background_color":"","footnotes":""},"wpw_page_folders":[83],"class_list":["post-10383","page","type-page","status-publish","hentry"],"acf":[],"yoast_head":"<!-- This site is optimized with the Yoast SEO Premium plugin v27.2 (Yoast SEO v27.3) - https:\/\/yoast.com\/product\/yoast-seo-premium-wordpress\/ -->\n<title>Dit \u00e5r som udvekslingselev i et andet land | STS<\/title>\n<meta name=\"description\" content=\"Et \u00e5r som udvekslingselev giver dig kundskab, indryk, inspiration og minder. Det bliver helt enkelt det beste \u00e5r i dit liv!\" \/>\n<meta name=\"robots\" content=\"index, follow, max-snippet:-1, max-image-preview:large, max-video-preview:-1\" \/>\n<link rel=\"canonical\" href=\"https:\/\/www.sts-education.com\/dk\/high-school\/mens-du-er-pa-udveksling-i-udlandet\/\" \/>\n<meta property=\"og:locale\" content=\"da_DK\" \/>\n<meta property=\"og:type\" content=\"article\" \/>\n<meta property=\"og:title\" content=\"Mens Du Er Pa Udveksling I Udlandet\" \/>\n<meta property=\"og:description\" content=\"Et \u00e5r som udvekslingselev giver dig kundskab, indryk, inspiration og minder. Det bliver helt enkelt det beste \u00e5r i dit liv!\" \/>\n<meta property=\"og:url\" content=\"https:\/\/www.sts-education.com\/dk\/high-school\/mens-du-er-pa-udveksling-i-udlandet\/\" \/>\n<meta property=\"og:site_name\" content=\"STS Education\" \/>\n<meta property=\"article:modified_time\" content=\"2026-04-15T09:38:28+00:00\" \/>\n<meta property=\"og:image\" content=\"https:\/\/cdn.sts-education.com\/12565_hero_lg_xl.jpg\" \/>\n<meta name=\"twitter:card\" content=\"summary_large_image\" \/>\n<meta name=\"twitter:label1\" content=\"Estimeret l\u00e6setid\" \/>\n\t<meta name=\"twitter:data1\" content=\"1 minut\" \/>\n<script type=\"application\/ld+json\" class=\"yoast-schema-graph\">{\"@context\":\"https:\\\/\\\/schema.org\",\"@graph\":[{\"@type\":\"WebPage\",\"@id\":\"https:\\\/\\\/www.sts-education.com\\\/dk\\\/high-school\\\/mens-du-er-pa-udveksling-i-udlandet\\\/\",\"url\":\"https:\\\/\\\/www.sts-education.com\\\/dk\\\/high-school\\\/mens-du-er-pa-udveksling-i-udlandet\\\/\",\"name\":\"Dit \u00e5r som udvekslingselev i et andet land | STS\",\"isPartOf\":{\"@id\":\"https:\\\/\\\/www.sts-education.com\\\/dk\\\/#website\"},\"primaryImageOfPage\":{\"@id\":\"https:\\\/\\\/www.sts-education.com\\\/dk\\\/high-school\\\/mens-du-er-pa-udveksling-i-udlandet\\\/#primaryimage\"},\"image\":{\"@id\":\"https:\\\/\\\/www.sts-education.com\\\/dk\\\/high-school\\\/mens-du-er-pa-udveksling-i-udlandet\\\/#primaryimage\"},\"thumbnailUrl\":\"https:\\\/\\\/cdn.sts-education.com\\\/12565_hero_lg_xl.jpg\",\"datePublished\":\"2025-12-16T10:10:09+00:00\",\"dateModified\":\"2026-04-15T09:38:28+00:00\",\"description\":\"Et \u00e5r som udvekslingselev giver dig kundskab, indryk, inspiration og minder. Det bliver helt enkelt det beste \u00e5r i dit liv!\",\"breadcrumb\":{\"@id\":\"https:\\\/\\\/www.sts-education.com\\\/dk\\\/high-school\\\/mens-du-er-pa-udveksling-i-udlandet\\\/#breadcrumb\"},\"inLanguage\":\"da-DK\",\"potentialAction\":[{\"@type\":\"ReadAction\",\"target\":[\"https:\\\/\\\/www.sts-education.com\\\/dk\\\/high-school\\\/mens-du-er-pa-udveksling-i-udlandet\\\/\"]}]},{\"@type\":\"ImageObject\",\"inLanguage\":\"da-DK\",\"@id\":\"https:\\\/\\\/www.sts-education.com\\\/dk\\\/high-school\\\/mens-du-er-pa-udveksling-i-udlandet\\\/#primaryimage\",\"url\":\"https:\\\/\\\/cdn.sts-education.com\\\/12565_hero_lg_xl.jpg\",\"contentUrl\":\"https:\\\/\\\/cdn.sts-education.com\\\/12565_hero_lg_xl.jpg\"},{\"@type\":\"BreadcrumbList\",\"@id\":\"https:\\\/\\\/www.sts-education.com\\\/dk\\\/high-school\\\/mens-du-er-pa-udveksling-i-udlandet\\\/#breadcrumb\",\"itemListElement\":[{\"@type\":\"ListItem\",\"position\":1,\"name\":\"Home\",\"item\":\"https:\\\/\\\/www.sts-education.com\\\/dk\\\/sample-page\\\/\"},{\"@type\":\"ListItem\",\"position\":2,\"name\":\"High school udveksling\",\"item\":\"https:\\\/\\\/www.sts-education.com\\\/dk\\\/high-school\\\/\"},{\"@type\":\"ListItem\",\"position\":3,\"name\":\"Mens Du Er Pa Udveksling I Udlandet\"}]},{\"@type\":\"WebSite\",\"@id\":\"https:\\\/\\\/www.sts-education.com\\\/dk\\\/#website\",\"url\":\"https:\\\/\\\/www.sts-education.com\\\/dk\\\/\",\"name\":\"STS Education\",\"description\":\"\",\"potentialAction\":[{\"@type\":\"SearchAction\",\"target\":{\"@type\":\"EntryPoint\",\"urlTemplate\":\"https:\\\/\\\/www.sts-education.com\\\/dk\\\/?s={search_term_string}\"},\"query-input\":{\"@type\":\"PropertyValueSpecification\",\"valueRequired\":true,\"valueName\":\"search_term_string\"}}],\"inLanguage\":\"da-DK\"}]}<\/script>\n<!-- \/ Yoast SEO Premium plugin. -->","yoast_head_json":{"title":"Dit \u00e5r som udvekslingselev i et andet land | STS","description":"Et \u00e5r som udvekslingselev giver dig kundskab, indryk, inspiration og minder. Det bliver helt enkelt det beste \u00e5r i dit liv!","robots":{"index":"index","follow":"follow","max-snippet":"max-snippet:-1","max-image-preview":"max-image-preview:large","max-video-preview":"max-video-preview:-1"},"canonical":"https:\/\/www.sts-education.com\/dk\/high-school\/mens-du-er-pa-udveksling-i-udlandet\/","og_locale":"da_DK","og_type":"article","og_title":"Mens Du Er Pa Udveksling I Udlandet","og_description":"Et \u00e5r som udvekslingselev giver dig kundskab, indryk, inspiration og minder. Det bliver helt enkelt det beste \u00e5r i dit liv!","og_url":"https:\/\/www.sts-education.com\/dk\/high-school\/mens-du-er-pa-udveksling-i-udlandet\/","og_site_name":"STS Education","article_modified_time":"2026-04-15T09:38:28+00:00","og_image":[{"url":"https:\/\/cdn.sts-education.com\/12565_hero_lg_xl.jpg","type":"","width":"","height":""}],"twitter_card":"summary_large_image","twitter_misc":{"Estimeret l\u00e6setid":"1 minut"},"schema":{"@context":"https:\/\/schema.org","@graph":[{"@type":"WebPage","@id":"https:\/\/www.sts-education.com\/dk\/high-school\/mens-du-er-pa-udveksling-i-udlandet\/","url":"https:\/\/www.sts-education.com\/dk\/high-school\/mens-du-er-pa-udveksling-i-udlandet\/","name":"Dit \u00e5r som udvekslingselev i et andet land | STS","isPartOf":{"@id":"https:\/\/www.sts-education.com\/dk\/#website"},"primaryImageOfPage":{"@id":"https:\/\/www.sts-education.com\/dk\/high-school\/mens-du-er-pa-udveksling-i-udlandet\/#primaryimage"},"image":{"@id":"https:\/\/www.sts-education.com\/dk\/high-school\/mens-du-er-pa-udveksling-i-udlandet\/#primaryimage"},"thumbnailUrl":"https:\/\/cdn.sts-education.com\/12565_hero_lg_xl.jpg","datePublished":"2025-12-16T10:10:09+00:00","dateModified":"2026-04-15T09:38:28+00:00","description":"Et \u00e5r som udvekslingselev giver dig kundskab, indryk, inspiration og minder. Det bliver helt enkelt det beste \u00e5r i dit liv!","breadcrumb":{"@id":"https:\/\/www.sts-education.com\/dk\/high-school\/mens-du-er-pa-udveksling-i-udlandet\/#breadcrumb"},"inLanguage":"da-DK","potentialAction":[{"@type":"ReadAction","target":["https:\/\/www.sts-education.com\/dk\/high-school\/mens-du-er-pa-udveksling-i-udlandet\/"]}]},{"@type":"ImageObject","inLanguage":"da-DK","@id":"https:\/\/www.sts-education.com\/dk\/high-school\/mens-du-er-pa-udveksling-i-udlandet\/#primaryimage","url":"https:\/\/cdn.sts-education.com\/12565_hero_lg_xl.jpg","contentUrl":"https:\/\/cdn.sts-education.com\/12565_hero_lg_xl.jpg"},{"@type":"BreadcrumbList","@id":"https:\/\/www.sts-education.com\/dk\/high-school\/mens-du-er-pa-udveksling-i-udlandet\/#breadcrumb","itemListElement":[{"@type":"ListItem","position":1,"name":"Home","item":"https:\/\/www.sts-education.com\/dk\/sample-page\/"},{"@type":"ListItem","position":2,"name":"High school udveksling","item":"https:\/\/www.sts-education.com\/dk\/high-school\/"},{"@type":"ListItem","position":3,"name":"Mens Du Er Pa Udveksling I Udlandet"}]},{"@type":"WebSite","@id":"https:\/\/www.sts-education.com\/dk\/#website","url":"https:\/\/www.sts-education.com\/dk\/","name":"STS Education","description":"","potentialAction":[{"@type":"SearchAction","target":{"@type":"EntryPoint","urlTemplate":"https:\/\/www.sts-education.com\/dk\/?s={search_term_string}"},"query-input":{"@type":"PropertyValueSpecification","valueRequired":true,"valueName":"search_term_string"}}],"inLanguage":"da-DK"}]}},"_links":{"self":[{"href":"https:\/\/www.sts-education.com\/dk\/wp-json\/wp\/v2\/pages\/10383","targetHints":{"allow":["GET"]}}],"collection":[{"href":"https:\/\/www.sts-education.com\/dk\/wp-json\/wp\/v2\/pages"}],"about":[{"href":"https:\/\/www.sts-education.com\/dk\/wp-json\/wp\/v2\/types\/page"}],"author":[{"embeddable":true,"href":"https:\/\/www.sts-education.com\/dk\/wp-json\/wp\/v2\/users\/20"}],"replies":[{"embeddable":true,"href":"https:\/\/www.sts-education.com\/dk\/wp-json\/wp\/v2\/comments?post=10383"}],"version-history":[{"count":3,"href":"https:\/\/www.sts-education.com\/dk\/wp-json\/wp\/v2\/pages\/10383\/revisions"}],"predecessor-version":[{"id":35539,"href":"https:\/\/www.sts-education.com\/dk\/wp-json\/wp\/v2\/pages\/10383\/revisions\/35539"}],"up":[{"embeddable":true,"href":"https:\/\/www.sts-education.com\/dk\/wp-json\/wp\/v2\/pages\/8456"}],"wp:attachment":[{"href":"https:\/\/www.sts-education.com\/dk\/wp-json\/wp\/v2\/media?parent=10383"}],"wp:term":[{"taxonomy":"wpw_page_folders","embeddable":true,"href":"https:\/\/www.sts-education.com\/dk\/wp-json\/wp\/v2\/wpw_page_folders?post=10383"}],"curies":[{"name":"wp","href":"https:\/\/api.w.org\/{rel}","templated":true}]}}