{"id":10384,"date":"2025-12-16T10:22:28","date_gmt":"2025-12-16T10:22:28","guid":{"rendered":"https:\/\/preprod.sts-education.com\/om-sts\/baredygtighed\/"},"modified":"2026-04-01T01:35:08","modified_gmt":"2026-04-01T01:35:08","slug":"baredygtighed","status":"publish","type":"page","link":"https:\/\/www.sts-education.com\/dk\/om-sts\/baredygtighed\/","title":{"rendered":"Baredygtighed"},"content":{"rendered":"\n<section class=\"wp-block-sts-hero sts-block-hero is-variant-full-background has-text-light has-background-media\" style=\"--sts-hero-padding-mobile:0px;--sts-hero-padding-desktop:0px;--sts-hero-text-color:var(--wp--preset--color--base-10, #fff);\" data-variant=\"full-background\"><div class=\"sts-block-hero__background\"><picture class=\"sts-responsive-image has-fit-cover is-skeleton\"><img src=\"https:\/\/cdn.sts-education.com\/13746_hero_lg_xl.jpg\" alt=\"Global p\u00e5virkning\" loading=\"lazy\" decoding=\"async\" fetchpriority=\"low\" sizes=\"100vw\" \/><\/picture><span class=\"sts-block-hero__overlay\" aria-hidden=\"true\"><\/span><\/div><div class=\"sts-block-hero__inner\"><div class=\"sts-block-hero__content has-align-center\"><div class=\"sts-block-hero__content-inner\"><h1 class=\"sts-block-hero__heading\">Global p\u00e5virkning<\/h1><\/div><\/div><\/div><\/section>\n\n\n\n<div class=\"wp-block-sts-text sts-text-editor has-max-width-md\"><div class=\"sts-text-editor__content\"><div class=\"sts-text-editor__content-inner\">\n<h2>STS &amp; Aiducatius<\/h2>\n\n<p>Din udvekslingsoplevelse kan g\u00f8re en reel forskel! N\u00e5r du rejser med STS, rejser du ikke bare til udlandet. Du bliver en del af noget, der hj\u00e6lper b\u00f8rn, som ellers ikke ville have adgang til uddannelse, st\u00f8tter lokale samfund og milj\u00f8et. Som en del af Educatius Group bidrager STS til Aiducatius, et non-profit initiativ, der finansierer meningsfulde projekter i Gambia og Tanzania. Alle STS-udvekslingsstuderende hj\u00e6lper med at st\u00f8tte disse initiativer. Uanset om du er klar over det eller ej, er du en del af noget st\u00f8rre, noget der hj\u00e6lper med at skabe muligheder og h\u00e5b for andre.<\/p>\n\n<h2>St. Martin&#8217;s School, Gambia<\/h2>\n\n<p>I kystbyen Kartong betjener St. Martin&#8217;s School mere end 1.500 elever fra den omkringliggende region. Undervisningen er gratis, men mange familier k\u00e6mper stadig med basale udgifter som b\u00f8ger, uniformer, skoleartikler og endda sko. Aiducatius hj\u00e6lper med at fjerne \u00f8konomiske barrierer. Hvert \u00e5r modtager hundredvis af elever de skoleartikler, de har brug for, for at kunne forts\u00e6tte i skolen. Det kan betyde, at et barn kan forts\u00e6tte sin uddannelse i stedet for at blive hjemme. Eller at en for\u00e6lder kan spare op til barnets universitetsuddannelse i stedet for at bekymre sig om i dag.<\/p>\n\n<h2>Gabriella Children Rehabilitation Centre, Tanzania<\/h2>\n\n<p>Ved foden af Kilimanjaro giver Gabriella Children Rehabilitation Centre b\u00f8rn med handicap mulighed for at l\u00e6re, bidrage og finde uafh\u00e6ngighed. Uden denne skole, ville mange blive helt udelukket fra samfundet og v\u00e6re i risiko for misbrug og omsorgssvigt. Eleverne vejledes p\u00e5 individuelle forl\u00f8b \u2013 nogle akademiske, andre erhvervsfaglige. De l\u00e6rer at bage, dyrke have, bygge, opdr\u00e6tte dyr og endda producere varer, der hj\u00e6lper med at finansiere centrets drift. Aiducatius st\u00f8tter l\u00e6rernes l\u00f8nninger og hj\u00e6lper med at udvide programmer, der nu studeres og deles af offentlige undervisere i hele Tanzania.<\/p>\n\n<h2>Tr\u00e6plantning og bevarelse, Tanzania<\/h2>\n\n<p>At studere i udlandet betyder rejser, og rejser medf\u00f8rer et CO2-aftryk. Siden 2009 har Aiducatius st\u00f8ttet lokale bevaringsgrupper i Biharamulo i det nordvestlige Tanzania med at plante hundredtusindvis af tr\u00e6er. Dette genopretter skovene, beskytter vandkilderne og uddanner unge mennesker til at skabe sig et liv inden for b\u00e6redygtigt skovbrug. Disse initiativer forbedrer ogs\u00e5 sundheden og reducerer skovrydningen ved at indf\u00f8re br\u00e6ndstofeffektive komfurer, der nu bruges i hjem og skoler i hele regionen. Dette initiativ beskytter \u00f8kosystemerne og skaber \u00f8konomiske muligheder for de lokale samfund.<\/p>\n\n<h2>The Aiducatius Creativity Internship<\/h2>\n\n<p>Hvert \u00e5r afholder Educatius en global konkurrence for studerende, alumner, v\u00e6rtsfamilier, l\u00e6rere og personale, der kan ans\u00f8ge om et to ugers kreativt praktikophold p\u00e5 St. Martin&#8217;s School i Gambia. Vinderne designer og leder workshops inden for kunst, storytelling eller musik \u2013 og arbejder sammen med lokale l\u00e6rere p\u00e5 projekter, der underst\u00f8tter denne unikke l\u00e6ringsudveksling. De hj\u00e6lper ogs\u00e5 med at skaffe donationer som b\u00f8ger, hygiejneartikler og skolemateriale.<\/p>\n<\/div><\/div><\/div>\n\n","protected":false},"excerpt":{"rendered":"","protected":false},"author":20,"featured_media":15140,"parent":10374,"menu_order":0,"comment_status":"closed","ping_status":"closed","template":"templates\/template-default-with-breadcrumbs.php","meta":{"_acf_changed":false,"sts_page_background_color":"","footnotes":""},"wpw_page_folders":[77],"class_list":["post-10384","page","type-page","status-publish","has-post-thumbnail","hentry"],"acf":[],"yoast_head":"<!-- This site is optimized with the Yoast SEO Premium plugin v27.2 (Yoast SEO v27.3) - https:\/\/yoast.com\/product\/yoast-seo-premium-wordpress\/ -->\n<title>Global p\u00e5virkning<\/title>\n<meta name=\"description\" content=\"N\u00e5r du rejser med STS, rejser du ikke bare til udlandet. Du bliver en del af noget, der hj\u00e6lper b\u00f8rn, som ellers ikke ville have adgang til uddannelse, st\u00f8tter lokale samfund og milj\u00f8et.\" \/>\n<meta name=\"robots\" content=\"index, follow, max-snippet:-1, max-image-preview:large, max-video-preview:-1\" \/>\n<link rel=\"canonical\" href=\"https:\/\/www.sts-education.com\/dk\/om-sts\/baredygtighed\/\" \/>\n<meta property=\"og:locale\" content=\"da_DK\" \/>\n<meta property=\"og:type\" content=\"article\" \/>\n<meta property=\"og:title\" content=\"Baredygtighed\" \/>\n<meta property=\"og:description\" content=\"N\u00e5r du rejser med STS, rejser du ikke bare til udlandet. Du bliver en del af noget, der hj\u00e6lper b\u00f8rn, som ellers ikke ville have adgang til uddannelse, st\u00f8tter lokale samfund og milj\u00f8et.\" \/>\n<meta property=\"og:url\" content=\"https:\/\/www.sts-education.com\/dk\/om-sts\/baredygtighed\/\" \/>\n<meta property=\"og:site_name\" content=\"STS Education\" \/>\n<meta property=\"article:modified_time\" content=\"2026-04-01T01:35:08+00:00\" \/>\n<meta property=\"og:image\" content=\"https:\/\/powered-by.qbank.se\/educatius\/sts\/\/3d1ea4feabe1e0e42df6e0c9e599fe93_1-1-thumb.webp\" \/>\n\t<meta property=\"og:image:width\" content=\"150\" \/>\n\t<meta property=\"og:image:height\" content=\"150\" \/>\n\t<meta property=\"og:image:type\" content=\"image\/jpeg\" \/>\n<meta name=\"twitter:card\" content=\"summary_large_image\" \/>\n<meta name=\"twitter:label1\" content=\"Estimeret l\u00e6setid\" \/>\n\t<meta name=\"twitter:data1\" content=\"2 minutter\" \/>\n<script type=\"application\/ld+json\" class=\"yoast-schema-graph\">{\"@context\":\"https:\\\/\\\/schema.org\",\"@graph\":[{\"@type\":\"WebPage\",\"@id\":\"https:\\\/\\\/www.sts-education.com\\\/dk\\\/om-sts\\\/baredygtighed\\\/\",\"url\":\"https:\\\/\\\/www.sts-education.com\\\/dk\\\/om-sts\\\/baredygtighed\\\/\",\"name\":\"Global p\u00e5virkning\",\"isPartOf\":{\"@id\":\"https:\\\/\\\/www.sts-education.com\\\/dk\\\/#website\"},\"primaryImageOfPage\":{\"@id\":\"https:\\\/\\\/www.sts-education.com\\\/dk\\\/om-sts\\\/baredygtighed\\\/#primaryimage\"},\"image\":{\"@id\":\"https:\\\/\\\/www.sts-education.com\\\/dk\\\/om-sts\\\/baredygtighed\\\/#primaryimage\"},\"thumbnailUrl\":\"https:\\\/\\\/powered-by.qbank.se\\\/educatius\\\/sts\\\/\\\/3d1ea4feabe1e0e42df6e0c9e599fe93_1-1-thumb.webp\",\"datePublished\":\"2025-12-16T10:22:28+00:00\",\"dateModified\":\"2026-04-01T01:35:08+00:00\",\"description\":\"N\u00e5r du rejser med STS, rejser du ikke bare til udlandet. Du bliver en del af noget, der hj\u00e6lper b\u00f8rn, som ellers ikke ville have adgang til uddannelse, st\u00f8tter lokale samfund og milj\u00f8et.\",\"breadcrumb\":{\"@id\":\"https:\\\/\\\/www.sts-education.com\\\/dk\\\/om-sts\\\/baredygtighed\\\/#breadcrumb\"},\"inLanguage\":\"da-DK\",\"potentialAction\":[{\"@type\":\"ReadAction\",\"target\":[\"https:\\\/\\\/www.sts-education.com\\\/dk\\\/om-sts\\\/baredygtighed\\\/\"]}]},{\"@type\":\"ImageObject\",\"inLanguage\":\"da-DK\",\"@id\":\"https:\\\/\\\/www.sts-education.com\\\/dk\\\/om-sts\\\/baredygtighed\\\/#primaryimage\",\"url\":\"https:\\\/\\\/powered-by.qbank.se\\\/educatius\\\/sts\\\/\\\/3d1ea4feabe1e0e42df6e0c9e599fe93_1-1-thumb.webp\",\"contentUrl\":\"https:\\\/\\\/powered-by.qbank.se\\\/educatius\\\/sts\\\/\\\/3d1ea4feabe1e0e42df6e0c9e599fe93_1-1-thumb.webp\",\"width\":150,\"height\":150},{\"@type\":\"BreadcrumbList\",\"@id\":\"https:\\\/\\\/www.sts-education.com\\\/dk\\\/om-sts\\\/baredygtighed\\\/#breadcrumb\",\"itemListElement\":[{\"@type\":\"ListItem\",\"position\":1,\"name\":\"Home\",\"item\":\"https:\\\/\\\/www.sts-education.com\\\/dk\\\/sample-page\\\/\"},{\"@type\":\"ListItem\",\"position\":2,\"name\":\"Om Sts\",\"item\":\"https:\\\/\\\/www.sts-education.com\\\/dk\\\/om-sts\\\/\"},{\"@type\":\"ListItem\",\"position\":3,\"name\":\"Baredygtighed\"}]},{\"@type\":\"WebSite\",\"@id\":\"https:\\\/\\\/www.sts-education.com\\\/dk\\\/#website\",\"url\":\"https:\\\/\\\/www.sts-education.com\\\/dk\\\/\",\"name\":\"STS Education\",\"description\":\"\",\"potentialAction\":[{\"@type\":\"SearchAction\",\"target\":{\"@type\":\"EntryPoint\",\"urlTemplate\":\"https:\\\/\\\/www.sts-education.com\\\/dk\\\/?s={search_term_string}\"},\"query-input\":{\"@type\":\"PropertyValueSpecification\",\"valueRequired\":true,\"valueName\":\"search_term_string\"}}],\"inLanguage\":\"da-DK\"}]}<\/script>\n<!-- \/ Yoast SEO Premium plugin. -->","yoast_head_json":{"title":"Global p\u00e5virkning","description":"N\u00e5r du rejser med STS, rejser du ikke bare til udlandet. Du bliver en del af noget, der hj\u00e6lper b\u00f8rn, som ellers ikke ville have adgang til uddannelse, st\u00f8tter lokale samfund og milj\u00f8et.","robots":{"index":"index","follow":"follow","max-snippet":"max-snippet:-1","max-image-preview":"max-image-preview:large","max-video-preview":"max-video-preview:-1"},"canonical":"https:\/\/www.sts-education.com\/dk\/om-sts\/baredygtighed\/","og_locale":"da_DK","og_type":"article","og_title":"Baredygtighed","og_description":"N\u00e5r du rejser med STS, rejser du ikke bare til udlandet. Du bliver en del af noget, der hj\u00e6lper b\u00f8rn, som ellers ikke ville have adgang til uddannelse, st\u00f8tter lokale samfund og milj\u00f8et.","og_url":"https:\/\/www.sts-education.com\/dk\/om-sts\/baredygtighed\/","og_site_name":"STS Education","article_modified_time":"2026-04-01T01:35:08+00:00","og_image":[{"width":150,"height":150,"url":"https:\/\/powered-by.qbank.se\/educatius\/sts\/\/3d1ea4feabe1e0e42df6e0c9e599fe93_1-1-thumb.webp","type":"image\/jpeg"}],"twitter_card":"summary_large_image","twitter_misc":{"Estimeret l\u00e6setid":"2 minutter"},"schema":{"@context":"https:\/\/schema.org","@graph":[{"@type":"WebPage","@id":"https:\/\/www.sts-education.com\/dk\/om-sts\/baredygtighed\/","url":"https:\/\/www.sts-education.com\/dk\/om-sts\/baredygtighed\/","name":"Global p\u00e5virkning","isPartOf":{"@id":"https:\/\/www.sts-education.com\/dk\/#website"},"primaryImageOfPage":{"@id":"https:\/\/www.sts-education.com\/dk\/om-sts\/baredygtighed\/#primaryimage"},"image":{"@id":"https:\/\/www.sts-education.com\/dk\/om-sts\/baredygtighed\/#primaryimage"},"thumbnailUrl":"https:\/\/powered-by.qbank.se\/educatius\/sts\/\/3d1ea4feabe1e0e42df6e0c9e599fe93_1-1-thumb.webp","datePublished":"2025-12-16T10:22:28+00:00","dateModified":"2026-04-01T01:35:08+00:00","description":"N\u00e5r du rejser med STS, rejser du ikke bare til udlandet. Du bliver en del af noget, der hj\u00e6lper b\u00f8rn, som ellers ikke ville have adgang til uddannelse, st\u00f8tter lokale samfund og milj\u00f8et.","breadcrumb":{"@id":"https:\/\/www.sts-education.com\/dk\/om-sts\/baredygtighed\/#breadcrumb"},"inLanguage":"da-DK","potentialAction":[{"@type":"ReadAction","target":["https:\/\/www.sts-education.com\/dk\/om-sts\/baredygtighed\/"]}]},{"@type":"ImageObject","inLanguage":"da-DK","@id":"https:\/\/www.sts-education.com\/dk\/om-sts\/baredygtighed\/#primaryimage","url":"https:\/\/powered-by.qbank.se\/educatius\/sts\/\/3d1ea4feabe1e0e42df6e0c9e599fe93_1-1-thumb.webp","contentUrl":"https:\/\/powered-by.qbank.se\/educatius\/sts\/\/3d1ea4feabe1e0e42df6e0c9e599fe93_1-1-thumb.webp","width":150,"height":150},{"@type":"BreadcrumbList","@id":"https:\/\/www.sts-education.com\/dk\/om-sts\/baredygtighed\/#breadcrumb","itemListElement":[{"@type":"ListItem","position":1,"name":"Home","item":"https:\/\/www.sts-education.com\/dk\/sample-page\/"},{"@type":"ListItem","position":2,"name":"Om Sts","item":"https:\/\/www.sts-education.com\/dk\/om-sts\/"},{"@type":"ListItem","position":3,"name":"Baredygtighed"}]},{"@type":"WebSite","@id":"https:\/\/www.sts-education.com\/dk\/#website","url":"https:\/\/www.sts-education.com\/dk\/","name":"STS Education","description":"","potentialAction":[{"@type":"SearchAction","target":{"@type":"EntryPoint","urlTemplate":"https:\/\/www.sts-education.com\/dk\/?s={search_term_string}"},"query-input":{"@type":"PropertyValueSpecification","valueRequired":true,"valueName":"search_term_string"}}],"inLanguage":"da-DK"}]}},"_links":{"self":[{"href":"https:\/\/www.sts-education.com\/dk\/wp-json\/wp\/v2\/pages\/10384","targetHints":{"allow":["GET"]}}],"collection":[{"href":"https:\/\/www.sts-education.com\/dk\/wp-json\/wp\/v2\/pages"}],"about":[{"href":"https:\/\/www.sts-education.com\/dk\/wp-json\/wp\/v2\/types\/page"}],"author":[{"embeddable":true,"href":"https:\/\/www.sts-education.com\/dk\/wp-json\/wp\/v2\/users\/20"}],"replies":[{"embeddable":true,"href":"https:\/\/www.sts-education.com\/dk\/wp-json\/wp\/v2\/comments?post=10384"}],"version-history":[{"count":2,"href":"https:\/\/www.sts-education.com\/dk\/wp-json\/wp\/v2\/pages\/10384\/revisions"}],"predecessor-version":[{"id":20278,"href":"https:\/\/www.sts-education.com\/dk\/wp-json\/wp\/v2\/pages\/10384\/revisions\/20278"}],"up":[{"embeddable":true,"href":"https:\/\/www.sts-education.com\/dk\/wp-json\/wp\/v2\/pages\/10374"}],"wp:featuredmedia":[{"embeddable":true,"href":"https:\/\/www.sts-education.com\/dk\/wp-json\/wp\/v2\/media\/15140"}],"wp:attachment":[{"href":"https:\/\/www.sts-education.com\/dk\/wp-json\/wp\/v2\/media?parent=10384"}],"wp:term":[{"taxonomy":"wpw_page_folders","embeddable":true,"href":"https:\/\/www.sts-education.com\/dk\/wp-json\/wp\/v2\/wpw_page_folders?post=10384"}],"curies":[{"name":"wp","href":"https:\/\/api.w.org\/{rel}","templated":true}]}}